{"id":225312,"date":"2025-12-17T15:12:37","date_gmt":"2025-12-17T14:12:37","guid":{"rendered":"https:\/\/shop.bantam.ch\/produit\/panneau-solaire-antarion-kit-black-booster\/"},"modified":"2026-04-22T02:20:04","modified_gmt":"2026-04-22T00:20:04","slug":"panneau-solaire-antarion-kit-black-booster","status":"publish","type":"product","link":"https:\/\/shop.bantam.ch\/fr\/produit\/panneau-solaire-antarion-kit-black-booster\/","title":{"rendered":"Panneau solaire ANTARION Kit Black Booster"},"content":{"rendered":"<p>Panneaux solaires \u00e0 haut rendement \u00e9quip\u00e9s de cellules SUNPOWER, la technologie de production solaire la plus efficace sur le march\u00e9.<br \/>\nCes cellules de tr\u00e8s haute qualit\u00e9 permettent d&rsquo;obtenir un rendement jusqu&rsquo;\u00e0 35% sup\u00e9rieur \u00e0 celui d&rsquo;un panneau traditionnel.<br \/>\nDe plus, avec une dur\u00e9e de vie pouvant atteindre 25 ans sans perte de puissance, ces cellules ont une long\u00e9vit\u00e9 in\u00e9gal\u00e9e !<\/p>\n<p>Caract\u00e9ristiques :<\/p>\n<ul>\n<li>Gamme de modules solaires avec cellules SUNPOWER.<\/li>\n<li>Modules livr\u00e9s sous forme de kit de montage ultra-complet avec un r\u00e9gulateur de charge MPPT ANTARION et 5 m de c\u00e2blage.<\/li>\n<li>Pattes de fixation stri\u00e9es en aluminium anodis\u00e9 pour am\u00e9liorer l&rsquo;adh\u00e9rence du panneau lors du collage sur le toit.<\/li>\n<li>Bo\u00eete de jonction \u00e9tanche \u00e0 l&rsquo;eau pour un haut niveau de s\u00e9curit\u00e9.<\/li>\n<li>Diodes de d\u00e9rivation haute performance pour minimiser la baisse de puissance en cas de faible ensoleillement.<\/li>\n<li>Protection en verre sp\u00e9cialement tremp\u00e9 pour r\u00e9sister aux intemp\u00e9ries.<\/li>\n<li>Connexion en s\u00e9rie ou en parall\u00e8le possible et illimit\u00e9e.<\/li>\n<li>Livr\u00e9 avec 5m de c\u00e2ble d&rsquo;une section de 4mm\u00b2.<\/li>\n<\/ul>\n<p>&nbsp;<\/p>\n","protected":false},"excerpt":{"rendered":"<p>Panneaux solaires \u00e0 haut rendement \u00e9quip\u00e9s de cellules SUNPOWER, la technologie de production solaire la plus efficace sur le march\u00e9. Ces cellules de tr\u00e8s haute qualit\u00e9 permettent d&rsquo;obtenir un rendement jusqu&rsquo;\u00e0 35% sup\u00e9rieur \u00e0 celui d&rsquo;un panneau traditionnel. De plus, avec une dur\u00e9e de vie pouvant atteindre 25 ans sans perte de puissance, ces cellules [&hellip;]<\/p>\n","protected":false},"featured_media":225310,"template":"","meta":{"_acf_changed":false},"product_featured_cat":[],"product_brand":[],"product_cat":[4879],"product_tag":[],"class_list":{"0":"post-225312","1":"product","2":"type-product","3":"status-publish","4":"has-post-thumbnail","6":"product_cat-kits-solaires","8":"first","9":"instock","10":"taxable","11":"shipping-taxable","12":"purchasable","13":"product-type-variable"},"acf":[],"yoast_head":"<!-- This site is optimized with the Yoast SEO plugin v27.4 - https:\/\/yoast.com\/product\/yoast-seo-wordpress\/ -->\n<title>Panneau solaire ANTARION Kit Black Booster - Bantam Wankm\u00fcller SA<\/title>\n<meta name=\"robots\" content=\"index, follow, max-snippet:-1, max-image-preview:large, max-video-preview:-1\" \/>\n<link rel=\"canonical\" href=\"https:\/\/shop.bantam.ch\/fr\/produit\/panneau-solaire-antarion-kit-black-booster\/\" \/>\n<meta property=\"og:locale\" content=\"fr_FR\" \/>\n<meta property=\"og:type\" content=\"article\" \/>\n<meta property=\"og:title\" content=\"Panneau solaire ANTARION Kit Black Booster - Bantam Wankm\u00fcller SA\" \/>\n<meta property=\"og:description\" content=\"Panneaux solaires \u00e0 haut rendement \u00e9quip\u00e9s de cellules SUNPOWER, la technologie de production solaire la plus efficace sur le march\u00e9. Ces cellules de tr\u00e8s haute qualit\u00e9 permettent d&rsquo;obtenir un rendement jusqu&rsquo;\u00e0 35% sup\u00e9rieur \u00e0 celui d&rsquo;un panneau traditionnel. De plus, avec une dur\u00e9e de vie pouvant atteindre 25 ans sans perte de puissance, ces cellules [&hellip;]\" \/>\n<meta property=\"og:url\" content=\"https:\/\/shop.bantam.ch\/fr\/produit\/panneau-solaire-antarion-kit-black-booster\/\" \/>\n<meta property=\"og:site_name\" content=\"Bantam Wankm\u00fcller SA\" \/>\n<meta property=\"article:modified_time\" content=\"2026-04-22T00:20:04+00:00\" \/>\n<meta name=\"twitter:card\" content=\"summary_large_image\" \/>\n<meta name=\"twitter:label1\" content=\"Dur\u00e9e de lecture estim\u00e9e\" \/>\n\t<meta name=\"twitter:data1\" content=\"1 minute\" \/>\n<script type=\"application\/ld+json\" class=\"yoast-schema-graph\">{\"@context\":\"https:\\\/\\\/schema.org\",\"@graph\":[{\"@type\":\"WebPage\",\"@id\":\"https:\\\/\\\/shop.bantam.ch\\\/fr\\\/produit\\\/panneau-solaire-antarion-kit-black-booster\\\/\",\"url\":\"https:\\\/\\\/shop.bantam.ch\\\/fr\\\/produit\\\/panneau-solaire-antarion-kit-black-booster\\\/\",\"name\":\"Panneau solaire ANTARION Kit Black Booster - Bantam Wankm\u00fcller SA\",\"isPartOf\":{\"@id\":\"https:\\\/\\\/shop.bantam.ch\\\/fr\\\/#website\"},\"primaryImageOfPage\":{\"@id\":\"https:\\\/\\\/shop.bantam.ch\\\/fr\\\/produit\\\/panneau-solaire-antarion-kit-black-booster\\\/#primaryimage\"},\"image\":{\"@id\":\"https:\\\/\\\/shop.bantam.ch\\\/fr\\\/produit\\\/panneau-solaire-antarion-kit-black-booster\\\/#primaryimage\"},\"thumbnailUrl\":\"https:\\\/\\\/shop.bantam.ch\\\/wp-content\\\/uploads\\\/2025\\\/12\\\/Movera-L-0107287100.jpg\",\"datePublished\":\"2025-12-17T14:12:37+00:00\",\"dateModified\":\"2026-04-22T00:20:04+00:00\",\"breadcrumb\":{\"@id\":\"https:\\\/\\\/shop.bantam.ch\\\/fr\\\/produit\\\/panneau-solaire-antarion-kit-black-booster\\\/#breadcrumb\"},\"inLanguage\":\"fr-FR\",\"potentialAction\":[{\"@type\":\"ReadAction\",\"target\":[\"https:\\\/\\\/shop.bantam.ch\\\/fr\\\/produit\\\/panneau-solaire-antarion-kit-black-booster\\\/\"]}]},{\"@type\":\"ImageObject\",\"inLanguage\":\"fr-FR\",\"@id\":\"https:\\\/\\\/shop.bantam.ch\\\/fr\\\/produit\\\/panneau-solaire-antarion-kit-black-booster\\\/#primaryimage\",\"url\":\"https:\\\/\\\/shop.bantam.ch\\\/wp-content\\\/uploads\\\/2025\\\/12\\\/Movera-L-0107287100.jpg\",\"contentUrl\":\"https:\\\/\\\/shop.bantam.ch\\\/wp-content\\\/uploads\\\/2025\\\/12\\\/Movera-L-0107287100.jpg\",\"width\":640,\"height\":640},{\"@type\":\"BreadcrumbList\",\"@id\":\"https:\\\/\\\/shop.bantam.ch\\\/fr\\\/produit\\\/panneau-solaire-antarion-kit-black-booster\\\/#breadcrumb\",\"itemListElement\":[{\"@type\":\"ListItem\",\"position\":1,\"name\":\"Accueil\",\"item\":\"https:\\\/\\\/shop.bantam.ch\\\/fr\\\/\"},{\"@type\":\"ListItem\",\"position\":2,\"name\":\"Boutique\",\"item\":\"https:\\\/\\\/shop.bantam.ch\\\/fr\\\/boutique\\\/\"},{\"@type\":\"ListItem\",\"position\":3,\"name\":\"Panneau solaire ANTARION Kit Black Booster\"}]},{\"@type\":\"WebSite\",\"@id\":\"https:\\\/\\\/shop.bantam.ch\\\/fr\\\/#website\",\"url\":\"https:\\\/\\\/shop.bantam.ch\\\/fr\\\/\",\"name\":\"Bantam Wankm\u00fcller SA\",\"description\":\"\",\"publisher\":{\"@id\":\"https:\\\/\\\/shop.bantam.ch\\\/fr\\\/#organization\"},\"inLanguage\":\"fr-FR\"},{\"@type\":\"Organization\",\"@id\":\"https:\\\/\\\/shop.bantam.ch\\\/fr\\\/#organization\",\"name\":\"Bantam Wankm\u00fcller SA\",\"url\":\"https:\\\/\\\/shop.bantam.ch\\\/fr\\\/\",\"logo\":{\"@type\":\"ImageObject\",\"inLanguage\":\"fr-FR\",\"@id\":\"https:\\\/\\\/shop.bantam.ch\\\/fr\\\/#\\\/schema\\\/logo\\\/image\\\/\",\"url\":\"https:\\\/\\\/shop.bantam.ch\\\/wp-content\\\/uploads\\\/2022\\\/12\\\/bantam-logo.png\",\"contentUrl\":\"https:\\\/\\\/shop.bantam.ch\\\/wp-content\\\/uploads\\\/2022\\\/12\\\/bantam-logo.png\",\"width\":320,\"height\":71,\"caption\":\"Bantam Wankm\u00fcller SA\"},\"image\":{\"@id\":\"https:\\\/\\\/shop.bantam.ch\\\/fr\\\/#\\\/schema\\\/logo\\\/image\\\/\"}}]}<\/script>\n<!-- \/ Yoast SEO plugin. -->","yoast_head_json":{"title":"Panneau solaire ANTARION Kit Black Booster - Bantam Wankm\u00fcller SA","robots":{"index":"index","follow":"follow","max-snippet":"max-snippet:-1","max-image-preview":"max-image-preview:large","max-video-preview":"max-video-preview:-1"},"canonical":"https:\/\/shop.bantam.ch\/fr\/produit\/panneau-solaire-antarion-kit-black-booster\/","og_locale":"fr_FR","og_type":"article","og_title":"Panneau solaire ANTARION Kit Black Booster - Bantam Wankm\u00fcller SA","og_description":"Panneaux solaires \u00e0 haut rendement \u00e9quip\u00e9s de cellules SUNPOWER, la technologie de production solaire la plus efficace sur le march\u00e9. Ces cellules de tr\u00e8s haute qualit\u00e9 permettent d&rsquo;obtenir un rendement jusqu&rsquo;\u00e0 35% sup\u00e9rieur \u00e0 celui d&rsquo;un panneau traditionnel. De plus, avec une dur\u00e9e de vie pouvant atteindre 25 ans sans perte de puissance, ces cellules [&hellip;]","og_url":"https:\/\/shop.bantam.ch\/fr\/produit\/panneau-solaire-antarion-kit-black-booster\/","og_site_name":"Bantam Wankm\u00fcller SA","article_modified_time":"2026-04-22T00:20:04+00:00","twitter_card":"summary_large_image","twitter_misc":{"Dur\u00e9e de lecture estim\u00e9e":"1 minute"},"schema":{"@context":"https:\/\/schema.org","@graph":[{"@type":"WebPage","@id":"https:\/\/shop.bantam.ch\/fr\/produit\/panneau-solaire-antarion-kit-black-booster\/","url":"https:\/\/shop.bantam.ch\/fr\/produit\/panneau-solaire-antarion-kit-black-booster\/","name":"Panneau solaire ANTARION Kit Black Booster - Bantam Wankm\u00fcller SA","isPartOf":{"@id":"https:\/\/shop.bantam.ch\/fr\/#website"},"primaryImageOfPage":{"@id":"https:\/\/shop.bantam.ch\/fr\/produit\/panneau-solaire-antarion-kit-black-booster\/#primaryimage"},"image":{"@id":"https:\/\/shop.bantam.ch\/fr\/produit\/panneau-solaire-antarion-kit-black-booster\/#primaryimage"},"thumbnailUrl":"https:\/\/shop.bantam.ch\/wp-content\/uploads\/2025\/12\/Movera-L-0107287100.jpg","datePublished":"2025-12-17T14:12:37+00:00","dateModified":"2026-04-22T00:20:04+00:00","breadcrumb":{"@id":"https:\/\/shop.bantam.ch\/fr\/produit\/panneau-solaire-antarion-kit-black-booster\/#breadcrumb"},"inLanguage":"fr-FR","potentialAction":[{"@type":"ReadAction","target":["https:\/\/shop.bantam.ch\/fr\/produit\/panneau-solaire-antarion-kit-black-booster\/"]}]},{"@type":"ImageObject","inLanguage":"fr-FR","@id":"https:\/\/shop.bantam.ch\/fr\/produit\/panneau-solaire-antarion-kit-black-booster\/#primaryimage","url":"https:\/\/shop.bantam.ch\/wp-content\/uploads\/2025\/12\/Movera-L-0107287100.jpg","contentUrl":"https:\/\/shop.bantam.ch\/wp-content\/uploads\/2025\/12\/Movera-L-0107287100.jpg","width":640,"height":640},{"@type":"BreadcrumbList","@id":"https:\/\/shop.bantam.ch\/fr\/produit\/panneau-solaire-antarion-kit-black-booster\/#breadcrumb","itemListElement":[{"@type":"ListItem","position":1,"name":"Accueil","item":"https:\/\/shop.bantam.ch\/fr\/"},{"@type":"ListItem","position":2,"name":"Boutique","item":"https:\/\/shop.bantam.ch\/fr\/boutique\/"},{"@type":"ListItem","position":3,"name":"Panneau solaire ANTARION Kit Black Booster"}]},{"@type":"WebSite","@id":"https:\/\/shop.bantam.ch\/fr\/#website","url":"https:\/\/shop.bantam.ch\/fr\/","name":"Bantam Wankm\u00fcller SA","description":"","publisher":{"@id":"https:\/\/shop.bantam.ch\/fr\/#organization"},"inLanguage":"fr-FR"},{"@type":"Organization","@id":"https:\/\/shop.bantam.ch\/fr\/#organization","name":"Bantam Wankm\u00fcller SA","url":"https:\/\/shop.bantam.ch\/fr\/","logo":{"@type":"ImageObject","inLanguage":"fr-FR","@id":"https:\/\/shop.bantam.ch\/fr\/#\/schema\/logo\/image\/","url":"https:\/\/shop.bantam.ch\/wp-content\/uploads\/2022\/12\/bantam-logo.png","contentUrl":"https:\/\/shop.bantam.ch\/wp-content\/uploads\/2022\/12\/bantam-logo.png","width":320,"height":71,"caption":"Bantam Wankm\u00fcller SA"},"image":{"@id":"https:\/\/shop.bantam.ch\/fr\/#\/schema\/logo\/image\/"}}]}},"_links":{"self":[{"href":"https:\/\/shop.bantam.ch\/fr\/wp-json\/wp\/v2\/product\/225312","targetHints":{"allow":["GET"]}}],"collection":[{"href":"https:\/\/shop.bantam.ch\/fr\/wp-json\/wp\/v2\/product"}],"about":[{"href":"https:\/\/shop.bantam.ch\/fr\/wp-json\/wp\/v2\/types\/product"}],"wp:featuredmedia":[{"embeddable":true,"href":"https:\/\/shop.bantam.ch\/fr\/wp-json\/wp\/v2\/media\/225310"}],"wp:attachment":[{"href":"https:\/\/shop.bantam.ch\/fr\/wp-json\/wp\/v2\/media?parent=225312"}],"wp:term":[{"taxonomy":"product_featured_cat","embeddable":true,"href":"https:\/\/shop.bantam.ch\/fr\/wp-json\/wp\/v2\/product_featured_cat?post=225312"},{"taxonomy":"product_brand","embeddable":true,"href":"https:\/\/shop.bantam.ch\/fr\/wp-json\/wp\/v2\/product_brand?post=225312"},{"taxonomy":"product_cat","embeddable":true,"href":"https:\/\/shop.bantam.ch\/fr\/wp-json\/wp\/v2\/product_cat?post=225312"},{"taxonomy":"product_tag","embeddable":true,"href":"https:\/\/shop.bantam.ch\/fr\/wp-json\/wp\/v2\/product_tag?post=225312"}],"curies":[{"name":"wp","href":"https:\/\/api.w.org\/{rel}","templated":true}]}}