{"id":225170,"date":"2025-12-17T15:09:04","date_gmt":"2025-12-17T14:09:04","guid":{"rendered":"https:\/\/shop.bantam.ch\/produit\/chaise-cr-ap-740-tc-56-gris\/"},"modified":"2026-04-18T23:44:09","modified_gmt":"2026-04-18T21:44:09","slug":"chaise-cr-ap-740-tc-56-gris","status":"publish","type":"product","link":"https:\/\/shop.bantam.ch\/fr\/produit\/chaise-cr-ap-740-tc-56-gris\/","title":{"rendered":"Chaise CR AP\/740-TC-56, gris"},"content":{"rendered":"<p>Une chaise pliante r\u00e9glable tr\u00e8s luxueuse, confortable et stable. Particuli\u00e8rement confortable gr\u00e2ce au rembourrage luxueux Tex-Comfort. Le tissu r\u00e9sistant \u00e0 l&rsquo;eau est tr\u00e8s facile \u00e0 entretenir et particuli\u00e8rement r\u00e9sistant \u00e0 la d\u00e9coloration par le soleil. De plus, la housse est amovible et donc facile \u00e0 laver. Un confort maximal gr\u00e2ce au dossier r\u00e9glable en 7 positions et \u00e0 l&rsquo;appuie-t\u00eate r\u00e9glable en continu. Tant le dossier que l&rsquo;assise et les accoudoirs ont une forme ergonomique. Son design et ses embouts de pied rendent cette chaise pliante particuli\u00e8rement stable. De plus, cette luxueuse chaise pliante est dot\u00e9e d&rsquo;un syst\u00e8me de verrouillage de s\u00e9curit\u00e9 pour une stabilit\u00e9 et une s\u00e9curit\u00e9 exceptionnelles. Tr\u00e8s compacte et facile \u00e0 transporter. Cette chaise se range parfaitement dans le sac de transport fourni. Qualit\u00e9 exceptionnelle. Avec label de qualit\u00e9 T\u00dcV.<\/p>\n<p>Mat\u00e9riaux :<\/p>\n<p>Housse : 100 % polyester<\/p>\n<p>Structure : aluminium<\/p><\/p>\n","protected":false},"excerpt":{"rendered":"<p>Une chaise pliante r\u00e9glable tr\u00e8s luxueuse, confortable et stable. Particuli\u00e8rement confortable gr\u00e2ce au rembourrage luxueux Tex-Comfort. Le tissu r\u00e9sistant \u00e0 l&rsquo;eau est tr\u00e8s facile \u00e0 entretenir et particuli\u00e8rement r\u00e9sistant \u00e0 la d\u00e9coloration par le soleil. De plus, la housse est amovible et donc facile \u00e0 laver. Un confort maximal gr\u00e2ce au dossier r\u00e9glable en 7 [&hellip;]<\/p>\n","protected":false},"featured_media":225160,"template":"","meta":{"_acf_changed":false},"product_featured_cat":[],"product_brand":[],"product_cat":[4971],"product_tag":[],"class_list":{"0":"post-225170","1":"product","2":"type-product","3":"status-publish","4":"has-post-thumbnail","6":"product_cat-chaises-de-camping","8":"first","9":"instock","10":"taxable","11":"shipping-taxable","12":"purchasable","13":"product-type-simple"},"acf":[],"yoast_head":"<!-- This site is optimized with the Yoast SEO plugin v27.4 - https:\/\/yoast.com\/product\/yoast-seo-wordpress\/ -->\n<title>Chaise CR AP\/740-TC-56, gris - Bantam Wankm\u00fcller SA<\/title>\n<meta name=\"robots\" content=\"index, follow, max-snippet:-1, max-image-preview:large, max-video-preview:-1\" \/>\n<link rel=\"canonical\" href=\"https:\/\/shop.bantam.ch\/fr\/produit\/chaise-cr-ap-740-tc-56-gris\/\" \/>\n<meta property=\"og:locale\" content=\"fr_FR\" \/>\n<meta property=\"og:type\" content=\"article\" \/>\n<meta property=\"og:title\" content=\"Chaise CR AP\/740-TC-56, gris - Bantam Wankm\u00fcller SA\" \/>\n<meta property=\"og:description\" content=\"Une chaise pliante r\u00e9glable tr\u00e8s luxueuse, confortable et stable. Particuli\u00e8rement confortable gr\u00e2ce au rembourrage luxueux Tex-Comfort. Le tissu r\u00e9sistant \u00e0 l&rsquo;eau est tr\u00e8s facile \u00e0 entretenir et particuli\u00e8rement r\u00e9sistant \u00e0 la d\u00e9coloration par le soleil. De plus, la housse est amovible et donc facile \u00e0 laver. Un confort maximal gr\u00e2ce au dossier r\u00e9glable en 7 [&hellip;]\" \/>\n<meta property=\"og:url\" content=\"https:\/\/shop.bantam.ch\/fr\/produit\/chaise-cr-ap-740-tc-56-gris\/\" \/>\n<meta property=\"og:site_name\" content=\"Bantam Wankm\u00fcller SA\" \/>\n<meta property=\"article:modified_time\" content=\"2026-04-18T21:44:09+00:00\" \/>\n<meta name=\"twitter:card\" content=\"summary_large_image\" \/>\n<meta name=\"twitter:label1\" content=\"Dur\u00e9e de lecture estim\u00e9e\" \/>\n\t<meta name=\"twitter:data1\" content=\"1 minute\" \/>\n<script type=\"application\/ld+json\" class=\"yoast-schema-graph\">{\"@context\":\"https:\\\/\\\/schema.org\",\"@graph\":[{\"@type\":\"WebPage\",\"@id\":\"https:\\\/\\\/shop.bantam.ch\\\/fr\\\/produit\\\/chaise-cr-ap-740-tc-56-gris\\\/\",\"url\":\"https:\\\/\\\/shop.bantam.ch\\\/fr\\\/produit\\\/chaise-cr-ap-740-tc-56-gris\\\/\",\"name\":\"Chaise CR AP\\\/740-TC-56, gris - Bantam Wankm\u00fcller SA\",\"isPartOf\":{\"@id\":\"https:\\\/\\\/shop.bantam.ch\\\/fr\\\/#website\"},\"primaryImageOfPage\":{\"@id\":\"https:\\\/\\\/shop.bantam.ch\\\/fr\\\/produit\\\/chaise-cr-ap-740-tc-56-gris\\\/#primaryimage\"},\"image\":{\"@id\":\"https:\\\/\\\/shop.bantam.ch\\\/fr\\\/produit\\\/chaise-cr-ap-740-tc-56-gris\\\/#primaryimage\"},\"thumbnailUrl\":\"https:\\\/\\\/shop.bantam.ch\\\/wp-content\\\/uploads\\\/2025\\\/12\\\/Movera-L-9962419100.jpg\",\"datePublished\":\"2025-12-17T14:09:04+00:00\",\"dateModified\":\"2026-04-18T21:44:09+00:00\",\"breadcrumb\":{\"@id\":\"https:\\\/\\\/shop.bantam.ch\\\/fr\\\/produit\\\/chaise-cr-ap-740-tc-56-gris\\\/#breadcrumb\"},\"inLanguage\":\"fr-FR\",\"potentialAction\":[{\"@type\":\"ReadAction\",\"target\":[\"https:\\\/\\\/shop.bantam.ch\\\/fr\\\/produit\\\/chaise-cr-ap-740-tc-56-gris\\\/\"]}]},{\"@type\":\"ImageObject\",\"inLanguage\":\"fr-FR\",\"@id\":\"https:\\\/\\\/shop.bantam.ch\\\/fr\\\/produit\\\/chaise-cr-ap-740-tc-56-gris\\\/#primaryimage\",\"url\":\"https:\\\/\\\/shop.bantam.ch\\\/wp-content\\\/uploads\\\/2025\\\/12\\\/Movera-L-9962419100.jpg\",\"contentUrl\":\"https:\\\/\\\/shop.bantam.ch\\\/wp-content\\\/uploads\\\/2025\\\/12\\\/Movera-L-9962419100.jpg\",\"width\":640,\"height\":807},{\"@type\":\"BreadcrumbList\",\"@id\":\"https:\\\/\\\/shop.bantam.ch\\\/fr\\\/produit\\\/chaise-cr-ap-740-tc-56-gris\\\/#breadcrumb\",\"itemListElement\":[{\"@type\":\"ListItem\",\"position\":1,\"name\":\"Accueil\",\"item\":\"https:\\\/\\\/shop.bantam.ch\\\/fr\\\/\"},{\"@type\":\"ListItem\",\"position\":2,\"name\":\"Boutique\",\"item\":\"https:\\\/\\\/shop.bantam.ch\\\/fr\\\/boutique\\\/\"},{\"@type\":\"ListItem\",\"position\":3,\"name\":\"Chaise CR AP\\\/740-TC-56, gris\"}]},{\"@type\":\"WebSite\",\"@id\":\"https:\\\/\\\/shop.bantam.ch\\\/fr\\\/#website\",\"url\":\"https:\\\/\\\/shop.bantam.ch\\\/fr\\\/\",\"name\":\"Bantam Wankm\u00fcller SA\",\"description\":\"\",\"publisher\":{\"@id\":\"https:\\\/\\\/shop.bantam.ch\\\/fr\\\/#organization\"},\"inLanguage\":\"fr-FR\"},{\"@type\":\"Organization\",\"@id\":\"https:\\\/\\\/shop.bantam.ch\\\/fr\\\/#organization\",\"name\":\"Bantam Wankm\u00fcller SA\",\"url\":\"https:\\\/\\\/shop.bantam.ch\\\/fr\\\/\",\"logo\":{\"@type\":\"ImageObject\",\"inLanguage\":\"fr-FR\",\"@id\":\"https:\\\/\\\/shop.bantam.ch\\\/fr\\\/#\\\/schema\\\/logo\\\/image\\\/\",\"url\":\"https:\\\/\\\/shop.bantam.ch\\\/wp-content\\\/uploads\\\/2022\\\/12\\\/bantam-logo.png\",\"contentUrl\":\"https:\\\/\\\/shop.bantam.ch\\\/wp-content\\\/uploads\\\/2022\\\/12\\\/bantam-logo.png\",\"width\":320,\"height\":71,\"caption\":\"Bantam Wankm\u00fcller SA\"},\"image\":{\"@id\":\"https:\\\/\\\/shop.bantam.ch\\\/fr\\\/#\\\/schema\\\/logo\\\/image\\\/\"}}]}<\/script>\n<!-- \/ Yoast SEO plugin. -->","yoast_head_json":{"title":"Chaise CR AP\/740-TC-56, gris - Bantam Wankm\u00fcller SA","robots":{"index":"index","follow":"follow","max-snippet":"max-snippet:-1","max-image-preview":"max-image-preview:large","max-video-preview":"max-video-preview:-1"},"canonical":"https:\/\/shop.bantam.ch\/fr\/produit\/chaise-cr-ap-740-tc-56-gris\/","og_locale":"fr_FR","og_type":"article","og_title":"Chaise CR AP\/740-TC-56, gris - Bantam Wankm\u00fcller SA","og_description":"Une chaise pliante r\u00e9glable tr\u00e8s luxueuse, confortable et stable. Particuli\u00e8rement confortable gr\u00e2ce au rembourrage luxueux Tex-Comfort. Le tissu r\u00e9sistant \u00e0 l&rsquo;eau est tr\u00e8s facile \u00e0 entretenir et particuli\u00e8rement r\u00e9sistant \u00e0 la d\u00e9coloration par le soleil. De plus, la housse est amovible et donc facile \u00e0 laver. Un confort maximal gr\u00e2ce au dossier r\u00e9glable en 7 [&hellip;]","og_url":"https:\/\/shop.bantam.ch\/fr\/produit\/chaise-cr-ap-740-tc-56-gris\/","og_site_name":"Bantam Wankm\u00fcller SA","article_modified_time":"2026-04-18T21:44:09+00:00","twitter_card":"summary_large_image","twitter_misc":{"Dur\u00e9e de lecture estim\u00e9e":"1 minute"},"schema":{"@context":"https:\/\/schema.org","@graph":[{"@type":"WebPage","@id":"https:\/\/shop.bantam.ch\/fr\/produit\/chaise-cr-ap-740-tc-56-gris\/","url":"https:\/\/shop.bantam.ch\/fr\/produit\/chaise-cr-ap-740-tc-56-gris\/","name":"Chaise CR AP\/740-TC-56, gris - Bantam Wankm\u00fcller SA","isPartOf":{"@id":"https:\/\/shop.bantam.ch\/fr\/#website"},"primaryImageOfPage":{"@id":"https:\/\/shop.bantam.ch\/fr\/produit\/chaise-cr-ap-740-tc-56-gris\/#primaryimage"},"image":{"@id":"https:\/\/shop.bantam.ch\/fr\/produit\/chaise-cr-ap-740-tc-56-gris\/#primaryimage"},"thumbnailUrl":"https:\/\/shop.bantam.ch\/wp-content\/uploads\/2025\/12\/Movera-L-9962419100.jpg","datePublished":"2025-12-17T14:09:04+00:00","dateModified":"2026-04-18T21:44:09+00:00","breadcrumb":{"@id":"https:\/\/shop.bantam.ch\/fr\/produit\/chaise-cr-ap-740-tc-56-gris\/#breadcrumb"},"inLanguage":"fr-FR","potentialAction":[{"@type":"ReadAction","target":["https:\/\/shop.bantam.ch\/fr\/produit\/chaise-cr-ap-740-tc-56-gris\/"]}]},{"@type":"ImageObject","inLanguage":"fr-FR","@id":"https:\/\/shop.bantam.ch\/fr\/produit\/chaise-cr-ap-740-tc-56-gris\/#primaryimage","url":"https:\/\/shop.bantam.ch\/wp-content\/uploads\/2025\/12\/Movera-L-9962419100.jpg","contentUrl":"https:\/\/shop.bantam.ch\/wp-content\/uploads\/2025\/12\/Movera-L-9962419100.jpg","width":640,"height":807},{"@type":"BreadcrumbList","@id":"https:\/\/shop.bantam.ch\/fr\/produit\/chaise-cr-ap-740-tc-56-gris\/#breadcrumb","itemListElement":[{"@type":"ListItem","position":1,"name":"Accueil","item":"https:\/\/shop.bantam.ch\/fr\/"},{"@type":"ListItem","position":2,"name":"Boutique","item":"https:\/\/shop.bantam.ch\/fr\/boutique\/"},{"@type":"ListItem","position":3,"name":"Chaise CR AP\/740-TC-56, gris"}]},{"@type":"WebSite","@id":"https:\/\/shop.bantam.ch\/fr\/#website","url":"https:\/\/shop.bantam.ch\/fr\/","name":"Bantam Wankm\u00fcller SA","description":"","publisher":{"@id":"https:\/\/shop.bantam.ch\/fr\/#organization"},"inLanguage":"fr-FR"},{"@type":"Organization","@id":"https:\/\/shop.bantam.ch\/fr\/#organization","name":"Bantam Wankm\u00fcller SA","url":"https:\/\/shop.bantam.ch\/fr\/","logo":{"@type":"ImageObject","inLanguage":"fr-FR","@id":"https:\/\/shop.bantam.ch\/fr\/#\/schema\/logo\/image\/","url":"https:\/\/shop.bantam.ch\/wp-content\/uploads\/2022\/12\/bantam-logo.png","contentUrl":"https:\/\/shop.bantam.ch\/wp-content\/uploads\/2022\/12\/bantam-logo.png","width":320,"height":71,"caption":"Bantam Wankm\u00fcller SA"},"image":{"@id":"https:\/\/shop.bantam.ch\/fr\/#\/schema\/logo\/image\/"}}]}},"_links":{"self":[{"href":"https:\/\/shop.bantam.ch\/fr\/wp-json\/wp\/v2\/product\/225170","targetHints":{"allow":["GET"]}}],"collection":[{"href":"https:\/\/shop.bantam.ch\/fr\/wp-json\/wp\/v2\/product"}],"about":[{"href":"https:\/\/shop.bantam.ch\/fr\/wp-json\/wp\/v2\/types\/product"}],"wp:featuredmedia":[{"embeddable":true,"href":"https:\/\/shop.bantam.ch\/fr\/wp-json\/wp\/v2\/media\/225160"}],"wp:attachment":[{"href":"https:\/\/shop.bantam.ch\/fr\/wp-json\/wp\/v2\/media?parent=225170"}],"wp:term":[{"taxonomy":"product_featured_cat","embeddable":true,"href":"https:\/\/shop.bantam.ch\/fr\/wp-json\/wp\/v2\/product_featured_cat?post=225170"},{"taxonomy":"product_brand","embeddable":true,"href":"https:\/\/shop.bantam.ch\/fr\/wp-json\/wp\/v2\/product_brand?post=225170"},{"taxonomy":"product_cat","embeddable":true,"href":"https:\/\/shop.bantam.ch\/fr\/wp-json\/wp\/v2\/product_cat?post=225170"},{"taxonomy":"product_tag","embeddable":true,"href":"https:\/\/shop.bantam.ch\/fr\/wp-json\/wp\/v2\/product_tag?post=225170"}],"curies":[{"name":"wp","href":"https:\/\/api.w.org\/{rel}","templated":true}]}}