{"id":225136,"date":"2025-12-17T15:08:25","date_gmt":"2025-12-17T14:08:25","guid":{"rendered":"https:\/\/shop.bantam.ch\/produit\/insektenschutz-ballistol-stichfrei-sensitive-pump-spray-100-ml\/"},"modified":"2026-04-17T23:40:41","modified_gmt":"2026-04-17T21:40:41","slug":"insektenschutz-ballistol-stichfrei-sensitive-pump-spray-100-ml","status":"publish","type":"product","link":"https:\/\/shop.bantam.ch\/fr\/produit\/insektenschutz-ballistol-stichfrei-sensitive-pump-spray-100-ml\/","title":{"rendered":"Insektenschutz BALLISTOL Stichfrei Sensitive Pump-Spray, 100 ml"},"content":{"rendered":"<p>Prot\u00e8ge contre les moustiques, les tiques, les taons, les moustiques tigres, les moustiques, les acariens de l&rsquo;herbe, les mouches mopane.<br \/>\nCaract\u00e9ristiques :<\/p>\n<ul>\n<li>Prot\u00e8ge jusqu&rsquo;\u00e0 8 heures.<\/li>\n<li>Principe actif : combinaison de 20 % d&rsquo;icaridine et d&rsquo;huiles essentielles.<\/li>\n<li>Convient aux voyages lointains et aux tropiques<\/li>\n<li>Utilisable \u00e9galement pendant la grossesse ou l&rsquo;allaitement<\/li>\n<li>Donne une agr\u00e9able sensation de l\u00e9g\u00e8ret\u00e9 sur la peau<\/li>\n<li>Agr\u00e9able parfum d&rsquo;agrumes<\/li>\n<li>Ne laisse pas de taches sur les textiles et ne colle pas<\/li>\n<li>Ingr\u00e9dients de haute qualit\u00e9, facilement d\u00e9gradables<\/li>\n<li>Exempt d&rsquo;huiles animales<\/li>\n<li>Application \/ Conseil pratique :<\/li>\n<li>Vaporiser sur la peau \u00e0 une distance d&rsquo;environ 15 cm sans laisser d&rsquo;espace, m\u00eame sous des v\u00eatements fins. R\u00e9p\u00e9ter l&rsquo;application si l&rsquo;effet diminue. \u00c9viter le contact avec les yeux.<\/li>\n<\/ul>\n","protected":false},"excerpt":{"rendered":"<p>Prot\u00e8ge contre les moustiques, les tiques, les taons, les moustiques tigres, les moustiques, les acariens de l&rsquo;herbe, les mouches mopane. Caract\u00e9ristiques : Prot\u00e8ge jusqu&rsquo;\u00e0 8 heures. Principe actif : combinaison de 20 % d&rsquo;icaridine et d&rsquo;huiles essentielles. Convient aux voyages lointains et aux tropiques Utilisable \u00e9galement pendant la grossesse ou l&rsquo;allaitement Donne une agr\u00e9able sensation [&hellip;]<\/p>\n","protected":false},"featured_media":225134,"template":"","meta":{"_acf_changed":false},"product_featured_cat":[],"product_brand":[],"product_cat":[4027],"product_tag":[],"class_list":{"0":"post-225136","1":"product","2":"type-product","3":"status-publish","4":"has-post-thumbnail","6":"product_cat-moustiquaires","8":"first","9":"instock","10":"taxable","11":"shipping-taxable","12":"purchasable","13":"product-type-simple"},"acf":[],"yoast_head":"<!-- This site is optimized with the Yoast SEO plugin v27.4 - https:\/\/yoast.com\/product\/yoast-seo-wordpress\/ -->\n<title>Insektenschutz BALLISTOL Stichfrei Sensitive Pump-Spray, 100 ml - Bantam Wankm\u00fcller SA<\/title>\n<meta name=\"robots\" content=\"index, follow, max-snippet:-1, max-image-preview:large, max-video-preview:-1\" \/>\n<link rel=\"canonical\" href=\"https:\/\/shop.bantam.ch\/fr\/produit\/insektenschutz-ballistol-stichfrei-sensitive-pump-spray-100-ml\/\" \/>\n<meta property=\"og:locale\" content=\"fr_FR\" \/>\n<meta property=\"og:type\" content=\"article\" \/>\n<meta property=\"og:title\" content=\"Insektenschutz BALLISTOL Stichfrei Sensitive Pump-Spray, 100 ml - Bantam Wankm\u00fcller SA\" \/>\n<meta property=\"og:description\" content=\"Prot\u00e8ge contre les moustiques, les tiques, les taons, les moustiques tigres, les moustiques, les acariens de l&rsquo;herbe, les mouches mopane. Caract\u00e9ristiques : Prot\u00e8ge jusqu&rsquo;\u00e0 8 heures. Principe actif : combinaison de 20 % d&rsquo;icaridine et d&rsquo;huiles essentielles. Convient aux voyages lointains et aux tropiques Utilisable \u00e9galement pendant la grossesse ou l&rsquo;allaitement Donne une agr\u00e9able sensation [&hellip;]\" \/>\n<meta property=\"og:url\" content=\"https:\/\/shop.bantam.ch\/fr\/produit\/insektenschutz-ballistol-stichfrei-sensitive-pump-spray-100-ml\/\" \/>\n<meta property=\"og:site_name\" content=\"Bantam Wankm\u00fcller SA\" \/>\n<meta property=\"article:modified_time\" content=\"2026-04-17T21:40:41+00:00\" \/>\n<meta name=\"twitter:card\" content=\"summary_large_image\" \/>\n<meta name=\"twitter:label1\" content=\"Dur\u00e9e de lecture estim\u00e9e\" \/>\n\t<meta name=\"twitter:data1\" content=\"1 minute\" \/>\n<script type=\"application\/ld+json\" class=\"yoast-schema-graph\">{\"@context\":\"https:\\\/\\\/schema.org\",\"@graph\":[{\"@type\":\"WebPage\",\"@id\":\"https:\\\/\\\/shop.bantam.ch\\\/fr\\\/produit\\\/insektenschutz-ballistol-stichfrei-sensitive-pump-spray-100-ml\\\/\",\"url\":\"https:\\\/\\\/shop.bantam.ch\\\/fr\\\/produit\\\/insektenschutz-ballistol-stichfrei-sensitive-pump-spray-100-ml\\\/\",\"name\":\"Insektenschutz BALLISTOL Stichfrei Sensitive Pump-Spray, 100 ml - Bantam Wankm\u00fcller SA\",\"isPartOf\":{\"@id\":\"https:\\\/\\\/shop.bantam.ch\\\/fr\\\/#website\"},\"primaryImageOfPage\":{\"@id\":\"https:\\\/\\\/shop.bantam.ch\\\/fr\\\/produit\\\/insektenschutz-ballistol-stichfrei-sensitive-pump-spray-100-ml\\\/#primaryimage\"},\"image\":{\"@id\":\"https:\\\/\\\/shop.bantam.ch\\\/fr\\\/produit\\\/insektenschutz-ballistol-stichfrei-sensitive-pump-spray-100-ml\\\/#primaryimage\"},\"thumbnailUrl\":\"https:\\\/\\\/shop.bantam.ch\\\/wp-content\\\/uploads\\\/2025\\\/12\\\/Movera-L-9962388100.jpg\",\"datePublished\":\"2025-12-17T14:08:25+00:00\",\"dateModified\":\"2026-04-17T21:40:41+00:00\",\"breadcrumb\":{\"@id\":\"https:\\\/\\\/shop.bantam.ch\\\/fr\\\/produit\\\/insektenschutz-ballistol-stichfrei-sensitive-pump-spray-100-ml\\\/#breadcrumb\"},\"inLanguage\":\"fr-FR\",\"potentialAction\":[{\"@type\":\"ReadAction\",\"target\":[\"https:\\\/\\\/shop.bantam.ch\\\/fr\\\/produit\\\/insektenschutz-ballistol-stichfrei-sensitive-pump-spray-100-ml\\\/\"]}]},{\"@type\":\"ImageObject\",\"inLanguage\":\"fr-FR\",\"@id\":\"https:\\\/\\\/shop.bantam.ch\\\/fr\\\/produit\\\/insektenschutz-ballistol-stichfrei-sensitive-pump-spray-100-ml\\\/#primaryimage\",\"url\":\"https:\\\/\\\/shop.bantam.ch\\\/wp-content\\\/uploads\\\/2025\\\/12\\\/Movera-L-9962388100.jpg\",\"contentUrl\":\"https:\\\/\\\/shop.bantam.ch\\\/wp-content\\\/uploads\\\/2025\\\/12\\\/Movera-L-9962388100.jpg\",\"width\":640,\"height\":360},{\"@type\":\"BreadcrumbList\",\"@id\":\"https:\\\/\\\/shop.bantam.ch\\\/fr\\\/produit\\\/insektenschutz-ballistol-stichfrei-sensitive-pump-spray-100-ml\\\/#breadcrumb\",\"itemListElement\":[{\"@type\":\"ListItem\",\"position\":1,\"name\":\"Accueil\",\"item\":\"https:\\\/\\\/shop.bantam.ch\\\/fr\\\/\"},{\"@type\":\"ListItem\",\"position\":2,\"name\":\"Boutique\",\"item\":\"https:\\\/\\\/shop.bantam.ch\\\/fr\\\/boutique\\\/\"},{\"@type\":\"ListItem\",\"position\":3,\"name\":\"Insektenschutz BALLISTOL Stichfrei Sensitive Pump-Spray, 100 ml\"}]},{\"@type\":\"WebSite\",\"@id\":\"https:\\\/\\\/shop.bantam.ch\\\/fr\\\/#website\",\"url\":\"https:\\\/\\\/shop.bantam.ch\\\/fr\\\/\",\"name\":\"Bantam Wankm\u00fcller SA\",\"description\":\"\",\"publisher\":{\"@id\":\"https:\\\/\\\/shop.bantam.ch\\\/fr\\\/#organization\"},\"inLanguage\":\"fr-FR\"},{\"@type\":\"Organization\",\"@id\":\"https:\\\/\\\/shop.bantam.ch\\\/fr\\\/#organization\",\"name\":\"Bantam Wankm\u00fcller SA\",\"url\":\"https:\\\/\\\/shop.bantam.ch\\\/fr\\\/\",\"logo\":{\"@type\":\"ImageObject\",\"inLanguage\":\"fr-FR\",\"@id\":\"https:\\\/\\\/shop.bantam.ch\\\/fr\\\/#\\\/schema\\\/logo\\\/image\\\/\",\"url\":\"https:\\\/\\\/shop.bantam.ch\\\/wp-content\\\/uploads\\\/2022\\\/12\\\/bantam-logo.png\",\"contentUrl\":\"https:\\\/\\\/shop.bantam.ch\\\/wp-content\\\/uploads\\\/2022\\\/12\\\/bantam-logo.png\",\"width\":320,\"height\":71,\"caption\":\"Bantam Wankm\u00fcller SA\"},\"image\":{\"@id\":\"https:\\\/\\\/shop.bantam.ch\\\/fr\\\/#\\\/schema\\\/logo\\\/image\\\/\"}}]}<\/script>\n<!-- \/ Yoast SEO plugin. -->","yoast_head_json":{"title":"Insektenschutz BALLISTOL Stichfrei Sensitive Pump-Spray, 100 ml - Bantam Wankm\u00fcller SA","robots":{"index":"index","follow":"follow","max-snippet":"max-snippet:-1","max-image-preview":"max-image-preview:large","max-video-preview":"max-video-preview:-1"},"canonical":"https:\/\/shop.bantam.ch\/fr\/produit\/insektenschutz-ballistol-stichfrei-sensitive-pump-spray-100-ml\/","og_locale":"fr_FR","og_type":"article","og_title":"Insektenschutz BALLISTOL Stichfrei Sensitive Pump-Spray, 100 ml - Bantam Wankm\u00fcller SA","og_description":"Prot\u00e8ge contre les moustiques, les tiques, les taons, les moustiques tigres, les moustiques, les acariens de l&rsquo;herbe, les mouches mopane. Caract\u00e9ristiques : Prot\u00e8ge jusqu&rsquo;\u00e0 8 heures. Principe actif : combinaison de 20 % d&rsquo;icaridine et d&rsquo;huiles essentielles. Convient aux voyages lointains et aux tropiques Utilisable \u00e9galement pendant la grossesse ou l&rsquo;allaitement Donne une agr\u00e9able sensation [&hellip;]","og_url":"https:\/\/shop.bantam.ch\/fr\/produit\/insektenschutz-ballistol-stichfrei-sensitive-pump-spray-100-ml\/","og_site_name":"Bantam Wankm\u00fcller SA","article_modified_time":"2026-04-17T21:40:41+00:00","twitter_card":"summary_large_image","twitter_misc":{"Dur\u00e9e de lecture estim\u00e9e":"1 minute"},"schema":{"@context":"https:\/\/schema.org","@graph":[{"@type":"WebPage","@id":"https:\/\/shop.bantam.ch\/fr\/produit\/insektenschutz-ballistol-stichfrei-sensitive-pump-spray-100-ml\/","url":"https:\/\/shop.bantam.ch\/fr\/produit\/insektenschutz-ballistol-stichfrei-sensitive-pump-spray-100-ml\/","name":"Insektenschutz BALLISTOL Stichfrei Sensitive Pump-Spray, 100 ml - Bantam Wankm\u00fcller SA","isPartOf":{"@id":"https:\/\/shop.bantam.ch\/fr\/#website"},"primaryImageOfPage":{"@id":"https:\/\/shop.bantam.ch\/fr\/produit\/insektenschutz-ballistol-stichfrei-sensitive-pump-spray-100-ml\/#primaryimage"},"image":{"@id":"https:\/\/shop.bantam.ch\/fr\/produit\/insektenschutz-ballistol-stichfrei-sensitive-pump-spray-100-ml\/#primaryimage"},"thumbnailUrl":"https:\/\/shop.bantam.ch\/wp-content\/uploads\/2025\/12\/Movera-L-9962388100.jpg","datePublished":"2025-12-17T14:08:25+00:00","dateModified":"2026-04-17T21:40:41+00:00","breadcrumb":{"@id":"https:\/\/shop.bantam.ch\/fr\/produit\/insektenschutz-ballistol-stichfrei-sensitive-pump-spray-100-ml\/#breadcrumb"},"inLanguage":"fr-FR","potentialAction":[{"@type":"ReadAction","target":["https:\/\/shop.bantam.ch\/fr\/produit\/insektenschutz-ballistol-stichfrei-sensitive-pump-spray-100-ml\/"]}]},{"@type":"ImageObject","inLanguage":"fr-FR","@id":"https:\/\/shop.bantam.ch\/fr\/produit\/insektenschutz-ballistol-stichfrei-sensitive-pump-spray-100-ml\/#primaryimage","url":"https:\/\/shop.bantam.ch\/wp-content\/uploads\/2025\/12\/Movera-L-9962388100.jpg","contentUrl":"https:\/\/shop.bantam.ch\/wp-content\/uploads\/2025\/12\/Movera-L-9962388100.jpg","width":640,"height":360},{"@type":"BreadcrumbList","@id":"https:\/\/shop.bantam.ch\/fr\/produit\/insektenschutz-ballistol-stichfrei-sensitive-pump-spray-100-ml\/#breadcrumb","itemListElement":[{"@type":"ListItem","position":1,"name":"Accueil","item":"https:\/\/shop.bantam.ch\/fr\/"},{"@type":"ListItem","position":2,"name":"Boutique","item":"https:\/\/shop.bantam.ch\/fr\/boutique\/"},{"@type":"ListItem","position":3,"name":"Insektenschutz BALLISTOL Stichfrei Sensitive Pump-Spray, 100 ml"}]},{"@type":"WebSite","@id":"https:\/\/shop.bantam.ch\/fr\/#website","url":"https:\/\/shop.bantam.ch\/fr\/","name":"Bantam Wankm\u00fcller SA","description":"","publisher":{"@id":"https:\/\/shop.bantam.ch\/fr\/#organization"},"inLanguage":"fr-FR"},{"@type":"Organization","@id":"https:\/\/shop.bantam.ch\/fr\/#organization","name":"Bantam Wankm\u00fcller SA","url":"https:\/\/shop.bantam.ch\/fr\/","logo":{"@type":"ImageObject","inLanguage":"fr-FR","@id":"https:\/\/shop.bantam.ch\/fr\/#\/schema\/logo\/image\/","url":"https:\/\/shop.bantam.ch\/wp-content\/uploads\/2022\/12\/bantam-logo.png","contentUrl":"https:\/\/shop.bantam.ch\/wp-content\/uploads\/2022\/12\/bantam-logo.png","width":320,"height":71,"caption":"Bantam Wankm\u00fcller SA"},"image":{"@id":"https:\/\/shop.bantam.ch\/fr\/#\/schema\/logo\/image\/"}}]}},"_links":{"self":[{"href":"https:\/\/shop.bantam.ch\/fr\/wp-json\/wp\/v2\/product\/225136","targetHints":{"allow":["GET"]}}],"collection":[{"href":"https:\/\/shop.bantam.ch\/fr\/wp-json\/wp\/v2\/product"}],"about":[{"href":"https:\/\/shop.bantam.ch\/fr\/wp-json\/wp\/v2\/types\/product"}],"wp:featuredmedia":[{"embeddable":true,"href":"https:\/\/shop.bantam.ch\/fr\/wp-json\/wp\/v2\/media\/225134"}],"wp:attachment":[{"href":"https:\/\/shop.bantam.ch\/fr\/wp-json\/wp\/v2\/media?parent=225136"}],"wp:term":[{"taxonomy":"product_featured_cat","embeddable":true,"href":"https:\/\/shop.bantam.ch\/fr\/wp-json\/wp\/v2\/product_featured_cat?post=225136"},{"taxonomy":"product_brand","embeddable":true,"href":"https:\/\/shop.bantam.ch\/fr\/wp-json\/wp\/v2\/product_brand?post=225136"},{"taxonomy":"product_cat","embeddable":true,"href":"https:\/\/shop.bantam.ch\/fr\/wp-json\/wp\/v2\/product_cat?post=225136"},{"taxonomy":"product_tag","embeddable":true,"href":"https:\/\/shop.bantam.ch\/fr\/wp-json\/wp\/v2\/product_tag?post=225136"}],"curies":[{"name":"wp","href":"https:\/\/api.w.org\/{rel}","templated":true}]}}