{"id":225046,"date":"2025-12-17T15:05:53","date_gmt":"2025-12-17T14:05:53","guid":{"rendered":"https:\/\/shop.bantam.ch\/produit\/prot-anti-insectes-ballistol-stichfrei-kids-tube-125-ml\/"},"modified":"2026-04-19T23:47:28","modified_gmt":"2026-04-19T21:47:28","slug":"prot-anti-insectes-ballistol-stichfrei-kids-tube-125-ml","status":"publish","type":"product","link":"https:\/\/shop.bantam.ch\/fr\/produit\/prot-anti-insectes-ballistol-stichfrei-kids-tube-125-ml\/","title":{"rendered":"Prot. anti insectes BALLISTOL Stichfrei Kids Tube, 125 ml"},"content":{"rendered":"<p>Protection fiable contre les moustiques et les tiques<\/p>\n<ul>\n<li>Efficacit\u00e9 jusqu\u2019\u00e0 8 heures<\/li>\n<li>Pour les enfants en bas \u00e2ge \u00e0 partir de 2 mois, les femmes enceintes et les peaux sensibles<\/li>\n<li>Contient un anti-moustiques tr\u00e8s bien tol\u00e9r\u00e9 (IR3535)<\/li>\n<li>Test\u00e9 dermatologiquement avec la mention \u00ab\u00a0tr\u00e8s bien\u00a0\u00bb (source : www.ballistol.de)<\/li>\n<li>Soin et hydratation de la peau<\/li>\n<li>Lotion au parfum agr\u00e9able de p\u00eache<\/li>\n<p>Application \/ conseils pratiques\u00a0:<\/p>\n<p>Si un \u00e9cran solaire ou d&rsquo;autres produits cosm\u00e9tiques sont utilis\u00e9s en m\u00eame temps, appliquez Stichfrei Kids apr\u00e8s 20 minutes. Ne l&rsquo;utilisez pas avec d&rsquo;autres produits insecticides.<\/p>\n<p>Respectez la description de l&rsquo;application. \u00c9vitez les mains, les yeux, les muqueuses, la peau irrit\u00e9e et les plaies des enfants.<\/p>\n<\/ul>\n","protected":false},"excerpt":{"rendered":"<p>Protection fiable contre les moustiques et les tiques Efficacit\u00e9 jusqu\u2019\u00e0 8 heures Pour les enfants en bas \u00e2ge \u00e0 partir de 2 mois, les femmes enceintes et les peaux sensibles Contient un anti-moustiques tr\u00e8s bien tol\u00e9r\u00e9 (IR3535) Test\u00e9 dermatologiquement avec la mention \u00ab\u00a0tr\u00e8s bien\u00a0\u00bb (source : www.ballistol.de) Soin et hydratation de la peau Lotion au [&hellip;]<\/p>\n","protected":false},"featured_media":225044,"template":"","meta":{"_acf_changed":false},"product_featured_cat":[],"product_brand":[],"product_cat":[4027],"product_tag":[],"class_list":{"0":"post-225046","1":"product","2":"type-product","3":"status-publish","4":"has-post-thumbnail","6":"product_cat-moustiquaires","8":"first","9":"instock","10":"taxable","11":"shipping-taxable","12":"purchasable","13":"product-type-simple"},"acf":[],"yoast_head":"<!-- This site is optimized with the Yoast SEO plugin v27.4 - https:\/\/yoast.com\/product\/yoast-seo-wordpress\/ -->\n<title>Prot. anti insectes BALLISTOL Stichfrei Kids Tube, 125 ml - Bantam Wankm\u00fcller SA<\/title>\n<meta name=\"robots\" content=\"index, follow, max-snippet:-1, max-image-preview:large, max-video-preview:-1\" \/>\n<link rel=\"canonical\" href=\"https:\/\/shop.bantam.ch\/fr\/produit\/prot-anti-insectes-ballistol-stichfrei-kids-tube-125-ml\/\" \/>\n<meta property=\"og:locale\" content=\"fr_FR\" \/>\n<meta property=\"og:type\" content=\"article\" \/>\n<meta property=\"og:title\" content=\"Prot. anti insectes BALLISTOL Stichfrei Kids Tube, 125 ml - Bantam Wankm\u00fcller SA\" \/>\n<meta property=\"og:description\" content=\"Protection fiable contre les moustiques et les tiques Efficacit\u00e9 jusqu\u2019\u00e0 8 heures Pour les enfants en bas \u00e2ge \u00e0 partir de 2 mois, les femmes enceintes et les peaux sensibles Contient un anti-moustiques tr\u00e8s bien tol\u00e9r\u00e9 (IR3535) Test\u00e9 dermatologiquement avec la mention \u00ab\u00a0tr\u00e8s bien\u00a0\u00bb (source : www.ballistol.de) Soin et hydratation de la peau Lotion au [&hellip;]\" \/>\n<meta property=\"og:url\" content=\"https:\/\/shop.bantam.ch\/fr\/produit\/prot-anti-insectes-ballistol-stichfrei-kids-tube-125-ml\/\" \/>\n<meta property=\"og:site_name\" content=\"Bantam Wankm\u00fcller SA\" \/>\n<meta property=\"article:modified_time\" content=\"2026-04-19T21:47:28+00:00\" \/>\n<meta name=\"twitter:card\" content=\"summary_large_image\" \/>\n<meta name=\"twitter:label1\" content=\"Dur\u00e9e de lecture estim\u00e9e\" \/>\n\t<meta name=\"twitter:data1\" content=\"1 minute\" \/>\n<script type=\"application\/ld+json\" class=\"yoast-schema-graph\">{\"@context\":\"https:\\\/\\\/schema.org\",\"@graph\":[{\"@type\":\"WebPage\",\"@id\":\"https:\\\/\\\/shop.bantam.ch\\\/fr\\\/produit\\\/prot-anti-insectes-ballistol-stichfrei-kids-tube-125-ml\\\/\",\"url\":\"https:\\\/\\\/shop.bantam.ch\\\/fr\\\/produit\\\/prot-anti-insectes-ballistol-stichfrei-kids-tube-125-ml\\\/\",\"name\":\"Prot. anti insectes BALLISTOL Stichfrei Kids Tube, 125 ml - Bantam Wankm\u00fcller SA\",\"isPartOf\":{\"@id\":\"https:\\\/\\\/shop.bantam.ch\\\/fr\\\/#website\"},\"primaryImageOfPage\":{\"@id\":\"https:\\\/\\\/shop.bantam.ch\\\/fr\\\/produit\\\/prot-anti-insectes-ballistol-stichfrei-kids-tube-125-ml\\\/#primaryimage\"},\"image\":{\"@id\":\"https:\\\/\\\/shop.bantam.ch\\\/fr\\\/produit\\\/prot-anti-insectes-ballistol-stichfrei-kids-tube-125-ml\\\/#primaryimage\"},\"thumbnailUrl\":\"https:\\\/\\\/shop.bantam.ch\\\/wp-content\\\/uploads\\\/2025\\\/12\\\/Movera-L-9961753100.jpg\",\"datePublished\":\"2025-12-17T14:05:53+00:00\",\"dateModified\":\"2026-04-19T21:47:28+00:00\",\"breadcrumb\":{\"@id\":\"https:\\\/\\\/shop.bantam.ch\\\/fr\\\/produit\\\/prot-anti-insectes-ballistol-stichfrei-kids-tube-125-ml\\\/#breadcrumb\"},\"inLanguage\":\"fr-FR\",\"potentialAction\":[{\"@type\":\"ReadAction\",\"target\":[\"https:\\\/\\\/shop.bantam.ch\\\/fr\\\/produit\\\/prot-anti-insectes-ballistol-stichfrei-kids-tube-125-ml\\\/\"]}]},{\"@type\":\"ImageObject\",\"inLanguage\":\"fr-FR\",\"@id\":\"https:\\\/\\\/shop.bantam.ch\\\/fr\\\/produit\\\/prot-anti-insectes-ballistol-stichfrei-kids-tube-125-ml\\\/#primaryimage\",\"url\":\"https:\\\/\\\/shop.bantam.ch\\\/wp-content\\\/uploads\\\/2025\\\/12\\\/Movera-L-9961753100.jpg\",\"contentUrl\":\"https:\\\/\\\/shop.bantam.ch\\\/wp-content\\\/uploads\\\/2025\\\/12\\\/Movera-L-9961753100.jpg\",\"width\":640,\"height\":960},{\"@type\":\"BreadcrumbList\",\"@id\":\"https:\\\/\\\/shop.bantam.ch\\\/fr\\\/produit\\\/prot-anti-insectes-ballistol-stichfrei-kids-tube-125-ml\\\/#breadcrumb\",\"itemListElement\":[{\"@type\":\"ListItem\",\"position\":1,\"name\":\"Accueil\",\"item\":\"https:\\\/\\\/shop.bantam.ch\\\/fr\\\/\"},{\"@type\":\"ListItem\",\"position\":2,\"name\":\"Boutique\",\"item\":\"https:\\\/\\\/shop.bantam.ch\\\/fr\\\/boutique\\\/\"},{\"@type\":\"ListItem\",\"position\":3,\"name\":\"Prot. anti insectes BALLISTOL Stichfrei Kids Tube, 125 ml\"}]},{\"@type\":\"WebSite\",\"@id\":\"https:\\\/\\\/shop.bantam.ch\\\/fr\\\/#website\",\"url\":\"https:\\\/\\\/shop.bantam.ch\\\/fr\\\/\",\"name\":\"Bantam Wankm\u00fcller SA\",\"description\":\"\",\"publisher\":{\"@id\":\"https:\\\/\\\/shop.bantam.ch\\\/fr\\\/#organization\"},\"inLanguage\":\"fr-FR\"},{\"@type\":\"Organization\",\"@id\":\"https:\\\/\\\/shop.bantam.ch\\\/fr\\\/#organization\",\"name\":\"Bantam Wankm\u00fcller SA\",\"url\":\"https:\\\/\\\/shop.bantam.ch\\\/fr\\\/\",\"logo\":{\"@type\":\"ImageObject\",\"inLanguage\":\"fr-FR\",\"@id\":\"https:\\\/\\\/shop.bantam.ch\\\/fr\\\/#\\\/schema\\\/logo\\\/image\\\/\",\"url\":\"https:\\\/\\\/shop.bantam.ch\\\/wp-content\\\/uploads\\\/2022\\\/12\\\/bantam-logo.png\",\"contentUrl\":\"https:\\\/\\\/shop.bantam.ch\\\/wp-content\\\/uploads\\\/2022\\\/12\\\/bantam-logo.png\",\"width\":320,\"height\":71,\"caption\":\"Bantam Wankm\u00fcller SA\"},\"image\":{\"@id\":\"https:\\\/\\\/shop.bantam.ch\\\/fr\\\/#\\\/schema\\\/logo\\\/image\\\/\"}}]}<\/script>\n<!-- \/ Yoast SEO plugin. -->","yoast_head_json":{"title":"Prot. anti insectes BALLISTOL Stichfrei Kids Tube, 125 ml - Bantam Wankm\u00fcller SA","robots":{"index":"index","follow":"follow","max-snippet":"max-snippet:-1","max-image-preview":"max-image-preview:large","max-video-preview":"max-video-preview:-1"},"canonical":"https:\/\/shop.bantam.ch\/fr\/produit\/prot-anti-insectes-ballistol-stichfrei-kids-tube-125-ml\/","og_locale":"fr_FR","og_type":"article","og_title":"Prot. anti insectes BALLISTOL Stichfrei Kids Tube, 125 ml - Bantam Wankm\u00fcller SA","og_description":"Protection fiable contre les moustiques et les tiques Efficacit\u00e9 jusqu\u2019\u00e0 8 heures Pour les enfants en bas \u00e2ge \u00e0 partir de 2 mois, les femmes enceintes et les peaux sensibles Contient un anti-moustiques tr\u00e8s bien tol\u00e9r\u00e9 (IR3535) Test\u00e9 dermatologiquement avec la mention \u00ab\u00a0tr\u00e8s bien\u00a0\u00bb (source : www.ballistol.de) Soin et hydratation de la peau Lotion au [&hellip;]","og_url":"https:\/\/shop.bantam.ch\/fr\/produit\/prot-anti-insectes-ballistol-stichfrei-kids-tube-125-ml\/","og_site_name":"Bantam Wankm\u00fcller SA","article_modified_time":"2026-04-19T21:47:28+00:00","twitter_card":"summary_large_image","twitter_misc":{"Dur\u00e9e de lecture estim\u00e9e":"1 minute"},"schema":{"@context":"https:\/\/schema.org","@graph":[{"@type":"WebPage","@id":"https:\/\/shop.bantam.ch\/fr\/produit\/prot-anti-insectes-ballistol-stichfrei-kids-tube-125-ml\/","url":"https:\/\/shop.bantam.ch\/fr\/produit\/prot-anti-insectes-ballistol-stichfrei-kids-tube-125-ml\/","name":"Prot. anti insectes BALLISTOL Stichfrei Kids Tube, 125 ml - Bantam Wankm\u00fcller SA","isPartOf":{"@id":"https:\/\/shop.bantam.ch\/fr\/#website"},"primaryImageOfPage":{"@id":"https:\/\/shop.bantam.ch\/fr\/produit\/prot-anti-insectes-ballistol-stichfrei-kids-tube-125-ml\/#primaryimage"},"image":{"@id":"https:\/\/shop.bantam.ch\/fr\/produit\/prot-anti-insectes-ballistol-stichfrei-kids-tube-125-ml\/#primaryimage"},"thumbnailUrl":"https:\/\/shop.bantam.ch\/wp-content\/uploads\/2025\/12\/Movera-L-9961753100.jpg","datePublished":"2025-12-17T14:05:53+00:00","dateModified":"2026-04-19T21:47:28+00:00","breadcrumb":{"@id":"https:\/\/shop.bantam.ch\/fr\/produit\/prot-anti-insectes-ballistol-stichfrei-kids-tube-125-ml\/#breadcrumb"},"inLanguage":"fr-FR","potentialAction":[{"@type":"ReadAction","target":["https:\/\/shop.bantam.ch\/fr\/produit\/prot-anti-insectes-ballistol-stichfrei-kids-tube-125-ml\/"]}]},{"@type":"ImageObject","inLanguage":"fr-FR","@id":"https:\/\/shop.bantam.ch\/fr\/produit\/prot-anti-insectes-ballistol-stichfrei-kids-tube-125-ml\/#primaryimage","url":"https:\/\/shop.bantam.ch\/wp-content\/uploads\/2025\/12\/Movera-L-9961753100.jpg","contentUrl":"https:\/\/shop.bantam.ch\/wp-content\/uploads\/2025\/12\/Movera-L-9961753100.jpg","width":640,"height":960},{"@type":"BreadcrumbList","@id":"https:\/\/shop.bantam.ch\/fr\/produit\/prot-anti-insectes-ballistol-stichfrei-kids-tube-125-ml\/#breadcrumb","itemListElement":[{"@type":"ListItem","position":1,"name":"Accueil","item":"https:\/\/shop.bantam.ch\/fr\/"},{"@type":"ListItem","position":2,"name":"Boutique","item":"https:\/\/shop.bantam.ch\/fr\/boutique\/"},{"@type":"ListItem","position":3,"name":"Prot. anti insectes BALLISTOL Stichfrei Kids Tube, 125 ml"}]},{"@type":"WebSite","@id":"https:\/\/shop.bantam.ch\/fr\/#website","url":"https:\/\/shop.bantam.ch\/fr\/","name":"Bantam Wankm\u00fcller SA","description":"","publisher":{"@id":"https:\/\/shop.bantam.ch\/fr\/#organization"},"inLanguage":"fr-FR"},{"@type":"Organization","@id":"https:\/\/shop.bantam.ch\/fr\/#organization","name":"Bantam Wankm\u00fcller SA","url":"https:\/\/shop.bantam.ch\/fr\/","logo":{"@type":"ImageObject","inLanguage":"fr-FR","@id":"https:\/\/shop.bantam.ch\/fr\/#\/schema\/logo\/image\/","url":"https:\/\/shop.bantam.ch\/wp-content\/uploads\/2022\/12\/bantam-logo.png","contentUrl":"https:\/\/shop.bantam.ch\/wp-content\/uploads\/2022\/12\/bantam-logo.png","width":320,"height":71,"caption":"Bantam Wankm\u00fcller SA"},"image":{"@id":"https:\/\/shop.bantam.ch\/fr\/#\/schema\/logo\/image\/"}}]}},"_links":{"self":[{"href":"https:\/\/shop.bantam.ch\/fr\/wp-json\/wp\/v2\/product\/225046","targetHints":{"allow":["GET"]}}],"collection":[{"href":"https:\/\/shop.bantam.ch\/fr\/wp-json\/wp\/v2\/product"}],"about":[{"href":"https:\/\/shop.bantam.ch\/fr\/wp-json\/wp\/v2\/types\/product"}],"wp:featuredmedia":[{"embeddable":true,"href":"https:\/\/shop.bantam.ch\/fr\/wp-json\/wp\/v2\/media\/225044"}],"wp:attachment":[{"href":"https:\/\/shop.bantam.ch\/fr\/wp-json\/wp\/v2\/media?parent=225046"}],"wp:term":[{"taxonomy":"product_featured_cat","embeddable":true,"href":"https:\/\/shop.bantam.ch\/fr\/wp-json\/wp\/v2\/product_featured_cat?post=225046"},{"taxonomy":"product_brand","embeddable":true,"href":"https:\/\/shop.bantam.ch\/fr\/wp-json\/wp\/v2\/product_brand?post=225046"},{"taxonomy":"product_cat","embeddable":true,"href":"https:\/\/shop.bantam.ch\/fr\/wp-json\/wp\/v2\/product_cat?post=225046"},{"taxonomy":"product_tag","embeddable":true,"href":"https:\/\/shop.bantam.ch\/fr\/wp-json\/wp\/v2\/product_tag?post=225046"}],"curies":[{"name":"wp","href":"https:\/\/api.w.org\/{rel}","templated":true}]}}