{"id":225042,"date":"2025-12-17T15:05:47","date_gmt":"2025-12-17T14:05:47","guid":{"rendered":"https:\/\/shop.bantam.ch\/produit\/prot-anti-insectes-ballistol-stichfrei-sensitiv-spray-a-pompe-100-ml\/"},"modified":"2026-04-17T23:40:34","modified_gmt":"2026-04-17T21:40:34","slug":"prot-anti-insectes-ballistol-stichfrei-sensitiv-spray-a-pompe-100-ml","status":"publish","type":"product","link":"https:\/\/shop.bantam.ch\/fr\/produit\/prot-anti-insectes-ballistol-stichfrei-sensitiv-spray-a-pompe-100-ml\/","title":{"rendered":"Prot. anti insectes BALLISTOL Stichfrei, Sensitiv Spray \u00e0 pompe, 100 ml"},"content":{"rendered":"<p>Protection contre les moustiques, les taons et les tiques pour les personnes ayant une peau sensible et les personnes allergiques<\/p>\n<ul>\n<li>Dur\u00e9e de protection : jusqu&rsquo;\u00e0 6 heures<\/li>\n<li>Substance active\u00a0: 9,8 % d&rsquo;icaridine<\/li>\n<li>Ballistol Stichfrei con\u00e7u sp\u00e9cialement pour les peaux sensibles<\/li>\n<li>Convient \u00e9galement aux personnes souffrant d&rsquo;allergies de contact et aux asthmatiques<\/li>\n<li>Test\u00e9 et recommand\u00e9 par la DAAB (l&rsquo;Association allemande des allergies et de l&rsquo;asthme)<\/li>\n<li>Sans huiles essentielles, parfums, colorants, ar\u00f4mes ou conservateurs<\/li>\n<li>Presque inodore<\/li>\n<li>Procure une agr\u00e9able sensation de l\u00e9g\u00e8ret\u00e9 sur la peau<\/li>\n<\/ul>\n<p>Points forts du produit :<\/p>\n<ul>\n<li>adapt\u00e9 au pH naturellement un peu acide de la peau<\/li>\n<li>sans huiles essentielles<\/li>\n<li>Ne laisse aucune tache sur les textiles et ne colle pas<\/li>\n<li>Prot\u00e8ge jusqu&rsquo;\u00e0 6 heures<\/li>\n<li>Efficace contre les moustiques, les taons et les tiques<\/li>\n<li>Ingr\u00e9dients de haute qualit\u00e9 tr\u00e8s biod\u00e9gradables<\/li>\n<li>Sans huiles animales<\/li>\n<li>Sans silicone, PTFE ou acides<\/li>\n<\/ul>\n<p>Application \/ conseil pratique\u00a0:<br \/>Vaporiser sur toute la peau \u00e0 une distance d&rsquo;environ 15 cm, m\u00eame sous des v\u00eatements fins. R\u00e9p\u00e9ter lorsque l&rsquo;effet s&rsquo;estompe. \u00c9viter le contact avec les yeux.<\/p>\n","protected":false},"excerpt":{"rendered":"<p>Protection contre les moustiques, les taons et les tiques pour les personnes ayant une peau sensible et les personnes allergiques Dur\u00e9e de protection : jusqu&rsquo;\u00e0 6 heures Substance active\u00a0: 9,8 % d&rsquo;icaridine Ballistol Stichfrei con\u00e7u sp\u00e9cialement pour les peaux sensibles Convient \u00e9galement aux personnes souffrant d&rsquo;allergies de contact et aux asthmatiques Test\u00e9 et recommand\u00e9 par [&hellip;]<\/p>\n","protected":false},"featured_media":225040,"template":"","meta":{"_acf_changed":false},"product_featured_cat":[],"product_brand":[],"product_cat":[4027],"product_tag":[],"class_list":{"0":"post-225042","1":"product","2":"type-product","3":"status-publish","4":"has-post-thumbnail","6":"product_cat-moustiquaires","8":"first","9":"instock","10":"taxable","11":"shipping-taxable","12":"purchasable","13":"product-type-simple"},"acf":[],"yoast_head":"<!-- This site is optimized with the Yoast SEO plugin v27.4 - https:\/\/yoast.com\/product\/yoast-seo-wordpress\/ -->\n<title>Prot. anti insectes BALLISTOL Stichfrei, Sensitiv Spray \u00e0 pompe, 100 ml - Bantam Wankm\u00fcller SA<\/title>\n<meta name=\"robots\" content=\"index, follow, max-snippet:-1, max-image-preview:large, max-video-preview:-1\" \/>\n<link rel=\"canonical\" href=\"https:\/\/shop.bantam.ch\/fr\/produit\/prot-anti-insectes-ballistol-stichfrei-sensitiv-spray-a-pompe-100-ml\/\" \/>\n<meta property=\"og:locale\" content=\"fr_FR\" \/>\n<meta property=\"og:type\" content=\"article\" \/>\n<meta property=\"og:title\" content=\"Prot. anti insectes BALLISTOL Stichfrei, Sensitiv Spray \u00e0 pompe, 100 ml - Bantam Wankm\u00fcller SA\" \/>\n<meta property=\"og:description\" content=\"Protection contre les moustiques, les taons et les tiques pour les personnes ayant une peau sensible et les personnes allergiques Dur\u00e9e de protection : jusqu&rsquo;\u00e0 6 heures Substance active\u00a0: 9,8 % d&rsquo;icaridine Ballistol Stichfrei con\u00e7u sp\u00e9cialement pour les peaux sensibles Convient \u00e9galement aux personnes souffrant d&rsquo;allergies de contact et aux asthmatiques Test\u00e9 et recommand\u00e9 par [&hellip;]\" \/>\n<meta property=\"og:url\" content=\"https:\/\/shop.bantam.ch\/fr\/produit\/prot-anti-insectes-ballistol-stichfrei-sensitiv-spray-a-pompe-100-ml\/\" \/>\n<meta property=\"og:site_name\" content=\"Bantam Wankm\u00fcller SA\" \/>\n<meta property=\"article:modified_time\" content=\"2026-04-17T21:40:34+00:00\" \/>\n<meta name=\"twitter:card\" content=\"summary_large_image\" \/>\n<meta name=\"twitter:label1\" content=\"Dur\u00e9e de lecture estim\u00e9e\" \/>\n\t<meta name=\"twitter:data1\" content=\"1 minute\" \/>\n<script type=\"application\/ld+json\" class=\"yoast-schema-graph\">{\"@context\":\"https:\\\/\\\/schema.org\",\"@graph\":[{\"@type\":\"WebPage\",\"@id\":\"https:\\\/\\\/shop.bantam.ch\\\/fr\\\/produit\\\/prot-anti-insectes-ballistol-stichfrei-sensitiv-spray-a-pompe-100-ml\\\/\",\"url\":\"https:\\\/\\\/shop.bantam.ch\\\/fr\\\/produit\\\/prot-anti-insectes-ballistol-stichfrei-sensitiv-spray-a-pompe-100-ml\\\/\",\"name\":\"Prot. anti insectes BALLISTOL Stichfrei, Sensitiv Spray \u00e0 pompe, 100 ml - Bantam Wankm\u00fcller SA\",\"isPartOf\":{\"@id\":\"https:\\\/\\\/shop.bantam.ch\\\/fr\\\/#website\"},\"primaryImageOfPage\":{\"@id\":\"https:\\\/\\\/shop.bantam.ch\\\/fr\\\/produit\\\/prot-anti-insectes-ballistol-stichfrei-sensitiv-spray-a-pompe-100-ml\\\/#primaryimage\"},\"image\":{\"@id\":\"https:\\\/\\\/shop.bantam.ch\\\/fr\\\/produit\\\/prot-anti-insectes-ballistol-stichfrei-sensitiv-spray-a-pompe-100-ml\\\/#primaryimage\"},\"thumbnailUrl\":\"https:\\\/\\\/shop.bantam.ch\\\/wp-content\\\/uploads\\\/2025\\\/12\\\/Movera-L-9961752100.jpg\",\"datePublished\":\"2025-12-17T14:05:47+00:00\",\"dateModified\":\"2026-04-17T21:40:34+00:00\",\"breadcrumb\":{\"@id\":\"https:\\\/\\\/shop.bantam.ch\\\/fr\\\/produit\\\/prot-anti-insectes-ballistol-stichfrei-sensitiv-spray-a-pompe-100-ml\\\/#breadcrumb\"},\"inLanguage\":\"fr-FR\",\"potentialAction\":[{\"@type\":\"ReadAction\",\"target\":[\"https:\\\/\\\/shop.bantam.ch\\\/fr\\\/produit\\\/prot-anti-insectes-ballistol-stichfrei-sensitiv-spray-a-pompe-100-ml\\\/\"]}]},{\"@type\":\"ImageObject\",\"inLanguage\":\"fr-FR\",\"@id\":\"https:\\\/\\\/shop.bantam.ch\\\/fr\\\/produit\\\/prot-anti-insectes-ballistol-stichfrei-sensitiv-spray-a-pompe-100-ml\\\/#primaryimage\",\"url\":\"https:\\\/\\\/shop.bantam.ch\\\/wp-content\\\/uploads\\\/2025\\\/12\\\/Movera-L-9961752100.jpg\",\"contentUrl\":\"https:\\\/\\\/shop.bantam.ch\\\/wp-content\\\/uploads\\\/2025\\\/12\\\/Movera-L-9961752100.jpg\",\"width\":282,\"height\":1000},{\"@type\":\"BreadcrumbList\",\"@id\":\"https:\\\/\\\/shop.bantam.ch\\\/fr\\\/produit\\\/prot-anti-insectes-ballistol-stichfrei-sensitiv-spray-a-pompe-100-ml\\\/#breadcrumb\",\"itemListElement\":[{\"@type\":\"ListItem\",\"position\":1,\"name\":\"Accueil\",\"item\":\"https:\\\/\\\/shop.bantam.ch\\\/fr\\\/\"},{\"@type\":\"ListItem\",\"position\":2,\"name\":\"Boutique\",\"item\":\"https:\\\/\\\/shop.bantam.ch\\\/fr\\\/boutique\\\/\"},{\"@type\":\"ListItem\",\"position\":3,\"name\":\"Prot. anti insectes BALLISTOL Stichfrei, Sensitiv Spray \u00e0 pompe, 100 ml\"}]},{\"@type\":\"WebSite\",\"@id\":\"https:\\\/\\\/shop.bantam.ch\\\/fr\\\/#website\",\"url\":\"https:\\\/\\\/shop.bantam.ch\\\/fr\\\/\",\"name\":\"Bantam Wankm\u00fcller SA\",\"description\":\"\",\"publisher\":{\"@id\":\"https:\\\/\\\/shop.bantam.ch\\\/fr\\\/#organization\"},\"inLanguage\":\"fr-FR\"},{\"@type\":\"Organization\",\"@id\":\"https:\\\/\\\/shop.bantam.ch\\\/fr\\\/#organization\",\"name\":\"Bantam Wankm\u00fcller SA\",\"url\":\"https:\\\/\\\/shop.bantam.ch\\\/fr\\\/\",\"logo\":{\"@type\":\"ImageObject\",\"inLanguage\":\"fr-FR\",\"@id\":\"https:\\\/\\\/shop.bantam.ch\\\/fr\\\/#\\\/schema\\\/logo\\\/image\\\/\",\"url\":\"https:\\\/\\\/shop.bantam.ch\\\/wp-content\\\/uploads\\\/2022\\\/12\\\/bantam-logo.png\",\"contentUrl\":\"https:\\\/\\\/shop.bantam.ch\\\/wp-content\\\/uploads\\\/2022\\\/12\\\/bantam-logo.png\",\"width\":320,\"height\":71,\"caption\":\"Bantam Wankm\u00fcller SA\"},\"image\":{\"@id\":\"https:\\\/\\\/shop.bantam.ch\\\/fr\\\/#\\\/schema\\\/logo\\\/image\\\/\"}}]}<\/script>\n<!-- \/ Yoast SEO plugin. -->","yoast_head_json":{"title":"Prot. anti insectes BALLISTOL Stichfrei, Sensitiv Spray \u00e0 pompe, 100 ml - Bantam Wankm\u00fcller SA","robots":{"index":"index","follow":"follow","max-snippet":"max-snippet:-1","max-image-preview":"max-image-preview:large","max-video-preview":"max-video-preview:-1"},"canonical":"https:\/\/shop.bantam.ch\/fr\/produit\/prot-anti-insectes-ballistol-stichfrei-sensitiv-spray-a-pompe-100-ml\/","og_locale":"fr_FR","og_type":"article","og_title":"Prot. anti insectes BALLISTOL Stichfrei, Sensitiv Spray \u00e0 pompe, 100 ml - Bantam Wankm\u00fcller SA","og_description":"Protection contre les moustiques, les taons et les tiques pour les personnes ayant une peau sensible et les personnes allergiques Dur\u00e9e de protection : jusqu&rsquo;\u00e0 6 heures Substance active\u00a0: 9,8 % d&rsquo;icaridine Ballistol Stichfrei con\u00e7u sp\u00e9cialement pour les peaux sensibles Convient \u00e9galement aux personnes souffrant d&rsquo;allergies de contact et aux asthmatiques Test\u00e9 et recommand\u00e9 par [&hellip;]","og_url":"https:\/\/shop.bantam.ch\/fr\/produit\/prot-anti-insectes-ballistol-stichfrei-sensitiv-spray-a-pompe-100-ml\/","og_site_name":"Bantam Wankm\u00fcller SA","article_modified_time":"2026-04-17T21:40:34+00:00","twitter_card":"summary_large_image","twitter_misc":{"Dur\u00e9e de lecture estim\u00e9e":"1 minute"},"schema":{"@context":"https:\/\/schema.org","@graph":[{"@type":"WebPage","@id":"https:\/\/shop.bantam.ch\/fr\/produit\/prot-anti-insectes-ballistol-stichfrei-sensitiv-spray-a-pompe-100-ml\/","url":"https:\/\/shop.bantam.ch\/fr\/produit\/prot-anti-insectes-ballistol-stichfrei-sensitiv-spray-a-pompe-100-ml\/","name":"Prot. anti insectes BALLISTOL Stichfrei, Sensitiv Spray \u00e0 pompe, 100 ml - Bantam Wankm\u00fcller SA","isPartOf":{"@id":"https:\/\/shop.bantam.ch\/fr\/#website"},"primaryImageOfPage":{"@id":"https:\/\/shop.bantam.ch\/fr\/produit\/prot-anti-insectes-ballistol-stichfrei-sensitiv-spray-a-pompe-100-ml\/#primaryimage"},"image":{"@id":"https:\/\/shop.bantam.ch\/fr\/produit\/prot-anti-insectes-ballistol-stichfrei-sensitiv-spray-a-pompe-100-ml\/#primaryimage"},"thumbnailUrl":"https:\/\/shop.bantam.ch\/wp-content\/uploads\/2025\/12\/Movera-L-9961752100.jpg","datePublished":"2025-12-17T14:05:47+00:00","dateModified":"2026-04-17T21:40:34+00:00","breadcrumb":{"@id":"https:\/\/shop.bantam.ch\/fr\/produit\/prot-anti-insectes-ballistol-stichfrei-sensitiv-spray-a-pompe-100-ml\/#breadcrumb"},"inLanguage":"fr-FR","potentialAction":[{"@type":"ReadAction","target":["https:\/\/shop.bantam.ch\/fr\/produit\/prot-anti-insectes-ballistol-stichfrei-sensitiv-spray-a-pompe-100-ml\/"]}]},{"@type":"ImageObject","inLanguage":"fr-FR","@id":"https:\/\/shop.bantam.ch\/fr\/produit\/prot-anti-insectes-ballistol-stichfrei-sensitiv-spray-a-pompe-100-ml\/#primaryimage","url":"https:\/\/shop.bantam.ch\/wp-content\/uploads\/2025\/12\/Movera-L-9961752100.jpg","contentUrl":"https:\/\/shop.bantam.ch\/wp-content\/uploads\/2025\/12\/Movera-L-9961752100.jpg","width":282,"height":1000},{"@type":"BreadcrumbList","@id":"https:\/\/shop.bantam.ch\/fr\/produit\/prot-anti-insectes-ballistol-stichfrei-sensitiv-spray-a-pompe-100-ml\/#breadcrumb","itemListElement":[{"@type":"ListItem","position":1,"name":"Accueil","item":"https:\/\/shop.bantam.ch\/fr\/"},{"@type":"ListItem","position":2,"name":"Boutique","item":"https:\/\/shop.bantam.ch\/fr\/boutique\/"},{"@type":"ListItem","position":3,"name":"Prot. anti insectes BALLISTOL Stichfrei, Sensitiv Spray \u00e0 pompe, 100 ml"}]},{"@type":"WebSite","@id":"https:\/\/shop.bantam.ch\/fr\/#website","url":"https:\/\/shop.bantam.ch\/fr\/","name":"Bantam Wankm\u00fcller SA","description":"","publisher":{"@id":"https:\/\/shop.bantam.ch\/fr\/#organization"},"inLanguage":"fr-FR"},{"@type":"Organization","@id":"https:\/\/shop.bantam.ch\/fr\/#organization","name":"Bantam Wankm\u00fcller SA","url":"https:\/\/shop.bantam.ch\/fr\/","logo":{"@type":"ImageObject","inLanguage":"fr-FR","@id":"https:\/\/shop.bantam.ch\/fr\/#\/schema\/logo\/image\/","url":"https:\/\/shop.bantam.ch\/wp-content\/uploads\/2022\/12\/bantam-logo.png","contentUrl":"https:\/\/shop.bantam.ch\/wp-content\/uploads\/2022\/12\/bantam-logo.png","width":320,"height":71,"caption":"Bantam Wankm\u00fcller SA"},"image":{"@id":"https:\/\/shop.bantam.ch\/fr\/#\/schema\/logo\/image\/"}}]}},"_links":{"self":[{"href":"https:\/\/shop.bantam.ch\/fr\/wp-json\/wp\/v2\/product\/225042","targetHints":{"allow":["GET"]}}],"collection":[{"href":"https:\/\/shop.bantam.ch\/fr\/wp-json\/wp\/v2\/product"}],"about":[{"href":"https:\/\/shop.bantam.ch\/fr\/wp-json\/wp\/v2\/types\/product"}],"wp:featuredmedia":[{"embeddable":true,"href":"https:\/\/shop.bantam.ch\/fr\/wp-json\/wp\/v2\/media\/225040"}],"wp:attachment":[{"href":"https:\/\/shop.bantam.ch\/fr\/wp-json\/wp\/v2\/media?parent=225042"}],"wp:term":[{"taxonomy":"product_featured_cat","embeddable":true,"href":"https:\/\/shop.bantam.ch\/fr\/wp-json\/wp\/v2\/product_featured_cat?post=225042"},{"taxonomy":"product_brand","embeddable":true,"href":"https:\/\/shop.bantam.ch\/fr\/wp-json\/wp\/v2\/product_brand?post=225042"},{"taxonomy":"product_cat","embeddable":true,"href":"https:\/\/shop.bantam.ch\/fr\/wp-json\/wp\/v2\/product_cat?post=225042"},{"taxonomy":"product_tag","embeddable":true,"href":"https:\/\/shop.bantam.ch\/fr\/wp-json\/wp\/v2\/product_tag?post=225042"}],"curies":[{"name":"wp","href":"https:\/\/api.w.org\/{rel}","templated":true}]}}