{"id":225038,"date":"2025-12-17T15:05:41","date_gmt":"2025-12-17T14:05:41","guid":{"rendered":"https:\/\/shop.bantam.ch\/produit\/chaise-longue-westfield-aida-quick-fold-bed-gris-anthracite\/"},"modified":"2026-04-17T23:40:33","modified_gmt":"2026-04-17T21:40:33","slug":"chaise-longue-westfield-aida-quick-fold-bed-gris-anthracite","status":"publish","type":"product","link":"https:\/\/shop.bantam.ch\/fr\/produit\/chaise-longue-westfield-aida-quick-fold-bed-gris-anthracite\/","title":{"rendered":"Chaise longue Westfield Aida Quick fold bed gris anthracite"},"content":{"rendered":"<p>Gr\u00e2ce \u00e0 sa construction innovante, la chaise longue AIDA peut \u00eatre assembl\u00e9e en quelques secondes. Un mouvement de la main suffit et la chaise longue est en place. La surface g\u00e9n\u00e9reuse et le matelassage int\u00e9gr\u00e9 du tissu en fibres DuraDore\u00ae 3D offrent un confort de couchage particuli\u00e8rement \u00e9lev\u00e9. Le repose-t\u00eate est r\u00e9glable sur 5 positions. Avec ses deux solides poign\u00e9es de transport, la chaise longue est facile \u00e0 transporter et \u00e0 ranger sous forme de paquet compact.<\/p>\n<p>Mat\u00e9riau\u00a0:<\/p>\n<p>Rev\u00eatement : 100 % polyester<\/p>\n<p>Cadre\u00a0: aluminium<\/p>\n","protected":false},"excerpt":{"rendered":"<p>Gr\u00e2ce \u00e0 sa construction innovante, la chaise longue AIDA peut \u00eatre assembl\u00e9e en quelques secondes. Un mouvement de la main suffit et la chaise longue est en place. La surface g\u00e9n\u00e9reuse et le matelassage int\u00e9gr\u00e9 du tissu en fibres DuraDore\u00ae 3D offrent un confort de couchage particuli\u00e8rement \u00e9lev\u00e9. Le repose-t\u00eate est r\u00e9glable sur 5 positions. [&hellip;]<\/p>\n","protected":false},"featured_media":225036,"template":"","meta":{"_acf_changed":false},"product_featured_cat":[],"product_brand":[],"product_cat":[4977],"product_tag":[],"class_list":{"0":"post-225038","1":"product","2":"type-product","3":"status-publish","4":"has-post-thumbnail","6":"product_cat-chaises-longues-de-camping","8":"first","9":"instock","10":"taxable","11":"shipping-taxable","12":"purchasable","13":"product-type-simple"},"acf":[],"yoast_head":"<!-- This site is optimized with the Yoast SEO plugin v27.4 - https:\/\/yoast.com\/product\/yoast-seo-wordpress\/ -->\n<title>Chaise longue Westfield Aida Quick fold bed gris anthracite - Bantam Wankm\u00fcller SA<\/title>\n<meta name=\"robots\" content=\"index, follow, max-snippet:-1, max-image-preview:large, max-video-preview:-1\" \/>\n<link rel=\"canonical\" href=\"https:\/\/shop.bantam.ch\/fr\/produit\/chaise-longue-westfield-aida-quick-fold-bed-gris-anthracite\/\" \/>\n<meta property=\"og:locale\" content=\"fr_FR\" \/>\n<meta property=\"og:type\" content=\"article\" \/>\n<meta property=\"og:title\" content=\"Chaise longue Westfield Aida Quick fold bed gris anthracite - Bantam Wankm\u00fcller SA\" \/>\n<meta property=\"og:description\" content=\"Gr\u00e2ce \u00e0 sa construction innovante, la chaise longue AIDA peut \u00eatre assembl\u00e9e en quelques secondes. Un mouvement de la main suffit et la chaise longue est en place. La surface g\u00e9n\u00e9reuse et le matelassage int\u00e9gr\u00e9 du tissu en fibres DuraDore\u00ae 3D offrent un confort de couchage particuli\u00e8rement \u00e9lev\u00e9. Le repose-t\u00eate est r\u00e9glable sur 5 positions. [&hellip;]\" \/>\n<meta property=\"og:url\" content=\"https:\/\/shop.bantam.ch\/fr\/produit\/chaise-longue-westfield-aida-quick-fold-bed-gris-anthracite\/\" \/>\n<meta property=\"og:site_name\" content=\"Bantam Wankm\u00fcller SA\" \/>\n<meta property=\"article:modified_time\" content=\"2026-04-17T21:40:33+00:00\" \/>\n<meta name=\"twitter:card\" content=\"summary_large_image\" \/>\n<script type=\"application\/ld+json\" class=\"yoast-schema-graph\">{\"@context\":\"https:\\\/\\\/schema.org\",\"@graph\":[{\"@type\":\"WebPage\",\"@id\":\"https:\\\/\\\/shop.bantam.ch\\\/fr\\\/produit\\\/chaise-longue-westfield-aida-quick-fold-bed-gris-anthracite\\\/\",\"url\":\"https:\\\/\\\/shop.bantam.ch\\\/fr\\\/produit\\\/chaise-longue-westfield-aida-quick-fold-bed-gris-anthracite\\\/\",\"name\":\"Chaise longue Westfield Aida Quick fold bed gris anthracite - Bantam Wankm\u00fcller SA\",\"isPartOf\":{\"@id\":\"https:\\\/\\\/shop.bantam.ch\\\/fr\\\/#website\"},\"primaryImageOfPage\":{\"@id\":\"https:\\\/\\\/shop.bantam.ch\\\/fr\\\/produit\\\/chaise-longue-westfield-aida-quick-fold-bed-gris-anthracite\\\/#primaryimage\"},\"image\":{\"@id\":\"https:\\\/\\\/shop.bantam.ch\\\/fr\\\/produit\\\/chaise-longue-westfield-aida-quick-fold-bed-gris-anthracite\\\/#primaryimage\"},\"thumbnailUrl\":\"https:\\\/\\\/shop.bantam.ch\\\/wp-content\\\/uploads\\\/2025\\\/12\\\/Movera-L-9960523100.jpg\",\"datePublished\":\"2025-12-17T14:05:41+00:00\",\"dateModified\":\"2026-04-17T21:40:33+00:00\",\"breadcrumb\":{\"@id\":\"https:\\\/\\\/shop.bantam.ch\\\/fr\\\/produit\\\/chaise-longue-westfield-aida-quick-fold-bed-gris-anthracite\\\/#breadcrumb\"},\"inLanguage\":\"fr-FR\",\"potentialAction\":[{\"@type\":\"ReadAction\",\"target\":[\"https:\\\/\\\/shop.bantam.ch\\\/fr\\\/produit\\\/chaise-longue-westfield-aida-quick-fold-bed-gris-anthracite\\\/\"]}]},{\"@type\":\"ImageObject\",\"inLanguage\":\"fr-FR\",\"@id\":\"https:\\\/\\\/shop.bantam.ch\\\/fr\\\/produit\\\/chaise-longue-westfield-aida-quick-fold-bed-gris-anthracite\\\/#primaryimage\",\"url\":\"https:\\\/\\\/shop.bantam.ch\\\/wp-content\\\/uploads\\\/2025\\\/12\\\/Movera-L-9960523100.jpg\",\"contentUrl\":\"https:\\\/\\\/shop.bantam.ch\\\/wp-content\\\/uploads\\\/2025\\\/12\\\/Movera-L-9960523100.jpg\",\"width\":640,\"height\":340},{\"@type\":\"BreadcrumbList\",\"@id\":\"https:\\\/\\\/shop.bantam.ch\\\/fr\\\/produit\\\/chaise-longue-westfield-aida-quick-fold-bed-gris-anthracite\\\/#breadcrumb\",\"itemListElement\":[{\"@type\":\"ListItem\",\"position\":1,\"name\":\"Accueil\",\"item\":\"https:\\\/\\\/shop.bantam.ch\\\/fr\\\/\"},{\"@type\":\"ListItem\",\"position\":2,\"name\":\"Boutique\",\"item\":\"https:\\\/\\\/shop.bantam.ch\\\/fr\\\/boutique\\\/\"},{\"@type\":\"ListItem\",\"position\":3,\"name\":\"Chaise longue Westfield Aida Quick fold bed gris anthracite\"}]},{\"@type\":\"WebSite\",\"@id\":\"https:\\\/\\\/shop.bantam.ch\\\/fr\\\/#website\",\"url\":\"https:\\\/\\\/shop.bantam.ch\\\/fr\\\/\",\"name\":\"Bantam Wankm\u00fcller SA\",\"description\":\"\",\"publisher\":{\"@id\":\"https:\\\/\\\/shop.bantam.ch\\\/fr\\\/#organization\"},\"inLanguage\":\"fr-FR\"},{\"@type\":\"Organization\",\"@id\":\"https:\\\/\\\/shop.bantam.ch\\\/fr\\\/#organization\",\"name\":\"Bantam Wankm\u00fcller SA\",\"url\":\"https:\\\/\\\/shop.bantam.ch\\\/fr\\\/\",\"logo\":{\"@type\":\"ImageObject\",\"inLanguage\":\"fr-FR\",\"@id\":\"https:\\\/\\\/shop.bantam.ch\\\/fr\\\/#\\\/schema\\\/logo\\\/image\\\/\",\"url\":\"https:\\\/\\\/shop.bantam.ch\\\/wp-content\\\/uploads\\\/2022\\\/12\\\/bantam-logo.png\",\"contentUrl\":\"https:\\\/\\\/shop.bantam.ch\\\/wp-content\\\/uploads\\\/2022\\\/12\\\/bantam-logo.png\",\"width\":320,\"height\":71,\"caption\":\"Bantam Wankm\u00fcller SA\"},\"image\":{\"@id\":\"https:\\\/\\\/shop.bantam.ch\\\/fr\\\/#\\\/schema\\\/logo\\\/image\\\/\"}}]}<\/script>\n<!-- \/ Yoast SEO plugin. -->","yoast_head_json":{"title":"Chaise longue Westfield Aida Quick fold bed gris anthracite - Bantam Wankm\u00fcller SA","robots":{"index":"index","follow":"follow","max-snippet":"max-snippet:-1","max-image-preview":"max-image-preview:large","max-video-preview":"max-video-preview:-1"},"canonical":"https:\/\/shop.bantam.ch\/fr\/produit\/chaise-longue-westfield-aida-quick-fold-bed-gris-anthracite\/","og_locale":"fr_FR","og_type":"article","og_title":"Chaise longue Westfield Aida Quick fold bed gris anthracite - Bantam Wankm\u00fcller SA","og_description":"Gr\u00e2ce \u00e0 sa construction innovante, la chaise longue AIDA peut \u00eatre assembl\u00e9e en quelques secondes. Un mouvement de la main suffit et la chaise longue est en place. La surface g\u00e9n\u00e9reuse et le matelassage int\u00e9gr\u00e9 du tissu en fibres DuraDore\u00ae 3D offrent un confort de couchage particuli\u00e8rement \u00e9lev\u00e9. Le repose-t\u00eate est r\u00e9glable sur 5 positions. [&hellip;]","og_url":"https:\/\/shop.bantam.ch\/fr\/produit\/chaise-longue-westfield-aida-quick-fold-bed-gris-anthracite\/","og_site_name":"Bantam Wankm\u00fcller SA","article_modified_time":"2026-04-17T21:40:33+00:00","twitter_card":"summary_large_image","schema":{"@context":"https:\/\/schema.org","@graph":[{"@type":"WebPage","@id":"https:\/\/shop.bantam.ch\/fr\/produit\/chaise-longue-westfield-aida-quick-fold-bed-gris-anthracite\/","url":"https:\/\/shop.bantam.ch\/fr\/produit\/chaise-longue-westfield-aida-quick-fold-bed-gris-anthracite\/","name":"Chaise longue Westfield Aida Quick fold bed gris anthracite - Bantam Wankm\u00fcller SA","isPartOf":{"@id":"https:\/\/shop.bantam.ch\/fr\/#website"},"primaryImageOfPage":{"@id":"https:\/\/shop.bantam.ch\/fr\/produit\/chaise-longue-westfield-aida-quick-fold-bed-gris-anthracite\/#primaryimage"},"image":{"@id":"https:\/\/shop.bantam.ch\/fr\/produit\/chaise-longue-westfield-aida-quick-fold-bed-gris-anthracite\/#primaryimage"},"thumbnailUrl":"https:\/\/shop.bantam.ch\/wp-content\/uploads\/2025\/12\/Movera-L-9960523100.jpg","datePublished":"2025-12-17T14:05:41+00:00","dateModified":"2026-04-17T21:40:33+00:00","breadcrumb":{"@id":"https:\/\/shop.bantam.ch\/fr\/produit\/chaise-longue-westfield-aida-quick-fold-bed-gris-anthracite\/#breadcrumb"},"inLanguage":"fr-FR","potentialAction":[{"@type":"ReadAction","target":["https:\/\/shop.bantam.ch\/fr\/produit\/chaise-longue-westfield-aida-quick-fold-bed-gris-anthracite\/"]}]},{"@type":"ImageObject","inLanguage":"fr-FR","@id":"https:\/\/shop.bantam.ch\/fr\/produit\/chaise-longue-westfield-aida-quick-fold-bed-gris-anthracite\/#primaryimage","url":"https:\/\/shop.bantam.ch\/wp-content\/uploads\/2025\/12\/Movera-L-9960523100.jpg","contentUrl":"https:\/\/shop.bantam.ch\/wp-content\/uploads\/2025\/12\/Movera-L-9960523100.jpg","width":640,"height":340},{"@type":"BreadcrumbList","@id":"https:\/\/shop.bantam.ch\/fr\/produit\/chaise-longue-westfield-aida-quick-fold-bed-gris-anthracite\/#breadcrumb","itemListElement":[{"@type":"ListItem","position":1,"name":"Accueil","item":"https:\/\/shop.bantam.ch\/fr\/"},{"@type":"ListItem","position":2,"name":"Boutique","item":"https:\/\/shop.bantam.ch\/fr\/boutique\/"},{"@type":"ListItem","position":3,"name":"Chaise longue Westfield Aida Quick fold bed gris anthracite"}]},{"@type":"WebSite","@id":"https:\/\/shop.bantam.ch\/fr\/#website","url":"https:\/\/shop.bantam.ch\/fr\/","name":"Bantam Wankm\u00fcller SA","description":"","publisher":{"@id":"https:\/\/shop.bantam.ch\/fr\/#organization"},"inLanguage":"fr-FR"},{"@type":"Organization","@id":"https:\/\/shop.bantam.ch\/fr\/#organization","name":"Bantam Wankm\u00fcller SA","url":"https:\/\/shop.bantam.ch\/fr\/","logo":{"@type":"ImageObject","inLanguage":"fr-FR","@id":"https:\/\/shop.bantam.ch\/fr\/#\/schema\/logo\/image\/","url":"https:\/\/shop.bantam.ch\/wp-content\/uploads\/2022\/12\/bantam-logo.png","contentUrl":"https:\/\/shop.bantam.ch\/wp-content\/uploads\/2022\/12\/bantam-logo.png","width":320,"height":71,"caption":"Bantam Wankm\u00fcller SA"},"image":{"@id":"https:\/\/shop.bantam.ch\/fr\/#\/schema\/logo\/image\/"}}]}},"_links":{"self":[{"href":"https:\/\/shop.bantam.ch\/fr\/wp-json\/wp\/v2\/product\/225038","targetHints":{"allow":["GET"]}}],"collection":[{"href":"https:\/\/shop.bantam.ch\/fr\/wp-json\/wp\/v2\/product"}],"about":[{"href":"https:\/\/shop.bantam.ch\/fr\/wp-json\/wp\/v2\/types\/product"}],"wp:featuredmedia":[{"embeddable":true,"href":"https:\/\/shop.bantam.ch\/fr\/wp-json\/wp\/v2\/media\/225036"}],"wp:attachment":[{"href":"https:\/\/shop.bantam.ch\/fr\/wp-json\/wp\/v2\/media?parent=225038"}],"wp:term":[{"taxonomy":"product_featured_cat","embeddable":true,"href":"https:\/\/shop.bantam.ch\/fr\/wp-json\/wp\/v2\/product_featured_cat?post=225038"},{"taxonomy":"product_brand","embeddable":true,"href":"https:\/\/shop.bantam.ch\/fr\/wp-json\/wp\/v2\/product_brand?post=225038"},{"taxonomy":"product_cat","embeddable":true,"href":"https:\/\/shop.bantam.ch\/fr\/wp-json\/wp\/v2\/product_cat?post=225038"},{"taxonomy":"product_tag","embeddable":true,"href":"https:\/\/shop.bantam.ch\/fr\/wp-json\/wp\/v2\/product_tag?post=225038"}],"curies":[{"name":"wp","href":"https:\/\/api.w.org\/{rel}","templated":true}]}}