{"id":225000,"date":"2025-12-17T15:04:42","date_gmt":"2025-12-17T14:04:42","guid":{"rendered":"https:\/\/shop.bantam.ch\/produit\/generateur-tig6000b-yamaha-essence-54-kva-230-vac-cable-de-5-m\/"},"modified":"2026-04-18T23:43:47","modified_gmt":"2026-04-18T21:43:47","slug":"generateur-tig6000b-yamaha-essence-54-kva-230-vac-cable-de-5-m","status":"publish","type":"product","link":"https:\/\/shop.bantam.ch\/fr\/produit\/generateur-tig6000b-yamaha-essence-54-kva-230-vac-cable-de-5-m\/","title":{"rendered":"G\u00e9n\u00e9rateur TIG6000B Yamaha essence, 5,4 KVA &#8211; 230 Vac c\u00e2ble de 5 m"},"content":{"rendered":"<p>Le TIG 6000 B est un g\u00e9n\u00e9rateur 230 VAC de derni\u00e8re g\u00e9n\u00e9ration, \u00e9quip\u00e9 de la technologie des convertisseurs et de l&rsquo;alimentation des moteurs \u00e0 essence. Un syst\u00e8me de commande \u00e9lectronique ultramoderne \u00e0 vitesse variable est responsable d&rsquo;un niveau sonore extr\u00eamement bas et, en m\u00eame temps, d&rsquo;une consommation moyenne de carburant extr\u00eamement faible. La technologie des convertisseurs permet de g\u00e9n\u00e9rer une tension extr\u00eamement stable avec une onde sinuso\u00efdale pure. Le panneau de commande \u00e0 distance, de conception moderne et dot\u00e9 d&rsquo;un \u00e9cran graphique, fournit \u00e0 l&rsquo;utilisateur toutes les informations relatives au fonctionnement du g\u00e9n\u00e9rateur : Contr\u00f4le du niveau d&rsquo;huile, de la temp\u00e9rature de fonctionnement et de la consommation d&rsquo;\u00e9nergie avec arr\u00eat automatique du moteur en cas d&rsquo;\u00e9carts par rapport aux valeurs standard. Vous pouvez choisir entre le fonctionnement manuel ou automatique du g\u00e9n\u00e9rateur (s&rsquo;il est \u00e9galement utilis\u00e9 comme chargeur de batterie). De plus, le g\u00e9n\u00e9rateur est \u00e9quip\u00e9 d&rsquo;un bouton poussoir BOOST qui peut \u00eatre utilis\u00e9 lorsqu&rsquo;une augmentation temporaire de puissance est n\u00e9cessaire pour une charge \u00e9lectrique tr\u00e8s \u00e9lev\u00e9e. Le g\u00e9n\u00e9rateur dispose en outre d&rsquo;une interface sp\u00e9ciale r\u00e9serv\u00e9e \u00e0 l&rsquo;utilisation de la nouvelle application Teleco Hub pour la mise en marche, l&rsquo;arr\u00eat et la t\u00e9l\u00e9surveillance du g\u00e9n\u00e9rateur via un smartphone iOS ou Android.<\/p>\n<ul>\n<li>Puissance moteur\u00a0: YAMAHA MZ 300<\/li>\n<li>R\u00e9gime\u00a0: 2400 &#8211; 3600 tr\/min<\/li>\n<li>Nombre max. Puissance : 5,6 KW &#8211; 230V<\/li>\n<li>10A \/ 13,3 Vdc<\/li>\n<li>Fr\u00e9quence : 50 Hz<\/li>\n<li>Distorsion : 1%<\/li>\n<li>D\u00e9marrage : \u00e9lectrique<\/li>\n<li>Niveau sonore : 58 dBA (7m)<\/li>\n<li>Nombre max. Consommation de carburant : 2,2 Lt\/h<\/li>\n<\/ul>\n","protected":false},"excerpt":{"rendered":"<p>Le TIG 6000 B est un g\u00e9n\u00e9rateur 230 VAC de derni\u00e8re g\u00e9n\u00e9ration, \u00e9quip\u00e9 de la technologie des convertisseurs et de l&rsquo;alimentation des moteurs \u00e0 essence. Un syst\u00e8me de commande \u00e9lectronique ultramoderne \u00e0 vitesse variable est responsable d&rsquo;un niveau sonore extr\u00eamement bas et, en m\u00eame temps, d&rsquo;une consommation moyenne de carburant extr\u00eamement faible. La technologie des [&hellip;]<\/p>\n","protected":false},"featured_media":224996,"template":"","meta":{"_acf_changed":false},"product_featured_cat":[],"product_brand":[],"product_cat":[4855],"product_tag":[],"class_list":{"0":"post-225000","1":"product","2":"type-product","3":"status-publish","4":"has-post-thumbnail","6":"product_cat-generateurs-essence","8":"first","9":"instock","10":"taxable","11":"shipping-taxable","12":"purchasable","13":"product-type-simple"},"acf":[],"yoast_head":"<!-- This site is optimized with the Yoast SEO plugin v27.4 - https:\/\/yoast.com\/product\/yoast-seo-wordpress\/ -->\n<title>G\u00e9n\u00e9rateur TIG6000B Yamaha essence, 5,4 KVA - 230 Vac c\u00e2ble de 5 m - Bantam Wankm\u00fcller SA<\/title>\n<meta name=\"robots\" content=\"index, follow, max-snippet:-1, max-image-preview:large, max-video-preview:-1\" \/>\n<link rel=\"canonical\" href=\"https:\/\/shop.bantam.ch\/fr\/produit\/generateur-tig6000b-yamaha-essence-54-kva-230-vac-cable-de-5-m\/\" \/>\n<meta property=\"og:locale\" content=\"fr_FR\" \/>\n<meta property=\"og:type\" content=\"article\" \/>\n<meta property=\"og:title\" content=\"G\u00e9n\u00e9rateur TIG6000B Yamaha essence, 5,4 KVA - 230 Vac c\u00e2ble de 5 m - Bantam Wankm\u00fcller SA\" \/>\n<meta property=\"og:description\" content=\"Le TIG 6000 B est un g\u00e9n\u00e9rateur 230 VAC de derni\u00e8re g\u00e9n\u00e9ration, \u00e9quip\u00e9 de la technologie des convertisseurs et de l&rsquo;alimentation des moteurs \u00e0 essence. Un syst\u00e8me de commande \u00e9lectronique ultramoderne \u00e0 vitesse variable est responsable d&rsquo;un niveau sonore extr\u00eamement bas et, en m\u00eame temps, d&rsquo;une consommation moyenne de carburant extr\u00eamement faible. La technologie des [&hellip;]\" \/>\n<meta property=\"og:url\" content=\"https:\/\/shop.bantam.ch\/fr\/produit\/generateur-tig6000b-yamaha-essence-54-kva-230-vac-cable-de-5-m\/\" \/>\n<meta property=\"og:site_name\" content=\"Bantam Wankm\u00fcller SA\" \/>\n<meta property=\"article:modified_time\" content=\"2026-04-18T21:43:47+00:00\" \/>\n<meta name=\"twitter:card\" content=\"summary_large_image\" \/>\n<meta name=\"twitter:label1\" content=\"Dur\u00e9e de lecture estim\u00e9e\" \/>\n\t<meta name=\"twitter:data1\" content=\"1 minute\" \/>\n<script type=\"application\/ld+json\" class=\"yoast-schema-graph\">{\"@context\":\"https:\\\/\\\/schema.org\",\"@graph\":[{\"@type\":\"WebPage\",\"@id\":\"https:\\\/\\\/shop.bantam.ch\\\/fr\\\/produit\\\/generateur-tig6000b-yamaha-essence-54-kva-230-vac-cable-de-5-m\\\/\",\"url\":\"https:\\\/\\\/shop.bantam.ch\\\/fr\\\/produit\\\/generateur-tig6000b-yamaha-essence-54-kva-230-vac-cable-de-5-m\\\/\",\"name\":\"G\u00e9n\u00e9rateur TIG6000B Yamaha essence, 5,4 KVA - 230 Vac c\u00e2ble de 5 m - Bantam Wankm\u00fcller SA\",\"isPartOf\":{\"@id\":\"https:\\\/\\\/shop.bantam.ch\\\/fr\\\/#website\"},\"primaryImageOfPage\":{\"@id\":\"https:\\\/\\\/shop.bantam.ch\\\/fr\\\/produit\\\/generateur-tig6000b-yamaha-essence-54-kva-230-vac-cable-de-5-m\\\/#primaryimage\"},\"image\":{\"@id\":\"https:\\\/\\\/shop.bantam.ch\\\/fr\\\/produit\\\/generateur-tig6000b-yamaha-essence-54-kva-230-vac-cable-de-5-m\\\/#primaryimage\"},\"thumbnailUrl\":\"https:\\\/\\\/shop.bantam.ch\\\/wp-content\\\/uploads\\\/2025\\\/12\\\/Movera-L-9960734100.jpg\",\"datePublished\":\"2025-12-17T14:04:42+00:00\",\"dateModified\":\"2026-04-18T21:43:47+00:00\",\"breadcrumb\":{\"@id\":\"https:\\\/\\\/shop.bantam.ch\\\/fr\\\/produit\\\/generateur-tig6000b-yamaha-essence-54-kva-230-vac-cable-de-5-m\\\/#breadcrumb\"},\"inLanguage\":\"fr-FR\",\"potentialAction\":[{\"@type\":\"ReadAction\",\"target\":[\"https:\\\/\\\/shop.bantam.ch\\\/fr\\\/produit\\\/generateur-tig6000b-yamaha-essence-54-kva-230-vac-cable-de-5-m\\\/\"]}]},{\"@type\":\"ImageObject\",\"inLanguage\":\"fr-FR\",\"@id\":\"https:\\\/\\\/shop.bantam.ch\\\/fr\\\/produit\\\/generateur-tig6000b-yamaha-essence-54-kva-230-vac-cable-de-5-m\\\/#primaryimage\",\"url\":\"https:\\\/\\\/shop.bantam.ch\\\/wp-content\\\/uploads\\\/2025\\\/12\\\/Movera-L-9960734100.jpg\",\"contentUrl\":\"https:\\\/\\\/shop.bantam.ch\\\/wp-content\\\/uploads\\\/2025\\\/12\\\/Movera-L-9960734100.jpg\",\"width\":640,\"height\":297},{\"@type\":\"BreadcrumbList\",\"@id\":\"https:\\\/\\\/shop.bantam.ch\\\/fr\\\/produit\\\/generateur-tig6000b-yamaha-essence-54-kva-230-vac-cable-de-5-m\\\/#breadcrumb\",\"itemListElement\":[{\"@type\":\"ListItem\",\"position\":1,\"name\":\"Accueil\",\"item\":\"https:\\\/\\\/shop.bantam.ch\\\/fr\\\/\"},{\"@type\":\"ListItem\",\"position\":2,\"name\":\"Boutique\",\"item\":\"https:\\\/\\\/shop.bantam.ch\\\/fr\\\/boutique\\\/\"},{\"@type\":\"ListItem\",\"position\":3,\"name\":\"G\u00e9n\u00e9rateur TIG6000B Yamaha essence, 5,4 KVA &#8211; 230 Vac c\u00e2ble de 5 m\"}]},{\"@type\":\"WebSite\",\"@id\":\"https:\\\/\\\/shop.bantam.ch\\\/fr\\\/#website\",\"url\":\"https:\\\/\\\/shop.bantam.ch\\\/fr\\\/\",\"name\":\"Bantam Wankm\u00fcller SA\",\"description\":\"\",\"publisher\":{\"@id\":\"https:\\\/\\\/shop.bantam.ch\\\/fr\\\/#organization\"},\"inLanguage\":\"fr-FR\"},{\"@type\":\"Organization\",\"@id\":\"https:\\\/\\\/shop.bantam.ch\\\/fr\\\/#organization\",\"name\":\"Bantam Wankm\u00fcller SA\",\"url\":\"https:\\\/\\\/shop.bantam.ch\\\/fr\\\/\",\"logo\":{\"@type\":\"ImageObject\",\"inLanguage\":\"fr-FR\",\"@id\":\"https:\\\/\\\/shop.bantam.ch\\\/fr\\\/#\\\/schema\\\/logo\\\/image\\\/\",\"url\":\"https:\\\/\\\/shop.bantam.ch\\\/wp-content\\\/uploads\\\/2022\\\/12\\\/bantam-logo.png\",\"contentUrl\":\"https:\\\/\\\/shop.bantam.ch\\\/wp-content\\\/uploads\\\/2022\\\/12\\\/bantam-logo.png\",\"width\":320,\"height\":71,\"caption\":\"Bantam Wankm\u00fcller SA\"},\"image\":{\"@id\":\"https:\\\/\\\/shop.bantam.ch\\\/fr\\\/#\\\/schema\\\/logo\\\/image\\\/\"}}]}<\/script>\n<!-- \/ Yoast SEO plugin. -->","yoast_head_json":{"title":"G\u00e9n\u00e9rateur TIG6000B Yamaha essence, 5,4 KVA - 230 Vac c\u00e2ble de 5 m - Bantam Wankm\u00fcller SA","robots":{"index":"index","follow":"follow","max-snippet":"max-snippet:-1","max-image-preview":"max-image-preview:large","max-video-preview":"max-video-preview:-1"},"canonical":"https:\/\/shop.bantam.ch\/fr\/produit\/generateur-tig6000b-yamaha-essence-54-kva-230-vac-cable-de-5-m\/","og_locale":"fr_FR","og_type":"article","og_title":"G\u00e9n\u00e9rateur TIG6000B Yamaha essence, 5,4 KVA - 230 Vac c\u00e2ble de 5 m - Bantam Wankm\u00fcller SA","og_description":"Le TIG 6000 B est un g\u00e9n\u00e9rateur 230 VAC de derni\u00e8re g\u00e9n\u00e9ration, \u00e9quip\u00e9 de la technologie des convertisseurs et de l&rsquo;alimentation des moteurs \u00e0 essence. Un syst\u00e8me de commande \u00e9lectronique ultramoderne \u00e0 vitesse variable est responsable d&rsquo;un niveau sonore extr\u00eamement bas et, en m\u00eame temps, d&rsquo;une consommation moyenne de carburant extr\u00eamement faible. La technologie des [&hellip;]","og_url":"https:\/\/shop.bantam.ch\/fr\/produit\/generateur-tig6000b-yamaha-essence-54-kva-230-vac-cable-de-5-m\/","og_site_name":"Bantam Wankm\u00fcller SA","article_modified_time":"2026-04-18T21:43:47+00:00","twitter_card":"summary_large_image","twitter_misc":{"Dur\u00e9e de lecture estim\u00e9e":"1 minute"},"schema":{"@context":"https:\/\/schema.org","@graph":[{"@type":"WebPage","@id":"https:\/\/shop.bantam.ch\/fr\/produit\/generateur-tig6000b-yamaha-essence-54-kva-230-vac-cable-de-5-m\/","url":"https:\/\/shop.bantam.ch\/fr\/produit\/generateur-tig6000b-yamaha-essence-54-kva-230-vac-cable-de-5-m\/","name":"G\u00e9n\u00e9rateur TIG6000B Yamaha essence, 5,4 KVA - 230 Vac c\u00e2ble de 5 m - Bantam Wankm\u00fcller SA","isPartOf":{"@id":"https:\/\/shop.bantam.ch\/fr\/#website"},"primaryImageOfPage":{"@id":"https:\/\/shop.bantam.ch\/fr\/produit\/generateur-tig6000b-yamaha-essence-54-kva-230-vac-cable-de-5-m\/#primaryimage"},"image":{"@id":"https:\/\/shop.bantam.ch\/fr\/produit\/generateur-tig6000b-yamaha-essence-54-kva-230-vac-cable-de-5-m\/#primaryimage"},"thumbnailUrl":"https:\/\/shop.bantam.ch\/wp-content\/uploads\/2025\/12\/Movera-L-9960734100.jpg","datePublished":"2025-12-17T14:04:42+00:00","dateModified":"2026-04-18T21:43:47+00:00","breadcrumb":{"@id":"https:\/\/shop.bantam.ch\/fr\/produit\/generateur-tig6000b-yamaha-essence-54-kva-230-vac-cable-de-5-m\/#breadcrumb"},"inLanguage":"fr-FR","potentialAction":[{"@type":"ReadAction","target":["https:\/\/shop.bantam.ch\/fr\/produit\/generateur-tig6000b-yamaha-essence-54-kva-230-vac-cable-de-5-m\/"]}]},{"@type":"ImageObject","inLanguage":"fr-FR","@id":"https:\/\/shop.bantam.ch\/fr\/produit\/generateur-tig6000b-yamaha-essence-54-kva-230-vac-cable-de-5-m\/#primaryimage","url":"https:\/\/shop.bantam.ch\/wp-content\/uploads\/2025\/12\/Movera-L-9960734100.jpg","contentUrl":"https:\/\/shop.bantam.ch\/wp-content\/uploads\/2025\/12\/Movera-L-9960734100.jpg","width":640,"height":297},{"@type":"BreadcrumbList","@id":"https:\/\/shop.bantam.ch\/fr\/produit\/generateur-tig6000b-yamaha-essence-54-kva-230-vac-cable-de-5-m\/#breadcrumb","itemListElement":[{"@type":"ListItem","position":1,"name":"Accueil","item":"https:\/\/shop.bantam.ch\/fr\/"},{"@type":"ListItem","position":2,"name":"Boutique","item":"https:\/\/shop.bantam.ch\/fr\/boutique\/"},{"@type":"ListItem","position":3,"name":"G\u00e9n\u00e9rateur TIG6000B Yamaha essence, 5,4 KVA &#8211; 230 Vac c\u00e2ble de 5 m"}]},{"@type":"WebSite","@id":"https:\/\/shop.bantam.ch\/fr\/#website","url":"https:\/\/shop.bantam.ch\/fr\/","name":"Bantam Wankm\u00fcller SA","description":"","publisher":{"@id":"https:\/\/shop.bantam.ch\/fr\/#organization"},"inLanguage":"fr-FR"},{"@type":"Organization","@id":"https:\/\/shop.bantam.ch\/fr\/#organization","name":"Bantam Wankm\u00fcller SA","url":"https:\/\/shop.bantam.ch\/fr\/","logo":{"@type":"ImageObject","inLanguage":"fr-FR","@id":"https:\/\/shop.bantam.ch\/fr\/#\/schema\/logo\/image\/","url":"https:\/\/shop.bantam.ch\/wp-content\/uploads\/2022\/12\/bantam-logo.png","contentUrl":"https:\/\/shop.bantam.ch\/wp-content\/uploads\/2022\/12\/bantam-logo.png","width":320,"height":71,"caption":"Bantam Wankm\u00fcller SA"},"image":{"@id":"https:\/\/shop.bantam.ch\/fr\/#\/schema\/logo\/image\/"}}]}},"_links":{"self":[{"href":"https:\/\/shop.bantam.ch\/fr\/wp-json\/wp\/v2\/product\/225000","targetHints":{"allow":["GET"]}}],"collection":[{"href":"https:\/\/shop.bantam.ch\/fr\/wp-json\/wp\/v2\/product"}],"about":[{"href":"https:\/\/shop.bantam.ch\/fr\/wp-json\/wp\/v2\/types\/product"}],"wp:featuredmedia":[{"embeddable":true,"href":"https:\/\/shop.bantam.ch\/fr\/wp-json\/wp\/v2\/media\/224996"}],"wp:attachment":[{"href":"https:\/\/shop.bantam.ch\/fr\/wp-json\/wp\/v2\/media?parent=225000"}],"wp:term":[{"taxonomy":"product_featured_cat","embeddable":true,"href":"https:\/\/shop.bantam.ch\/fr\/wp-json\/wp\/v2\/product_featured_cat?post=225000"},{"taxonomy":"product_brand","embeddable":true,"href":"https:\/\/shop.bantam.ch\/fr\/wp-json\/wp\/v2\/product_brand?post=225000"},{"taxonomy":"product_cat","embeddable":true,"href":"https:\/\/shop.bantam.ch\/fr\/wp-json\/wp\/v2\/product_cat?post=225000"},{"taxonomy":"product_tag","embeddable":true,"href":"https:\/\/shop.bantam.ch\/fr\/wp-json\/wp\/v2\/product_tag?post=225000"}],"curies":[{"name":"wp","href":"https:\/\/api.w.org\/{rel}","templated":true}]}}