{"id":224958,"date":"2025-12-17T15:03:49","date_gmt":"2025-12-17T14:03:49","guid":{"rendered":"https:\/\/shop.bantam.ch\/produit\/infotainer-z-n875-ecran-1-din-9-pouces-dab-apple-carplay-et-android-auto\/"},"modified":"2026-04-19T23:47:13","modified_gmt":"2026-04-19T21:47:13","slug":"infotainer-z-n875-ecran-1-din-9-pouces-dab-apple-carplay-et-android-auto","status":"publish","type":"product","link":"https:\/\/shop.bantam.ch\/fr\/produit\/infotainer-z-n875-ecran-1-din-9-pouces-dab-apple-carplay-et-android-auto\/","title":{"rendered":"Infotainer Z-N875 \u00e9cran 1-DIN 9 pouces, DAB+, Apple Carplay et Android Auto"},"content":{"rendered":"<p>Le ZENEC Z-N875 est un syst\u00e8me d\u2019infodivertissement sophistiqu\u00e9 pour v\u00e9hicules \u00e9quip\u00e9s d\u2019un casier d\u2019encastrement d\u2019appareils 1-DIN. Pour un positionnement optimal dans le poste de conduite, l\u2019\u00e9l\u00e9gant \u00e9cran sans cadre du Z-N875 est dot\u00e9 d\u2019un m\u00e9canisme manuel de r\u00e9glage permettant d\u2019adapter individuellement l\u2019angle d\u2019inclinaison et la position verticale. L\u2019\u00e9cran capacitif tactile 22,9 cm\/9&Prime; TFT (1024 \u00d7 600 pixels) avec surface en verre v\u00e9ritable affiche des images contrast\u00e9es, nettes et brillantes.<\/p>\n<p>Le Z-N875 est certifi\u00e9 Apple CarPlay Google Android AutoTM. Les syst\u00e8mes sp\u00e9cialement d\u00e9velopp\u00e9s par Apple et Google pour la connectivit\u00e9 de smartphones et d\u2019infodivertissement offre un haut degr\u00e9 de s\u00e9curit\u00e9 pendant la conduite et une utilisation ais\u00e9e des applications install\u00e9es. Si l\u2019on couple le smartphone par la prise USB-A 2.0 \u00e0 l\u2019infodivertissement, les repr\u00e9sentations graphiques des applications sont mises \u00e0 l\u2019\u00e9chelle de l\u2019\u00e9cran de l\u2019appareil. La commande s\u2019effectue, selon les pr\u00e9f\u00e9rences personnelles, par \u00e9cran tactile, t\u00e9l\u00e9commande au volant ou commande vocale Apple Siri ou Assistant Google. Planificateur d\u2019itin\u00e9raire, fonction d\u2019appel t\u00e9l\u00e9phonique, envoi et r\u00e9ception de messages ou \u00e9coute de musique en toute facilit\u00e9. Un abonnement \u00e0 des services de diffusion comme Apple Music, Spotify ou Amazon Music sur un smartphone est ainsi \u00e9galement utilisable sur le Z-N875.<\/p>\n<p>Le guidage par les applications de cartes Google ou Apple int\u00e9gr\u00e9es d\u2019origine sur le smartphone est tr\u00e8s ais\u00e9. Pour les exigences plus \u00e9lev\u00e9es, il est possible d\u2019utiliser son application de navigation hors ligne pr\u00e9f\u00e9r\u00e9e sur le smartphone si celle-ci est homologu\u00e9e par Apple\/Google pour une utilisation de CarPlay ou d\u2019Android Auto. Apple CarPlay et Android Auto font en permanence l\u2019objet de perfectionnement et d\u2019extension des fonctionnalit\u00e9s par Apple et Google.<\/p>\n<p>Le Z-N875 ma\u00eetrise naturellement \u00e0 la perfection \u00e9galement les fonctions de radios classiques. En effet, le Z-N875 dispose non seulement d\u2019un syntoniseur FM RDS de haute qualit\u00e9 de r\u00e9ception et d\u2019utilisation facile, mais \u00e9galement d\u2019un double syntoniseur DAB+ \u00e0 la pointe de l\u2019actualit\u00e9. Celui-ci recouvre toute la diversit\u00e9 des programmes du standard de la radio num\u00e9rique, y compris des fonctions confort importantes et tr\u00e8s appr\u00e9ci\u00e9es, comme la liste de stations dynamique (\u00ab\u00a0Background Scan\u00a0\u00bb), MOT Slideshow, texte DLS et DAB&lt;&gt;FM\/DAB&lt;&gt;DAB Seamless Service Following.<\/p>\n<p>Le module Bluetooth 4.2 offre des fonctions de commandes \u00ab\u00a0mains libres\u00a0\u00bb en haute qualit\u00e9 audio et convainc par une gestion moderne du r\u00e9pertoire t\u00e9l\u00e9phonique, sa fonction de recherche de contact et une commande simple optimis\u00e9e. La diffusion de musique A2DP permet de lire sans fil sur le syst\u00e8me d\u2019infodivertissement la collection musicale enregistr\u00e9e sur le smartphone.<\/p>\n<p>Le Z-N875 permet de commander jusqu\u2019\u00e0 trois cam\u00e9ras de recul. La fonction CAM peut \u00eatre affect\u00e9e \u00e0 la touche Favoris de sorte \u00e0 permettre une commande directe de la\/des cam\u00e9ra\/s raccord\u00e9e\/s. Les lignes de guidage de la man\u0153uvre de stationnement, affichables en plus pour faciliter l\u2019\u00e9valuation de la distance et r\u00e9glables sur le syst\u00e8me de cam\u00e9ra correspondant sont d\u2019une grande utilit\u00e9 dans la pratique.<\/p>\n<p>L\u2019appareil tient \u00e9galement sa promesse de satisfaction de hautes exigences envers les fonctions audio. En mode Expert, la puce DSP permet d\u2019adapter les sorties avant\/arri\u00e8re et basses avec filtrage passe-haut et passe-bas configurable et d\u2019accorder le tout. La correction de champ sonore 5 canaux r\u00e9glable individuellement pour chaque canal permet l\u2019optimisation de la repr\u00e9sentation st\u00e9r\u00e9o au niveau des si\u00e8ges conducteur et passager avant. La saisie du d\u00e9lai peut s\u2019effectuer sous la forme de distance en cm ou de vitesse du son en mS. L\u2019\u00e9galiseur graphique 10 bandes syntonise la r\u00e9ponse en fr\u00e9quence dans le v\u00e9hicule en fonction des pr\u00e9f\u00e9rences personnelles.<\/p>\n<p>Le Z-N875 prend en charge la lecture des plus r\u00e9cents formats audio et vid\u00e9o \u00e0 partir de supports de donn\u00e9es USB par l\u2019interm\u00e9diaire d\u2019une prise USB 2.0.<\/p>\n<p>Compatibilit\u00e9 des v\u00e9hicules<br \/>Le dispositif Z-N875 s\u2019int\u00e8gre dans le tableau de bord de v\u00e9hicules disposant d\u2019un logement direct de dispositif 1-DIN ou d\u2019un kit de montage sp\u00e9cifique au v\u00e9hicule pour dispositifs dot\u00e9s d\u2019un bo\u00eetier 1-DIN.<\/p>\n<p>\u00a0CARACT\u00c9RISTIQUES PRINCIPALES<\/p>\n<ul>\n<li>Syst\u00e8me d\u2019infodivertissement 1-DIN avec \u00e9cran 9\u2033 et syntoniseur DAB+<\/li>\n<li>\u00c9cran tactile capacitif 9\u2033\/22,9\u00a0cm LCD TFT (1024 \u00d7 600\u00a0pixels) avec surface en verre v\u00e9ritable et r\u00e9glable<\/li>\n<li>Menu OSD en 15 langues officielles de l&rsquo;Union europ\u00e9enne<\/li>\n<li>Double syntoniseur DAB+ avec liste de stations dynamique, DAB&lt;&gt;FM et DAB&lt;&gt;DAB Seamless Service Following, MOT Slideshow et texte DLS<\/li>\n<li>Radio FM RDS avec 18\u00a0m\u00e9moires de station<\/li>\n<li>Compatible avec Google Android AutoTM<\/li>\n<li>Compatible avec Apple CarPlay<\/li>\n<li>Con\u00e7u pour iPod \/ iPhone<\/li>\n<li>Module mains-libres Bluetooth 4.2 avec streaming musical A2DP<\/li>\n<li>Commande de trois syst\u00e8mes de cam\u00e9ras avec fonction de commutation automatique, lignes de guidage r\u00e9glables<\/li>\n<li>Application de t\u00e9l\u00e9commande SP-REM pour la commande de fonctions audio \u00e0 partir d\u2019un smartphone (iOS\/Android)<\/li>\n<li>Panneau de commande avec touches sensibles RVB multicolore<\/li>\n<li>Amplificateur de puissance 4 x 50 W<\/li>\n<\/ul>\n<p>BLUETOOTH<\/p>\n<ul>\n<li>Module Bluetooth 4.2 avec fonction \u00ab\u00a0mains libres\u00a0\u00bb<\/li>\n<li>Importation de jusqu&rsquo;\u00e0 1000 contacts de r\u00e9pertoire comportant 3 num\u00e9ros de t\u00e9l\u00e9phone chacun<\/li>\n<li>R\u00e9pertoire t\u00e9l\u00e9phonique r\u00e9sident avec acc\u00e8s direct aux contacts synchronis\u00e9s<\/li>\n<li>Fonction de s\u00e9lection pour les contacts favoris<\/li>\n<li>Fonctions de recherche en fonction du nom et du pr\u00e9nom parmi les contacts sur le t\u00e9l\u00e9phone<\/li>\n<li>Diffusion de musique pour smartphone A2DP 1.3 avec AVRCP 1.6 et mode d\u2019affichage des m\u00e9tadonn\u00e9es iD3 (interpr\u00e8te, titre, album)<\/li>\n<li>Microphone Bluetooth interne, entr\u00e9e pour microphone externe<\/li>\n<\/ul>\n<p>MULTIM\u00c9DIAS + AUDIO<\/p>\n<ul>\n<li>R\u00e9cepteur DAB+ avec double syntoniseur pour DAB+<\/li>\n<li>Radio FM RDS avec 18 m\u00e9moires de station et r\u00e9duction de bruit DSP<\/li>\n<li>Prise USB-A(1) 2.0 pour Apple MFi, Apple CarPlay, Google Android AutoTM, lecture de m\u00e9dias A\/V*3, mises \u00e0 jour de logiciels, courant de charge pour smartphone 1500\u00a0mA<\/li>\n<li>Prise USB-A(2) 2.0 pour Apple MFi, lecture de m\u00e9dias A\/V*3, mises \u00e0 jour de logiciels, courant de charge pour smartphone 1500\u00a0mA<\/li>\n<li>Correction de champ sonore 5CH par audio DSP (d\u00e9lai de 0 \u00e0 10\u00a0mS)<\/li>\n<li>\u00c9galiseur graphique 10 bandes avec 7 pr\u00e9r\u00e9glages EQ pr\u00e9d\u00e9finis<\/li>\n<li>Filtres passe-haut et passe-bas pour avant\/arri\u00e8re\/basses avec pente d\u2019att\u00e9nuation de 12\u00a0dB\/oct.<\/li>\n<li>Entr\u00e9e HDMI pour accessoires et appareils mobiles compatibles<\/li>\n<li>Lecteur de carte micro-SDHC sur l\u2019avant de l\u2019appareil pour lecture de m\u00e9dias A\/V<\/li>\n<li>Convertisseur N\/A 24 bits<\/li>\n<\/ul>\n<p>PRISES<\/p>\n<ul>\n<li>Sortie RCA pr\u00e9amplifi\u00e9e 4.2 (3\u00a0V)<\/li>\n<li>3 entr\u00e9es RCA pour signaux vid\u00e9o de cam\u00e9ra (CVBS) avec alimentation de courant activ\u00e9e et entr\u00e9e de microphone (Cam1)<\/li>\n<li>1 entr\u00e9e d\u2019antenne FM DIN<\/li>\n<li>1 entr\u00e9e d\u2019antenne SMB DAB avec alimentation fant\u00f4me 12\u00a0V<\/li>\n<li>1 prise USB-A(1) 2.0 pour smartphones iOS et Android, courant de charge ~1500\u00a0mA<\/li>\n<li>1 prise USB-A(2) 2.0 pour lecture de fichiers m\u00e9dia A\/V par USB, courant de charge ~1500\u00a0mA pour smartphones<\/li>\n<li>1 lecteur de carte micro-SDHC pour lecture de m\u00e9dias A\/V*3<\/li>\n<li>1 entr\u00e9e A\/V RCA pour signaux audio et vid\u00e9o 2CH (CVBS)<\/li>\n<li>1 sortie A\/V RCA pour signaux audio (niveau fixe) et vid\u00e9o 2CH (CVBS)<\/li>\n<li>1 entr\u00e9e pour microphone Bluetooth interne*2<\/li>\n<li>1 entr\u00e9e pour le raccordement de l\u2019interface de volant programmable<\/li>\n<li>1 entr\u00e9e IR-In pour interface CAN\/SWC externe<\/li>\n<li>1 entr\u00e9e HDMI<\/li>\n<li>1 prise Fakra pour antenne GPS (Google Android AutoTM)<\/li>\n<\/ul>\n","protected":false},"excerpt":{"rendered":"<p>Le ZENEC Z-N875 est un syst\u00e8me d\u2019infodivertissement sophistiqu\u00e9 pour v\u00e9hicules \u00e9quip\u00e9s d\u2019un casier d\u2019encastrement d\u2019appareils 1-DIN. Pour un positionnement optimal dans le poste de conduite, l\u2019\u00e9l\u00e9gant \u00e9cran sans cadre du Z-N875 est dot\u00e9 d\u2019un m\u00e9canisme manuel de r\u00e9glage permettant d\u2019adapter individuellement l\u2019angle d\u2019inclinaison et la position verticale. L\u2019\u00e9cran capacitif tactile 22,9 cm\/9&Prime; TFT (1024 \u00d7 [&hellip;]<\/p>\n","protected":false},"featured_media":224952,"template":"","meta":{"_acf_changed":false},"product_featured_cat":[],"product_brand":[],"product_cat":[4999],"product_tag":[],"class_list":{"0":"post-224958","1":"product","2":"type-product","3":"status-publish","4":"has-post-thumbnail","6":"product_cat-moniteurs","8":"first","9":"instock","10":"taxable","11":"shipping-taxable","12":"purchasable","13":"product-type-simple"},"acf":[],"yoast_head":"<!-- This site is optimized with the Yoast SEO plugin v27.4 - https:\/\/yoast.com\/product\/yoast-seo-wordpress\/ -->\n<title>Infotainer Z-N875 \u00e9cran 1-DIN 9 pouces, DAB+, Apple Carplay et Android Auto - Bantam Wankm\u00fcller SA<\/title>\n<meta name=\"robots\" content=\"index, follow, max-snippet:-1, max-image-preview:large, max-video-preview:-1\" \/>\n<link rel=\"canonical\" href=\"https:\/\/shop.bantam.ch\/fr\/produit\/infotainer-z-n875-ecran-1-din-9-pouces-dab-apple-carplay-et-android-auto\/\" \/>\n<meta property=\"og:locale\" content=\"fr_FR\" \/>\n<meta property=\"og:type\" content=\"article\" \/>\n<meta property=\"og:title\" content=\"Infotainer Z-N875 \u00e9cran 1-DIN 9 pouces, DAB+, Apple Carplay et Android Auto - Bantam Wankm\u00fcller SA\" \/>\n<meta property=\"og:description\" content=\"Le ZENEC Z-N875 est un syst\u00e8me d\u2019infodivertissement sophistiqu\u00e9 pour v\u00e9hicules \u00e9quip\u00e9s d\u2019un casier d\u2019encastrement d\u2019appareils 1-DIN. Pour un positionnement optimal dans le poste de conduite, l\u2019\u00e9l\u00e9gant \u00e9cran sans cadre du Z-N875 est dot\u00e9 d\u2019un m\u00e9canisme manuel de r\u00e9glage permettant d\u2019adapter individuellement l\u2019angle d\u2019inclinaison et la position verticale. L\u2019\u00e9cran capacitif tactile 22,9 cm\/9&Prime; TFT (1024 \u00d7 [&hellip;]\" \/>\n<meta property=\"og:url\" content=\"https:\/\/shop.bantam.ch\/fr\/produit\/infotainer-z-n875-ecran-1-din-9-pouces-dab-apple-carplay-et-android-auto\/\" \/>\n<meta property=\"og:site_name\" content=\"Bantam Wankm\u00fcller SA\" \/>\n<meta property=\"article:modified_time\" content=\"2026-04-19T21:47:13+00:00\" \/>\n<meta name=\"twitter:card\" content=\"summary_large_image\" \/>\n<meta name=\"twitter:label1\" content=\"Dur\u00e9e de lecture estim\u00e9e\" \/>\n\t<meta name=\"twitter:data1\" content=\"6 minutes\" \/>\n<script type=\"application\/ld+json\" class=\"yoast-schema-graph\">{\"@context\":\"https:\\\/\\\/schema.org\",\"@graph\":[{\"@type\":\"WebPage\",\"@id\":\"https:\\\/\\\/shop.bantam.ch\\\/fr\\\/produit\\\/infotainer-z-n875-ecran-1-din-9-pouces-dab-apple-carplay-et-android-auto\\\/\",\"url\":\"https:\\\/\\\/shop.bantam.ch\\\/fr\\\/produit\\\/infotainer-z-n875-ecran-1-din-9-pouces-dab-apple-carplay-et-android-auto\\\/\",\"name\":\"Infotainer Z-N875 \u00e9cran 1-DIN 9 pouces, DAB+, Apple Carplay et Android Auto - Bantam Wankm\u00fcller SA\",\"isPartOf\":{\"@id\":\"https:\\\/\\\/shop.bantam.ch\\\/fr\\\/#website\"},\"primaryImageOfPage\":{\"@id\":\"https:\\\/\\\/shop.bantam.ch\\\/fr\\\/produit\\\/infotainer-z-n875-ecran-1-din-9-pouces-dab-apple-carplay-et-android-auto\\\/#primaryimage\"},\"image\":{\"@id\":\"https:\\\/\\\/shop.bantam.ch\\\/fr\\\/produit\\\/infotainer-z-n875-ecran-1-din-9-pouces-dab-apple-carplay-et-android-auto\\\/#primaryimage\"},\"thumbnailUrl\":\"https:\\\/\\\/shop.bantam.ch\\\/wp-content\\\/uploads\\\/2025\\\/12\\\/Movera-L-9958288100.jpg\",\"datePublished\":\"2025-12-17T14:03:49+00:00\",\"dateModified\":\"2026-04-19T21:47:13+00:00\",\"breadcrumb\":{\"@id\":\"https:\\\/\\\/shop.bantam.ch\\\/fr\\\/produit\\\/infotainer-z-n875-ecran-1-din-9-pouces-dab-apple-carplay-et-android-auto\\\/#breadcrumb\"},\"inLanguage\":\"fr-FR\",\"potentialAction\":[{\"@type\":\"ReadAction\",\"target\":[\"https:\\\/\\\/shop.bantam.ch\\\/fr\\\/produit\\\/infotainer-z-n875-ecran-1-din-9-pouces-dab-apple-carplay-et-android-auto\\\/\"]}]},{\"@type\":\"ImageObject\",\"inLanguage\":\"fr-FR\",\"@id\":\"https:\\\/\\\/shop.bantam.ch\\\/fr\\\/produit\\\/infotainer-z-n875-ecran-1-din-9-pouces-dab-apple-carplay-et-android-auto\\\/#primaryimage\",\"url\":\"https:\\\/\\\/shop.bantam.ch\\\/wp-content\\\/uploads\\\/2025\\\/12\\\/Movera-L-9958288100.jpg\",\"contentUrl\":\"https:\\\/\\\/shop.bantam.ch\\\/wp-content\\\/uploads\\\/2025\\\/12\\\/Movera-L-9958288100.jpg\",\"width\":640,\"height\":431},{\"@type\":\"BreadcrumbList\",\"@id\":\"https:\\\/\\\/shop.bantam.ch\\\/fr\\\/produit\\\/infotainer-z-n875-ecran-1-din-9-pouces-dab-apple-carplay-et-android-auto\\\/#breadcrumb\",\"itemListElement\":[{\"@type\":\"ListItem\",\"position\":1,\"name\":\"Accueil\",\"item\":\"https:\\\/\\\/shop.bantam.ch\\\/fr\\\/\"},{\"@type\":\"ListItem\",\"position\":2,\"name\":\"Boutique\",\"item\":\"https:\\\/\\\/shop.bantam.ch\\\/fr\\\/boutique\\\/\"},{\"@type\":\"ListItem\",\"position\":3,\"name\":\"Infotainer Z-N875 \u00e9cran 1-DIN 9 pouces, DAB+, Apple Carplay et Android Auto\"}]},{\"@type\":\"WebSite\",\"@id\":\"https:\\\/\\\/shop.bantam.ch\\\/fr\\\/#website\",\"url\":\"https:\\\/\\\/shop.bantam.ch\\\/fr\\\/\",\"name\":\"Bantam Wankm\u00fcller SA\",\"description\":\"\",\"publisher\":{\"@id\":\"https:\\\/\\\/shop.bantam.ch\\\/fr\\\/#organization\"},\"inLanguage\":\"fr-FR\"},{\"@type\":\"Organization\",\"@id\":\"https:\\\/\\\/shop.bantam.ch\\\/fr\\\/#organization\",\"name\":\"Bantam Wankm\u00fcller SA\",\"url\":\"https:\\\/\\\/shop.bantam.ch\\\/fr\\\/\",\"logo\":{\"@type\":\"ImageObject\",\"inLanguage\":\"fr-FR\",\"@id\":\"https:\\\/\\\/shop.bantam.ch\\\/fr\\\/#\\\/schema\\\/logo\\\/image\\\/\",\"url\":\"https:\\\/\\\/shop.bantam.ch\\\/wp-content\\\/uploads\\\/2022\\\/12\\\/bantam-logo.png\",\"contentUrl\":\"https:\\\/\\\/shop.bantam.ch\\\/wp-content\\\/uploads\\\/2022\\\/12\\\/bantam-logo.png\",\"width\":320,\"height\":71,\"caption\":\"Bantam Wankm\u00fcller SA\"},\"image\":{\"@id\":\"https:\\\/\\\/shop.bantam.ch\\\/fr\\\/#\\\/schema\\\/logo\\\/image\\\/\"}}]}<\/script>\n<!-- \/ Yoast SEO plugin. -->","yoast_head_json":{"title":"Infotainer Z-N875 \u00e9cran 1-DIN 9 pouces, DAB+, Apple Carplay et Android Auto - Bantam Wankm\u00fcller SA","robots":{"index":"index","follow":"follow","max-snippet":"max-snippet:-1","max-image-preview":"max-image-preview:large","max-video-preview":"max-video-preview:-1"},"canonical":"https:\/\/shop.bantam.ch\/fr\/produit\/infotainer-z-n875-ecran-1-din-9-pouces-dab-apple-carplay-et-android-auto\/","og_locale":"fr_FR","og_type":"article","og_title":"Infotainer Z-N875 \u00e9cran 1-DIN 9 pouces, DAB+, Apple Carplay et Android Auto - Bantam Wankm\u00fcller SA","og_description":"Le ZENEC Z-N875 est un syst\u00e8me d\u2019infodivertissement sophistiqu\u00e9 pour v\u00e9hicules \u00e9quip\u00e9s d\u2019un casier d\u2019encastrement d\u2019appareils 1-DIN. Pour un positionnement optimal dans le poste de conduite, l\u2019\u00e9l\u00e9gant \u00e9cran sans cadre du Z-N875 est dot\u00e9 d\u2019un m\u00e9canisme manuel de r\u00e9glage permettant d\u2019adapter individuellement l\u2019angle d\u2019inclinaison et la position verticale. L\u2019\u00e9cran capacitif tactile 22,9 cm\/9&Prime; TFT (1024 \u00d7 [&hellip;]","og_url":"https:\/\/shop.bantam.ch\/fr\/produit\/infotainer-z-n875-ecran-1-din-9-pouces-dab-apple-carplay-et-android-auto\/","og_site_name":"Bantam Wankm\u00fcller SA","article_modified_time":"2026-04-19T21:47:13+00:00","twitter_card":"summary_large_image","twitter_misc":{"Dur\u00e9e de lecture estim\u00e9e":"6 minutes"},"schema":{"@context":"https:\/\/schema.org","@graph":[{"@type":"WebPage","@id":"https:\/\/shop.bantam.ch\/fr\/produit\/infotainer-z-n875-ecran-1-din-9-pouces-dab-apple-carplay-et-android-auto\/","url":"https:\/\/shop.bantam.ch\/fr\/produit\/infotainer-z-n875-ecran-1-din-9-pouces-dab-apple-carplay-et-android-auto\/","name":"Infotainer Z-N875 \u00e9cran 1-DIN 9 pouces, DAB+, Apple Carplay et Android Auto - Bantam Wankm\u00fcller SA","isPartOf":{"@id":"https:\/\/shop.bantam.ch\/fr\/#website"},"primaryImageOfPage":{"@id":"https:\/\/shop.bantam.ch\/fr\/produit\/infotainer-z-n875-ecran-1-din-9-pouces-dab-apple-carplay-et-android-auto\/#primaryimage"},"image":{"@id":"https:\/\/shop.bantam.ch\/fr\/produit\/infotainer-z-n875-ecran-1-din-9-pouces-dab-apple-carplay-et-android-auto\/#primaryimage"},"thumbnailUrl":"https:\/\/shop.bantam.ch\/wp-content\/uploads\/2025\/12\/Movera-L-9958288100.jpg","datePublished":"2025-12-17T14:03:49+00:00","dateModified":"2026-04-19T21:47:13+00:00","breadcrumb":{"@id":"https:\/\/shop.bantam.ch\/fr\/produit\/infotainer-z-n875-ecran-1-din-9-pouces-dab-apple-carplay-et-android-auto\/#breadcrumb"},"inLanguage":"fr-FR","potentialAction":[{"@type":"ReadAction","target":["https:\/\/shop.bantam.ch\/fr\/produit\/infotainer-z-n875-ecran-1-din-9-pouces-dab-apple-carplay-et-android-auto\/"]}]},{"@type":"ImageObject","inLanguage":"fr-FR","@id":"https:\/\/shop.bantam.ch\/fr\/produit\/infotainer-z-n875-ecran-1-din-9-pouces-dab-apple-carplay-et-android-auto\/#primaryimage","url":"https:\/\/shop.bantam.ch\/wp-content\/uploads\/2025\/12\/Movera-L-9958288100.jpg","contentUrl":"https:\/\/shop.bantam.ch\/wp-content\/uploads\/2025\/12\/Movera-L-9958288100.jpg","width":640,"height":431},{"@type":"BreadcrumbList","@id":"https:\/\/shop.bantam.ch\/fr\/produit\/infotainer-z-n875-ecran-1-din-9-pouces-dab-apple-carplay-et-android-auto\/#breadcrumb","itemListElement":[{"@type":"ListItem","position":1,"name":"Accueil","item":"https:\/\/shop.bantam.ch\/fr\/"},{"@type":"ListItem","position":2,"name":"Boutique","item":"https:\/\/shop.bantam.ch\/fr\/boutique\/"},{"@type":"ListItem","position":3,"name":"Infotainer Z-N875 \u00e9cran 1-DIN 9 pouces, DAB+, Apple Carplay et Android Auto"}]},{"@type":"WebSite","@id":"https:\/\/shop.bantam.ch\/fr\/#website","url":"https:\/\/shop.bantam.ch\/fr\/","name":"Bantam Wankm\u00fcller SA","description":"","publisher":{"@id":"https:\/\/shop.bantam.ch\/fr\/#organization"},"inLanguage":"fr-FR"},{"@type":"Organization","@id":"https:\/\/shop.bantam.ch\/fr\/#organization","name":"Bantam Wankm\u00fcller SA","url":"https:\/\/shop.bantam.ch\/fr\/","logo":{"@type":"ImageObject","inLanguage":"fr-FR","@id":"https:\/\/shop.bantam.ch\/fr\/#\/schema\/logo\/image\/","url":"https:\/\/shop.bantam.ch\/wp-content\/uploads\/2022\/12\/bantam-logo.png","contentUrl":"https:\/\/shop.bantam.ch\/wp-content\/uploads\/2022\/12\/bantam-logo.png","width":320,"height":71,"caption":"Bantam Wankm\u00fcller SA"},"image":{"@id":"https:\/\/shop.bantam.ch\/fr\/#\/schema\/logo\/image\/"}}]}},"_links":{"self":[{"href":"https:\/\/shop.bantam.ch\/fr\/wp-json\/wp\/v2\/product\/224958","targetHints":{"allow":["GET"]}}],"collection":[{"href":"https:\/\/shop.bantam.ch\/fr\/wp-json\/wp\/v2\/product"}],"about":[{"href":"https:\/\/shop.bantam.ch\/fr\/wp-json\/wp\/v2\/types\/product"}],"wp:featuredmedia":[{"embeddable":true,"href":"https:\/\/shop.bantam.ch\/fr\/wp-json\/wp\/v2\/media\/224952"}],"wp:attachment":[{"href":"https:\/\/shop.bantam.ch\/fr\/wp-json\/wp\/v2\/media?parent=224958"}],"wp:term":[{"taxonomy":"product_featured_cat","embeddable":true,"href":"https:\/\/shop.bantam.ch\/fr\/wp-json\/wp\/v2\/product_featured_cat?post=224958"},{"taxonomy":"product_brand","embeddable":true,"href":"https:\/\/shop.bantam.ch\/fr\/wp-json\/wp\/v2\/product_brand?post=224958"},{"taxonomy":"product_cat","embeddable":true,"href":"https:\/\/shop.bantam.ch\/fr\/wp-json\/wp\/v2\/product_cat?post=224958"},{"taxonomy":"product_tag","embeddable":true,"href":"https:\/\/shop.bantam.ch\/fr\/wp-json\/wp\/v2\/product_tag?post=224958"}],"curies":[{"name":"wp","href":"https:\/\/api.w.org\/{rel}","templated":true}]}}