{"id":224950,"date":"2025-12-17T15:03:42","date_gmt":"2025-12-17T14:03:42","guid":{"rendered":"https:\/\/shop.bantam.ch\/produit\/pare-vent-vango-family-tc-couleur-gris-nuage\/"},"modified":"2026-05-06T23:44:37","modified_gmt":"2026-05-06T21:44:37","slug":"pare-vent-vango-family-tc-couleur-gris-nuage","status":"publish","type":"product","link":"https:\/\/shop.bantam.ch\/fr\/produit\/pare-vent-vango-family-tc-couleur-gris-nuage\/","title":{"rendered":"Pare-vent Vango Family TC Couleur gris nuage"},"content":{"rendered":"<p>\u00c9quip\u00e9 de barres d\u2019acier PowerPlus robustes et de notre mat\u00e9riau Sentinel Signature TC fiable, le paravent Family TC Windbreak peut \u00eatre utilis\u00e9 aussi bien \u00e0 la plage qu\u2019\u00e0 c\u00f4t\u00e9 de votre auvent.<\/p>\n<p>Mat\u00e9riau :<br \/>100\u00a0% polyester (avec rev\u00eatement)<\/p>\n","protected":false},"excerpt":{"rendered":"<p>\u00c9quip\u00e9 de barres d\u2019acier PowerPlus robustes et de notre mat\u00e9riau Sentinel Signature TC fiable, le paravent Family TC Windbreak peut \u00eatre utilis\u00e9 aussi bien \u00e0 la plage qu\u2019\u00e0 c\u00f4t\u00e9 de votre auvent. Mat\u00e9riau :100\u00a0% polyester (avec rev\u00eatement)<\/p>\n","protected":false},"featured_media":224948,"template":"","meta":{"_acf_changed":false},"product_featured_cat":[],"product_brand":[],"product_cat":[5125],"product_tag":[],"class_list":{"0":"post-224950","1":"product","2":"type-product","3":"status-publish","4":"has-post-thumbnail","6":"product_cat-protection-contre-le-vent-et-le-soleil","8":"first","9":"instock","10":"taxable","11":"shipping-taxable","12":"purchasable","13":"product-type-simple"},"acf":[],"yoast_head":"<!-- This site is optimized with the Yoast SEO plugin v27.5 - https:\/\/yoast.com\/product\/yoast-seo-wordpress\/ -->\n<title>Pare-vent Vango Family TC Couleur gris nuage - Bantam<\/title>\n<meta name=\"robots\" content=\"index, follow, max-snippet:-1, max-image-preview:large, max-video-preview:-1\" \/>\n<link rel=\"canonical\" href=\"https:\/\/shop.bantam.ch\/fr\/produit\/pare-vent-vango-family-tc-couleur-gris-nuage\/\" \/>\n<meta property=\"og:locale\" content=\"fr_FR\" \/>\n<meta property=\"og:type\" content=\"article\" \/>\n<meta property=\"og:title\" content=\"Pare-vent Vango Family TC Couleur gris nuage - Bantam\" \/>\n<meta property=\"og:description\" content=\"\u00c9quip\u00e9 de barres d\u2019acier PowerPlus robustes et de notre mat\u00e9riau Sentinel Signature TC fiable, le paravent Family TC Windbreak peut \u00eatre utilis\u00e9 aussi bien \u00e0 la plage qu\u2019\u00e0 c\u00f4t\u00e9 de votre auvent. Mat\u00e9riau :100\u00a0% polyester (avec rev\u00eatement)\" \/>\n<meta property=\"og:url\" content=\"https:\/\/shop.bantam.ch\/fr\/produit\/pare-vent-vango-family-tc-couleur-gris-nuage\/\" \/>\n<meta property=\"og:site_name\" content=\"Bantam\" \/>\n<meta property=\"article:modified_time\" content=\"2026-05-06T21:44:37+00:00\" \/>\n<meta name=\"twitter:card\" content=\"summary_large_image\" \/>\n<script type=\"application\/ld+json\" class=\"yoast-schema-graph\">{\"@context\":\"https:\\\/\\\/schema.org\",\"@graph\":[{\"@type\":\"WebPage\",\"@id\":\"https:\\\/\\\/shop.bantam.ch\\\/fr\\\/produit\\\/pare-vent-vango-family-tc-couleur-gris-nuage\\\/\",\"url\":\"https:\\\/\\\/shop.bantam.ch\\\/fr\\\/produit\\\/pare-vent-vango-family-tc-couleur-gris-nuage\\\/\",\"name\":\"Pare-vent Vango Family TC Couleur gris nuage - Bantam\",\"isPartOf\":{\"@id\":\"https:\\\/\\\/shop.bantam.ch\\\/fr\\\/#website\"},\"primaryImageOfPage\":{\"@id\":\"https:\\\/\\\/shop.bantam.ch\\\/fr\\\/produit\\\/pare-vent-vango-family-tc-couleur-gris-nuage\\\/#primaryimage\"},\"image\":{\"@id\":\"https:\\\/\\\/shop.bantam.ch\\\/fr\\\/produit\\\/pare-vent-vango-family-tc-couleur-gris-nuage\\\/#primaryimage\"},\"thumbnailUrl\":\"https:\\\/\\\/shop.bantam.ch\\\/wp-content\\\/uploads\\\/2025\\\/12\\\/Movera-L-9958041100.jpg\",\"datePublished\":\"2025-12-17T14:03:42+00:00\",\"dateModified\":\"2026-05-06T21:44:37+00:00\",\"breadcrumb\":{\"@id\":\"https:\\\/\\\/shop.bantam.ch\\\/fr\\\/produit\\\/pare-vent-vango-family-tc-couleur-gris-nuage\\\/#breadcrumb\"},\"inLanguage\":\"fr-FR\",\"potentialAction\":[{\"@type\":\"ReadAction\",\"target\":[\"https:\\\/\\\/shop.bantam.ch\\\/fr\\\/produit\\\/pare-vent-vango-family-tc-couleur-gris-nuage\\\/\"]}]},{\"@type\":\"ImageObject\",\"inLanguage\":\"fr-FR\",\"@id\":\"https:\\\/\\\/shop.bantam.ch\\\/fr\\\/produit\\\/pare-vent-vango-family-tc-couleur-gris-nuage\\\/#primaryimage\",\"url\":\"https:\\\/\\\/shop.bantam.ch\\\/wp-content\\\/uploads\\\/2025\\\/12\\\/Movera-L-9958041100.jpg\",\"contentUrl\":\"https:\\\/\\\/shop.bantam.ch\\\/wp-content\\\/uploads\\\/2025\\\/12\\\/Movera-L-9958041100.jpg\",\"width\":640,\"height\":291},{\"@type\":\"BreadcrumbList\",\"@id\":\"https:\\\/\\\/shop.bantam.ch\\\/fr\\\/produit\\\/pare-vent-vango-family-tc-couleur-gris-nuage\\\/#breadcrumb\",\"itemListElement\":[{\"@type\":\"ListItem\",\"position\":1,\"name\":\"Accueil\",\"item\":\"https:\\\/\\\/shop.bantam.ch\\\/fr\\\/\"},{\"@type\":\"ListItem\",\"position\":2,\"name\":\"Boutique\",\"item\":\"https:\\\/\\\/shop.bantam.ch\\\/fr\\\/boutique\\\/\"},{\"@type\":\"ListItem\",\"position\":3,\"name\":\"Pare-vent Vango Family TC Couleur gris nuage\"}]},{\"@type\":\"WebSite\",\"@id\":\"https:\\\/\\\/shop.bantam.ch\\\/fr\\\/#website\",\"url\":\"https:\\\/\\\/shop.bantam.ch\\\/fr\\\/\",\"name\":\"Bantam\",\"description\":\"\",\"publisher\":{\"@id\":\"https:\\\/\\\/shop.bantam.ch\\\/fr\\\/#organization\"},\"inLanguage\":\"fr-FR\"},{\"@type\":\"Organization\",\"@id\":\"https:\\\/\\\/shop.bantam.ch\\\/fr\\\/#organization\",\"name\":\"Bantam\",\"url\":\"https:\\\/\\\/shop.bantam.ch\\\/fr\\\/\",\"logo\":{\"@type\":\"ImageObject\",\"inLanguage\":\"fr-FR\",\"@id\":\"https:\\\/\\\/shop.bantam.ch\\\/fr\\\/#\\\/schema\\\/logo\\\/image\\\/\",\"url\":\"https:\\\/\\\/shop.bantam.ch\\\/wp-content\\\/uploads\\\/2022\\\/12\\\/bantam-logo.png\",\"contentUrl\":\"https:\\\/\\\/shop.bantam.ch\\\/wp-content\\\/uploads\\\/2022\\\/12\\\/bantam-logo.png\",\"width\":320,\"height\":71,\"caption\":\"Bantam\"},\"image\":{\"@id\":\"https:\\\/\\\/shop.bantam.ch\\\/fr\\\/#\\\/schema\\\/logo\\\/image\\\/\"}}]}<\/script>\n<!-- \/ Yoast SEO plugin. -->","yoast_head_json":{"title":"Pare-vent Vango Family TC Couleur gris nuage - Bantam","robots":{"index":"index","follow":"follow","max-snippet":"max-snippet:-1","max-image-preview":"max-image-preview:large","max-video-preview":"max-video-preview:-1"},"canonical":"https:\/\/shop.bantam.ch\/fr\/produit\/pare-vent-vango-family-tc-couleur-gris-nuage\/","og_locale":"fr_FR","og_type":"article","og_title":"Pare-vent Vango Family TC Couleur gris nuage - Bantam","og_description":"\u00c9quip\u00e9 de barres d\u2019acier PowerPlus robustes et de notre mat\u00e9riau Sentinel Signature TC fiable, le paravent Family TC Windbreak peut \u00eatre utilis\u00e9 aussi bien \u00e0 la plage qu\u2019\u00e0 c\u00f4t\u00e9 de votre auvent. Mat\u00e9riau :100\u00a0% polyester (avec rev\u00eatement)","og_url":"https:\/\/shop.bantam.ch\/fr\/produit\/pare-vent-vango-family-tc-couleur-gris-nuage\/","og_site_name":"Bantam","article_modified_time":"2026-05-06T21:44:37+00:00","twitter_card":"summary_large_image","schema":{"@context":"https:\/\/schema.org","@graph":[{"@type":"WebPage","@id":"https:\/\/shop.bantam.ch\/fr\/produit\/pare-vent-vango-family-tc-couleur-gris-nuage\/","url":"https:\/\/shop.bantam.ch\/fr\/produit\/pare-vent-vango-family-tc-couleur-gris-nuage\/","name":"Pare-vent Vango Family TC Couleur gris nuage - Bantam","isPartOf":{"@id":"https:\/\/shop.bantam.ch\/fr\/#website"},"primaryImageOfPage":{"@id":"https:\/\/shop.bantam.ch\/fr\/produit\/pare-vent-vango-family-tc-couleur-gris-nuage\/#primaryimage"},"image":{"@id":"https:\/\/shop.bantam.ch\/fr\/produit\/pare-vent-vango-family-tc-couleur-gris-nuage\/#primaryimage"},"thumbnailUrl":"https:\/\/shop.bantam.ch\/wp-content\/uploads\/2025\/12\/Movera-L-9958041100.jpg","datePublished":"2025-12-17T14:03:42+00:00","dateModified":"2026-05-06T21:44:37+00:00","breadcrumb":{"@id":"https:\/\/shop.bantam.ch\/fr\/produit\/pare-vent-vango-family-tc-couleur-gris-nuage\/#breadcrumb"},"inLanguage":"fr-FR","potentialAction":[{"@type":"ReadAction","target":["https:\/\/shop.bantam.ch\/fr\/produit\/pare-vent-vango-family-tc-couleur-gris-nuage\/"]}]},{"@type":"ImageObject","inLanguage":"fr-FR","@id":"https:\/\/shop.bantam.ch\/fr\/produit\/pare-vent-vango-family-tc-couleur-gris-nuage\/#primaryimage","url":"https:\/\/shop.bantam.ch\/wp-content\/uploads\/2025\/12\/Movera-L-9958041100.jpg","contentUrl":"https:\/\/shop.bantam.ch\/wp-content\/uploads\/2025\/12\/Movera-L-9958041100.jpg","width":640,"height":291},{"@type":"BreadcrumbList","@id":"https:\/\/shop.bantam.ch\/fr\/produit\/pare-vent-vango-family-tc-couleur-gris-nuage\/#breadcrumb","itemListElement":[{"@type":"ListItem","position":1,"name":"Accueil","item":"https:\/\/shop.bantam.ch\/fr\/"},{"@type":"ListItem","position":2,"name":"Boutique","item":"https:\/\/shop.bantam.ch\/fr\/boutique\/"},{"@type":"ListItem","position":3,"name":"Pare-vent Vango Family TC Couleur gris nuage"}]},{"@type":"WebSite","@id":"https:\/\/shop.bantam.ch\/fr\/#website","url":"https:\/\/shop.bantam.ch\/fr\/","name":"Bantam","description":"","publisher":{"@id":"https:\/\/shop.bantam.ch\/fr\/#organization"},"inLanguage":"fr-FR"},{"@type":"Organization","@id":"https:\/\/shop.bantam.ch\/fr\/#organization","name":"Bantam","url":"https:\/\/shop.bantam.ch\/fr\/","logo":{"@type":"ImageObject","inLanguage":"fr-FR","@id":"https:\/\/shop.bantam.ch\/fr\/#\/schema\/logo\/image\/","url":"https:\/\/shop.bantam.ch\/wp-content\/uploads\/2022\/12\/bantam-logo.png","contentUrl":"https:\/\/shop.bantam.ch\/wp-content\/uploads\/2022\/12\/bantam-logo.png","width":320,"height":71,"caption":"Bantam"},"image":{"@id":"https:\/\/shop.bantam.ch\/fr\/#\/schema\/logo\/image\/"}}]}},"_links":{"self":[{"href":"https:\/\/shop.bantam.ch\/fr\/wp-json\/wp\/v2\/product\/224950","targetHints":{"allow":["GET"]}}],"collection":[{"href":"https:\/\/shop.bantam.ch\/fr\/wp-json\/wp\/v2\/product"}],"about":[{"href":"https:\/\/shop.bantam.ch\/fr\/wp-json\/wp\/v2\/types\/product"}],"wp:featuredmedia":[{"embeddable":true,"href":"https:\/\/shop.bantam.ch\/fr\/wp-json\/wp\/v2\/media\/224948"}],"wp:attachment":[{"href":"https:\/\/shop.bantam.ch\/fr\/wp-json\/wp\/v2\/media?parent=224950"}],"wp:term":[{"taxonomy":"product_featured_cat","embeddable":true,"href":"https:\/\/shop.bantam.ch\/fr\/wp-json\/wp\/v2\/product_featured_cat?post=224950"},{"taxonomy":"product_brand","embeddable":true,"href":"https:\/\/shop.bantam.ch\/fr\/wp-json\/wp\/v2\/product_brand?post=224950"},{"taxonomy":"product_cat","embeddable":true,"href":"https:\/\/shop.bantam.ch\/fr\/wp-json\/wp\/v2\/product_cat?post=224950"},{"taxonomy":"product_tag","embeddable":true,"href":"https:\/\/shop.bantam.ch\/fr\/wp-json\/wp\/v2\/product_tag?post=224950"}],"curies":[{"name":"wp","href":"https:\/\/api.w.org\/{rel}","templated":true}]}}