{"id":224930,"date":"2025-12-17T15:03:10","date_gmt":"2025-12-17T14:03:10","guid":{"rendered":"https:\/\/shop.bantam.ch\/produit\/bassine-vaisselle-josephjoseph-avec-bonde-washdrain-gris\/"},"modified":"2026-05-02T23:35:58","modified_gmt":"2026-05-02T21:35:58","slug":"bassine-vaisselle-josephjoseph-avec-bonde-washdrain-gris","status":"publish","type":"product","link":"https:\/\/shop.bantam.ch\/fr\/produit\/bassine-vaisselle-josephjoseph-avec-bonde-washdrain-gris\/","title":{"rendered":"Bassine vaisselle JosephJoseph avec bonde Wash&amp;Drain? gris"},"content":{"rendered":"<p>La bassine \u00e0 vaisselle dispose d\u2019un syst\u00e8me d\u2019\u00e9vacuation int\u00e9gr\u00e9 qui permet de laisser s\u2019\u00e9couler facilement l\u2019eau de vaisselle. Plus besoin de soulever la bassine lourde pour la vider. Les larges poign\u00e9es de transport facilitent le transport si n\u00e9cessaire. Parfait pour une utilisation dans l\u2019\u00e9vier ou pour laver la vaisselle o\u00f9 vous le souhaitez. Lavage \u00e0 la main uniquement.<\/p>\n","protected":false},"excerpt":{"rendered":"<p>La bassine \u00e0 vaisselle dispose d\u2019un syst\u00e8me d\u2019\u00e9vacuation int\u00e9gr\u00e9 qui permet de laisser s\u2019\u00e9couler facilement l\u2019eau de vaisselle. Plus besoin de soulever la bassine lourde pour la vider. Les larges poign\u00e9es de transport facilitent le transport si n\u00e9cessaire. Parfait pour une utilisation dans l\u2019\u00e9vier ou pour laver la vaisselle o\u00f9 vous le souhaitez. Lavage \u00e0 [&hellip;]<\/p>\n","protected":false},"featured_media":224920,"template":"","meta":{"_acf_changed":false},"product_featured_cat":[],"product_brand":[],"product_cat":[4289],"product_tag":[],"class_list":{"0":"post-224930","1":"product","2":"type-product","3":"status-publish","4":"has-post-thumbnail","6":"product_cat-rincage-et-nettoyage","8":"first","9":"instock","10":"taxable","11":"shipping-taxable","12":"purchasable","13":"product-type-simple"},"acf":[],"yoast_head":"<!-- This site is optimized with the Yoast SEO plugin v27.5 - https:\/\/yoast.com\/product\/yoast-seo-wordpress\/ -->\n<title>Bassine vaisselle JosephJoseph avec bonde Wash&amp;Drain? gris - Bantam<\/title>\n<meta name=\"robots\" content=\"index, follow, max-snippet:-1, max-image-preview:large, max-video-preview:-1\" \/>\n<link rel=\"canonical\" href=\"https:\/\/shop.bantam.ch\/fr\/produit\/bassine-vaisselle-josephjoseph-avec-bonde-washdrain-gris\/\" \/>\n<meta property=\"og:locale\" content=\"fr_FR\" \/>\n<meta property=\"og:type\" content=\"article\" \/>\n<meta property=\"og:title\" content=\"Bassine vaisselle JosephJoseph avec bonde Wash&amp;Drain? gris - Bantam\" \/>\n<meta property=\"og:description\" content=\"La bassine \u00e0 vaisselle dispose d\u2019un syst\u00e8me d\u2019\u00e9vacuation int\u00e9gr\u00e9 qui permet de laisser s\u2019\u00e9couler facilement l\u2019eau de vaisselle. Plus besoin de soulever la bassine lourde pour la vider. Les larges poign\u00e9es de transport facilitent le transport si n\u00e9cessaire. Parfait pour une utilisation dans l\u2019\u00e9vier ou pour laver la vaisselle o\u00f9 vous le souhaitez. Lavage \u00e0 [&hellip;]\" \/>\n<meta property=\"og:url\" content=\"https:\/\/shop.bantam.ch\/fr\/produit\/bassine-vaisselle-josephjoseph-avec-bonde-washdrain-gris\/\" \/>\n<meta property=\"og:site_name\" content=\"Bantam\" \/>\n<meta property=\"article:modified_time\" content=\"2026-05-02T21:35:58+00:00\" \/>\n<meta name=\"twitter:card\" content=\"summary_large_image\" \/>\n<script type=\"application\/ld+json\" class=\"yoast-schema-graph\">{\"@context\":\"https:\\\/\\\/schema.org\",\"@graph\":[{\"@type\":\"WebPage\",\"@id\":\"https:\\\/\\\/shop.bantam.ch\\\/fr\\\/produit\\\/bassine-vaisselle-josephjoseph-avec-bonde-washdrain-gris\\\/\",\"url\":\"https:\\\/\\\/shop.bantam.ch\\\/fr\\\/produit\\\/bassine-vaisselle-josephjoseph-avec-bonde-washdrain-gris\\\/\",\"name\":\"Bassine vaisselle JosephJoseph avec bonde Wash&amp;Drain? gris - Bantam\",\"isPartOf\":{\"@id\":\"https:\\\/\\\/shop.bantam.ch\\\/fr\\\/#website\"},\"primaryImageOfPage\":{\"@id\":\"https:\\\/\\\/shop.bantam.ch\\\/fr\\\/produit\\\/bassine-vaisselle-josephjoseph-avec-bonde-washdrain-gris\\\/#primaryimage\"},\"image\":{\"@id\":\"https:\\\/\\\/shop.bantam.ch\\\/fr\\\/produit\\\/bassine-vaisselle-josephjoseph-avec-bonde-washdrain-gris\\\/#primaryimage\"},\"thumbnailUrl\":\"https:\\\/\\\/shop.bantam.ch\\\/wp-content\\\/uploads\\\/2025\\\/12\\\/Movera-L-9957718100.jpg\",\"datePublished\":\"2025-12-17T14:03:10+00:00\",\"dateModified\":\"2026-05-02T21:35:58+00:00\",\"breadcrumb\":{\"@id\":\"https:\\\/\\\/shop.bantam.ch\\\/fr\\\/produit\\\/bassine-vaisselle-josephjoseph-avec-bonde-washdrain-gris\\\/#breadcrumb\"},\"inLanguage\":\"fr-FR\",\"potentialAction\":[{\"@type\":\"ReadAction\",\"target\":[\"https:\\\/\\\/shop.bantam.ch\\\/fr\\\/produit\\\/bassine-vaisselle-josephjoseph-avec-bonde-washdrain-gris\\\/\"]}]},{\"@type\":\"ImageObject\",\"inLanguage\":\"fr-FR\",\"@id\":\"https:\\\/\\\/shop.bantam.ch\\\/fr\\\/produit\\\/bassine-vaisselle-josephjoseph-avec-bonde-washdrain-gris\\\/#primaryimage\",\"url\":\"https:\\\/\\\/shop.bantam.ch\\\/wp-content\\\/uploads\\\/2025\\\/12\\\/Movera-L-9957718100.jpg\",\"contentUrl\":\"https:\\\/\\\/shop.bantam.ch\\\/wp-content\\\/uploads\\\/2025\\\/12\\\/Movera-L-9957718100.jpg\",\"width\":640,\"height\":576},{\"@type\":\"BreadcrumbList\",\"@id\":\"https:\\\/\\\/shop.bantam.ch\\\/fr\\\/produit\\\/bassine-vaisselle-josephjoseph-avec-bonde-washdrain-gris\\\/#breadcrumb\",\"itemListElement\":[{\"@type\":\"ListItem\",\"position\":1,\"name\":\"Accueil\",\"item\":\"https:\\\/\\\/shop.bantam.ch\\\/fr\\\/\"},{\"@type\":\"ListItem\",\"position\":2,\"name\":\"Boutique\",\"item\":\"https:\\\/\\\/shop.bantam.ch\\\/fr\\\/boutique\\\/\"},{\"@type\":\"ListItem\",\"position\":3,\"name\":\"Bassine vaisselle JosephJoseph avec bonde Wash&amp;Drain? gris\"}]},{\"@type\":\"WebSite\",\"@id\":\"https:\\\/\\\/shop.bantam.ch\\\/fr\\\/#website\",\"url\":\"https:\\\/\\\/shop.bantam.ch\\\/fr\\\/\",\"name\":\"Bantam\",\"description\":\"\",\"publisher\":{\"@id\":\"https:\\\/\\\/shop.bantam.ch\\\/fr\\\/#organization\"},\"inLanguage\":\"fr-FR\"},{\"@type\":\"Organization\",\"@id\":\"https:\\\/\\\/shop.bantam.ch\\\/fr\\\/#organization\",\"name\":\"Bantam\",\"url\":\"https:\\\/\\\/shop.bantam.ch\\\/fr\\\/\",\"logo\":{\"@type\":\"ImageObject\",\"inLanguage\":\"fr-FR\",\"@id\":\"https:\\\/\\\/shop.bantam.ch\\\/fr\\\/#\\\/schema\\\/logo\\\/image\\\/\",\"url\":\"https:\\\/\\\/shop.bantam.ch\\\/wp-content\\\/uploads\\\/2022\\\/12\\\/bantam-logo.png\",\"contentUrl\":\"https:\\\/\\\/shop.bantam.ch\\\/wp-content\\\/uploads\\\/2022\\\/12\\\/bantam-logo.png\",\"width\":320,\"height\":71,\"caption\":\"Bantam\"},\"image\":{\"@id\":\"https:\\\/\\\/shop.bantam.ch\\\/fr\\\/#\\\/schema\\\/logo\\\/image\\\/\"}}]}<\/script>\n<!-- \/ Yoast SEO plugin. -->","yoast_head_json":{"title":"Bassine vaisselle JosephJoseph avec bonde Wash&amp;Drain? gris - Bantam","robots":{"index":"index","follow":"follow","max-snippet":"max-snippet:-1","max-image-preview":"max-image-preview:large","max-video-preview":"max-video-preview:-1"},"canonical":"https:\/\/shop.bantam.ch\/fr\/produit\/bassine-vaisselle-josephjoseph-avec-bonde-washdrain-gris\/","og_locale":"fr_FR","og_type":"article","og_title":"Bassine vaisselle JosephJoseph avec bonde Wash&amp;Drain? gris - Bantam","og_description":"La bassine \u00e0 vaisselle dispose d\u2019un syst\u00e8me d\u2019\u00e9vacuation int\u00e9gr\u00e9 qui permet de laisser s\u2019\u00e9couler facilement l\u2019eau de vaisselle. Plus besoin de soulever la bassine lourde pour la vider. Les larges poign\u00e9es de transport facilitent le transport si n\u00e9cessaire. Parfait pour une utilisation dans l\u2019\u00e9vier ou pour laver la vaisselle o\u00f9 vous le souhaitez. Lavage \u00e0 [&hellip;]","og_url":"https:\/\/shop.bantam.ch\/fr\/produit\/bassine-vaisselle-josephjoseph-avec-bonde-washdrain-gris\/","og_site_name":"Bantam","article_modified_time":"2026-05-02T21:35:58+00:00","twitter_card":"summary_large_image","schema":{"@context":"https:\/\/schema.org","@graph":[{"@type":"WebPage","@id":"https:\/\/shop.bantam.ch\/fr\/produit\/bassine-vaisselle-josephjoseph-avec-bonde-washdrain-gris\/","url":"https:\/\/shop.bantam.ch\/fr\/produit\/bassine-vaisselle-josephjoseph-avec-bonde-washdrain-gris\/","name":"Bassine vaisselle JosephJoseph avec bonde Wash&amp;Drain? gris - Bantam","isPartOf":{"@id":"https:\/\/shop.bantam.ch\/fr\/#website"},"primaryImageOfPage":{"@id":"https:\/\/shop.bantam.ch\/fr\/produit\/bassine-vaisselle-josephjoseph-avec-bonde-washdrain-gris\/#primaryimage"},"image":{"@id":"https:\/\/shop.bantam.ch\/fr\/produit\/bassine-vaisselle-josephjoseph-avec-bonde-washdrain-gris\/#primaryimage"},"thumbnailUrl":"https:\/\/shop.bantam.ch\/wp-content\/uploads\/2025\/12\/Movera-L-9957718100.jpg","datePublished":"2025-12-17T14:03:10+00:00","dateModified":"2026-05-02T21:35:58+00:00","breadcrumb":{"@id":"https:\/\/shop.bantam.ch\/fr\/produit\/bassine-vaisselle-josephjoseph-avec-bonde-washdrain-gris\/#breadcrumb"},"inLanguage":"fr-FR","potentialAction":[{"@type":"ReadAction","target":["https:\/\/shop.bantam.ch\/fr\/produit\/bassine-vaisselle-josephjoseph-avec-bonde-washdrain-gris\/"]}]},{"@type":"ImageObject","inLanguage":"fr-FR","@id":"https:\/\/shop.bantam.ch\/fr\/produit\/bassine-vaisselle-josephjoseph-avec-bonde-washdrain-gris\/#primaryimage","url":"https:\/\/shop.bantam.ch\/wp-content\/uploads\/2025\/12\/Movera-L-9957718100.jpg","contentUrl":"https:\/\/shop.bantam.ch\/wp-content\/uploads\/2025\/12\/Movera-L-9957718100.jpg","width":640,"height":576},{"@type":"BreadcrumbList","@id":"https:\/\/shop.bantam.ch\/fr\/produit\/bassine-vaisselle-josephjoseph-avec-bonde-washdrain-gris\/#breadcrumb","itemListElement":[{"@type":"ListItem","position":1,"name":"Accueil","item":"https:\/\/shop.bantam.ch\/fr\/"},{"@type":"ListItem","position":2,"name":"Boutique","item":"https:\/\/shop.bantam.ch\/fr\/boutique\/"},{"@type":"ListItem","position":3,"name":"Bassine vaisselle JosephJoseph avec bonde Wash&amp;Drain? gris"}]},{"@type":"WebSite","@id":"https:\/\/shop.bantam.ch\/fr\/#website","url":"https:\/\/shop.bantam.ch\/fr\/","name":"Bantam","description":"","publisher":{"@id":"https:\/\/shop.bantam.ch\/fr\/#organization"},"inLanguage":"fr-FR"},{"@type":"Organization","@id":"https:\/\/shop.bantam.ch\/fr\/#organization","name":"Bantam","url":"https:\/\/shop.bantam.ch\/fr\/","logo":{"@type":"ImageObject","inLanguage":"fr-FR","@id":"https:\/\/shop.bantam.ch\/fr\/#\/schema\/logo\/image\/","url":"https:\/\/shop.bantam.ch\/wp-content\/uploads\/2022\/12\/bantam-logo.png","contentUrl":"https:\/\/shop.bantam.ch\/wp-content\/uploads\/2022\/12\/bantam-logo.png","width":320,"height":71,"caption":"Bantam"},"image":{"@id":"https:\/\/shop.bantam.ch\/fr\/#\/schema\/logo\/image\/"}}]}},"_links":{"self":[{"href":"https:\/\/shop.bantam.ch\/fr\/wp-json\/wp\/v2\/product\/224930","targetHints":{"allow":["GET"]}}],"collection":[{"href":"https:\/\/shop.bantam.ch\/fr\/wp-json\/wp\/v2\/product"}],"about":[{"href":"https:\/\/shop.bantam.ch\/fr\/wp-json\/wp\/v2\/types\/product"}],"wp:featuredmedia":[{"embeddable":true,"href":"https:\/\/shop.bantam.ch\/fr\/wp-json\/wp\/v2\/media\/224920"}],"wp:attachment":[{"href":"https:\/\/shop.bantam.ch\/fr\/wp-json\/wp\/v2\/media?parent=224930"}],"wp:term":[{"taxonomy":"product_featured_cat","embeddable":true,"href":"https:\/\/shop.bantam.ch\/fr\/wp-json\/wp\/v2\/product_featured_cat?post=224930"},{"taxonomy":"product_brand","embeddable":true,"href":"https:\/\/shop.bantam.ch\/fr\/wp-json\/wp\/v2\/product_brand?post=224930"},{"taxonomy":"product_cat","embeddable":true,"href":"https:\/\/shop.bantam.ch\/fr\/wp-json\/wp\/v2\/product_cat?post=224930"},{"taxonomy":"product_tag","embeddable":true,"href":"https:\/\/shop.bantam.ch\/fr\/wp-json\/wp\/v2\/product_tag?post=224930"}],"curies":[{"name":"wp","href":"https:\/\/api.w.org\/{rel}","templated":true}]}}