{"id":224898,"date":"2025-12-17T15:02:19","date_gmt":"2025-12-17T14:02:19","guid":{"rendered":"https:\/\/shop.bantam.ch\/produit\/glaciere-dometic-coolfreeze-cfx-3-55im\/"},"modified":"2026-05-02T23:35:50","modified_gmt":"2026-05-02T21:35:50","slug":"glaciere-dometic-coolfreeze-cfx-3-55im","status":"publish","type":"product","link":"https:\/\/shop.bantam.ch\/fr\/produit\/glaciere-dometic-coolfreeze-cfx-3-55im\/","title":{"rendered":"Glaci\u00e8re Dometic CoolFreeze CFX 3 55IM"},"content":{"rendered":"<ul>\n<li>Consommation \u00e0 12\u00a0V\u00a0: 1,11 Ah\/h<\/li>\n<li>Puissance absorb\u00e9e moyenne : 52 W<\/li>\n<li>Niveau sonore : 48 dB<\/li>\n<li>Consommation d&rsquo;\u00e9nergie : 82 kWh \/ an<\/li>\n<li>Plage de temp\u00e9rature\u00a0:\u00a0-22 \u00b0C \u00e0 +10 \u00b0C<\/li>\n<li>Consommation \u00e0 temp\u00e9rature ext\u00e9rieure de +20 \u00b0C \/ +32 \u00b0C et temp\u00e9rature int\u00e9rieure de +4 \u00b0C : 0,59 \/ 1,11 Ah\/h<\/li>\n<\/ul>\n","protected":false},"excerpt":{"rendered":"<p>Consommation \u00e0 12\u00a0V\u00a0: 1,11 Ah\/h Puissance absorb\u00e9e moyenne : 52 W Niveau sonore : 48 dB Consommation d&rsquo;\u00e9nergie : 82 kWh \/ an Plage de temp\u00e9rature\u00a0:\u00a0-22 \u00b0C \u00e0 +10 \u00b0C Consommation \u00e0 temp\u00e9rature ext\u00e9rieure de +20 \u00b0C \/ +32 \u00b0C et temp\u00e9rature int\u00e9rieure de +4 \u00b0C : 0,59 \/ 1,11 Ah\/h<\/p>\n","protected":false},"featured_media":224896,"template":"","meta":{"_acf_changed":false},"product_featured_cat":[],"product_brand":[3028],"product_cat":[4545],"product_tag":[],"class_list":{"0":"post-224898","1":"product","2":"type-product","3":"status-publish","4":"has-post-thumbnail","6":"product_brand-dometic","7":"product_cat-glacieres-a-compression","9":"first","10":"instock","11":"sale","12":"taxable","13":"shipping-taxable","14":"purchasable","15":"product-type-simple"},"acf":[],"yoast_head":"<!-- This site is optimized with the Yoast SEO plugin v27.5 - https:\/\/yoast.com\/product\/yoast-seo-wordpress\/ -->\n<title>Glaci\u00e8re Dometic CoolFreeze CFX 3 55IM - Bantam<\/title>\n<meta name=\"robots\" content=\"index, follow, max-snippet:-1, max-image-preview:large, max-video-preview:-1\" \/>\n<link rel=\"canonical\" href=\"https:\/\/shop.bantam.ch\/fr\/produit\/glaciere-dometic-coolfreeze-cfx-3-55im\/\" \/>\n<meta property=\"og:locale\" content=\"fr_FR\" \/>\n<meta property=\"og:type\" content=\"article\" \/>\n<meta property=\"og:title\" content=\"Glaci\u00e8re Dometic CoolFreeze CFX 3 55IM - Bantam\" \/>\n<meta property=\"og:description\" content=\"Consommation \u00e0 12\u00a0V\u00a0: 1,11 Ah\/h Puissance absorb\u00e9e moyenne : 52 W Niveau sonore : 48 dB Consommation d&rsquo;\u00e9nergie : 82 kWh \/ an Plage de temp\u00e9rature\u00a0:\u00a0-22 \u00b0C \u00e0 +10 \u00b0C Consommation \u00e0 temp\u00e9rature ext\u00e9rieure de +20 \u00b0C \/ +32 \u00b0C et temp\u00e9rature int\u00e9rieure de +4 \u00b0C : 0,59 \/ 1,11 Ah\/h\" \/>\n<meta property=\"og:url\" content=\"https:\/\/shop.bantam.ch\/fr\/produit\/glaciere-dometic-coolfreeze-cfx-3-55im\/\" \/>\n<meta property=\"og:site_name\" content=\"Bantam\" \/>\n<meta property=\"article:modified_time\" content=\"2026-05-02T21:35:50+00:00\" \/>\n<meta property=\"og:image\" content=\"https:\/\/shop.bantam.ch\/wp-content\/uploads\/2025\/12\/Movera-L-9955992200.jpg\" \/>\n\t<meta property=\"og:image:width\" content=\"640\" \/>\n\t<meta property=\"og:image:height\" content=\"640\" \/>\n\t<meta property=\"og:image:type\" content=\"image\/jpeg\" \/>\n<meta name=\"twitter:card\" content=\"summary_large_image\" \/>\n<script type=\"application\/ld+json\" class=\"yoast-schema-graph\">{\"@context\":\"https:\\\/\\\/schema.org\",\"@graph\":[{\"@type\":\"WebPage\",\"@id\":\"https:\\\/\\\/shop.bantam.ch\\\/fr\\\/produit\\\/glaciere-dometic-coolfreeze-cfx-3-55im\\\/\",\"url\":\"https:\\\/\\\/shop.bantam.ch\\\/fr\\\/produit\\\/glaciere-dometic-coolfreeze-cfx-3-55im\\\/\",\"name\":\"Glaci\u00e8re Dometic CoolFreeze CFX 3 55IM - Bantam\",\"isPartOf\":{\"@id\":\"https:\\\/\\\/shop.bantam.ch\\\/fr\\\/#website\"},\"primaryImageOfPage\":{\"@id\":\"https:\\\/\\\/shop.bantam.ch\\\/fr\\\/produit\\\/glaciere-dometic-coolfreeze-cfx-3-55im\\\/#primaryimage\"},\"image\":{\"@id\":\"https:\\\/\\\/shop.bantam.ch\\\/fr\\\/produit\\\/glaciere-dometic-coolfreeze-cfx-3-55im\\\/#primaryimage\"},\"thumbnailUrl\":\"https:\\\/\\\/shop.bantam.ch\\\/wp-content\\\/uploads\\\/2025\\\/12\\\/Movera-L-9955992200.jpg\",\"datePublished\":\"2025-12-17T14:02:19+00:00\",\"dateModified\":\"2026-05-02T21:35:50+00:00\",\"breadcrumb\":{\"@id\":\"https:\\\/\\\/shop.bantam.ch\\\/fr\\\/produit\\\/glaciere-dometic-coolfreeze-cfx-3-55im\\\/#breadcrumb\"},\"inLanguage\":\"fr-FR\",\"potentialAction\":[{\"@type\":\"ReadAction\",\"target\":[\"https:\\\/\\\/shop.bantam.ch\\\/fr\\\/produit\\\/glaciere-dometic-coolfreeze-cfx-3-55im\\\/\"]}]},{\"@type\":\"ImageObject\",\"inLanguage\":\"fr-FR\",\"@id\":\"https:\\\/\\\/shop.bantam.ch\\\/fr\\\/produit\\\/glaciere-dometic-coolfreeze-cfx-3-55im\\\/#primaryimage\",\"url\":\"https:\\\/\\\/shop.bantam.ch\\\/wp-content\\\/uploads\\\/2025\\\/12\\\/Movera-L-9955992200.jpg\",\"contentUrl\":\"https:\\\/\\\/shop.bantam.ch\\\/wp-content\\\/uploads\\\/2025\\\/12\\\/Movera-L-9955992200.jpg\",\"width\":640,\"height\":640},{\"@type\":\"BreadcrumbList\",\"@id\":\"https:\\\/\\\/shop.bantam.ch\\\/fr\\\/produit\\\/glaciere-dometic-coolfreeze-cfx-3-55im\\\/#breadcrumb\",\"itemListElement\":[{\"@type\":\"ListItem\",\"position\":1,\"name\":\"Accueil\",\"item\":\"https:\\\/\\\/shop.bantam.ch\\\/fr\\\/\"},{\"@type\":\"ListItem\",\"position\":2,\"name\":\"Boutique\",\"item\":\"https:\\\/\\\/shop.bantam.ch\\\/fr\\\/boutique\\\/\"},{\"@type\":\"ListItem\",\"position\":3,\"name\":\"Glaci\u00e8re Dometic CoolFreeze CFX 3 55IM\"}]},{\"@type\":\"WebSite\",\"@id\":\"https:\\\/\\\/shop.bantam.ch\\\/fr\\\/#website\",\"url\":\"https:\\\/\\\/shop.bantam.ch\\\/fr\\\/\",\"name\":\"Bantam\",\"description\":\"\",\"publisher\":{\"@id\":\"https:\\\/\\\/shop.bantam.ch\\\/fr\\\/#organization\"},\"inLanguage\":\"fr-FR\"},{\"@type\":\"Organization\",\"@id\":\"https:\\\/\\\/shop.bantam.ch\\\/fr\\\/#organization\",\"name\":\"Bantam\",\"url\":\"https:\\\/\\\/shop.bantam.ch\\\/fr\\\/\",\"logo\":{\"@type\":\"ImageObject\",\"inLanguage\":\"fr-FR\",\"@id\":\"https:\\\/\\\/shop.bantam.ch\\\/fr\\\/#\\\/schema\\\/logo\\\/image\\\/\",\"url\":\"https:\\\/\\\/shop.bantam.ch\\\/wp-content\\\/uploads\\\/2022\\\/12\\\/bantam-logo.png\",\"contentUrl\":\"https:\\\/\\\/shop.bantam.ch\\\/wp-content\\\/uploads\\\/2022\\\/12\\\/bantam-logo.png\",\"width\":320,\"height\":71,\"caption\":\"Bantam\"},\"image\":{\"@id\":\"https:\\\/\\\/shop.bantam.ch\\\/fr\\\/#\\\/schema\\\/logo\\\/image\\\/\"}}]}<\/script>\n<!-- \/ Yoast SEO plugin. -->","yoast_head_json":{"title":"Glaci\u00e8re Dometic CoolFreeze CFX 3 55IM - Bantam","robots":{"index":"index","follow":"follow","max-snippet":"max-snippet:-1","max-image-preview":"max-image-preview:large","max-video-preview":"max-video-preview:-1"},"canonical":"https:\/\/shop.bantam.ch\/fr\/produit\/glaciere-dometic-coolfreeze-cfx-3-55im\/","og_locale":"fr_FR","og_type":"article","og_title":"Glaci\u00e8re Dometic CoolFreeze CFX 3 55IM - Bantam","og_description":"Consommation \u00e0 12\u00a0V\u00a0: 1,11 Ah\/h Puissance absorb\u00e9e moyenne : 52 W Niveau sonore : 48 dB Consommation d&rsquo;\u00e9nergie : 82 kWh \/ an Plage de temp\u00e9rature\u00a0:\u00a0-22 \u00b0C \u00e0 +10 \u00b0C Consommation \u00e0 temp\u00e9rature ext\u00e9rieure de +20 \u00b0C \/ +32 \u00b0C et temp\u00e9rature int\u00e9rieure de +4 \u00b0C : 0,59 \/ 1,11 Ah\/h","og_url":"https:\/\/shop.bantam.ch\/fr\/produit\/glaciere-dometic-coolfreeze-cfx-3-55im\/","og_site_name":"Bantam","article_modified_time":"2026-05-02T21:35:50+00:00","og_image":[{"width":640,"height":640,"url":"https:\/\/shop.bantam.ch\/wp-content\/uploads\/2025\/12\/Movera-L-9955992200.jpg","type":"image\/jpeg"}],"twitter_card":"summary_large_image","schema":{"@context":"https:\/\/schema.org","@graph":[{"@type":"WebPage","@id":"https:\/\/shop.bantam.ch\/fr\/produit\/glaciere-dometic-coolfreeze-cfx-3-55im\/","url":"https:\/\/shop.bantam.ch\/fr\/produit\/glaciere-dometic-coolfreeze-cfx-3-55im\/","name":"Glaci\u00e8re Dometic CoolFreeze CFX 3 55IM - Bantam","isPartOf":{"@id":"https:\/\/shop.bantam.ch\/fr\/#website"},"primaryImageOfPage":{"@id":"https:\/\/shop.bantam.ch\/fr\/produit\/glaciere-dometic-coolfreeze-cfx-3-55im\/#primaryimage"},"image":{"@id":"https:\/\/shop.bantam.ch\/fr\/produit\/glaciere-dometic-coolfreeze-cfx-3-55im\/#primaryimage"},"thumbnailUrl":"https:\/\/shop.bantam.ch\/wp-content\/uploads\/2025\/12\/Movera-L-9955992200.jpg","datePublished":"2025-12-17T14:02:19+00:00","dateModified":"2026-05-02T21:35:50+00:00","breadcrumb":{"@id":"https:\/\/shop.bantam.ch\/fr\/produit\/glaciere-dometic-coolfreeze-cfx-3-55im\/#breadcrumb"},"inLanguage":"fr-FR","potentialAction":[{"@type":"ReadAction","target":["https:\/\/shop.bantam.ch\/fr\/produit\/glaciere-dometic-coolfreeze-cfx-3-55im\/"]}]},{"@type":"ImageObject","inLanguage":"fr-FR","@id":"https:\/\/shop.bantam.ch\/fr\/produit\/glaciere-dometic-coolfreeze-cfx-3-55im\/#primaryimage","url":"https:\/\/shop.bantam.ch\/wp-content\/uploads\/2025\/12\/Movera-L-9955992200.jpg","contentUrl":"https:\/\/shop.bantam.ch\/wp-content\/uploads\/2025\/12\/Movera-L-9955992200.jpg","width":640,"height":640},{"@type":"BreadcrumbList","@id":"https:\/\/shop.bantam.ch\/fr\/produit\/glaciere-dometic-coolfreeze-cfx-3-55im\/#breadcrumb","itemListElement":[{"@type":"ListItem","position":1,"name":"Accueil","item":"https:\/\/shop.bantam.ch\/fr\/"},{"@type":"ListItem","position":2,"name":"Boutique","item":"https:\/\/shop.bantam.ch\/fr\/boutique\/"},{"@type":"ListItem","position":3,"name":"Glaci\u00e8re Dometic CoolFreeze CFX 3 55IM"}]},{"@type":"WebSite","@id":"https:\/\/shop.bantam.ch\/fr\/#website","url":"https:\/\/shop.bantam.ch\/fr\/","name":"Bantam","description":"","publisher":{"@id":"https:\/\/shop.bantam.ch\/fr\/#organization"},"inLanguage":"fr-FR"},{"@type":"Organization","@id":"https:\/\/shop.bantam.ch\/fr\/#organization","name":"Bantam","url":"https:\/\/shop.bantam.ch\/fr\/","logo":{"@type":"ImageObject","inLanguage":"fr-FR","@id":"https:\/\/shop.bantam.ch\/fr\/#\/schema\/logo\/image\/","url":"https:\/\/shop.bantam.ch\/wp-content\/uploads\/2022\/12\/bantam-logo.png","contentUrl":"https:\/\/shop.bantam.ch\/wp-content\/uploads\/2022\/12\/bantam-logo.png","width":320,"height":71,"caption":"Bantam"},"image":{"@id":"https:\/\/shop.bantam.ch\/fr\/#\/schema\/logo\/image\/"}}]}},"_links":{"self":[{"href":"https:\/\/shop.bantam.ch\/fr\/wp-json\/wp\/v2\/product\/224898","targetHints":{"allow":["GET"]}}],"collection":[{"href":"https:\/\/shop.bantam.ch\/fr\/wp-json\/wp\/v2\/product"}],"about":[{"href":"https:\/\/shop.bantam.ch\/fr\/wp-json\/wp\/v2\/types\/product"}],"wp:featuredmedia":[{"embeddable":true,"href":"https:\/\/shop.bantam.ch\/fr\/wp-json\/wp\/v2\/media\/224896"}],"wp:attachment":[{"href":"https:\/\/shop.bantam.ch\/fr\/wp-json\/wp\/v2\/media?parent=224898"}],"wp:term":[{"taxonomy":"product_featured_cat","embeddable":true,"href":"https:\/\/shop.bantam.ch\/fr\/wp-json\/wp\/v2\/product_featured_cat?post=224898"},{"taxonomy":"product_brand","embeddable":true,"href":"https:\/\/shop.bantam.ch\/fr\/wp-json\/wp\/v2\/product_brand?post=224898"},{"taxonomy":"product_cat","embeddable":true,"href":"https:\/\/shop.bantam.ch\/fr\/wp-json\/wp\/v2\/product_cat?post=224898"},{"taxonomy":"product_tag","embeddable":true,"href":"https:\/\/shop.bantam.ch\/fr\/wp-json\/wp\/v2\/product_tag?post=224898"}],"curies":[{"name":"wp","href":"https:\/\/api.w.org\/{rel}","templated":true}]}}