{"id":224872,"date":"2025-12-17T15:01:24","date_gmt":"2025-12-17T14:01:24","guid":{"rendered":"https:\/\/shop.bantam.ch\/produit\/jante-en-alliage-leger-cw7-75-x-18-pouces-black-matt-adaptable-sur-mercedes-sprinter\/"},"modified":"2026-04-19T23:46:45","modified_gmt":"2026-04-19T21:46:45","slug":"jante-en-alliage-leger-cw7-75-x-18-pouces-black-matt-adaptable-sur-mercedes-sprinter","status":"publish","type":"product","link":"https:\/\/shop.bantam.ch\/fr\/produit\/jante-en-alliage-leger-cw7-75-x-18-pouces-black-matt-adaptable-sur-mercedes-sprinter\/","title":{"rendered":"Jante en alliage l\u00e9ger CW7 7,5 x 18 pouces black matt adaptable sur Mercedes Sprinter"},"content":{"rendered":"<p>Les jantes en alliage l\u00e9ger Borbet avec une capacit\u00e9 de charge plus \u00e9lev\u00e9e, \u00e9galement pour votre Camper Van, conf\u00e8rent au v\u00e9hicule un style individuel et offrent une fiabilit\u00e9 sans compromis. Livr\u00e9es avec certificat ECE, vis de roue et bague de centrage si le mod\u00e8le l&rsquo;exige.<\/p>\n<p>Contenu de la livraison :<br \/>\nSans vis de roue, commander les vis de roue correspondantes Art.-Nr.5288 (fabricant).<\/p>\n","protected":false},"excerpt":{"rendered":"<p>Les jantes en alliage l\u00e9ger Borbet avec une capacit\u00e9 de charge plus \u00e9lev\u00e9e, \u00e9galement pour votre Camper Van, conf\u00e8rent au v\u00e9hicule un style individuel et offrent une fiabilit\u00e9 sans compromis. Livr\u00e9es avec certificat ECE, vis de roue et bague de centrage si le mod\u00e8le l&rsquo;exige. Contenu de la livraison : Sans vis de roue, commander [&hellip;]<\/p>\n","protected":false},"featured_media":224868,"template":"","meta":{"_acf_changed":false},"product_featured_cat":[],"product_brand":[],"product_cat":[5349],"product_tag":[],"class_list":{"0":"post-224872","1":"product","2":"type-product","3":"status-publish","4":"has-post-thumbnail","6":"product_cat-jantes-et-enjoliveurs","8":"first","9":"instock","10":"taxable","11":"shipping-taxable","12":"purchasable","13":"product-type-simple"},"acf":[],"yoast_head":"<!-- This site is optimized with the Yoast SEO plugin v27.4 - https:\/\/yoast.com\/product\/yoast-seo-wordpress\/ -->\n<title>Jante en alliage l\u00e9ger CW7 7,5 x 18 pouces black matt adaptable sur Mercedes Sprinter - Bantam Wankm\u00fcller SA<\/title>\n<meta name=\"robots\" content=\"index, follow, max-snippet:-1, max-image-preview:large, max-video-preview:-1\" \/>\n<link rel=\"canonical\" href=\"https:\/\/shop.bantam.ch\/fr\/produit\/jante-en-alliage-leger-cw7-75-x-18-pouces-black-matt-adaptable-sur-mercedes-sprinter\/\" \/>\n<meta property=\"og:locale\" content=\"fr_FR\" \/>\n<meta property=\"og:type\" content=\"article\" \/>\n<meta property=\"og:title\" content=\"Jante en alliage l\u00e9ger CW7 7,5 x 18 pouces black matt adaptable sur Mercedes Sprinter - Bantam Wankm\u00fcller SA\" \/>\n<meta property=\"og:description\" content=\"Les jantes en alliage l\u00e9ger Borbet avec une capacit\u00e9 de charge plus \u00e9lev\u00e9e, \u00e9galement pour votre Camper Van, conf\u00e8rent au v\u00e9hicule un style individuel et offrent une fiabilit\u00e9 sans compromis. Livr\u00e9es avec certificat ECE, vis de roue et bague de centrage si le mod\u00e8le l&rsquo;exige. Contenu de la livraison : Sans vis de roue, commander [&hellip;]\" \/>\n<meta property=\"og:url\" content=\"https:\/\/shop.bantam.ch\/fr\/produit\/jante-en-alliage-leger-cw7-75-x-18-pouces-black-matt-adaptable-sur-mercedes-sprinter\/\" \/>\n<meta property=\"og:site_name\" content=\"Bantam Wankm\u00fcller SA\" \/>\n<meta property=\"article:modified_time\" content=\"2026-04-19T21:46:45+00:00\" \/>\n<meta name=\"twitter:card\" content=\"summary_large_image\" \/>\n<script type=\"application\/ld+json\" class=\"yoast-schema-graph\">{\"@context\":\"https:\\\/\\\/schema.org\",\"@graph\":[{\"@type\":\"WebPage\",\"@id\":\"https:\\\/\\\/shop.bantam.ch\\\/fr\\\/produit\\\/jante-en-alliage-leger-cw7-75-x-18-pouces-black-matt-adaptable-sur-mercedes-sprinter\\\/\",\"url\":\"https:\\\/\\\/shop.bantam.ch\\\/fr\\\/produit\\\/jante-en-alliage-leger-cw7-75-x-18-pouces-black-matt-adaptable-sur-mercedes-sprinter\\\/\",\"name\":\"Jante en alliage l\u00e9ger CW7 7,5 x 18 pouces black matt adaptable sur Mercedes Sprinter - Bantam Wankm\u00fcller SA\",\"isPartOf\":{\"@id\":\"https:\\\/\\\/shop.bantam.ch\\\/fr\\\/#website\"},\"primaryImageOfPage\":{\"@id\":\"https:\\\/\\\/shop.bantam.ch\\\/fr\\\/produit\\\/jante-en-alliage-leger-cw7-75-x-18-pouces-black-matt-adaptable-sur-mercedes-sprinter\\\/#primaryimage\"},\"image\":{\"@id\":\"https:\\\/\\\/shop.bantam.ch\\\/fr\\\/produit\\\/jante-en-alliage-leger-cw7-75-x-18-pouces-black-matt-adaptable-sur-mercedes-sprinter\\\/#primaryimage\"},\"thumbnailUrl\":\"https:\\\/\\\/shop.bantam.ch\\\/wp-content\\\/uploads\\\/2025\\\/12\\\/Movera-L-9949569100.jpg\",\"datePublished\":\"2025-12-17T14:01:24+00:00\",\"dateModified\":\"2026-04-19T21:46:45+00:00\",\"breadcrumb\":{\"@id\":\"https:\\\/\\\/shop.bantam.ch\\\/fr\\\/produit\\\/jante-en-alliage-leger-cw7-75-x-18-pouces-black-matt-adaptable-sur-mercedes-sprinter\\\/#breadcrumb\"},\"inLanguage\":\"fr-FR\",\"potentialAction\":[{\"@type\":\"ReadAction\",\"target\":[\"https:\\\/\\\/shop.bantam.ch\\\/fr\\\/produit\\\/jante-en-alliage-leger-cw7-75-x-18-pouces-black-matt-adaptable-sur-mercedes-sprinter\\\/\"]}]},{\"@type\":\"ImageObject\",\"inLanguage\":\"fr-FR\",\"@id\":\"https:\\\/\\\/shop.bantam.ch\\\/fr\\\/produit\\\/jante-en-alliage-leger-cw7-75-x-18-pouces-black-matt-adaptable-sur-mercedes-sprinter\\\/#primaryimage\",\"url\":\"https:\\\/\\\/shop.bantam.ch\\\/wp-content\\\/uploads\\\/2025\\\/12\\\/Movera-L-9949569100.jpg\",\"contentUrl\":\"https:\\\/\\\/shop.bantam.ch\\\/wp-content\\\/uploads\\\/2025\\\/12\\\/Movera-L-9949569100.jpg\",\"width\":640,\"height\":640},{\"@type\":\"BreadcrumbList\",\"@id\":\"https:\\\/\\\/shop.bantam.ch\\\/fr\\\/produit\\\/jante-en-alliage-leger-cw7-75-x-18-pouces-black-matt-adaptable-sur-mercedes-sprinter\\\/#breadcrumb\",\"itemListElement\":[{\"@type\":\"ListItem\",\"position\":1,\"name\":\"Accueil\",\"item\":\"https:\\\/\\\/shop.bantam.ch\\\/fr\\\/\"},{\"@type\":\"ListItem\",\"position\":2,\"name\":\"Boutique\",\"item\":\"https:\\\/\\\/shop.bantam.ch\\\/fr\\\/boutique\\\/\"},{\"@type\":\"ListItem\",\"position\":3,\"name\":\"Jante en alliage l\u00e9ger CW7 7,5 x 18 pouces black matt adaptable sur Mercedes Sprinter\"}]},{\"@type\":\"WebSite\",\"@id\":\"https:\\\/\\\/shop.bantam.ch\\\/fr\\\/#website\",\"url\":\"https:\\\/\\\/shop.bantam.ch\\\/fr\\\/\",\"name\":\"Bantam Wankm\u00fcller SA\",\"description\":\"\",\"publisher\":{\"@id\":\"https:\\\/\\\/shop.bantam.ch\\\/fr\\\/#organization\"},\"inLanguage\":\"fr-FR\"},{\"@type\":\"Organization\",\"@id\":\"https:\\\/\\\/shop.bantam.ch\\\/fr\\\/#organization\",\"name\":\"Bantam Wankm\u00fcller SA\",\"url\":\"https:\\\/\\\/shop.bantam.ch\\\/fr\\\/\",\"logo\":{\"@type\":\"ImageObject\",\"inLanguage\":\"fr-FR\",\"@id\":\"https:\\\/\\\/shop.bantam.ch\\\/fr\\\/#\\\/schema\\\/logo\\\/image\\\/\",\"url\":\"https:\\\/\\\/shop.bantam.ch\\\/wp-content\\\/uploads\\\/2022\\\/12\\\/bantam-logo.png\",\"contentUrl\":\"https:\\\/\\\/shop.bantam.ch\\\/wp-content\\\/uploads\\\/2022\\\/12\\\/bantam-logo.png\",\"width\":320,\"height\":71,\"caption\":\"Bantam Wankm\u00fcller SA\"},\"image\":{\"@id\":\"https:\\\/\\\/shop.bantam.ch\\\/fr\\\/#\\\/schema\\\/logo\\\/image\\\/\"}}]}<\/script>\n<!-- \/ Yoast SEO plugin. -->","yoast_head_json":{"title":"Jante en alliage l\u00e9ger CW7 7,5 x 18 pouces black matt adaptable sur Mercedes Sprinter - Bantam Wankm\u00fcller SA","robots":{"index":"index","follow":"follow","max-snippet":"max-snippet:-1","max-image-preview":"max-image-preview:large","max-video-preview":"max-video-preview:-1"},"canonical":"https:\/\/shop.bantam.ch\/fr\/produit\/jante-en-alliage-leger-cw7-75-x-18-pouces-black-matt-adaptable-sur-mercedes-sprinter\/","og_locale":"fr_FR","og_type":"article","og_title":"Jante en alliage l\u00e9ger CW7 7,5 x 18 pouces black matt adaptable sur Mercedes Sprinter - Bantam Wankm\u00fcller SA","og_description":"Les jantes en alliage l\u00e9ger Borbet avec une capacit\u00e9 de charge plus \u00e9lev\u00e9e, \u00e9galement pour votre Camper Van, conf\u00e8rent au v\u00e9hicule un style individuel et offrent une fiabilit\u00e9 sans compromis. Livr\u00e9es avec certificat ECE, vis de roue et bague de centrage si le mod\u00e8le l&rsquo;exige. Contenu de la livraison : Sans vis de roue, commander [&hellip;]","og_url":"https:\/\/shop.bantam.ch\/fr\/produit\/jante-en-alliage-leger-cw7-75-x-18-pouces-black-matt-adaptable-sur-mercedes-sprinter\/","og_site_name":"Bantam Wankm\u00fcller SA","article_modified_time":"2026-04-19T21:46:45+00:00","twitter_card":"summary_large_image","schema":{"@context":"https:\/\/schema.org","@graph":[{"@type":"WebPage","@id":"https:\/\/shop.bantam.ch\/fr\/produit\/jante-en-alliage-leger-cw7-75-x-18-pouces-black-matt-adaptable-sur-mercedes-sprinter\/","url":"https:\/\/shop.bantam.ch\/fr\/produit\/jante-en-alliage-leger-cw7-75-x-18-pouces-black-matt-adaptable-sur-mercedes-sprinter\/","name":"Jante en alliage l\u00e9ger CW7 7,5 x 18 pouces black matt adaptable sur Mercedes Sprinter - Bantam Wankm\u00fcller SA","isPartOf":{"@id":"https:\/\/shop.bantam.ch\/fr\/#website"},"primaryImageOfPage":{"@id":"https:\/\/shop.bantam.ch\/fr\/produit\/jante-en-alliage-leger-cw7-75-x-18-pouces-black-matt-adaptable-sur-mercedes-sprinter\/#primaryimage"},"image":{"@id":"https:\/\/shop.bantam.ch\/fr\/produit\/jante-en-alliage-leger-cw7-75-x-18-pouces-black-matt-adaptable-sur-mercedes-sprinter\/#primaryimage"},"thumbnailUrl":"https:\/\/shop.bantam.ch\/wp-content\/uploads\/2025\/12\/Movera-L-9949569100.jpg","datePublished":"2025-12-17T14:01:24+00:00","dateModified":"2026-04-19T21:46:45+00:00","breadcrumb":{"@id":"https:\/\/shop.bantam.ch\/fr\/produit\/jante-en-alliage-leger-cw7-75-x-18-pouces-black-matt-adaptable-sur-mercedes-sprinter\/#breadcrumb"},"inLanguage":"fr-FR","potentialAction":[{"@type":"ReadAction","target":["https:\/\/shop.bantam.ch\/fr\/produit\/jante-en-alliage-leger-cw7-75-x-18-pouces-black-matt-adaptable-sur-mercedes-sprinter\/"]}]},{"@type":"ImageObject","inLanguage":"fr-FR","@id":"https:\/\/shop.bantam.ch\/fr\/produit\/jante-en-alliage-leger-cw7-75-x-18-pouces-black-matt-adaptable-sur-mercedes-sprinter\/#primaryimage","url":"https:\/\/shop.bantam.ch\/wp-content\/uploads\/2025\/12\/Movera-L-9949569100.jpg","contentUrl":"https:\/\/shop.bantam.ch\/wp-content\/uploads\/2025\/12\/Movera-L-9949569100.jpg","width":640,"height":640},{"@type":"BreadcrumbList","@id":"https:\/\/shop.bantam.ch\/fr\/produit\/jante-en-alliage-leger-cw7-75-x-18-pouces-black-matt-adaptable-sur-mercedes-sprinter\/#breadcrumb","itemListElement":[{"@type":"ListItem","position":1,"name":"Accueil","item":"https:\/\/shop.bantam.ch\/fr\/"},{"@type":"ListItem","position":2,"name":"Boutique","item":"https:\/\/shop.bantam.ch\/fr\/boutique\/"},{"@type":"ListItem","position":3,"name":"Jante en alliage l\u00e9ger CW7 7,5 x 18 pouces black matt adaptable sur Mercedes Sprinter"}]},{"@type":"WebSite","@id":"https:\/\/shop.bantam.ch\/fr\/#website","url":"https:\/\/shop.bantam.ch\/fr\/","name":"Bantam Wankm\u00fcller SA","description":"","publisher":{"@id":"https:\/\/shop.bantam.ch\/fr\/#organization"},"inLanguage":"fr-FR"},{"@type":"Organization","@id":"https:\/\/shop.bantam.ch\/fr\/#organization","name":"Bantam Wankm\u00fcller SA","url":"https:\/\/shop.bantam.ch\/fr\/","logo":{"@type":"ImageObject","inLanguage":"fr-FR","@id":"https:\/\/shop.bantam.ch\/fr\/#\/schema\/logo\/image\/","url":"https:\/\/shop.bantam.ch\/wp-content\/uploads\/2022\/12\/bantam-logo.png","contentUrl":"https:\/\/shop.bantam.ch\/wp-content\/uploads\/2022\/12\/bantam-logo.png","width":320,"height":71,"caption":"Bantam Wankm\u00fcller SA"},"image":{"@id":"https:\/\/shop.bantam.ch\/fr\/#\/schema\/logo\/image\/"}}]}},"_links":{"self":[{"href":"https:\/\/shop.bantam.ch\/fr\/wp-json\/wp\/v2\/product\/224872","targetHints":{"allow":["GET"]}}],"collection":[{"href":"https:\/\/shop.bantam.ch\/fr\/wp-json\/wp\/v2\/product"}],"about":[{"href":"https:\/\/shop.bantam.ch\/fr\/wp-json\/wp\/v2\/types\/product"}],"wp:featuredmedia":[{"embeddable":true,"href":"https:\/\/shop.bantam.ch\/fr\/wp-json\/wp\/v2\/media\/224868"}],"wp:attachment":[{"href":"https:\/\/shop.bantam.ch\/fr\/wp-json\/wp\/v2\/media?parent=224872"}],"wp:term":[{"taxonomy":"product_featured_cat","embeddable":true,"href":"https:\/\/shop.bantam.ch\/fr\/wp-json\/wp\/v2\/product_featured_cat?post=224872"},{"taxonomy":"product_brand","embeddable":true,"href":"https:\/\/shop.bantam.ch\/fr\/wp-json\/wp\/v2\/product_brand?post=224872"},{"taxonomy":"product_cat","embeddable":true,"href":"https:\/\/shop.bantam.ch\/fr\/wp-json\/wp\/v2\/product_cat?post=224872"},{"taxonomy":"product_tag","embeddable":true,"href":"https:\/\/shop.bantam.ch\/fr\/wp-json\/wp\/v2\/product_tag?post=224872"}],"curies":[{"name":"wp","href":"https:\/\/api.w.org\/{rel}","templated":true}]}}