{"id":224832,"date":"2025-12-17T14:57:44","date_gmt":"2025-12-17T13:57:44","guid":{"rendered":"https:\/\/shop.bantam.ch\/produit\/porte-charge-sawiko-by-al-ko-velo\/"},"modified":"2026-04-18T02:12:28","modified_gmt":"2026-04-18T00:12:28","slug":"porte-charge-sawiko-by-al-ko-velo","status":"publish","type":"product","link":"https:\/\/shop.bantam.ch\/fr\/produit\/porte-charge-sawiko-by-al-ko-velo\/","title":{"rendered":"Porte-charge SAWIKO by AL-KO Velo"},"content":{"rendered":"<p>CONFORT MAXIMAL &#8211; DESIGN MODERNE<\/p>\n<p>L\u00c9G\u00c8RET\u00c9 COMBIN\u00c9E \u00c0 LA STABILIT\u00c9<br \/>\nMalgr\u00e9 sa construction l\u00e9g\u00e8re, le VELO est tr\u00e8s stable. La charge utile \u00e9lev\u00e9e de 80 kg maximum suffit pour transporter jusqu&rsquo;\u00e0 3 v\u00e9los ou v\u00e9los \u00e9lectriques en toute s\u00e9curit\u00e9. Faites l&rsquo;exp\u00e9rience d&rsquo;un confort maximal, de la l\u00e9g\u00e8ret\u00e9, de la qualit\u00e9 et d&rsquo;un design moderne.<\/p>\n<p>PLUS DE CONFORT GR\u00c2CE \u00c0 UNE UTILISATION SIMPLE<br \/>\nLa plateforme de transport se rel\u00e8ve sans effort.<br \/>\nCela permet de gagner de la place lorsqu&rsquo;elle n&rsquo;est pas utilis\u00e9e. Gr\u00e2ce au nouveau m\u00e9canisme de pliage \u00e0 levier unique, le support de lampe se rabat automatiquement.<\/p>\n<ul>\n<li>&nbsp;&nbsp;&nbsp; Charge utile : 80 kg<\/li>\n<li>&nbsp;&nbsp;&nbsp; Rails pour v\u00e9los et bras de support avec fermeture rapide \u00e0 cliquet<\/li>\n<li>&nbsp;&nbsp;&nbsp; Avec homologation CE<\/li>\n<li>&nbsp;&nbsp;&nbsp; Nombreuses possibilit\u00e9s de transport<\/li>\n<li>&nbsp;&nbsp;&nbsp; Amovible sans outils<\/li>\n<li>&nbsp;&nbsp;&nbsp; El\u00e9ment de r\u00e9ception standard inclus<\/li>\n<\/ul>\n<p>* Poids propre, kit d&rsquo;\u00e9quipement inclus, sans \u00e9l\u00e9ments de r\u00e9ception ni extensions ou renforts de cadre.<\/p>\n","protected":false},"excerpt":{"rendered":"<p>CONFORT MAXIMAL &#8211; DESIGN MODERNE L\u00c9G\u00c8RET\u00c9 COMBIN\u00c9E \u00c0 LA STABILIT\u00c9 Malgr\u00e9 sa construction l\u00e9g\u00e8re, le VELO est tr\u00e8s stable. La charge utile \u00e9lev\u00e9e de 80 kg maximum suffit pour transporter jusqu&rsquo;\u00e0 3 v\u00e9los ou v\u00e9los \u00e9lectriques en toute s\u00e9curit\u00e9. Faites l&rsquo;exp\u00e9rience d&rsquo;un confort maximal, de la l\u00e9g\u00e8ret\u00e9, de la qualit\u00e9 et d&rsquo;un design moderne. PLUS [&hellip;]<\/p>\n","protected":false},"featured_media":224828,"template":"","meta":{"_acf_changed":false},"product_featured_cat":[],"product_brand":[],"product_cat":[5137],"product_tag":[],"class_list":{"0":"post-224832","1":"product","2":"type-product","3":"status-publish","4":"has-post-thumbnail","6":"product_cat-porte-velos-arriere","8":"first","9":"instock","10":"taxable","11":"shipping-taxable","12":"purchasable","13":"product-type-variable"},"acf":[],"yoast_head":"<!-- This site is optimized with the Yoast SEO plugin v27.4 - https:\/\/yoast.com\/product\/yoast-seo-wordpress\/ -->\n<title>Porte-charge SAWIKO by AL-KO Velo - Bantam Wankm\u00fcller SA<\/title>\n<meta name=\"robots\" content=\"index, follow, max-snippet:-1, max-image-preview:large, max-video-preview:-1\" \/>\n<link rel=\"canonical\" href=\"https:\/\/shop.bantam.ch\/fr\/produit\/porte-charge-sawiko-by-al-ko-velo\/\" \/>\n<meta property=\"og:locale\" content=\"fr_FR\" \/>\n<meta property=\"og:type\" content=\"article\" \/>\n<meta property=\"og:title\" content=\"Porte-charge SAWIKO by AL-KO Velo - Bantam Wankm\u00fcller SA\" \/>\n<meta property=\"og:description\" content=\"CONFORT MAXIMAL &#8211; DESIGN MODERNE L\u00c9G\u00c8RET\u00c9 COMBIN\u00c9E \u00c0 LA STABILIT\u00c9 Malgr\u00e9 sa construction l\u00e9g\u00e8re, le VELO est tr\u00e8s stable. La charge utile \u00e9lev\u00e9e de 80 kg maximum suffit pour transporter jusqu&rsquo;\u00e0 3 v\u00e9los ou v\u00e9los \u00e9lectriques en toute s\u00e9curit\u00e9. Faites l&rsquo;exp\u00e9rience d&rsquo;un confort maximal, de la l\u00e9g\u00e8ret\u00e9, de la qualit\u00e9 et d&rsquo;un design moderne. PLUS [&hellip;]\" \/>\n<meta property=\"og:url\" content=\"https:\/\/shop.bantam.ch\/fr\/produit\/porte-charge-sawiko-by-al-ko-velo\/\" \/>\n<meta property=\"og:site_name\" content=\"Bantam Wankm\u00fcller SA\" \/>\n<meta property=\"article:modified_time\" content=\"2026-04-18T00:12:28+00:00\" \/>\n<meta name=\"twitter:card\" content=\"summary_large_image\" \/>\n<meta name=\"twitter:label1\" content=\"Dur\u00e9e de lecture estim\u00e9e\" \/>\n\t<meta name=\"twitter:data1\" content=\"1 minute\" \/>\n<script type=\"application\/ld+json\" class=\"yoast-schema-graph\">{\"@context\":\"https:\\\/\\\/schema.org\",\"@graph\":[{\"@type\":\"WebPage\",\"@id\":\"https:\\\/\\\/shop.bantam.ch\\\/fr\\\/produit\\\/porte-charge-sawiko-by-al-ko-velo\\\/\",\"url\":\"https:\\\/\\\/shop.bantam.ch\\\/fr\\\/produit\\\/porte-charge-sawiko-by-al-ko-velo\\\/\",\"name\":\"Porte-charge SAWIKO by AL-KO Velo - Bantam Wankm\u00fcller SA\",\"isPartOf\":{\"@id\":\"https:\\\/\\\/shop.bantam.ch\\\/fr\\\/#website\"},\"primaryImageOfPage\":{\"@id\":\"https:\\\/\\\/shop.bantam.ch\\\/fr\\\/produit\\\/porte-charge-sawiko-by-al-ko-velo\\\/#primaryimage\"},\"image\":{\"@id\":\"https:\\\/\\\/shop.bantam.ch\\\/fr\\\/produit\\\/porte-charge-sawiko-by-al-ko-velo\\\/#primaryimage\"},\"thumbnailUrl\":\"https:\\\/\\\/shop.bantam.ch\\\/wp-content\\\/uploads\\\/2025\\\/12\\\/Movera-L-9949553100.jpg\",\"datePublished\":\"2025-12-17T13:57:44+00:00\",\"dateModified\":\"2026-04-18T00:12:28+00:00\",\"breadcrumb\":{\"@id\":\"https:\\\/\\\/shop.bantam.ch\\\/fr\\\/produit\\\/porte-charge-sawiko-by-al-ko-velo\\\/#breadcrumb\"},\"inLanguage\":\"fr-FR\",\"potentialAction\":[{\"@type\":\"ReadAction\",\"target\":[\"https:\\\/\\\/shop.bantam.ch\\\/fr\\\/produit\\\/porte-charge-sawiko-by-al-ko-velo\\\/\"]}]},{\"@type\":\"ImageObject\",\"inLanguage\":\"fr-FR\",\"@id\":\"https:\\\/\\\/shop.bantam.ch\\\/fr\\\/produit\\\/porte-charge-sawiko-by-al-ko-velo\\\/#primaryimage\",\"url\":\"https:\\\/\\\/shop.bantam.ch\\\/wp-content\\\/uploads\\\/2025\\\/12\\\/Movera-L-9949553100.jpg\",\"contentUrl\":\"https:\\\/\\\/shop.bantam.ch\\\/wp-content\\\/uploads\\\/2025\\\/12\\\/Movera-L-9949553100.jpg\",\"width\":640,\"height\":411},{\"@type\":\"BreadcrumbList\",\"@id\":\"https:\\\/\\\/shop.bantam.ch\\\/fr\\\/produit\\\/porte-charge-sawiko-by-al-ko-velo\\\/#breadcrumb\",\"itemListElement\":[{\"@type\":\"ListItem\",\"position\":1,\"name\":\"Accueil\",\"item\":\"https:\\\/\\\/shop.bantam.ch\\\/fr\\\/\"},{\"@type\":\"ListItem\",\"position\":2,\"name\":\"Boutique\",\"item\":\"https:\\\/\\\/shop.bantam.ch\\\/fr\\\/boutique\\\/\"},{\"@type\":\"ListItem\",\"position\":3,\"name\":\"Porte-charge SAWIKO by AL-KO Velo\"}]},{\"@type\":\"WebSite\",\"@id\":\"https:\\\/\\\/shop.bantam.ch\\\/fr\\\/#website\",\"url\":\"https:\\\/\\\/shop.bantam.ch\\\/fr\\\/\",\"name\":\"Bantam Wankm\u00fcller SA\",\"description\":\"\",\"publisher\":{\"@id\":\"https:\\\/\\\/shop.bantam.ch\\\/fr\\\/#organization\"},\"inLanguage\":\"fr-FR\"},{\"@type\":\"Organization\",\"@id\":\"https:\\\/\\\/shop.bantam.ch\\\/fr\\\/#organization\",\"name\":\"Bantam Wankm\u00fcller SA\",\"url\":\"https:\\\/\\\/shop.bantam.ch\\\/fr\\\/\",\"logo\":{\"@type\":\"ImageObject\",\"inLanguage\":\"fr-FR\",\"@id\":\"https:\\\/\\\/shop.bantam.ch\\\/fr\\\/#\\\/schema\\\/logo\\\/image\\\/\",\"url\":\"https:\\\/\\\/shop.bantam.ch\\\/wp-content\\\/uploads\\\/2022\\\/12\\\/bantam-logo.png\",\"contentUrl\":\"https:\\\/\\\/shop.bantam.ch\\\/wp-content\\\/uploads\\\/2022\\\/12\\\/bantam-logo.png\",\"width\":320,\"height\":71,\"caption\":\"Bantam Wankm\u00fcller SA\"},\"image\":{\"@id\":\"https:\\\/\\\/shop.bantam.ch\\\/fr\\\/#\\\/schema\\\/logo\\\/image\\\/\"}}]}<\/script>\n<!-- \/ Yoast SEO plugin. -->","yoast_head_json":{"title":"Porte-charge SAWIKO by AL-KO Velo - Bantam Wankm\u00fcller SA","robots":{"index":"index","follow":"follow","max-snippet":"max-snippet:-1","max-image-preview":"max-image-preview:large","max-video-preview":"max-video-preview:-1"},"canonical":"https:\/\/shop.bantam.ch\/fr\/produit\/porte-charge-sawiko-by-al-ko-velo\/","og_locale":"fr_FR","og_type":"article","og_title":"Porte-charge SAWIKO by AL-KO Velo - Bantam Wankm\u00fcller SA","og_description":"CONFORT MAXIMAL &#8211; DESIGN MODERNE L\u00c9G\u00c8RET\u00c9 COMBIN\u00c9E \u00c0 LA STABILIT\u00c9 Malgr\u00e9 sa construction l\u00e9g\u00e8re, le VELO est tr\u00e8s stable. La charge utile \u00e9lev\u00e9e de 80 kg maximum suffit pour transporter jusqu&rsquo;\u00e0 3 v\u00e9los ou v\u00e9los \u00e9lectriques en toute s\u00e9curit\u00e9. Faites l&rsquo;exp\u00e9rience d&rsquo;un confort maximal, de la l\u00e9g\u00e8ret\u00e9, de la qualit\u00e9 et d&rsquo;un design moderne. PLUS [&hellip;]","og_url":"https:\/\/shop.bantam.ch\/fr\/produit\/porte-charge-sawiko-by-al-ko-velo\/","og_site_name":"Bantam Wankm\u00fcller SA","article_modified_time":"2026-04-18T00:12:28+00:00","twitter_card":"summary_large_image","twitter_misc":{"Dur\u00e9e de lecture estim\u00e9e":"1 minute"},"schema":{"@context":"https:\/\/schema.org","@graph":[{"@type":"WebPage","@id":"https:\/\/shop.bantam.ch\/fr\/produit\/porte-charge-sawiko-by-al-ko-velo\/","url":"https:\/\/shop.bantam.ch\/fr\/produit\/porte-charge-sawiko-by-al-ko-velo\/","name":"Porte-charge SAWIKO by AL-KO Velo - Bantam Wankm\u00fcller SA","isPartOf":{"@id":"https:\/\/shop.bantam.ch\/fr\/#website"},"primaryImageOfPage":{"@id":"https:\/\/shop.bantam.ch\/fr\/produit\/porte-charge-sawiko-by-al-ko-velo\/#primaryimage"},"image":{"@id":"https:\/\/shop.bantam.ch\/fr\/produit\/porte-charge-sawiko-by-al-ko-velo\/#primaryimage"},"thumbnailUrl":"https:\/\/shop.bantam.ch\/wp-content\/uploads\/2025\/12\/Movera-L-9949553100.jpg","datePublished":"2025-12-17T13:57:44+00:00","dateModified":"2026-04-18T00:12:28+00:00","breadcrumb":{"@id":"https:\/\/shop.bantam.ch\/fr\/produit\/porte-charge-sawiko-by-al-ko-velo\/#breadcrumb"},"inLanguage":"fr-FR","potentialAction":[{"@type":"ReadAction","target":["https:\/\/shop.bantam.ch\/fr\/produit\/porte-charge-sawiko-by-al-ko-velo\/"]}]},{"@type":"ImageObject","inLanguage":"fr-FR","@id":"https:\/\/shop.bantam.ch\/fr\/produit\/porte-charge-sawiko-by-al-ko-velo\/#primaryimage","url":"https:\/\/shop.bantam.ch\/wp-content\/uploads\/2025\/12\/Movera-L-9949553100.jpg","contentUrl":"https:\/\/shop.bantam.ch\/wp-content\/uploads\/2025\/12\/Movera-L-9949553100.jpg","width":640,"height":411},{"@type":"BreadcrumbList","@id":"https:\/\/shop.bantam.ch\/fr\/produit\/porte-charge-sawiko-by-al-ko-velo\/#breadcrumb","itemListElement":[{"@type":"ListItem","position":1,"name":"Accueil","item":"https:\/\/shop.bantam.ch\/fr\/"},{"@type":"ListItem","position":2,"name":"Boutique","item":"https:\/\/shop.bantam.ch\/fr\/boutique\/"},{"@type":"ListItem","position":3,"name":"Porte-charge SAWIKO by AL-KO Velo"}]},{"@type":"WebSite","@id":"https:\/\/shop.bantam.ch\/fr\/#website","url":"https:\/\/shop.bantam.ch\/fr\/","name":"Bantam Wankm\u00fcller SA","description":"","publisher":{"@id":"https:\/\/shop.bantam.ch\/fr\/#organization"},"inLanguage":"fr-FR"},{"@type":"Organization","@id":"https:\/\/shop.bantam.ch\/fr\/#organization","name":"Bantam Wankm\u00fcller SA","url":"https:\/\/shop.bantam.ch\/fr\/","logo":{"@type":"ImageObject","inLanguage":"fr-FR","@id":"https:\/\/shop.bantam.ch\/fr\/#\/schema\/logo\/image\/","url":"https:\/\/shop.bantam.ch\/wp-content\/uploads\/2022\/12\/bantam-logo.png","contentUrl":"https:\/\/shop.bantam.ch\/wp-content\/uploads\/2022\/12\/bantam-logo.png","width":320,"height":71,"caption":"Bantam Wankm\u00fcller SA"},"image":{"@id":"https:\/\/shop.bantam.ch\/fr\/#\/schema\/logo\/image\/"}}]}},"_links":{"self":[{"href":"https:\/\/shop.bantam.ch\/fr\/wp-json\/wp\/v2\/product\/224832","targetHints":{"allow":["GET"]}}],"collection":[{"href":"https:\/\/shop.bantam.ch\/fr\/wp-json\/wp\/v2\/product"}],"about":[{"href":"https:\/\/shop.bantam.ch\/fr\/wp-json\/wp\/v2\/types\/product"}],"wp:featuredmedia":[{"embeddable":true,"href":"https:\/\/shop.bantam.ch\/fr\/wp-json\/wp\/v2\/media\/224828"}],"wp:attachment":[{"href":"https:\/\/shop.bantam.ch\/fr\/wp-json\/wp\/v2\/media?parent=224832"}],"wp:term":[{"taxonomy":"product_featured_cat","embeddable":true,"href":"https:\/\/shop.bantam.ch\/fr\/wp-json\/wp\/v2\/product_featured_cat?post=224832"},{"taxonomy":"product_brand","embeddable":true,"href":"https:\/\/shop.bantam.ch\/fr\/wp-json\/wp\/v2\/product_brand?post=224832"},{"taxonomy":"product_cat","embeddable":true,"href":"https:\/\/shop.bantam.ch\/fr\/wp-json\/wp\/v2\/product_cat?post=224832"},{"taxonomy":"product_tag","embeddable":true,"href":"https:\/\/shop.bantam.ch\/fr\/wp-json\/wp\/v2\/product_tag?post=224832"}],"curies":[{"name":"wp","href":"https:\/\/api.w.org\/{rel}","templated":true}]}}