{"id":224794,"date":"2025-12-17T14:56:18","date_gmt":"2025-12-17T13:56:18","guid":{"rendered":"https:\/\/shop.bantam.ch\/produit\/porte-charge-sawiko-by-al-ko-vario\/"},"modified":"2026-04-18T02:12:19","modified_gmt":"2026-04-18T00:12:19","slug":"porte-charge-sawiko-by-al-ko-vario","status":"publish","type":"product","link":"https:\/\/shop.bantam.ch\/fr\/produit\/porte-charge-sawiko-by-al-ko-vario\/","title":{"rendered":"Porte-charge SAWIKO by AL-KO Vario"},"content":{"rendered":"<p>VARIO &#8211; COMPACT, PLIABLE ET VARIABLE<\/p>\n<p>DESIGN MODERNE &#8211; PLUS DE CONFORT<\/p>\n<p>Le porte-v\u00e9los VARIO s\u00e9duit par son design moderne et compact. Gr\u00e2ce \u00e0 des mat\u00e9riaux de haute qualit\u00e9, le VARIO se distingue par un faible poids propre et une charge utile \u00e9lev\u00e9e. Le syst\u00e8me de portage bien pens\u00e9 est con\u00e7u de mani\u00e8re id\u00e9ale pour diff\u00e9rentes solutions de transport.<\/p>\n<p>UTILISATION SIMPLE<\/p>\n<p>Avec sa plate-forme de transport relevable et son support de lampe \u00e0 rabattement automatique, le VARIO offre une manipulation sans effort. Les fermetures rapides \u00e0 cliquet pratiques sur les bras de support et les rails pour v\u00e9los font de l&rsquo;utilisation un jeu d&rsquo;enfant. Un rail d&rsquo;acc\u00e8s disponible en option facilite en outre le chargement des v\u00e9los \u00e9lectriques lourds. D\u00e9couvrez le porte-v\u00e9los VARIO &#8211; la combinaison parfaite d&rsquo;un design moderne, d&rsquo;une utilisation simple et d&rsquo;une flexibilit\u00e9 maximale. Id\u00e9al pour tous ceux qui attachent de l&rsquo;importance \u00e0 la qualit\u00e9 et au confort.<\/p>\n<p>FLEXIBLE ET FONCTIONNEL<\/p>\n<p>Le porte-v\u00e9los VARIO s\u00e9duit par sa profondeur de chargement variable, qui peut passer de 620 mm \u00e0 jusqu&rsquo;\u00e0 800 mm, et offre ainsi encore plus de flexibilit\u00e9. Outre les kits de montage \u00e9prouv\u00e9s pour les v\u00e9los et les scooters, des kits de montage sp\u00e9ciaux pour les fat bikes et les tricycles sont \u00e9galement disponibles.<\/p>\n<ul>\n<li>Charge utile : jusqu&rsquo;\u00e0 150 kg*.<\/li>\n<li>Homologation CE disponible<\/li>\n<li>De nombreuses solutions de transport<\/li>\n<li>En grande partie en aluminium<\/li>\n<li>Amovible sans outils<\/li>\n<li>T\u00e9lescopique de s\u00e9rie de 620 \u00e0 800 mm<\/li>\n<li>Plate-forme de transport rabattable + le support de feux se rabat automatiquement en m\u00eame temps<\/li>\n<li>Rails pour v\u00e9los et bras de support avec fermeture rapide \u00e0 cliquet<\/li>\n<li>Dimensions : L 2011 mm \/ P 937 mm<\/li>\n<li>Y compris \u00e9l\u00e9ments de r\u00e9ception standard<\/li>\n<\/ul>\n<p>*Poids propre y compris kit d&rsquo;\u00e9quipement, sans \u00e9l\u00e9ments de r\u00e9ception et rallonges de cadre &#8211; ou renforts.<\/p>\n","protected":false},"excerpt":{"rendered":"<p>VARIO &#8211; COMPACT, PLIABLE ET VARIABLE DESIGN MODERNE &#8211; PLUS DE CONFORT Le porte-v\u00e9los VARIO s\u00e9duit par son design moderne et compact. Gr\u00e2ce \u00e0 des mat\u00e9riaux de haute qualit\u00e9, le VARIO se distingue par un faible poids propre et une charge utile \u00e9lev\u00e9e. Le syst\u00e8me de portage bien pens\u00e9 est con\u00e7u de mani\u00e8re id\u00e9ale pour [&hellip;]<\/p>\n","protected":false},"featured_media":224790,"template":"","meta":{"_acf_changed":false},"product_featured_cat":[],"product_brand":[],"product_cat":[5137],"product_tag":[],"class_list":{"0":"post-224794","1":"product","2":"type-product","3":"status-publish","4":"has-post-thumbnail","6":"product_cat-porte-velos-arriere","8":"first","9":"instock","10":"taxable","11":"shipping-taxable","12":"purchasable","13":"product-type-variable"},"acf":[],"yoast_head":"<!-- This site is optimized with the Yoast SEO plugin v27.4 - https:\/\/yoast.com\/product\/yoast-seo-wordpress\/ -->\n<title>Porte-charge SAWIKO by AL-KO Vario - Bantam Wankm\u00fcller SA<\/title>\n<meta name=\"robots\" content=\"index, follow, max-snippet:-1, max-image-preview:large, max-video-preview:-1\" \/>\n<link rel=\"canonical\" href=\"https:\/\/shop.bantam.ch\/fr\/produit\/porte-charge-sawiko-by-al-ko-vario\/\" \/>\n<meta property=\"og:locale\" content=\"fr_FR\" \/>\n<meta property=\"og:type\" content=\"article\" \/>\n<meta property=\"og:title\" content=\"Porte-charge SAWIKO by AL-KO Vario - Bantam Wankm\u00fcller SA\" \/>\n<meta property=\"og:description\" content=\"VARIO &#8211; COMPACT, PLIABLE ET VARIABLE DESIGN MODERNE &#8211; PLUS DE CONFORT Le porte-v\u00e9los VARIO s\u00e9duit par son design moderne et compact. Gr\u00e2ce \u00e0 des mat\u00e9riaux de haute qualit\u00e9, le VARIO se distingue par un faible poids propre et une charge utile \u00e9lev\u00e9e. Le syst\u00e8me de portage bien pens\u00e9 est con\u00e7u de mani\u00e8re id\u00e9ale pour [&hellip;]\" \/>\n<meta property=\"og:url\" content=\"https:\/\/shop.bantam.ch\/fr\/produit\/porte-charge-sawiko-by-al-ko-vario\/\" \/>\n<meta property=\"og:site_name\" content=\"Bantam Wankm\u00fcller SA\" \/>\n<meta property=\"article:modified_time\" content=\"2026-04-18T00:12:19+00:00\" \/>\n<meta name=\"twitter:card\" content=\"summary_large_image\" \/>\n<meta name=\"twitter:label1\" content=\"Dur\u00e9e de lecture estim\u00e9e\" \/>\n\t<meta name=\"twitter:data1\" content=\"2 minutes\" \/>\n<script type=\"application\/ld+json\" class=\"yoast-schema-graph\">{\"@context\":\"https:\\\/\\\/schema.org\",\"@graph\":[{\"@type\":\"WebPage\",\"@id\":\"https:\\\/\\\/shop.bantam.ch\\\/fr\\\/produit\\\/porte-charge-sawiko-by-al-ko-vario\\\/\",\"url\":\"https:\\\/\\\/shop.bantam.ch\\\/fr\\\/produit\\\/porte-charge-sawiko-by-al-ko-vario\\\/\",\"name\":\"Porte-charge SAWIKO by AL-KO Vario - Bantam Wankm\u00fcller SA\",\"isPartOf\":{\"@id\":\"https:\\\/\\\/shop.bantam.ch\\\/fr\\\/#website\"},\"primaryImageOfPage\":{\"@id\":\"https:\\\/\\\/shop.bantam.ch\\\/fr\\\/produit\\\/porte-charge-sawiko-by-al-ko-vario\\\/#primaryimage\"},\"image\":{\"@id\":\"https:\\\/\\\/shop.bantam.ch\\\/fr\\\/produit\\\/porte-charge-sawiko-by-al-ko-vario\\\/#primaryimage\"},\"thumbnailUrl\":\"https:\\\/\\\/shop.bantam.ch\\\/wp-content\\\/uploads\\\/2025\\\/12\\\/Movera-L-9949543100.jpg\",\"datePublished\":\"2025-12-17T13:56:18+00:00\",\"dateModified\":\"2026-04-18T00:12:19+00:00\",\"breadcrumb\":{\"@id\":\"https:\\\/\\\/shop.bantam.ch\\\/fr\\\/produit\\\/porte-charge-sawiko-by-al-ko-vario\\\/#breadcrumb\"},\"inLanguage\":\"fr-FR\",\"potentialAction\":[{\"@type\":\"ReadAction\",\"target\":[\"https:\\\/\\\/shop.bantam.ch\\\/fr\\\/produit\\\/porte-charge-sawiko-by-al-ko-vario\\\/\"]}]},{\"@type\":\"ImageObject\",\"inLanguage\":\"fr-FR\",\"@id\":\"https:\\\/\\\/shop.bantam.ch\\\/fr\\\/produit\\\/porte-charge-sawiko-by-al-ko-vario\\\/#primaryimage\",\"url\":\"https:\\\/\\\/shop.bantam.ch\\\/wp-content\\\/uploads\\\/2025\\\/12\\\/Movera-L-9949543100.jpg\",\"contentUrl\":\"https:\\\/\\\/shop.bantam.ch\\\/wp-content\\\/uploads\\\/2025\\\/12\\\/Movera-L-9949543100.jpg\",\"width\":640,\"height\":411},{\"@type\":\"BreadcrumbList\",\"@id\":\"https:\\\/\\\/shop.bantam.ch\\\/fr\\\/produit\\\/porte-charge-sawiko-by-al-ko-vario\\\/#breadcrumb\",\"itemListElement\":[{\"@type\":\"ListItem\",\"position\":1,\"name\":\"Accueil\",\"item\":\"https:\\\/\\\/shop.bantam.ch\\\/fr\\\/\"},{\"@type\":\"ListItem\",\"position\":2,\"name\":\"Boutique\",\"item\":\"https:\\\/\\\/shop.bantam.ch\\\/fr\\\/boutique\\\/\"},{\"@type\":\"ListItem\",\"position\":3,\"name\":\"Porte-charge SAWIKO by AL-KO Vario\"}]},{\"@type\":\"WebSite\",\"@id\":\"https:\\\/\\\/shop.bantam.ch\\\/fr\\\/#website\",\"url\":\"https:\\\/\\\/shop.bantam.ch\\\/fr\\\/\",\"name\":\"Bantam Wankm\u00fcller SA\",\"description\":\"\",\"publisher\":{\"@id\":\"https:\\\/\\\/shop.bantam.ch\\\/fr\\\/#organization\"},\"inLanguage\":\"fr-FR\"},{\"@type\":\"Organization\",\"@id\":\"https:\\\/\\\/shop.bantam.ch\\\/fr\\\/#organization\",\"name\":\"Bantam Wankm\u00fcller SA\",\"url\":\"https:\\\/\\\/shop.bantam.ch\\\/fr\\\/\",\"logo\":{\"@type\":\"ImageObject\",\"inLanguage\":\"fr-FR\",\"@id\":\"https:\\\/\\\/shop.bantam.ch\\\/fr\\\/#\\\/schema\\\/logo\\\/image\\\/\",\"url\":\"https:\\\/\\\/shop.bantam.ch\\\/wp-content\\\/uploads\\\/2022\\\/12\\\/bantam-logo.png\",\"contentUrl\":\"https:\\\/\\\/shop.bantam.ch\\\/wp-content\\\/uploads\\\/2022\\\/12\\\/bantam-logo.png\",\"width\":320,\"height\":71,\"caption\":\"Bantam Wankm\u00fcller SA\"},\"image\":{\"@id\":\"https:\\\/\\\/shop.bantam.ch\\\/fr\\\/#\\\/schema\\\/logo\\\/image\\\/\"}}]}<\/script>\n<!-- \/ Yoast SEO plugin. -->","yoast_head_json":{"title":"Porte-charge SAWIKO by AL-KO Vario - Bantam Wankm\u00fcller SA","robots":{"index":"index","follow":"follow","max-snippet":"max-snippet:-1","max-image-preview":"max-image-preview:large","max-video-preview":"max-video-preview:-1"},"canonical":"https:\/\/shop.bantam.ch\/fr\/produit\/porte-charge-sawiko-by-al-ko-vario\/","og_locale":"fr_FR","og_type":"article","og_title":"Porte-charge SAWIKO by AL-KO Vario - Bantam Wankm\u00fcller SA","og_description":"VARIO &#8211; COMPACT, PLIABLE ET VARIABLE DESIGN MODERNE &#8211; PLUS DE CONFORT Le porte-v\u00e9los VARIO s\u00e9duit par son design moderne et compact. Gr\u00e2ce \u00e0 des mat\u00e9riaux de haute qualit\u00e9, le VARIO se distingue par un faible poids propre et une charge utile \u00e9lev\u00e9e. Le syst\u00e8me de portage bien pens\u00e9 est con\u00e7u de mani\u00e8re id\u00e9ale pour [&hellip;]","og_url":"https:\/\/shop.bantam.ch\/fr\/produit\/porte-charge-sawiko-by-al-ko-vario\/","og_site_name":"Bantam Wankm\u00fcller SA","article_modified_time":"2026-04-18T00:12:19+00:00","twitter_card":"summary_large_image","twitter_misc":{"Dur\u00e9e de lecture estim\u00e9e":"2 minutes"},"schema":{"@context":"https:\/\/schema.org","@graph":[{"@type":"WebPage","@id":"https:\/\/shop.bantam.ch\/fr\/produit\/porte-charge-sawiko-by-al-ko-vario\/","url":"https:\/\/shop.bantam.ch\/fr\/produit\/porte-charge-sawiko-by-al-ko-vario\/","name":"Porte-charge SAWIKO by AL-KO Vario - Bantam Wankm\u00fcller SA","isPartOf":{"@id":"https:\/\/shop.bantam.ch\/fr\/#website"},"primaryImageOfPage":{"@id":"https:\/\/shop.bantam.ch\/fr\/produit\/porte-charge-sawiko-by-al-ko-vario\/#primaryimage"},"image":{"@id":"https:\/\/shop.bantam.ch\/fr\/produit\/porte-charge-sawiko-by-al-ko-vario\/#primaryimage"},"thumbnailUrl":"https:\/\/shop.bantam.ch\/wp-content\/uploads\/2025\/12\/Movera-L-9949543100.jpg","datePublished":"2025-12-17T13:56:18+00:00","dateModified":"2026-04-18T00:12:19+00:00","breadcrumb":{"@id":"https:\/\/shop.bantam.ch\/fr\/produit\/porte-charge-sawiko-by-al-ko-vario\/#breadcrumb"},"inLanguage":"fr-FR","potentialAction":[{"@type":"ReadAction","target":["https:\/\/shop.bantam.ch\/fr\/produit\/porte-charge-sawiko-by-al-ko-vario\/"]}]},{"@type":"ImageObject","inLanguage":"fr-FR","@id":"https:\/\/shop.bantam.ch\/fr\/produit\/porte-charge-sawiko-by-al-ko-vario\/#primaryimage","url":"https:\/\/shop.bantam.ch\/wp-content\/uploads\/2025\/12\/Movera-L-9949543100.jpg","contentUrl":"https:\/\/shop.bantam.ch\/wp-content\/uploads\/2025\/12\/Movera-L-9949543100.jpg","width":640,"height":411},{"@type":"BreadcrumbList","@id":"https:\/\/shop.bantam.ch\/fr\/produit\/porte-charge-sawiko-by-al-ko-vario\/#breadcrumb","itemListElement":[{"@type":"ListItem","position":1,"name":"Accueil","item":"https:\/\/shop.bantam.ch\/fr\/"},{"@type":"ListItem","position":2,"name":"Boutique","item":"https:\/\/shop.bantam.ch\/fr\/boutique\/"},{"@type":"ListItem","position":3,"name":"Porte-charge SAWIKO by AL-KO Vario"}]},{"@type":"WebSite","@id":"https:\/\/shop.bantam.ch\/fr\/#website","url":"https:\/\/shop.bantam.ch\/fr\/","name":"Bantam Wankm\u00fcller SA","description":"","publisher":{"@id":"https:\/\/shop.bantam.ch\/fr\/#organization"},"inLanguage":"fr-FR"},{"@type":"Organization","@id":"https:\/\/shop.bantam.ch\/fr\/#organization","name":"Bantam Wankm\u00fcller SA","url":"https:\/\/shop.bantam.ch\/fr\/","logo":{"@type":"ImageObject","inLanguage":"fr-FR","@id":"https:\/\/shop.bantam.ch\/fr\/#\/schema\/logo\/image\/","url":"https:\/\/shop.bantam.ch\/wp-content\/uploads\/2022\/12\/bantam-logo.png","contentUrl":"https:\/\/shop.bantam.ch\/wp-content\/uploads\/2022\/12\/bantam-logo.png","width":320,"height":71,"caption":"Bantam Wankm\u00fcller SA"},"image":{"@id":"https:\/\/shop.bantam.ch\/fr\/#\/schema\/logo\/image\/"}}]}},"_links":{"self":[{"href":"https:\/\/shop.bantam.ch\/fr\/wp-json\/wp\/v2\/product\/224794","targetHints":{"allow":["GET"]}}],"collection":[{"href":"https:\/\/shop.bantam.ch\/fr\/wp-json\/wp\/v2\/product"}],"about":[{"href":"https:\/\/shop.bantam.ch\/fr\/wp-json\/wp\/v2\/types\/product"}],"wp:featuredmedia":[{"embeddable":true,"href":"https:\/\/shop.bantam.ch\/fr\/wp-json\/wp\/v2\/media\/224790"}],"wp:attachment":[{"href":"https:\/\/shop.bantam.ch\/fr\/wp-json\/wp\/v2\/media?parent=224794"}],"wp:term":[{"taxonomy":"product_featured_cat","embeddable":true,"href":"https:\/\/shop.bantam.ch\/fr\/wp-json\/wp\/v2\/product_featured_cat?post=224794"},{"taxonomy":"product_brand","embeddable":true,"href":"https:\/\/shop.bantam.ch\/fr\/wp-json\/wp\/v2\/product_brand?post=224794"},{"taxonomy":"product_cat","embeddable":true,"href":"https:\/\/shop.bantam.ch\/fr\/wp-json\/wp\/v2\/product_cat?post=224794"},{"taxonomy":"product_tag","embeddable":true,"href":"https:\/\/shop.bantam.ch\/fr\/wp-json\/wp\/v2\/product_tag?post=224794"}],"curies":[{"name":"wp","href":"https:\/\/api.w.org\/{rel}","templated":true}]}}