{"id":224606,"date":"2025-12-17T14:50:56","date_gmt":"2025-12-17T13:50:56","guid":{"rendered":"https:\/\/shop.bantam.ch\/produit\/pile-a-combustible-pro-2800-op\/"},"modified":"2026-04-18T23:42:42","modified_gmt":"2026-04-18T21:42:42","slug":"pile-a-combustible-pro-2800-op","status":"publish","type":"product","link":"https:\/\/shop.bantam.ch\/fr\/produit\/pile-a-combustible-pro-2800-op\/","title":{"rendered":"Pile \u00e0 combustible Pro 2800 OP"},"content":{"rendered":"<p>La pile \u00e0 combustible EFOY est le g\u00e9n\u00e9rateur de courant pour la route. Elle produit du courant lors d&rsquo;une r\u00e9action chimique et charge ainsi la batterie de bord. Cela se fait de mani\u00e8re enti\u00e8rement automatique et silencieuse, afin que vous puissiez profiter de votre temps libre. Des appareils de 230 V peuvent \u00e9galement \u00eatre utilis\u00e9s via un onduleur. La pile \u00e0 combustible EFOY est compatible avec tous les mod\u00e8les de batteries courants. SFC recommande la pile EFOY au lithium pour une longue dur\u00e9e de vie.<\/p>\n<p>Caract\u00e9ristiques :<\/p>\n<ul>\n<li>puissance max. : 125 W<\/li>\n<li>tension nominale : 12V \/ 24V<\/li>\n<li>Batteries connectables : Gel, acide de plomb, AGM, LiFePO4, batterie EFOY Lithium<\/li>\n<li>capacit\u00e9 min. recommand\u00e9e de la batterie : 80 Ah<\/li>\n<li>Classe de protection IP21<\/li>\n<li>Temp\u00e9rature de fonctionnement : -20 \u00b0C \u00e0 +50 \u00b0C<\/li>\n<li>Possibilit\u00e9s de commande : Touche sur l&rsquo;appareil, application EFOY avec Bluetooth, adaptateur, panneau de commande EFOY en option, OP3<\/li>\n<\/ul>\n","protected":false},"excerpt":{"rendered":"<p>La pile \u00e0 combustible EFOY est le g\u00e9n\u00e9rateur de courant pour la route. Elle produit du courant lors d&rsquo;une r\u00e9action chimique et charge ainsi la batterie de bord. Cela se fait de mani\u00e8re enti\u00e8rement automatique et silencieuse, afin que vous puissiez profiter de votre temps libre. Des appareils de 230 V peuvent \u00e9galement \u00eatre utilis\u00e9s [&hellip;]<\/p>\n","protected":false},"featured_media":224604,"template":"","meta":{"_acf_changed":false},"product_featured_cat":[],"product_brand":[],"product_cat":[4861],"product_tag":[],"class_list":{"0":"post-224606","1":"product","2":"type-product","3":"status-publish","4":"has-post-thumbnail","6":"product_cat-piles-a-combustible","8":"first","9":"instock","10":"taxable","11":"shipping-taxable","12":"purchasable","13":"product-type-simple"},"acf":[],"yoast_head":"<!-- This site is optimized with the Yoast SEO plugin v27.4 - https:\/\/yoast.com\/product\/yoast-seo-wordpress\/ -->\n<title>Pile \u00e0 combustible Pro 2800 OP - Bantam Wankm\u00fcller SA<\/title>\n<meta name=\"robots\" content=\"index, follow, max-snippet:-1, max-image-preview:large, max-video-preview:-1\" \/>\n<link rel=\"canonical\" href=\"https:\/\/shop.bantam.ch\/fr\/produit\/pile-a-combustible-pro-2800-op\/\" \/>\n<meta property=\"og:locale\" content=\"fr_FR\" \/>\n<meta property=\"og:type\" content=\"article\" \/>\n<meta property=\"og:title\" content=\"Pile \u00e0 combustible Pro 2800 OP - Bantam Wankm\u00fcller SA\" \/>\n<meta property=\"og:description\" content=\"La pile \u00e0 combustible EFOY est le g\u00e9n\u00e9rateur de courant pour la route. Elle produit du courant lors d&rsquo;une r\u00e9action chimique et charge ainsi la batterie de bord. Cela se fait de mani\u00e8re enti\u00e8rement automatique et silencieuse, afin que vous puissiez profiter de votre temps libre. Des appareils de 230 V peuvent \u00e9galement \u00eatre utilis\u00e9s [&hellip;]\" \/>\n<meta property=\"og:url\" content=\"https:\/\/shop.bantam.ch\/fr\/produit\/pile-a-combustible-pro-2800-op\/\" \/>\n<meta property=\"og:site_name\" content=\"Bantam Wankm\u00fcller SA\" \/>\n<meta property=\"article:modified_time\" content=\"2026-04-18T21:42:42+00:00\" \/>\n<meta name=\"twitter:card\" content=\"summary_large_image\" \/>\n<meta name=\"twitter:label1\" content=\"Dur\u00e9e de lecture estim\u00e9e\" \/>\n\t<meta name=\"twitter:data1\" content=\"1 minute\" \/>\n<script type=\"application\/ld+json\" class=\"yoast-schema-graph\">{\"@context\":\"https:\\\/\\\/schema.org\",\"@graph\":[{\"@type\":\"WebPage\",\"@id\":\"https:\\\/\\\/shop.bantam.ch\\\/fr\\\/produit\\\/pile-a-combustible-pro-2800-op\\\/\",\"url\":\"https:\\\/\\\/shop.bantam.ch\\\/fr\\\/produit\\\/pile-a-combustible-pro-2800-op\\\/\",\"name\":\"Pile \u00e0 combustible Pro 2800 OP - Bantam Wankm\u00fcller SA\",\"isPartOf\":{\"@id\":\"https:\\\/\\\/shop.bantam.ch\\\/fr\\\/#website\"},\"primaryImageOfPage\":{\"@id\":\"https:\\\/\\\/shop.bantam.ch\\\/fr\\\/produit\\\/pile-a-combustible-pro-2800-op\\\/#primaryimage\"},\"image\":{\"@id\":\"https:\\\/\\\/shop.bantam.ch\\\/fr\\\/produit\\\/pile-a-combustible-pro-2800-op\\\/#primaryimage\"},\"thumbnailUrl\":\"https:\\\/\\\/shop.bantam.ch\\\/wp-content\\\/uploads\\\/2025\\\/12\\\/Movera-L-9947103100.png\",\"datePublished\":\"2025-12-17T13:50:56+00:00\",\"dateModified\":\"2026-04-18T21:42:42+00:00\",\"breadcrumb\":{\"@id\":\"https:\\\/\\\/shop.bantam.ch\\\/fr\\\/produit\\\/pile-a-combustible-pro-2800-op\\\/#breadcrumb\"},\"inLanguage\":\"fr-FR\",\"potentialAction\":[{\"@type\":\"ReadAction\",\"target\":[\"https:\\\/\\\/shop.bantam.ch\\\/fr\\\/produit\\\/pile-a-combustible-pro-2800-op\\\/\"]}]},{\"@type\":\"ImageObject\",\"inLanguage\":\"fr-FR\",\"@id\":\"https:\\\/\\\/shop.bantam.ch\\\/fr\\\/produit\\\/pile-a-combustible-pro-2800-op\\\/#primaryimage\",\"url\":\"https:\\\/\\\/shop.bantam.ch\\\/wp-content\\\/uploads\\\/2025\\\/12\\\/Movera-L-9947103100.png\",\"contentUrl\":\"https:\\\/\\\/shop.bantam.ch\\\/wp-content\\\/uploads\\\/2025\\\/12\\\/Movera-L-9947103100.png\",\"width\":640,\"height\":480},{\"@type\":\"BreadcrumbList\",\"@id\":\"https:\\\/\\\/shop.bantam.ch\\\/fr\\\/produit\\\/pile-a-combustible-pro-2800-op\\\/#breadcrumb\",\"itemListElement\":[{\"@type\":\"ListItem\",\"position\":1,\"name\":\"Accueil\",\"item\":\"https:\\\/\\\/shop.bantam.ch\\\/fr\\\/\"},{\"@type\":\"ListItem\",\"position\":2,\"name\":\"Boutique\",\"item\":\"https:\\\/\\\/shop.bantam.ch\\\/fr\\\/boutique\\\/\"},{\"@type\":\"ListItem\",\"position\":3,\"name\":\"Pile \u00e0 combustible Pro 2800 OP\"}]},{\"@type\":\"WebSite\",\"@id\":\"https:\\\/\\\/shop.bantam.ch\\\/fr\\\/#website\",\"url\":\"https:\\\/\\\/shop.bantam.ch\\\/fr\\\/\",\"name\":\"Bantam Wankm\u00fcller SA\",\"description\":\"\",\"publisher\":{\"@id\":\"https:\\\/\\\/shop.bantam.ch\\\/fr\\\/#organization\"},\"inLanguage\":\"fr-FR\"},{\"@type\":\"Organization\",\"@id\":\"https:\\\/\\\/shop.bantam.ch\\\/fr\\\/#organization\",\"name\":\"Bantam Wankm\u00fcller SA\",\"url\":\"https:\\\/\\\/shop.bantam.ch\\\/fr\\\/\",\"logo\":{\"@type\":\"ImageObject\",\"inLanguage\":\"fr-FR\",\"@id\":\"https:\\\/\\\/shop.bantam.ch\\\/fr\\\/#\\\/schema\\\/logo\\\/image\\\/\",\"url\":\"https:\\\/\\\/shop.bantam.ch\\\/wp-content\\\/uploads\\\/2022\\\/12\\\/bantam-logo.png\",\"contentUrl\":\"https:\\\/\\\/shop.bantam.ch\\\/wp-content\\\/uploads\\\/2022\\\/12\\\/bantam-logo.png\",\"width\":320,\"height\":71,\"caption\":\"Bantam Wankm\u00fcller SA\"},\"image\":{\"@id\":\"https:\\\/\\\/shop.bantam.ch\\\/fr\\\/#\\\/schema\\\/logo\\\/image\\\/\"}}]}<\/script>\n<!-- \/ Yoast SEO plugin. -->","yoast_head_json":{"title":"Pile \u00e0 combustible Pro 2800 OP - Bantam Wankm\u00fcller SA","robots":{"index":"index","follow":"follow","max-snippet":"max-snippet:-1","max-image-preview":"max-image-preview:large","max-video-preview":"max-video-preview:-1"},"canonical":"https:\/\/shop.bantam.ch\/fr\/produit\/pile-a-combustible-pro-2800-op\/","og_locale":"fr_FR","og_type":"article","og_title":"Pile \u00e0 combustible Pro 2800 OP - Bantam Wankm\u00fcller SA","og_description":"La pile \u00e0 combustible EFOY est le g\u00e9n\u00e9rateur de courant pour la route. Elle produit du courant lors d&rsquo;une r\u00e9action chimique et charge ainsi la batterie de bord. Cela se fait de mani\u00e8re enti\u00e8rement automatique et silencieuse, afin que vous puissiez profiter de votre temps libre. Des appareils de 230 V peuvent \u00e9galement \u00eatre utilis\u00e9s [&hellip;]","og_url":"https:\/\/shop.bantam.ch\/fr\/produit\/pile-a-combustible-pro-2800-op\/","og_site_name":"Bantam Wankm\u00fcller SA","article_modified_time":"2026-04-18T21:42:42+00:00","twitter_card":"summary_large_image","twitter_misc":{"Dur\u00e9e de lecture estim\u00e9e":"1 minute"},"schema":{"@context":"https:\/\/schema.org","@graph":[{"@type":"WebPage","@id":"https:\/\/shop.bantam.ch\/fr\/produit\/pile-a-combustible-pro-2800-op\/","url":"https:\/\/shop.bantam.ch\/fr\/produit\/pile-a-combustible-pro-2800-op\/","name":"Pile \u00e0 combustible Pro 2800 OP - Bantam Wankm\u00fcller SA","isPartOf":{"@id":"https:\/\/shop.bantam.ch\/fr\/#website"},"primaryImageOfPage":{"@id":"https:\/\/shop.bantam.ch\/fr\/produit\/pile-a-combustible-pro-2800-op\/#primaryimage"},"image":{"@id":"https:\/\/shop.bantam.ch\/fr\/produit\/pile-a-combustible-pro-2800-op\/#primaryimage"},"thumbnailUrl":"https:\/\/shop.bantam.ch\/wp-content\/uploads\/2025\/12\/Movera-L-9947103100.png","datePublished":"2025-12-17T13:50:56+00:00","dateModified":"2026-04-18T21:42:42+00:00","breadcrumb":{"@id":"https:\/\/shop.bantam.ch\/fr\/produit\/pile-a-combustible-pro-2800-op\/#breadcrumb"},"inLanguage":"fr-FR","potentialAction":[{"@type":"ReadAction","target":["https:\/\/shop.bantam.ch\/fr\/produit\/pile-a-combustible-pro-2800-op\/"]}]},{"@type":"ImageObject","inLanguage":"fr-FR","@id":"https:\/\/shop.bantam.ch\/fr\/produit\/pile-a-combustible-pro-2800-op\/#primaryimage","url":"https:\/\/shop.bantam.ch\/wp-content\/uploads\/2025\/12\/Movera-L-9947103100.png","contentUrl":"https:\/\/shop.bantam.ch\/wp-content\/uploads\/2025\/12\/Movera-L-9947103100.png","width":640,"height":480},{"@type":"BreadcrumbList","@id":"https:\/\/shop.bantam.ch\/fr\/produit\/pile-a-combustible-pro-2800-op\/#breadcrumb","itemListElement":[{"@type":"ListItem","position":1,"name":"Accueil","item":"https:\/\/shop.bantam.ch\/fr\/"},{"@type":"ListItem","position":2,"name":"Boutique","item":"https:\/\/shop.bantam.ch\/fr\/boutique\/"},{"@type":"ListItem","position":3,"name":"Pile \u00e0 combustible Pro 2800 OP"}]},{"@type":"WebSite","@id":"https:\/\/shop.bantam.ch\/fr\/#website","url":"https:\/\/shop.bantam.ch\/fr\/","name":"Bantam Wankm\u00fcller SA","description":"","publisher":{"@id":"https:\/\/shop.bantam.ch\/fr\/#organization"},"inLanguage":"fr-FR"},{"@type":"Organization","@id":"https:\/\/shop.bantam.ch\/fr\/#organization","name":"Bantam Wankm\u00fcller SA","url":"https:\/\/shop.bantam.ch\/fr\/","logo":{"@type":"ImageObject","inLanguage":"fr-FR","@id":"https:\/\/shop.bantam.ch\/fr\/#\/schema\/logo\/image\/","url":"https:\/\/shop.bantam.ch\/wp-content\/uploads\/2022\/12\/bantam-logo.png","contentUrl":"https:\/\/shop.bantam.ch\/wp-content\/uploads\/2022\/12\/bantam-logo.png","width":320,"height":71,"caption":"Bantam Wankm\u00fcller SA"},"image":{"@id":"https:\/\/shop.bantam.ch\/fr\/#\/schema\/logo\/image\/"}}]}},"_links":{"self":[{"href":"https:\/\/shop.bantam.ch\/fr\/wp-json\/wp\/v2\/product\/224606","targetHints":{"allow":["GET"]}}],"collection":[{"href":"https:\/\/shop.bantam.ch\/fr\/wp-json\/wp\/v2\/product"}],"about":[{"href":"https:\/\/shop.bantam.ch\/fr\/wp-json\/wp\/v2\/types\/product"}],"wp:featuredmedia":[{"embeddable":true,"href":"https:\/\/shop.bantam.ch\/fr\/wp-json\/wp\/v2\/media\/224604"}],"wp:attachment":[{"href":"https:\/\/shop.bantam.ch\/fr\/wp-json\/wp\/v2\/media?parent=224606"}],"wp:term":[{"taxonomy":"product_featured_cat","embeddable":true,"href":"https:\/\/shop.bantam.ch\/fr\/wp-json\/wp\/v2\/product_featured_cat?post=224606"},{"taxonomy":"product_brand","embeddable":true,"href":"https:\/\/shop.bantam.ch\/fr\/wp-json\/wp\/v2\/product_brand?post=224606"},{"taxonomy":"product_cat","embeddable":true,"href":"https:\/\/shop.bantam.ch\/fr\/wp-json\/wp\/v2\/product_cat?post=224606"},{"taxonomy":"product_tag","embeddable":true,"href":"https:\/\/shop.bantam.ch\/fr\/wp-json\/wp\/v2\/product_tag?post=224606"}],"curies":[{"name":"wp","href":"https:\/\/api.w.org\/{rel}","templated":true}]}}