{"id":224416,"date":"2025-12-17T14:45:58","date_gmt":"2025-12-17T13:45:58","guid":{"rendered":"https:\/\/shop.bantam.ch\/produit\/isolateur-de-batterie-phaesun-120-2ac-2-batteries-120a\/"},"modified":"2026-04-17T23:38:17","modified_gmt":"2026-04-17T21:38:17","slug":"isolateur-de-batterie-phaesun-120-2ac-2-batteries-120a","status":"publish","type":"product","link":"https:\/\/shop.bantam.ch\/fr\/produit\/isolateur-de-batterie-phaesun-120-2ac-2-batteries-120a\/","title":{"rendered":"Isolateur de batterie Phaesun 120-2AC, 2 batteries 120A"},"content":{"rendered":"<p>Les diodes de s\u00e9paration des batteries permettent de charger plusieurs batteries simultan\u00e9ment \u00e0 partir d&rsquo;une source de courant, sans que les batteries soient reli\u00e9es entre elles.&nbsp;<br \/>\nLes batteries individuelles sont reli\u00e9es entre elles. Ainsi, la batterie de bord peut \u00eatre charg\u00e9e sans que la batterie de d\u00e9marrage soit d\u00e9charg\u00e9e.&nbsp;<br \/>\nla batterie de d\u00e9marrage soit \u00e9galement d\u00e9charg\u00e9e.&nbsp;<br \/>\nL&rsquo;utilisation de diodes shottky modernes permet en outre de r\u00e9duire la perte de tension. Elle&nbsp;<br \/>\nest d&rsquo;environ 0,3 V pour les courants faibles et d&rsquo;environ 045 V pour le courant nominal.&nbsp;<br \/>\nTous les mod\u00e8les de cette s\u00e9rie sont \u00e9quip\u00e9s d&rsquo;une diode de compensation qui permet de r\u00e9duire la tension de sortie.&nbsp;<br \/>\nde l&rsquo;alternateur afin d&rsquo;augmenter l\u00e9g\u00e8rement la perte de tension due aux diodes Shottky.&nbsp;<br \/>\npour compenser la perte de puissance.&nbsp;<br \/>\nPoids : 0,80 kg<br \/>\nDimensions : 60 x 115 x 120 mm LxlxH<\/p>\n","protected":false},"excerpt":{"rendered":"<p>Les diodes de s\u00e9paration des batteries permettent de charger plusieurs batteries simultan\u00e9ment \u00e0 partir d&rsquo;une source de courant, sans que les batteries soient reli\u00e9es entre elles.&nbsp; Les batteries individuelles sont reli\u00e9es entre elles. Ainsi, la batterie de bord peut \u00eatre charg\u00e9e sans que la batterie de d\u00e9marrage soit d\u00e9charg\u00e9e.&nbsp; la batterie de d\u00e9marrage soit \u00e9galement [&hellip;]<\/p>\n","protected":false},"featured_media":224414,"template":"","meta":{"_acf_changed":false},"product_featured_cat":[],"product_brand":[],"product_cat":[4907],"product_tag":[],"class_list":{"0":"post-224416","1":"product","2":"type-product","3":"status-publish","4":"has-post-thumbnail","6":"product_cat-accessoires-pour-batteries","8":"first","9":"instock","10":"taxable","11":"shipping-taxable","12":"purchasable","13":"product-type-simple"},"acf":[],"yoast_head":"<!-- This site is optimized with the Yoast SEO plugin v27.4 - https:\/\/yoast.com\/product\/yoast-seo-wordpress\/ -->\n<title>Isolateur de batterie Phaesun 120-2AC, 2 batteries 120A - Bantam Wankm\u00fcller SA<\/title>\n<meta name=\"robots\" content=\"index, follow, max-snippet:-1, max-image-preview:large, max-video-preview:-1\" \/>\n<link rel=\"canonical\" href=\"https:\/\/shop.bantam.ch\/fr\/produit\/isolateur-de-batterie-phaesun-120-2ac-2-batteries-120a\/\" \/>\n<meta property=\"og:locale\" content=\"fr_FR\" \/>\n<meta property=\"og:type\" content=\"article\" \/>\n<meta property=\"og:title\" content=\"Isolateur de batterie Phaesun 120-2AC, 2 batteries 120A - Bantam Wankm\u00fcller SA\" \/>\n<meta property=\"og:description\" content=\"Les diodes de s\u00e9paration des batteries permettent de charger plusieurs batteries simultan\u00e9ment \u00e0 partir d&rsquo;une source de courant, sans que les batteries soient reli\u00e9es entre elles.&nbsp; Les batteries individuelles sont reli\u00e9es entre elles. Ainsi, la batterie de bord peut \u00eatre charg\u00e9e sans que la batterie de d\u00e9marrage soit d\u00e9charg\u00e9e.&nbsp; la batterie de d\u00e9marrage soit \u00e9galement [&hellip;]\" \/>\n<meta property=\"og:url\" content=\"https:\/\/shop.bantam.ch\/fr\/produit\/isolateur-de-batterie-phaesun-120-2ac-2-batteries-120a\/\" \/>\n<meta property=\"og:site_name\" content=\"Bantam Wankm\u00fcller SA\" \/>\n<meta property=\"article:modified_time\" content=\"2026-04-17T21:38:17+00:00\" \/>\n<meta name=\"twitter:card\" content=\"summary_large_image\" \/>\n<meta name=\"twitter:label1\" content=\"Dur\u00e9e de lecture estim\u00e9e\" \/>\n\t<meta name=\"twitter:data1\" content=\"1 minute\" \/>\n<script type=\"application\/ld+json\" class=\"yoast-schema-graph\">{\"@context\":\"https:\\\/\\\/schema.org\",\"@graph\":[{\"@type\":\"WebPage\",\"@id\":\"https:\\\/\\\/shop.bantam.ch\\\/fr\\\/produit\\\/isolateur-de-batterie-phaesun-120-2ac-2-batteries-120a\\\/\",\"url\":\"https:\\\/\\\/shop.bantam.ch\\\/fr\\\/produit\\\/isolateur-de-batterie-phaesun-120-2ac-2-batteries-120a\\\/\",\"name\":\"Isolateur de batterie Phaesun 120-2AC, 2 batteries 120A - Bantam Wankm\u00fcller SA\",\"isPartOf\":{\"@id\":\"https:\\\/\\\/shop.bantam.ch\\\/fr\\\/#website\"},\"primaryImageOfPage\":{\"@id\":\"https:\\\/\\\/shop.bantam.ch\\\/fr\\\/produit\\\/isolateur-de-batterie-phaesun-120-2ac-2-batteries-120a\\\/#primaryimage\"},\"image\":{\"@id\":\"https:\\\/\\\/shop.bantam.ch\\\/fr\\\/produit\\\/isolateur-de-batterie-phaesun-120-2ac-2-batteries-120a\\\/#primaryimage\"},\"thumbnailUrl\":\"https:\\\/\\\/shop.bantam.ch\\\/wp-content\\\/uploads\\\/2025\\\/12\\\/Movera-L-9945343100.jpg\",\"datePublished\":\"2025-12-17T13:45:58+00:00\",\"dateModified\":\"2026-04-17T21:38:17+00:00\",\"breadcrumb\":{\"@id\":\"https:\\\/\\\/shop.bantam.ch\\\/fr\\\/produit\\\/isolateur-de-batterie-phaesun-120-2ac-2-batteries-120a\\\/#breadcrumb\"},\"inLanguage\":\"fr-FR\",\"potentialAction\":[{\"@type\":\"ReadAction\",\"target\":[\"https:\\\/\\\/shop.bantam.ch\\\/fr\\\/produit\\\/isolateur-de-batterie-phaesun-120-2ac-2-batteries-120a\\\/\"]}]},{\"@type\":\"ImageObject\",\"inLanguage\":\"fr-FR\",\"@id\":\"https:\\\/\\\/shop.bantam.ch\\\/fr\\\/produit\\\/isolateur-de-batterie-phaesun-120-2ac-2-batteries-120a\\\/#primaryimage\",\"url\":\"https:\\\/\\\/shop.bantam.ch\\\/wp-content\\\/uploads\\\/2025\\\/12\\\/Movera-L-9945343100.jpg\",\"contentUrl\":\"https:\\\/\\\/shop.bantam.ch\\\/wp-content\\\/uploads\\\/2025\\\/12\\\/Movera-L-9945343100.jpg\",\"width\":624,\"height\":584},{\"@type\":\"BreadcrumbList\",\"@id\":\"https:\\\/\\\/shop.bantam.ch\\\/fr\\\/produit\\\/isolateur-de-batterie-phaesun-120-2ac-2-batteries-120a\\\/#breadcrumb\",\"itemListElement\":[{\"@type\":\"ListItem\",\"position\":1,\"name\":\"Accueil\",\"item\":\"https:\\\/\\\/shop.bantam.ch\\\/fr\\\/\"},{\"@type\":\"ListItem\",\"position\":2,\"name\":\"Boutique\",\"item\":\"https:\\\/\\\/shop.bantam.ch\\\/fr\\\/boutique\\\/\"},{\"@type\":\"ListItem\",\"position\":3,\"name\":\"Isolateur de batterie Phaesun 120-2AC, 2 batteries 120A\"}]},{\"@type\":\"WebSite\",\"@id\":\"https:\\\/\\\/shop.bantam.ch\\\/fr\\\/#website\",\"url\":\"https:\\\/\\\/shop.bantam.ch\\\/fr\\\/\",\"name\":\"Bantam Wankm\u00fcller SA\",\"description\":\"\",\"publisher\":{\"@id\":\"https:\\\/\\\/shop.bantam.ch\\\/fr\\\/#organization\"},\"inLanguage\":\"fr-FR\"},{\"@type\":\"Organization\",\"@id\":\"https:\\\/\\\/shop.bantam.ch\\\/fr\\\/#organization\",\"name\":\"Bantam Wankm\u00fcller SA\",\"url\":\"https:\\\/\\\/shop.bantam.ch\\\/fr\\\/\",\"logo\":{\"@type\":\"ImageObject\",\"inLanguage\":\"fr-FR\",\"@id\":\"https:\\\/\\\/shop.bantam.ch\\\/fr\\\/#\\\/schema\\\/logo\\\/image\\\/\",\"url\":\"https:\\\/\\\/shop.bantam.ch\\\/wp-content\\\/uploads\\\/2022\\\/12\\\/bantam-logo.png\",\"contentUrl\":\"https:\\\/\\\/shop.bantam.ch\\\/wp-content\\\/uploads\\\/2022\\\/12\\\/bantam-logo.png\",\"width\":320,\"height\":71,\"caption\":\"Bantam Wankm\u00fcller SA\"},\"image\":{\"@id\":\"https:\\\/\\\/shop.bantam.ch\\\/fr\\\/#\\\/schema\\\/logo\\\/image\\\/\"}}]}<\/script>\n<!-- \/ Yoast SEO plugin. -->","yoast_head_json":{"title":"Isolateur de batterie Phaesun 120-2AC, 2 batteries 120A - Bantam Wankm\u00fcller SA","robots":{"index":"index","follow":"follow","max-snippet":"max-snippet:-1","max-image-preview":"max-image-preview:large","max-video-preview":"max-video-preview:-1"},"canonical":"https:\/\/shop.bantam.ch\/fr\/produit\/isolateur-de-batterie-phaesun-120-2ac-2-batteries-120a\/","og_locale":"fr_FR","og_type":"article","og_title":"Isolateur de batterie Phaesun 120-2AC, 2 batteries 120A - Bantam Wankm\u00fcller SA","og_description":"Les diodes de s\u00e9paration des batteries permettent de charger plusieurs batteries simultan\u00e9ment \u00e0 partir d&rsquo;une source de courant, sans que les batteries soient reli\u00e9es entre elles.&nbsp; Les batteries individuelles sont reli\u00e9es entre elles. Ainsi, la batterie de bord peut \u00eatre charg\u00e9e sans que la batterie de d\u00e9marrage soit d\u00e9charg\u00e9e.&nbsp; la batterie de d\u00e9marrage soit \u00e9galement [&hellip;]","og_url":"https:\/\/shop.bantam.ch\/fr\/produit\/isolateur-de-batterie-phaesun-120-2ac-2-batteries-120a\/","og_site_name":"Bantam Wankm\u00fcller SA","article_modified_time":"2026-04-17T21:38:17+00:00","twitter_card":"summary_large_image","twitter_misc":{"Dur\u00e9e de lecture estim\u00e9e":"1 minute"},"schema":{"@context":"https:\/\/schema.org","@graph":[{"@type":"WebPage","@id":"https:\/\/shop.bantam.ch\/fr\/produit\/isolateur-de-batterie-phaesun-120-2ac-2-batteries-120a\/","url":"https:\/\/shop.bantam.ch\/fr\/produit\/isolateur-de-batterie-phaesun-120-2ac-2-batteries-120a\/","name":"Isolateur de batterie Phaesun 120-2AC, 2 batteries 120A - Bantam Wankm\u00fcller SA","isPartOf":{"@id":"https:\/\/shop.bantam.ch\/fr\/#website"},"primaryImageOfPage":{"@id":"https:\/\/shop.bantam.ch\/fr\/produit\/isolateur-de-batterie-phaesun-120-2ac-2-batteries-120a\/#primaryimage"},"image":{"@id":"https:\/\/shop.bantam.ch\/fr\/produit\/isolateur-de-batterie-phaesun-120-2ac-2-batteries-120a\/#primaryimage"},"thumbnailUrl":"https:\/\/shop.bantam.ch\/wp-content\/uploads\/2025\/12\/Movera-L-9945343100.jpg","datePublished":"2025-12-17T13:45:58+00:00","dateModified":"2026-04-17T21:38:17+00:00","breadcrumb":{"@id":"https:\/\/shop.bantam.ch\/fr\/produit\/isolateur-de-batterie-phaesun-120-2ac-2-batteries-120a\/#breadcrumb"},"inLanguage":"fr-FR","potentialAction":[{"@type":"ReadAction","target":["https:\/\/shop.bantam.ch\/fr\/produit\/isolateur-de-batterie-phaesun-120-2ac-2-batteries-120a\/"]}]},{"@type":"ImageObject","inLanguage":"fr-FR","@id":"https:\/\/shop.bantam.ch\/fr\/produit\/isolateur-de-batterie-phaesun-120-2ac-2-batteries-120a\/#primaryimage","url":"https:\/\/shop.bantam.ch\/wp-content\/uploads\/2025\/12\/Movera-L-9945343100.jpg","contentUrl":"https:\/\/shop.bantam.ch\/wp-content\/uploads\/2025\/12\/Movera-L-9945343100.jpg","width":624,"height":584},{"@type":"BreadcrumbList","@id":"https:\/\/shop.bantam.ch\/fr\/produit\/isolateur-de-batterie-phaesun-120-2ac-2-batteries-120a\/#breadcrumb","itemListElement":[{"@type":"ListItem","position":1,"name":"Accueil","item":"https:\/\/shop.bantam.ch\/fr\/"},{"@type":"ListItem","position":2,"name":"Boutique","item":"https:\/\/shop.bantam.ch\/fr\/boutique\/"},{"@type":"ListItem","position":3,"name":"Isolateur de batterie Phaesun 120-2AC, 2 batteries 120A"}]},{"@type":"WebSite","@id":"https:\/\/shop.bantam.ch\/fr\/#website","url":"https:\/\/shop.bantam.ch\/fr\/","name":"Bantam Wankm\u00fcller SA","description":"","publisher":{"@id":"https:\/\/shop.bantam.ch\/fr\/#organization"},"inLanguage":"fr-FR"},{"@type":"Organization","@id":"https:\/\/shop.bantam.ch\/fr\/#organization","name":"Bantam Wankm\u00fcller SA","url":"https:\/\/shop.bantam.ch\/fr\/","logo":{"@type":"ImageObject","inLanguage":"fr-FR","@id":"https:\/\/shop.bantam.ch\/fr\/#\/schema\/logo\/image\/","url":"https:\/\/shop.bantam.ch\/wp-content\/uploads\/2022\/12\/bantam-logo.png","contentUrl":"https:\/\/shop.bantam.ch\/wp-content\/uploads\/2022\/12\/bantam-logo.png","width":320,"height":71,"caption":"Bantam Wankm\u00fcller SA"},"image":{"@id":"https:\/\/shop.bantam.ch\/fr\/#\/schema\/logo\/image\/"}}]}},"_links":{"self":[{"href":"https:\/\/shop.bantam.ch\/fr\/wp-json\/wp\/v2\/product\/224416","targetHints":{"allow":["GET"]}}],"collection":[{"href":"https:\/\/shop.bantam.ch\/fr\/wp-json\/wp\/v2\/product"}],"about":[{"href":"https:\/\/shop.bantam.ch\/fr\/wp-json\/wp\/v2\/types\/product"}],"wp:featuredmedia":[{"embeddable":true,"href":"https:\/\/shop.bantam.ch\/fr\/wp-json\/wp\/v2\/media\/224414"}],"wp:attachment":[{"href":"https:\/\/shop.bantam.ch\/fr\/wp-json\/wp\/v2\/media?parent=224416"}],"wp:term":[{"taxonomy":"product_featured_cat","embeddable":true,"href":"https:\/\/shop.bantam.ch\/fr\/wp-json\/wp\/v2\/product_featured_cat?post=224416"},{"taxonomy":"product_brand","embeddable":true,"href":"https:\/\/shop.bantam.ch\/fr\/wp-json\/wp\/v2\/product_brand?post=224416"},{"taxonomy":"product_cat","embeddable":true,"href":"https:\/\/shop.bantam.ch\/fr\/wp-json\/wp\/v2\/product_cat?post=224416"},{"taxonomy":"product_tag","embeddable":true,"href":"https:\/\/shop.bantam.ch\/fr\/wp-json\/wp\/v2\/product_tag?post=224416"}],"curies":[{"name":"wp","href":"https:\/\/api.w.org\/{rel}","templated":true}]}}