{"id":224404,"date":"2025-12-17T14:45:45","date_gmt":"2025-12-17T13:45:45","guid":{"rendered":"https:\/\/shop.bantam.ch\/produit\/convertisseur-charge-phaesun-victron-orion-tr12-12-9\/"},"modified":"2026-04-17T23:38:16","modified_gmt":"2026-04-17T21:38:16","slug":"convertisseur-charge-phaesun-victron-orion-tr12-12-9","status":"publish","type":"product","link":"https:\/\/shop.bantam.ch\/fr\/produit\/convertisseur-charge-phaesun-victron-orion-tr12-12-9\/","title":{"rendered":"Convertisseur charge Phaesun Victron Orion TR12\/12-9"},"content":{"rendered":"<p>110W, entr\u00e9e 8-17 VDC, sortie 10-15 VDC \/ 9 A, convertisseur, isol\u00e9, raccordement 6 mm\u00b2, montage en parall\u00e8le (illimit\u00e9), interrupteur \u00e0 distance, IP43<br \/>\nCommutation marche\/arr\u00eat t\u00e9l\u00e9command\u00e9e&nbsp;<br \/>\nLa commutation marche\/arr\u00eat t\u00e9l\u00e9command\u00e9e rend superflu un interrupteur \u00e0 courant fort sur le c\u00e2blage d&rsquo;entr\u00e9e.&nbsp;<br \/>\nn&rsquo;est plus n\u00e9cessaire. La connexion marche\/arr\u00eat t\u00e9l\u00e9command\u00e9e peut \u00eatre command\u00e9e par un interrupteur d&rsquo;\u00e9conomie d&rsquo;\u00e9nergie ou par&nbsp;<br \/>\nl&rsquo;interrupteur Run\/Stop du moteur<br \/>\nPoids : 0,45 (kg)<br \/>\nDimensions : 113 x 100 x 47 mm (LxlxH)<\/p>\n","protected":false},"excerpt":{"rendered":"<p>110W, entr\u00e9e 8-17 VDC, sortie 10-15 VDC \/ 9 A, convertisseur, isol\u00e9, raccordement 6 mm\u00b2, montage en parall\u00e8le (illimit\u00e9), interrupteur \u00e0 distance, IP43 Commutation marche\/arr\u00eat t\u00e9l\u00e9command\u00e9e&nbsp; La commutation marche\/arr\u00eat t\u00e9l\u00e9command\u00e9e rend superflu un interrupteur \u00e0 courant fort sur le c\u00e2blage d&rsquo;entr\u00e9e.&nbsp; n&rsquo;est plus n\u00e9cessaire. La connexion marche\/arr\u00eat t\u00e9l\u00e9command\u00e9e peut \u00eatre command\u00e9e par un interrupteur d&rsquo;\u00e9conomie [&hellip;]<\/p>\n","protected":false},"featured_media":224402,"template":"","meta":{"_acf_changed":false},"product_featured_cat":[],"product_brand":[],"product_cat":[4877],"product_tag":[],"class_list":{"0":"post-224404","1":"product","2":"type-product","3":"status-publish","4":"has-post-thumbnail","6":"product_cat-regulateurs-de-charge-solaire","8":"first","9":"instock","10":"taxable","11":"shipping-taxable","12":"purchasable","13":"product-type-simple"},"acf":[],"yoast_head":"<!-- This site is optimized with the Yoast SEO plugin v27.4 - https:\/\/yoast.com\/product\/yoast-seo-wordpress\/ -->\n<title>Convertisseur charge Phaesun Victron Orion TR12\/12-9 - Bantam Wankm\u00fcller SA<\/title>\n<meta name=\"robots\" content=\"index, follow, max-snippet:-1, max-image-preview:large, max-video-preview:-1\" \/>\n<link rel=\"canonical\" href=\"https:\/\/shop.bantam.ch\/fr\/produit\/convertisseur-charge-phaesun-victron-orion-tr12-12-9\/\" \/>\n<meta property=\"og:locale\" content=\"fr_FR\" \/>\n<meta property=\"og:type\" content=\"article\" \/>\n<meta property=\"og:title\" content=\"Convertisseur charge Phaesun Victron Orion TR12\/12-9 - Bantam Wankm\u00fcller SA\" \/>\n<meta property=\"og:description\" content=\"110W, entr\u00e9e 8-17 VDC, sortie 10-15 VDC \/ 9 A, convertisseur, isol\u00e9, raccordement 6 mm\u00b2, montage en parall\u00e8le (illimit\u00e9), interrupteur \u00e0 distance, IP43 Commutation marche\/arr\u00eat t\u00e9l\u00e9command\u00e9e&nbsp; La commutation marche\/arr\u00eat t\u00e9l\u00e9command\u00e9e rend superflu un interrupteur \u00e0 courant fort sur le c\u00e2blage d&rsquo;entr\u00e9e.&nbsp; n&rsquo;est plus n\u00e9cessaire. La connexion marche\/arr\u00eat t\u00e9l\u00e9command\u00e9e peut \u00eatre command\u00e9e par un interrupteur d&rsquo;\u00e9conomie [&hellip;]\" \/>\n<meta property=\"og:url\" content=\"https:\/\/shop.bantam.ch\/fr\/produit\/convertisseur-charge-phaesun-victron-orion-tr12-12-9\/\" \/>\n<meta property=\"og:site_name\" content=\"Bantam Wankm\u00fcller SA\" \/>\n<meta property=\"article:modified_time\" content=\"2026-04-17T21:38:16+00:00\" \/>\n<meta name=\"twitter:card\" content=\"summary_large_image\" \/>\n<script type=\"application\/ld+json\" class=\"yoast-schema-graph\">{\"@context\":\"https:\\\/\\\/schema.org\",\"@graph\":[{\"@type\":\"WebPage\",\"@id\":\"https:\\\/\\\/shop.bantam.ch\\\/fr\\\/produit\\\/convertisseur-charge-phaesun-victron-orion-tr12-12-9\\\/\",\"url\":\"https:\\\/\\\/shop.bantam.ch\\\/fr\\\/produit\\\/convertisseur-charge-phaesun-victron-orion-tr12-12-9\\\/\",\"name\":\"Convertisseur charge Phaesun Victron Orion TR12\\\/12-9 - Bantam Wankm\u00fcller SA\",\"isPartOf\":{\"@id\":\"https:\\\/\\\/shop.bantam.ch\\\/fr\\\/#website\"},\"primaryImageOfPage\":{\"@id\":\"https:\\\/\\\/shop.bantam.ch\\\/fr\\\/produit\\\/convertisseur-charge-phaesun-victron-orion-tr12-12-9\\\/#primaryimage\"},\"image\":{\"@id\":\"https:\\\/\\\/shop.bantam.ch\\\/fr\\\/produit\\\/convertisseur-charge-phaesun-victron-orion-tr12-12-9\\\/#primaryimage\"},\"thumbnailUrl\":\"https:\\\/\\\/shop.bantam.ch\\\/wp-content\\\/uploads\\\/2025\\\/12\\\/Movera-L-9945303100.jpg\",\"datePublished\":\"2025-12-17T13:45:45+00:00\",\"dateModified\":\"2026-04-17T21:38:16+00:00\",\"breadcrumb\":{\"@id\":\"https:\\\/\\\/shop.bantam.ch\\\/fr\\\/produit\\\/convertisseur-charge-phaesun-victron-orion-tr12-12-9\\\/#breadcrumb\"},\"inLanguage\":\"fr-FR\",\"potentialAction\":[{\"@type\":\"ReadAction\",\"target\":[\"https:\\\/\\\/shop.bantam.ch\\\/fr\\\/produit\\\/convertisseur-charge-phaesun-victron-orion-tr12-12-9\\\/\"]}]},{\"@type\":\"ImageObject\",\"inLanguage\":\"fr-FR\",\"@id\":\"https:\\\/\\\/shop.bantam.ch\\\/fr\\\/produit\\\/convertisseur-charge-phaesun-victron-orion-tr12-12-9\\\/#primaryimage\",\"url\":\"https:\\\/\\\/shop.bantam.ch\\\/wp-content\\\/uploads\\\/2025\\\/12\\\/Movera-L-9945303100.jpg\",\"contentUrl\":\"https:\\\/\\\/shop.bantam.ch\\\/wp-content\\\/uploads\\\/2025\\\/12\\\/Movera-L-9945303100.jpg\",\"width\":640,\"height\":575},{\"@type\":\"BreadcrumbList\",\"@id\":\"https:\\\/\\\/shop.bantam.ch\\\/fr\\\/produit\\\/convertisseur-charge-phaesun-victron-orion-tr12-12-9\\\/#breadcrumb\",\"itemListElement\":[{\"@type\":\"ListItem\",\"position\":1,\"name\":\"Accueil\",\"item\":\"https:\\\/\\\/shop.bantam.ch\\\/fr\\\/\"},{\"@type\":\"ListItem\",\"position\":2,\"name\":\"Boutique\",\"item\":\"https:\\\/\\\/shop.bantam.ch\\\/fr\\\/boutique\\\/\"},{\"@type\":\"ListItem\",\"position\":3,\"name\":\"Convertisseur charge Phaesun Victron Orion TR12\\\/12-9\"}]},{\"@type\":\"WebSite\",\"@id\":\"https:\\\/\\\/shop.bantam.ch\\\/fr\\\/#website\",\"url\":\"https:\\\/\\\/shop.bantam.ch\\\/fr\\\/\",\"name\":\"Bantam Wankm\u00fcller SA\",\"description\":\"\",\"publisher\":{\"@id\":\"https:\\\/\\\/shop.bantam.ch\\\/fr\\\/#organization\"},\"inLanguage\":\"fr-FR\"},{\"@type\":\"Organization\",\"@id\":\"https:\\\/\\\/shop.bantam.ch\\\/fr\\\/#organization\",\"name\":\"Bantam Wankm\u00fcller SA\",\"url\":\"https:\\\/\\\/shop.bantam.ch\\\/fr\\\/\",\"logo\":{\"@type\":\"ImageObject\",\"inLanguage\":\"fr-FR\",\"@id\":\"https:\\\/\\\/shop.bantam.ch\\\/fr\\\/#\\\/schema\\\/logo\\\/image\\\/\",\"url\":\"https:\\\/\\\/shop.bantam.ch\\\/wp-content\\\/uploads\\\/2022\\\/12\\\/bantam-logo.png\",\"contentUrl\":\"https:\\\/\\\/shop.bantam.ch\\\/wp-content\\\/uploads\\\/2022\\\/12\\\/bantam-logo.png\",\"width\":320,\"height\":71,\"caption\":\"Bantam Wankm\u00fcller SA\"},\"image\":{\"@id\":\"https:\\\/\\\/shop.bantam.ch\\\/fr\\\/#\\\/schema\\\/logo\\\/image\\\/\"}}]}<\/script>\n<!-- \/ Yoast SEO plugin. -->","yoast_head_json":{"title":"Convertisseur charge Phaesun Victron Orion TR12\/12-9 - Bantam Wankm\u00fcller SA","robots":{"index":"index","follow":"follow","max-snippet":"max-snippet:-1","max-image-preview":"max-image-preview:large","max-video-preview":"max-video-preview:-1"},"canonical":"https:\/\/shop.bantam.ch\/fr\/produit\/convertisseur-charge-phaesun-victron-orion-tr12-12-9\/","og_locale":"fr_FR","og_type":"article","og_title":"Convertisseur charge Phaesun Victron Orion TR12\/12-9 - Bantam Wankm\u00fcller SA","og_description":"110W, entr\u00e9e 8-17 VDC, sortie 10-15 VDC \/ 9 A, convertisseur, isol\u00e9, raccordement 6 mm\u00b2, montage en parall\u00e8le (illimit\u00e9), interrupteur \u00e0 distance, IP43 Commutation marche\/arr\u00eat t\u00e9l\u00e9command\u00e9e&nbsp; La commutation marche\/arr\u00eat t\u00e9l\u00e9command\u00e9e rend superflu un interrupteur \u00e0 courant fort sur le c\u00e2blage d&rsquo;entr\u00e9e.&nbsp; n&rsquo;est plus n\u00e9cessaire. La connexion marche\/arr\u00eat t\u00e9l\u00e9command\u00e9e peut \u00eatre command\u00e9e par un interrupteur d&rsquo;\u00e9conomie [&hellip;]","og_url":"https:\/\/shop.bantam.ch\/fr\/produit\/convertisseur-charge-phaesun-victron-orion-tr12-12-9\/","og_site_name":"Bantam Wankm\u00fcller SA","article_modified_time":"2026-04-17T21:38:16+00:00","twitter_card":"summary_large_image","schema":{"@context":"https:\/\/schema.org","@graph":[{"@type":"WebPage","@id":"https:\/\/shop.bantam.ch\/fr\/produit\/convertisseur-charge-phaesun-victron-orion-tr12-12-9\/","url":"https:\/\/shop.bantam.ch\/fr\/produit\/convertisseur-charge-phaesun-victron-orion-tr12-12-9\/","name":"Convertisseur charge Phaesun Victron Orion TR12\/12-9 - Bantam Wankm\u00fcller SA","isPartOf":{"@id":"https:\/\/shop.bantam.ch\/fr\/#website"},"primaryImageOfPage":{"@id":"https:\/\/shop.bantam.ch\/fr\/produit\/convertisseur-charge-phaesun-victron-orion-tr12-12-9\/#primaryimage"},"image":{"@id":"https:\/\/shop.bantam.ch\/fr\/produit\/convertisseur-charge-phaesun-victron-orion-tr12-12-9\/#primaryimage"},"thumbnailUrl":"https:\/\/shop.bantam.ch\/wp-content\/uploads\/2025\/12\/Movera-L-9945303100.jpg","datePublished":"2025-12-17T13:45:45+00:00","dateModified":"2026-04-17T21:38:16+00:00","breadcrumb":{"@id":"https:\/\/shop.bantam.ch\/fr\/produit\/convertisseur-charge-phaesun-victron-orion-tr12-12-9\/#breadcrumb"},"inLanguage":"fr-FR","potentialAction":[{"@type":"ReadAction","target":["https:\/\/shop.bantam.ch\/fr\/produit\/convertisseur-charge-phaesun-victron-orion-tr12-12-9\/"]}]},{"@type":"ImageObject","inLanguage":"fr-FR","@id":"https:\/\/shop.bantam.ch\/fr\/produit\/convertisseur-charge-phaesun-victron-orion-tr12-12-9\/#primaryimage","url":"https:\/\/shop.bantam.ch\/wp-content\/uploads\/2025\/12\/Movera-L-9945303100.jpg","contentUrl":"https:\/\/shop.bantam.ch\/wp-content\/uploads\/2025\/12\/Movera-L-9945303100.jpg","width":640,"height":575},{"@type":"BreadcrumbList","@id":"https:\/\/shop.bantam.ch\/fr\/produit\/convertisseur-charge-phaesun-victron-orion-tr12-12-9\/#breadcrumb","itemListElement":[{"@type":"ListItem","position":1,"name":"Accueil","item":"https:\/\/shop.bantam.ch\/fr\/"},{"@type":"ListItem","position":2,"name":"Boutique","item":"https:\/\/shop.bantam.ch\/fr\/boutique\/"},{"@type":"ListItem","position":3,"name":"Convertisseur charge Phaesun Victron Orion TR12\/12-9"}]},{"@type":"WebSite","@id":"https:\/\/shop.bantam.ch\/fr\/#website","url":"https:\/\/shop.bantam.ch\/fr\/","name":"Bantam Wankm\u00fcller SA","description":"","publisher":{"@id":"https:\/\/shop.bantam.ch\/fr\/#organization"},"inLanguage":"fr-FR"},{"@type":"Organization","@id":"https:\/\/shop.bantam.ch\/fr\/#organization","name":"Bantam Wankm\u00fcller SA","url":"https:\/\/shop.bantam.ch\/fr\/","logo":{"@type":"ImageObject","inLanguage":"fr-FR","@id":"https:\/\/shop.bantam.ch\/fr\/#\/schema\/logo\/image\/","url":"https:\/\/shop.bantam.ch\/wp-content\/uploads\/2022\/12\/bantam-logo.png","contentUrl":"https:\/\/shop.bantam.ch\/wp-content\/uploads\/2022\/12\/bantam-logo.png","width":320,"height":71,"caption":"Bantam Wankm\u00fcller SA"},"image":{"@id":"https:\/\/shop.bantam.ch\/fr\/#\/schema\/logo\/image\/"}}]}},"_links":{"self":[{"href":"https:\/\/shop.bantam.ch\/fr\/wp-json\/wp\/v2\/product\/224404","targetHints":{"allow":["GET"]}}],"collection":[{"href":"https:\/\/shop.bantam.ch\/fr\/wp-json\/wp\/v2\/product"}],"about":[{"href":"https:\/\/shop.bantam.ch\/fr\/wp-json\/wp\/v2\/types\/product"}],"wp:featuredmedia":[{"embeddable":true,"href":"https:\/\/shop.bantam.ch\/fr\/wp-json\/wp\/v2\/media\/224402"}],"wp:attachment":[{"href":"https:\/\/shop.bantam.ch\/fr\/wp-json\/wp\/v2\/media?parent=224404"}],"wp:term":[{"taxonomy":"product_featured_cat","embeddable":true,"href":"https:\/\/shop.bantam.ch\/fr\/wp-json\/wp\/v2\/product_featured_cat?post=224404"},{"taxonomy":"product_brand","embeddable":true,"href":"https:\/\/shop.bantam.ch\/fr\/wp-json\/wp\/v2\/product_brand?post=224404"},{"taxonomy":"product_cat","embeddable":true,"href":"https:\/\/shop.bantam.ch\/fr\/wp-json\/wp\/v2\/product_cat?post=224404"},{"taxonomy":"product_tag","embeddable":true,"href":"https:\/\/shop.bantam.ch\/fr\/wp-json\/wp\/v2\/product_tag?post=224404"}],"curies":[{"name":"wp","href":"https:\/\/api.w.org\/{rel}","templated":true}]}}