{"id":224378,"date":"2025-12-17T14:44:56","date_gmt":"2025-12-17T13:44:56","guid":{"rendered":"https:\/\/shop.bantam.ch\/produit\/lanterne-led-campingaz-battery-guard-tm-600-lumen\/"},"modified":"2026-04-19T23:44:58","modified_gmt":"2026-04-19T21:44:58","slug":"lanterne-led-campingaz-battery-guard-tm-600-lumen","status":"publish","type":"product","link":"https:\/\/shop.bantam.ch\/fr\/produit\/lanterne-led-campingaz-battery-guard-tm-600-lumen\/","title":{"rendered":"Lanterne LED Campingaz Battery Guard TM 600 Lumen"},"content":{"rendered":"<p>La BatteryGuard Lantern 600 L assure une lumi\u00e8re agr\u00e9able et claire en camping et est un fid\u00e8le compagnon, m\u00eame pour les activit\u00e9s nocturnes. Le verre en polycarbonate incassable \u00e0 360\u00b0 vous offre \u00e0 cet \u00e9gard la s\u00e9curit\u00e9 n\u00e9cessaire et la forme ronde de la lanterne \u00e9vite les ombres involontaires de pi\u00e8ces en plastique g\u00eanantes. D\u00e9terminez vous-m\u00eame la luminosit\u00e9 que vous souhaitez donner \u00e0 votre environnement gr\u00e2ce \u00e0 la distance d&rsquo;\u00e9clairage r\u00e9glable de 6 ou 12 m\u00e8tres. Gr\u00e2ce aux Lifetime LEDs, la dur\u00e9e de vie peut atteindre 40.000 heures. La technologie BatteryGuard int\u00e9gr\u00e9e dans l&rsquo;interrupteur marche\/arr\u00eat emp\u00eache en outre toute fuite ou perte d&rsquo;\u00e9nergie, de sorte que la BatteryGuard Lantern 600 L vous accompagnera lors de nombreux voyages et ne vous laissera pas tomber. Son poids de seulement 494 g et ses dimensions de rangement de 12 x 22 cm permettent en outre de la transporter sans effort.<\/p>\n","protected":false},"excerpt":{"rendered":"<p>La BatteryGuard Lantern 600 L assure une lumi\u00e8re agr\u00e9able et claire en camping et est un fid\u00e8le compagnon, m\u00eame pour les activit\u00e9s nocturnes. Le verre en polycarbonate incassable \u00e0 360\u00b0 vous offre \u00e0 cet \u00e9gard la s\u00e9curit\u00e9 n\u00e9cessaire et la forme ronde de la lanterne \u00e9vite les ombres involontaires de pi\u00e8ces en plastique g\u00eanantes. D\u00e9terminez [&hellip;]<\/p>\n","protected":false},"featured_media":224372,"template":"","meta":{"_acf_changed":false},"product_featured_cat":[],"product_brand":[],"product_cat":[4361],"product_tag":[],"class_list":{"0":"post-224378","1":"product","2":"type-product","3":"status-publish","4":"has-post-thumbnail","6":"product_cat-lampes-a-piles-et-rechargeables","8":"first","9":"instock","10":"taxable","11":"shipping-taxable","12":"purchasable","13":"product-type-simple"},"acf":[],"yoast_head":"<!-- This site is optimized with the Yoast SEO plugin v27.4 - https:\/\/yoast.com\/product\/yoast-seo-wordpress\/ -->\n<title>Lanterne LED Campingaz Battery Guard TM 600 Lumen - Bantam Wankm\u00fcller SA<\/title>\n<meta name=\"robots\" content=\"index, follow, max-snippet:-1, max-image-preview:large, max-video-preview:-1\" \/>\n<link rel=\"canonical\" href=\"https:\/\/shop.bantam.ch\/fr\/produit\/lanterne-led-campingaz-battery-guard-tm-600-lumen\/\" \/>\n<meta property=\"og:locale\" content=\"fr_FR\" \/>\n<meta property=\"og:type\" content=\"article\" \/>\n<meta property=\"og:title\" content=\"Lanterne LED Campingaz Battery Guard TM 600 Lumen - Bantam Wankm\u00fcller SA\" \/>\n<meta property=\"og:description\" content=\"La BatteryGuard Lantern 600 L assure une lumi\u00e8re agr\u00e9able et claire en camping et est un fid\u00e8le compagnon, m\u00eame pour les activit\u00e9s nocturnes. Le verre en polycarbonate incassable \u00e0 360\u00b0 vous offre \u00e0 cet \u00e9gard la s\u00e9curit\u00e9 n\u00e9cessaire et la forme ronde de la lanterne \u00e9vite les ombres involontaires de pi\u00e8ces en plastique g\u00eanantes. D\u00e9terminez [&hellip;]\" \/>\n<meta property=\"og:url\" content=\"https:\/\/shop.bantam.ch\/fr\/produit\/lanterne-led-campingaz-battery-guard-tm-600-lumen\/\" \/>\n<meta property=\"og:site_name\" content=\"Bantam Wankm\u00fcller SA\" \/>\n<meta property=\"article:modified_time\" content=\"2026-04-19T21:44:58+00:00\" \/>\n<meta name=\"twitter:card\" content=\"summary_large_image\" \/>\n<meta name=\"twitter:label1\" content=\"Dur\u00e9e de lecture estim\u00e9e\" \/>\n\t<meta name=\"twitter:data1\" content=\"1 minute\" \/>\n<script type=\"application\/ld+json\" class=\"yoast-schema-graph\">{\"@context\":\"https:\\\/\\\/schema.org\",\"@graph\":[{\"@type\":\"WebPage\",\"@id\":\"https:\\\/\\\/shop.bantam.ch\\\/fr\\\/produit\\\/lanterne-led-campingaz-battery-guard-tm-600-lumen\\\/\",\"url\":\"https:\\\/\\\/shop.bantam.ch\\\/fr\\\/produit\\\/lanterne-led-campingaz-battery-guard-tm-600-lumen\\\/\",\"name\":\"Lanterne LED Campingaz Battery Guard TM 600 Lumen - Bantam Wankm\u00fcller SA\",\"isPartOf\":{\"@id\":\"https:\\\/\\\/shop.bantam.ch\\\/fr\\\/#website\"},\"primaryImageOfPage\":{\"@id\":\"https:\\\/\\\/shop.bantam.ch\\\/fr\\\/produit\\\/lanterne-led-campingaz-battery-guard-tm-600-lumen\\\/#primaryimage\"},\"image\":{\"@id\":\"https:\\\/\\\/shop.bantam.ch\\\/fr\\\/produit\\\/lanterne-led-campingaz-battery-guard-tm-600-lumen\\\/#primaryimage\"},\"thumbnailUrl\":\"https:\\\/\\\/shop.bantam.ch\\\/wp-content\\\/uploads\\\/2025\\\/12\\\/Movera-L-9945242100.jpg\",\"datePublished\":\"2025-12-17T13:44:56+00:00\",\"dateModified\":\"2026-04-19T21:44:58+00:00\",\"breadcrumb\":{\"@id\":\"https:\\\/\\\/shop.bantam.ch\\\/fr\\\/produit\\\/lanterne-led-campingaz-battery-guard-tm-600-lumen\\\/#breadcrumb\"},\"inLanguage\":\"fr-FR\",\"potentialAction\":[{\"@type\":\"ReadAction\",\"target\":[\"https:\\\/\\\/shop.bantam.ch\\\/fr\\\/produit\\\/lanterne-led-campingaz-battery-guard-tm-600-lumen\\\/\"]}]},{\"@type\":\"ImageObject\",\"inLanguage\":\"fr-FR\",\"@id\":\"https:\\\/\\\/shop.bantam.ch\\\/fr\\\/produit\\\/lanterne-led-campingaz-battery-guard-tm-600-lumen\\\/#primaryimage\",\"url\":\"https:\\\/\\\/shop.bantam.ch\\\/wp-content\\\/uploads\\\/2025\\\/12\\\/Movera-L-9945242100.jpg\",\"contentUrl\":\"https:\\\/\\\/shop.bantam.ch\\\/wp-content\\\/uploads\\\/2025\\\/12\\\/Movera-L-9945242100.jpg\",\"width\":640,\"height\":1373},{\"@type\":\"BreadcrumbList\",\"@id\":\"https:\\\/\\\/shop.bantam.ch\\\/fr\\\/produit\\\/lanterne-led-campingaz-battery-guard-tm-600-lumen\\\/#breadcrumb\",\"itemListElement\":[{\"@type\":\"ListItem\",\"position\":1,\"name\":\"Accueil\",\"item\":\"https:\\\/\\\/shop.bantam.ch\\\/fr\\\/\"},{\"@type\":\"ListItem\",\"position\":2,\"name\":\"Boutique\",\"item\":\"https:\\\/\\\/shop.bantam.ch\\\/fr\\\/boutique\\\/\"},{\"@type\":\"ListItem\",\"position\":3,\"name\":\"Lanterne LED Campingaz Battery Guard TM 600 Lumen\"}]},{\"@type\":\"WebSite\",\"@id\":\"https:\\\/\\\/shop.bantam.ch\\\/fr\\\/#website\",\"url\":\"https:\\\/\\\/shop.bantam.ch\\\/fr\\\/\",\"name\":\"Bantam Wankm\u00fcller SA\",\"description\":\"\",\"publisher\":{\"@id\":\"https:\\\/\\\/shop.bantam.ch\\\/fr\\\/#organization\"},\"inLanguage\":\"fr-FR\"},{\"@type\":\"Organization\",\"@id\":\"https:\\\/\\\/shop.bantam.ch\\\/fr\\\/#organization\",\"name\":\"Bantam Wankm\u00fcller SA\",\"url\":\"https:\\\/\\\/shop.bantam.ch\\\/fr\\\/\",\"logo\":{\"@type\":\"ImageObject\",\"inLanguage\":\"fr-FR\",\"@id\":\"https:\\\/\\\/shop.bantam.ch\\\/fr\\\/#\\\/schema\\\/logo\\\/image\\\/\",\"url\":\"https:\\\/\\\/shop.bantam.ch\\\/wp-content\\\/uploads\\\/2022\\\/12\\\/bantam-logo.png\",\"contentUrl\":\"https:\\\/\\\/shop.bantam.ch\\\/wp-content\\\/uploads\\\/2022\\\/12\\\/bantam-logo.png\",\"width\":320,\"height\":71,\"caption\":\"Bantam Wankm\u00fcller SA\"},\"image\":{\"@id\":\"https:\\\/\\\/shop.bantam.ch\\\/fr\\\/#\\\/schema\\\/logo\\\/image\\\/\"}}]}<\/script>\n<!-- \/ Yoast SEO plugin. -->","yoast_head_json":{"title":"Lanterne LED Campingaz Battery Guard TM 600 Lumen - Bantam Wankm\u00fcller SA","robots":{"index":"index","follow":"follow","max-snippet":"max-snippet:-1","max-image-preview":"max-image-preview:large","max-video-preview":"max-video-preview:-1"},"canonical":"https:\/\/shop.bantam.ch\/fr\/produit\/lanterne-led-campingaz-battery-guard-tm-600-lumen\/","og_locale":"fr_FR","og_type":"article","og_title":"Lanterne LED Campingaz Battery Guard TM 600 Lumen - Bantam Wankm\u00fcller SA","og_description":"La BatteryGuard Lantern 600 L assure une lumi\u00e8re agr\u00e9able et claire en camping et est un fid\u00e8le compagnon, m\u00eame pour les activit\u00e9s nocturnes. Le verre en polycarbonate incassable \u00e0 360\u00b0 vous offre \u00e0 cet \u00e9gard la s\u00e9curit\u00e9 n\u00e9cessaire et la forme ronde de la lanterne \u00e9vite les ombres involontaires de pi\u00e8ces en plastique g\u00eanantes. D\u00e9terminez [&hellip;]","og_url":"https:\/\/shop.bantam.ch\/fr\/produit\/lanterne-led-campingaz-battery-guard-tm-600-lumen\/","og_site_name":"Bantam Wankm\u00fcller SA","article_modified_time":"2026-04-19T21:44:58+00:00","twitter_card":"summary_large_image","twitter_misc":{"Dur\u00e9e de lecture estim\u00e9e":"1 minute"},"schema":{"@context":"https:\/\/schema.org","@graph":[{"@type":"WebPage","@id":"https:\/\/shop.bantam.ch\/fr\/produit\/lanterne-led-campingaz-battery-guard-tm-600-lumen\/","url":"https:\/\/shop.bantam.ch\/fr\/produit\/lanterne-led-campingaz-battery-guard-tm-600-lumen\/","name":"Lanterne LED Campingaz Battery Guard TM 600 Lumen - Bantam Wankm\u00fcller SA","isPartOf":{"@id":"https:\/\/shop.bantam.ch\/fr\/#website"},"primaryImageOfPage":{"@id":"https:\/\/shop.bantam.ch\/fr\/produit\/lanterne-led-campingaz-battery-guard-tm-600-lumen\/#primaryimage"},"image":{"@id":"https:\/\/shop.bantam.ch\/fr\/produit\/lanterne-led-campingaz-battery-guard-tm-600-lumen\/#primaryimage"},"thumbnailUrl":"https:\/\/shop.bantam.ch\/wp-content\/uploads\/2025\/12\/Movera-L-9945242100.jpg","datePublished":"2025-12-17T13:44:56+00:00","dateModified":"2026-04-19T21:44:58+00:00","breadcrumb":{"@id":"https:\/\/shop.bantam.ch\/fr\/produit\/lanterne-led-campingaz-battery-guard-tm-600-lumen\/#breadcrumb"},"inLanguage":"fr-FR","potentialAction":[{"@type":"ReadAction","target":["https:\/\/shop.bantam.ch\/fr\/produit\/lanterne-led-campingaz-battery-guard-tm-600-lumen\/"]}]},{"@type":"ImageObject","inLanguage":"fr-FR","@id":"https:\/\/shop.bantam.ch\/fr\/produit\/lanterne-led-campingaz-battery-guard-tm-600-lumen\/#primaryimage","url":"https:\/\/shop.bantam.ch\/wp-content\/uploads\/2025\/12\/Movera-L-9945242100.jpg","contentUrl":"https:\/\/shop.bantam.ch\/wp-content\/uploads\/2025\/12\/Movera-L-9945242100.jpg","width":640,"height":1373},{"@type":"BreadcrumbList","@id":"https:\/\/shop.bantam.ch\/fr\/produit\/lanterne-led-campingaz-battery-guard-tm-600-lumen\/#breadcrumb","itemListElement":[{"@type":"ListItem","position":1,"name":"Accueil","item":"https:\/\/shop.bantam.ch\/fr\/"},{"@type":"ListItem","position":2,"name":"Boutique","item":"https:\/\/shop.bantam.ch\/fr\/boutique\/"},{"@type":"ListItem","position":3,"name":"Lanterne LED Campingaz Battery Guard TM 600 Lumen"}]},{"@type":"WebSite","@id":"https:\/\/shop.bantam.ch\/fr\/#website","url":"https:\/\/shop.bantam.ch\/fr\/","name":"Bantam Wankm\u00fcller SA","description":"","publisher":{"@id":"https:\/\/shop.bantam.ch\/fr\/#organization"},"inLanguage":"fr-FR"},{"@type":"Organization","@id":"https:\/\/shop.bantam.ch\/fr\/#organization","name":"Bantam Wankm\u00fcller SA","url":"https:\/\/shop.bantam.ch\/fr\/","logo":{"@type":"ImageObject","inLanguage":"fr-FR","@id":"https:\/\/shop.bantam.ch\/fr\/#\/schema\/logo\/image\/","url":"https:\/\/shop.bantam.ch\/wp-content\/uploads\/2022\/12\/bantam-logo.png","contentUrl":"https:\/\/shop.bantam.ch\/wp-content\/uploads\/2022\/12\/bantam-logo.png","width":320,"height":71,"caption":"Bantam Wankm\u00fcller SA"},"image":{"@id":"https:\/\/shop.bantam.ch\/fr\/#\/schema\/logo\/image\/"}}]}},"_links":{"self":[{"href":"https:\/\/shop.bantam.ch\/fr\/wp-json\/wp\/v2\/product\/224378","targetHints":{"allow":["GET"]}}],"collection":[{"href":"https:\/\/shop.bantam.ch\/fr\/wp-json\/wp\/v2\/product"}],"about":[{"href":"https:\/\/shop.bantam.ch\/fr\/wp-json\/wp\/v2\/types\/product"}],"wp:featuredmedia":[{"embeddable":true,"href":"https:\/\/shop.bantam.ch\/fr\/wp-json\/wp\/v2\/media\/224372"}],"wp:attachment":[{"href":"https:\/\/shop.bantam.ch\/fr\/wp-json\/wp\/v2\/media?parent=224378"}],"wp:term":[{"taxonomy":"product_featured_cat","embeddable":true,"href":"https:\/\/shop.bantam.ch\/fr\/wp-json\/wp\/v2\/product_featured_cat?post=224378"},{"taxonomy":"product_brand","embeddable":true,"href":"https:\/\/shop.bantam.ch\/fr\/wp-json\/wp\/v2\/product_brand?post=224378"},{"taxonomy":"product_cat","embeddable":true,"href":"https:\/\/shop.bantam.ch\/fr\/wp-json\/wp\/v2\/product_cat?post=224378"},{"taxonomy":"product_tag","embeddable":true,"href":"https:\/\/shop.bantam.ch\/fr\/wp-json\/wp\/v2\/product_tag?post=224378"}],"curies":[{"name":"wp","href":"https:\/\/api.w.org\/{rel}","templated":true}]}}