{"id":224344,"date":"2025-12-17T14:44:12","date_gmt":"2025-12-17T13:44:12","guid":{"rendered":"https:\/\/shop.bantam.ch\/produit\/ventilateur-bureau-eurotrail\/"},"modified":"2026-04-19T23:44:51","modified_gmt":"2026-04-19T21:44:51","slug":"ventilateur-bureau-eurotrail","status":"publish","type":"product","link":"https:\/\/shop.bantam.ch\/fr\/produit\/ventilateur-bureau-eurotrail\/","title":{"rendered":"Ventilateur bureau EuroTrail"},"content":{"rendered":"<p>Le ventilateur peut \u00eatre ajust\u00e9 autour d\u2019un angle de 70 \u00b0 pour le haut et le bas. Vitesse du ventilateur r\u00e9glable en continu en tournant le bouton. La fonction d\u2019oscillation peut \u00eatre activ\u00e9e \/ d\u00e9sactiv\u00e9e. La batterie polym\u00e8re rechargeable int\u00e9gr\u00e9e de 4000mAh offre au ventilateur 9h de temps de travail (d\u00e9pend de la vitesse). Le rev\u00eatement fini mat donne au ventilateur une apparence luxueuse! Mat\u00e9riel: ABS + PP + rev\u00eatement en silicone. Ventilateur: Ventilateur \u00d8145mm. Taille: 236x169x120mm. Poids : 406 gr. Tension : 5 V CC. Puissance 1.3A (max). Puissance : 6,5 W. Batterie rechargeable : 4000 mAh. Temps de travail : 9 heures (max). Temps de charge : 4h.<\/p>\n","protected":false},"excerpt":{"rendered":"<p>Le ventilateur peut \u00eatre ajust\u00e9 autour d\u2019un angle de 70 \u00b0 pour le haut et le bas. Vitesse du ventilateur r\u00e9glable en continu en tournant le bouton. La fonction d\u2019oscillation peut \u00eatre activ\u00e9e \/ d\u00e9sactiv\u00e9e. La batterie polym\u00e8re rechargeable int\u00e9gr\u00e9e de 4000mAh offre au ventilateur 9h de temps de travail (d\u00e9pend de la vitesse). Le [&hellip;]<\/p>\n","protected":false},"featured_media":224340,"template":"","meta":{"_acf_changed":false},"product_featured_cat":[],"product_brand":[],"product_cat":[4093],"product_tag":[],"class_list":{"0":"post-224344","1":"product","2":"type-product","3":"status-publish","4":"has-post-thumbnail","6":"product_cat-ventilateurs","8":"first","9":"instock","10":"taxable","11":"shipping-taxable","12":"purchasable","13":"product-type-simple"},"acf":[],"yoast_head":"<!-- This site is optimized with the Yoast SEO plugin v27.4 - https:\/\/yoast.com\/product\/yoast-seo-wordpress\/ -->\n<title>Ventilateur bureau EuroTrail - Bantam Wankm\u00fcller SA<\/title>\n<meta name=\"robots\" content=\"index, follow, max-snippet:-1, max-image-preview:large, max-video-preview:-1\" \/>\n<link rel=\"canonical\" href=\"https:\/\/shop.bantam.ch\/fr\/produit\/ventilateur-bureau-eurotrail\/\" \/>\n<meta property=\"og:locale\" content=\"fr_FR\" \/>\n<meta property=\"og:type\" content=\"article\" \/>\n<meta property=\"og:title\" content=\"Ventilateur bureau EuroTrail - Bantam Wankm\u00fcller SA\" \/>\n<meta property=\"og:description\" content=\"Le ventilateur peut \u00eatre ajust\u00e9 autour d\u2019un angle de 70 \u00b0 pour le haut et le bas. Vitesse du ventilateur r\u00e9glable en continu en tournant le bouton. La fonction d\u2019oscillation peut \u00eatre activ\u00e9e \/ d\u00e9sactiv\u00e9e. La batterie polym\u00e8re rechargeable int\u00e9gr\u00e9e de 4000mAh offre au ventilateur 9h de temps de travail (d\u00e9pend de la vitesse). Le [&hellip;]\" \/>\n<meta property=\"og:url\" content=\"https:\/\/shop.bantam.ch\/fr\/produit\/ventilateur-bureau-eurotrail\/\" \/>\n<meta property=\"og:site_name\" content=\"Bantam Wankm\u00fcller SA\" \/>\n<meta property=\"article:modified_time\" content=\"2026-04-19T21:44:51+00:00\" \/>\n<meta name=\"twitter:card\" content=\"summary_large_image\" \/>\n<meta name=\"twitter:label1\" content=\"Dur\u00e9e de lecture estim\u00e9e\" \/>\n\t<meta name=\"twitter:data1\" content=\"1 minute\" \/>\n<script type=\"application\/ld+json\" class=\"yoast-schema-graph\">{\"@context\":\"https:\\\/\\\/schema.org\",\"@graph\":[{\"@type\":\"WebPage\",\"@id\":\"https:\\\/\\\/shop.bantam.ch\\\/fr\\\/produit\\\/ventilateur-bureau-eurotrail\\\/\",\"url\":\"https:\\\/\\\/shop.bantam.ch\\\/fr\\\/produit\\\/ventilateur-bureau-eurotrail\\\/\",\"name\":\"Ventilateur bureau EuroTrail - Bantam Wankm\u00fcller SA\",\"isPartOf\":{\"@id\":\"https:\\\/\\\/shop.bantam.ch\\\/fr\\\/#website\"},\"primaryImageOfPage\":{\"@id\":\"https:\\\/\\\/shop.bantam.ch\\\/fr\\\/produit\\\/ventilateur-bureau-eurotrail\\\/#primaryimage\"},\"image\":{\"@id\":\"https:\\\/\\\/shop.bantam.ch\\\/fr\\\/produit\\\/ventilateur-bureau-eurotrail\\\/#primaryimage\"},\"thumbnailUrl\":\"https:\\\/\\\/shop.bantam.ch\\\/wp-content\\\/uploads\\\/2025\\\/12\\\/Movera-L-9945198100.jpg\",\"datePublished\":\"2025-12-17T13:44:12+00:00\",\"dateModified\":\"2026-04-19T21:44:51+00:00\",\"breadcrumb\":{\"@id\":\"https:\\\/\\\/shop.bantam.ch\\\/fr\\\/produit\\\/ventilateur-bureau-eurotrail\\\/#breadcrumb\"},\"inLanguage\":\"fr-FR\",\"potentialAction\":[{\"@type\":\"ReadAction\",\"target\":[\"https:\\\/\\\/shop.bantam.ch\\\/fr\\\/produit\\\/ventilateur-bureau-eurotrail\\\/\"]}]},{\"@type\":\"ImageObject\",\"inLanguage\":\"fr-FR\",\"@id\":\"https:\\\/\\\/shop.bantam.ch\\\/fr\\\/produit\\\/ventilateur-bureau-eurotrail\\\/#primaryimage\",\"url\":\"https:\\\/\\\/shop.bantam.ch\\\/wp-content\\\/uploads\\\/2025\\\/12\\\/Movera-L-9945198100.jpg\",\"contentUrl\":\"https:\\\/\\\/shop.bantam.ch\\\/wp-content\\\/uploads\\\/2025\\\/12\\\/Movera-L-9945198100.jpg\",\"width\":640,\"height\":918},{\"@type\":\"BreadcrumbList\",\"@id\":\"https:\\\/\\\/shop.bantam.ch\\\/fr\\\/produit\\\/ventilateur-bureau-eurotrail\\\/#breadcrumb\",\"itemListElement\":[{\"@type\":\"ListItem\",\"position\":1,\"name\":\"Accueil\",\"item\":\"https:\\\/\\\/shop.bantam.ch\\\/fr\\\/\"},{\"@type\":\"ListItem\",\"position\":2,\"name\":\"Boutique\",\"item\":\"https:\\\/\\\/shop.bantam.ch\\\/fr\\\/boutique\\\/\"},{\"@type\":\"ListItem\",\"position\":3,\"name\":\"Ventilateur bureau EuroTrail\"}]},{\"@type\":\"WebSite\",\"@id\":\"https:\\\/\\\/shop.bantam.ch\\\/fr\\\/#website\",\"url\":\"https:\\\/\\\/shop.bantam.ch\\\/fr\\\/\",\"name\":\"Bantam Wankm\u00fcller SA\",\"description\":\"\",\"publisher\":{\"@id\":\"https:\\\/\\\/shop.bantam.ch\\\/fr\\\/#organization\"},\"inLanguage\":\"fr-FR\"},{\"@type\":\"Organization\",\"@id\":\"https:\\\/\\\/shop.bantam.ch\\\/fr\\\/#organization\",\"name\":\"Bantam Wankm\u00fcller SA\",\"url\":\"https:\\\/\\\/shop.bantam.ch\\\/fr\\\/\",\"logo\":{\"@type\":\"ImageObject\",\"inLanguage\":\"fr-FR\",\"@id\":\"https:\\\/\\\/shop.bantam.ch\\\/fr\\\/#\\\/schema\\\/logo\\\/image\\\/\",\"url\":\"https:\\\/\\\/shop.bantam.ch\\\/wp-content\\\/uploads\\\/2022\\\/12\\\/bantam-logo.png\",\"contentUrl\":\"https:\\\/\\\/shop.bantam.ch\\\/wp-content\\\/uploads\\\/2022\\\/12\\\/bantam-logo.png\",\"width\":320,\"height\":71,\"caption\":\"Bantam Wankm\u00fcller SA\"},\"image\":{\"@id\":\"https:\\\/\\\/shop.bantam.ch\\\/fr\\\/#\\\/schema\\\/logo\\\/image\\\/\"}}]}<\/script>\n<!-- \/ Yoast SEO plugin. -->","yoast_head_json":{"title":"Ventilateur bureau EuroTrail - Bantam Wankm\u00fcller SA","robots":{"index":"index","follow":"follow","max-snippet":"max-snippet:-1","max-image-preview":"max-image-preview:large","max-video-preview":"max-video-preview:-1"},"canonical":"https:\/\/shop.bantam.ch\/fr\/produit\/ventilateur-bureau-eurotrail\/","og_locale":"fr_FR","og_type":"article","og_title":"Ventilateur bureau EuroTrail - Bantam Wankm\u00fcller SA","og_description":"Le ventilateur peut \u00eatre ajust\u00e9 autour d\u2019un angle de 70 \u00b0 pour le haut et le bas. Vitesse du ventilateur r\u00e9glable en continu en tournant le bouton. La fonction d\u2019oscillation peut \u00eatre activ\u00e9e \/ d\u00e9sactiv\u00e9e. La batterie polym\u00e8re rechargeable int\u00e9gr\u00e9e de 4000mAh offre au ventilateur 9h de temps de travail (d\u00e9pend de la vitesse). Le [&hellip;]","og_url":"https:\/\/shop.bantam.ch\/fr\/produit\/ventilateur-bureau-eurotrail\/","og_site_name":"Bantam Wankm\u00fcller SA","article_modified_time":"2026-04-19T21:44:51+00:00","twitter_card":"summary_large_image","twitter_misc":{"Dur\u00e9e de lecture estim\u00e9e":"1 minute"},"schema":{"@context":"https:\/\/schema.org","@graph":[{"@type":"WebPage","@id":"https:\/\/shop.bantam.ch\/fr\/produit\/ventilateur-bureau-eurotrail\/","url":"https:\/\/shop.bantam.ch\/fr\/produit\/ventilateur-bureau-eurotrail\/","name":"Ventilateur bureau EuroTrail - Bantam Wankm\u00fcller SA","isPartOf":{"@id":"https:\/\/shop.bantam.ch\/fr\/#website"},"primaryImageOfPage":{"@id":"https:\/\/shop.bantam.ch\/fr\/produit\/ventilateur-bureau-eurotrail\/#primaryimage"},"image":{"@id":"https:\/\/shop.bantam.ch\/fr\/produit\/ventilateur-bureau-eurotrail\/#primaryimage"},"thumbnailUrl":"https:\/\/shop.bantam.ch\/wp-content\/uploads\/2025\/12\/Movera-L-9945198100.jpg","datePublished":"2025-12-17T13:44:12+00:00","dateModified":"2026-04-19T21:44:51+00:00","breadcrumb":{"@id":"https:\/\/shop.bantam.ch\/fr\/produit\/ventilateur-bureau-eurotrail\/#breadcrumb"},"inLanguage":"fr-FR","potentialAction":[{"@type":"ReadAction","target":["https:\/\/shop.bantam.ch\/fr\/produit\/ventilateur-bureau-eurotrail\/"]}]},{"@type":"ImageObject","inLanguage":"fr-FR","@id":"https:\/\/shop.bantam.ch\/fr\/produit\/ventilateur-bureau-eurotrail\/#primaryimage","url":"https:\/\/shop.bantam.ch\/wp-content\/uploads\/2025\/12\/Movera-L-9945198100.jpg","contentUrl":"https:\/\/shop.bantam.ch\/wp-content\/uploads\/2025\/12\/Movera-L-9945198100.jpg","width":640,"height":918},{"@type":"BreadcrumbList","@id":"https:\/\/shop.bantam.ch\/fr\/produit\/ventilateur-bureau-eurotrail\/#breadcrumb","itemListElement":[{"@type":"ListItem","position":1,"name":"Accueil","item":"https:\/\/shop.bantam.ch\/fr\/"},{"@type":"ListItem","position":2,"name":"Boutique","item":"https:\/\/shop.bantam.ch\/fr\/boutique\/"},{"@type":"ListItem","position":3,"name":"Ventilateur bureau EuroTrail"}]},{"@type":"WebSite","@id":"https:\/\/shop.bantam.ch\/fr\/#website","url":"https:\/\/shop.bantam.ch\/fr\/","name":"Bantam Wankm\u00fcller SA","description":"","publisher":{"@id":"https:\/\/shop.bantam.ch\/fr\/#organization"},"inLanguage":"fr-FR"},{"@type":"Organization","@id":"https:\/\/shop.bantam.ch\/fr\/#organization","name":"Bantam Wankm\u00fcller SA","url":"https:\/\/shop.bantam.ch\/fr\/","logo":{"@type":"ImageObject","inLanguage":"fr-FR","@id":"https:\/\/shop.bantam.ch\/fr\/#\/schema\/logo\/image\/","url":"https:\/\/shop.bantam.ch\/wp-content\/uploads\/2022\/12\/bantam-logo.png","contentUrl":"https:\/\/shop.bantam.ch\/wp-content\/uploads\/2022\/12\/bantam-logo.png","width":320,"height":71,"caption":"Bantam Wankm\u00fcller SA"},"image":{"@id":"https:\/\/shop.bantam.ch\/fr\/#\/schema\/logo\/image\/"}}]}},"_links":{"self":[{"href":"https:\/\/shop.bantam.ch\/fr\/wp-json\/wp\/v2\/product\/224344","targetHints":{"allow":["GET"]}}],"collection":[{"href":"https:\/\/shop.bantam.ch\/fr\/wp-json\/wp\/v2\/product"}],"about":[{"href":"https:\/\/shop.bantam.ch\/fr\/wp-json\/wp\/v2\/types\/product"}],"wp:featuredmedia":[{"embeddable":true,"href":"https:\/\/shop.bantam.ch\/fr\/wp-json\/wp\/v2\/media\/224340"}],"wp:attachment":[{"href":"https:\/\/shop.bantam.ch\/fr\/wp-json\/wp\/v2\/media?parent=224344"}],"wp:term":[{"taxonomy":"product_featured_cat","embeddable":true,"href":"https:\/\/shop.bantam.ch\/fr\/wp-json\/wp\/v2\/product_featured_cat?post=224344"},{"taxonomy":"product_brand","embeddable":true,"href":"https:\/\/shop.bantam.ch\/fr\/wp-json\/wp\/v2\/product_brand?post=224344"},{"taxonomy":"product_cat","embeddable":true,"href":"https:\/\/shop.bantam.ch\/fr\/wp-json\/wp\/v2\/product_cat?post=224344"},{"taxonomy":"product_tag","embeddable":true,"href":"https:\/\/shop.bantam.ch\/fr\/wp-json\/wp\/v2\/product_tag?post=224344"}],"curies":[{"name":"wp","href":"https:\/\/api.w.org\/{rel}","templated":true}]}}