{"id":224330,"date":"2025-12-17T14:43:46","date_gmt":"2025-12-17T13:43:46","guid":{"rendered":"https:\/\/shop.bantam.ch\/produit\/lampe-led-de-table-de-terrasse-eurotrail-avec-boite-a-musique-rechargeable\/"},"modified":"2026-04-19T23:44:45","modified_gmt":"2026-04-19T21:44:45","slug":"lampe-led-de-table-de-terrasse-eurotrail-avec-boite-a-musique-rechargeable","status":"publish","type":"product","link":"https:\/\/shop.bantam.ch\/fr\/produit\/lampe-led-de-table-de-terrasse-eurotrail-avec-boite-a-musique-rechargeable\/","title":{"rendered":"Lampe LED de table\/de terrasse EuroTrail avec bo\u00eete \u00e0 musique rechargeable"},"content":{"rendered":"<ul>\n<li>Lampe LED rechargeable<\/li>\n<li>Parfait pour une utilisation dans le jardin, sur un bateau ou dans un camping<\/li>\n<li>Haut-parleur Bluetooth puissant<\/li>\n<li>avec t\u00e9l\u00e9commande<\/li>\n<li>dimmable<\/li>\n<li>16 couleurs possibles<\/li>\n<li>Plastique PE<\/li>\n<li>D 19x23cm<\/li>\n<li>Recharge LI Battery 2000 (mAh)<\/li>\n<li>Temps de recharge : 4-6hrs<\/li>\n<li>Temps de puissance : 8-15hrs pour la lumi\u00e8re\/4-6 hrs pour la musique<\/li>\n<li>poids : 1,2 kg<\/li>\n<li>couleur : blanc<\/li>\n<\/ul>\n","protected":false},"excerpt":{"rendered":"<p>Lampe LED rechargeable Parfait pour une utilisation dans le jardin, sur un bateau ou dans un camping Haut-parleur Bluetooth puissant avec t\u00e9l\u00e9commande dimmable 16 couleurs possibles Plastique PE D 19x23cm Recharge LI Battery 2000 (mAh) Temps de recharge : 4-6hrs Temps de puissance : 8-15hrs pour la lumi\u00e8re\/4-6 hrs pour la musique poids : 1,2 [&hellip;]<\/p>\n","protected":false},"featured_media":224328,"template":"","meta":{"_acf_changed":false},"product_featured_cat":[],"product_brand":[],"product_cat":[4361],"product_tag":[],"class_list":{"0":"post-224330","1":"product","2":"type-product","3":"status-publish","4":"has-post-thumbnail","6":"product_cat-lampes-a-piles-et-rechargeables","8":"first","9":"instock","10":"taxable","11":"shipping-taxable","12":"purchasable","13":"product-type-simple"},"acf":[],"yoast_head":"<!-- This site is optimized with the Yoast SEO plugin v27.4 - https:\/\/yoast.com\/product\/yoast-seo-wordpress\/ -->\n<title>Lampe LED de table\/de terrasse EuroTrail avec bo\u00eete \u00e0 musique rechargeable - Bantam Wankm\u00fcller SA<\/title>\n<meta name=\"robots\" content=\"index, follow, max-snippet:-1, max-image-preview:large, max-video-preview:-1\" \/>\n<link rel=\"canonical\" href=\"https:\/\/shop.bantam.ch\/fr\/produit\/lampe-led-de-table-de-terrasse-eurotrail-avec-boite-a-musique-rechargeable\/\" \/>\n<meta property=\"og:locale\" content=\"fr_FR\" \/>\n<meta property=\"og:type\" content=\"article\" \/>\n<meta property=\"og:title\" content=\"Lampe LED de table\/de terrasse EuroTrail avec bo\u00eete \u00e0 musique rechargeable - Bantam Wankm\u00fcller SA\" \/>\n<meta property=\"og:description\" content=\"Lampe LED rechargeable Parfait pour une utilisation dans le jardin, sur un bateau ou dans un camping Haut-parleur Bluetooth puissant avec t\u00e9l\u00e9commande dimmable 16 couleurs possibles Plastique PE D 19x23cm Recharge LI Battery 2000 (mAh) Temps de recharge : 4-6hrs Temps de puissance : 8-15hrs pour la lumi\u00e8re\/4-6 hrs pour la musique poids : 1,2 [&hellip;]\" \/>\n<meta property=\"og:url\" content=\"https:\/\/shop.bantam.ch\/fr\/produit\/lampe-led-de-table-de-terrasse-eurotrail-avec-boite-a-musique-rechargeable\/\" \/>\n<meta property=\"og:site_name\" content=\"Bantam Wankm\u00fcller SA\" \/>\n<meta property=\"article:modified_time\" content=\"2026-04-19T21:44:45+00:00\" \/>\n<meta name=\"twitter:card\" content=\"summary_large_image\" \/>\n<script type=\"application\/ld+json\" class=\"yoast-schema-graph\">{\"@context\":\"https:\\\/\\\/schema.org\",\"@graph\":[{\"@type\":\"WebPage\",\"@id\":\"https:\\\/\\\/shop.bantam.ch\\\/fr\\\/produit\\\/lampe-led-de-table-de-terrasse-eurotrail-avec-boite-a-musique-rechargeable\\\/\",\"url\":\"https:\\\/\\\/shop.bantam.ch\\\/fr\\\/produit\\\/lampe-led-de-table-de-terrasse-eurotrail-avec-boite-a-musique-rechargeable\\\/\",\"name\":\"Lampe LED de table\\\/de terrasse EuroTrail avec bo\u00eete \u00e0 musique rechargeable - Bantam Wankm\u00fcller SA\",\"isPartOf\":{\"@id\":\"https:\\\/\\\/shop.bantam.ch\\\/fr\\\/#website\"},\"primaryImageOfPage\":{\"@id\":\"https:\\\/\\\/shop.bantam.ch\\\/fr\\\/produit\\\/lampe-led-de-table-de-terrasse-eurotrail-avec-boite-a-musique-rechargeable\\\/#primaryimage\"},\"image\":{\"@id\":\"https:\\\/\\\/shop.bantam.ch\\\/fr\\\/produit\\\/lampe-led-de-table-de-terrasse-eurotrail-avec-boite-a-musique-rechargeable\\\/#primaryimage\"},\"thumbnailUrl\":\"https:\\\/\\\/shop.bantam.ch\\\/wp-content\\\/uploads\\\/2025\\\/12\\\/Movera-L-9945186100.jpg\",\"datePublished\":\"2025-12-17T13:43:46+00:00\",\"dateModified\":\"2026-04-19T21:44:45+00:00\",\"breadcrumb\":{\"@id\":\"https:\\\/\\\/shop.bantam.ch\\\/fr\\\/produit\\\/lampe-led-de-table-de-terrasse-eurotrail-avec-boite-a-musique-rechargeable\\\/#breadcrumb\"},\"inLanguage\":\"fr-FR\",\"potentialAction\":[{\"@type\":\"ReadAction\",\"target\":[\"https:\\\/\\\/shop.bantam.ch\\\/fr\\\/produit\\\/lampe-led-de-table-de-terrasse-eurotrail-avec-boite-a-musique-rechargeable\\\/\"]}]},{\"@type\":\"ImageObject\",\"inLanguage\":\"fr-FR\",\"@id\":\"https:\\\/\\\/shop.bantam.ch\\\/fr\\\/produit\\\/lampe-led-de-table-de-terrasse-eurotrail-avec-boite-a-musique-rechargeable\\\/#primaryimage\",\"url\":\"https:\\\/\\\/shop.bantam.ch\\\/wp-content\\\/uploads\\\/2025\\\/12\\\/Movera-L-9945186100.jpg\",\"contentUrl\":\"https:\\\/\\\/shop.bantam.ch\\\/wp-content\\\/uploads\\\/2025\\\/12\\\/Movera-L-9945186100.jpg\",\"width\":542,\"height\":600},{\"@type\":\"BreadcrumbList\",\"@id\":\"https:\\\/\\\/shop.bantam.ch\\\/fr\\\/produit\\\/lampe-led-de-table-de-terrasse-eurotrail-avec-boite-a-musique-rechargeable\\\/#breadcrumb\",\"itemListElement\":[{\"@type\":\"ListItem\",\"position\":1,\"name\":\"Accueil\",\"item\":\"https:\\\/\\\/shop.bantam.ch\\\/fr\\\/\"},{\"@type\":\"ListItem\",\"position\":2,\"name\":\"Boutique\",\"item\":\"https:\\\/\\\/shop.bantam.ch\\\/fr\\\/boutique\\\/\"},{\"@type\":\"ListItem\",\"position\":3,\"name\":\"Lampe LED de table\\\/de terrasse EuroTrail avec bo\u00eete \u00e0 musique rechargeable\"}]},{\"@type\":\"WebSite\",\"@id\":\"https:\\\/\\\/shop.bantam.ch\\\/fr\\\/#website\",\"url\":\"https:\\\/\\\/shop.bantam.ch\\\/fr\\\/\",\"name\":\"Bantam Wankm\u00fcller SA\",\"description\":\"\",\"publisher\":{\"@id\":\"https:\\\/\\\/shop.bantam.ch\\\/fr\\\/#organization\"},\"inLanguage\":\"fr-FR\"},{\"@type\":\"Organization\",\"@id\":\"https:\\\/\\\/shop.bantam.ch\\\/fr\\\/#organization\",\"name\":\"Bantam Wankm\u00fcller SA\",\"url\":\"https:\\\/\\\/shop.bantam.ch\\\/fr\\\/\",\"logo\":{\"@type\":\"ImageObject\",\"inLanguage\":\"fr-FR\",\"@id\":\"https:\\\/\\\/shop.bantam.ch\\\/fr\\\/#\\\/schema\\\/logo\\\/image\\\/\",\"url\":\"https:\\\/\\\/shop.bantam.ch\\\/wp-content\\\/uploads\\\/2022\\\/12\\\/bantam-logo.png\",\"contentUrl\":\"https:\\\/\\\/shop.bantam.ch\\\/wp-content\\\/uploads\\\/2022\\\/12\\\/bantam-logo.png\",\"width\":320,\"height\":71,\"caption\":\"Bantam Wankm\u00fcller SA\"},\"image\":{\"@id\":\"https:\\\/\\\/shop.bantam.ch\\\/fr\\\/#\\\/schema\\\/logo\\\/image\\\/\"}}]}<\/script>\n<!-- \/ Yoast SEO plugin. -->","yoast_head_json":{"title":"Lampe LED de table\/de terrasse EuroTrail avec bo\u00eete \u00e0 musique rechargeable - Bantam Wankm\u00fcller SA","robots":{"index":"index","follow":"follow","max-snippet":"max-snippet:-1","max-image-preview":"max-image-preview:large","max-video-preview":"max-video-preview:-1"},"canonical":"https:\/\/shop.bantam.ch\/fr\/produit\/lampe-led-de-table-de-terrasse-eurotrail-avec-boite-a-musique-rechargeable\/","og_locale":"fr_FR","og_type":"article","og_title":"Lampe LED de table\/de terrasse EuroTrail avec bo\u00eete \u00e0 musique rechargeable - Bantam Wankm\u00fcller SA","og_description":"Lampe LED rechargeable Parfait pour une utilisation dans le jardin, sur un bateau ou dans un camping Haut-parleur Bluetooth puissant avec t\u00e9l\u00e9commande dimmable 16 couleurs possibles Plastique PE D 19x23cm Recharge LI Battery 2000 (mAh) Temps de recharge : 4-6hrs Temps de puissance : 8-15hrs pour la lumi\u00e8re\/4-6 hrs pour la musique poids : 1,2 [&hellip;]","og_url":"https:\/\/shop.bantam.ch\/fr\/produit\/lampe-led-de-table-de-terrasse-eurotrail-avec-boite-a-musique-rechargeable\/","og_site_name":"Bantam Wankm\u00fcller SA","article_modified_time":"2026-04-19T21:44:45+00:00","twitter_card":"summary_large_image","schema":{"@context":"https:\/\/schema.org","@graph":[{"@type":"WebPage","@id":"https:\/\/shop.bantam.ch\/fr\/produit\/lampe-led-de-table-de-terrasse-eurotrail-avec-boite-a-musique-rechargeable\/","url":"https:\/\/shop.bantam.ch\/fr\/produit\/lampe-led-de-table-de-terrasse-eurotrail-avec-boite-a-musique-rechargeable\/","name":"Lampe LED de table\/de terrasse EuroTrail avec bo\u00eete \u00e0 musique rechargeable - Bantam Wankm\u00fcller SA","isPartOf":{"@id":"https:\/\/shop.bantam.ch\/fr\/#website"},"primaryImageOfPage":{"@id":"https:\/\/shop.bantam.ch\/fr\/produit\/lampe-led-de-table-de-terrasse-eurotrail-avec-boite-a-musique-rechargeable\/#primaryimage"},"image":{"@id":"https:\/\/shop.bantam.ch\/fr\/produit\/lampe-led-de-table-de-terrasse-eurotrail-avec-boite-a-musique-rechargeable\/#primaryimage"},"thumbnailUrl":"https:\/\/shop.bantam.ch\/wp-content\/uploads\/2025\/12\/Movera-L-9945186100.jpg","datePublished":"2025-12-17T13:43:46+00:00","dateModified":"2026-04-19T21:44:45+00:00","breadcrumb":{"@id":"https:\/\/shop.bantam.ch\/fr\/produit\/lampe-led-de-table-de-terrasse-eurotrail-avec-boite-a-musique-rechargeable\/#breadcrumb"},"inLanguage":"fr-FR","potentialAction":[{"@type":"ReadAction","target":["https:\/\/shop.bantam.ch\/fr\/produit\/lampe-led-de-table-de-terrasse-eurotrail-avec-boite-a-musique-rechargeable\/"]}]},{"@type":"ImageObject","inLanguage":"fr-FR","@id":"https:\/\/shop.bantam.ch\/fr\/produit\/lampe-led-de-table-de-terrasse-eurotrail-avec-boite-a-musique-rechargeable\/#primaryimage","url":"https:\/\/shop.bantam.ch\/wp-content\/uploads\/2025\/12\/Movera-L-9945186100.jpg","contentUrl":"https:\/\/shop.bantam.ch\/wp-content\/uploads\/2025\/12\/Movera-L-9945186100.jpg","width":542,"height":600},{"@type":"BreadcrumbList","@id":"https:\/\/shop.bantam.ch\/fr\/produit\/lampe-led-de-table-de-terrasse-eurotrail-avec-boite-a-musique-rechargeable\/#breadcrumb","itemListElement":[{"@type":"ListItem","position":1,"name":"Accueil","item":"https:\/\/shop.bantam.ch\/fr\/"},{"@type":"ListItem","position":2,"name":"Boutique","item":"https:\/\/shop.bantam.ch\/fr\/boutique\/"},{"@type":"ListItem","position":3,"name":"Lampe LED de table\/de terrasse EuroTrail avec bo\u00eete \u00e0 musique rechargeable"}]},{"@type":"WebSite","@id":"https:\/\/shop.bantam.ch\/fr\/#website","url":"https:\/\/shop.bantam.ch\/fr\/","name":"Bantam Wankm\u00fcller SA","description":"","publisher":{"@id":"https:\/\/shop.bantam.ch\/fr\/#organization"},"inLanguage":"fr-FR"},{"@type":"Organization","@id":"https:\/\/shop.bantam.ch\/fr\/#organization","name":"Bantam Wankm\u00fcller SA","url":"https:\/\/shop.bantam.ch\/fr\/","logo":{"@type":"ImageObject","inLanguage":"fr-FR","@id":"https:\/\/shop.bantam.ch\/fr\/#\/schema\/logo\/image\/","url":"https:\/\/shop.bantam.ch\/wp-content\/uploads\/2022\/12\/bantam-logo.png","contentUrl":"https:\/\/shop.bantam.ch\/wp-content\/uploads\/2022\/12\/bantam-logo.png","width":320,"height":71,"caption":"Bantam Wankm\u00fcller SA"},"image":{"@id":"https:\/\/shop.bantam.ch\/fr\/#\/schema\/logo\/image\/"}}]}},"_links":{"self":[{"href":"https:\/\/shop.bantam.ch\/fr\/wp-json\/wp\/v2\/product\/224330","targetHints":{"allow":["GET"]}}],"collection":[{"href":"https:\/\/shop.bantam.ch\/fr\/wp-json\/wp\/v2\/product"}],"about":[{"href":"https:\/\/shop.bantam.ch\/fr\/wp-json\/wp\/v2\/types\/product"}],"wp:featuredmedia":[{"embeddable":true,"href":"https:\/\/shop.bantam.ch\/fr\/wp-json\/wp\/v2\/media\/224328"}],"wp:attachment":[{"href":"https:\/\/shop.bantam.ch\/fr\/wp-json\/wp\/v2\/media?parent=224330"}],"wp:term":[{"taxonomy":"product_featured_cat","embeddable":true,"href":"https:\/\/shop.bantam.ch\/fr\/wp-json\/wp\/v2\/product_featured_cat?post=224330"},{"taxonomy":"product_brand","embeddable":true,"href":"https:\/\/shop.bantam.ch\/fr\/wp-json\/wp\/v2\/product_brand?post=224330"},{"taxonomy":"product_cat","embeddable":true,"href":"https:\/\/shop.bantam.ch\/fr\/wp-json\/wp\/v2\/product_cat?post=224330"},{"taxonomy":"product_tag","embeddable":true,"href":"https:\/\/shop.bantam.ch\/fr\/wp-json\/wp\/v2\/product_tag?post=224330"}],"curies":[{"name":"wp","href":"https:\/\/api.w.org\/{rel}","templated":true}]}}