{"id":224312,"date":"2025-12-17T14:43:16","date_gmt":"2025-12-17T13:43:16","guid":{"rendered":"https:\/\/shop.bantam.ch\/produit\/tapis-brunner-kinetic-400-vendu-en-rouleau-250-cm\/"},"modified":"2026-04-18T23:41:07","modified_gmt":"2026-04-18T21:41:07","slug":"tapis-brunner-kinetic-400-vendu-en-rouleau-250-cm","status":"publish","type":"product","link":"https:\/\/shop.bantam.ch\/fr\/produit\/tapis-brunner-kinetic-400-vendu-en-rouleau-250-cm\/","title":{"rendered":"Tapis BRUNNER Kinetic 400 Vendu en rouleau 250 cm"},"content":{"rendered":"<p>Tapis de tente de haute qualit\u00e9 parfaitement adapt\u00e9 au camping permanent et aux s\u00e9jours de courte dur\u00e9e, pour les auvents, les auvents enroulables, les toits solaires et les tentes mobiles. Fabriqu\u00e9 en fibres synth\u00e9tiques de haute qualit\u00e9, r\u00e9sistantes aux UV. Utilisable des deux c\u00f4t\u00e9s. Hydrophobe, r\u00e9sistant et facile \u00e0 nettoyer. Ne s&rsquo;effiloche pas lors de la d\u00e9coupe. Sans phtalate. Disponible en 12 tailles pr\u00e9d\u00e9coup\u00e9es et en 3 poids de tissu selon l&rsquo;utilisation.<\/p>\n<p>&#8211; Tissu sp\u00e9cial \u00e0 haute durabilit\u00e9<br \/>&#8211; R\u00e9versible<br \/>&#8211; Ne s&rsquo;effiloche pas \u00e0 la d\u00e9coupe<br \/>&#8211; R\u00e9sistant<br \/>&#8211; Hydrofuge<br \/>&#8211; Lavable<br \/>&#8211; Sans phtalate<br \/>&#8211; 400g\/m2<\/p>\n<p>Mati\u00e8re:<br \/>70 % PVC, 30 % PET<\/p>\n<p>&nbsp;<\/p>\n","protected":false},"excerpt":{"rendered":"<p>Tapis de tente de haute qualit\u00e9 parfaitement adapt\u00e9 au camping permanent et aux s\u00e9jours de courte dur\u00e9e, pour les auvents, les auvents enroulables, les toits solaires et les tentes mobiles. Fabriqu\u00e9 en fibres synth\u00e9tiques de haute qualit\u00e9, r\u00e9sistantes aux UV. Utilisable des deux c\u00f4t\u00e9s. Hydrophobe, r\u00e9sistant et facile \u00e0 nettoyer. Ne s&rsquo;effiloche pas lors de [&hellip;]<\/p>\n","protected":false},"featured_media":224302,"template":"","meta":{"_acf_changed":false},"product_featured_cat":[],"product_brand":[],"product_cat":[4261],"product_tag":[],"class_list":{"0":"post-224312","1":"product","2":"type-product","3":"status-publish","4":"has-post-thumbnail","6":"product_cat-tapis-de-tente-et-planchers","8":"first","9":"instock","10":"taxable","11":"shipping-taxable","12":"purchasable","13":"product-type-simple"},"acf":[],"yoast_head":"<!-- This site is optimized with the Yoast SEO plugin v27.4 - https:\/\/yoast.com\/product\/yoast-seo-wordpress\/ -->\n<title>Tapis BRUNNER Kinetic 400 Vendu en rouleau 250 cm - Bantam Wankm\u00fcller SA<\/title>\n<meta name=\"robots\" content=\"index, follow, max-snippet:-1, max-image-preview:large, max-video-preview:-1\" \/>\n<link rel=\"canonical\" href=\"https:\/\/shop.bantam.ch\/fr\/produit\/tapis-brunner-kinetic-400-vendu-en-rouleau-250-cm\/\" \/>\n<meta property=\"og:locale\" content=\"fr_FR\" \/>\n<meta property=\"og:type\" content=\"article\" \/>\n<meta property=\"og:title\" content=\"Tapis BRUNNER Kinetic 400 Vendu en rouleau 250 cm - Bantam Wankm\u00fcller SA\" \/>\n<meta property=\"og:description\" content=\"Tapis de tente de haute qualit\u00e9 parfaitement adapt\u00e9 au camping permanent et aux s\u00e9jours de courte dur\u00e9e, pour les auvents, les auvents enroulables, les toits solaires et les tentes mobiles. Fabriqu\u00e9 en fibres synth\u00e9tiques de haute qualit\u00e9, r\u00e9sistantes aux UV. Utilisable des deux c\u00f4t\u00e9s. Hydrophobe, r\u00e9sistant et facile \u00e0 nettoyer. Ne s&rsquo;effiloche pas lors de [&hellip;]\" \/>\n<meta property=\"og:url\" content=\"https:\/\/shop.bantam.ch\/fr\/produit\/tapis-brunner-kinetic-400-vendu-en-rouleau-250-cm\/\" \/>\n<meta property=\"og:site_name\" content=\"Bantam Wankm\u00fcller SA\" \/>\n<meta property=\"article:modified_time\" content=\"2026-04-18T21:41:07+00:00\" \/>\n<meta name=\"twitter:card\" content=\"summary_large_image\" \/>\n<meta name=\"twitter:label1\" content=\"Dur\u00e9e de lecture estim\u00e9e\" \/>\n\t<meta name=\"twitter:data1\" content=\"1 minute\" \/>\n<script type=\"application\/ld+json\" class=\"yoast-schema-graph\">{\"@context\":\"https:\\\/\\\/schema.org\",\"@graph\":[{\"@type\":\"WebPage\",\"@id\":\"https:\\\/\\\/shop.bantam.ch\\\/fr\\\/produit\\\/tapis-brunner-kinetic-400-vendu-en-rouleau-250-cm\\\/\",\"url\":\"https:\\\/\\\/shop.bantam.ch\\\/fr\\\/produit\\\/tapis-brunner-kinetic-400-vendu-en-rouleau-250-cm\\\/\",\"name\":\"Tapis BRUNNER Kinetic 400 Vendu en rouleau 250 cm - Bantam Wankm\u00fcller SA\",\"isPartOf\":{\"@id\":\"https:\\\/\\\/shop.bantam.ch\\\/fr\\\/#website\"},\"primaryImageOfPage\":{\"@id\":\"https:\\\/\\\/shop.bantam.ch\\\/fr\\\/produit\\\/tapis-brunner-kinetic-400-vendu-en-rouleau-250-cm\\\/#primaryimage\"},\"image\":{\"@id\":\"https:\\\/\\\/shop.bantam.ch\\\/fr\\\/produit\\\/tapis-brunner-kinetic-400-vendu-en-rouleau-250-cm\\\/#primaryimage\"},\"thumbnailUrl\":\"https:\\\/\\\/shop.bantam.ch\\\/wp-content\\\/uploads\\\/2025\\\/12\\\/Movera-L-9944993100.jpg\",\"datePublished\":\"2025-12-17T13:43:16+00:00\",\"dateModified\":\"2026-04-18T21:41:07+00:00\",\"breadcrumb\":{\"@id\":\"https:\\\/\\\/shop.bantam.ch\\\/fr\\\/produit\\\/tapis-brunner-kinetic-400-vendu-en-rouleau-250-cm\\\/#breadcrumb\"},\"inLanguage\":\"fr-FR\",\"potentialAction\":[{\"@type\":\"ReadAction\",\"target\":[\"https:\\\/\\\/shop.bantam.ch\\\/fr\\\/produit\\\/tapis-brunner-kinetic-400-vendu-en-rouleau-250-cm\\\/\"]}]},{\"@type\":\"ImageObject\",\"inLanguage\":\"fr-FR\",\"@id\":\"https:\\\/\\\/shop.bantam.ch\\\/fr\\\/produit\\\/tapis-brunner-kinetic-400-vendu-en-rouleau-250-cm\\\/#primaryimage\",\"url\":\"https:\\\/\\\/shop.bantam.ch\\\/wp-content\\\/uploads\\\/2025\\\/12\\\/Movera-L-9944993100.jpg\",\"contentUrl\":\"https:\\\/\\\/shop.bantam.ch\\\/wp-content\\\/uploads\\\/2025\\\/12\\\/Movera-L-9944993100.jpg\",\"width\":640,\"height\":399},{\"@type\":\"BreadcrumbList\",\"@id\":\"https:\\\/\\\/shop.bantam.ch\\\/fr\\\/produit\\\/tapis-brunner-kinetic-400-vendu-en-rouleau-250-cm\\\/#breadcrumb\",\"itemListElement\":[{\"@type\":\"ListItem\",\"position\":1,\"name\":\"Accueil\",\"item\":\"https:\\\/\\\/shop.bantam.ch\\\/fr\\\/\"},{\"@type\":\"ListItem\",\"position\":2,\"name\":\"Boutique\",\"item\":\"https:\\\/\\\/shop.bantam.ch\\\/fr\\\/boutique\\\/\"},{\"@type\":\"ListItem\",\"position\":3,\"name\":\"Tapis BRUNNER Kinetic 400 Vendu en rouleau 250 cm\"}]},{\"@type\":\"WebSite\",\"@id\":\"https:\\\/\\\/shop.bantam.ch\\\/fr\\\/#website\",\"url\":\"https:\\\/\\\/shop.bantam.ch\\\/fr\\\/\",\"name\":\"Bantam Wankm\u00fcller SA\",\"description\":\"\",\"publisher\":{\"@id\":\"https:\\\/\\\/shop.bantam.ch\\\/fr\\\/#organization\"},\"inLanguage\":\"fr-FR\"},{\"@type\":\"Organization\",\"@id\":\"https:\\\/\\\/shop.bantam.ch\\\/fr\\\/#organization\",\"name\":\"Bantam Wankm\u00fcller SA\",\"url\":\"https:\\\/\\\/shop.bantam.ch\\\/fr\\\/\",\"logo\":{\"@type\":\"ImageObject\",\"inLanguage\":\"fr-FR\",\"@id\":\"https:\\\/\\\/shop.bantam.ch\\\/fr\\\/#\\\/schema\\\/logo\\\/image\\\/\",\"url\":\"https:\\\/\\\/shop.bantam.ch\\\/wp-content\\\/uploads\\\/2022\\\/12\\\/bantam-logo.png\",\"contentUrl\":\"https:\\\/\\\/shop.bantam.ch\\\/wp-content\\\/uploads\\\/2022\\\/12\\\/bantam-logo.png\",\"width\":320,\"height\":71,\"caption\":\"Bantam Wankm\u00fcller SA\"},\"image\":{\"@id\":\"https:\\\/\\\/shop.bantam.ch\\\/fr\\\/#\\\/schema\\\/logo\\\/image\\\/\"}}]}<\/script>\n<!-- \/ Yoast SEO plugin. -->","yoast_head_json":{"title":"Tapis BRUNNER Kinetic 400 Vendu en rouleau 250 cm - Bantam Wankm\u00fcller SA","robots":{"index":"index","follow":"follow","max-snippet":"max-snippet:-1","max-image-preview":"max-image-preview:large","max-video-preview":"max-video-preview:-1"},"canonical":"https:\/\/shop.bantam.ch\/fr\/produit\/tapis-brunner-kinetic-400-vendu-en-rouleau-250-cm\/","og_locale":"fr_FR","og_type":"article","og_title":"Tapis BRUNNER Kinetic 400 Vendu en rouleau 250 cm - Bantam Wankm\u00fcller SA","og_description":"Tapis de tente de haute qualit\u00e9 parfaitement adapt\u00e9 au camping permanent et aux s\u00e9jours de courte dur\u00e9e, pour les auvents, les auvents enroulables, les toits solaires et les tentes mobiles. Fabriqu\u00e9 en fibres synth\u00e9tiques de haute qualit\u00e9, r\u00e9sistantes aux UV. Utilisable des deux c\u00f4t\u00e9s. Hydrophobe, r\u00e9sistant et facile \u00e0 nettoyer. Ne s&rsquo;effiloche pas lors de [&hellip;]","og_url":"https:\/\/shop.bantam.ch\/fr\/produit\/tapis-brunner-kinetic-400-vendu-en-rouleau-250-cm\/","og_site_name":"Bantam Wankm\u00fcller SA","article_modified_time":"2026-04-18T21:41:07+00:00","twitter_card":"summary_large_image","twitter_misc":{"Dur\u00e9e de lecture estim\u00e9e":"1 minute"},"schema":{"@context":"https:\/\/schema.org","@graph":[{"@type":"WebPage","@id":"https:\/\/shop.bantam.ch\/fr\/produit\/tapis-brunner-kinetic-400-vendu-en-rouleau-250-cm\/","url":"https:\/\/shop.bantam.ch\/fr\/produit\/tapis-brunner-kinetic-400-vendu-en-rouleau-250-cm\/","name":"Tapis BRUNNER Kinetic 400 Vendu en rouleau 250 cm - Bantam Wankm\u00fcller SA","isPartOf":{"@id":"https:\/\/shop.bantam.ch\/fr\/#website"},"primaryImageOfPage":{"@id":"https:\/\/shop.bantam.ch\/fr\/produit\/tapis-brunner-kinetic-400-vendu-en-rouleau-250-cm\/#primaryimage"},"image":{"@id":"https:\/\/shop.bantam.ch\/fr\/produit\/tapis-brunner-kinetic-400-vendu-en-rouleau-250-cm\/#primaryimage"},"thumbnailUrl":"https:\/\/shop.bantam.ch\/wp-content\/uploads\/2025\/12\/Movera-L-9944993100.jpg","datePublished":"2025-12-17T13:43:16+00:00","dateModified":"2026-04-18T21:41:07+00:00","breadcrumb":{"@id":"https:\/\/shop.bantam.ch\/fr\/produit\/tapis-brunner-kinetic-400-vendu-en-rouleau-250-cm\/#breadcrumb"},"inLanguage":"fr-FR","potentialAction":[{"@type":"ReadAction","target":["https:\/\/shop.bantam.ch\/fr\/produit\/tapis-brunner-kinetic-400-vendu-en-rouleau-250-cm\/"]}]},{"@type":"ImageObject","inLanguage":"fr-FR","@id":"https:\/\/shop.bantam.ch\/fr\/produit\/tapis-brunner-kinetic-400-vendu-en-rouleau-250-cm\/#primaryimage","url":"https:\/\/shop.bantam.ch\/wp-content\/uploads\/2025\/12\/Movera-L-9944993100.jpg","contentUrl":"https:\/\/shop.bantam.ch\/wp-content\/uploads\/2025\/12\/Movera-L-9944993100.jpg","width":640,"height":399},{"@type":"BreadcrumbList","@id":"https:\/\/shop.bantam.ch\/fr\/produit\/tapis-brunner-kinetic-400-vendu-en-rouleau-250-cm\/#breadcrumb","itemListElement":[{"@type":"ListItem","position":1,"name":"Accueil","item":"https:\/\/shop.bantam.ch\/fr\/"},{"@type":"ListItem","position":2,"name":"Boutique","item":"https:\/\/shop.bantam.ch\/fr\/boutique\/"},{"@type":"ListItem","position":3,"name":"Tapis BRUNNER Kinetic 400 Vendu en rouleau 250 cm"}]},{"@type":"WebSite","@id":"https:\/\/shop.bantam.ch\/fr\/#website","url":"https:\/\/shop.bantam.ch\/fr\/","name":"Bantam Wankm\u00fcller SA","description":"","publisher":{"@id":"https:\/\/shop.bantam.ch\/fr\/#organization"},"inLanguage":"fr-FR"},{"@type":"Organization","@id":"https:\/\/shop.bantam.ch\/fr\/#organization","name":"Bantam Wankm\u00fcller SA","url":"https:\/\/shop.bantam.ch\/fr\/","logo":{"@type":"ImageObject","inLanguage":"fr-FR","@id":"https:\/\/shop.bantam.ch\/fr\/#\/schema\/logo\/image\/","url":"https:\/\/shop.bantam.ch\/wp-content\/uploads\/2022\/12\/bantam-logo.png","contentUrl":"https:\/\/shop.bantam.ch\/wp-content\/uploads\/2022\/12\/bantam-logo.png","width":320,"height":71,"caption":"Bantam Wankm\u00fcller SA"},"image":{"@id":"https:\/\/shop.bantam.ch\/fr\/#\/schema\/logo\/image\/"}}]}},"_links":{"self":[{"href":"https:\/\/shop.bantam.ch\/fr\/wp-json\/wp\/v2\/product\/224312","targetHints":{"allow":["GET"]}}],"collection":[{"href":"https:\/\/shop.bantam.ch\/fr\/wp-json\/wp\/v2\/product"}],"about":[{"href":"https:\/\/shop.bantam.ch\/fr\/wp-json\/wp\/v2\/types\/product"}],"wp:featuredmedia":[{"embeddable":true,"href":"https:\/\/shop.bantam.ch\/fr\/wp-json\/wp\/v2\/media\/224302"}],"wp:attachment":[{"href":"https:\/\/shop.bantam.ch\/fr\/wp-json\/wp\/v2\/media?parent=224312"}],"wp:term":[{"taxonomy":"product_featured_cat","embeddable":true,"href":"https:\/\/shop.bantam.ch\/fr\/wp-json\/wp\/v2\/product_featured_cat?post=224312"},{"taxonomy":"product_brand","embeddable":true,"href":"https:\/\/shop.bantam.ch\/fr\/wp-json\/wp\/v2\/product_brand?post=224312"},{"taxonomy":"product_cat","embeddable":true,"href":"https:\/\/shop.bantam.ch\/fr\/wp-json\/wp\/v2\/product_cat?post=224312"},{"taxonomy":"product_tag","embeddable":true,"href":"https:\/\/shop.bantam.ch\/fr\/wp-json\/wp\/v2\/product_tag?post=224312"}],"curies":[{"name":"wp","href":"https:\/\/api.w.org\/{rel}","templated":true}]}}