{"id":224276,"date":"2025-12-17T14:40:40","date_gmt":"2025-12-17T13:40:40","guid":{"rendered":"https:\/\/shop.bantam.ch\/produit\/relais-phaesun-victron-cyrix-li-load-12-24-v-120-a\/"},"modified":"2026-04-17T23:37:39","modified_gmt":"2026-04-17T21:37:39","slug":"relais-phaesun-victron-cyrix-li-load-12-24-v-120-a","status":"publish","type":"product","link":"https:\/\/shop.bantam.ch\/fr\/produit\/relais-phaesun-victron-cyrix-li-load-12-24-v-120-a\/","title":{"rendered":"Relais Phaesun Victron Cyrix-Li-Load 12 \/24 V 120 A"},"content":{"rendered":"<p>Surveillance intelligente de la batterie pour \u00e9viter une commutation non souhait\u00e9e&nbsp;<br \/>\nCertains coupleurs de batterie (\u00e9galement appel\u00e9s relais command\u00e9s par la tension ou relais \u00e0 charge fractionn\u00e9e) d\u00e9connectent une batterie lorsque&nbsp;<br \/>\nune charge courte mais \u00e0 forte amplitude se produit. Parfois, un coupleur de batterie ne couple pas un banc de batteries important mais d\u00e9charg\u00e9.&nbsp;<br \/>\nparce que la tension DC chute imm\u00e9diatement en dessous du seuil de d\u00e9couplage apr\u00e8s la connexion des batteries.&nbsp;<br \/>\nont \u00e9t\u00e9 install\u00e9es.<br \/>\nLe logiciel du Cyrix-ct 12\/24 ne se contente pas de connecter et de d\u00e9connecter en fonction de la tension de batterie.&nbsp;<br \/>\ntension des piles et avec une temporisation d\u00e9finie. Le Cyrix-ct 12\/24 observe la tendance g\u00e9n\u00e9rale&nbsp;<br \/>\n(la tension augmente ou diminue) et n&rsquo;inverse une action pr\u00e9c\u00e9dente que si une tendance s&rsquo;est invers\u00e9e pendant une p\u00e9riode donn\u00e9e.&nbsp;<br \/>\ns&rsquo;est invers\u00e9e pendant une p\u00e9riode donn\u00e9e. La temporisation d\u00e9pend de la mesure dans laquelle la tension s&rsquo;\u00e9carte de la tendance.&nbsp;<br \/>\ns&rsquo;\u00e9carte de la tendance.<br \/>\nPoids : 0,12 (kg)<br \/>\nDimensions : 75 x 65 x 50 mm (LxlxH)<\/p>\n<p>Traduit avec DeepL.com (version gratuite)<\/p>\n","protected":false},"excerpt":{"rendered":"<p>Surveillance intelligente de la batterie pour \u00e9viter une commutation non souhait\u00e9e&nbsp; Certains coupleurs de batterie (\u00e9galement appel\u00e9s relais command\u00e9s par la tension ou relais \u00e0 charge fractionn\u00e9e) d\u00e9connectent une batterie lorsque&nbsp; une charge courte mais \u00e0 forte amplitude se produit. Parfois, un coupleur de batterie ne couple pas un banc de batteries important mais d\u00e9charg\u00e9.&nbsp; [&hellip;]<\/p>\n","protected":false},"featured_media":224274,"template":"","meta":{"_acf_changed":false},"product_featured_cat":[],"product_brand":[],"product_cat":[4909],"product_tag":[],"class_list":{"0":"post-224276","1":"product","2":"type-product","3":"status-publish","4":"has-post-thumbnail","6":"product_cat-boosters-de-charge","8":"first","9":"instock","10":"taxable","11":"shipping-taxable","12":"purchasable","13":"product-type-simple"},"acf":[],"yoast_head":"<!-- This site is optimized with the Yoast SEO plugin v27.4 - https:\/\/yoast.com\/product\/yoast-seo-wordpress\/ -->\n<title>Relais Phaesun Victron Cyrix-Li-Load 12 \/24 V 120 A - Bantam Wankm\u00fcller SA<\/title>\n<meta name=\"robots\" content=\"index, follow, max-snippet:-1, max-image-preview:large, max-video-preview:-1\" \/>\n<link rel=\"canonical\" href=\"https:\/\/shop.bantam.ch\/fr\/produit\/relais-phaesun-victron-cyrix-li-load-12-24-v-120-a\/\" \/>\n<meta property=\"og:locale\" content=\"fr_FR\" \/>\n<meta property=\"og:type\" content=\"article\" \/>\n<meta property=\"og:title\" content=\"Relais Phaesun Victron Cyrix-Li-Load 12 \/24 V 120 A - Bantam Wankm\u00fcller SA\" \/>\n<meta property=\"og:description\" content=\"Surveillance intelligente de la batterie pour \u00e9viter une commutation non souhait\u00e9e&nbsp; Certains coupleurs de batterie (\u00e9galement appel\u00e9s relais command\u00e9s par la tension ou relais \u00e0 charge fractionn\u00e9e) d\u00e9connectent une batterie lorsque&nbsp; une charge courte mais \u00e0 forte amplitude se produit. Parfois, un coupleur de batterie ne couple pas un banc de batteries important mais d\u00e9charg\u00e9.&nbsp; [&hellip;]\" \/>\n<meta property=\"og:url\" content=\"https:\/\/shop.bantam.ch\/fr\/produit\/relais-phaesun-victron-cyrix-li-load-12-24-v-120-a\/\" \/>\n<meta property=\"og:site_name\" content=\"Bantam Wankm\u00fcller SA\" \/>\n<meta property=\"article:modified_time\" content=\"2026-04-17T21:37:39+00:00\" \/>\n<meta name=\"twitter:card\" content=\"summary_large_image\" \/>\n<meta name=\"twitter:label1\" content=\"Dur\u00e9e de lecture estim\u00e9e\" \/>\n\t<meta name=\"twitter:data1\" content=\"1 minute\" \/>\n<script type=\"application\/ld+json\" class=\"yoast-schema-graph\">{\"@context\":\"https:\\\/\\\/schema.org\",\"@graph\":[{\"@type\":\"WebPage\",\"@id\":\"https:\\\/\\\/shop.bantam.ch\\\/fr\\\/produit\\\/relais-phaesun-victron-cyrix-li-load-12-24-v-120-a\\\/\",\"url\":\"https:\\\/\\\/shop.bantam.ch\\\/fr\\\/produit\\\/relais-phaesun-victron-cyrix-li-load-12-24-v-120-a\\\/\",\"name\":\"Relais Phaesun Victron Cyrix-Li-Load 12 \\\/24 V 120 A - Bantam Wankm\u00fcller SA\",\"isPartOf\":{\"@id\":\"https:\\\/\\\/shop.bantam.ch\\\/fr\\\/#website\"},\"primaryImageOfPage\":{\"@id\":\"https:\\\/\\\/shop.bantam.ch\\\/fr\\\/produit\\\/relais-phaesun-victron-cyrix-li-load-12-24-v-120-a\\\/#primaryimage\"},\"image\":{\"@id\":\"https:\\\/\\\/shop.bantam.ch\\\/fr\\\/produit\\\/relais-phaesun-victron-cyrix-li-load-12-24-v-120-a\\\/#primaryimage\"},\"thumbnailUrl\":\"https:\\\/\\\/shop.bantam.ch\\\/wp-content\\\/uploads\\\/2025\\\/12\\\/Movera-L-9944897100.jpg\",\"datePublished\":\"2025-12-17T13:40:40+00:00\",\"dateModified\":\"2026-04-17T21:37:39+00:00\",\"breadcrumb\":{\"@id\":\"https:\\\/\\\/shop.bantam.ch\\\/fr\\\/produit\\\/relais-phaesun-victron-cyrix-li-load-12-24-v-120-a\\\/#breadcrumb\"},\"inLanguage\":\"fr-FR\",\"potentialAction\":[{\"@type\":\"ReadAction\",\"target\":[\"https:\\\/\\\/shop.bantam.ch\\\/fr\\\/produit\\\/relais-phaesun-victron-cyrix-li-load-12-24-v-120-a\\\/\"]}]},{\"@type\":\"ImageObject\",\"inLanguage\":\"fr-FR\",\"@id\":\"https:\\\/\\\/shop.bantam.ch\\\/fr\\\/produit\\\/relais-phaesun-victron-cyrix-li-load-12-24-v-120-a\\\/#primaryimage\",\"url\":\"https:\\\/\\\/shop.bantam.ch\\\/wp-content\\\/uploads\\\/2025\\\/12\\\/Movera-L-9944897100.jpg\",\"contentUrl\":\"https:\\\/\\\/shop.bantam.ch\\\/wp-content\\\/uploads\\\/2025\\\/12\\\/Movera-L-9944897100.jpg\",\"width\":640,\"height\":427},{\"@type\":\"BreadcrumbList\",\"@id\":\"https:\\\/\\\/shop.bantam.ch\\\/fr\\\/produit\\\/relais-phaesun-victron-cyrix-li-load-12-24-v-120-a\\\/#breadcrumb\",\"itemListElement\":[{\"@type\":\"ListItem\",\"position\":1,\"name\":\"Accueil\",\"item\":\"https:\\\/\\\/shop.bantam.ch\\\/fr\\\/\"},{\"@type\":\"ListItem\",\"position\":2,\"name\":\"Boutique\",\"item\":\"https:\\\/\\\/shop.bantam.ch\\\/fr\\\/boutique\\\/\"},{\"@type\":\"ListItem\",\"position\":3,\"name\":\"Relais Phaesun Victron Cyrix-Li-Load 12 \\\/24 V 120 A\"}]},{\"@type\":\"WebSite\",\"@id\":\"https:\\\/\\\/shop.bantam.ch\\\/fr\\\/#website\",\"url\":\"https:\\\/\\\/shop.bantam.ch\\\/fr\\\/\",\"name\":\"Bantam Wankm\u00fcller SA\",\"description\":\"\",\"publisher\":{\"@id\":\"https:\\\/\\\/shop.bantam.ch\\\/fr\\\/#organization\"},\"inLanguage\":\"fr-FR\"},{\"@type\":\"Organization\",\"@id\":\"https:\\\/\\\/shop.bantam.ch\\\/fr\\\/#organization\",\"name\":\"Bantam Wankm\u00fcller SA\",\"url\":\"https:\\\/\\\/shop.bantam.ch\\\/fr\\\/\",\"logo\":{\"@type\":\"ImageObject\",\"inLanguage\":\"fr-FR\",\"@id\":\"https:\\\/\\\/shop.bantam.ch\\\/fr\\\/#\\\/schema\\\/logo\\\/image\\\/\",\"url\":\"https:\\\/\\\/shop.bantam.ch\\\/wp-content\\\/uploads\\\/2022\\\/12\\\/bantam-logo.png\",\"contentUrl\":\"https:\\\/\\\/shop.bantam.ch\\\/wp-content\\\/uploads\\\/2022\\\/12\\\/bantam-logo.png\",\"width\":320,\"height\":71,\"caption\":\"Bantam Wankm\u00fcller SA\"},\"image\":{\"@id\":\"https:\\\/\\\/shop.bantam.ch\\\/fr\\\/#\\\/schema\\\/logo\\\/image\\\/\"}}]}<\/script>\n<!-- \/ Yoast SEO plugin. -->","yoast_head_json":{"title":"Relais Phaesun Victron Cyrix-Li-Load 12 \/24 V 120 A - Bantam Wankm\u00fcller SA","robots":{"index":"index","follow":"follow","max-snippet":"max-snippet:-1","max-image-preview":"max-image-preview:large","max-video-preview":"max-video-preview:-1"},"canonical":"https:\/\/shop.bantam.ch\/fr\/produit\/relais-phaesun-victron-cyrix-li-load-12-24-v-120-a\/","og_locale":"fr_FR","og_type":"article","og_title":"Relais Phaesun Victron Cyrix-Li-Load 12 \/24 V 120 A - Bantam Wankm\u00fcller SA","og_description":"Surveillance intelligente de la batterie pour \u00e9viter une commutation non souhait\u00e9e&nbsp; Certains coupleurs de batterie (\u00e9galement appel\u00e9s relais command\u00e9s par la tension ou relais \u00e0 charge fractionn\u00e9e) d\u00e9connectent une batterie lorsque&nbsp; une charge courte mais \u00e0 forte amplitude se produit. Parfois, un coupleur de batterie ne couple pas un banc de batteries important mais d\u00e9charg\u00e9.&nbsp; [&hellip;]","og_url":"https:\/\/shop.bantam.ch\/fr\/produit\/relais-phaesun-victron-cyrix-li-load-12-24-v-120-a\/","og_site_name":"Bantam Wankm\u00fcller SA","article_modified_time":"2026-04-17T21:37:39+00:00","twitter_card":"summary_large_image","twitter_misc":{"Dur\u00e9e de lecture estim\u00e9e":"1 minute"},"schema":{"@context":"https:\/\/schema.org","@graph":[{"@type":"WebPage","@id":"https:\/\/shop.bantam.ch\/fr\/produit\/relais-phaesun-victron-cyrix-li-load-12-24-v-120-a\/","url":"https:\/\/shop.bantam.ch\/fr\/produit\/relais-phaesun-victron-cyrix-li-load-12-24-v-120-a\/","name":"Relais Phaesun Victron Cyrix-Li-Load 12 \/24 V 120 A - Bantam Wankm\u00fcller SA","isPartOf":{"@id":"https:\/\/shop.bantam.ch\/fr\/#website"},"primaryImageOfPage":{"@id":"https:\/\/shop.bantam.ch\/fr\/produit\/relais-phaesun-victron-cyrix-li-load-12-24-v-120-a\/#primaryimage"},"image":{"@id":"https:\/\/shop.bantam.ch\/fr\/produit\/relais-phaesun-victron-cyrix-li-load-12-24-v-120-a\/#primaryimage"},"thumbnailUrl":"https:\/\/shop.bantam.ch\/wp-content\/uploads\/2025\/12\/Movera-L-9944897100.jpg","datePublished":"2025-12-17T13:40:40+00:00","dateModified":"2026-04-17T21:37:39+00:00","breadcrumb":{"@id":"https:\/\/shop.bantam.ch\/fr\/produit\/relais-phaesun-victron-cyrix-li-load-12-24-v-120-a\/#breadcrumb"},"inLanguage":"fr-FR","potentialAction":[{"@type":"ReadAction","target":["https:\/\/shop.bantam.ch\/fr\/produit\/relais-phaesun-victron-cyrix-li-load-12-24-v-120-a\/"]}]},{"@type":"ImageObject","inLanguage":"fr-FR","@id":"https:\/\/shop.bantam.ch\/fr\/produit\/relais-phaesun-victron-cyrix-li-load-12-24-v-120-a\/#primaryimage","url":"https:\/\/shop.bantam.ch\/wp-content\/uploads\/2025\/12\/Movera-L-9944897100.jpg","contentUrl":"https:\/\/shop.bantam.ch\/wp-content\/uploads\/2025\/12\/Movera-L-9944897100.jpg","width":640,"height":427},{"@type":"BreadcrumbList","@id":"https:\/\/shop.bantam.ch\/fr\/produit\/relais-phaesun-victron-cyrix-li-load-12-24-v-120-a\/#breadcrumb","itemListElement":[{"@type":"ListItem","position":1,"name":"Accueil","item":"https:\/\/shop.bantam.ch\/fr\/"},{"@type":"ListItem","position":2,"name":"Boutique","item":"https:\/\/shop.bantam.ch\/fr\/boutique\/"},{"@type":"ListItem","position":3,"name":"Relais Phaesun Victron Cyrix-Li-Load 12 \/24 V 120 A"}]},{"@type":"WebSite","@id":"https:\/\/shop.bantam.ch\/fr\/#website","url":"https:\/\/shop.bantam.ch\/fr\/","name":"Bantam Wankm\u00fcller SA","description":"","publisher":{"@id":"https:\/\/shop.bantam.ch\/fr\/#organization"},"inLanguage":"fr-FR"},{"@type":"Organization","@id":"https:\/\/shop.bantam.ch\/fr\/#organization","name":"Bantam Wankm\u00fcller SA","url":"https:\/\/shop.bantam.ch\/fr\/","logo":{"@type":"ImageObject","inLanguage":"fr-FR","@id":"https:\/\/shop.bantam.ch\/fr\/#\/schema\/logo\/image\/","url":"https:\/\/shop.bantam.ch\/wp-content\/uploads\/2022\/12\/bantam-logo.png","contentUrl":"https:\/\/shop.bantam.ch\/wp-content\/uploads\/2022\/12\/bantam-logo.png","width":320,"height":71,"caption":"Bantam Wankm\u00fcller SA"},"image":{"@id":"https:\/\/shop.bantam.ch\/fr\/#\/schema\/logo\/image\/"}}]}},"_links":{"self":[{"href":"https:\/\/shop.bantam.ch\/fr\/wp-json\/wp\/v2\/product\/224276","targetHints":{"allow":["GET"]}}],"collection":[{"href":"https:\/\/shop.bantam.ch\/fr\/wp-json\/wp\/v2\/product"}],"about":[{"href":"https:\/\/shop.bantam.ch\/fr\/wp-json\/wp\/v2\/types\/product"}],"wp:featuredmedia":[{"embeddable":true,"href":"https:\/\/shop.bantam.ch\/fr\/wp-json\/wp\/v2\/media\/224274"}],"wp:attachment":[{"href":"https:\/\/shop.bantam.ch\/fr\/wp-json\/wp\/v2\/media?parent=224276"}],"wp:term":[{"taxonomy":"product_featured_cat","embeddable":true,"href":"https:\/\/shop.bantam.ch\/fr\/wp-json\/wp\/v2\/product_featured_cat?post=224276"},{"taxonomy":"product_brand","embeddable":true,"href":"https:\/\/shop.bantam.ch\/fr\/wp-json\/wp\/v2\/product_brand?post=224276"},{"taxonomy":"product_cat","embeddable":true,"href":"https:\/\/shop.bantam.ch\/fr\/wp-json\/wp\/v2\/product_cat?post=224276"},{"taxonomy":"product_tag","embeddable":true,"href":"https:\/\/shop.bantam.ch\/fr\/wp-json\/wp\/v2\/product_tag?post=224276"}],"curies":[{"name":"wp","href":"https:\/\/api.w.org\/{rel}","templated":true}]}}