{"id":224272,"date":"2025-12-17T14:40:32","date_gmt":"2025-12-17T13:40:32","guid":{"rendered":"https:\/\/shop.bantam.ch\/produit\/agm-batterie-banner-80ah-12v\/"},"modified":"2026-04-17T23:37:39","modified_gmt":"2026-04-17T21:37:39","slug":"agm-batterie-banner-80ah-12v","status":"publish","type":"product","link":"https:\/\/shop.bantam.ch\/fr\/produit\/agm-batterie-banner-80ah-12v\/","title":{"rendered":"AGM Batterie Banner 80Ah \/ 12V"},"content":{"rendered":"<p>La Running Bull de Banner, une batterie AGM haute performance pour les technologies Start-Stop et les v\u00e9hicules aux exigences les plus \u00e9lev\u00e9es. Cette batterie AGM absolument fiable et r\u00e9sistante au cyclage pr\u00e9sente un fort rapport qualit\u00e9\/prix. Convient \u00e0 l&rsquo;utilisation quotidienne d&rsquo;alimentation et de d\u00e9marrage dans les v\u00e9hicules haut de gamme avec de nombreux \u00e9quipements sp\u00e9ciaux et les v\u00e9hicules \u00e9quip\u00e9s de la technologie Start-Stop. La Running Bull, qui ne n\u00e9cessite aucun entretien, est une batterie AGM ou une batterie \u00ab\u00a0VRLA\u00a0\u00bb ou \u00ab\u00a0Vlies\u00a0\u00bb de derni\u00e8re g\u00e9n\u00e9ration. Gr\u00e2ce \u00e0 son courant de d\u00e9marrage \u00e9lev\u00e9, cette batterie peut \u00eatre utilis\u00e9e aussi bien comme batterie de d\u00e9marrage que comme batterie de r\u00e9seau de bord gr\u00e2ce \u00e0 sa technologie AGM. En m\u00eame temps, elle peut \u00eatre install\u00e9e aussi bien \u00e0 l&rsquo;horizontale qu&rsquo;\u00e0 la verticale, toute fuite \u00e9tant impossible. Gr\u00e2ce \u00e0 la commande de surpression VRLA, un fonctionnement sans souci est garanti, quelle que soit la position de montage.<\/p>\n<p>Caract\u00e9ristiques :<\/p>\n<ul>\n<li>Batterie non tiss\u00e9e \u00e0 r\u00e9gulation par vanne (VRLA)<\/li>\n<li>Offre de 6 types de capacit\u00e9 de 50 Ah \u00e0 105 Ah<\/li>\n<li>Jusqu&rsquo;\u00e0 360.000 d\u00e9marrages de moteur<\/li>\n<li>Double r\u00e9sistance au cyclage par rapport \u00e0 la batterie \u00e0 d\u00e9charge lente Energy Bull : classification la plus \u00e9lev\u00e9e M3 selon EN 50342-1<\/li>\n<li>Triple r\u00e9sistance au cyclage par rapport aux batteries de d\u00e9marrage traditionnelles : classification la plus \u00e9lev\u00e9e M3 selon EN 50342-1.<\/li>\n<li>R\u00e9sistance aux fuites gr\u00e2ce \u00e0 l&rsquo;\u00e9lectrolyte li\u00e9 dans le voile de verre (Absorbent Glass Mat)<\/li>\n<li>Absolument sans entretien gr\u00e2ce \u00e0 la technique de recombinaison<\/li>\n<li>R\u00e9sistance aux vibrations la plus \u00e9lev\u00e9e V3 selon EN 50342-1<\/li>\n<li>Puissance de d\u00e9marrage maximale gr\u00e2ce \u00e0 une r\u00e9sistance interne tr\u00e8s faible<\/li>\n<li>Montage possible en position lat\u00e9rale (angle d&rsquo;inclinaison de 90\u00b0 max.)<\/li>\n<li>Utilisation flexible comme batterie de d\u00e9marrage et de r\u00e9seau de bord<\/li>\n<\/ul>\n","protected":false},"excerpt":{"rendered":"<p>La Running Bull de Banner, une batterie AGM haute performance pour les technologies Start-Stop et les v\u00e9hicules aux exigences les plus \u00e9lev\u00e9es. Cette batterie AGM absolument fiable et r\u00e9sistante au cyclage pr\u00e9sente un fort rapport qualit\u00e9\/prix. Convient \u00e0 l&rsquo;utilisation quotidienne d&rsquo;alimentation et de d\u00e9marrage dans les v\u00e9hicules haut de gamme avec de nombreux \u00e9quipements sp\u00e9ciaux [&hellip;]<\/p>\n","protected":false},"featured_media":224270,"template":"","meta":{"_acf_changed":false},"product_featured_cat":[],"product_brand":[],"product_cat":[4903],"product_tag":[],"class_list":{"0":"post-224272","1":"product","2":"type-product","3":"status-publish","4":"has-post-thumbnail","6":"product_cat-batteries-de-bord","8":"first","9":"instock","10":"taxable","11":"shipping-taxable","12":"purchasable","13":"product-type-simple"},"acf":[],"yoast_head":"<!-- This site is optimized with the Yoast SEO plugin v27.4 - https:\/\/yoast.com\/product\/yoast-seo-wordpress\/ -->\n<title>AGM Batterie Banner 80Ah \/ 12V - Bantam Wankm\u00fcller SA<\/title>\n<meta name=\"robots\" content=\"index, follow, max-snippet:-1, max-image-preview:large, max-video-preview:-1\" \/>\n<link rel=\"canonical\" href=\"https:\/\/shop.bantam.ch\/fr\/produit\/agm-batterie-banner-80ah-12v\/\" \/>\n<meta property=\"og:locale\" content=\"fr_FR\" \/>\n<meta property=\"og:type\" content=\"article\" \/>\n<meta property=\"og:title\" content=\"AGM Batterie Banner 80Ah \/ 12V - Bantam Wankm\u00fcller SA\" \/>\n<meta property=\"og:description\" content=\"La Running Bull de Banner, une batterie AGM haute performance pour les technologies Start-Stop et les v\u00e9hicules aux exigences les plus \u00e9lev\u00e9es. Cette batterie AGM absolument fiable et r\u00e9sistante au cyclage pr\u00e9sente un fort rapport qualit\u00e9\/prix. Convient \u00e0 l&rsquo;utilisation quotidienne d&rsquo;alimentation et de d\u00e9marrage dans les v\u00e9hicules haut de gamme avec de nombreux \u00e9quipements sp\u00e9ciaux [&hellip;]\" \/>\n<meta property=\"og:url\" content=\"https:\/\/shop.bantam.ch\/fr\/produit\/agm-batterie-banner-80ah-12v\/\" \/>\n<meta property=\"og:site_name\" content=\"Bantam Wankm\u00fcller SA\" \/>\n<meta property=\"article:modified_time\" content=\"2026-04-17T21:37:39+00:00\" \/>\n<meta name=\"twitter:card\" content=\"summary_large_image\" \/>\n<meta name=\"twitter:label1\" content=\"Dur\u00e9e de lecture estim\u00e9e\" \/>\n\t<meta name=\"twitter:data1\" content=\"2 minutes\" \/>\n<script type=\"application\/ld+json\" class=\"yoast-schema-graph\">{\"@context\":\"https:\\\/\\\/schema.org\",\"@graph\":[{\"@type\":\"WebPage\",\"@id\":\"https:\\\/\\\/shop.bantam.ch\\\/fr\\\/produit\\\/agm-batterie-banner-80ah-12v\\\/\",\"url\":\"https:\\\/\\\/shop.bantam.ch\\\/fr\\\/produit\\\/agm-batterie-banner-80ah-12v\\\/\",\"name\":\"AGM Batterie Banner 80Ah \\\/ 12V - Bantam Wankm\u00fcller SA\",\"isPartOf\":{\"@id\":\"https:\\\/\\\/shop.bantam.ch\\\/fr\\\/#website\"},\"primaryImageOfPage\":{\"@id\":\"https:\\\/\\\/shop.bantam.ch\\\/fr\\\/produit\\\/agm-batterie-banner-80ah-12v\\\/#primaryimage\"},\"image\":{\"@id\":\"https:\\\/\\\/shop.bantam.ch\\\/fr\\\/produit\\\/agm-batterie-banner-80ah-12v\\\/#primaryimage\"},\"thumbnailUrl\":\"https:\\\/\\\/shop.bantam.ch\\\/wp-content\\\/uploads\\\/2025\\\/12\\\/Movera-L-9944845100.jpg\",\"datePublished\":\"2025-12-17T13:40:32+00:00\",\"dateModified\":\"2026-04-17T21:37:39+00:00\",\"breadcrumb\":{\"@id\":\"https:\\\/\\\/shop.bantam.ch\\\/fr\\\/produit\\\/agm-batterie-banner-80ah-12v\\\/#breadcrumb\"},\"inLanguage\":\"fr-FR\",\"potentialAction\":[{\"@type\":\"ReadAction\",\"target\":[\"https:\\\/\\\/shop.bantam.ch\\\/fr\\\/produit\\\/agm-batterie-banner-80ah-12v\\\/\"]}]},{\"@type\":\"ImageObject\",\"inLanguage\":\"fr-FR\",\"@id\":\"https:\\\/\\\/shop.bantam.ch\\\/fr\\\/produit\\\/agm-batterie-banner-80ah-12v\\\/#primaryimage\",\"url\":\"https:\\\/\\\/shop.bantam.ch\\\/wp-content\\\/uploads\\\/2025\\\/12\\\/Movera-L-9944845100.jpg\",\"contentUrl\":\"https:\\\/\\\/shop.bantam.ch\\\/wp-content\\\/uploads\\\/2025\\\/12\\\/Movera-L-9944845100.jpg\",\"width\":640,\"height\":640},{\"@type\":\"BreadcrumbList\",\"@id\":\"https:\\\/\\\/shop.bantam.ch\\\/fr\\\/produit\\\/agm-batterie-banner-80ah-12v\\\/#breadcrumb\",\"itemListElement\":[{\"@type\":\"ListItem\",\"position\":1,\"name\":\"Accueil\",\"item\":\"https:\\\/\\\/shop.bantam.ch\\\/fr\\\/\"},{\"@type\":\"ListItem\",\"position\":2,\"name\":\"Boutique\",\"item\":\"https:\\\/\\\/shop.bantam.ch\\\/fr\\\/boutique\\\/\"},{\"@type\":\"ListItem\",\"position\":3,\"name\":\"AGM Batterie Banner 80Ah \\\/ 12V\"}]},{\"@type\":\"WebSite\",\"@id\":\"https:\\\/\\\/shop.bantam.ch\\\/fr\\\/#website\",\"url\":\"https:\\\/\\\/shop.bantam.ch\\\/fr\\\/\",\"name\":\"Bantam Wankm\u00fcller SA\",\"description\":\"\",\"publisher\":{\"@id\":\"https:\\\/\\\/shop.bantam.ch\\\/fr\\\/#organization\"},\"inLanguage\":\"fr-FR\"},{\"@type\":\"Organization\",\"@id\":\"https:\\\/\\\/shop.bantam.ch\\\/fr\\\/#organization\",\"name\":\"Bantam Wankm\u00fcller SA\",\"url\":\"https:\\\/\\\/shop.bantam.ch\\\/fr\\\/\",\"logo\":{\"@type\":\"ImageObject\",\"inLanguage\":\"fr-FR\",\"@id\":\"https:\\\/\\\/shop.bantam.ch\\\/fr\\\/#\\\/schema\\\/logo\\\/image\\\/\",\"url\":\"https:\\\/\\\/shop.bantam.ch\\\/wp-content\\\/uploads\\\/2022\\\/12\\\/bantam-logo.png\",\"contentUrl\":\"https:\\\/\\\/shop.bantam.ch\\\/wp-content\\\/uploads\\\/2022\\\/12\\\/bantam-logo.png\",\"width\":320,\"height\":71,\"caption\":\"Bantam Wankm\u00fcller SA\"},\"image\":{\"@id\":\"https:\\\/\\\/shop.bantam.ch\\\/fr\\\/#\\\/schema\\\/logo\\\/image\\\/\"}}]}<\/script>\n<!-- \/ Yoast SEO plugin. -->","yoast_head_json":{"title":"AGM Batterie Banner 80Ah \/ 12V - Bantam Wankm\u00fcller SA","robots":{"index":"index","follow":"follow","max-snippet":"max-snippet:-1","max-image-preview":"max-image-preview:large","max-video-preview":"max-video-preview:-1"},"canonical":"https:\/\/shop.bantam.ch\/fr\/produit\/agm-batterie-banner-80ah-12v\/","og_locale":"fr_FR","og_type":"article","og_title":"AGM Batterie Banner 80Ah \/ 12V - Bantam Wankm\u00fcller SA","og_description":"La Running Bull de Banner, une batterie AGM haute performance pour les technologies Start-Stop et les v\u00e9hicules aux exigences les plus \u00e9lev\u00e9es. Cette batterie AGM absolument fiable et r\u00e9sistante au cyclage pr\u00e9sente un fort rapport qualit\u00e9\/prix. Convient \u00e0 l&rsquo;utilisation quotidienne d&rsquo;alimentation et de d\u00e9marrage dans les v\u00e9hicules haut de gamme avec de nombreux \u00e9quipements sp\u00e9ciaux [&hellip;]","og_url":"https:\/\/shop.bantam.ch\/fr\/produit\/agm-batterie-banner-80ah-12v\/","og_site_name":"Bantam Wankm\u00fcller SA","article_modified_time":"2026-04-17T21:37:39+00:00","twitter_card":"summary_large_image","twitter_misc":{"Dur\u00e9e de lecture estim\u00e9e":"2 minutes"},"schema":{"@context":"https:\/\/schema.org","@graph":[{"@type":"WebPage","@id":"https:\/\/shop.bantam.ch\/fr\/produit\/agm-batterie-banner-80ah-12v\/","url":"https:\/\/shop.bantam.ch\/fr\/produit\/agm-batterie-banner-80ah-12v\/","name":"AGM Batterie Banner 80Ah \/ 12V - Bantam Wankm\u00fcller SA","isPartOf":{"@id":"https:\/\/shop.bantam.ch\/fr\/#website"},"primaryImageOfPage":{"@id":"https:\/\/shop.bantam.ch\/fr\/produit\/agm-batterie-banner-80ah-12v\/#primaryimage"},"image":{"@id":"https:\/\/shop.bantam.ch\/fr\/produit\/agm-batterie-banner-80ah-12v\/#primaryimage"},"thumbnailUrl":"https:\/\/shop.bantam.ch\/wp-content\/uploads\/2025\/12\/Movera-L-9944845100.jpg","datePublished":"2025-12-17T13:40:32+00:00","dateModified":"2026-04-17T21:37:39+00:00","breadcrumb":{"@id":"https:\/\/shop.bantam.ch\/fr\/produit\/agm-batterie-banner-80ah-12v\/#breadcrumb"},"inLanguage":"fr-FR","potentialAction":[{"@type":"ReadAction","target":["https:\/\/shop.bantam.ch\/fr\/produit\/agm-batterie-banner-80ah-12v\/"]}]},{"@type":"ImageObject","inLanguage":"fr-FR","@id":"https:\/\/shop.bantam.ch\/fr\/produit\/agm-batterie-banner-80ah-12v\/#primaryimage","url":"https:\/\/shop.bantam.ch\/wp-content\/uploads\/2025\/12\/Movera-L-9944845100.jpg","contentUrl":"https:\/\/shop.bantam.ch\/wp-content\/uploads\/2025\/12\/Movera-L-9944845100.jpg","width":640,"height":640},{"@type":"BreadcrumbList","@id":"https:\/\/shop.bantam.ch\/fr\/produit\/agm-batterie-banner-80ah-12v\/#breadcrumb","itemListElement":[{"@type":"ListItem","position":1,"name":"Accueil","item":"https:\/\/shop.bantam.ch\/fr\/"},{"@type":"ListItem","position":2,"name":"Boutique","item":"https:\/\/shop.bantam.ch\/fr\/boutique\/"},{"@type":"ListItem","position":3,"name":"AGM Batterie Banner 80Ah \/ 12V"}]},{"@type":"WebSite","@id":"https:\/\/shop.bantam.ch\/fr\/#website","url":"https:\/\/shop.bantam.ch\/fr\/","name":"Bantam Wankm\u00fcller SA","description":"","publisher":{"@id":"https:\/\/shop.bantam.ch\/fr\/#organization"},"inLanguage":"fr-FR"},{"@type":"Organization","@id":"https:\/\/shop.bantam.ch\/fr\/#organization","name":"Bantam Wankm\u00fcller SA","url":"https:\/\/shop.bantam.ch\/fr\/","logo":{"@type":"ImageObject","inLanguage":"fr-FR","@id":"https:\/\/shop.bantam.ch\/fr\/#\/schema\/logo\/image\/","url":"https:\/\/shop.bantam.ch\/wp-content\/uploads\/2022\/12\/bantam-logo.png","contentUrl":"https:\/\/shop.bantam.ch\/wp-content\/uploads\/2022\/12\/bantam-logo.png","width":320,"height":71,"caption":"Bantam Wankm\u00fcller SA"},"image":{"@id":"https:\/\/shop.bantam.ch\/fr\/#\/schema\/logo\/image\/"}}]}},"_links":{"self":[{"href":"https:\/\/shop.bantam.ch\/fr\/wp-json\/wp\/v2\/product\/224272","targetHints":{"allow":["GET"]}}],"collection":[{"href":"https:\/\/shop.bantam.ch\/fr\/wp-json\/wp\/v2\/product"}],"about":[{"href":"https:\/\/shop.bantam.ch\/fr\/wp-json\/wp\/v2\/types\/product"}],"wp:featuredmedia":[{"embeddable":true,"href":"https:\/\/shop.bantam.ch\/fr\/wp-json\/wp\/v2\/media\/224270"}],"wp:attachment":[{"href":"https:\/\/shop.bantam.ch\/fr\/wp-json\/wp\/v2\/media?parent=224272"}],"wp:term":[{"taxonomy":"product_featured_cat","embeddable":true,"href":"https:\/\/shop.bantam.ch\/fr\/wp-json\/wp\/v2\/product_featured_cat?post=224272"},{"taxonomy":"product_brand","embeddable":true,"href":"https:\/\/shop.bantam.ch\/fr\/wp-json\/wp\/v2\/product_brand?post=224272"},{"taxonomy":"product_cat","embeddable":true,"href":"https:\/\/shop.bantam.ch\/fr\/wp-json\/wp\/v2\/product_cat?post=224272"},{"taxonomy":"product_tag","embeddable":true,"href":"https:\/\/shop.bantam.ch\/fr\/wp-json\/wp\/v2\/product_tag?post=224272"}],"curies":[{"name":"wp","href":"https:\/\/api.w.org\/{rel}","templated":true}]}}