{"id":224226,"date":"2025-12-17T14:39:13","date_gmt":"2025-12-17T13:39:13","guid":{"rendered":"https:\/\/shop.bantam.ch\/produit\/glaciere-eco-m\/"},"modified":"2026-04-20T02:22:27","modified_gmt":"2026-04-20T00:22:27","slug":"glaciere-eco-m","status":"publish","type":"product","link":"https:\/\/shop.bantam.ch\/fr\/produit\/glaciere-eco-m\/","title":{"rendered":"Glaci\u00e8re Eco+ M"},"content":{"rendered":"<p>Glaci\u00e8re QOOL Box Eco+&nbsp;: le miracle thermique durable&nbsp;!<br \/>\nEn d\u00e9placement toute la journ\u00e9e, sans \u00e9lectricit\u00e9&nbsp;? Aucun probl\u00e8me avec la glaci\u00e8re QOOL Box Eco+. Cette glaci\u00e8re passive est le compagnon id\u00e9al et fiable de chacune de vos aventures en ext\u00e9rieur. Gr\u00e2ce \u00e0 l\u2019isolation high-tech \u00e0 base de panneaux isolants sous vide sur tous les c\u00f4t\u00e9s, au fond et sur le couvercle, et \u00e0 la technologie de refroidissement innovante QOOL Temperature Element, vous pouvez conserver vos aliments au frais jusqu\u2019\u00e0 10&nbsp;jours, sans courant, quelle que soit la zone climatique, dans le monde entier. La glaci\u00e8re QOOL Box Eco+ est une \u00e9dition sp\u00e9ciale durable&nbsp;: L\u2019ext\u00e9rieur est compos\u00e9 d\u2019au mat\u00e9riaux recycl\u00e9s. Tous les composants de la glaci\u00e8re QOOL Box Eco+ sont recyclables, comme la version d\u2019origine, et sont fabriqu\u00e9s en Allemagne dans le respect de l\u2019environnement avec des sous-traitants locaux.<\/p>\n<p>QOOL Box Temperature Elements<br \/>\nLa glaci\u00e8re QOOL Box Temperature Elements contient des mat\u00e9riaux appel\u00e9s Phase Change Material qui peuvent absorber ou transmettre de l\u2019\u00e9nergie \u00e0 une temp\u00e9rature donn\u00e9e. En fonction de la plage de temp\u00e9ratures n\u00e9cessaire pour conserver vos aliments au frais, vous pouvez s\u00e9lectionner diff\u00e9rents QOOL Temperature Elements.<\/p>\n<p>Plages de temp\u00e9ratures disponibles<br \/>\nFrozen (cong\u00e9lation standard) (-20&nbsp;\u00b0C \u00e0 -10&nbsp;\u00b0C) pour le transport de tous les aliments surgel\u00e9s, id\u00e9al pour les cr\u00e8mes glac\u00e9es.<br \/>\nCool (froid standard) (-2&nbsp;\u00b0C \u00e0 +2&nbsp;\u00b0C) pour le transport de denr\u00e9es sensibles, comme le poisson frais ou la viande.<br \/>\nFresh (froid contr\u00f4l\u00e9) (+2&nbsp;\u00b0C \u00e0 +8&nbsp;\u00b0C) pour la plupart des boissons ou denr\u00e9es p\u00e9rissables en dehors d\u2019un r\u00e9frig\u00e9rateur, mais aussi pour des m\u00e9dicaments \u00e0 conserver au frais.<\/p>\n<p>Les atouts en bref&nbsp;:<\/p>\n<ul>\n<li>Fonctionne sans \u00e9lectricit\u00e9<\/li>\n<li>Pr\u00e9serve une temp\u00e9rature constante pendant 10&nbsp;jours<\/li>\n<li>Tous les composants sont recyclables<\/li>\n<li>L\u2019ext\u00e9rieur est compos\u00e9 d\u2019au mat\u00e9riaux recycl\u00e9s<\/li>\n<li>Made in Germany<\/li>\n<\/ul>\n<p>Le kit pratique QOOL-Bundle, compos\u00e9 d\u2019une glaci\u00e8re et d\u2019un lot de composants adapt\u00e9s Temperature Elements, est id\u00e9al pour se lancer dans l\u2019univers du refroidissement sous vide.<\/p>\n","protected":false},"excerpt":{"rendered":"<p>Glaci\u00e8re QOOL Box Eco+&nbsp;: le miracle thermique durable&nbsp;! En d\u00e9placement toute la journ\u00e9e, sans \u00e9lectricit\u00e9&nbsp;? Aucun probl\u00e8me avec la glaci\u00e8re QOOL Box Eco+. Cette glaci\u00e8re passive est le compagnon id\u00e9al et fiable de chacune de vos aventures en ext\u00e9rieur. Gr\u00e2ce \u00e0 l\u2019isolation high-tech \u00e0 base de panneaux isolants sous vide sur tous les c\u00f4t\u00e9s, au [&hellip;]<\/p>\n","protected":false},"featured_media":224222,"template":"","meta":{"_acf_changed":false},"product_featured_cat":[],"product_brand":[],"product_cat":[4085],"product_tag":[],"class_list":{"0":"post-224226","1":"product","2":"type-product","3":"status-publish","4":"has-post-thumbnail","6":"product_cat-glacieres-passives-et-sacs","8":"first","9":"instock","10":"taxable","11":"shipping-taxable","12":"purchasable","13":"product-type-variable"},"acf":[],"yoast_head":"<!-- This site is optimized with the Yoast SEO plugin v27.4 - https:\/\/yoast.com\/product\/yoast-seo-wordpress\/ -->\n<title>Glaci\u00e8re Eco+ M - Bantam Wankm\u00fcller SA<\/title>\n<meta name=\"robots\" content=\"index, follow, max-snippet:-1, max-image-preview:large, max-video-preview:-1\" \/>\n<link rel=\"canonical\" href=\"https:\/\/shop.bantam.ch\/fr\/produit\/glaciere-eco-m\/\" \/>\n<meta property=\"og:locale\" content=\"fr_FR\" \/>\n<meta property=\"og:type\" content=\"article\" \/>\n<meta property=\"og:title\" content=\"Glaci\u00e8re Eco+ M - Bantam Wankm\u00fcller SA\" \/>\n<meta property=\"og:description\" content=\"Glaci\u00e8re QOOL Box Eco+&nbsp;: le miracle thermique durable&nbsp;! En d\u00e9placement toute la journ\u00e9e, sans \u00e9lectricit\u00e9&nbsp;? Aucun probl\u00e8me avec la glaci\u00e8re QOOL Box Eco+. Cette glaci\u00e8re passive est le compagnon id\u00e9al et fiable de chacune de vos aventures en ext\u00e9rieur. Gr\u00e2ce \u00e0 l\u2019isolation high-tech \u00e0 base de panneaux isolants sous vide sur tous les c\u00f4t\u00e9s, au [&hellip;]\" \/>\n<meta property=\"og:url\" content=\"https:\/\/shop.bantam.ch\/fr\/produit\/glaciere-eco-m\/\" \/>\n<meta property=\"og:site_name\" content=\"Bantam Wankm\u00fcller SA\" \/>\n<meta property=\"article:modified_time\" content=\"2026-04-20T00:22:27+00:00\" \/>\n<meta name=\"twitter:card\" content=\"summary_large_image\" \/>\n<meta name=\"twitter:label1\" content=\"Dur\u00e9e de lecture estim\u00e9e\" \/>\n\t<meta name=\"twitter:data1\" content=\"2 minutes\" \/>\n<script type=\"application\/ld+json\" class=\"yoast-schema-graph\">{\"@context\":\"https:\\\/\\\/schema.org\",\"@graph\":[{\"@type\":\"WebPage\",\"@id\":\"https:\\\/\\\/shop.bantam.ch\\\/fr\\\/produit\\\/glaciere-eco-m\\\/\",\"url\":\"https:\\\/\\\/shop.bantam.ch\\\/fr\\\/produit\\\/glaciere-eco-m\\\/\",\"name\":\"Glaci\u00e8re Eco+ M - Bantam Wankm\u00fcller SA\",\"isPartOf\":{\"@id\":\"https:\\\/\\\/shop.bantam.ch\\\/fr\\\/#website\"},\"primaryImageOfPage\":{\"@id\":\"https:\\\/\\\/shop.bantam.ch\\\/fr\\\/produit\\\/glaciere-eco-m\\\/#primaryimage\"},\"image\":{\"@id\":\"https:\\\/\\\/shop.bantam.ch\\\/fr\\\/produit\\\/glaciere-eco-m\\\/#primaryimage\"},\"thumbnailUrl\":\"https:\\\/\\\/shop.bantam.ch\\\/wp-content\\\/uploads\\\/2025\\\/12\\\/Movera-L-9943923100.jpg\",\"datePublished\":\"2025-12-17T13:39:13+00:00\",\"dateModified\":\"2026-04-20T00:22:27+00:00\",\"breadcrumb\":{\"@id\":\"https:\\\/\\\/shop.bantam.ch\\\/fr\\\/produit\\\/glaciere-eco-m\\\/#breadcrumb\"},\"inLanguage\":\"fr-FR\",\"potentialAction\":[{\"@type\":\"ReadAction\",\"target\":[\"https:\\\/\\\/shop.bantam.ch\\\/fr\\\/produit\\\/glaciere-eco-m\\\/\"]}]},{\"@type\":\"ImageObject\",\"inLanguage\":\"fr-FR\",\"@id\":\"https:\\\/\\\/shop.bantam.ch\\\/fr\\\/produit\\\/glaciere-eco-m\\\/#primaryimage\",\"url\":\"https:\\\/\\\/shop.bantam.ch\\\/wp-content\\\/uploads\\\/2025\\\/12\\\/Movera-L-9943923100.jpg\",\"contentUrl\":\"https:\\\/\\\/shop.bantam.ch\\\/wp-content\\\/uploads\\\/2025\\\/12\\\/Movera-L-9943923100.jpg\",\"width\":640,\"height\":640},{\"@type\":\"BreadcrumbList\",\"@id\":\"https:\\\/\\\/shop.bantam.ch\\\/fr\\\/produit\\\/glaciere-eco-m\\\/#breadcrumb\",\"itemListElement\":[{\"@type\":\"ListItem\",\"position\":1,\"name\":\"Accueil\",\"item\":\"https:\\\/\\\/shop.bantam.ch\\\/fr\\\/\"},{\"@type\":\"ListItem\",\"position\":2,\"name\":\"Boutique\",\"item\":\"https:\\\/\\\/shop.bantam.ch\\\/fr\\\/boutique\\\/\"},{\"@type\":\"ListItem\",\"position\":3,\"name\":\"Glaci\u00e8re Eco+ M\"}]},{\"@type\":\"WebSite\",\"@id\":\"https:\\\/\\\/shop.bantam.ch\\\/fr\\\/#website\",\"url\":\"https:\\\/\\\/shop.bantam.ch\\\/fr\\\/\",\"name\":\"Bantam Wankm\u00fcller SA\",\"description\":\"\",\"publisher\":{\"@id\":\"https:\\\/\\\/shop.bantam.ch\\\/fr\\\/#organization\"},\"inLanguage\":\"fr-FR\"},{\"@type\":\"Organization\",\"@id\":\"https:\\\/\\\/shop.bantam.ch\\\/fr\\\/#organization\",\"name\":\"Bantam Wankm\u00fcller SA\",\"url\":\"https:\\\/\\\/shop.bantam.ch\\\/fr\\\/\",\"logo\":{\"@type\":\"ImageObject\",\"inLanguage\":\"fr-FR\",\"@id\":\"https:\\\/\\\/shop.bantam.ch\\\/fr\\\/#\\\/schema\\\/logo\\\/image\\\/\",\"url\":\"https:\\\/\\\/shop.bantam.ch\\\/wp-content\\\/uploads\\\/2022\\\/12\\\/bantam-logo.png\",\"contentUrl\":\"https:\\\/\\\/shop.bantam.ch\\\/wp-content\\\/uploads\\\/2022\\\/12\\\/bantam-logo.png\",\"width\":320,\"height\":71,\"caption\":\"Bantam Wankm\u00fcller SA\"},\"image\":{\"@id\":\"https:\\\/\\\/shop.bantam.ch\\\/fr\\\/#\\\/schema\\\/logo\\\/image\\\/\"}}]}<\/script>\n<!-- \/ Yoast SEO plugin. -->","yoast_head_json":{"title":"Glaci\u00e8re Eco+ M - Bantam Wankm\u00fcller SA","robots":{"index":"index","follow":"follow","max-snippet":"max-snippet:-1","max-image-preview":"max-image-preview:large","max-video-preview":"max-video-preview:-1"},"canonical":"https:\/\/shop.bantam.ch\/fr\/produit\/glaciere-eco-m\/","og_locale":"fr_FR","og_type":"article","og_title":"Glaci\u00e8re Eco+ M - Bantam Wankm\u00fcller SA","og_description":"Glaci\u00e8re QOOL Box Eco+&nbsp;: le miracle thermique durable&nbsp;! En d\u00e9placement toute la journ\u00e9e, sans \u00e9lectricit\u00e9&nbsp;? Aucun probl\u00e8me avec la glaci\u00e8re QOOL Box Eco+. Cette glaci\u00e8re passive est le compagnon id\u00e9al et fiable de chacune de vos aventures en ext\u00e9rieur. Gr\u00e2ce \u00e0 l\u2019isolation high-tech \u00e0 base de panneaux isolants sous vide sur tous les c\u00f4t\u00e9s, au [&hellip;]","og_url":"https:\/\/shop.bantam.ch\/fr\/produit\/glaciere-eco-m\/","og_site_name":"Bantam Wankm\u00fcller SA","article_modified_time":"2026-04-20T00:22:27+00:00","twitter_card":"summary_large_image","twitter_misc":{"Dur\u00e9e de lecture estim\u00e9e":"2 minutes"},"schema":{"@context":"https:\/\/schema.org","@graph":[{"@type":"WebPage","@id":"https:\/\/shop.bantam.ch\/fr\/produit\/glaciere-eco-m\/","url":"https:\/\/shop.bantam.ch\/fr\/produit\/glaciere-eco-m\/","name":"Glaci\u00e8re Eco+ M - Bantam Wankm\u00fcller SA","isPartOf":{"@id":"https:\/\/shop.bantam.ch\/fr\/#website"},"primaryImageOfPage":{"@id":"https:\/\/shop.bantam.ch\/fr\/produit\/glaciere-eco-m\/#primaryimage"},"image":{"@id":"https:\/\/shop.bantam.ch\/fr\/produit\/glaciere-eco-m\/#primaryimage"},"thumbnailUrl":"https:\/\/shop.bantam.ch\/wp-content\/uploads\/2025\/12\/Movera-L-9943923100.jpg","datePublished":"2025-12-17T13:39:13+00:00","dateModified":"2026-04-20T00:22:27+00:00","breadcrumb":{"@id":"https:\/\/shop.bantam.ch\/fr\/produit\/glaciere-eco-m\/#breadcrumb"},"inLanguage":"fr-FR","potentialAction":[{"@type":"ReadAction","target":["https:\/\/shop.bantam.ch\/fr\/produit\/glaciere-eco-m\/"]}]},{"@type":"ImageObject","inLanguage":"fr-FR","@id":"https:\/\/shop.bantam.ch\/fr\/produit\/glaciere-eco-m\/#primaryimage","url":"https:\/\/shop.bantam.ch\/wp-content\/uploads\/2025\/12\/Movera-L-9943923100.jpg","contentUrl":"https:\/\/shop.bantam.ch\/wp-content\/uploads\/2025\/12\/Movera-L-9943923100.jpg","width":640,"height":640},{"@type":"BreadcrumbList","@id":"https:\/\/shop.bantam.ch\/fr\/produit\/glaciere-eco-m\/#breadcrumb","itemListElement":[{"@type":"ListItem","position":1,"name":"Accueil","item":"https:\/\/shop.bantam.ch\/fr\/"},{"@type":"ListItem","position":2,"name":"Boutique","item":"https:\/\/shop.bantam.ch\/fr\/boutique\/"},{"@type":"ListItem","position":3,"name":"Glaci\u00e8re Eco+ M"}]},{"@type":"WebSite","@id":"https:\/\/shop.bantam.ch\/fr\/#website","url":"https:\/\/shop.bantam.ch\/fr\/","name":"Bantam Wankm\u00fcller SA","description":"","publisher":{"@id":"https:\/\/shop.bantam.ch\/fr\/#organization"},"inLanguage":"fr-FR"},{"@type":"Organization","@id":"https:\/\/shop.bantam.ch\/fr\/#organization","name":"Bantam Wankm\u00fcller SA","url":"https:\/\/shop.bantam.ch\/fr\/","logo":{"@type":"ImageObject","inLanguage":"fr-FR","@id":"https:\/\/shop.bantam.ch\/fr\/#\/schema\/logo\/image\/","url":"https:\/\/shop.bantam.ch\/wp-content\/uploads\/2022\/12\/bantam-logo.png","contentUrl":"https:\/\/shop.bantam.ch\/wp-content\/uploads\/2022\/12\/bantam-logo.png","width":320,"height":71,"caption":"Bantam Wankm\u00fcller SA"},"image":{"@id":"https:\/\/shop.bantam.ch\/fr\/#\/schema\/logo\/image\/"}}]}},"_links":{"self":[{"href":"https:\/\/shop.bantam.ch\/fr\/wp-json\/wp\/v2\/product\/224226","targetHints":{"allow":["GET"]}}],"collection":[{"href":"https:\/\/shop.bantam.ch\/fr\/wp-json\/wp\/v2\/product"}],"about":[{"href":"https:\/\/shop.bantam.ch\/fr\/wp-json\/wp\/v2\/types\/product"}],"wp:featuredmedia":[{"embeddable":true,"href":"https:\/\/shop.bantam.ch\/fr\/wp-json\/wp\/v2\/media\/224222"}],"wp:attachment":[{"href":"https:\/\/shop.bantam.ch\/fr\/wp-json\/wp\/v2\/media?parent=224226"}],"wp:term":[{"taxonomy":"product_featured_cat","embeddable":true,"href":"https:\/\/shop.bantam.ch\/fr\/wp-json\/wp\/v2\/product_featured_cat?post=224226"},{"taxonomy":"product_brand","embeddable":true,"href":"https:\/\/shop.bantam.ch\/fr\/wp-json\/wp\/v2\/product_brand?post=224226"},{"taxonomy":"product_cat","embeddable":true,"href":"https:\/\/shop.bantam.ch\/fr\/wp-json\/wp\/v2\/product_cat?post=224226"},{"taxonomy":"product_tag","embeddable":true,"href":"https:\/\/shop.bantam.ch\/fr\/wp-json\/wp\/v2\/product_tag?post=224226"}],"curies":[{"name":"wp","href":"https:\/\/api.w.org\/{rel}","templated":true}]}}