{"id":224106,"date":"2025-12-17T14:20:26","date_gmt":"2025-12-17T13:20:26","guid":{"rendered":"https:\/\/shop.bantam.ch\/produit\/kit-adaptateur-de-store-fiamma-f65-eagle-ducato-320-cm-toile-royal-grey-boitier-polar-white\/"},"modified":"2026-04-17T23:37:05","modified_gmt":"2026-04-17T21:37:05","slug":"kit-adaptateur-de-store-fiamma-f65-eagle-ducato-320-cm-toile-royal-grey-boitier-polar-white","status":"publish","type":"product","link":"https:\/\/shop.bantam.ch\/fr\/produit\/kit-adaptateur-de-store-fiamma-f65-eagle-ducato-320-cm-toile-royal-grey-boitier-polar-white\/","title":{"rendered":"Kit adaptateur de store FIAMMA F65 Eagle Ducato 320 cm toile Royal Grey Bo\u00eetier Polar White"},"content":{"rendered":"<p>Kit moteur : le moteur 12 V permet l&rsquo;ouverture et la fermeture \u00e9lectriques : une fermeture manuelle est possible en cas d&rsquo;urgence.<br \/>\nSyst\u00e8me de contr\u00f4le pour le kit moteur avec bo\u00eetier de commande mural<br \/>\nCaisson renforc\u00e9 : le Profi l avec double renfort int\u00e9rieur assure une meilleure r\u00e9sistance aux forces de torsion,<br \/>\nauxquelles le store est soumis<br \/>\nFa\u00e7ade compacte et design fonctionnel<br \/>\nSoutien du rouleau : toile toujours parfaitement tendue<br \/>\nSupport Double Block : permet de r\u00e9gler l&rsquo;inclinaison entre 5 degr\u00e9s et 17 degr\u00e9s et renforce les bras autoportants sans utiliser de<br \/>\nutilisation de barres au sol.<br \/>\nLED : guide install\u00e9 \u00e0 l&rsquo;avant pour le kit d&rsquo;\u00e9clairage LED pleine longueur en option, ainsi que d&rsquo;autres possibilit\u00e9s d&rsquo;installation.<br \/>\npour les LED sur les bras.<br \/>\nNe peut \u00eatre mont\u00e9 que sur des adaptateurs. Supports de montage : supports optionnels (r\u00e9f. 98655-776, 98655-936, 98655-768,<br \/>\n98655Z010)<br \/>\nSyst\u00e8me de d\u00e9tection du vent : le capteur de vent<\/p>\n","protected":false},"excerpt":{"rendered":"<p>Kit moteur : le moteur 12 V permet l&rsquo;ouverture et la fermeture \u00e9lectriques : une fermeture manuelle est possible en cas d&rsquo;urgence. Syst\u00e8me de contr\u00f4le pour le kit moteur avec bo\u00eetier de commande mural Caisson renforc\u00e9 : le Profi l avec double renfort int\u00e9rieur assure une meilleure r\u00e9sistance aux forces de torsion, auxquelles le store [&hellip;]<\/p>\n","protected":false},"featured_media":224100,"template":"","meta":{"_acf_changed":false},"product_featured_cat":[],"product_brand":[],"product_cat":[4225],"product_tag":[],"class_list":{"0":"post-224106","1":"product","2":"type-product","3":"status-publish","4":"has-post-thumbnail","6":"product_cat-adaptateurs-de-stores","8":"first","9":"instock","10":"taxable","11":"shipping-taxable","12":"purchasable","13":"product-type-simple"},"acf":[],"yoast_head":"<!-- This site is optimized with the Yoast SEO plugin v27.4 - https:\/\/yoast.com\/product\/yoast-seo-wordpress\/ -->\n<title>Kit adaptateur de store FIAMMA F65 Eagle Ducato 320 cm toile Royal Grey Bo\u00eetier Polar White - Bantam Wankm\u00fcller SA<\/title>\n<meta name=\"robots\" content=\"index, follow, max-snippet:-1, max-image-preview:large, max-video-preview:-1\" \/>\n<link rel=\"canonical\" href=\"https:\/\/shop.bantam.ch\/fr\/produit\/kit-adaptateur-de-store-fiamma-f65-eagle-ducato-320-cm-toile-royal-grey-boitier-polar-white\/\" \/>\n<meta property=\"og:locale\" content=\"fr_FR\" \/>\n<meta property=\"og:type\" content=\"article\" \/>\n<meta property=\"og:title\" content=\"Kit adaptateur de store FIAMMA F65 Eagle Ducato 320 cm toile Royal Grey Bo\u00eetier Polar White - Bantam Wankm\u00fcller SA\" \/>\n<meta property=\"og:description\" content=\"Kit moteur : le moteur 12 V permet l&rsquo;ouverture et la fermeture \u00e9lectriques : une fermeture manuelle est possible en cas d&rsquo;urgence. Syst\u00e8me de contr\u00f4le pour le kit moteur avec bo\u00eetier de commande mural Caisson renforc\u00e9 : le Profi l avec double renfort int\u00e9rieur assure une meilleure r\u00e9sistance aux forces de torsion, auxquelles le store [&hellip;]\" \/>\n<meta property=\"og:url\" content=\"https:\/\/shop.bantam.ch\/fr\/produit\/kit-adaptateur-de-store-fiamma-f65-eagle-ducato-320-cm-toile-royal-grey-boitier-polar-white\/\" \/>\n<meta property=\"og:site_name\" content=\"Bantam Wankm\u00fcller SA\" \/>\n<meta property=\"article:modified_time\" content=\"2026-04-17T21:37:05+00:00\" \/>\n<meta name=\"twitter:card\" content=\"summary_large_image\" \/>\n<meta name=\"twitter:label1\" content=\"Dur\u00e9e de lecture estim\u00e9e\" \/>\n\t<meta name=\"twitter:data1\" content=\"1 minute\" \/>\n<script type=\"application\/ld+json\" class=\"yoast-schema-graph\">{\"@context\":\"https:\\\/\\\/schema.org\",\"@graph\":[{\"@type\":\"WebPage\",\"@id\":\"https:\\\/\\\/shop.bantam.ch\\\/fr\\\/produit\\\/kit-adaptateur-de-store-fiamma-f65-eagle-ducato-320-cm-toile-royal-grey-boitier-polar-white\\\/\",\"url\":\"https:\\\/\\\/shop.bantam.ch\\\/fr\\\/produit\\\/kit-adaptateur-de-store-fiamma-f65-eagle-ducato-320-cm-toile-royal-grey-boitier-polar-white\\\/\",\"name\":\"Kit adaptateur de store FIAMMA F65 Eagle Ducato 320 cm toile Royal Grey Bo\u00eetier Polar White - Bantam Wankm\u00fcller SA\",\"isPartOf\":{\"@id\":\"https:\\\/\\\/shop.bantam.ch\\\/fr\\\/#website\"},\"primaryImageOfPage\":{\"@id\":\"https:\\\/\\\/shop.bantam.ch\\\/fr\\\/produit\\\/kit-adaptateur-de-store-fiamma-f65-eagle-ducato-320-cm-toile-royal-grey-boitier-polar-white\\\/#primaryimage\"},\"image\":{\"@id\":\"https:\\\/\\\/shop.bantam.ch\\\/fr\\\/produit\\\/kit-adaptateur-de-store-fiamma-f65-eagle-ducato-320-cm-toile-royal-grey-boitier-polar-white\\\/#primaryimage\"},\"thumbnailUrl\":\"https:\\\/\\\/shop.bantam.ch\\\/wp-content\\\/uploads\\\/2025\\\/12\\\/Movera-L-9939357100.jpg\",\"datePublished\":\"2025-12-17T13:20:26+00:00\",\"dateModified\":\"2026-04-17T21:37:05+00:00\",\"breadcrumb\":{\"@id\":\"https:\\\/\\\/shop.bantam.ch\\\/fr\\\/produit\\\/kit-adaptateur-de-store-fiamma-f65-eagle-ducato-320-cm-toile-royal-grey-boitier-polar-white\\\/#breadcrumb\"},\"inLanguage\":\"fr-FR\",\"potentialAction\":[{\"@type\":\"ReadAction\",\"target\":[\"https:\\\/\\\/shop.bantam.ch\\\/fr\\\/produit\\\/kit-adaptateur-de-store-fiamma-f65-eagle-ducato-320-cm-toile-royal-grey-boitier-polar-white\\\/\"]}]},{\"@type\":\"ImageObject\",\"inLanguage\":\"fr-FR\",\"@id\":\"https:\\\/\\\/shop.bantam.ch\\\/fr\\\/produit\\\/kit-adaptateur-de-store-fiamma-f65-eagle-ducato-320-cm-toile-royal-grey-boitier-polar-white\\\/#primaryimage\",\"url\":\"https:\\\/\\\/shop.bantam.ch\\\/wp-content\\\/uploads\\\/2025\\\/12\\\/Movera-L-9939357100.jpg\",\"contentUrl\":\"https:\\\/\\\/shop.bantam.ch\\\/wp-content\\\/uploads\\\/2025\\\/12\\\/Movera-L-9939357100.jpg\",\"width\":640,\"height\":360},{\"@type\":\"BreadcrumbList\",\"@id\":\"https:\\\/\\\/shop.bantam.ch\\\/fr\\\/produit\\\/kit-adaptateur-de-store-fiamma-f65-eagle-ducato-320-cm-toile-royal-grey-boitier-polar-white\\\/#breadcrumb\",\"itemListElement\":[{\"@type\":\"ListItem\",\"position\":1,\"name\":\"Accueil\",\"item\":\"https:\\\/\\\/shop.bantam.ch\\\/fr\\\/\"},{\"@type\":\"ListItem\",\"position\":2,\"name\":\"Boutique\",\"item\":\"https:\\\/\\\/shop.bantam.ch\\\/fr\\\/boutique\\\/\"},{\"@type\":\"ListItem\",\"position\":3,\"name\":\"Kit adaptateur de store FIAMMA F65 Eagle Ducato 320 cm toile Royal Grey Bo\u00eetier Polar White\"}]},{\"@type\":\"WebSite\",\"@id\":\"https:\\\/\\\/shop.bantam.ch\\\/fr\\\/#website\",\"url\":\"https:\\\/\\\/shop.bantam.ch\\\/fr\\\/\",\"name\":\"Bantam Wankm\u00fcller SA\",\"description\":\"\",\"publisher\":{\"@id\":\"https:\\\/\\\/shop.bantam.ch\\\/fr\\\/#organization\"},\"inLanguage\":\"fr-FR\"},{\"@type\":\"Organization\",\"@id\":\"https:\\\/\\\/shop.bantam.ch\\\/fr\\\/#organization\",\"name\":\"Bantam Wankm\u00fcller SA\",\"url\":\"https:\\\/\\\/shop.bantam.ch\\\/fr\\\/\",\"logo\":{\"@type\":\"ImageObject\",\"inLanguage\":\"fr-FR\",\"@id\":\"https:\\\/\\\/shop.bantam.ch\\\/fr\\\/#\\\/schema\\\/logo\\\/image\\\/\",\"url\":\"https:\\\/\\\/shop.bantam.ch\\\/wp-content\\\/uploads\\\/2022\\\/12\\\/bantam-logo.png\",\"contentUrl\":\"https:\\\/\\\/shop.bantam.ch\\\/wp-content\\\/uploads\\\/2022\\\/12\\\/bantam-logo.png\",\"width\":320,\"height\":71,\"caption\":\"Bantam Wankm\u00fcller SA\"},\"image\":{\"@id\":\"https:\\\/\\\/shop.bantam.ch\\\/fr\\\/#\\\/schema\\\/logo\\\/image\\\/\"}}]}<\/script>\n<!-- \/ Yoast SEO plugin. -->","yoast_head_json":{"title":"Kit adaptateur de store FIAMMA F65 Eagle Ducato 320 cm toile Royal Grey Bo\u00eetier Polar White - Bantam Wankm\u00fcller SA","robots":{"index":"index","follow":"follow","max-snippet":"max-snippet:-1","max-image-preview":"max-image-preview:large","max-video-preview":"max-video-preview:-1"},"canonical":"https:\/\/shop.bantam.ch\/fr\/produit\/kit-adaptateur-de-store-fiamma-f65-eagle-ducato-320-cm-toile-royal-grey-boitier-polar-white\/","og_locale":"fr_FR","og_type":"article","og_title":"Kit adaptateur de store FIAMMA F65 Eagle Ducato 320 cm toile Royal Grey Bo\u00eetier Polar White - Bantam Wankm\u00fcller SA","og_description":"Kit moteur : le moteur 12 V permet l&rsquo;ouverture et la fermeture \u00e9lectriques : une fermeture manuelle est possible en cas d&rsquo;urgence. Syst\u00e8me de contr\u00f4le pour le kit moteur avec bo\u00eetier de commande mural Caisson renforc\u00e9 : le Profi l avec double renfort int\u00e9rieur assure une meilleure r\u00e9sistance aux forces de torsion, auxquelles le store [&hellip;]","og_url":"https:\/\/shop.bantam.ch\/fr\/produit\/kit-adaptateur-de-store-fiamma-f65-eagle-ducato-320-cm-toile-royal-grey-boitier-polar-white\/","og_site_name":"Bantam Wankm\u00fcller SA","article_modified_time":"2026-04-17T21:37:05+00:00","twitter_card":"summary_large_image","twitter_misc":{"Dur\u00e9e de lecture estim\u00e9e":"1 minute"},"schema":{"@context":"https:\/\/schema.org","@graph":[{"@type":"WebPage","@id":"https:\/\/shop.bantam.ch\/fr\/produit\/kit-adaptateur-de-store-fiamma-f65-eagle-ducato-320-cm-toile-royal-grey-boitier-polar-white\/","url":"https:\/\/shop.bantam.ch\/fr\/produit\/kit-adaptateur-de-store-fiamma-f65-eagle-ducato-320-cm-toile-royal-grey-boitier-polar-white\/","name":"Kit adaptateur de store FIAMMA F65 Eagle Ducato 320 cm toile Royal Grey Bo\u00eetier Polar White - Bantam Wankm\u00fcller SA","isPartOf":{"@id":"https:\/\/shop.bantam.ch\/fr\/#website"},"primaryImageOfPage":{"@id":"https:\/\/shop.bantam.ch\/fr\/produit\/kit-adaptateur-de-store-fiamma-f65-eagle-ducato-320-cm-toile-royal-grey-boitier-polar-white\/#primaryimage"},"image":{"@id":"https:\/\/shop.bantam.ch\/fr\/produit\/kit-adaptateur-de-store-fiamma-f65-eagle-ducato-320-cm-toile-royal-grey-boitier-polar-white\/#primaryimage"},"thumbnailUrl":"https:\/\/shop.bantam.ch\/wp-content\/uploads\/2025\/12\/Movera-L-9939357100.jpg","datePublished":"2025-12-17T13:20:26+00:00","dateModified":"2026-04-17T21:37:05+00:00","breadcrumb":{"@id":"https:\/\/shop.bantam.ch\/fr\/produit\/kit-adaptateur-de-store-fiamma-f65-eagle-ducato-320-cm-toile-royal-grey-boitier-polar-white\/#breadcrumb"},"inLanguage":"fr-FR","potentialAction":[{"@type":"ReadAction","target":["https:\/\/shop.bantam.ch\/fr\/produit\/kit-adaptateur-de-store-fiamma-f65-eagle-ducato-320-cm-toile-royal-grey-boitier-polar-white\/"]}]},{"@type":"ImageObject","inLanguage":"fr-FR","@id":"https:\/\/shop.bantam.ch\/fr\/produit\/kit-adaptateur-de-store-fiamma-f65-eagle-ducato-320-cm-toile-royal-grey-boitier-polar-white\/#primaryimage","url":"https:\/\/shop.bantam.ch\/wp-content\/uploads\/2025\/12\/Movera-L-9939357100.jpg","contentUrl":"https:\/\/shop.bantam.ch\/wp-content\/uploads\/2025\/12\/Movera-L-9939357100.jpg","width":640,"height":360},{"@type":"BreadcrumbList","@id":"https:\/\/shop.bantam.ch\/fr\/produit\/kit-adaptateur-de-store-fiamma-f65-eagle-ducato-320-cm-toile-royal-grey-boitier-polar-white\/#breadcrumb","itemListElement":[{"@type":"ListItem","position":1,"name":"Accueil","item":"https:\/\/shop.bantam.ch\/fr\/"},{"@type":"ListItem","position":2,"name":"Boutique","item":"https:\/\/shop.bantam.ch\/fr\/boutique\/"},{"@type":"ListItem","position":3,"name":"Kit adaptateur de store FIAMMA F65 Eagle Ducato 320 cm toile Royal Grey Bo\u00eetier Polar White"}]},{"@type":"WebSite","@id":"https:\/\/shop.bantam.ch\/fr\/#website","url":"https:\/\/shop.bantam.ch\/fr\/","name":"Bantam Wankm\u00fcller SA","description":"","publisher":{"@id":"https:\/\/shop.bantam.ch\/fr\/#organization"},"inLanguage":"fr-FR"},{"@type":"Organization","@id":"https:\/\/shop.bantam.ch\/fr\/#organization","name":"Bantam Wankm\u00fcller SA","url":"https:\/\/shop.bantam.ch\/fr\/","logo":{"@type":"ImageObject","inLanguage":"fr-FR","@id":"https:\/\/shop.bantam.ch\/fr\/#\/schema\/logo\/image\/","url":"https:\/\/shop.bantam.ch\/wp-content\/uploads\/2022\/12\/bantam-logo.png","contentUrl":"https:\/\/shop.bantam.ch\/wp-content\/uploads\/2022\/12\/bantam-logo.png","width":320,"height":71,"caption":"Bantam Wankm\u00fcller SA"},"image":{"@id":"https:\/\/shop.bantam.ch\/fr\/#\/schema\/logo\/image\/"}}]}},"_links":{"self":[{"href":"https:\/\/shop.bantam.ch\/fr\/wp-json\/wp\/v2\/product\/224106","targetHints":{"allow":["GET"]}}],"collection":[{"href":"https:\/\/shop.bantam.ch\/fr\/wp-json\/wp\/v2\/product"}],"about":[{"href":"https:\/\/shop.bantam.ch\/fr\/wp-json\/wp\/v2\/types\/product"}],"wp:featuredmedia":[{"embeddable":true,"href":"https:\/\/shop.bantam.ch\/fr\/wp-json\/wp\/v2\/media\/224100"}],"wp:attachment":[{"href":"https:\/\/shop.bantam.ch\/fr\/wp-json\/wp\/v2\/media?parent=224106"}],"wp:term":[{"taxonomy":"product_featured_cat","embeddable":true,"href":"https:\/\/shop.bantam.ch\/fr\/wp-json\/wp\/v2\/product_featured_cat?post=224106"},{"taxonomy":"product_brand","embeddable":true,"href":"https:\/\/shop.bantam.ch\/fr\/wp-json\/wp\/v2\/product_brand?post=224106"},{"taxonomy":"product_cat","embeddable":true,"href":"https:\/\/shop.bantam.ch\/fr\/wp-json\/wp\/v2\/product_cat?post=224106"},{"taxonomy":"product_tag","embeddable":true,"href":"https:\/\/shop.bantam.ch\/fr\/wp-json\/wp\/v2\/product_tag?post=224106"}],"curies":[{"name":"wp","href":"https:\/\/api.w.org\/{rel}","templated":true}]}}