{"id":224098,"date":"2025-12-17T14:20:18","date_gmt":"2025-12-17T13:20:18","guid":{"rendered":"https:\/\/shop.bantam.ch\/produit\/regul-charge-solaire-phaesun-cxnup-20-affichage-lcd-20-a-port-de-charge-usb-a-15-a\/"},"modified":"2026-04-19T23:43:54","modified_gmt":"2026-04-19T21:43:54","slug":"regul-charge-solaire-phaesun-cxnup-20-affichage-lcd-20-a-port-de-charge-usb-a-15-a","status":"publish","type":"product","link":"https:\/\/shop.bantam.ch\/fr\/produit\/regul-charge-solaire-phaesun-cxnup-20-affichage-lcd-20-a-port-de-charge-usb-a-15-a\/","title":{"rendered":"R\u00e9gul. charge solaire Phaesun CXNup 20, affichage LCD 20 A Port de charge USB-A 1,5 A"},"content":{"rendered":"<p>R\u00e9gulateur de charge solaire Phocos CXNup 20<br \/>\nModule 20 A, charge 20 A, 12\/24VDC, LCD, IP22, borne \u00e0 vis, programmable, USB 1500 mA<br \/>\nPoids : 0,18 (kg)<br \/>\nDimensions : 101 x 103 x 32 mm (LxlxH)<br \/>\nCourant de charge : 20 A<br \/>\nTension du syst\u00e8me : 12\/24 Vdc<br \/>\n\u00c9cran : LCD<br \/>\nUSB : Oui<br \/>\nClasse de protection : IP22<\/p>\n","protected":false},"excerpt":{"rendered":"<p>R\u00e9gulateur de charge solaire Phocos CXNup 20 Module 20 A, charge 20 A, 12\/24VDC, LCD, IP22, borne \u00e0 vis, programmable, USB 1500 mA Poids : 0,18 (kg) Dimensions : 101 x 103 x 32 mm (LxlxH) Courant de charge : 20 A Tension du syst\u00e8me : 12\/24 Vdc \u00c9cran : LCD USB : Oui Classe [&hellip;]<\/p>\n","protected":false},"featured_media":224096,"template":"","meta":{"_acf_changed":false},"product_featured_cat":[],"product_brand":[],"product_cat":[4877],"product_tag":[],"class_list":{"0":"post-224098","1":"product","2":"type-product","3":"status-publish","4":"has-post-thumbnail","6":"product_cat-regulateurs-de-charge-solaire","8":"first","9":"instock","10":"taxable","11":"shipping-taxable","12":"purchasable","13":"product-type-simple"},"acf":[],"yoast_head":"<!-- This site is optimized with the Yoast SEO plugin v27.4 - https:\/\/yoast.com\/product\/yoast-seo-wordpress\/ -->\n<title>R\u00e9gul. charge solaire Phaesun CXNup 20, affichage LCD 20 A Port de charge USB-A 1,5 A - Bantam Wankm\u00fcller SA<\/title>\n<meta name=\"robots\" content=\"index, follow, max-snippet:-1, max-image-preview:large, max-video-preview:-1\" \/>\n<link rel=\"canonical\" href=\"https:\/\/shop.bantam.ch\/fr\/produit\/regul-charge-solaire-phaesun-cxnup-20-affichage-lcd-20-a-port-de-charge-usb-a-15-a\/\" \/>\n<meta property=\"og:locale\" content=\"fr_FR\" \/>\n<meta property=\"og:type\" content=\"article\" \/>\n<meta property=\"og:title\" content=\"R\u00e9gul. charge solaire Phaesun CXNup 20, affichage LCD 20 A Port de charge USB-A 1,5 A - Bantam Wankm\u00fcller SA\" \/>\n<meta property=\"og:description\" content=\"R\u00e9gulateur de charge solaire Phocos CXNup 20 Module 20 A, charge 20 A, 12\/24VDC, LCD, IP22, borne \u00e0 vis, programmable, USB 1500 mA Poids : 0,18 (kg) Dimensions : 101 x 103 x 32 mm (LxlxH) Courant de charge : 20 A Tension du syst\u00e8me : 12\/24 Vdc \u00c9cran : LCD USB : Oui Classe [&hellip;]\" \/>\n<meta property=\"og:url\" content=\"https:\/\/shop.bantam.ch\/fr\/produit\/regul-charge-solaire-phaesun-cxnup-20-affichage-lcd-20-a-port-de-charge-usb-a-15-a\/\" \/>\n<meta property=\"og:site_name\" content=\"Bantam Wankm\u00fcller SA\" \/>\n<meta property=\"article:modified_time\" content=\"2026-04-19T21:43:54+00:00\" \/>\n<meta name=\"twitter:card\" content=\"summary_large_image\" \/>\n<script type=\"application\/ld+json\" class=\"yoast-schema-graph\">{\"@context\":\"https:\\\/\\\/schema.org\",\"@graph\":[{\"@type\":\"WebPage\",\"@id\":\"https:\\\/\\\/shop.bantam.ch\\\/fr\\\/produit\\\/regul-charge-solaire-phaesun-cxnup-20-affichage-lcd-20-a-port-de-charge-usb-a-15-a\\\/\",\"url\":\"https:\\\/\\\/shop.bantam.ch\\\/fr\\\/produit\\\/regul-charge-solaire-phaesun-cxnup-20-affichage-lcd-20-a-port-de-charge-usb-a-15-a\\\/\",\"name\":\"R\u00e9gul. charge solaire Phaesun CXNup 20, affichage LCD 20 A Port de charge USB-A 1,5 A - Bantam Wankm\u00fcller SA\",\"isPartOf\":{\"@id\":\"https:\\\/\\\/shop.bantam.ch\\\/fr\\\/#website\"},\"primaryImageOfPage\":{\"@id\":\"https:\\\/\\\/shop.bantam.ch\\\/fr\\\/produit\\\/regul-charge-solaire-phaesun-cxnup-20-affichage-lcd-20-a-port-de-charge-usb-a-15-a\\\/#primaryimage\"},\"image\":{\"@id\":\"https:\\\/\\\/shop.bantam.ch\\\/fr\\\/produit\\\/regul-charge-solaire-phaesun-cxnup-20-affichage-lcd-20-a-port-de-charge-usb-a-15-a\\\/#primaryimage\"},\"thumbnailUrl\":\"https:\\\/\\\/shop.bantam.ch\\\/wp-content\\\/uploads\\\/2025\\\/12\\\/Movera-L-9939343100.jpg\",\"datePublished\":\"2025-12-17T13:20:18+00:00\",\"dateModified\":\"2026-04-19T21:43:54+00:00\",\"breadcrumb\":{\"@id\":\"https:\\\/\\\/shop.bantam.ch\\\/fr\\\/produit\\\/regul-charge-solaire-phaesun-cxnup-20-affichage-lcd-20-a-port-de-charge-usb-a-15-a\\\/#breadcrumb\"},\"inLanguage\":\"fr-FR\",\"potentialAction\":[{\"@type\":\"ReadAction\",\"target\":[\"https:\\\/\\\/shop.bantam.ch\\\/fr\\\/produit\\\/regul-charge-solaire-phaesun-cxnup-20-affichage-lcd-20-a-port-de-charge-usb-a-15-a\\\/\"]}]},{\"@type\":\"ImageObject\",\"inLanguage\":\"fr-FR\",\"@id\":\"https:\\\/\\\/shop.bantam.ch\\\/fr\\\/produit\\\/regul-charge-solaire-phaesun-cxnup-20-affichage-lcd-20-a-port-de-charge-usb-a-15-a\\\/#primaryimage\",\"url\":\"https:\\\/\\\/shop.bantam.ch\\\/wp-content\\\/uploads\\\/2025\\\/12\\\/Movera-L-9939343100.jpg\",\"contentUrl\":\"https:\\\/\\\/shop.bantam.ch\\\/wp-content\\\/uploads\\\/2025\\\/12\\\/Movera-L-9939343100.jpg\",\"width\":640,\"height\":584},{\"@type\":\"BreadcrumbList\",\"@id\":\"https:\\\/\\\/shop.bantam.ch\\\/fr\\\/produit\\\/regul-charge-solaire-phaesun-cxnup-20-affichage-lcd-20-a-port-de-charge-usb-a-15-a\\\/#breadcrumb\",\"itemListElement\":[{\"@type\":\"ListItem\",\"position\":1,\"name\":\"Accueil\",\"item\":\"https:\\\/\\\/shop.bantam.ch\\\/fr\\\/\"},{\"@type\":\"ListItem\",\"position\":2,\"name\":\"Boutique\",\"item\":\"https:\\\/\\\/shop.bantam.ch\\\/fr\\\/boutique\\\/\"},{\"@type\":\"ListItem\",\"position\":3,\"name\":\"R\u00e9gul. charge solaire Phaesun CXNup 20, affichage LCD 20 A Port de charge USB-A 1,5 A\"}]},{\"@type\":\"WebSite\",\"@id\":\"https:\\\/\\\/shop.bantam.ch\\\/fr\\\/#website\",\"url\":\"https:\\\/\\\/shop.bantam.ch\\\/fr\\\/\",\"name\":\"Bantam Wankm\u00fcller SA\",\"description\":\"\",\"publisher\":{\"@id\":\"https:\\\/\\\/shop.bantam.ch\\\/fr\\\/#organization\"},\"inLanguage\":\"fr-FR\"},{\"@type\":\"Organization\",\"@id\":\"https:\\\/\\\/shop.bantam.ch\\\/fr\\\/#organization\",\"name\":\"Bantam Wankm\u00fcller SA\",\"url\":\"https:\\\/\\\/shop.bantam.ch\\\/fr\\\/\",\"logo\":{\"@type\":\"ImageObject\",\"inLanguage\":\"fr-FR\",\"@id\":\"https:\\\/\\\/shop.bantam.ch\\\/fr\\\/#\\\/schema\\\/logo\\\/image\\\/\",\"url\":\"https:\\\/\\\/shop.bantam.ch\\\/wp-content\\\/uploads\\\/2022\\\/12\\\/bantam-logo.png\",\"contentUrl\":\"https:\\\/\\\/shop.bantam.ch\\\/wp-content\\\/uploads\\\/2022\\\/12\\\/bantam-logo.png\",\"width\":320,\"height\":71,\"caption\":\"Bantam Wankm\u00fcller SA\"},\"image\":{\"@id\":\"https:\\\/\\\/shop.bantam.ch\\\/fr\\\/#\\\/schema\\\/logo\\\/image\\\/\"}}]}<\/script>\n<!-- \/ Yoast SEO plugin. -->","yoast_head_json":{"title":"R\u00e9gul. charge solaire Phaesun CXNup 20, affichage LCD 20 A Port de charge USB-A 1,5 A - Bantam Wankm\u00fcller SA","robots":{"index":"index","follow":"follow","max-snippet":"max-snippet:-1","max-image-preview":"max-image-preview:large","max-video-preview":"max-video-preview:-1"},"canonical":"https:\/\/shop.bantam.ch\/fr\/produit\/regul-charge-solaire-phaesun-cxnup-20-affichage-lcd-20-a-port-de-charge-usb-a-15-a\/","og_locale":"fr_FR","og_type":"article","og_title":"R\u00e9gul. charge solaire Phaesun CXNup 20, affichage LCD 20 A Port de charge USB-A 1,5 A - Bantam Wankm\u00fcller SA","og_description":"R\u00e9gulateur de charge solaire Phocos CXNup 20 Module 20 A, charge 20 A, 12\/24VDC, LCD, IP22, borne \u00e0 vis, programmable, USB 1500 mA Poids : 0,18 (kg) Dimensions : 101 x 103 x 32 mm (LxlxH) Courant de charge : 20 A Tension du syst\u00e8me : 12\/24 Vdc \u00c9cran : LCD USB : Oui Classe [&hellip;]","og_url":"https:\/\/shop.bantam.ch\/fr\/produit\/regul-charge-solaire-phaesun-cxnup-20-affichage-lcd-20-a-port-de-charge-usb-a-15-a\/","og_site_name":"Bantam Wankm\u00fcller SA","article_modified_time":"2026-04-19T21:43:54+00:00","twitter_card":"summary_large_image","schema":{"@context":"https:\/\/schema.org","@graph":[{"@type":"WebPage","@id":"https:\/\/shop.bantam.ch\/fr\/produit\/regul-charge-solaire-phaesun-cxnup-20-affichage-lcd-20-a-port-de-charge-usb-a-15-a\/","url":"https:\/\/shop.bantam.ch\/fr\/produit\/regul-charge-solaire-phaesun-cxnup-20-affichage-lcd-20-a-port-de-charge-usb-a-15-a\/","name":"R\u00e9gul. charge solaire Phaesun CXNup 20, affichage LCD 20 A Port de charge USB-A 1,5 A - Bantam Wankm\u00fcller SA","isPartOf":{"@id":"https:\/\/shop.bantam.ch\/fr\/#website"},"primaryImageOfPage":{"@id":"https:\/\/shop.bantam.ch\/fr\/produit\/regul-charge-solaire-phaesun-cxnup-20-affichage-lcd-20-a-port-de-charge-usb-a-15-a\/#primaryimage"},"image":{"@id":"https:\/\/shop.bantam.ch\/fr\/produit\/regul-charge-solaire-phaesun-cxnup-20-affichage-lcd-20-a-port-de-charge-usb-a-15-a\/#primaryimage"},"thumbnailUrl":"https:\/\/shop.bantam.ch\/wp-content\/uploads\/2025\/12\/Movera-L-9939343100.jpg","datePublished":"2025-12-17T13:20:18+00:00","dateModified":"2026-04-19T21:43:54+00:00","breadcrumb":{"@id":"https:\/\/shop.bantam.ch\/fr\/produit\/regul-charge-solaire-phaesun-cxnup-20-affichage-lcd-20-a-port-de-charge-usb-a-15-a\/#breadcrumb"},"inLanguage":"fr-FR","potentialAction":[{"@type":"ReadAction","target":["https:\/\/shop.bantam.ch\/fr\/produit\/regul-charge-solaire-phaesun-cxnup-20-affichage-lcd-20-a-port-de-charge-usb-a-15-a\/"]}]},{"@type":"ImageObject","inLanguage":"fr-FR","@id":"https:\/\/shop.bantam.ch\/fr\/produit\/regul-charge-solaire-phaesun-cxnup-20-affichage-lcd-20-a-port-de-charge-usb-a-15-a\/#primaryimage","url":"https:\/\/shop.bantam.ch\/wp-content\/uploads\/2025\/12\/Movera-L-9939343100.jpg","contentUrl":"https:\/\/shop.bantam.ch\/wp-content\/uploads\/2025\/12\/Movera-L-9939343100.jpg","width":640,"height":584},{"@type":"BreadcrumbList","@id":"https:\/\/shop.bantam.ch\/fr\/produit\/regul-charge-solaire-phaesun-cxnup-20-affichage-lcd-20-a-port-de-charge-usb-a-15-a\/#breadcrumb","itemListElement":[{"@type":"ListItem","position":1,"name":"Accueil","item":"https:\/\/shop.bantam.ch\/fr\/"},{"@type":"ListItem","position":2,"name":"Boutique","item":"https:\/\/shop.bantam.ch\/fr\/boutique\/"},{"@type":"ListItem","position":3,"name":"R\u00e9gul. charge solaire Phaesun CXNup 20, affichage LCD 20 A Port de charge USB-A 1,5 A"}]},{"@type":"WebSite","@id":"https:\/\/shop.bantam.ch\/fr\/#website","url":"https:\/\/shop.bantam.ch\/fr\/","name":"Bantam Wankm\u00fcller SA","description":"","publisher":{"@id":"https:\/\/shop.bantam.ch\/fr\/#organization"},"inLanguage":"fr-FR"},{"@type":"Organization","@id":"https:\/\/shop.bantam.ch\/fr\/#organization","name":"Bantam Wankm\u00fcller SA","url":"https:\/\/shop.bantam.ch\/fr\/","logo":{"@type":"ImageObject","inLanguage":"fr-FR","@id":"https:\/\/shop.bantam.ch\/fr\/#\/schema\/logo\/image\/","url":"https:\/\/shop.bantam.ch\/wp-content\/uploads\/2022\/12\/bantam-logo.png","contentUrl":"https:\/\/shop.bantam.ch\/wp-content\/uploads\/2022\/12\/bantam-logo.png","width":320,"height":71,"caption":"Bantam Wankm\u00fcller SA"},"image":{"@id":"https:\/\/shop.bantam.ch\/fr\/#\/schema\/logo\/image\/"}}]}},"_links":{"self":[{"href":"https:\/\/shop.bantam.ch\/fr\/wp-json\/wp\/v2\/product\/224098","targetHints":{"allow":["GET"]}}],"collection":[{"href":"https:\/\/shop.bantam.ch\/fr\/wp-json\/wp\/v2\/product"}],"about":[{"href":"https:\/\/shop.bantam.ch\/fr\/wp-json\/wp\/v2\/types\/product"}],"wp:featuredmedia":[{"embeddable":true,"href":"https:\/\/shop.bantam.ch\/fr\/wp-json\/wp\/v2\/media\/224096"}],"wp:attachment":[{"href":"https:\/\/shop.bantam.ch\/fr\/wp-json\/wp\/v2\/media?parent=224098"}],"wp:term":[{"taxonomy":"product_featured_cat","embeddable":true,"href":"https:\/\/shop.bantam.ch\/fr\/wp-json\/wp\/v2\/product_featured_cat?post=224098"},{"taxonomy":"product_brand","embeddable":true,"href":"https:\/\/shop.bantam.ch\/fr\/wp-json\/wp\/v2\/product_brand?post=224098"},{"taxonomy":"product_cat","embeddable":true,"href":"https:\/\/shop.bantam.ch\/fr\/wp-json\/wp\/v2\/product_cat?post=224098"},{"taxonomy":"product_tag","embeddable":true,"href":"https:\/\/shop.bantam.ch\/fr\/wp-json\/wp\/v2\/product_tag?post=224098"}],"curies":[{"name":"wp","href":"https:\/\/api.w.org\/{rel}","templated":true}]}}