{"id":224084,"date":"2025-12-17T14:19:58","date_gmt":"2025-12-17T13:19:58","guid":{"rendered":"https:\/\/shop.bantam.ch\/produit\/double-store-a-cassette-remis-remiflair-4-ral9001-ra-1342-x-564-fa-1300x500-adaptateur-chassis-inferieur\/"},"modified":"2026-04-18T23:40:18","modified_gmt":"2026-04-18T21:40:18","slug":"double-store-a-cassette-remis-remiflair-4-ral9001-ra-1342-x-564-fa-1300x500-adaptateur-chassis-inferieur","status":"publish","type":"product","link":"https:\/\/shop.bantam.ch\/fr\/produit\/double-store-a-cassette-remis-remiflair-4-ral9001-ra-1342-x-564-fa-1300x500-adaptateur-chassis-inferieur\/","title":{"rendered":"Double store \u00e0 cassette REMIS REMIflair-4 RAL9001 RA 1342 x 564\/FA 1300&#215;500 + adaptateur Ch\u00e2ssis inf\u00e9rieur"},"content":{"rendered":"<p>Double store \u00e0 cassette REMIS REMIflair-4 RAL9001 RA 1342 x 564\/FA 1300&#215;500 + adaptateur Ch\u00e2ssis inf\u00e9rieur<\/p>\n","protected":false},"excerpt":{"rendered":"<p>Double store \u00e0 cassette REMIS REMIflair-4 RAL9001 RA 1342 x 564\/FA 1300&#215;500 + adaptateur Ch\u00e2ssis inf\u00e9rieur<\/p>\n","protected":false},"featured_media":224082,"template":"","meta":{"_acf_changed":false},"product_featured_cat":[],"product_brand":[],"product_cat":[4723],"product_tag":[],"class_list":{"0":"post-224084","1":"product","2":"type-product","3":"status-publish","4":"has-post-thumbnail","6":"product_cat-stores-a-enroulement","8":"first","9":"instock","10":"taxable","11":"shipping-taxable","12":"purchasable","13":"product-type-simple"},"acf":[],"yoast_head":"<!-- This site is optimized with the Yoast SEO plugin v27.4 - https:\/\/yoast.com\/product\/yoast-seo-wordpress\/ -->\n<title>Double store \u00e0 cassette REMIS REMIflair-4 RAL9001 RA 1342 x 564\/FA 1300x500 + adaptateur Ch\u00e2ssis inf\u00e9rieur - Bantam Wankm\u00fcller SA<\/title>\n<meta name=\"robots\" content=\"index, follow, max-snippet:-1, max-image-preview:large, max-video-preview:-1\" \/>\n<link rel=\"canonical\" href=\"https:\/\/shop.bantam.ch\/fr\/produit\/double-store-a-cassette-remis-remiflair-4-ral9001-ra-1342-x-564-fa-1300x500-adaptateur-chassis-inferieur\/\" \/>\n<meta property=\"og:locale\" content=\"fr_FR\" \/>\n<meta property=\"og:type\" content=\"article\" \/>\n<meta property=\"og:title\" content=\"Double store \u00e0 cassette REMIS REMIflair-4 RAL9001 RA 1342 x 564\/FA 1300x500 + adaptateur Ch\u00e2ssis inf\u00e9rieur - Bantam Wankm\u00fcller SA\" \/>\n<meta property=\"og:description\" content=\"Double store \u00e0 cassette REMIS REMIflair-4 RAL9001 RA 1342 x 564\/FA 1300&#215;500 + adaptateur Ch\u00e2ssis inf\u00e9rieur\" \/>\n<meta property=\"og:url\" content=\"https:\/\/shop.bantam.ch\/fr\/produit\/double-store-a-cassette-remis-remiflair-4-ral9001-ra-1342-x-564-fa-1300x500-adaptateur-chassis-inferieur\/\" \/>\n<meta property=\"og:site_name\" content=\"Bantam Wankm\u00fcller SA\" \/>\n<meta property=\"article:modified_time\" content=\"2026-04-18T21:40:18+00:00\" \/>\n<meta name=\"twitter:card\" content=\"summary_large_image\" \/>\n<script type=\"application\/ld+json\" class=\"yoast-schema-graph\">{\"@context\":\"https:\\\/\\\/schema.org\",\"@graph\":[{\"@type\":\"WebPage\",\"@id\":\"https:\\\/\\\/shop.bantam.ch\\\/fr\\\/produit\\\/double-store-a-cassette-remis-remiflair-4-ral9001-ra-1342-x-564-fa-1300x500-adaptateur-chassis-inferieur\\\/\",\"url\":\"https:\\\/\\\/shop.bantam.ch\\\/fr\\\/produit\\\/double-store-a-cassette-remis-remiflair-4-ral9001-ra-1342-x-564-fa-1300x500-adaptateur-chassis-inferieur\\\/\",\"name\":\"Double store \u00e0 cassette REMIS REMIflair-4 RAL9001 RA 1342 x 564\\\/FA 1300x500 + adaptateur Ch\u00e2ssis inf\u00e9rieur - Bantam Wankm\u00fcller SA\",\"isPartOf\":{\"@id\":\"https:\\\/\\\/shop.bantam.ch\\\/fr\\\/#website\"},\"primaryImageOfPage\":{\"@id\":\"https:\\\/\\\/shop.bantam.ch\\\/fr\\\/produit\\\/double-store-a-cassette-remis-remiflair-4-ral9001-ra-1342-x-564-fa-1300x500-adaptateur-chassis-inferieur\\\/#primaryimage\"},\"image\":{\"@id\":\"https:\\\/\\\/shop.bantam.ch\\\/fr\\\/produit\\\/double-store-a-cassette-remis-remiflair-4-ral9001-ra-1342-x-564-fa-1300x500-adaptateur-chassis-inferieur\\\/#primaryimage\"},\"thumbnailUrl\":\"https:\\\/\\\/shop.bantam.ch\\\/wp-content\\\/uploads\\\/2025\\\/12\\\/Movera-L-9939272100.jpg\",\"datePublished\":\"2025-12-17T13:19:58+00:00\",\"dateModified\":\"2026-04-18T21:40:18+00:00\",\"breadcrumb\":{\"@id\":\"https:\\\/\\\/shop.bantam.ch\\\/fr\\\/produit\\\/double-store-a-cassette-remis-remiflair-4-ral9001-ra-1342-x-564-fa-1300x500-adaptateur-chassis-inferieur\\\/#breadcrumb\"},\"inLanguage\":\"fr-FR\",\"potentialAction\":[{\"@type\":\"ReadAction\",\"target\":[\"https:\\\/\\\/shop.bantam.ch\\\/fr\\\/produit\\\/double-store-a-cassette-remis-remiflair-4-ral9001-ra-1342-x-564-fa-1300x500-adaptateur-chassis-inferieur\\\/\"]}]},{\"@type\":\"ImageObject\",\"inLanguage\":\"fr-FR\",\"@id\":\"https:\\\/\\\/shop.bantam.ch\\\/fr\\\/produit\\\/double-store-a-cassette-remis-remiflair-4-ral9001-ra-1342-x-564-fa-1300x500-adaptateur-chassis-inferieur\\\/#primaryimage\",\"url\":\"https:\\\/\\\/shop.bantam.ch\\\/wp-content\\\/uploads\\\/2025\\\/12\\\/Movera-L-9939272100.jpg\",\"contentUrl\":\"https:\\\/\\\/shop.bantam.ch\\\/wp-content\\\/uploads\\\/2025\\\/12\\\/Movera-L-9939272100.jpg\",\"width\":640,\"height\":426},{\"@type\":\"BreadcrumbList\",\"@id\":\"https:\\\/\\\/shop.bantam.ch\\\/fr\\\/produit\\\/double-store-a-cassette-remis-remiflair-4-ral9001-ra-1342-x-564-fa-1300x500-adaptateur-chassis-inferieur\\\/#breadcrumb\",\"itemListElement\":[{\"@type\":\"ListItem\",\"position\":1,\"name\":\"Accueil\",\"item\":\"https:\\\/\\\/shop.bantam.ch\\\/fr\\\/\"},{\"@type\":\"ListItem\",\"position\":2,\"name\":\"Boutique\",\"item\":\"https:\\\/\\\/shop.bantam.ch\\\/fr\\\/boutique\\\/\"},{\"@type\":\"ListItem\",\"position\":3,\"name\":\"Double store \u00e0 cassette REMIS REMIflair-4 RAL9001 RA 1342 x 564\\\/FA 1300&#215;500 + adaptateur Ch\u00e2ssis inf\u00e9rieur\"}]},{\"@type\":\"WebSite\",\"@id\":\"https:\\\/\\\/shop.bantam.ch\\\/fr\\\/#website\",\"url\":\"https:\\\/\\\/shop.bantam.ch\\\/fr\\\/\",\"name\":\"Bantam Wankm\u00fcller SA\",\"description\":\"\",\"publisher\":{\"@id\":\"https:\\\/\\\/shop.bantam.ch\\\/fr\\\/#organization\"},\"inLanguage\":\"fr-FR\"},{\"@type\":\"Organization\",\"@id\":\"https:\\\/\\\/shop.bantam.ch\\\/fr\\\/#organization\",\"name\":\"Bantam Wankm\u00fcller SA\",\"url\":\"https:\\\/\\\/shop.bantam.ch\\\/fr\\\/\",\"logo\":{\"@type\":\"ImageObject\",\"inLanguage\":\"fr-FR\",\"@id\":\"https:\\\/\\\/shop.bantam.ch\\\/fr\\\/#\\\/schema\\\/logo\\\/image\\\/\",\"url\":\"https:\\\/\\\/shop.bantam.ch\\\/wp-content\\\/uploads\\\/2022\\\/12\\\/bantam-logo.png\",\"contentUrl\":\"https:\\\/\\\/shop.bantam.ch\\\/wp-content\\\/uploads\\\/2022\\\/12\\\/bantam-logo.png\",\"width\":320,\"height\":71,\"caption\":\"Bantam Wankm\u00fcller SA\"},\"image\":{\"@id\":\"https:\\\/\\\/shop.bantam.ch\\\/fr\\\/#\\\/schema\\\/logo\\\/image\\\/\"}}]}<\/script>\n<!-- \/ Yoast SEO plugin. -->","yoast_head_json":{"title":"Double store \u00e0 cassette REMIS REMIflair-4 RAL9001 RA 1342 x 564\/FA 1300x500 + adaptateur Ch\u00e2ssis inf\u00e9rieur - Bantam Wankm\u00fcller SA","robots":{"index":"index","follow":"follow","max-snippet":"max-snippet:-1","max-image-preview":"max-image-preview:large","max-video-preview":"max-video-preview:-1"},"canonical":"https:\/\/shop.bantam.ch\/fr\/produit\/double-store-a-cassette-remis-remiflair-4-ral9001-ra-1342-x-564-fa-1300x500-adaptateur-chassis-inferieur\/","og_locale":"fr_FR","og_type":"article","og_title":"Double store \u00e0 cassette REMIS REMIflair-4 RAL9001 RA 1342 x 564\/FA 1300x500 + adaptateur Ch\u00e2ssis inf\u00e9rieur - Bantam Wankm\u00fcller SA","og_description":"Double store \u00e0 cassette REMIS REMIflair-4 RAL9001 RA 1342 x 564\/FA 1300&#215;500 + adaptateur Ch\u00e2ssis inf\u00e9rieur","og_url":"https:\/\/shop.bantam.ch\/fr\/produit\/double-store-a-cassette-remis-remiflair-4-ral9001-ra-1342-x-564-fa-1300x500-adaptateur-chassis-inferieur\/","og_site_name":"Bantam Wankm\u00fcller SA","article_modified_time":"2026-04-18T21:40:18+00:00","twitter_card":"summary_large_image","schema":{"@context":"https:\/\/schema.org","@graph":[{"@type":"WebPage","@id":"https:\/\/shop.bantam.ch\/fr\/produit\/double-store-a-cassette-remis-remiflair-4-ral9001-ra-1342-x-564-fa-1300x500-adaptateur-chassis-inferieur\/","url":"https:\/\/shop.bantam.ch\/fr\/produit\/double-store-a-cassette-remis-remiflair-4-ral9001-ra-1342-x-564-fa-1300x500-adaptateur-chassis-inferieur\/","name":"Double store \u00e0 cassette REMIS REMIflair-4 RAL9001 RA 1342 x 564\/FA 1300x500 + adaptateur Ch\u00e2ssis inf\u00e9rieur - Bantam Wankm\u00fcller SA","isPartOf":{"@id":"https:\/\/shop.bantam.ch\/fr\/#website"},"primaryImageOfPage":{"@id":"https:\/\/shop.bantam.ch\/fr\/produit\/double-store-a-cassette-remis-remiflair-4-ral9001-ra-1342-x-564-fa-1300x500-adaptateur-chassis-inferieur\/#primaryimage"},"image":{"@id":"https:\/\/shop.bantam.ch\/fr\/produit\/double-store-a-cassette-remis-remiflair-4-ral9001-ra-1342-x-564-fa-1300x500-adaptateur-chassis-inferieur\/#primaryimage"},"thumbnailUrl":"https:\/\/shop.bantam.ch\/wp-content\/uploads\/2025\/12\/Movera-L-9939272100.jpg","datePublished":"2025-12-17T13:19:58+00:00","dateModified":"2026-04-18T21:40:18+00:00","breadcrumb":{"@id":"https:\/\/shop.bantam.ch\/fr\/produit\/double-store-a-cassette-remis-remiflair-4-ral9001-ra-1342-x-564-fa-1300x500-adaptateur-chassis-inferieur\/#breadcrumb"},"inLanguage":"fr-FR","potentialAction":[{"@type":"ReadAction","target":["https:\/\/shop.bantam.ch\/fr\/produit\/double-store-a-cassette-remis-remiflair-4-ral9001-ra-1342-x-564-fa-1300x500-adaptateur-chassis-inferieur\/"]}]},{"@type":"ImageObject","inLanguage":"fr-FR","@id":"https:\/\/shop.bantam.ch\/fr\/produit\/double-store-a-cassette-remis-remiflair-4-ral9001-ra-1342-x-564-fa-1300x500-adaptateur-chassis-inferieur\/#primaryimage","url":"https:\/\/shop.bantam.ch\/wp-content\/uploads\/2025\/12\/Movera-L-9939272100.jpg","contentUrl":"https:\/\/shop.bantam.ch\/wp-content\/uploads\/2025\/12\/Movera-L-9939272100.jpg","width":640,"height":426},{"@type":"BreadcrumbList","@id":"https:\/\/shop.bantam.ch\/fr\/produit\/double-store-a-cassette-remis-remiflair-4-ral9001-ra-1342-x-564-fa-1300x500-adaptateur-chassis-inferieur\/#breadcrumb","itemListElement":[{"@type":"ListItem","position":1,"name":"Accueil","item":"https:\/\/shop.bantam.ch\/fr\/"},{"@type":"ListItem","position":2,"name":"Boutique","item":"https:\/\/shop.bantam.ch\/fr\/boutique\/"},{"@type":"ListItem","position":3,"name":"Double store \u00e0 cassette REMIS REMIflair-4 RAL9001 RA 1342 x 564\/FA 1300&#215;500 + adaptateur Ch\u00e2ssis inf\u00e9rieur"}]},{"@type":"WebSite","@id":"https:\/\/shop.bantam.ch\/fr\/#website","url":"https:\/\/shop.bantam.ch\/fr\/","name":"Bantam Wankm\u00fcller SA","description":"","publisher":{"@id":"https:\/\/shop.bantam.ch\/fr\/#organization"},"inLanguage":"fr-FR"},{"@type":"Organization","@id":"https:\/\/shop.bantam.ch\/fr\/#organization","name":"Bantam Wankm\u00fcller SA","url":"https:\/\/shop.bantam.ch\/fr\/","logo":{"@type":"ImageObject","inLanguage":"fr-FR","@id":"https:\/\/shop.bantam.ch\/fr\/#\/schema\/logo\/image\/","url":"https:\/\/shop.bantam.ch\/wp-content\/uploads\/2022\/12\/bantam-logo.png","contentUrl":"https:\/\/shop.bantam.ch\/wp-content\/uploads\/2022\/12\/bantam-logo.png","width":320,"height":71,"caption":"Bantam Wankm\u00fcller SA"},"image":{"@id":"https:\/\/shop.bantam.ch\/fr\/#\/schema\/logo\/image\/"}}]}},"_links":{"self":[{"href":"https:\/\/shop.bantam.ch\/fr\/wp-json\/wp\/v2\/product\/224084","targetHints":{"allow":["GET"]}}],"collection":[{"href":"https:\/\/shop.bantam.ch\/fr\/wp-json\/wp\/v2\/product"}],"about":[{"href":"https:\/\/shop.bantam.ch\/fr\/wp-json\/wp\/v2\/types\/product"}],"wp:featuredmedia":[{"embeddable":true,"href":"https:\/\/shop.bantam.ch\/fr\/wp-json\/wp\/v2\/media\/224082"}],"wp:attachment":[{"href":"https:\/\/shop.bantam.ch\/fr\/wp-json\/wp\/v2\/media?parent=224084"}],"wp:term":[{"taxonomy":"product_featured_cat","embeddable":true,"href":"https:\/\/shop.bantam.ch\/fr\/wp-json\/wp\/v2\/product_featured_cat?post=224084"},{"taxonomy":"product_brand","embeddable":true,"href":"https:\/\/shop.bantam.ch\/fr\/wp-json\/wp\/v2\/product_brand?post=224084"},{"taxonomy":"product_cat","embeddable":true,"href":"https:\/\/shop.bantam.ch\/fr\/wp-json\/wp\/v2\/product_cat?post=224084"},{"taxonomy":"product_tag","embeddable":true,"href":"https:\/\/shop.bantam.ch\/fr\/wp-json\/wp\/v2\/product_tag?post=224084"}],"curies":[{"name":"wp","href":"https:\/\/api.w.org\/{rel}","templated":true}]}}