{"id":224066,"date":"2025-12-17T14:19:31","date_gmt":"2025-12-17T13:19:31","guid":{"rendered":"https:\/\/shop.bantam.ch\/produit\/rideau-therm-hindermann-lux-2-pour-hymer-classe-b-mc-modern-comfort-apd-2018\/"},"modified":"2026-04-18T23:40:16","modified_gmt":"2026-04-18T21:40:16","slug":"rideau-therm-hindermann-lux-2-pour-hymer-classe-b-mc-modern-comfort-apd-2018","status":"publish","type":"product","link":"https:\/\/shop.bantam.ch\/fr\/produit\/rideau-therm-hindermann-lux-2-pour-hymer-classe-b-mc-modern-comfort-apd-2018\/","title":{"rendered":"Rideau therm. HINDERMANN LUX 2 pour Hymer Classe-B-MC Modern Comfort \u00e0pd 2018"},"content":{"rendered":"<p>Pour les monospaces, les capucines, les v\u00e9hicules int\u00e9graux et semi-int\u00e9graux<br \/>\nTapis de fen\u00eatre thermique LUX<br \/>\nLes tapis de fen\u00eatre thermiques LUX HINDERMANN en une seule pi\u00e8ce sont d&rsquo;une part l&rsquo;isolation thermique id\u00e9ale pour les vacances d&rsquo;hiver, et d&rsquo;autre part, ils offrent une protection efficace contre les rayons du soleil en \u00e9t\u00e9. En utilisation hivernale, l&rsquo;isolation ext\u00e9rieure augmente la temp\u00e9rature de surface du c\u00f4t\u00e9 int\u00e9rieur des vitres et r\u00e9duit ainsi consid\u00e9rablement le risque de formation de condensation \u00e0 l&rsquo;int\u00e9rieur du v\u00e9hicule.<br \/>\nEn \u00e9t\u00e9, lorsque les vitres sont ferm\u00e9es, les rayons du soleil ne traversent pas le verre et l&rsquo;habitacle ne peut pas se r\u00e9chauffer aussi facilement. Par beau temps ensoleill\u00e9 en hiver, le volet avant peut \u00eatre ouvert et les rayons du soleil peuvent continuer \u00e0 r\u00e9chauffer l&rsquo;habitacle, ce qui permet au campeur d&rsquo;\u00e9conomiser de l&rsquo;\u00e9nergie de chauffage.<br \/>\nPour convient \u00e0 Hymer Classe-B-MC Modern Comfort \u00e0 partir de 2018<\/p>\n","protected":false},"excerpt":{"rendered":"<p>Pour les monospaces, les capucines, les v\u00e9hicules int\u00e9graux et semi-int\u00e9graux Tapis de fen\u00eatre thermique LUX Les tapis de fen\u00eatre thermiques LUX HINDERMANN en une seule pi\u00e8ce sont d&rsquo;une part l&rsquo;isolation thermique id\u00e9ale pour les vacances d&rsquo;hiver, et d&rsquo;autre part, ils offrent une protection efficace contre les rayons du soleil en \u00e9t\u00e9. En utilisation hivernale, l&rsquo;isolation [&hellip;]<\/p>\n","protected":false},"featured_media":224064,"template":"","meta":{"_acf_changed":false},"product_featured_cat":[],"product_brand":[],"product_cat":[4641],"product_tag":[],"class_list":{"0":"post-224066","1":"product","2":"type-product","3":"status-publish","4":"has-post-thumbnail","6":"product_cat-matelas-et-rideaux-thermiques","8":"first","9":"instock","10":"taxable","11":"shipping-taxable","12":"purchasable","13":"product-type-simple"},"acf":[],"yoast_head":"<!-- This site is optimized with the Yoast SEO plugin v27.4 - https:\/\/yoast.com\/product\/yoast-seo-wordpress\/ -->\n<title>Rideau therm. HINDERMANN LUX 2 pour Hymer Classe-B-MC Modern Comfort \u00e0pd 2018 - Bantam Wankm\u00fcller SA<\/title>\n<meta name=\"robots\" content=\"index, follow, max-snippet:-1, max-image-preview:large, max-video-preview:-1\" \/>\n<link rel=\"canonical\" href=\"https:\/\/shop.bantam.ch\/fr\/produit\/rideau-therm-hindermann-lux-2-pour-hymer-classe-b-mc-modern-comfort-apd-2018\/\" \/>\n<meta property=\"og:locale\" content=\"fr_FR\" \/>\n<meta property=\"og:type\" content=\"article\" \/>\n<meta property=\"og:title\" content=\"Rideau therm. HINDERMANN LUX 2 pour Hymer Classe-B-MC Modern Comfort \u00e0pd 2018 - Bantam Wankm\u00fcller SA\" \/>\n<meta property=\"og:description\" content=\"Pour les monospaces, les capucines, les v\u00e9hicules int\u00e9graux et semi-int\u00e9graux Tapis de fen\u00eatre thermique LUX Les tapis de fen\u00eatre thermiques LUX HINDERMANN en une seule pi\u00e8ce sont d&rsquo;une part l&rsquo;isolation thermique id\u00e9ale pour les vacances d&rsquo;hiver, et d&rsquo;autre part, ils offrent une protection efficace contre les rayons du soleil en \u00e9t\u00e9. En utilisation hivernale, l&rsquo;isolation [&hellip;]\" \/>\n<meta property=\"og:url\" content=\"https:\/\/shop.bantam.ch\/fr\/produit\/rideau-therm-hindermann-lux-2-pour-hymer-classe-b-mc-modern-comfort-apd-2018\/\" \/>\n<meta property=\"og:site_name\" content=\"Bantam Wankm\u00fcller SA\" \/>\n<meta property=\"article:modified_time\" content=\"2026-04-18T21:40:16+00:00\" \/>\n<meta name=\"twitter:card\" content=\"summary_large_image\" \/>\n<meta name=\"twitter:label1\" content=\"Dur\u00e9e de lecture estim\u00e9e\" \/>\n\t<meta name=\"twitter:data1\" content=\"1 minute\" \/>\n<script type=\"application\/ld+json\" class=\"yoast-schema-graph\">{\"@context\":\"https:\\\/\\\/schema.org\",\"@graph\":[{\"@type\":\"WebPage\",\"@id\":\"https:\\\/\\\/shop.bantam.ch\\\/fr\\\/produit\\\/rideau-therm-hindermann-lux-2-pour-hymer-classe-b-mc-modern-comfort-apd-2018\\\/\",\"url\":\"https:\\\/\\\/shop.bantam.ch\\\/fr\\\/produit\\\/rideau-therm-hindermann-lux-2-pour-hymer-classe-b-mc-modern-comfort-apd-2018\\\/\",\"name\":\"Rideau therm. HINDERMANN LUX 2 pour Hymer Classe-B-MC Modern Comfort \u00e0pd 2018 - Bantam Wankm\u00fcller SA\",\"isPartOf\":{\"@id\":\"https:\\\/\\\/shop.bantam.ch\\\/fr\\\/#website\"},\"primaryImageOfPage\":{\"@id\":\"https:\\\/\\\/shop.bantam.ch\\\/fr\\\/produit\\\/rideau-therm-hindermann-lux-2-pour-hymer-classe-b-mc-modern-comfort-apd-2018\\\/#primaryimage\"},\"image\":{\"@id\":\"https:\\\/\\\/shop.bantam.ch\\\/fr\\\/produit\\\/rideau-therm-hindermann-lux-2-pour-hymer-classe-b-mc-modern-comfort-apd-2018\\\/#primaryimage\"},\"thumbnailUrl\":\"https:\\\/\\\/shop.bantam.ch\\\/wp-content\\\/uploads\\\/2025\\\/12\\\/Movera-L-9937559100.jpg\",\"datePublished\":\"2025-12-17T13:19:31+00:00\",\"dateModified\":\"2026-04-18T21:40:16+00:00\",\"breadcrumb\":{\"@id\":\"https:\\\/\\\/shop.bantam.ch\\\/fr\\\/produit\\\/rideau-therm-hindermann-lux-2-pour-hymer-classe-b-mc-modern-comfort-apd-2018\\\/#breadcrumb\"},\"inLanguage\":\"fr-FR\",\"potentialAction\":[{\"@type\":\"ReadAction\",\"target\":[\"https:\\\/\\\/shop.bantam.ch\\\/fr\\\/produit\\\/rideau-therm-hindermann-lux-2-pour-hymer-classe-b-mc-modern-comfort-apd-2018\\\/\"]}]},{\"@type\":\"ImageObject\",\"inLanguage\":\"fr-FR\",\"@id\":\"https:\\\/\\\/shop.bantam.ch\\\/fr\\\/produit\\\/rideau-therm-hindermann-lux-2-pour-hymer-classe-b-mc-modern-comfort-apd-2018\\\/#primaryimage\",\"url\":\"https:\\\/\\\/shop.bantam.ch\\\/wp-content\\\/uploads\\\/2025\\\/12\\\/Movera-L-9937559100.jpg\",\"contentUrl\":\"https:\\\/\\\/shop.bantam.ch\\\/wp-content\\\/uploads\\\/2025\\\/12\\\/Movera-L-9937559100.jpg\",\"width\":640,\"height\":427},{\"@type\":\"BreadcrumbList\",\"@id\":\"https:\\\/\\\/shop.bantam.ch\\\/fr\\\/produit\\\/rideau-therm-hindermann-lux-2-pour-hymer-classe-b-mc-modern-comfort-apd-2018\\\/#breadcrumb\",\"itemListElement\":[{\"@type\":\"ListItem\",\"position\":1,\"name\":\"Accueil\",\"item\":\"https:\\\/\\\/shop.bantam.ch\\\/fr\\\/\"},{\"@type\":\"ListItem\",\"position\":2,\"name\":\"Boutique\",\"item\":\"https:\\\/\\\/shop.bantam.ch\\\/fr\\\/boutique\\\/\"},{\"@type\":\"ListItem\",\"position\":3,\"name\":\"Rideau therm. HINDERMANN LUX 2 pour Hymer Classe-B-MC Modern Comfort \u00e0pd 2018\"}]},{\"@type\":\"WebSite\",\"@id\":\"https:\\\/\\\/shop.bantam.ch\\\/fr\\\/#website\",\"url\":\"https:\\\/\\\/shop.bantam.ch\\\/fr\\\/\",\"name\":\"Bantam Wankm\u00fcller SA\",\"description\":\"\",\"publisher\":{\"@id\":\"https:\\\/\\\/shop.bantam.ch\\\/fr\\\/#organization\"},\"inLanguage\":\"fr-FR\"},{\"@type\":\"Organization\",\"@id\":\"https:\\\/\\\/shop.bantam.ch\\\/fr\\\/#organization\",\"name\":\"Bantam Wankm\u00fcller SA\",\"url\":\"https:\\\/\\\/shop.bantam.ch\\\/fr\\\/\",\"logo\":{\"@type\":\"ImageObject\",\"inLanguage\":\"fr-FR\",\"@id\":\"https:\\\/\\\/shop.bantam.ch\\\/fr\\\/#\\\/schema\\\/logo\\\/image\\\/\",\"url\":\"https:\\\/\\\/shop.bantam.ch\\\/wp-content\\\/uploads\\\/2022\\\/12\\\/bantam-logo.png\",\"contentUrl\":\"https:\\\/\\\/shop.bantam.ch\\\/wp-content\\\/uploads\\\/2022\\\/12\\\/bantam-logo.png\",\"width\":320,\"height\":71,\"caption\":\"Bantam Wankm\u00fcller SA\"},\"image\":{\"@id\":\"https:\\\/\\\/shop.bantam.ch\\\/fr\\\/#\\\/schema\\\/logo\\\/image\\\/\"}}]}<\/script>\n<!-- \/ Yoast SEO plugin. -->","yoast_head_json":{"title":"Rideau therm. HINDERMANN LUX 2 pour Hymer Classe-B-MC Modern Comfort \u00e0pd 2018 - Bantam Wankm\u00fcller SA","robots":{"index":"index","follow":"follow","max-snippet":"max-snippet:-1","max-image-preview":"max-image-preview:large","max-video-preview":"max-video-preview:-1"},"canonical":"https:\/\/shop.bantam.ch\/fr\/produit\/rideau-therm-hindermann-lux-2-pour-hymer-classe-b-mc-modern-comfort-apd-2018\/","og_locale":"fr_FR","og_type":"article","og_title":"Rideau therm. HINDERMANN LUX 2 pour Hymer Classe-B-MC Modern Comfort \u00e0pd 2018 - Bantam Wankm\u00fcller SA","og_description":"Pour les monospaces, les capucines, les v\u00e9hicules int\u00e9graux et semi-int\u00e9graux Tapis de fen\u00eatre thermique LUX Les tapis de fen\u00eatre thermiques LUX HINDERMANN en une seule pi\u00e8ce sont d&rsquo;une part l&rsquo;isolation thermique id\u00e9ale pour les vacances d&rsquo;hiver, et d&rsquo;autre part, ils offrent une protection efficace contre les rayons du soleil en \u00e9t\u00e9. En utilisation hivernale, l&rsquo;isolation [&hellip;]","og_url":"https:\/\/shop.bantam.ch\/fr\/produit\/rideau-therm-hindermann-lux-2-pour-hymer-classe-b-mc-modern-comfort-apd-2018\/","og_site_name":"Bantam Wankm\u00fcller SA","article_modified_time":"2026-04-18T21:40:16+00:00","twitter_card":"summary_large_image","twitter_misc":{"Dur\u00e9e de lecture estim\u00e9e":"1 minute"},"schema":{"@context":"https:\/\/schema.org","@graph":[{"@type":"WebPage","@id":"https:\/\/shop.bantam.ch\/fr\/produit\/rideau-therm-hindermann-lux-2-pour-hymer-classe-b-mc-modern-comfort-apd-2018\/","url":"https:\/\/shop.bantam.ch\/fr\/produit\/rideau-therm-hindermann-lux-2-pour-hymer-classe-b-mc-modern-comfort-apd-2018\/","name":"Rideau therm. HINDERMANN LUX 2 pour Hymer Classe-B-MC Modern Comfort \u00e0pd 2018 - Bantam Wankm\u00fcller SA","isPartOf":{"@id":"https:\/\/shop.bantam.ch\/fr\/#website"},"primaryImageOfPage":{"@id":"https:\/\/shop.bantam.ch\/fr\/produit\/rideau-therm-hindermann-lux-2-pour-hymer-classe-b-mc-modern-comfort-apd-2018\/#primaryimage"},"image":{"@id":"https:\/\/shop.bantam.ch\/fr\/produit\/rideau-therm-hindermann-lux-2-pour-hymer-classe-b-mc-modern-comfort-apd-2018\/#primaryimage"},"thumbnailUrl":"https:\/\/shop.bantam.ch\/wp-content\/uploads\/2025\/12\/Movera-L-9937559100.jpg","datePublished":"2025-12-17T13:19:31+00:00","dateModified":"2026-04-18T21:40:16+00:00","breadcrumb":{"@id":"https:\/\/shop.bantam.ch\/fr\/produit\/rideau-therm-hindermann-lux-2-pour-hymer-classe-b-mc-modern-comfort-apd-2018\/#breadcrumb"},"inLanguage":"fr-FR","potentialAction":[{"@type":"ReadAction","target":["https:\/\/shop.bantam.ch\/fr\/produit\/rideau-therm-hindermann-lux-2-pour-hymer-classe-b-mc-modern-comfort-apd-2018\/"]}]},{"@type":"ImageObject","inLanguage":"fr-FR","@id":"https:\/\/shop.bantam.ch\/fr\/produit\/rideau-therm-hindermann-lux-2-pour-hymer-classe-b-mc-modern-comfort-apd-2018\/#primaryimage","url":"https:\/\/shop.bantam.ch\/wp-content\/uploads\/2025\/12\/Movera-L-9937559100.jpg","contentUrl":"https:\/\/shop.bantam.ch\/wp-content\/uploads\/2025\/12\/Movera-L-9937559100.jpg","width":640,"height":427},{"@type":"BreadcrumbList","@id":"https:\/\/shop.bantam.ch\/fr\/produit\/rideau-therm-hindermann-lux-2-pour-hymer-classe-b-mc-modern-comfort-apd-2018\/#breadcrumb","itemListElement":[{"@type":"ListItem","position":1,"name":"Accueil","item":"https:\/\/shop.bantam.ch\/fr\/"},{"@type":"ListItem","position":2,"name":"Boutique","item":"https:\/\/shop.bantam.ch\/fr\/boutique\/"},{"@type":"ListItem","position":3,"name":"Rideau therm. HINDERMANN LUX 2 pour Hymer Classe-B-MC Modern Comfort \u00e0pd 2018"}]},{"@type":"WebSite","@id":"https:\/\/shop.bantam.ch\/fr\/#website","url":"https:\/\/shop.bantam.ch\/fr\/","name":"Bantam Wankm\u00fcller SA","description":"","publisher":{"@id":"https:\/\/shop.bantam.ch\/fr\/#organization"},"inLanguage":"fr-FR"},{"@type":"Organization","@id":"https:\/\/shop.bantam.ch\/fr\/#organization","name":"Bantam Wankm\u00fcller SA","url":"https:\/\/shop.bantam.ch\/fr\/","logo":{"@type":"ImageObject","inLanguage":"fr-FR","@id":"https:\/\/shop.bantam.ch\/fr\/#\/schema\/logo\/image\/","url":"https:\/\/shop.bantam.ch\/wp-content\/uploads\/2022\/12\/bantam-logo.png","contentUrl":"https:\/\/shop.bantam.ch\/wp-content\/uploads\/2022\/12\/bantam-logo.png","width":320,"height":71,"caption":"Bantam Wankm\u00fcller SA"},"image":{"@id":"https:\/\/shop.bantam.ch\/fr\/#\/schema\/logo\/image\/"}}]}},"_links":{"self":[{"href":"https:\/\/shop.bantam.ch\/fr\/wp-json\/wp\/v2\/product\/224066","targetHints":{"allow":["GET"]}}],"collection":[{"href":"https:\/\/shop.bantam.ch\/fr\/wp-json\/wp\/v2\/product"}],"about":[{"href":"https:\/\/shop.bantam.ch\/fr\/wp-json\/wp\/v2\/types\/product"}],"wp:featuredmedia":[{"embeddable":true,"href":"https:\/\/shop.bantam.ch\/fr\/wp-json\/wp\/v2\/media\/224064"}],"wp:attachment":[{"href":"https:\/\/shop.bantam.ch\/fr\/wp-json\/wp\/v2\/media?parent=224066"}],"wp:term":[{"taxonomy":"product_featured_cat","embeddable":true,"href":"https:\/\/shop.bantam.ch\/fr\/wp-json\/wp\/v2\/product_featured_cat?post=224066"},{"taxonomy":"product_brand","embeddable":true,"href":"https:\/\/shop.bantam.ch\/fr\/wp-json\/wp\/v2\/product_brand?post=224066"},{"taxonomy":"product_cat","embeddable":true,"href":"https:\/\/shop.bantam.ch\/fr\/wp-json\/wp\/v2\/product_cat?post=224066"},{"taxonomy":"product_tag","embeddable":true,"href":"https:\/\/shop.bantam.ch\/fr\/wp-json\/wp\/v2\/product_tag?post=224066"}],"curies":[{"name":"wp","href":"https:\/\/api.w.org\/{rel}","templated":true}]}}