{"id":223994,"date":"2025-12-17T14:17:21","date_gmt":"2025-12-17T13:17:21","guid":{"rendered":"https:\/\/shop.bantam.ch\/produit\/piece-de-commande-phaesun-victron-color-control-gx-_victron-1-67-008625_\/"},"modified":"2026-04-19T23:43:33","modified_gmt":"2026-04-19T21:43:33","slug":"piece-de-commande-phaesun-victron-color-control-gx-_victron-1-67-008625_","status":"publish","type":"product","link":"https:\/\/shop.bantam.ch\/fr\/produit\/piece-de-commande-phaesun-victron-color-control-gx-_victron-1-67-008625_\/","title":{"rendered":"Pi\u00e8ce de commande Phaesun Victron Color Control GX _Victron 1-67-008625_"},"content":{"rendered":"<p>8-70 VDC, consommation propre 3 W, 2x VE.Direct, 2x VE.Bus, 2x VE.Can, Ethernet, Micro-SD, 2x USB, 1x relais, affichage<br \/>\nLe Color Control (CCGX) offre une utilisation et une surveillance intuitives de tous les appareils connect\u00e9s. La liste&nbsp;<br \/>\ndes produits Victron qui peuvent y \u00eatre connect\u00e9s est presque infinie : onduleurs, multis, quattros, nos&nbsp;<br \/>\nles derniers chargeurs solaires MPPT, BMV-700, BMV-600, Lynx Ion + Shunt et bien d&rsquo;autres appareils encore.<br \/>\nPoids : 0,32 kg<br \/>\nDimensions : 130 x 120 x 40 mm LxlxH<\/p>\n","protected":false},"excerpt":{"rendered":"<p>8-70 VDC, consommation propre 3 W, 2x VE.Direct, 2x VE.Bus, 2x VE.Can, Ethernet, Micro-SD, 2x USB, 1x relais, affichage Le Color Control (CCGX) offre une utilisation et une surveillance intuitives de tous les appareils connect\u00e9s. La liste&nbsp; des produits Victron qui peuvent y \u00eatre connect\u00e9s est presque infinie : onduleurs, multis, quattros, nos&nbsp; les derniers [&hellip;]<\/p>\n","protected":false},"featured_media":223992,"template":"","meta":{"_acf_changed":false},"product_featured_cat":[],"product_brand":[],"product_cat":[4191],"product_tag":[],"class_list":{"0":"post-223994","1":"product","2":"type-product","3":"status-publish","4":"has-post-thumbnail","6":"product_cat-panneaux-daffichage","8":"first","9":"instock","10":"taxable","11":"shipping-taxable","12":"purchasable","13":"product-type-simple"},"acf":[],"yoast_head":"<!-- This site is optimized with the Yoast SEO plugin v27.4 - https:\/\/yoast.com\/product\/yoast-seo-wordpress\/ -->\n<title>Pi\u00e8ce de commande Phaesun Victron Color Control GX _Victron 1-67-008625_ - Bantam Wankm\u00fcller SA<\/title>\n<meta name=\"robots\" content=\"index, follow, max-snippet:-1, max-image-preview:large, max-video-preview:-1\" \/>\n<link rel=\"canonical\" href=\"https:\/\/shop.bantam.ch\/fr\/produit\/piece-de-commande-phaesun-victron-color-control-gx-_victron-1-67-008625_\/\" \/>\n<meta property=\"og:locale\" content=\"fr_FR\" \/>\n<meta property=\"og:type\" content=\"article\" \/>\n<meta property=\"og:title\" content=\"Pi\u00e8ce de commande Phaesun Victron Color Control GX _Victron 1-67-008625_ - Bantam Wankm\u00fcller SA\" \/>\n<meta property=\"og:description\" content=\"8-70 VDC, consommation propre 3 W, 2x VE.Direct, 2x VE.Bus, 2x VE.Can, Ethernet, Micro-SD, 2x USB, 1x relais, affichage Le Color Control (CCGX) offre une utilisation et une surveillance intuitives de tous les appareils connect\u00e9s. La liste&nbsp; des produits Victron qui peuvent y \u00eatre connect\u00e9s est presque infinie : onduleurs, multis, quattros, nos&nbsp; les derniers [&hellip;]\" \/>\n<meta property=\"og:url\" content=\"https:\/\/shop.bantam.ch\/fr\/produit\/piece-de-commande-phaesun-victron-color-control-gx-_victron-1-67-008625_\/\" \/>\n<meta property=\"og:site_name\" content=\"Bantam Wankm\u00fcller SA\" \/>\n<meta property=\"article:modified_time\" content=\"2026-04-19T21:43:33+00:00\" \/>\n<meta name=\"twitter:card\" content=\"summary_large_image\" \/>\n<script type=\"application\/ld+json\" class=\"yoast-schema-graph\">{\"@context\":\"https:\\\/\\\/schema.org\",\"@graph\":[{\"@type\":\"WebPage\",\"@id\":\"https:\\\/\\\/shop.bantam.ch\\\/fr\\\/produit\\\/piece-de-commande-phaesun-victron-color-control-gx-_victron-1-67-008625_\\\/\",\"url\":\"https:\\\/\\\/shop.bantam.ch\\\/fr\\\/produit\\\/piece-de-commande-phaesun-victron-color-control-gx-_victron-1-67-008625_\\\/\",\"name\":\"Pi\u00e8ce de commande Phaesun Victron Color Control GX _Victron 1-67-008625_ - Bantam Wankm\u00fcller SA\",\"isPartOf\":{\"@id\":\"https:\\\/\\\/shop.bantam.ch\\\/fr\\\/#website\"},\"primaryImageOfPage\":{\"@id\":\"https:\\\/\\\/shop.bantam.ch\\\/fr\\\/produit\\\/piece-de-commande-phaesun-victron-color-control-gx-_victron-1-67-008625_\\\/#primaryimage\"},\"image\":{\"@id\":\"https:\\\/\\\/shop.bantam.ch\\\/fr\\\/produit\\\/piece-de-commande-phaesun-victron-color-control-gx-_victron-1-67-008625_\\\/#primaryimage\"},\"thumbnailUrl\":\"https:\\\/\\\/shop.bantam.ch\\\/wp-content\\\/uploads\\\/2025\\\/12\\\/Movera-L-9936944100.jpg\",\"datePublished\":\"2025-12-17T13:17:21+00:00\",\"dateModified\":\"2026-04-19T21:43:33+00:00\",\"breadcrumb\":{\"@id\":\"https:\\\/\\\/shop.bantam.ch\\\/fr\\\/produit\\\/piece-de-commande-phaesun-victron-color-control-gx-_victron-1-67-008625_\\\/#breadcrumb\"},\"inLanguage\":\"fr-FR\",\"potentialAction\":[{\"@type\":\"ReadAction\",\"target\":[\"https:\\\/\\\/shop.bantam.ch\\\/fr\\\/produit\\\/piece-de-commande-phaesun-victron-color-control-gx-_victron-1-67-008625_\\\/\"]}]},{\"@type\":\"ImageObject\",\"inLanguage\":\"fr-FR\",\"@id\":\"https:\\\/\\\/shop.bantam.ch\\\/fr\\\/produit\\\/piece-de-commande-phaesun-victron-color-control-gx-_victron-1-67-008625_\\\/#primaryimage\",\"url\":\"https:\\\/\\\/shop.bantam.ch\\\/wp-content\\\/uploads\\\/2025\\\/12\\\/Movera-L-9936944100.jpg\",\"contentUrl\":\"https:\\\/\\\/shop.bantam.ch\\\/wp-content\\\/uploads\\\/2025\\\/12\\\/Movera-L-9936944100.jpg\",\"width\":640,\"height\":495},{\"@type\":\"BreadcrumbList\",\"@id\":\"https:\\\/\\\/shop.bantam.ch\\\/fr\\\/produit\\\/piece-de-commande-phaesun-victron-color-control-gx-_victron-1-67-008625_\\\/#breadcrumb\",\"itemListElement\":[{\"@type\":\"ListItem\",\"position\":1,\"name\":\"Accueil\",\"item\":\"https:\\\/\\\/shop.bantam.ch\\\/fr\\\/\"},{\"@type\":\"ListItem\",\"position\":2,\"name\":\"Boutique\",\"item\":\"https:\\\/\\\/shop.bantam.ch\\\/fr\\\/boutique\\\/\"},{\"@type\":\"ListItem\",\"position\":3,\"name\":\"Pi\u00e8ce de commande Phaesun Victron Color Control GX _Victron 1-67-008625_\"}]},{\"@type\":\"WebSite\",\"@id\":\"https:\\\/\\\/shop.bantam.ch\\\/fr\\\/#website\",\"url\":\"https:\\\/\\\/shop.bantam.ch\\\/fr\\\/\",\"name\":\"Bantam Wankm\u00fcller SA\",\"description\":\"\",\"publisher\":{\"@id\":\"https:\\\/\\\/shop.bantam.ch\\\/fr\\\/#organization\"},\"inLanguage\":\"fr-FR\"},{\"@type\":\"Organization\",\"@id\":\"https:\\\/\\\/shop.bantam.ch\\\/fr\\\/#organization\",\"name\":\"Bantam Wankm\u00fcller SA\",\"url\":\"https:\\\/\\\/shop.bantam.ch\\\/fr\\\/\",\"logo\":{\"@type\":\"ImageObject\",\"inLanguage\":\"fr-FR\",\"@id\":\"https:\\\/\\\/shop.bantam.ch\\\/fr\\\/#\\\/schema\\\/logo\\\/image\\\/\",\"url\":\"https:\\\/\\\/shop.bantam.ch\\\/wp-content\\\/uploads\\\/2022\\\/12\\\/bantam-logo.png\",\"contentUrl\":\"https:\\\/\\\/shop.bantam.ch\\\/wp-content\\\/uploads\\\/2022\\\/12\\\/bantam-logo.png\",\"width\":320,\"height\":71,\"caption\":\"Bantam Wankm\u00fcller SA\"},\"image\":{\"@id\":\"https:\\\/\\\/shop.bantam.ch\\\/fr\\\/#\\\/schema\\\/logo\\\/image\\\/\"}}]}<\/script>\n<!-- \/ Yoast SEO plugin. -->","yoast_head_json":{"title":"Pi\u00e8ce de commande Phaesun Victron Color Control GX _Victron 1-67-008625_ - Bantam Wankm\u00fcller SA","robots":{"index":"index","follow":"follow","max-snippet":"max-snippet:-1","max-image-preview":"max-image-preview:large","max-video-preview":"max-video-preview:-1"},"canonical":"https:\/\/shop.bantam.ch\/fr\/produit\/piece-de-commande-phaesun-victron-color-control-gx-_victron-1-67-008625_\/","og_locale":"fr_FR","og_type":"article","og_title":"Pi\u00e8ce de commande Phaesun Victron Color Control GX _Victron 1-67-008625_ - Bantam Wankm\u00fcller SA","og_description":"8-70 VDC, consommation propre 3 W, 2x VE.Direct, 2x VE.Bus, 2x VE.Can, Ethernet, Micro-SD, 2x USB, 1x relais, affichage Le Color Control (CCGX) offre une utilisation et une surveillance intuitives de tous les appareils connect\u00e9s. La liste&nbsp; des produits Victron qui peuvent y \u00eatre connect\u00e9s est presque infinie : onduleurs, multis, quattros, nos&nbsp; les derniers [&hellip;]","og_url":"https:\/\/shop.bantam.ch\/fr\/produit\/piece-de-commande-phaesun-victron-color-control-gx-_victron-1-67-008625_\/","og_site_name":"Bantam Wankm\u00fcller SA","article_modified_time":"2026-04-19T21:43:33+00:00","twitter_card":"summary_large_image","schema":{"@context":"https:\/\/schema.org","@graph":[{"@type":"WebPage","@id":"https:\/\/shop.bantam.ch\/fr\/produit\/piece-de-commande-phaesun-victron-color-control-gx-_victron-1-67-008625_\/","url":"https:\/\/shop.bantam.ch\/fr\/produit\/piece-de-commande-phaesun-victron-color-control-gx-_victron-1-67-008625_\/","name":"Pi\u00e8ce de commande Phaesun Victron Color Control GX _Victron 1-67-008625_ - Bantam Wankm\u00fcller SA","isPartOf":{"@id":"https:\/\/shop.bantam.ch\/fr\/#website"},"primaryImageOfPage":{"@id":"https:\/\/shop.bantam.ch\/fr\/produit\/piece-de-commande-phaesun-victron-color-control-gx-_victron-1-67-008625_\/#primaryimage"},"image":{"@id":"https:\/\/shop.bantam.ch\/fr\/produit\/piece-de-commande-phaesun-victron-color-control-gx-_victron-1-67-008625_\/#primaryimage"},"thumbnailUrl":"https:\/\/shop.bantam.ch\/wp-content\/uploads\/2025\/12\/Movera-L-9936944100.jpg","datePublished":"2025-12-17T13:17:21+00:00","dateModified":"2026-04-19T21:43:33+00:00","breadcrumb":{"@id":"https:\/\/shop.bantam.ch\/fr\/produit\/piece-de-commande-phaesun-victron-color-control-gx-_victron-1-67-008625_\/#breadcrumb"},"inLanguage":"fr-FR","potentialAction":[{"@type":"ReadAction","target":["https:\/\/shop.bantam.ch\/fr\/produit\/piece-de-commande-phaesun-victron-color-control-gx-_victron-1-67-008625_\/"]}]},{"@type":"ImageObject","inLanguage":"fr-FR","@id":"https:\/\/shop.bantam.ch\/fr\/produit\/piece-de-commande-phaesun-victron-color-control-gx-_victron-1-67-008625_\/#primaryimage","url":"https:\/\/shop.bantam.ch\/wp-content\/uploads\/2025\/12\/Movera-L-9936944100.jpg","contentUrl":"https:\/\/shop.bantam.ch\/wp-content\/uploads\/2025\/12\/Movera-L-9936944100.jpg","width":640,"height":495},{"@type":"BreadcrumbList","@id":"https:\/\/shop.bantam.ch\/fr\/produit\/piece-de-commande-phaesun-victron-color-control-gx-_victron-1-67-008625_\/#breadcrumb","itemListElement":[{"@type":"ListItem","position":1,"name":"Accueil","item":"https:\/\/shop.bantam.ch\/fr\/"},{"@type":"ListItem","position":2,"name":"Boutique","item":"https:\/\/shop.bantam.ch\/fr\/boutique\/"},{"@type":"ListItem","position":3,"name":"Pi\u00e8ce de commande Phaesun Victron Color Control GX _Victron 1-67-008625_"}]},{"@type":"WebSite","@id":"https:\/\/shop.bantam.ch\/fr\/#website","url":"https:\/\/shop.bantam.ch\/fr\/","name":"Bantam Wankm\u00fcller SA","description":"","publisher":{"@id":"https:\/\/shop.bantam.ch\/fr\/#organization"},"inLanguage":"fr-FR"},{"@type":"Organization","@id":"https:\/\/shop.bantam.ch\/fr\/#organization","name":"Bantam Wankm\u00fcller SA","url":"https:\/\/shop.bantam.ch\/fr\/","logo":{"@type":"ImageObject","inLanguage":"fr-FR","@id":"https:\/\/shop.bantam.ch\/fr\/#\/schema\/logo\/image\/","url":"https:\/\/shop.bantam.ch\/wp-content\/uploads\/2022\/12\/bantam-logo.png","contentUrl":"https:\/\/shop.bantam.ch\/wp-content\/uploads\/2022\/12\/bantam-logo.png","width":320,"height":71,"caption":"Bantam Wankm\u00fcller SA"},"image":{"@id":"https:\/\/shop.bantam.ch\/fr\/#\/schema\/logo\/image\/"}}]}},"_links":{"self":[{"href":"https:\/\/shop.bantam.ch\/fr\/wp-json\/wp\/v2\/product\/223994","targetHints":{"allow":["GET"]}}],"collection":[{"href":"https:\/\/shop.bantam.ch\/fr\/wp-json\/wp\/v2\/product"}],"about":[{"href":"https:\/\/shop.bantam.ch\/fr\/wp-json\/wp\/v2\/types\/product"}],"wp:featuredmedia":[{"embeddable":true,"href":"https:\/\/shop.bantam.ch\/fr\/wp-json\/wp\/v2\/media\/223992"}],"wp:attachment":[{"href":"https:\/\/shop.bantam.ch\/fr\/wp-json\/wp\/v2\/media?parent=223994"}],"wp:term":[{"taxonomy":"product_featured_cat","embeddable":true,"href":"https:\/\/shop.bantam.ch\/fr\/wp-json\/wp\/v2\/product_featured_cat?post=223994"},{"taxonomy":"product_brand","embeddable":true,"href":"https:\/\/shop.bantam.ch\/fr\/wp-json\/wp\/v2\/product_brand?post=223994"},{"taxonomy":"product_cat","embeddable":true,"href":"https:\/\/shop.bantam.ch\/fr\/wp-json\/wp\/v2\/product_cat?post=223994"},{"taxonomy":"product_tag","embeddable":true,"href":"https:\/\/shop.bantam.ch\/fr\/wp-json\/wp\/v2\/product_tag?post=223994"}],"curies":[{"name":"wp","href":"https:\/\/api.w.org\/{rel}","templated":true}]}}