{"id":223886,"date":"2025-12-17T14:14:36","date_gmt":"2025-12-17T13:14:36","guid":{"rendered":"https:\/\/shop.bantam.ch\/produit\/adaptateur-de-store-dometic-45-m-pour-perfekt-roof-pour-carthago-chic-c-highliner\/"},"modified":"2026-04-19T23:43:04","modified_gmt":"2026-04-19T21:43:04","slug":"adaptateur-de-store-dometic-45-m-pour-perfekt-roof-pour-carthago-chic-c-highliner","status":"publish","type":"product","link":"https:\/\/shop.bantam.ch\/fr\/produit\/adaptateur-de-store-dometic-45-m-pour-perfekt-roof-pour-carthago-chic-c-highliner\/","title":{"rendered":"Adaptateur de store DOMETIC 4,5 m pour Perfekt Roof pour Carthago Chic-C Highliner"},"content":{"rendered":"<p>Adaptateur de store de toit, rail sur toute la longueur pour convient \u00e0 Carthago Chic, longueur 4,5 m. Cet adaptateur de Dometic garantit que votre store s&rsquo;adapte toujours parfaitement au toit de votre camping-car. Les adaptateurs de store Dometic sont aussi robustes que nos stores. Vous trouverez chez nous un grand choix d&rsquo;adaptateurs &#8211; \u00e9galement pour votre v\u00e9hicule ! Si vous ne trouvez pas d&rsquo;adaptateur adapt\u00e9 \u00e0 votre type de v\u00e9hicule, veuillez vous adresser directement \u00e0 Dometic ou \u00e0 votre revendeur Dometic local &#8211; nous trouverons certainement une solution \u00e0 vos besoins.<\/p>\n","protected":false},"excerpt":{"rendered":"<p>Adaptateur de store de toit, rail sur toute la longueur pour convient \u00e0 Carthago Chic, longueur 4,5 m. Cet adaptateur de Dometic garantit que votre store s&rsquo;adapte toujours parfaitement au toit de votre camping-car. Les adaptateurs de store Dometic sont aussi robustes que nos stores. Vous trouverez chez nous un grand choix d&rsquo;adaptateurs &#8211; \u00e9galement [&hellip;]<\/p>\n","protected":false},"featured_media":223884,"template":"","meta":{"_acf_changed":false},"product_featured_cat":[],"product_brand":[],"product_cat":[4225],"product_tag":[],"class_list":{"0":"post-223886","1":"product","2":"type-product","3":"status-publish","4":"has-post-thumbnail","6":"product_cat-adaptateurs-de-stores","8":"first","9":"instock","10":"taxable","11":"shipping-taxable","12":"purchasable","13":"product-type-simple"},"acf":[],"yoast_head":"<!-- This site is optimized with the Yoast SEO plugin v27.4 - https:\/\/yoast.com\/product\/yoast-seo-wordpress\/ -->\n<title>Adaptateur de store DOMETIC 4,5 m pour Perfekt Roof pour Carthago Chic-C Highliner - Bantam Wankm\u00fcller SA<\/title>\n<meta name=\"robots\" content=\"index, follow, max-snippet:-1, max-image-preview:large, max-video-preview:-1\" \/>\n<link rel=\"canonical\" href=\"https:\/\/shop.bantam.ch\/fr\/produit\/adaptateur-de-store-dometic-45-m-pour-perfekt-roof-pour-carthago-chic-c-highliner\/\" \/>\n<meta property=\"og:locale\" content=\"fr_FR\" \/>\n<meta property=\"og:type\" content=\"article\" \/>\n<meta property=\"og:title\" content=\"Adaptateur de store DOMETIC 4,5 m pour Perfekt Roof pour Carthago Chic-C Highliner - Bantam Wankm\u00fcller SA\" \/>\n<meta property=\"og:description\" content=\"Adaptateur de store de toit, rail sur toute la longueur pour convient \u00e0 Carthago Chic, longueur 4,5 m. Cet adaptateur de Dometic garantit que votre store s&rsquo;adapte toujours parfaitement au toit de votre camping-car. Les adaptateurs de store Dometic sont aussi robustes que nos stores. Vous trouverez chez nous un grand choix d&rsquo;adaptateurs &#8211; \u00e9galement [&hellip;]\" \/>\n<meta property=\"og:url\" content=\"https:\/\/shop.bantam.ch\/fr\/produit\/adaptateur-de-store-dometic-45-m-pour-perfekt-roof-pour-carthago-chic-c-highliner\/\" \/>\n<meta property=\"og:site_name\" content=\"Bantam Wankm\u00fcller SA\" \/>\n<meta property=\"article:modified_time\" content=\"2026-04-19T21:43:04+00:00\" \/>\n<meta name=\"twitter:card\" content=\"summary_large_image\" \/>\n<script type=\"application\/ld+json\" class=\"yoast-schema-graph\">{\"@context\":\"https:\\\/\\\/schema.org\",\"@graph\":[{\"@type\":\"WebPage\",\"@id\":\"https:\\\/\\\/shop.bantam.ch\\\/fr\\\/produit\\\/adaptateur-de-store-dometic-45-m-pour-perfekt-roof-pour-carthago-chic-c-highliner\\\/\",\"url\":\"https:\\\/\\\/shop.bantam.ch\\\/fr\\\/produit\\\/adaptateur-de-store-dometic-45-m-pour-perfekt-roof-pour-carthago-chic-c-highliner\\\/\",\"name\":\"Adaptateur de store DOMETIC 4,5 m pour Perfekt Roof pour Carthago Chic-C Highliner - Bantam Wankm\u00fcller SA\",\"isPartOf\":{\"@id\":\"https:\\\/\\\/shop.bantam.ch\\\/fr\\\/#website\"},\"primaryImageOfPage\":{\"@id\":\"https:\\\/\\\/shop.bantam.ch\\\/fr\\\/produit\\\/adaptateur-de-store-dometic-45-m-pour-perfekt-roof-pour-carthago-chic-c-highliner\\\/#primaryimage\"},\"image\":{\"@id\":\"https:\\\/\\\/shop.bantam.ch\\\/fr\\\/produit\\\/adaptateur-de-store-dometic-45-m-pour-perfekt-roof-pour-carthago-chic-c-highliner\\\/#primaryimage\"},\"thumbnailUrl\":\"https:\\\/\\\/shop.bantam.ch\\\/wp-content\\\/uploads\\\/2025\\\/12\\\/Movera-L-9938314100.jpg\",\"datePublished\":\"2025-12-17T13:14:36+00:00\",\"dateModified\":\"2026-04-19T21:43:04+00:00\",\"breadcrumb\":{\"@id\":\"https:\\\/\\\/shop.bantam.ch\\\/fr\\\/produit\\\/adaptateur-de-store-dometic-45-m-pour-perfekt-roof-pour-carthago-chic-c-highliner\\\/#breadcrumb\"},\"inLanguage\":\"fr-FR\",\"potentialAction\":[{\"@type\":\"ReadAction\",\"target\":[\"https:\\\/\\\/shop.bantam.ch\\\/fr\\\/produit\\\/adaptateur-de-store-dometic-45-m-pour-perfekt-roof-pour-carthago-chic-c-highliner\\\/\"]}]},{\"@type\":\"ImageObject\",\"inLanguage\":\"fr-FR\",\"@id\":\"https:\\\/\\\/shop.bantam.ch\\\/fr\\\/produit\\\/adaptateur-de-store-dometic-45-m-pour-perfekt-roof-pour-carthago-chic-c-highliner\\\/#primaryimage\",\"url\":\"https:\\\/\\\/shop.bantam.ch\\\/wp-content\\\/uploads\\\/2025\\\/12\\\/Movera-L-9938314100.jpg\",\"contentUrl\":\"https:\\\/\\\/shop.bantam.ch\\\/wp-content\\\/uploads\\\/2025\\\/12\\\/Movera-L-9938314100.jpg\",\"width\":640,\"height\":640},{\"@type\":\"BreadcrumbList\",\"@id\":\"https:\\\/\\\/shop.bantam.ch\\\/fr\\\/produit\\\/adaptateur-de-store-dometic-45-m-pour-perfekt-roof-pour-carthago-chic-c-highliner\\\/#breadcrumb\",\"itemListElement\":[{\"@type\":\"ListItem\",\"position\":1,\"name\":\"Accueil\",\"item\":\"https:\\\/\\\/shop.bantam.ch\\\/fr\\\/\"},{\"@type\":\"ListItem\",\"position\":2,\"name\":\"Boutique\",\"item\":\"https:\\\/\\\/shop.bantam.ch\\\/fr\\\/boutique\\\/\"},{\"@type\":\"ListItem\",\"position\":3,\"name\":\"Adaptateur de store DOMETIC 4,5 m pour Perfekt Roof pour Carthago Chic-C Highliner\"}]},{\"@type\":\"WebSite\",\"@id\":\"https:\\\/\\\/shop.bantam.ch\\\/fr\\\/#website\",\"url\":\"https:\\\/\\\/shop.bantam.ch\\\/fr\\\/\",\"name\":\"Bantam Wankm\u00fcller SA\",\"description\":\"\",\"publisher\":{\"@id\":\"https:\\\/\\\/shop.bantam.ch\\\/fr\\\/#organization\"},\"inLanguage\":\"fr-FR\"},{\"@type\":\"Organization\",\"@id\":\"https:\\\/\\\/shop.bantam.ch\\\/fr\\\/#organization\",\"name\":\"Bantam Wankm\u00fcller SA\",\"url\":\"https:\\\/\\\/shop.bantam.ch\\\/fr\\\/\",\"logo\":{\"@type\":\"ImageObject\",\"inLanguage\":\"fr-FR\",\"@id\":\"https:\\\/\\\/shop.bantam.ch\\\/fr\\\/#\\\/schema\\\/logo\\\/image\\\/\",\"url\":\"https:\\\/\\\/shop.bantam.ch\\\/wp-content\\\/uploads\\\/2022\\\/12\\\/bantam-logo.png\",\"contentUrl\":\"https:\\\/\\\/shop.bantam.ch\\\/wp-content\\\/uploads\\\/2022\\\/12\\\/bantam-logo.png\",\"width\":320,\"height\":71,\"caption\":\"Bantam Wankm\u00fcller SA\"},\"image\":{\"@id\":\"https:\\\/\\\/shop.bantam.ch\\\/fr\\\/#\\\/schema\\\/logo\\\/image\\\/\"}}]}<\/script>\n<!-- \/ Yoast SEO plugin. -->","yoast_head_json":{"title":"Adaptateur de store DOMETIC 4,5 m pour Perfekt Roof pour Carthago Chic-C Highliner - Bantam Wankm\u00fcller SA","robots":{"index":"index","follow":"follow","max-snippet":"max-snippet:-1","max-image-preview":"max-image-preview:large","max-video-preview":"max-video-preview:-1"},"canonical":"https:\/\/shop.bantam.ch\/fr\/produit\/adaptateur-de-store-dometic-45-m-pour-perfekt-roof-pour-carthago-chic-c-highliner\/","og_locale":"fr_FR","og_type":"article","og_title":"Adaptateur de store DOMETIC 4,5 m pour Perfekt Roof pour Carthago Chic-C Highliner - Bantam Wankm\u00fcller SA","og_description":"Adaptateur de store de toit, rail sur toute la longueur pour convient \u00e0 Carthago Chic, longueur 4,5 m. Cet adaptateur de Dometic garantit que votre store s&rsquo;adapte toujours parfaitement au toit de votre camping-car. Les adaptateurs de store Dometic sont aussi robustes que nos stores. Vous trouverez chez nous un grand choix d&rsquo;adaptateurs &#8211; \u00e9galement [&hellip;]","og_url":"https:\/\/shop.bantam.ch\/fr\/produit\/adaptateur-de-store-dometic-45-m-pour-perfekt-roof-pour-carthago-chic-c-highliner\/","og_site_name":"Bantam Wankm\u00fcller SA","article_modified_time":"2026-04-19T21:43:04+00:00","twitter_card":"summary_large_image","schema":{"@context":"https:\/\/schema.org","@graph":[{"@type":"WebPage","@id":"https:\/\/shop.bantam.ch\/fr\/produit\/adaptateur-de-store-dometic-45-m-pour-perfekt-roof-pour-carthago-chic-c-highliner\/","url":"https:\/\/shop.bantam.ch\/fr\/produit\/adaptateur-de-store-dometic-45-m-pour-perfekt-roof-pour-carthago-chic-c-highliner\/","name":"Adaptateur de store DOMETIC 4,5 m pour Perfekt Roof pour Carthago Chic-C Highliner - Bantam Wankm\u00fcller SA","isPartOf":{"@id":"https:\/\/shop.bantam.ch\/fr\/#website"},"primaryImageOfPage":{"@id":"https:\/\/shop.bantam.ch\/fr\/produit\/adaptateur-de-store-dometic-45-m-pour-perfekt-roof-pour-carthago-chic-c-highliner\/#primaryimage"},"image":{"@id":"https:\/\/shop.bantam.ch\/fr\/produit\/adaptateur-de-store-dometic-45-m-pour-perfekt-roof-pour-carthago-chic-c-highliner\/#primaryimage"},"thumbnailUrl":"https:\/\/shop.bantam.ch\/wp-content\/uploads\/2025\/12\/Movera-L-9938314100.jpg","datePublished":"2025-12-17T13:14:36+00:00","dateModified":"2026-04-19T21:43:04+00:00","breadcrumb":{"@id":"https:\/\/shop.bantam.ch\/fr\/produit\/adaptateur-de-store-dometic-45-m-pour-perfekt-roof-pour-carthago-chic-c-highliner\/#breadcrumb"},"inLanguage":"fr-FR","potentialAction":[{"@type":"ReadAction","target":["https:\/\/shop.bantam.ch\/fr\/produit\/adaptateur-de-store-dometic-45-m-pour-perfekt-roof-pour-carthago-chic-c-highliner\/"]}]},{"@type":"ImageObject","inLanguage":"fr-FR","@id":"https:\/\/shop.bantam.ch\/fr\/produit\/adaptateur-de-store-dometic-45-m-pour-perfekt-roof-pour-carthago-chic-c-highliner\/#primaryimage","url":"https:\/\/shop.bantam.ch\/wp-content\/uploads\/2025\/12\/Movera-L-9938314100.jpg","contentUrl":"https:\/\/shop.bantam.ch\/wp-content\/uploads\/2025\/12\/Movera-L-9938314100.jpg","width":640,"height":640},{"@type":"BreadcrumbList","@id":"https:\/\/shop.bantam.ch\/fr\/produit\/adaptateur-de-store-dometic-45-m-pour-perfekt-roof-pour-carthago-chic-c-highliner\/#breadcrumb","itemListElement":[{"@type":"ListItem","position":1,"name":"Accueil","item":"https:\/\/shop.bantam.ch\/fr\/"},{"@type":"ListItem","position":2,"name":"Boutique","item":"https:\/\/shop.bantam.ch\/fr\/boutique\/"},{"@type":"ListItem","position":3,"name":"Adaptateur de store DOMETIC 4,5 m pour Perfekt Roof pour Carthago Chic-C Highliner"}]},{"@type":"WebSite","@id":"https:\/\/shop.bantam.ch\/fr\/#website","url":"https:\/\/shop.bantam.ch\/fr\/","name":"Bantam Wankm\u00fcller SA","description":"","publisher":{"@id":"https:\/\/shop.bantam.ch\/fr\/#organization"},"inLanguage":"fr-FR"},{"@type":"Organization","@id":"https:\/\/shop.bantam.ch\/fr\/#organization","name":"Bantam Wankm\u00fcller SA","url":"https:\/\/shop.bantam.ch\/fr\/","logo":{"@type":"ImageObject","inLanguage":"fr-FR","@id":"https:\/\/shop.bantam.ch\/fr\/#\/schema\/logo\/image\/","url":"https:\/\/shop.bantam.ch\/wp-content\/uploads\/2022\/12\/bantam-logo.png","contentUrl":"https:\/\/shop.bantam.ch\/wp-content\/uploads\/2022\/12\/bantam-logo.png","width":320,"height":71,"caption":"Bantam Wankm\u00fcller SA"},"image":{"@id":"https:\/\/shop.bantam.ch\/fr\/#\/schema\/logo\/image\/"}}]}},"_links":{"self":[{"href":"https:\/\/shop.bantam.ch\/fr\/wp-json\/wp\/v2\/product\/223886","targetHints":{"allow":["GET"]}}],"collection":[{"href":"https:\/\/shop.bantam.ch\/fr\/wp-json\/wp\/v2\/product"}],"about":[{"href":"https:\/\/shop.bantam.ch\/fr\/wp-json\/wp\/v2\/types\/product"}],"wp:featuredmedia":[{"embeddable":true,"href":"https:\/\/shop.bantam.ch\/fr\/wp-json\/wp\/v2\/media\/223884"}],"wp:attachment":[{"href":"https:\/\/shop.bantam.ch\/fr\/wp-json\/wp\/v2\/media?parent=223886"}],"wp:term":[{"taxonomy":"product_featured_cat","embeddable":true,"href":"https:\/\/shop.bantam.ch\/fr\/wp-json\/wp\/v2\/product_featured_cat?post=223886"},{"taxonomy":"product_brand","embeddable":true,"href":"https:\/\/shop.bantam.ch\/fr\/wp-json\/wp\/v2\/product_brand?post=223886"},{"taxonomy":"product_cat","embeddable":true,"href":"https:\/\/shop.bantam.ch\/fr\/wp-json\/wp\/v2\/product_cat?post=223886"},{"taxonomy":"product_tag","embeddable":true,"href":"https:\/\/shop.bantam.ch\/fr\/wp-json\/wp\/v2\/product_tag?post=223886"}],"curies":[{"name":"wp","href":"https:\/\/api.w.org\/{rel}","templated":true}]}}