{"id":223876,"date":"2025-12-17T14:14:17","date_gmt":"2025-12-17T13:14:17","guid":{"rendered":"https:\/\/shop.bantam.ch\/produit\/reservoir-a-matieres-dometic-avec-adaptateurs-pour-toilette-cts-ctw\/"},"modified":"2026-04-19T23:42:57","modified_gmt":"2026-04-19T21:42:57","slug":"reservoir-a-matieres-dometic-avec-adaptateurs-pour-toilette-cts-ctw","status":"publish","type":"product","link":"https:\/\/shop.bantam.ch\/fr\/produit\/reservoir-a-matieres-dometic-avec-adaptateurs-pour-toilette-cts-ctw\/","title":{"rendered":"R\u00e9servoir \u00e0 mati\u00e8res DOMETIC avec adaptateurs pour toilette CTS\/CTW"},"content":{"rendered":"<p>R\u00e9servoir \u00e0 mati\u00e8res CTS\/CTW 4110\/3110, avec adaptateurs.<\/p>\n","protected":false},"excerpt":{"rendered":"<p>R\u00e9servoir \u00e0 mati\u00e8res CTS\/CTW 4110\/3110, avec adaptateurs.<\/p>\n","protected":false},"featured_media":223874,"template":"","meta":{"_acf_changed":false},"product_featured_cat":[],"product_brand":[],"product_cat":[4121],"product_tag":[],"class_list":{"0":"post-223876","1":"product","2":"type-product","3":"status-publish","4":"has-post-thumbnail","6":"product_cat-reservoirs-deau","8":"first","9":"instock","10":"taxable","11":"shipping-taxable","12":"purchasable","13":"product-type-simple"},"acf":[],"yoast_head":"<!-- This site is optimized with the Yoast SEO plugin v27.4 - https:\/\/yoast.com\/product\/yoast-seo-wordpress\/ -->\n<title>R\u00e9servoir \u00e0 mati\u00e8res DOMETIC avec adaptateurs pour toilette CTS\/CTW - Bantam Wankm\u00fcller SA<\/title>\n<meta name=\"robots\" content=\"index, follow, max-snippet:-1, max-image-preview:large, max-video-preview:-1\" \/>\n<link rel=\"canonical\" href=\"https:\/\/shop.bantam.ch\/fr\/produit\/reservoir-a-matieres-dometic-avec-adaptateurs-pour-toilette-cts-ctw\/\" \/>\n<meta property=\"og:locale\" content=\"fr_FR\" \/>\n<meta property=\"og:type\" content=\"article\" \/>\n<meta property=\"og:title\" content=\"R\u00e9servoir \u00e0 mati\u00e8res DOMETIC avec adaptateurs pour toilette CTS\/CTW - Bantam Wankm\u00fcller SA\" \/>\n<meta property=\"og:description\" content=\"R\u00e9servoir \u00e0 mati\u00e8res CTS\/CTW 4110\/3110, avec adaptateurs.\" \/>\n<meta property=\"og:url\" content=\"https:\/\/shop.bantam.ch\/fr\/produit\/reservoir-a-matieres-dometic-avec-adaptateurs-pour-toilette-cts-ctw\/\" \/>\n<meta property=\"og:site_name\" content=\"Bantam Wankm\u00fcller SA\" \/>\n<meta property=\"article:modified_time\" content=\"2026-04-19T21:42:57+00:00\" \/>\n<meta name=\"twitter:card\" content=\"summary_large_image\" \/>\n<script type=\"application\/ld+json\" class=\"yoast-schema-graph\">{\"@context\":\"https:\\\/\\\/schema.org\",\"@graph\":[{\"@type\":\"WebPage\",\"@id\":\"https:\\\/\\\/shop.bantam.ch\\\/fr\\\/produit\\\/reservoir-a-matieres-dometic-avec-adaptateurs-pour-toilette-cts-ctw\\\/\",\"url\":\"https:\\\/\\\/shop.bantam.ch\\\/fr\\\/produit\\\/reservoir-a-matieres-dometic-avec-adaptateurs-pour-toilette-cts-ctw\\\/\",\"name\":\"R\u00e9servoir \u00e0 mati\u00e8res DOMETIC avec adaptateurs pour toilette CTS\\\/CTW - Bantam Wankm\u00fcller SA\",\"isPartOf\":{\"@id\":\"https:\\\/\\\/shop.bantam.ch\\\/fr\\\/#website\"},\"primaryImageOfPage\":{\"@id\":\"https:\\\/\\\/shop.bantam.ch\\\/fr\\\/produit\\\/reservoir-a-matieres-dometic-avec-adaptateurs-pour-toilette-cts-ctw\\\/#primaryimage\"},\"image\":{\"@id\":\"https:\\\/\\\/shop.bantam.ch\\\/fr\\\/produit\\\/reservoir-a-matieres-dometic-avec-adaptateurs-pour-toilette-cts-ctw\\\/#primaryimage\"},\"thumbnailUrl\":\"https:\\\/\\\/shop.bantam.ch\\\/wp-content\\\/uploads\\\/2025\\\/12\\\/Movera-L-9938049100.jpg\",\"datePublished\":\"2025-12-17T13:14:17+00:00\",\"dateModified\":\"2026-04-19T21:42:57+00:00\",\"breadcrumb\":{\"@id\":\"https:\\\/\\\/shop.bantam.ch\\\/fr\\\/produit\\\/reservoir-a-matieres-dometic-avec-adaptateurs-pour-toilette-cts-ctw\\\/#breadcrumb\"},\"inLanguage\":\"fr-FR\",\"potentialAction\":[{\"@type\":\"ReadAction\",\"target\":[\"https:\\\/\\\/shop.bantam.ch\\\/fr\\\/produit\\\/reservoir-a-matieres-dometic-avec-adaptateurs-pour-toilette-cts-ctw\\\/\"]}]},{\"@type\":\"ImageObject\",\"inLanguage\":\"fr-FR\",\"@id\":\"https:\\\/\\\/shop.bantam.ch\\\/fr\\\/produit\\\/reservoir-a-matieres-dometic-avec-adaptateurs-pour-toilette-cts-ctw\\\/#primaryimage\",\"url\":\"https:\\\/\\\/shop.bantam.ch\\\/wp-content\\\/uploads\\\/2025\\\/12\\\/Movera-L-9938049100.jpg\",\"contentUrl\":\"https:\\\/\\\/shop.bantam.ch\\\/wp-content\\\/uploads\\\/2025\\\/12\\\/Movera-L-9938049100.jpg\",\"width\":490,\"height\":500},{\"@type\":\"BreadcrumbList\",\"@id\":\"https:\\\/\\\/shop.bantam.ch\\\/fr\\\/produit\\\/reservoir-a-matieres-dometic-avec-adaptateurs-pour-toilette-cts-ctw\\\/#breadcrumb\",\"itemListElement\":[{\"@type\":\"ListItem\",\"position\":1,\"name\":\"Accueil\",\"item\":\"https:\\\/\\\/shop.bantam.ch\\\/fr\\\/\"},{\"@type\":\"ListItem\",\"position\":2,\"name\":\"Boutique\",\"item\":\"https:\\\/\\\/shop.bantam.ch\\\/fr\\\/boutique\\\/\"},{\"@type\":\"ListItem\",\"position\":3,\"name\":\"R\u00e9servoir \u00e0 mati\u00e8res DOMETIC avec adaptateurs pour toilette CTS\\\/CTW\"}]},{\"@type\":\"WebSite\",\"@id\":\"https:\\\/\\\/shop.bantam.ch\\\/fr\\\/#website\",\"url\":\"https:\\\/\\\/shop.bantam.ch\\\/fr\\\/\",\"name\":\"Bantam Wankm\u00fcller SA\",\"description\":\"\",\"publisher\":{\"@id\":\"https:\\\/\\\/shop.bantam.ch\\\/fr\\\/#organization\"},\"inLanguage\":\"fr-FR\"},{\"@type\":\"Organization\",\"@id\":\"https:\\\/\\\/shop.bantam.ch\\\/fr\\\/#organization\",\"name\":\"Bantam Wankm\u00fcller SA\",\"url\":\"https:\\\/\\\/shop.bantam.ch\\\/fr\\\/\",\"logo\":{\"@type\":\"ImageObject\",\"inLanguage\":\"fr-FR\",\"@id\":\"https:\\\/\\\/shop.bantam.ch\\\/fr\\\/#\\\/schema\\\/logo\\\/image\\\/\",\"url\":\"https:\\\/\\\/shop.bantam.ch\\\/wp-content\\\/uploads\\\/2022\\\/12\\\/bantam-logo.png\",\"contentUrl\":\"https:\\\/\\\/shop.bantam.ch\\\/wp-content\\\/uploads\\\/2022\\\/12\\\/bantam-logo.png\",\"width\":320,\"height\":71,\"caption\":\"Bantam Wankm\u00fcller SA\"},\"image\":{\"@id\":\"https:\\\/\\\/shop.bantam.ch\\\/fr\\\/#\\\/schema\\\/logo\\\/image\\\/\"}}]}<\/script>\n<!-- \/ Yoast SEO plugin. -->","yoast_head_json":{"title":"R\u00e9servoir \u00e0 mati\u00e8res DOMETIC avec adaptateurs pour toilette CTS\/CTW - Bantam Wankm\u00fcller SA","robots":{"index":"index","follow":"follow","max-snippet":"max-snippet:-1","max-image-preview":"max-image-preview:large","max-video-preview":"max-video-preview:-1"},"canonical":"https:\/\/shop.bantam.ch\/fr\/produit\/reservoir-a-matieres-dometic-avec-adaptateurs-pour-toilette-cts-ctw\/","og_locale":"fr_FR","og_type":"article","og_title":"R\u00e9servoir \u00e0 mati\u00e8res DOMETIC avec adaptateurs pour toilette CTS\/CTW - Bantam Wankm\u00fcller SA","og_description":"R\u00e9servoir \u00e0 mati\u00e8res CTS\/CTW 4110\/3110, avec adaptateurs.","og_url":"https:\/\/shop.bantam.ch\/fr\/produit\/reservoir-a-matieres-dometic-avec-adaptateurs-pour-toilette-cts-ctw\/","og_site_name":"Bantam Wankm\u00fcller SA","article_modified_time":"2026-04-19T21:42:57+00:00","twitter_card":"summary_large_image","schema":{"@context":"https:\/\/schema.org","@graph":[{"@type":"WebPage","@id":"https:\/\/shop.bantam.ch\/fr\/produit\/reservoir-a-matieres-dometic-avec-adaptateurs-pour-toilette-cts-ctw\/","url":"https:\/\/shop.bantam.ch\/fr\/produit\/reservoir-a-matieres-dometic-avec-adaptateurs-pour-toilette-cts-ctw\/","name":"R\u00e9servoir \u00e0 mati\u00e8res DOMETIC avec adaptateurs pour toilette CTS\/CTW - Bantam Wankm\u00fcller SA","isPartOf":{"@id":"https:\/\/shop.bantam.ch\/fr\/#website"},"primaryImageOfPage":{"@id":"https:\/\/shop.bantam.ch\/fr\/produit\/reservoir-a-matieres-dometic-avec-adaptateurs-pour-toilette-cts-ctw\/#primaryimage"},"image":{"@id":"https:\/\/shop.bantam.ch\/fr\/produit\/reservoir-a-matieres-dometic-avec-adaptateurs-pour-toilette-cts-ctw\/#primaryimage"},"thumbnailUrl":"https:\/\/shop.bantam.ch\/wp-content\/uploads\/2025\/12\/Movera-L-9938049100.jpg","datePublished":"2025-12-17T13:14:17+00:00","dateModified":"2026-04-19T21:42:57+00:00","breadcrumb":{"@id":"https:\/\/shop.bantam.ch\/fr\/produit\/reservoir-a-matieres-dometic-avec-adaptateurs-pour-toilette-cts-ctw\/#breadcrumb"},"inLanguage":"fr-FR","potentialAction":[{"@type":"ReadAction","target":["https:\/\/shop.bantam.ch\/fr\/produit\/reservoir-a-matieres-dometic-avec-adaptateurs-pour-toilette-cts-ctw\/"]}]},{"@type":"ImageObject","inLanguage":"fr-FR","@id":"https:\/\/shop.bantam.ch\/fr\/produit\/reservoir-a-matieres-dometic-avec-adaptateurs-pour-toilette-cts-ctw\/#primaryimage","url":"https:\/\/shop.bantam.ch\/wp-content\/uploads\/2025\/12\/Movera-L-9938049100.jpg","contentUrl":"https:\/\/shop.bantam.ch\/wp-content\/uploads\/2025\/12\/Movera-L-9938049100.jpg","width":490,"height":500},{"@type":"BreadcrumbList","@id":"https:\/\/shop.bantam.ch\/fr\/produit\/reservoir-a-matieres-dometic-avec-adaptateurs-pour-toilette-cts-ctw\/#breadcrumb","itemListElement":[{"@type":"ListItem","position":1,"name":"Accueil","item":"https:\/\/shop.bantam.ch\/fr\/"},{"@type":"ListItem","position":2,"name":"Boutique","item":"https:\/\/shop.bantam.ch\/fr\/boutique\/"},{"@type":"ListItem","position":3,"name":"R\u00e9servoir \u00e0 mati\u00e8res DOMETIC avec adaptateurs pour toilette CTS\/CTW"}]},{"@type":"WebSite","@id":"https:\/\/shop.bantam.ch\/fr\/#website","url":"https:\/\/shop.bantam.ch\/fr\/","name":"Bantam Wankm\u00fcller SA","description":"","publisher":{"@id":"https:\/\/shop.bantam.ch\/fr\/#organization"},"inLanguage":"fr-FR"},{"@type":"Organization","@id":"https:\/\/shop.bantam.ch\/fr\/#organization","name":"Bantam Wankm\u00fcller SA","url":"https:\/\/shop.bantam.ch\/fr\/","logo":{"@type":"ImageObject","inLanguage":"fr-FR","@id":"https:\/\/shop.bantam.ch\/fr\/#\/schema\/logo\/image\/","url":"https:\/\/shop.bantam.ch\/wp-content\/uploads\/2022\/12\/bantam-logo.png","contentUrl":"https:\/\/shop.bantam.ch\/wp-content\/uploads\/2022\/12\/bantam-logo.png","width":320,"height":71,"caption":"Bantam Wankm\u00fcller SA"},"image":{"@id":"https:\/\/shop.bantam.ch\/fr\/#\/schema\/logo\/image\/"}}]}},"_links":{"self":[{"href":"https:\/\/shop.bantam.ch\/fr\/wp-json\/wp\/v2\/product\/223876","targetHints":{"allow":["GET"]}}],"collection":[{"href":"https:\/\/shop.bantam.ch\/fr\/wp-json\/wp\/v2\/product"}],"about":[{"href":"https:\/\/shop.bantam.ch\/fr\/wp-json\/wp\/v2\/types\/product"}],"wp:featuredmedia":[{"embeddable":true,"href":"https:\/\/shop.bantam.ch\/fr\/wp-json\/wp\/v2\/media\/223874"}],"wp:attachment":[{"href":"https:\/\/shop.bantam.ch\/fr\/wp-json\/wp\/v2\/media?parent=223876"}],"wp:term":[{"taxonomy":"product_featured_cat","embeddable":true,"href":"https:\/\/shop.bantam.ch\/fr\/wp-json\/wp\/v2\/product_featured_cat?post=223876"},{"taxonomy":"product_brand","embeddable":true,"href":"https:\/\/shop.bantam.ch\/fr\/wp-json\/wp\/v2\/product_brand?post=223876"},{"taxonomy":"product_cat","embeddable":true,"href":"https:\/\/shop.bantam.ch\/fr\/wp-json\/wp\/v2\/product_cat?post=223876"},{"taxonomy":"product_tag","embeddable":true,"href":"https:\/\/shop.bantam.ch\/fr\/wp-json\/wp\/v2\/product_tag?post=223876"}],"curies":[{"name":"wp","href":"https:\/\/api.w.org\/{rel}","templated":true}]}}