{"id":223774,"date":"2025-12-17T14:07:23","date_gmt":"2025-12-17T13:07:23","guid":{"rendered":"https:\/\/shop.bantam.ch\/produit\/capteurs-daide-au-stationnement-dometic-mwe-7006-pour-les-camping-cars\/"},"modified":"2026-04-21T23:40:38","modified_gmt":"2026-04-21T21:40:38","slug":"capteurs-daide-au-stationnement-dometic-mwe-7006-pour-les-camping-cars","status":"publish","type":"product","link":"https:\/\/shop.bantam.ch\/fr\/produit\/capteurs-daide-au-stationnement-dometic-mwe-7006-pour-les-camping-cars\/","title":{"rendered":"Capteurs d\u2019aide au stationnement Dometic MWE 7006 pour les camping-cars"},"content":{"rendered":"<p>Une meilleure identification avec six d\u00e9tecteurs ! Plus hauts, plus larges et plus complexes. Les man\u0153uvres en camping-car constituent souvent un d\u00e9fi. L&rsquo;aide au stationnement Dometic MWE 7006 a \u00e9t\u00e9 sp\u00e9cialement con\u00e7ue pour les camping-cars. Six d\u00e9tecteurs num\u00e9riques ultra-compacts de 18 mm de diam\u00e8tre, pouvant \u00eatre peints, permettent trois variantes de montage \u00e0 l&rsquo;arri\u00e8re du v\u00e9hicule. Le syst\u00e8me prend en compte les montages en saillie comme par exemple un attelage de remorque. M\u00eame en pr\u00e9sence d&rsquo;un porte-v\u00e9lo \u00e0 l&rsquo;arri\u00e8re, il est possible de permuter manuellement par commutateur entre deux zones d&rsquo;arr\u00eat. Avertissement sonore avec une port\u00e9e de d\u00e9tection allant jusqu&rsquo;\u00e0 3 m. La sensibilit\u00e9 des d\u00e9tecteurs est r\u00e9glable sur trois niveaux.<\/p>\n<p><br data-mce-bogus=\"1\"><\/p>\n","protected":false},"excerpt":{"rendered":"<p>Une meilleure identification avec six d\u00e9tecteurs ! Plus hauts, plus larges et plus complexes. Les man\u0153uvres en camping-car constituent souvent un d\u00e9fi. L&rsquo;aide au stationnement Dometic MWE 7006 a \u00e9t\u00e9 sp\u00e9cialement con\u00e7ue pour les camping-cars. Six d\u00e9tecteurs num\u00e9riques ultra-compacts de 18 mm de diam\u00e8tre, pouvant \u00eatre peints, permettent trois variantes de montage \u00e0 l&rsquo;arri\u00e8re du [&hellip;]<\/p>\n","protected":false},"featured_media":223772,"template":"","meta":{"_acf_changed":false},"product_featured_cat":[],"product_brand":[],"product_cat":[5003],"product_tag":[],"class_list":{"0":"post-223774","1":"product","2":"type-product","3":"status-publish","4":"has-post-thumbnail","6":"product_cat-accessoires-pour-cameras-de-recul","8":"first","9":"instock","10":"taxable","11":"shipping-taxable","12":"purchasable","13":"product-type-simple"},"acf":[],"yoast_head":"<!-- This site is optimized with the Yoast SEO plugin v27.4 - https:\/\/yoast.com\/product\/yoast-seo-wordpress\/ -->\n<title>Capteurs d\u2019aide au stationnement Dometic MWE 7006 pour les camping-cars - Bantam Wankm\u00fcller SA<\/title>\n<meta name=\"robots\" content=\"index, follow, max-snippet:-1, max-image-preview:large, max-video-preview:-1\" \/>\n<link rel=\"canonical\" href=\"https:\/\/shop.bantam.ch\/fr\/produit\/capteurs-daide-au-stationnement-dometic-mwe-7006-pour-les-camping-cars\/\" \/>\n<meta property=\"og:locale\" content=\"fr_FR\" \/>\n<meta property=\"og:type\" content=\"article\" \/>\n<meta property=\"og:title\" content=\"Capteurs d\u2019aide au stationnement Dometic MWE 7006 pour les camping-cars - Bantam Wankm\u00fcller SA\" \/>\n<meta property=\"og:description\" content=\"Une meilleure identification avec six d\u00e9tecteurs ! Plus hauts, plus larges et plus complexes. Les man\u0153uvres en camping-car constituent souvent un d\u00e9fi. L&rsquo;aide au stationnement Dometic MWE 7006 a \u00e9t\u00e9 sp\u00e9cialement con\u00e7ue pour les camping-cars. Six d\u00e9tecteurs num\u00e9riques ultra-compacts de 18 mm de diam\u00e8tre, pouvant \u00eatre peints, permettent trois variantes de montage \u00e0 l&rsquo;arri\u00e8re du [&hellip;]\" \/>\n<meta property=\"og:url\" content=\"https:\/\/shop.bantam.ch\/fr\/produit\/capteurs-daide-au-stationnement-dometic-mwe-7006-pour-les-camping-cars\/\" \/>\n<meta property=\"og:site_name\" content=\"Bantam Wankm\u00fcller SA\" \/>\n<meta property=\"article:modified_time\" content=\"2026-04-21T21:40:38+00:00\" \/>\n<meta name=\"twitter:card\" content=\"summary_large_image\" \/>\n<meta name=\"twitter:label1\" content=\"Dur\u00e9e de lecture estim\u00e9e\" \/>\n\t<meta name=\"twitter:data1\" content=\"1 minute\" \/>\n<script type=\"application\/ld+json\" class=\"yoast-schema-graph\">{\"@context\":\"https:\\\/\\\/schema.org\",\"@graph\":[{\"@type\":\"WebPage\",\"@id\":\"https:\\\/\\\/shop.bantam.ch\\\/fr\\\/produit\\\/capteurs-daide-au-stationnement-dometic-mwe-7006-pour-les-camping-cars\\\/\",\"url\":\"https:\\\/\\\/shop.bantam.ch\\\/fr\\\/produit\\\/capteurs-daide-au-stationnement-dometic-mwe-7006-pour-les-camping-cars\\\/\",\"name\":\"Capteurs d\u2019aide au stationnement Dometic MWE 7006 pour les camping-cars - Bantam Wankm\u00fcller SA\",\"isPartOf\":{\"@id\":\"https:\\\/\\\/shop.bantam.ch\\\/fr\\\/#website\"},\"primaryImageOfPage\":{\"@id\":\"https:\\\/\\\/shop.bantam.ch\\\/fr\\\/produit\\\/capteurs-daide-au-stationnement-dometic-mwe-7006-pour-les-camping-cars\\\/#primaryimage\"},\"image\":{\"@id\":\"https:\\\/\\\/shop.bantam.ch\\\/fr\\\/produit\\\/capteurs-daide-au-stationnement-dometic-mwe-7006-pour-les-camping-cars\\\/#primaryimage\"},\"thumbnailUrl\":\"https:\\\/\\\/shop.bantam.ch\\\/wp-content\\\/uploads\\\/2025\\\/12\\\/Movera-L-9930416100.jpg\",\"datePublished\":\"2025-12-17T13:07:23+00:00\",\"dateModified\":\"2026-04-21T21:40:38+00:00\",\"breadcrumb\":{\"@id\":\"https:\\\/\\\/shop.bantam.ch\\\/fr\\\/produit\\\/capteurs-daide-au-stationnement-dometic-mwe-7006-pour-les-camping-cars\\\/#breadcrumb\"},\"inLanguage\":\"fr-FR\",\"potentialAction\":[{\"@type\":\"ReadAction\",\"target\":[\"https:\\\/\\\/shop.bantam.ch\\\/fr\\\/produit\\\/capteurs-daide-au-stationnement-dometic-mwe-7006-pour-les-camping-cars\\\/\"]}]},{\"@type\":\"ImageObject\",\"inLanguage\":\"fr-FR\",\"@id\":\"https:\\\/\\\/shop.bantam.ch\\\/fr\\\/produit\\\/capteurs-daide-au-stationnement-dometic-mwe-7006-pour-les-camping-cars\\\/#primaryimage\",\"url\":\"https:\\\/\\\/shop.bantam.ch\\\/wp-content\\\/uploads\\\/2025\\\/12\\\/Movera-L-9930416100.jpg\",\"contentUrl\":\"https:\\\/\\\/shop.bantam.ch\\\/wp-content\\\/uploads\\\/2025\\\/12\\\/Movera-L-9930416100.jpg\",\"width\":500,\"height\":300},{\"@type\":\"BreadcrumbList\",\"@id\":\"https:\\\/\\\/shop.bantam.ch\\\/fr\\\/produit\\\/capteurs-daide-au-stationnement-dometic-mwe-7006-pour-les-camping-cars\\\/#breadcrumb\",\"itemListElement\":[{\"@type\":\"ListItem\",\"position\":1,\"name\":\"Accueil\",\"item\":\"https:\\\/\\\/shop.bantam.ch\\\/fr\\\/\"},{\"@type\":\"ListItem\",\"position\":2,\"name\":\"Boutique\",\"item\":\"https:\\\/\\\/shop.bantam.ch\\\/fr\\\/boutique\\\/\"},{\"@type\":\"ListItem\",\"position\":3,\"name\":\"Capteurs d\u2019aide au stationnement Dometic MWE 7006 pour les camping-cars\"}]},{\"@type\":\"WebSite\",\"@id\":\"https:\\\/\\\/shop.bantam.ch\\\/fr\\\/#website\",\"url\":\"https:\\\/\\\/shop.bantam.ch\\\/fr\\\/\",\"name\":\"Bantam Wankm\u00fcller SA\",\"description\":\"\",\"publisher\":{\"@id\":\"https:\\\/\\\/shop.bantam.ch\\\/fr\\\/#organization\"},\"inLanguage\":\"fr-FR\"},{\"@type\":\"Organization\",\"@id\":\"https:\\\/\\\/shop.bantam.ch\\\/fr\\\/#organization\",\"name\":\"Bantam Wankm\u00fcller SA\",\"url\":\"https:\\\/\\\/shop.bantam.ch\\\/fr\\\/\",\"logo\":{\"@type\":\"ImageObject\",\"inLanguage\":\"fr-FR\",\"@id\":\"https:\\\/\\\/shop.bantam.ch\\\/fr\\\/#\\\/schema\\\/logo\\\/image\\\/\",\"url\":\"https:\\\/\\\/shop.bantam.ch\\\/wp-content\\\/uploads\\\/2022\\\/12\\\/bantam-logo.png\",\"contentUrl\":\"https:\\\/\\\/shop.bantam.ch\\\/wp-content\\\/uploads\\\/2022\\\/12\\\/bantam-logo.png\",\"width\":320,\"height\":71,\"caption\":\"Bantam Wankm\u00fcller SA\"},\"image\":{\"@id\":\"https:\\\/\\\/shop.bantam.ch\\\/fr\\\/#\\\/schema\\\/logo\\\/image\\\/\"}}]}<\/script>\n<!-- \/ Yoast SEO plugin. -->","yoast_head_json":{"title":"Capteurs d\u2019aide au stationnement Dometic MWE 7006 pour les camping-cars - Bantam Wankm\u00fcller SA","robots":{"index":"index","follow":"follow","max-snippet":"max-snippet:-1","max-image-preview":"max-image-preview:large","max-video-preview":"max-video-preview:-1"},"canonical":"https:\/\/shop.bantam.ch\/fr\/produit\/capteurs-daide-au-stationnement-dometic-mwe-7006-pour-les-camping-cars\/","og_locale":"fr_FR","og_type":"article","og_title":"Capteurs d\u2019aide au stationnement Dometic MWE 7006 pour les camping-cars - Bantam Wankm\u00fcller SA","og_description":"Une meilleure identification avec six d\u00e9tecteurs ! Plus hauts, plus larges et plus complexes. Les man\u0153uvres en camping-car constituent souvent un d\u00e9fi. L&rsquo;aide au stationnement Dometic MWE 7006 a \u00e9t\u00e9 sp\u00e9cialement con\u00e7ue pour les camping-cars. Six d\u00e9tecteurs num\u00e9riques ultra-compacts de 18 mm de diam\u00e8tre, pouvant \u00eatre peints, permettent trois variantes de montage \u00e0 l&rsquo;arri\u00e8re du [&hellip;]","og_url":"https:\/\/shop.bantam.ch\/fr\/produit\/capteurs-daide-au-stationnement-dometic-mwe-7006-pour-les-camping-cars\/","og_site_name":"Bantam Wankm\u00fcller SA","article_modified_time":"2026-04-21T21:40:38+00:00","twitter_card":"summary_large_image","twitter_misc":{"Dur\u00e9e de lecture estim\u00e9e":"1 minute"},"schema":{"@context":"https:\/\/schema.org","@graph":[{"@type":"WebPage","@id":"https:\/\/shop.bantam.ch\/fr\/produit\/capteurs-daide-au-stationnement-dometic-mwe-7006-pour-les-camping-cars\/","url":"https:\/\/shop.bantam.ch\/fr\/produit\/capteurs-daide-au-stationnement-dometic-mwe-7006-pour-les-camping-cars\/","name":"Capteurs d\u2019aide au stationnement Dometic MWE 7006 pour les camping-cars - Bantam Wankm\u00fcller SA","isPartOf":{"@id":"https:\/\/shop.bantam.ch\/fr\/#website"},"primaryImageOfPage":{"@id":"https:\/\/shop.bantam.ch\/fr\/produit\/capteurs-daide-au-stationnement-dometic-mwe-7006-pour-les-camping-cars\/#primaryimage"},"image":{"@id":"https:\/\/shop.bantam.ch\/fr\/produit\/capteurs-daide-au-stationnement-dometic-mwe-7006-pour-les-camping-cars\/#primaryimage"},"thumbnailUrl":"https:\/\/shop.bantam.ch\/wp-content\/uploads\/2025\/12\/Movera-L-9930416100.jpg","datePublished":"2025-12-17T13:07:23+00:00","dateModified":"2026-04-21T21:40:38+00:00","breadcrumb":{"@id":"https:\/\/shop.bantam.ch\/fr\/produit\/capteurs-daide-au-stationnement-dometic-mwe-7006-pour-les-camping-cars\/#breadcrumb"},"inLanguage":"fr-FR","potentialAction":[{"@type":"ReadAction","target":["https:\/\/shop.bantam.ch\/fr\/produit\/capteurs-daide-au-stationnement-dometic-mwe-7006-pour-les-camping-cars\/"]}]},{"@type":"ImageObject","inLanguage":"fr-FR","@id":"https:\/\/shop.bantam.ch\/fr\/produit\/capteurs-daide-au-stationnement-dometic-mwe-7006-pour-les-camping-cars\/#primaryimage","url":"https:\/\/shop.bantam.ch\/wp-content\/uploads\/2025\/12\/Movera-L-9930416100.jpg","contentUrl":"https:\/\/shop.bantam.ch\/wp-content\/uploads\/2025\/12\/Movera-L-9930416100.jpg","width":500,"height":300},{"@type":"BreadcrumbList","@id":"https:\/\/shop.bantam.ch\/fr\/produit\/capteurs-daide-au-stationnement-dometic-mwe-7006-pour-les-camping-cars\/#breadcrumb","itemListElement":[{"@type":"ListItem","position":1,"name":"Accueil","item":"https:\/\/shop.bantam.ch\/fr\/"},{"@type":"ListItem","position":2,"name":"Boutique","item":"https:\/\/shop.bantam.ch\/fr\/boutique\/"},{"@type":"ListItem","position":3,"name":"Capteurs d\u2019aide au stationnement Dometic MWE 7006 pour les camping-cars"}]},{"@type":"WebSite","@id":"https:\/\/shop.bantam.ch\/fr\/#website","url":"https:\/\/shop.bantam.ch\/fr\/","name":"Bantam Wankm\u00fcller SA","description":"","publisher":{"@id":"https:\/\/shop.bantam.ch\/fr\/#organization"},"inLanguage":"fr-FR"},{"@type":"Organization","@id":"https:\/\/shop.bantam.ch\/fr\/#organization","name":"Bantam Wankm\u00fcller SA","url":"https:\/\/shop.bantam.ch\/fr\/","logo":{"@type":"ImageObject","inLanguage":"fr-FR","@id":"https:\/\/shop.bantam.ch\/fr\/#\/schema\/logo\/image\/","url":"https:\/\/shop.bantam.ch\/wp-content\/uploads\/2022\/12\/bantam-logo.png","contentUrl":"https:\/\/shop.bantam.ch\/wp-content\/uploads\/2022\/12\/bantam-logo.png","width":320,"height":71,"caption":"Bantam Wankm\u00fcller SA"},"image":{"@id":"https:\/\/shop.bantam.ch\/fr\/#\/schema\/logo\/image\/"}}]}},"_links":{"self":[{"href":"https:\/\/shop.bantam.ch\/fr\/wp-json\/wp\/v2\/product\/223774","targetHints":{"allow":["GET"]}}],"collection":[{"href":"https:\/\/shop.bantam.ch\/fr\/wp-json\/wp\/v2\/product"}],"about":[{"href":"https:\/\/shop.bantam.ch\/fr\/wp-json\/wp\/v2\/types\/product"}],"wp:featuredmedia":[{"embeddable":true,"href":"https:\/\/shop.bantam.ch\/fr\/wp-json\/wp\/v2\/media\/223772"}],"wp:attachment":[{"href":"https:\/\/shop.bantam.ch\/fr\/wp-json\/wp\/v2\/media?parent=223774"}],"wp:term":[{"taxonomy":"product_featured_cat","embeddable":true,"href":"https:\/\/shop.bantam.ch\/fr\/wp-json\/wp\/v2\/product_featured_cat?post=223774"},{"taxonomy":"product_brand","embeddable":true,"href":"https:\/\/shop.bantam.ch\/fr\/wp-json\/wp\/v2\/product_brand?post=223774"},{"taxonomy":"product_cat","embeddable":true,"href":"https:\/\/shop.bantam.ch\/fr\/wp-json\/wp\/v2\/product_cat?post=223774"},{"taxonomy":"product_tag","embeddable":true,"href":"https:\/\/shop.bantam.ch\/fr\/wp-json\/wp\/v2\/product_tag?post=223774"}],"curies":[{"name":"wp","href":"https:\/\/api.w.org\/{rel}","templated":true}]}}