{"id":223742,"date":"2025-12-17T14:06:36","date_gmt":"2025-12-17T13:06:36","guid":{"rendered":"https:\/\/shop.bantam.ch\/produit\/chargeur-de-batterie-dometic-mc2425\/"},"modified":"2026-04-17T23:35:20","modified_gmt":"2026-04-17T21:35:20","slug":"chargeur-de-batterie-dometic-mc2425","status":"publish","type":"product","link":"https:\/\/shop.bantam.ch\/fr\/produit\/chargeur-de-batterie-dometic-mc2425\/","title":{"rendered":"Chargeur de batterie Dometic MC2425"},"content":{"rendered":"<p>Chargeur de batterie IU0U, 25 A, 24 V. Technique de charge extr\u00eamement moderne, construction super-compacte et l\u00e9g\u00e8re. Ce chargeur de batterie automatique est rapide et facile \u00e0 installer. Il peut charger trois batteries en m\u00eame temps et peut \u00eatre utilis\u00e9 dans le monde entier avec sa plage de tension d\u2019entr\u00e9e de 110 \u00e0 230 V. Id\u00e9al pour les voyageurs r\u00e9guliers et les globetrotteurs. Le chargeur Dometic PerfectCharge MCA 2425 est dot\u00e9 de trois sorties batterie pour charger trois batteries en m\u00eame temps. Il utilise une technologie de charge en 6 \u00e9tapes avanc\u00e9es type IUOU. Avec son faible poids, une forme compacte et un raccordement facilit\u00e9, il s\u2019installe rapidement et sans probl\u00e8me. Il dispose d\u2019une plage de tension d\u2019entr\u00e9e de 110 \u00e0 230 Volts, est utilisable dans le monde entier et charge de mani\u00e8re fiable, m\u00eame en cas de chute de la tension d\u2019entr\u00e9e. Id\u00e9al pour voyageurs r\u00e9guliers ou globetrotteurs. Accessoires utiles : t\u00e9l\u00e9commande, capteur de batterie, capteur de temp\u00e9rature ou contr\u00f4leur de batterie Dometic MPC 01 pour une charge 30 % plus rapide.<\/p>\n","protected":false},"excerpt":{"rendered":"<p>Chargeur de batterie IU0U, 25 A, 24 V. Technique de charge extr\u00eamement moderne, construction super-compacte et l\u00e9g\u00e8re. Ce chargeur de batterie automatique est rapide et facile \u00e0 installer. Il peut charger trois batteries en m\u00eame temps et peut \u00eatre utilis\u00e9 dans le monde entier avec sa plage de tension d\u2019entr\u00e9e de 110 \u00e0 230 V. [&hellip;]<\/p>\n","protected":false},"featured_media":223740,"template":"","meta":{"_acf_changed":false},"product_featured_cat":[],"product_brand":[],"product_cat":[4911],"product_tag":[],"class_list":{"0":"post-223742","1":"product","2":"type-product","3":"status-publish","4":"has-post-thumbnail","6":"product_cat-chargeurs","8":"first","9":"instock","10":"taxable","11":"shipping-taxable","12":"purchasable","13":"product-type-simple"},"acf":[],"yoast_head":"<!-- This site is optimized with the Yoast SEO plugin v27.4 - https:\/\/yoast.com\/product\/yoast-seo-wordpress\/ -->\n<title>Chargeur de batterie Dometic MC2425 - Bantam Wankm\u00fcller SA<\/title>\n<meta name=\"robots\" content=\"index, follow, max-snippet:-1, max-image-preview:large, max-video-preview:-1\" \/>\n<link rel=\"canonical\" href=\"https:\/\/shop.bantam.ch\/fr\/produit\/chargeur-de-batterie-dometic-mc2425\/\" \/>\n<meta property=\"og:locale\" content=\"fr_FR\" \/>\n<meta property=\"og:type\" content=\"article\" \/>\n<meta property=\"og:title\" content=\"Chargeur de batterie Dometic MC2425 - Bantam Wankm\u00fcller SA\" \/>\n<meta property=\"og:description\" content=\"Chargeur de batterie IU0U, 25 A, 24 V. Technique de charge extr\u00eamement moderne, construction super-compacte et l\u00e9g\u00e8re. Ce chargeur de batterie automatique est rapide et facile \u00e0 installer. Il peut charger trois batteries en m\u00eame temps et peut \u00eatre utilis\u00e9 dans le monde entier avec sa plage de tension d\u2019entr\u00e9e de 110 \u00e0 230 V. [&hellip;]\" \/>\n<meta property=\"og:url\" content=\"https:\/\/shop.bantam.ch\/fr\/produit\/chargeur-de-batterie-dometic-mc2425\/\" \/>\n<meta property=\"og:site_name\" content=\"Bantam Wankm\u00fcller SA\" \/>\n<meta property=\"article:modified_time\" content=\"2026-04-17T21:35:20+00:00\" \/>\n<meta name=\"twitter:card\" content=\"summary_large_image\" \/>\n<meta name=\"twitter:label1\" content=\"Dur\u00e9e de lecture estim\u00e9e\" \/>\n\t<meta name=\"twitter:data1\" content=\"1 minute\" \/>\n<script type=\"application\/ld+json\" class=\"yoast-schema-graph\">{\"@context\":\"https:\\\/\\\/schema.org\",\"@graph\":[{\"@type\":\"WebPage\",\"@id\":\"https:\\\/\\\/shop.bantam.ch\\\/fr\\\/produit\\\/chargeur-de-batterie-dometic-mc2425\\\/\",\"url\":\"https:\\\/\\\/shop.bantam.ch\\\/fr\\\/produit\\\/chargeur-de-batterie-dometic-mc2425\\\/\",\"name\":\"Chargeur de batterie Dometic MC2425 - Bantam Wankm\u00fcller SA\",\"isPartOf\":{\"@id\":\"https:\\\/\\\/shop.bantam.ch\\\/fr\\\/#website\"},\"primaryImageOfPage\":{\"@id\":\"https:\\\/\\\/shop.bantam.ch\\\/fr\\\/produit\\\/chargeur-de-batterie-dometic-mc2425\\\/#primaryimage\"},\"image\":{\"@id\":\"https:\\\/\\\/shop.bantam.ch\\\/fr\\\/produit\\\/chargeur-de-batterie-dometic-mc2425\\\/#primaryimage\"},\"thumbnailUrl\":\"https:\\\/\\\/shop.bantam.ch\\\/wp-content\\\/uploads\\\/2025\\\/12\\\/Movera-L-9932506100.jpg\",\"datePublished\":\"2025-12-17T13:06:36+00:00\",\"dateModified\":\"2026-04-17T21:35:20+00:00\",\"breadcrumb\":{\"@id\":\"https:\\\/\\\/shop.bantam.ch\\\/fr\\\/produit\\\/chargeur-de-batterie-dometic-mc2425\\\/#breadcrumb\"},\"inLanguage\":\"fr-FR\",\"potentialAction\":[{\"@type\":\"ReadAction\",\"target\":[\"https:\\\/\\\/shop.bantam.ch\\\/fr\\\/produit\\\/chargeur-de-batterie-dometic-mc2425\\\/\"]}]},{\"@type\":\"ImageObject\",\"inLanguage\":\"fr-FR\",\"@id\":\"https:\\\/\\\/shop.bantam.ch\\\/fr\\\/produit\\\/chargeur-de-batterie-dometic-mc2425\\\/#primaryimage\",\"url\":\"https:\\\/\\\/shop.bantam.ch\\\/wp-content\\\/uploads\\\/2025\\\/12\\\/Movera-L-9932506100.jpg\",\"contentUrl\":\"https:\\\/\\\/shop.bantam.ch\\\/wp-content\\\/uploads\\\/2025\\\/12\\\/Movera-L-9932506100.jpg\",\"width\":640,\"height\":640},{\"@type\":\"BreadcrumbList\",\"@id\":\"https:\\\/\\\/shop.bantam.ch\\\/fr\\\/produit\\\/chargeur-de-batterie-dometic-mc2425\\\/#breadcrumb\",\"itemListElement\":[{\"@type\":\"ListItem\",\"position\":1,\"name\":\"Accueil\",\"item\":\"https:\\\/\\\/shop.bantam.ch\\\/fr\\\/\"},{\"@type\":\"ListItem\",\"position\":2,\"name\":\"Boutique\",\"item\":\"https:\\\/\\\/shop.bantam.ch\\\/fr\\\/boutique\\\/\"},{\"@type\":\"ListItem\",\"position\":3,\"name\":\"Chargeur de batterie Dometic MC2425\"}]},{\"@type\":\"WebSite\",\"@id\":\"https:\\\/\\\/shop.bantam.ch\\\/fr\\\/#website\",\"url\":\"https:\\\/\\\/shop.bantam.ch\\\/fr\\\/\",\"name\":\"Bantam Wankm\u00fcller SA\",\"description\":\"\",\"publisher\":{\"@id\":\"https:\\\/\\\/shop.bantam.ch\\\/fr\\\/#organization\"},\"inLanguage\":\"fr-FR\"},{\"@type\":\"Organization\",\"@id\":\"https:\\\/\\\/shop.bantam.ch\\\/fr\\\/#organization\",\"name\":\"Bantam Wankm\u00fcller SA\",\"url\":\"https:\\\/\\\/shop.bantam.ch\\\/fr\\\/\",\"logo\":{\"@type\":\"ImageObject\",\"inLanguage\":\"fr-FR\",\"@id\":\"https:\\\/\\\/shop.bantam.ch\\\/fr\\\/#\\\/schema\\\/logo\\\/image\\\/\",\"url\":\"https:\\\/\\\/shop.bantam.ch\\\/wp-content\\\/uploads\\\/2022\\\/12\\\/bantam-logo.png\",\"contentUrl\":\"https:\\\/\\\/shop.bantam.ch\\\/wp-content\\\/uploads\\\/2022\\\/12\\\/bantam-logo.png\",\"width\":320,\"height\":71,\"caption\":\"Bantam Wankm\u00fcller SA\"},\"image\":{\"@id\":\"https:\\\/\\\/shop.bantam.ch\\\/fr\\\/#\\\/schema\\\/logo\\\/image\\\/\"}}]}<\/script>\n<!-- \/ Yoast SEO plugin. -->","yoast_head_json":{"title":"Chargeur de batterie Dometic MC2425 - Bantam Wankm\u00fcller SA","robots":{"index":"index","follow":"follow","max-snippet":"max-snippet:-1","max-image-preview":"max-image-preview:large","max-video-preview":"max-video-preview:-1"},"canonical":"https:\/\/shop.bantam.ch\/fr\/produit\/chargeur-de-batterie-dometic-mc2425\/","og_locale":"fr_FR","og_type":"article","og_title":"Chargeur de batterie Dometic MC2425 - Bantam Wankm\u00fcller SA","og_description":"Chargeur de batterie IU0U, 25 A, 24 V. Technique de charge extr\u00eamement moderne, construction super-compacte et l\u00e9g\u00e8re. Ce chargeur de batterie automatique est rapide et facile \u00e0 installer. Il peut charger trois batteries en m\u00eame temps et peut \u00eatre utilis\u00e9 dans le monde entier avec sa plage de tension d\u2019entr\u00e9e de 110 \u00e0 230 V. [&hellip;]","og_url":"https:\/\/shop.bantam.ch\/fr\/produit\/chargeur-de-batterie-dometic-mc2425\/","og_site_name":"Bantam Wankm\u00fcller SA","article_modified_time":"2026-04-17T21:35:20+00:00","twitter_card":"summary_large_image","twitter_misc":{"Dur\u00e9e de lecture estim\u00e9e":"1 minute"},"schema":{"@context":"https:\/\/schema.org","@graph":[{"@type":"WebPage","@id":"https:\/\/shop.bantam.ch\/fr\/produit\/chargeur-de-batterie-dometic-mc2425\/","url":"https:\/\/shop.bantam.ch\/fr\/produit\/chargeur-de-batterie-dometic-mc2425\/","name":"Chargeur de batterie Dometic MC2425 - Bantam Wankm\u00fcller SA","isPartOf":{"@id":"https:\/\/shop.bantam.ch\/fr\/#website"},"primaryImageOfPage":{"@id":"https:\/\/shop.bantam.ch\/fr\/produit\/chargeur-de-batterie-dometic-mc2425\/#primaryimage"},"image":{"@id":"https:\/\/shop.bantam.ch\/fr\/produit\/chargeur-de-batterie-dometic-mc2425\/#primaryimage"},"thumbnailUrl":"https:\/\/shop.bantam.ch\/wp-content\/uploads\/2025\/12\/Movera-L-9932506100.jpg","datePublished":"2025-12-17T13:06:36+00:00","dateModified":"2026-04-17T21:35:20+00:00","breadcrumb":{"@id":"https:\/\/shop.bantam.ch\/fr\/produit\/chargeur-de-batterie-dometic-mc2425\/#breadcrumb"},"inLanguage":"fr-FR","potentialAction":[{"@type":"ReadAction","target":["https:\/\/shop.bantam.ch\/fr\/produit\/chargeur-de-batterie-dometic-mc2425\/"]}]},{"@type":"ImageObject","inLanguage":"fr-FR","@id":"https:\/\/shop.bantam.ch\/fr\/produit\/chargeur-de-batterie-dometic-mc2425\/#primaryimage","url":"https:\/\/shop.bantam.ch\/wp-content\/uploads\/2025\/12\/Movera-L-9932506100.jpg","contentUrl":"https:\/\/shop.bantam.ch\/wp-content\/uploads\/2025\/12\/Movera-L-9932506100.jpg","width":640,"height":640},{"@type":"BreadcrumbList","@id":"https:\/\/shop.bantam.ch\/fr\/produit\/chargeur-de-batterie-dometic-mc2425\/#breadcrumb","itemListElement":[{"@type":"ListItem","position":1,"name":"Accueil","item":"https:\/\/shop.bantam.ch\/fr\/"},{"@type":"ListItem","position":2,"name":"Boutique","item":"https:\/\/shop.bantam.ch\/fr\/boutique\/"},{"@type":"ListItem","position":3,"name":"Chargeur de batterie Dometic MC2425"}]},{"@type":"WebSite","@id":"https:\/\/shop.bantam.ch\/fr\/#website","url":"https:\/\/shop.bantam.ch\/fr\/","name":"Bantam Wankm\u00fcller SA","description":"","publisher":{"@id":"https:\/\/shop.bantam.ch\/fr\/#organization"},"inLanguage":"fr-FR"},{"@type":"Organization","@id":"https:\/\/shop.bantam.ch\/fr\/#organization","name":"Bantam Wankm\u00fcller SA","url":"https:\/\/shop.bantam.ch\/fr\/","logo":{"@type":"ImageObject","inLanguage":"fr-FR","@id":"https:\/\/shop.bantam.ch\/fr\/#\/schema\/logo\/image\/","url":"https:\/\/shop.bantam.ch\/wp-content\/uploads\/2022\/12\/bantam-logo.png","contentUrl":"https:\/\/shop.bantam.ch\/wp-content\/uploads\/2022\/12\/bantam-logo.png","width":320,"height":71,"caption":"Bantam Wankm\u00fcller SA"},"image":{"@id":"https:\/\/shop.bantam.ch\/fr\/#\/schema\/logo\/image\/"}}]}},"_links":{"self":[{"href":"https:\/\/shop.bantam.ch\/fr\/wp-json\/wp\/v2\/product\/223742","targetHints":{"allow":["GET"]}}],"collection":[{"href":"https:\/\/shop.bantam.ch\/fr\/wp-json\/wp\/v2\/product"}],"about":[{"href":"https:\/\/shop.bantam.ch\/fr\/wp-json\/wp\/v2\/types\/product"}],"wp:featuredmedia":[{"embeddable":true,"href":"https:\/\/shop.bantam.ch\/fr\/wp-json\/wp\/v2\/media\/223740"}],"wp:attachment":[{"href":"https:\/\/shop.bantam.ch\/fr\/wp-json\/wp\/v2\/media?parent=223742"}],"wp:term":[{"taxonomy":"product_featured_cat","embeddable":true,"href":"https:\/\/shop.bantam.ch\/fr\/wp-json\/wp\/v2\/product_featured_cat?post=223742"},{"taxonomy":"product_brand","embeddable":true,"href":"https:\/\/shop.bantam.ch\/fr\/wp-json\/wp\/v2\/product_brand?post=223742"},{"taxonomy":"product_cat","embeddable":true,"href":"https:\/\/shop.bantam.ch\/fr\/wp-json\/wp\/v2\/product_cat?post=223742"},{"taxonomy":"product_tag","embeddable":true,"href":"https:\/\/shop.bantam.ch\/fr\/wp-json\/wp\/v2\/product_tag?post=223742"}],"curies":[{"name":"wp","href":"https:\/\/api.w.org\/{rel}","templated":true}]}}