{"id":223720,"date":"2025-12-17T14:06:00","date_gmt":"2025-12-17T13:06:00","guid":{"rendered":"https:\/\/shop.bantam.ch\/produit\/poele-eurotrail-coul-noir\/"},"modified":"2026-05-08T23:35:43","modified_gmt":"2026-05-08T21:35:43","slug":"poele-eurotrail-coul-noir","status":"publish","type":"product","link":"https:\/\/shop.bantam.ch\/fr\/produit\/poele-eurotrail-coul-noir\/","title":{"rendered":"Po\u00eale Eurotrail coul. noir"},"content":{"rendered":"<p>\u00c9quipement et fonctions :&nbsp;<\/p>\n<ul>\n<li>Po\u00eale \u00e0 frire stable en aluminium avec rev\u00eatement anti-adh\u00e9sif en c\u00e9ramique<\/li>\n<li>Poign\u00e9e amovible<\/li>\n<li>Facile \u00e0 nettoyer<\/li>\n<li>ne se raye pas<\/li>\n<li>moins d&rsquo;huile n\u00e9cessaire<\/li>\n<li>Convient \u00e0 tous les types de cuisini\u00e8res, y compris l&rsquo;induction<\/li>\n<li>\u00d8 28 x 4,7 cm<\/li>\n<li>Poids : 667g<\/li>\n<\/ul>\n<p>Mat\u00e9riau :&nbsp;<br \/>\nAluminium 2,2mm<br \/>\nPoign\u00e9e en bak\u00e9lite<\/p>\n<p>\n&nbsp;<\/p>\n","protected":false},"excerpt":{"rendered":"<p>\u00c9quipement et fonctions :&nbsp; Po\u00eale \u00e0 frire stable en aluminium avec rev\u00eatement anti-adh\u00e9sif en c\u00e9ramique Poign\u00e9e amovible Facile \u00e0 nettoyer ne se raye pas moins d&rsquo;huile n\u00e9cessaire Convient \u00e0 tous les types de cuisini\u00e8res, y compris l&rsquo;induction \u00d8 28 x 4,7 cm Poids : 667g Mat\u00e9riau :&nbsp; Aluminium 2,2mm Poign\u00e9e en bak\u00e9lite &nbsp;<\/p>\n","protected":false},"featured_media":223718,"template":"","meta":{"_acf_changed":false},"product_featured_cat":[],"product_brand":[],"product_cat":[4265],"product_tag":[],"class_list":{"0":"post-223720","1":"product","2":"type-product","3":"status-publish","4":"has-post-thumbnail","6":"product_cat-casseroles-poeles-et-sets","8":"first","9":"instock","10":"taxable","11":"shipping-taxable","12":"purchasable","13":"product-type-simple"},"acf":[],"yoast_head":"<!-- This site is optimized with the Yoast SEO plugin v27.5 - https:\/\/yoast.com\/product\/yoast-seo-wordpress\/ -->\n<title>Po\u00eale Eurotrail coul. noir - Bantam<\/title>\n<meta name=\"robots\" content=\"index, follow, max-snippet:-1, max-image-preview:large, max-video-preview:-1\" \/>\n<link rel=\"canonical\" href=\"https:\/\/shop.bantam.ch\/fr\/produit\/poele-eurotrail-coul-noir\/\" \/>\n<meta property=\"og:locale\" content=\"fr_FR\" \/>\n<meta property=\"og:type\" content=\"article\" \/>\n<meta property=\"og:title\" content=\"Po\u00eale Eurotrail coul. noir - Bantam\" \/>\n<meta property=\"og:description\" content=\"\u00c9quipement et fonctions :&nbsp; Po\u00eale \u00e0 frire stable en aluminium avec rev\u00eatement anti-adh\u00e9sif en c\u00e9ramique Poign\u00e9e amovible Facile \u00e0 nettoyer ne se raye pas moins d&rsquo;huile n\u00e9cessaire Convient \u00e0 tous les types de cuisini\u00e8res, y compris l&rsquo;induction \u00d8 28 x 4,7 cm Poids : 667g Mat\u00e9riau :&nbsp; Aluminium 2,2mm Poign\u00e9e en bak\u00e9lite &nbsp;\" \/>\n<meta property=\"og:url\" content=\"https:\/\/shop.bantam.ch\/fr\/produit\/poele-eurotrail-coul-noir\/\" \/>\n<meta property=\"og:site_name\" content=\"Bantam\" \/>\n<meta property=\"article:modified_time\" content=\"2026-05-08T21:35:43+00:00\" \/>\n<meta name=\"twitter:card\" content=\"summary_large_image\" \/>\n<script type=\"application\/ld+json\" class=\"yoast-schema-graph\">{\"@context\":\"https:\\\/\\\/schema.org\",\"@graph\":[{\"@type\":\"WebPage\",\"@id\":\"https:\\\/\\\/shop.bantam.ch\\\/fr\\\/produit\\\/poele-eurotrail-coul-noir\\\/\",\"url\":\"https:\\\/\\\/shop.bantam.ch\\\/fr\\\/produit\\\/poele-eurotrail-coul-noir\\\/\",\"name\":\"Po\u00eale Eurotrail coul. noir - Bantam\",\"isPartOf\":{\"@id\":\"https:\\\/\\\/shop.bantam.ch\\\/fr\\\/#website\"},\"primaryImageOfPage\":{\"@id\":\"https:\\\/\\\/shop.bantam.ch\\\/fr\\\/produit\\\/poele-eurotrail-coul-noir\\\/#primaryimage\"},\"image\":{\"@id\":\"https:\\\/\\\/shop.bantam.ch\\\/fr\\\/produit\\\/poele-eurotrail-coul-noir\\\/#primaryimage\"},\"thumbnailUrl\":\"https:\\\/\\\/shop.bantam.ch\\\/wp-content\\\/uploads\\\/2025\\\/12\\\/Movera-L-9929763100.jpg\",\"datePublished\":\"2025-12-17T13:06:00+00:00\",\"dateModified\":\"2026-05-08T21:35:43+00:00\",\"breadcrumb\":{\"@id\":\"https:\\\/\\\/shop.bantam.ch\\\/fr\\\/produit\\\/poele-eurotrail-coul-noir\\\/#breadcrumb\"},\"inLanguage\":\"fr-FR\",\"potentialAction\":[{\"@type\":\"ReadAction\",\"target\":[\"https:\\\/\\\/shop.bantam.ch\\\/fr\\\/produit\\\/poele-eurotrail-coul-noir\\\/\"]}]},{\"@type\":\"ImageObject\",\"inLanguage\":\"fr-FR\",\"@id\":\"https:\\\/\\\/shop.bantam.ch\\\/fr\\\/produit\\\/poele-eurotrail-coul-noir\\\/#primaryimage\",\"url\":\"https:\\\/\\\/shop.bantam.ch\\\/wp-content\\\/uploads\\\/2025\\\/12\\\/Movera-L-9929763100.jpg\",\"contentUrl\":\"https:\\\/\\\/shop.bantam.ch\\\/wp-content\\\/uploads\\\/2025\\\/12\\\/Movera-L-9929763100.jpg\",\"width\":640,\"height\":1075},{\"@type\":\"BreadcrumbList\",\"@id\":\"https:\\\/\\\/shop.bantam.ch\\\/fr\\\/produit\\\/poele-eurotrail-coul-noir\\\/#breadcrumb\",\"itemListElement\":[{\"@type\":\"ListItem\",\"position\":1,\"name\":\"Accueil\",\"item\":\"https:\\\/\\\/shop.bantam.ch\\\/fr\\\/\"},{\"@type\":\"ListItem\",\"position\":2,\"name\":\"Boutique\",\"item\":\"https:\\\/\\\/shop.bantam.ch\\\/fr\\\/boutique\\\/\"},{\"@type\":\"ListItem\",\"position\":3,\"name\":\"Po\u00eale Eurotrail coul. noir\"}]},{\"@type\":\"WebSite\",\"@id\":\"https:\\\/\\\/shop.bantam.ch\\\/fr\\\/#website\",\"url\":\"https:\\\/\\\/shop.bantam.ch\\\/fr\\\/\",\"name\":\"Bantam\",\"description\":\"\",\"publisher\":{\"@id\":\"https:\\\/\\\/shop.bantam.ch\\\/fr\\\/#organization\"},\"inLanguage\":\"fr-FR\"},{\"@type\":\"Organization\",\"@id\":\"https:\\\/\\\/shop.bantam.ch\\\/fr\\\/#organization\",\"name\":\"Bantam\",\"url\":\"https:\\\/\\\/shop.bantam.ch\\\/fr\\\/\",\"logo\":{\"@type\":\"ImageObject\",\"inLanguage\":\"fr-FR\",\"@id\":\"https:\\\/\\\/shop.bantam.ch\\\/fr\\\/#\\\/schema\\\/logo\\\/image\\\/\",\"url\":\"https:\\\/\\\/shop.bantam.ch\\\/wp-content\\\/uploads\\\/2022\\\/12\\\/bantam-logo.png\",\"contentUrl\":\"https:\\\/\\\/shop.bantam.ch\\\/wp-content\\\/uploads\\\/2022\\\/12\\\/bantam-logo.png\",\"width\":320,\"height\":71,\"caption\":\"Bantam\"},\"image\":{\"@id\":\"https:\\\/\\\/shop.bantam.ch\\\/fr\\\/#\\\/schema\\\/logo\\\/image\\\/\"}}]}<\/script>\n<!-- \/ Yoast SEO plugin. -->","yoast_head_json":{"title":"Po\u00eale Eurotrail coul. noir - Bantam","robots":{"index":"index","follow":"follow","max-snippet":"max-snippet:-1","max-image-preview":"max-image-preview:large","max-video-preview":"max-video-preview:-1"},"canonical":"https:\/\/shop.bantam.ch\/fr\/produit\/poele-eurotrail-coul-noir\/","og_locale":"fr_FR","og_type":"article","og_title":"Po\u00eale Eurotrail coul. noir - Bantam","og_description":"\u00c9quipement et fonctions :&nbsp; Po\u00eale \u00e0 frire stable en aluminium avec rev\u00eatement anti-adh\u00e9sif en c\u00e9ramique Poign\u00e9e amovible Facile \u00e0 nettoyer ne se raye pas moins d&rsquo;huile n\u00e9cessaire Convient \u00e0 tous les types de cuisini\u00e8res, y compris l&rsquo;induction \u00d8 28 x 4,7 cm Poids : 667g Mat\u00e9riau :&nbsp; Aluminium 2,2mm Poign\u00e9e en bak\u00e9lite &nbsp;","og_url":"https:\/\/shop.bantam.ch\/fr\/produit\/poele-eurotrail-coul-noir\/","og_site_name":"Bantam","article_modified_time":"2026-05-08T21:35:43+00:00","twitter_card":"summary_large_image","schema":{"@context":"https:\/\/schema.org","@graph":[{"@type":"WebPage","@id":"https:\/\/shop.bantam.ch\/fr\/produit\/poele-eurotrail-coul-noir\/","url":"https:\/\/shop.bantam.ch\/fr\/produit\/poele-eurotrail-coul-noir\/","name":"Po\u00eale Eurotrail coul. noir - Bantam","isPartOf":{"@id":"https:\/\/shop.bantam.ch\/fr\/#website"},"primaryImageOfPage":{"@id":"https:\/\/shop.bantam.ch\/fr\/produit\/poele-eurotrail-coul-noir\/#primaryimage"},"image":{"@id":"https:\/\/shop.bantam.ch\/fr\/produit\/poele-eurotrail-coul-noir\/#primaryimage"},"thumbnailUrl":"https:\/\/shop.bantam.ch\/wp-content\/uploads\/2025\/12\/Movera-L-9929763100.jpg","datePublished":"2025-12-17T13:06:00+00:00","dateModified":"2026-05-08T21:35:43+00:00","breadcrumb":{"@id":"https:\/\/shop.bantam.ch\/fr\/produit\/poele-eurotrail-coul-noir\/#breadcrumb"},"inLanguage":"fr-FR","potentialAction":[{"@type":"ReadAction","target":["https:\/\/shop.bantam.ch\/fr\/produit\/poele-eurotrail-coul-noir\/"]}]},{"@type":"ImageObject","inLanguage":"fr-FR","@id":"https:\/\/shop.bantam.ch\/fr\/produit\/poele-eurotrail-coul-noir\/#primaryimage","url":"https:\/\/shop.bantam.ch\/wp-content\/uploads\/2025\/12\/Movera-L-9929763100.jpg","contentUrl":"https:\/\/shop.bantam.ch\/wp-content\/uploads\/2025\/12\/Movera-L-9929763100.jpg","width":640,"height":1075},{"@type":"BreadcrumbList","@id":"https:\/\/shop.bantam.ch\/fr\/produit\/poele-eurotrail-coul-noir\/#breadcrumb","itemListElement":[{"@type":"ListItem","position":1,"name":"Accueil","item":"https:\/\/shop.bantam.ch\/fr\/"},{"@type":"ListItem","position":2,"name":"Boutique","item":"https:\/\/shop.bantam.ch\/fr\/boutique\/"},{"@type":"ListItem","position":3,"name":"Po\u00eale Eurotrail coul. noir"}]},{"@type":"WebSite","@id":"https:\/\/shop.bantam.ch\/fr\/#website","url":"https:\/\/shop.bantam.ch\/fr\/","name":"Bantam","description":"","publisher":{"@id":"https:\/\/shop.bantam.ch\/fr\/#organization"},"inLanguage":"fr-FR"},{"@type":"Organization","@id":"https:\/\/shop.bantam.ch\/fr\/#organization","name":"Bantam","url":"https:\/\/shop.bantam.ch\/fr\/","logo":{"@type":"ImageObject","inLanguage":"fr-FR","@id":"https:\/\/shop.bantam.ch\/fr\/#\/schema\/logo\/image\/","url":"https:\/\/shop.bantam.ch\/wp-content\/uploads\/2022\/12\/bantam-logo.png","contentUrl":"https:\/\/shop.bantam.ch\/wp-content\/uploads\/2022\/12\/bantam-logo.png","width":320,"height":71,"caption":"Bantam"},"image":{"@id":"https:\/\/shop.bantam.ch\/fr\/#\/schema\/logo\/image\/"}}]}},"_links":{"self":[{"href":"https:\/\/shop.bantam.ch\/fr\/wp-json\/wp\/v2\/product\/223720","targetHints":{"allow":["GET"]}}],"collection":[{"href":"https:\/\/shop.bantam.ch\/fr\/wp-json\/wp\/v2\/product"}],"about":[{"href":"https:\/\/shop.bantam.ch\/fr\/wp-json\/wp\/v2\/types\/product"}],"wp:featuredmedia":[{"embeddable":true,"href":"https:\/\/shop.bantam.ch\/fr\/wp-json\/wp\/v2\/media\/223718"}],"wp:attachment":[{"href":"https:\/\/shop.bantam.ch\/fr\/wp-json\/wp\/v2\/media?parent=223720"}],"wp:term":[{"taxonomy":"product_featured_cat","embeddable":true,"href":"https:\/\/shop.bantam.ch\/fr\/wp-json\/wp\/v2\/product_featured_cat?post=223720"},{"taxonomy":"product_brand","embeddable":true,"href":"https:\/\/shop.bantam.ch\/fr\/wp-json\/wp\/v2\/product_brand?post=223720"},{"taxonomy":"product_cat","embeddable":true,"href":"https:\/\/shop.bantam.ch\/fr\/wp-json\/wp\/v2\/product_cat?post=223720"},{"taxonomy":"product_tag","embeddable":true,"href":"https:\/\/shop.bantam.ch\/fr\/wp-json\/wp\/v2\/product_tag?post=223720"}],"curies":[{"name":"wp","href":"https:\/\/api.w.org\/{rel}","templated":true}]}}