{"id":223600,"date":"2025-12-17T14:02:19","date_gmt":"2025-12-17T13:02:19","guid":{"rendered":"https:\/\/shop.bantam.ch\/produit\/systeme-video-de-recul-camos-tv-720-cm-coul-blanc\/"},"modified":"2026-04-17T23:34:49","modified_gmt":"2026-04-17T21:34:49","slug":"systeme-video-de-recul-camos-tv-720-cm-coul-blanc","status":"publish","type":"product","link":"https:\/\/shop.bantam.ch\/fr\/produit\/systeme-video-de-recul-camos-tv-720-cm-coul-blanc\/","title":{"rendered":"Syst\u00e8me vid\u00e9o de recul CAMOS TV-720 cm, coul. blanc"},"content":{"rendered":"<p>La nouvelle cam\u00e9ra TwinVue offre, gr\u00e2ce \u00e0 ses 2 lentilles dans un seul bo\u00eetier et sa solution \u00e0 un seul c\u00e2ble, une vue optimale derri\u00e8re le v\u00e9hicule. Pendant le trajet, la lentille sup\u00e9rieure avec un champ de vision de 60\u00b0 peut \u00eatre utilis\u00e9e comme r\u00e9troviseur. Une fois la marche arri\u00e8re enclench\u00e9e, la cam\u00e9ra active la lentille inf\u00e9rieure avec un angle (diagonal) de 160\u00b0, de fa\u00e7on \u00e0 voir l\u2019arri\u00e8re du v\u00e9hicule pendant la man\u0153uvre. \u00c9cran 7\u201d compris.<\/p>\n","protected":false},"excerpt":{"rendered":"<p>La nouvelle cam\u00e9ra TwinVue offre, gr\u00e2ce \u00e0 ses 2 lentilles dans un seul bo\u00eetier et sa solution \u00e0 un seul c\u00e2ble, une vue optimale derri\u00e8re le v\u00e9hicule. Pendant le trajet, la lentille sup\u00e9rieure avec un champ de vision de 60\u00b0 peut \u00eatre utilis\u00e9e comme r\u00e9troviseur. Une fois la marche arri\u00e8re enclench\u00e9e, la cam\u00e9ra active la [&hellip;]<\/p>\n","protected":false},"featured_media":223598,"template":"","meta":{"_acf_changed":false},"product_featured_cat":[],"product_brand":[],"product_cat":[5153],"product_tag":[],"class_list":{"0":"post-223600","1":"product","2":"type-product","3":"status-publish","4":"has-post-thumbnail","6":"product_cat-ensembles-de-systemes-videos-inversees","8":"first","9":"instock","10":"taxable","11":"shipping-taxable","12":"purchasable","13":"product-type-simple"},"acf":[],"yoast_head":"<!-- This site is optimized with the Yoast SEO plugin v27.4 - https:\/\/yoast.com\/product\/yoast-seo-wordpress\/ -->\n<title>Syst\u00e8me vid\u00e9o de recul CAMOS TV-720 cm, coul. blanc - Bantam Wankm\u00fcller SA<\/title>\n<meta name=\"robots\" content=\"index, follow, max-snippet:-1, max-image-preview:large, max-video-preview:-1\" \/>\n<link rel=\"canonical\" href=\"https:\/\/shop.bantam.ch\/fr\/produit\/systeme-video-de-recul-camos-tv-720-cm-coul-blanc\/\" \/>\n<meta property=\"og:locale\" content=\"fr_FR\" \/>\n<meta property=\"og:type\" content=\"article\" \/>\n<meta property=\"og:title\" content=\"Syst\u00e8me vid\u00e9o de recul CAMOS TV-720 cm, coul. blanc - Bantam Wankm\u00fcller SA\" \/>\n<meta property=\"og:description\" content=\"La nouvelle cam\u00e9ra TwinVue offre, gr\u00e2ce \u00e0 ses 2 lentilles dans un seul bo\u00eetier et sa solution \u00e0 un seul c\u00e2ble, une vue optimale derri\u00e8re le v\u00e9hicule. Pendant le trajet, la lentille sup\u00e9rieure avec un champ de vision de 60\u00b0 peut \u00eatre utilis\u00e9e comme r\u00e9troviseur. Une fois la marche arri\u00e8re enclench\u00e9e, la cam\u00e9ra active la [&hellip;]\" \/>\n<meta property=\"og:url\" content=\"https:\/\/shop.bantam.ch\/fr\/produit\/systeme-video-de-recul-camos-tv-720-cm-coul-blanc\/\" \/>\n<meta property=\"og:site_name\" content=\"Bantam Wankm\u00fcller SA\" \/>\n<meta property=\"article:modified_time\" content=\"2026-04-17T21:34:49+00:00\" \/>\n<meta name=\"twitter:card\" content=\"summary_large_image\" \/>\n<script type=\"application\/ld+json\" class=\"yoast-schema-graph\">{\"@context\":\"https:\\\/\\\/schema.org\",\"@graph\":[{\"@type\":\"WebPage\",\"@id\":\"https:\\\/\\\/shop.bantam.ch\\\/fr\\\/produit\\\/systeme-video-de-recul-camos-tv-720-cm-coul-blanc\\\/\",\"url\":\"https:\\\/\\\/shop.bantam.ch\\\/fr\\\/produit\\\/systeme-video-de-recul-camos-tv-720-cm-coul-blanc\\\/\",\"name\":\"Syst\u00e8me vid\u00e9o de recul CAMOS TV-720 cm, coul. blanc - Bantam Wankm\u00fcller SA\",\"isPartOf\":{\"@id\":\"https:\\\/\\\/shop.bantam.ch\\\/fr\\\/#website\"},\"primaryImageOfPage\":{\"@id\":\"https:\\\/\\\/shop.bantam.ch\\\/fr\\\/produit\\\/systeme-video-de-recul-camos-tv-720-cm-coul-blanc\\\/#primaryimage\"},\"image\":{\"@id\":\"https:\\\/\\\/shop.bantam.ch\\\/fr\\\/produit\\\/systeme-video-de-recul-camos-tv-720-cm-coul-blanc\\\/#primaryimage\"},\"thumbnailUrl\":\"https:\\\/\\\/shop.bantam.ch\\\/wp-content\\\/uploads\\\/2025\\\/12\\\/Movera-L-9924239100.jpg\",\"datePublished\":\"2025-12-17T13:02:19+00:00\",\"dateModified\":\"2026-04-17T21:34:49+00:00\",\"breadcrumb\":{\"@id\":\"https:\\\/\\\/shop.bantam.ch\\\/fr\\\/produit\\\/systeme-video-de-recul-camos-tv-720-cm-coul-blanc\\\/#breadcrumb\"},\"inLanguage\":\"fr-FR\",\"potentialAction\":[{\"@type\":\"ReadAction\",\"target\":[\"https:\\\/\\\/shop.bantam.ch\\\/fr\\\/produit\\\/systeme-video-de-recul-camos-tv-720-cm-coul-blanc\\\/\"]}]},{\"@type\":\"ImageObject\",\"inLanguage\":\"fr-FR\",\"@id\":\"https:\\\/\\\/shop.bantam.ch\\\/fr\\\/produit\\\/systeme-video-de-recul-camos-tv-720-cm-coul-blanc\\\/#primaryimage\",\"url\":\"https:\\\/\\\/shop.bantam.ch\\\/wp-content\\\/uploads\\\/2025\\\/12\\\/Movera-L-9924239100.jpg\",\"contentUrl\":\"https:\\\/\\\/shop.bantam.ch\\\/wp-content\\\/uploads\\\/2025\\\/12\\\/Movera-L-9924239100.jpg\",\"width\":640,\"height\":566},{\"@type\":\"BreadcrumbList\",\"@id\":\"https:\\\/\\\/shop.bantam.ch\\\/fr\\\/produit\\\/systeme-video-de-recul-camos-tv-720-cm-coul-blanc\\\/#breadcrumb\",\"itemListElement\":[{\"@type\":\"ListItem\",\"position\":1,\"name\":\"Accueil\",\"item\":\"https:\\\/\\\/shop.bantam.ch\\\/fr\\\/\"},{\"@type\":\"ListItem\",\"position\":2,\"name\":\"Boutique\",\"item\":\"https:\\\/\\\/shop.bantam.ch\\\/fr\\\/boutique\\\/\"},{\"@type\":\"ListItem\",\"position\":3,\"name\":\"Syst\u00e8me vid\u00e9o de recul CAMOS TV-720 cm, coul. blanc\"}]},{\"@type\":\"WebSite\",\"@id\":\"https:\\\/\\\/shop.bantam.ch\\\/fr\\\/#website\",\"url\":\"https:\\\/\\\/shop.bantam.ch\\\/fr\\\/\",\"name\":\"Bantam Wankm\u00fcller SA\",\"description\":\"\",\"publisher\":{\"@id\":\"https:\\\/\\\/shop.bantam.ch\\\/fr\\\/#organization\"},\"inLanguage\":\"fr-FR\"},{\"@type\":\"Organization\",\"@id\":\"https:\\\/\\\/shop.bantam.ch\\\/fr\\\/#organization\",\"name\":\"Bantam Wankm\u00fcller SA\",\"url\":\"https:\\\/\\\/shop.bantam.ch\\\/fr\\\/\",\"logo\":{\"@type\":\"ImageObject\",\"inLanguage\":\"fr-FR\",\"@id\":\"https:\\\/\\\/shop.bantam.ch\\\/fr\\\/#\\\/schema\\\/logo\\\/image\\\/\",\"url\":\"https:\\\/\\\/shop.bantam.ch\\\/wp-content\\\/uploads\\\/2022\\\/12\\\/bantam-logo.png\",\"contentUrl\":\"https:\\\/\\\/shop.bantam.ch\\\/wp-content\\\/uploads\\\/2022\\\/12\\\/bantam-logo.png\",\"width\":320,\"height\":71,\"caption\":\"Bantam Wankm\u00fcller SA\"},\"image\":{\"@id\":\"https:\\\/\\\/shop.bantam.ch\\\/fr\\\/#\\\/schema\\\/logo\\\/image\\\/\"}}]}<\/script>\n<!-- \/ Yoast SEO plugin. -->","yoast_head_json":{"title":"Syst\u00e8me vid\u00e9o de recul CAMOS TV-720 cm, coul. blanc - Bantam Wankm\u00fcller SA","robots":{"index":"index","follow":"follow","max-snippet":"max-snippet:-1","max-image-preview":"max-image-preview:large","max-video-preview":"max-video-preview:-1"},"canonical":"https:\/\/shop.bantam.ch\/fr\/produit\/systeme-video-de-recul-camos-tv-720-cm-coul-blanc\/","og_locale":"fr_FR","og_type":"article","og_title":"Syst\u00e8me vid\u00e9o de recul CAMOS TV-720 cm, coul. blanc - Bantam Wankm\u00fcller SA","og_description":"La nouvelle cam\u00e9ra TwinVue offre, gr\u00e2ce \u00e0 ses 2 lentilles dans un seul bo\u00eetier et sa solution \u00e0 un seul c\u00e2ble, une vue optimale derri\u00e8re le v\u00e9hicule. Pendant le trajet, la lentille sup\u00e9rieure avec un champ de vision de 60\u00b0 peut \u00eatre utilis\u00e9e comme r\u00e9troviseur. Une fois la marche arri\u00e8re enclench\u00e9e, la cam\u00e9ra active la [&hellip;]","og_url":"https:\/\/shop.bantam.ch\/fr\/produit\/systeme-video-de-recul-camos-tv-720-cm-coul-blanc\/","og_site_name":"Bantam Wankm\u00fcller SA","article_modified_time":"2026-04-17T21:34:49+00:00","twitter_card":"summary_large_image","schema":{"@context":"https:\/\/schema.org","@graph":[{"@type":"WebPage","@id":"https:\/\/shop.bantam.ch\/fr\/produit\/systeme-video-de-recul-camos-tv-720-cm-coul-blanc\/","url":"https:\/\/shop.bantam.ch\/fr\/produit\/systeme-video-de-recul-camos-tv-720-cm-coul-blanc\/","name":"Syst\u00e8me vid\u00e9o de recul CAMOS TV-720 cm, coul. blanc - Bantam Wankm\u00fcller SA","isPartOf":{"@id":"https:\/\/shop.bantam.ch\/fr\/#website"},"primaryImageOfPage":{"@id":"https:\/\/shop.bantam.ch\/fr\/produit\/systeme-video-de-recul-camos-tv-720-cm-coul-blanc\/#primaryimage"},"image":{"@id":"https:\/\/shop.bantam.ch\/fr\/produit\/systeme-video-de-recul-camos-tv-720-cm-coul-blanc\/#primaryimage"},"thumbnailUrl":"https:\/\/shop.bantam.ch\/wp-content\/uploads\/2025\/12\/Movera-L-9924239100.jpg","datePublished":"2025-12-17T13:02:19+00:00","dateModified":"2026-04-17T21:34:49+00:00","breadcrumb":{"@id":"https:\/\/shop.bantam.ch\/fr\/produit\/systeme-video-de-recul-camos-tv-720-cm-coul-blanc\/#breadcrumb"},"inLanguage":"fr-FR","potentialAction":[{"@type":"ReadAction","target":["https:\/\/shop.bantam.ch\/fr\/produit\/systeme-video-de-recul-camos-tv-720-cm-coul-blanc\/"]}]},{"@type":"ImageObject","inLanguage":"fr-FR","@id":"https:\/\/shop.bantam.ch\/fr\/produit\/systeme-video-de-recul-camos-tv-720-cm-coul-blanc\/#primaryimage","url":"https:\/\/shop.bantam.ch\/wp-content\/uploads\/2025\/12\/Movera-L-9924239100.jpg","contentUrl":"https:\/\/shop.bantam.ch\/wp-content\/uploads\/2025\/12\/Movera-L-9924239100.jpg","width":640,"height":566},{"@type":"BreadcrumbList","@id":"https:\/\/shop.bantam.ch\/fr\/produit\/systeme-video-de-recul-camos-tv-720-cm-coul-blanc\/#breadcrumb","itemListElement":[{"@type":"ListItem","position":1,"name":"Accueil","item":"https:\/\/shop.bantam.ch\/fr\/"},{"@type":"ListItem","position":2,"name":"Boutique","item":"https:\/\/shop.bantam.ch\/fr\/boutique\/"},{"@type":"ListItem","position":3,"name":"Syst\u00e8me vid\u00e9o de recul CAMOS TV-720 cm, coul. blanc"}]},{"@type":"WebSite","@id":"https:\/\/shop.bantam.ch\/fr\/#website","url":"https:\/\/shop.bantam.ch\/fr\/","name":"Bantam Wankm\u00fcller SA","description":"","publisher":{"@id":"https:\/\/shop.bantam.ch\/fr\/#organization"},"inLanguage":"fr-FR"},{"@type":"Organization","@id":"https:\/\/shop.bantam.ch\/fr\/#organization","name":"Bantam Wankm\u00fcller SA","url":"https:\/\/shop.bantam.ch\/fr\/","logo":{"@type":"ImageObject","inLanguage":"fr-FR","@id":"https:\/\/shop.bantam.ch\/fr\/#\/schema\/logo\/image\/","url":"https:\/\/shop.bantam.ch\/wp-content\/uploads\/2022\/12\/bantam-logo.png","contentUrl":"https:\/\/shop.bantam.ch\/wp-content\/uploads\/2022\/12\/bantam-logo.png","width":320,"height":71,"caption":"Bantam Wankm\u00fcller SA"},"image":{"@id":"https:\/\/shop.bantam.ch\/fr\/#\/schema\/logo\/image\/"}}]}},"_links":{"self":[{"href":"https:\/\/shop.bantam.ch\/fr\/wp-json\/wp\/v2\/product\/223600","targetHints":{"allow":["GET"]}}],"collection":[{"href":"https:\/\/shop.bantam.ch\/fr\/wp-json\/wp\/v2\/product"}],"about":[{"href":"https:\/\/shop.bantam.ch\/fr\/wp-json\/wp\/v2\/types\/product"}],"wp:featuredmedia":[{"embeddable":true,"href":"https:\/\/shop.bantam.ch\/fr\/wp-json\/wp\/v2\/media\/223598"}],"wp:attachment":[{"href":"https:\/\/shop.bantam.ch\/fr\/wp-json\/wp\/v2\/media?parent=223600"}],"wp:term":[{"taxonomy":"product_featured_cat","embeddable":true,"href":"https:\/\/shop.bantam.ch\/fr\/wp-json\/wp\/v2\/product_featured_cat?post=223600"},{"taxonomy":"product_brand","embeddable":true,"href":"https:\/\/shop.bantam.ch\/fr\/wp-json\/wp\/v2\/product_brand?post=223600"},{"taxonomy":"product_cat","embeddable":true,"href":"https:\/\/shop.bantam.ch\/fr\/wp-json\/wp\/v2\/product_cat?post=223600"},{"taxonomy":"product_tag","embeddable":true,"href":"https:\/\/shop.bantam.ch\/fr\/wp-json\/wp\/v2\/product_tag?post=223600"}],"curies":[{"name":"wp","href":"https:\/\/api.w.org\/{rel}","templated":true}]}}