{"id":223562,"date":"2025-12-17T14:00:49","date_gmt":"2025-12-17T13:00:49","guid":{"rendered":"https:\/\/shop.bantam.ch\/produit\/robinet-reich-ceramique-twist-chrome-brillant-incl-interrupteur-et-trou-de-39-mm\/"},"modified":"2026-04-17T23:34:35","modified_gmt":"2026-04-17T21:34:35","slug":"robinet-reich-ceramique-twist-chrome-brillant-incl-interrupteur-et-trou-de-39-mm","status":"publish","type":"product","link":"https:\/\/shop.bantam.ch\/fr\/produit\/robinet-reich-ceramique-twist-chrome-brillant-incl-interrupteur-et-trou-de-39-mm\/","title":{"rendered":"Robinet Reich C\u00e9ramique Twist chrom\u00e9 brillant incl. interrupteur et trou de 39 mm"},"content":{"rendered":"<p>Gr\u00e2ce \u00e0 sa faible hauteur de construction de seulement 40 mm, la robinetterie TWIST est parfaitement adapt\u00e9e \u00e0 un montage dans des espaces restreints. La cartouche c\u00e9ramique int\u00e9gr\u00e9e peut \u00eatre remplac\u00e9e en cas de besoin sans d\u00e9monter la robinetterie. L&rsquo;interrupteur est enti\u00e8rement \u00e9tanche. couleur : chrome brillant<\/p>\n","protected":false},"excerpt":{"rendered":"<p>Gr\u00e2ce \u00e0 sa faible hauteur de construction de seulement 40 mm, la robinetterie TWIST est parfaitement adapt\u00e9e \u00e0 un montage dans des espaces restreints. La cartouche c\u00e9ramique int\u00e9gr\u00e9e peut \u00eatre remplac\u00e9e en cas de besoin sans d\u00e9monter la robinetterie. L&rsquo;interrupteur est enti\u00e8rement \u00e9tanche. couleur : chrome brillant<\/p>\n","protected":false},"featured_media":223560,"template":"","meta":{"_acf_changed":false},"product_featured_cat":[],"product_brand":[],"product_cat":[4573],"product_tag":[],"class_list":{"0":"post-223562","1":"product","2":"type-product","3":"status-publish","4":"has-post-thumbnail","6":"product_cat-mitigeurs-et-robinets-deau-froide","8":"first","9":"instock","10":"taxable","11":"shipping-taxable","12":"purchasable","13":"product-type-simple"},"acf":[],"yoast_head":"<!-- This site is optimized with the Yoast SEO plugin v27.4 - https:\/\/yoast.com\/product\/yoast-seo-wordpress\/ -->\n<title>Robinet Reich C\u00e9ramique Twist chrom\u00e9 brillant incl. interrupteur et trou de 39 mm - Bantam Wankm\u00fcller SA<\/title>\n<meta name=\"robots\" content=\"index, follow, max-snippet:-1, max-image-preview:large, max-video-preview:-1\" \/>\n<link rel=\"canonical\" href=\"https:\/\/shop.bantam.ch\/fr\/produit\/robinet-reich-ceramique-twist-chrome-brillant-incl-interrupteur-et-trou-de-39-mm\/\" \/>\n<meta property=\"og:locale\" content=\"fr_FR\" \/>\n<meta property=\"og:type\" content=\"article\" \/>\n<meta property=\"og:title\" content=\"Robinet Reich C\u00e9ramique Twist chrom\u00e9 brillant incl. interrupteur et trou de 39 mm - Bantam Wankm\u00fcller SA\" \/>\n<meta property=\"og:description\" content=\"Gr\u00e2ce \u00e0 sa faible hauteur de construction de seulement 40 mm, la robinetterie TWIST est parfaitement adapt\u00e9e \u00e0 un montage dans des espaces restreints. La cartouche c\u00e9ramique int\u00e9gr\u00e9e peut \u00eatre remplac\u00e9e en cas de besoin sans d\u00e9monter la robinetterie. L&rsquo;interrupteur est enti\u00e8rement \u00e9tanche. couleur : chrome brillant\" \/>\n<meta property=\"og:url\" content=\"https:\/\/shop.bantam.ch\/fr\/produit\/robinet-reich-ceramique-twist-chrome-brillant-incl-interrupteur-et-trou-de-39-mm\/\" \/>\n<meta property=\"og:site_name\" content=\"Bantam Wankm\u00fcller SA\" \/>\n<meta property=\"article:modified_time\" content=\"2026-04-17T21:34:35+00:00\" \/>\n<meta name=\"twitter:card\" content=\"summary_large_image\" \/>\n<script type=\"application\/ld+json\" class=\"yoast-schema-graph\">{\"@context\":\"https:\\\/\\\/schema.org\",\"@graph\":[{\"@type\":\"WebPage\",\"@id\":\"https:\\\/\\\/shop.bantam.ch\\\/fr\\\/produit\\\/robinet-reich-ceramique-twist-chrome-brillant-incl-interrupteur-et-trou-de-39-mm\\\/\",\"url\":\"https:\\\/\\\/shop.bantam.ch\\\/fr\\\/produit\\\/robinet-reich-ceramique-twist-chrome-brillant-incl-interrupteur-et-trou-de-39-mm\\\/\",\"name\":\"Robinet Reich C\u00e9ramique Twist chrom\u00e9 brillant incl. interrupteur et trou de 39 mm - Bantam Wankm\u00fcller SA\",\"isPartOf\":{\"@id\":\"https:\\\/\\\/shop.bantam.ch\\\/fr\\\/#website\"},\"primaryImageOfPage\":{\"@id\":\"https:\\\/\\\/shop.bantam.ch\\\/fr\\\/produit\\\/robinet-reich-ceramique-twist-chrome-brillant-incl-interrupteur-et-trou-de-39-mm\\\/#primaryimage\"},\"image\":{\"@id\":\"https:\\\/\\\/shop.bantam.ch\\\/fr\\\/produit\\\/robinet-reich-ceramique-twist-chrome-brillant-incl-interrupteur-et-trou-de-39-mm\\\/#primaryimage\"},\"thumbnailUrl\":\"https:\\\/\\\/shop.bantam.ch\\\/wp-content\\\/uploads\\\/2025\\\/12\\\/Movera-L-9922561100.jpg\",\"datePublished\":\"2025-12-17T13:00:49+00:00\",\"dateModified\":\"2026-04-17T21:34:35+00:00\",\"breadcrumb\":{\"@id\":\"https:\\\/\\\/shop.bantam.ch\\\/fr\\\/produit\\\/robinet-reich-ceramique-twist-chrome-brillant-incl-interrupteur-et-trou-de-39-mm\\\/#breadcrumb\"},\"inLanguage\":\"fr-FR\",\"potentialAction\":[{\"@type\":\"ReadAction\",\"target\":[\"https:\\\/\\\/shop.bantam.ch\\\/fr\\\/produit\\\/robinet-reich-ceramique-twist-chrome-brillant-incl-interrupteur-et-trou-de-39-mm\\\/\"]}]},{\"@type\":\"ImageObject\",\"inLanguage\":\"fr-FR\",\"@id\":\"https:\\\/\\\/shop.bantam.ch\\\/fr\\\/produit\\\/robinet-reich-ceramique-twist-chrome-brillant-incl-interrupteur-et-trou-de-39-mm\\\/#primaryimage\",\"url\":\"https:\\\/\\\/shop.bantam.ch\\\/wp-content\\\/uploads\\\/2025\\\/12\\\/Movera-L-9922561100.jpg\",\"contentUrl\":\"https:\\\/\\\/shop.bantam.ch\\\/wp-content\\\/uploads\\\/2025\\\/12\\\/Movera-L-9922561100.jpg\",\"width\":591,\"height\":886},{\"@type\":\"BreadcrumbList\",\"@id\":\"https:\\\/\\\/shop.bantam.ch\\\/fr\\\/produit\\\/robinet-reich-ceramique-twist-chrome-brillant-incl-interrupteur-et-trou-de-39-mm\\\/#breadcrumb\",\"itemListElement\":[{\"@type\":\"ListItem\",\"position\":1,\"name\":\"Accueil\",\"item\":\"https:\\\/\\\/shop.bantam.ch\\\/fr\\\/\"},{\"@type\":\"ListItem\",\"position\":2,\"name\":\"Boutique\",\"item\":\"https:\\\/\\\/shop.bantam.ch\\\/fr\\\/boutique\\\/\"},{\"@type\":\"ListItem\",\"position\":3,\"name\":\"Robinet Reich C\u00e9ramique Twist chrom\u00e9 brillant incl. interrupteur et trou de 39 mm\"}]},{\"@type\":\"WebSite\",\"@id\":\"https:\\\/\\\/shop.bantam.ch\\\/fr\\\/#website\",\"url\":\"https:\\\/\\\/shop.bantam.ch\\\/fr\\\/\",\"name\":\"Bantam Wankm\u00fcller SA\",\"description\":\"\",\"publisher\":{\"@id\":\"https:\\\/\\\/shop.bantam.ch\\\/fr\\\/#organization\"},\"inLanguage\":\"fr-FR\"},{\"@type\":\"Organization\",\"@id\":\"https:\\\/\\\/shop.bantam.ch\\\/fr\\\/#organization\",\"name\":\"Bantam Wankm\u00fcller SA\",\"url\":\"https:\\\/\\\/shop.bantam.ch\\\/fr\\\/\",\"logo\":{\"@type\":\"ImageObject\",\"inLanguage\":\"fr-FR\",\"@id\":\"https:\\\/\\\/shop.bantam.ch\\\/fr\\\/#\\\/schema\\\/logo\\\/image\\\/\",\"url\":\"https:\\\/\\\/shop.bantam.ch\\\/wp-content\\\/uploads\\\/2022\\\/12\\\/bantam-logo.png\",\"contentUrl\":\"https:\\\/\\\/shop.bantam.ch\\\/wp-content\\\/uploads\\\/2022\\\/12\\\/bantam-logo.png\",\"width\":320,\"height\":71,\"caption\":\"Bantam Wankm\u00fcller SA\"},\"image\":{\"@id\":\"https:\\\/\\\/shop.bantam.ch\\\/fr\\\/#\\\/schema\\\/logo\\\/image\\\/\"}}]}<\/script>\n<!-- \/ Yoast SEO plugin. -->","yoast_head_json":{"title":"Robinet Reich C\u00e9ramique Twist chrom\u00e9 brillant incl. interrupteur et trou de 39 mm - Bantam Wankm\u00fcller SA","robots":{"index":"index","follow":"follow","max-snippet":"max-snippet:-1","max-image-preview":"max-image-preview:large","max-video-preview":"max-video-preview:-1"},"canonical":"https:\/\/shop.bantam.ch\/fr\/produit\/robinet-reich-ceramique-twist-chrome-brillant-incl-interrupteur-et-trou-de-39-mm\/","og_locale":"fr_FR","og_type":"article","og_title":"Robinet Reich C\u00e9ramique Twist chrom\u00e9 brillant incl. interrupteur et trou de 39 mm - Bantam Wankm\u00fcller SA","og_description":"Gr\u00e2ce \u00e0 sa faible hauteur de construction de seulement 40 mm, la robinetterie TWIST est parfaitement adapt\u00e9e \u00e0 un montage dans des espaces restreints. La cartouche c\u00e9ramique int\u00e9gr\u00e9e peut \u00eatre remplac\u00e9e en cas de besoin sans d\u00e9monter la robinetterie. L&rsquo;interrupteur est enti\u00e8rement \u00e9tanche. couleur : chrome brillant","og_url":"https:\/\/shop.bantam.ch\/fr\/produit\/robinet-reich-ceramique-twist-chrome-brillant-incl-interrupteur-et-trou-de-39-mm\/","og_site_name":"Bantam Wankm\u00fcller SA","article_modified_time":"2026-04-17T21:34:35+00:00","twitter_card":"summary_large_image","schema":{"@context":"https:\/\/schema.org","@graph":[{"@type":"WebPage","@id":"https:\/\/shop.bantam.ch\/fr\/produit\/robinet-reich-ceramique-twist-chrome-brillant-incl-interrupteur-et-trou-de-39-mm\/","url":"https:\/\/shop.bantam.ch\/fr\/produit\/robinet-reich-ceramique-twist-chrome-brillant-incl-interrupteur-et-trou-de-39-mm\/","name":"Robinet Reich C\u00e9ramique Twist chrom\u00e9 brillant incl. interrupteur et trou de 39 mm - Bantam Wankm\u00fcller SA","isPartOf":{"@id":"https:\/\/shop.bantam.ch\/fr\/#website"},"primaryImageOfPage":{"@id":"https:\/\/shop.bantam.ch\/fr\/produit\/robinet-reich-ceramique-twist-chrome-brillant-incl-interrupteur-et-trou-de-39-mm\/#primaryimage"},"image":{"@id":"https:\/\/shop.bantam.ch\/fr\/produit\/robinet-reich-ceramique-twist-chrome-brillant-incl-interrupteur-et-trou-de-39-mm\/#primaryimage"},"thumbnailUrl":"https:\/\/shop.bantam.ch\/wp-content\/uploads\/2025\/12\/Movera-L-9922561100.jpg","datePublished":"2025-12-17T13:00:49+00:00","dateModified":"2026-04-17T21:34:35+00:00","breadcrumb":{"@id":"https:\/\/shop.bantam.ch\/fr\/produit\/robinet-reich-ceramique-twist-chrome-brillant-incl-interrupteur-et-trou-de-39-mm\/#breadcrumb"},"inLanguage":"fr-FR","potentialAction":[{"@type":"ReadAction","target":["https:\/\/shop.bantam.ch\/fr\/produit\/robinet-reich-ceramique-twist-chrome-brillant-incl-interrupteur-et-trou-de-39-mm\/"]}]},{"@type":"ImageObject","inLanguage":"fr-FR","@id":"https:\/\/shop.bantam.ch\/fr\/produit\/robinet-reich-ceramique-twist-chrome-brillant-incl-interrupteur-et-trou-de-39-mm\/#primaryimage","url":"https:\/\/shop.bantam.ch\/wp-content\/uploads\/2025\/12\/Movera-L-9922561100.jpg","contentUrl":"https:\/\/shop.bantam.ch\/wp-content\/uploads\/2025\/12\/Movera-L-9922561100.jpg","width":591,"height":886},{"@type":"BreadcrumbList","@id":"https:\/\/shop.bantam.ch\/fr\/produit\/robinet-reich-ceramique-twist-chrome-brillant-incl-interrupteur-et-trou-de-39-mm\/#breadcrumb","itemListElement":[{"@type":"ListItem","position":1,"name":"Accueil","item":"https:\/\/shop.bantam.ch\/fr\/"},{"@type":"ListItem","position":2,"name":"Boutique","item":"https:\/\/shop.bantam.ch\/fr\/boutique\/"},{"@type":"ListItem","position":3,"name":"Robinet Reich C\u00e9ramique Twist chrom\u00e9 brillant incl. interrupteur et trou de 39 mm"}]},{"@type":"WebSite","@id":"https:\/\/shop.bantam.ch\/fr\/#website","url":"https:\/\/shop.bantam.ch\/fr\/","name":"Bantam Wankm\u00fcller SA","description":"","publisher":{"@id":"https:\/\/shop.bantam.ch\/fr\/#organization"},"inLanguage":"fr-FR"},{"@type":"Organization","@id":"https:\/\/shop.bantam.ch\/fr\/#organization","name":"Bantam Wankm\u00fcller SA","url":"https:\/\/shop.bantam.ch\/fr\/","logo":{"@type":"ImageObject","inLanguage":"fr-FR","@id":"https:\/\/shop.bantam.ch\/fr\/#\/schema\/logo\/image\/","url":"https:\/\/shop.bantam.ch\/wp-content\/uploads\/2022\/12\/bantam-logo.png","contentUrl":"https:\/\/shop.bantam.ch\/wp-content\/uploads\/2022\/12\/bantam-logo.png","width":320,"height":71,"caption":"Bantam Wankm\u00fcller SA"},"image":{"@id":"https:\/\/shop.bantam.ch\/fr\/#\/schema\/logo\/image\/"}}]}},"_links":{"self":[{"href":"https:\/\/shop.bantam.ch\/fr\/wp-json\/wp\/v2\/product\/223562","targetHints":{"allow":["GET"]}}],"collection":[{"href":"https:\/\/shop.bantam.ch\/fr\/wp-json\/wp\/v2\/product"}],"about":[{"href":"https:\/\/shop.bantam.ch\/fr\/wp-json\/wp\/v2\/types\/product"}],"wp:featuredmedia":[{"embeddable":true,"href":"https:\/\/shop.bantam.ch\/fr\/wp-json\/wp\/v2\/media\/223560"}],"wp:attachment":[{"href":"https:\/\/shop.bantam.ch\/fr\/wp-json\/wp\/v2\/media?parent=223562"}],"wp:term":[{"taxonomy":"product_featured_cat","embeddable":true,"href":"https:\/\/shop.bantam.ch\/fr\/wp-json\/wp\/v2\/product_featured_cat?post=223562"},{"taxonomy":"product_brand","embeddable":true,"href":"https:\/\/shop.bantam.ch\/fr\/wp-json\/wp\/v2\/product_brand?post=223562"},{"taxonomy":"product_cat","embeddable":true,"href":"https:\/\/shop.bantam.ch\/fr\/wp-json\/wp\/v2\/product_cat?post=223562"},{"taxonomy":"product_tag","embeddable":true,"href":"https:\/\/shop.bantam.ch\/fr\/wp-json\/wp\/v2\/product_tag?post=223562"}],"curies":[{"name":"wp","href":"https:\/\/api.w.org\/{rel}","templated":true}]}}