{"id":223527,"date":"2025-12-17T13:49:42","date_gmt":"2025-12-17T12:49:42","guid":{"rendered":"https:\/\/shop.bantam.ch\/produit\/partie-inferieure-tapis-de-fenetre-thermique-mercedes-classe-b-sl-a-partir-de-2013\/"},"modified":"2026-04-18T23:37:45","modified_gmt":"2026-04-18T21:37:45","slug":"partie-inferieure-tapis-de-fenetre-thermique-mercedes-classe-b-sl-a-partir-de-2013","status":"publish","type":"product","link":"https:\/\/shop.bantam.ch\/fr\/produit\/partie-inferieure-tapis-de-fenetre-thermique-mercedes-classe-b-sl-a-partir-de-2013\/","title":{"rendered":"Partie inf\u00e9rieure tapis de fen\u00eatre thermique Mercedes classe B-SL \u00e0 partir de 2013"},"content":{"rendered":"<p>Afin d&rsquo;assurer une protection efficace contre les courants d&rsquo;air froids \u00e0 travers le compartiment moteur non isol\u00e9, les passages de roue et l&rsquo;espace pour les pieds, HINDERMANN a d\u00e9velopp\u00e9 le module d&rsquo;extension LUX DUO, adapt\u00e9 aux vacances d&rsquo;hiver. Une bande velcro est int\u00e9gr\u00e9e en haut pour la liaison avec le tapis de fen\u00eatre. La rallonge est faite du m\u00eame mat\u00e9riau, mais l&rsquo;isolation est un peu plus fine afin d&rsquo;\u00e9conomiser du volume pendant le voyage. Avec la partie sup\u00e9rieure du tapis de fen\u00eatre thermique LUX adapt\u00e9 \u00e0 HINDERMANN, on obtient une isolation thermique en deux parties pour l&rsquo;ensemble de la cabine de conduite. La cabine compl\u00e8te peut ainsi \u00eatre prot\u00e9g\u00e9e efficacement contre l&rsquo;infiltration du froid. Le module d&rsquo;extension LUX DUO adapt\u00e9 \u00e0 HINDERMANN peut \u00e9galement \u00eatre achet\u00e9 s\u00e9par\u00e9ment ult\u00e9rieurement.<\/p>\n","protected":false},"excerpt":{"rendered":"<p>Afin d&rsquo;assurer une protection efficace contre les courants d&rsquo;air froids \u00e0 travers le compartiment moteur non isol\u00e9, les passages de roue et l&rsquo;espace pour les pieds, HINDERMANN a d\u00e9velopp\u00e9 le module d&rsquo;extension LUX DUO, adapt\u00e9 aux vacances d&rsquo;hiver. Une bande velcro est int\u00e9gr\u00e9e en haut pour la liaison avec le tapis de fen\u00eatre. La rallonge [&hellip;]<\/p>\n","protected":false},"featured_media":223521,"template":"","meta":{"_acf_changed":false},"product_featured_cat":[],"product_brand":[],"product_cat":[4641],"product_tag":[],"class_list":{"0":"post-223527","1":"product","2":"type-product","3":"status-publish","4":"has-post-thumbnail","6":"product_cat-matelas-et-rideaux-thermiques","8":"first","9":"instock","10":"taxable","11":"shipping-taxable","12":"purchasable","13":"product-type-simple"},"acf":[],"yoast_head":"<!-- This site is optimized with the Yoast SEO plugin v27.4 - https:\/\/yoast.com\/product\/yoast-seo-wordpress\/ -->\n<title>Partie inf\u00e9rieure tapis de fen\u00eatre thermique Mercedes classe B-SL \u00e0 partir de 2013 - Bantam Wankm\u00fcller SA<\/title>\n<meta name=\"robots\" content=\"index, follow, max-snippet:-1, max-image-preview:large, max-video-preview:-1\" \/>\n<link rel=\"canonical\" href=\"https:\/\/shop.bantam.ch\/fr\/produit\/partie-inferieure-tapis-de-fenetre-thermique-mercedes-classe-b-sl-a-partir-de-2013\/\" \/>\n<meta property=\"og:locale\" content=\"fr_FR\" \/>\n<meta property=\"og:type\" content=\"article\" \/>\n<meta property=\"og:title\" content=\"Partie inf\u00e9rieure tapis de fen\u00eatre thermique Mercedes classe B-SL \u00e0 partir de 2013 - Bantam Wankm\u00fcller SA\" \/>\n<meta property=\"og:description\" content=\"Afin d&rsquo;assurer une protection efficace contre les courants d&rsquo;air froids \u00e0 travers le compartiment moteur non isol\u00e9, les passages de roue et l&rsquo;espace pour les pieds, HINDERMANN a d\u00e9velopp\u00e9 le module d&rsquo;extension LUX DUO, adapt\u00e9 aux vacances d&rsquo;hiver. Une bande velcro est int\u00e9gr\u00e9e en haut pour la liaison avec le tapis de fen\u00eatre. La rallonge [&hellip;]\" \/>\n<meta property=\"og:url\" content=\"https:\/\/shop.bantam.ch\/fr\/produit\/partie-inferieure-tapis-de-fenetre-thermique-mercedes-classe-b-sl-a-partir-de-2013\/\" \/>\n<meta property=\"og:site_name\" content=\"Bantam Wankm\u00fcller SA\" \/>\n<meta property=\"article:modified_time\" content=\"2026-04-18T21:37:45+00:00\" \/>\n<meta name=\"twitter:card\" content=\"summary_large_image\" \/>\n<meta name=\"twitter:label1\" content=\"Dur\u00e9e de lecture estim\u00e9e\" \/>\n\t<meta name=\"twitter:data1\" content=\"1 minute\" \/>\n<script type=\"application\/ld+json\" class=\"yoast-schema-graph\">{\"@context\":\"https:\\\/\\\/schema.org\",\"@graph\":[{\"@type\":\"WebPage\",\"@id\":\"https:\\\/\\\/shop.bantam.ch\\\/fr\\\/produit\\\/partie-inferieure-tapis-de-fenetre-thermique-mercedes-classe-b-sl-a-partir-de-2013\\\/\",\"url\":\"https:\\\/\\\/shop.bantam.ch\\\/fr\\\/produit\\\/partie-inferieure-tapis-de-fenetre-thermique-mercedes-classe-b-sl-a-partir-de-2013\\\/\",\"name\":\"Partie inf\u00e9rieure tapis de fen\u00eatre thermique Mercedes classe B-SL \u00e0 partir de 2013 - Bantam Wankm\u00fcller SA\",\"isPartOf\":{\"@id\":\"https:\\\/\\\/shop.bantam.ch\\\/fr\\\/#website\"},\"primaryImageOfPage\":{\"@id\":\"https:\\\/\\\/shop.bantam.ch\\\/fr\\\/produit\\\/partie-inferieure-tapis-de-fenetre-thermique-mercedes-classe-b-sl-a-partir-de-2013\\\/#primaryimage\"},\"image\":{\"@id\":\"https:\\\/\\\/shop.bantam.ch\\\/fr\\\/produit\\\/partie-inferieure-tapis-de-fenetre-thermique-mercedes-classe-b-sl-a-partir-de-2013\\\/#primaryimage\"},\"thumbnailUrl\":\"https:\\\/\\\/shop.bantam.ch\\\/wp-content\\\/uploads\\\/2025\\\/12\\\/Movera-L-9918669100.png\",\"datePublished\":\"2025-12-17T12:49:42+00:00\",\"dateModified\":\"2026-04-18T21:37:45+00:00\",\"breadcrumb\":{\"@id\":\"https:\\\/\\\/shop.bantam.ch\\\/fr\\\/produit\\\/partie-inferieure-tapis-de-fenetre-thermique-mercedes-classe-b-sl-a-partir-de-2013\\\/#breadcrumb\"},\"inLanguage\":\"fr-FR\",\"potentialAction\":[{\"@type\":\"ReadAction\",\"target\":[\"https:\\\/\\\/shop.bantam.ch\\\/fr\\\/produit\\\/partie-inferieure-tapis-de-fenetre-thermique-mercedes-classe-b-sl-a-partir-de-2013\\\/\"]}]},{\"@type\":\"ImageObject\",\"inLanguage\":\"fr-FR\",\"@id\":\"https:\\\/\\\/shop.bantam.ch\\\/fr\\\/produit\\\/partie-inferieure-tapis-de-fenetre-thermique-mercedes-classe-b-sl-a-partir-de-2013\\\/#primaryimage\",\"url\":\"https:\\\/\\\/shop.bantam.ch\\\/wp-content\\\/uploads\\\/2025\\\/12\\\/Movera-L-9918669100.png\",\"contentUrl\":\"https:\\\/\\\/shop.bantam.ch\\\/wp-content\\\/uploads\\\/2025\\\/12\\\/Movera-L-9918669100.png\",\"width\":420,\"height\":420},{\"@type\":\"BreadcrumbList\",\"@id\":\"https:\\\/\\\/shop.bantam.ch\\\/fr\\\/produit\\\/partie-inferieure-tapis-de-fenetre-thermique-mercedes-classe-b-sl-a-partir-de-2013\\\/#breadcrumb\",\"itemListElement\":[{\"@type\":\"ListItem\",\"position\":1,\"name\":\"Accueil\",\"item\":\"https:\\\/\\\/shop.bantam.ch\\\/fr\\\/\"},{\"@type\":\"ListItem\",\"position\":2,\"name\":\"Boutique\",\"item\":\"https:\\\/\\\/shop.bantam.ch\\\/fr\\\/boutique\\\/\"},{\"@type\":\"ListItem\",\"position\":3,\"name\":\"Partie inf\u00e9rieure tapis de fen\u00eatre thermique Mercedes classe B-SL \u00e0 partir de 2013\"}]},{\"@type\":\"WebSite\",\"@id\":\"https:\\\/\\\/shop.bantam.ch\\\/fr\\\/#website\",\"url\":\"https:\\\/\\\/shop.bantam.ch\\\/fr\\\/\",\"name\":\"Bantam Wankm\u00fcller SA\",\"description\":\"\",\"publisher\":{\"@id\":\"https:\\\/\\\/shop.bantam.ch\\\/fr\\\/#organization\"},\"inLanguage\":\"fr-FR\"},{\"@type\":\"Organization\",\"@id\":\"https:\\\/\\\/shop.bantam.ch\\\/fr\\\/#organization\",\"name\":\"Bantam Wankm\u00fcller SA\",\"url\":\"https:\\\/\\\/shop.bantam.ch\\\/fr\\\/\",\"logo\":{\"@type\":\"ImageObject\",\"inLanguage\":\"fr-FR\",\"@id\":\"https:\\\/\\\/shop.bantam.ch\\\/fr\\\/#\\\/schema\\\/logo\\\/image\\\/\",\"url\":\"https:\\\/\\\/shop.bantam.ch\\\/wp-content\\\/uploads\\\/2022\\\/12\\\/bantam-logo.png\",\"contentUrl\":\"https:\\\/\\\/shop.bantam.ch\\\/wp-content\\\/uploads\\\/2022\\\/12\\\/bantam-logo.png\",\"width\":320,\"height\":71,\"caption\":\"Bantam Wankm\u00fcller SA\"},\"image\":{\"@id\":\"https:\\\/\\\/shop.bantam.ch\\\/fr\\\/#\\\/schema\\\/logo\\\/image\\\/\"}}]}<\/script>\n<!-- \/ Yoast SEO plugin. -->","yoast_head_json":{"title":"Partie inf\u00e9rieure tapis de fen\u00eatre thermique Mercedes classe B-SL \u00e0 partir de 2013 - Bantam Wankm\u00fcller SA","robots":{"index":"index","follow":"follow","max-snippet":"max-snippet:-1","max-image-preview":"max-image-preview:large","max-video-preview":"max-video-preview:-1"},"canonical":"https:\/\/shop.bantam.ch\/fr\/produit\/partie-inferieure-tapis-de-fenetre-thermique-mercedes-classe-b-sl-a-partir-de-2013\/","og_locale":"fr_FR","og_type":"article","og_title":"Partie inf\u00e9rieure tapis de fen\u00eatre thermique Mercedes classe B-SL \u00e0 partir de 2013 - Bantam Wankm\u00fcller SA","og_description":"Afin d&rsquo;assurer une protection efficace contre les courants d&rsquo;air froids \u00e0 travers le compartiment moteur non isol\u00e9, les passages de roue et l&rsquo;espace pour les pieds, HINDERMANN a d\u00e9velopp\u00e9 le module d&rsquo;extension LUX DUO, adapt\u00e9 aux vacances d&rsquo;hiver. Une bande velcro est int\u00e9gr\u00e9e en haut pour la liaison avec le tapis de fen\u00eatre. La rallonge [&hellip;]","og_url":"https:\/\/shop.bantam.ch\/fr\/produit\/partie-inferieure-tapis-de-fenetre-thermique-mercedes-classe-b-sl-a-partir-de-2013\/","og_site_name":"Bantam Wankm\u00fcller SA","article_modified_time":"2026-04-18T21:37:45+00:00","twitter_card":"summary_large_image","twitter_misc":{"Dur\u00e9e de lecture estim\u00e9e":"1 minute"},"schema":{"@context":"https:\/\/schema.org","@graph":[{"@type":"WebPage","@id":"https:\/\/shop.bantam.ch\/fr\/produit\/partie-inferieure-tapis-de-fenetre-thermique-mercedes-classe-b-sl-a-partir-de-2013\/","url":"https:\/\/shop.bantam.ch\/fr\/produit\/partie-inferieure-tapis-de-fenetre-thermique-mercedes-classe-b-sl-a-partir-de-2013\/","name":"Partie inf\u00e9rieure tapis de fen\u00eatre thermique Mercedes classe B-SL \u00e0 partir de 2013 - Bantam Wankm\u00fcller SA","isPartOf":{"@id":"https:\/\/shop.bantam.ch\/fr\/#website"},"primaryImageOfPage":{"@id":"https:\/\/shop.bantam.ch\/fr\/produit\/partie-inferieure-tapis-de-fenetre-thermique-mercedes-classe-b-sl-a-partir-de-2013\/#primaryimage"},"image":{"@id":"https:\/\/shop.bantam.ch\/fr\/produit\/partie-inferieure-tapis-de-fenetre-thermique-mercedes-classe-b-sl-a-partir-de-2013\/#primaryimage"},"thumbnailUrl":"https:\/\/shop.bantam.ch\/wp-content\/uploads\/2025\/12\/Movera-L-9918669100.png","datePublished":"2025-12-17T12:49:42+00:00","dateModified":"2026-04-18T21:37:45+00:00","breadcrumb":{"@id":"https:\/\/shop.bantam.ch\/fr\/produit\/partie-inferieure-tapis-de-fenetre-thermique-mercedes-classe-b-sl-a-partir-de-2013\/#breadcrumb"},"inLanguage":"fr-FR","potentialAction":[{"@type":"ReadAction","target":["https:\/\/shop.bantam.ch\/fr\/produit\/partie-inferieure-tapis-de-fenetre-thermique-mercedes-classe-b-sl-a-partir-de-2013\/"]}]},{"@type":"ImageObject","inLanguage":"fr-FR","@id":"https:\/\/shop.bantam.ch\/fr\/produit\/partie-inferieure-tapis-de-fenetre-thermique-mercedes-classe-b-sl-a-partir-de-2013\/#primaryimage","url":"https:\/\/shop.bantam.ch\/wp-content\/uploads\/2025\/12\/Movera-L-9918669100.png","contentUrl":"https:\/\/shop.bantam.ch\/wp-content\/uploads\/2025\/12\/Movera-L-9918669100.png","width":420,"height":420},{"@type":"BreadcrumbList","@id":"https:\/\/shop.bantam.ch\/fr\/produit\/partie-inferieure-tapis-de-fenetre-thermique-mercedes-classe-b-sl-a-partir-de-2013\/#breadcrumb","itemListElement":[{"@type":"ListItem","position":1,"name":"Accueil","item":"https:\/\/shop.bantam.ch\/fr\/"},{"@type":"ListItem","position":2,"name":"Boutique","item":"https:\/\/shop.bantam.ch\/fr\/boutique\/"},{"@type":"ListItem","position":3,"name":"Partie inf\u00e9rieure tapis de fen\u00eatre thermique Mercedes classe B-SL \u00e0 partir de 2013"}]},{"@type":"WebSite","@id":"https:\/\/shop.bantam.ch\/fr\/#website","url":"https:\/\/shop.bantam.ch\/fr\/","name":"Bantam Wankm\u00fcller SA","description":"","publisher":{"@id":"https:\/\/shop.bantam.ch\/fr\/#organization"},"inLanguage":"fr-FR"},{"@type":"Organization","@id":"https:\/\/shop.bantam.ch\/fr\/#organization","name":"Bantam Wankm\u00fcller SA","url":"https:\/\/shop.bantam.ch\/fr\/","logo":{"@type":"ImageObject","inLanguage":"fr-FR","@id":"https:\/\/shop.bantam.ch\/fr\/#\/schema\/logo\/image\/","url":"https:\/\/shop.bantam.ch\/wp-content\/uploads\/2022\/12\/bantam-logo.png","contentUrl":"https:\/\/shop.bantam.ch\/wp-content\/uploads\/2022\/12\/bantam-logo.png","width":320,"height":71,"caption":"Bantam Wankm\u00fcller SA"},"image":{"@id":"https:\/\/shop.bantam.ch\/fr\/#\/schema\/logo\/image\/"}}]}},"_links":{"self":[{"href":"https:\/\/shop.bantam.ch\/fr\/wp-json\/wp\/v2\/product\/223527","targetHints":{"allow":["GET"]}}],"collection":[{"href":"https:\/\/shop.bantam.ch\/fr\/wp-json\/wp\/v2\/product"}],"about":[{"href":"https:\/\/shop.bantam.ch\/fr\/wp-json\/wp\/v2\/types\/product"}],"wp:featuredmedia":[{"embeddable":true,"href":"https:\/\/shop.bantam.ch\/fr\/wp-json\/wp\/v2\/media\/223521"}],"wp:attachment":[{"href":"https:\/\/shop.bantam.ch\/fr\/wp-json\/wp\/v2\/media?parent=223527"}],"wp:term":[{"taxonomy":"product_featured_cat","embeddable":true,"href":"https:\/\/shop.bantam.ch\/fr\/wp-json\/wp\/v2\/product_featured_cat?post=223527"},{"taxonomy":"product_brand","embeddable":true,"href":"https:\/\/shop.bantam.ch\/fr\/wp-json\/wp\/v2\/product_brand?post=223527"},{"taxonomy":"product_cat","embeddable":true,"href":"https:\/\/shop.bantam.ch\/fr\/wp-json\/wp\/v2\/product_cat?post=223527"},{"taxonomy":"product_tag","embeddable":true,"href":"https:\/\/shop.bantam.ch\/fr\/wp-json\/wp\/v2\/product_tag?post=223527"}],"curies":[{"name":"wp","href":"https:\/\/api.w.org\/{rel}","templated":true}]}}