{"id":223463,"date":"2025-12-17T13:47:45","date_gmt":"2025-12-17T12:47:45","guid":{"rendered":"https:\/\/shop.bantam.ch\/produit\/table-bambou-calgary-l-120-x-90-x-68-cm-_ouvert_\/"},"modified":"2026-04-17T23:34:06","modified_gmt":"2026-04-17T21:34:06","slug":"table-bambou-calgary-l-120-x-90-x-68-cm-_ouvert_","status":"publish","type":"product","link":"https:\/\/shop.bantam.ch\/fr\/produit\/table-bambou-calgary-l-120-x-90-x-68-cm-_ouvert_\/","title":{"rendered":"Table Bambou Calgary L 120 x 90 x 68 cm _ouvert_"},"content":{"rendered":"<p>L&rsquo;\u00e9l\u00e9gante table en bambou conjugue beaut\u00e9 naturelle et design contemporain &#8211; vous allez faire des envieux\u00a0! La table est pli\u00e9e pour un encombrement r\u00e9duit et une facilit\u00e9 de transport, mais extr\u00eamement robuste. Id\u00e9al pour le pique-nique et le camping<\/p>\n<p>Caract\u00e9ristiques et fonctions :<\/p>\n<ul>\n<li>D\u00e9pli\u00e9e et repli\u00e9e en quelques secondes<\/li>\n<li>Poign\u00e9es pratiques pour un transport facile<\/li>\n<li>Poids faible<\/li>\n<li>Dimensions pli\u00e9es compactes<\/li>\n<\/ul>\n<p>Mat\u00e9riau\u00a0:<br \/>plateau de table en bambou <br \/>pi\u00e8tement en aluminium<\/p>\n","protected":false},"excerpt":{"rendered":"<p>L&rsquo;\u00e9l\u00e9gante table en bambou conjugue beaut\u00e9 naturelle et design contemporain &#8211; vous allez faire des envieux\u00a0! La table est pli\u00e9e pour un encombrement r\u00e9duit et une facilit\u00e9 de transport, mais extr\u00eamement robuste. Id\u00e9al pour le pique-nique et le camping Caract\u00e9ristiques et fonctions : D\u00e9pli\u00e9e et repli\u00e9e en quelques secondes Poign\u00e9es pratiques pour un transport facile [&hellip;]<\/p>\n","protected":false},"featured_media":223461,"template":"","meta":{"_acf_changed":false},"product_featured_cat":[],"product_brand":[3202],"product_cat":[4053],"product_tag":[],"class_list":{"0":"post-223463","1":"product","2":"type-product","3":"status-publish","4":"has-post-thumbnail","6":"product_brand-movera","7":"product_cat-tables-de-camping","9":"first","10":"instock","11":"sale","12":"taxable","13":"shipping-taxable","14":"purchasable","15":"product-type-simple"},"acf":[],"yoast_head":"<!-- This site is optimized with the Yoast SEO plugin v27.4 - https:\/\/yoast.com\/product\/yoast-seo-wordpress\/ -->\n<title>Table Bambou Calgary L 120 x 90 x 68 cm _ouvert_ - Bantam Wankm\u00fcller SA<\/title>\n<meta name=\"robots\" content=\"index, follow, max-snippet:-1, max-image-preview:large, max-video-preview:-1\" \/>\n<link rel=\"canonical\" href=\"https:\/\/shop.bantam.ch\/fr\/produit\/table-bambou-calgary-l-120-x-90-x-68-cm-_ouvert_\/\" \/>\n<meta property=\"og:locale\" content=\"fr_FR\" \/>\n<meta property=\"og:type\" content=\"article\" \/>\n<meta property=\"og:title\" content=\"Table Bambou Calgary L 120 x 90 x 68 cm _ouvert_ - Bantam Wankm\u00fcller SA\" \/>\n<meta property=\"og:description\" content=\"L&rsquo;\u00e9l\u00e9gante table en bambou conjugue beaut\u00e9 naturelle et design contemporain &#8211; vous allez faire des envieux\u00a0! La table est pli\u00e9e pour un encombrement r\u00e9duit et une facilit\u00e9 de transport, mais extr\u00eamement robuste. Id\u00e9al pour le pique-nique et le camping Caract\u00e9ristiques et fonctions : D\u00e9pli\u00e9e et repli\u00e9e en quelques secondes Poign\u00e9es pratiques pour un transport facile [&hellip;]\" \/>\n<meta property=\"og:url\" content=\"https:\/\/shop.bantam.ch\/fr\/produit\/table-bambou-calgary-l-120-x-90-x-68-cm-_ouvert_\/\" \/>\n<meta property=\"og:site_name\" content=\"Bantam Wankm\u00fcller SA\" \/>\n<meta property=\"article:modified_time\" content=\"2026-04-17T21:34:06+00:00\" \/>\n<meta property=\"og:image\" content=\"https:\/\/shop.bantam.ch\/wp-content\/uploads\/2025\/12\/Movera-L-9911779100.jpg\" \/>\n\t<meta property=\"og:image:width\" content=\"640\" \/>\n\t<meta property=\"og:image:height\" content=\"456\" \/>\n\t<meta property=\"og:image:type\" content=\"image\/jpeg\" \/>\n<meta name=\"twitter:card\" content=\"summary_large_image\" \/>\n<script type=\"application\/ld+json\" class=\"yoast-schema-graph\">{\"@context\":\"https:\\\/\\\/schema.org\",\"@graph\":[{\"@type\":\"WebPage\",\"@id\":\"https:\\\/\\\/shop.bantam.ch\\\/fr\\\/produit\\\/table-bambou-calgary-l-120-x-90-x-68-cm-_ouvert_\\\/\",\"url\":\"https:\\\/\\\/shop.bantam.ch\\\/fr\\\/produit\\\/table-bambou-calgary-l-120-x-90-x-68-cm-_ouvert_\\\/\",\"name\":\"Table Bambou Calgary L 120 x 90 x 68 cm _ouvert_ - Bantam Wankm\u00fcller SA\",\"isPartOf\":{\"@id\":\"https:\\\/\\\/shop.bantam.ch\\\/fr\\\/#website\"},\"primaryImageOfPage\":{\"@id\":\"https:\\\/\\\/shop.bantam.ch\\\/fr\\\/produit\\\/table-bambou-calgary-l-120-x-90-x-68-cm-_ouvert_\\\/#primaryimage\"},\"image\":{\"@id\":\"https:\\\/\\\/shop.bantam.ch\\\/fr\\\/produit\\\/table-bambou-calgary-l-120-x-90-x-68-cm-_ouvert_\\\/#primaryimage\"},\"thumbnailUrl\":\"https:\\\/\\\/shop.bantam.ch\\\/wp-content\\\/uploads\\\/2025\\\/12\\\/Movera-L-9911779100.jpg\",\"datePublished\":\"2025-12-17T12:47:45+00:00\",\"dateModified\":\"2026-04-17T21:34:06+00:00\",\"breadcrumb\":{\"@id\":\"https:\\\/\\\/shop.bantam.ch\\\/fr\\\/produit\\\/table-bambou-calgary-l-120-x-90-x-68-cm-_ouvert_\\\/#breadcrumb\"},\"inLanguage\":\"fr-FR\",\"potentialAction\":[{\"@type\":\"ReadAction\",\"target\":[\"https:\\\/\\\/shop.bantam.ch\\\/fr\\\/produit\\\/table-bambou-calgary-l-120-x-90-x-68-cm-_ouvert_\\\/\"]}]},{\"@type\":\"ImageObject\",\"inLanguage\":\"fr-FR\",\"@id\":\"https:\\\/\\\/shop.bantam.ch\\\/fr\\\/produit\\\/table-bambou-calgary-l-120-x-90-x-68-cm-_ouvert_\\\/#primaryimage\",\"url\":\"https:\\\/\\\/shop.bantam.ch\\\/wp-content\\\/uploads\\\/2025\\\/12\\\/Movera-L-9911779100.jpg\",\"contentUrl\":\"https:\\\/\\\/shop.bantam.ch\\\/wp-content\\\/uploads\\\/2025\\\/12\\\/Movera-L-9911779100.jpg\",\"width\":640,\"height\":456},{\"@type\":\"BreadcrumbList\",\"@id\":\"https:\\\/\\\/shop.bantam.ch\\\/fr\\\/produit\\\/table-bambou-calgary-l-120-x-90-x-68-cm-_ouvert_\\\/#breadcrumb\",\"itemListElement\":[{\"@type\":\"ListItem\",\"position\":1,\"name\":\"Accueil\",\"item\":\"https:\\\/\\\/shop.bantam.ch\\\/fr\\\/\"},{\"@type\":\"ListItem\",\"position\":2,\"name\":\"Boutique\",\"item\":\"https:\\\/\\\/shop.bantam.ch\\\/fr\\\/boutique\\\/\"},{\"@type\":\"ListItem\",\"position\":3,\"name\":\"Table Bambou Calgary L 120 x 90 x 68 cm _ouvert_\"}]},{\"@type\":\"WebSite\",\"@id\":\"https:\\\/\\\/shop.bantam.ch\\\/fr\\\/#website\",\"url\":\"https:\\\/\\\/shop.bantam.ch\\\/fr\\\/\",\"name\":\"Bantam Wankm\u00fcller SA\",\"description\":\"\",\"publisher\":{\"@id\":\"https:\\\/\\\/shop.bantam.ch\\\/fr\\\/#organization\"},\"inLanguage\":\"fr-FR\"},{\"@type\":\"Organization\",\"@id\":\"https:\\\/\\\/shop.bantam.ch\\\/fr\\\/#organization\",\"name\":\"Bantam Wankm\u00fcller SA\",\"url\":\"https:\\\/\\\/shop.bantam.ch\\\/fr\\\/\",\"logo\":{\"@type\":\"ImageObject\",\"inLanguage\":\"fr-FR\",\"@id\":\"https:\\\/\\\/shop.bantam.ch\\\/fr\\\/#\\\/schema\\\/logo\\\/image\\\/\",\"url\":\"https:\\\/\\\/shop.bantam.ch\\\/wp-content\\\/uploads\\\/2022\\\/12\\\/bantam-logo.png\",\"contentUrl\":\"https:\\\/\\\/shop.bantam.ch\\\/wp-content\\\/uploads\\\/2022\\\/12\\\/bantam-logo.png\",\"width\":320,\"height\":71,\"caption\":\"Bantam Wankm\u00fcller SA\"},\"image\":{\"@id\":\"https:\\\/\\\/shop.bantam.ch\\\/fr\\\/#\\\/schema\\\/logo\\\/image\\\/\"}}]}<\/script>\n<!-- \/ Yoast SEO plugin. -->","yoast_head_json":{"title":"Table Bambou Calgary L 120 x 90 x 68 cm _ouvert_ - Bantam Wankm\u00fcller SA","robots":{"index":"index","follow":"follow","max-snippet":"max-snippet:-1","max-image-preview":"max-image-preview:large","max-video-preview":"max-video-preview:-1"},"canonical":"https:\/\/shop.bantam.ch\/fr\/produit\/table-bambou-calgary-l-120-x-90-x-68-cm-_ouvert_\/","og_locale":"fr_FR","og_type":"article","og_title":"Table Bambou Calgary L 120 x 90 x 68 cm _ouvert_ - Bantam Wankm\u00fcller SA","og_description":"L&rsquo;\u00e9l\u00e9gante table en bambou conjugue beaut\u00e9 naturelle et design contemporain &#8211; vous allez faire des envieux\u00a0! La table est pli\u00e9e pour un encombrement r\u00e9duit et une facilit\u00e9 de transport, mais extr\u00eamement robuste. Id\u00e9al pour le pique-nique et le camping Caract\u00e9ristiques et fonctions : D\u00e9pli\u00e9e et repli\u00e9e en quelques secondes Poign\u00e9es pratiques pour un transport facile [&hellip;]","og_url":"https:\/\/shop.bantam.ch\/fr\/produit\/table-bambou-calgary-l-120-x-90-x-68-cm-_ouvert_\/","og_site_name":"Bantam Wankm\u00fcller SA","article_modified_time":"2026-04-17T21:34:06+00:00","og_image":[{"width":640,"height":456,"url":"https:\/\/shop.bantam.ch\/wp-content\/uploads\/2025\/12\/Movera-L-9911779100.jpg","type":"image\/jpeg"}],"twitter_card":"summary_large_image","schema":{"@context":"https:\/\/schema.org","@graph":[{"@type":"WebPage","@id":"https:\/\/shop.bantam.ch\/fr\/produit\/table-bambou-calgary-l-120-x-90-x-68-cm-_ouvert_\/","url":"https:\/\/shop.bantam.ch\/fr\/produit\/table-bambou-calgary-l-120-x-90-x-68-cm-_ouvert_\/","name":"Table Bambou Calgary L 120 x 90 x 68 cm _ouvert_ - Bantam Wankm\u00fcller SA","isPartOf":{"@id":"https:\/\/shop.bantam.ch\/fr\/#website"},"primaryImageOfPage":{"@id":"https:\/\/shop.bantam.ch\/fr\/produit\/table-bambou-calgary-l-120-x-90-x-68-cm-_ouvert_\/#primaryimage"},"image":{"@id":"https:\/\/shop.bantam.ch\/fr\/produit\/table-bambou-calgary-l-120-x-90-x-68-cm-_ouvert_\/#primaryimage"},"thumbnailUrl":"https:\/\/shop.bantam.ch\/wp-content\/uploads\/2025\/12\/Movera-L-9911779100.jpg","datePublished":"2025-12-17T12:47:45+00:00","dateModified":"2026-04-17T21:34:06+00:00","breadcrumb":{"@id":"https:\/\/shop.bantam.ch\/fr\/produit\/table-bambou-calgary-l-120-x-90-x-68-cm-_ouvert_\/#breadcrumb"},"inLanguage":"fr-FR","potentialAction":[{"@type":"ReadAction","target":["https:\/\/shop.bantam.ch\/fr\/produit\/table-bambou-calgary-l-120-x-90-x-68-cm-_ouvert_\/"]}]},{"@type":"ImageObject","inLanguage":"fr-FR","@id":"https:\/\/shop.bantam.ch\/fr\/produit\/table-bambou-calgary-l-120-x-90-x-68-cm-_ouvert_\/#primaryimage","url":"https:\/\/shop.bantam.ch\/wp-content\/uploads\/2025\/12\/Movera-L-9911779100.jpg","contentUrl":"https:\/\/shop.bantam.ch\/wp-content\/uploads\/2025\/12\/Movera-L-9911779100.jpg","width":640,"height":456},{"@type":"BreadcrumbList","@id":"https:\/\/shop.bantam.ch\/fr\/produit\/table-bambou-calgary-l-120-x-90-x-68-cm-_ouvert_\/#breadcrumb","itemListElement":[{"@type":"ListItem","position":1,"name":"Accueil","item":"https:\/\/shop.bantam.ch\/fr\/"},{"@type":"ListItem","position":2,"name":"Boutique","item":"https:\/\/shop.bantam.ch\/fr\/boutique\/"},{"@type":"ListItem","position":3,"name":"Table Bambou Calgary L 120 x 90 x 68 cm _ouvert_"}]},{"@type":"WebSite","@id":"https:\/\/shop.bantam.ch\/fr\/#website","url":"https:\/\/shop.bantam.ch\/fr\/","name":"Bantam Wankm\u00fcller SA","description":"","publisher":{"@id":"https:\/\/shop.bantam.ch\/fr\/#organization"},"inLanguage":"fr-FR"},{"@type":"Organization","@id":"https:\/\/shop.bantam.ch\/fr\/#organization","name":"Bantam Wankm\u00fcller SA","url":"https:\/\/shop.bantam.ch\/fr\/","logo":{"@type":"ImageObject","inLanguage":"fr-FR","@id":"https:\/\/shop.bantam.ch\/fr\/#\/schema\/logo\/image\/","url":"https:\/\/shop.bantam.ch\/wp-content\/uploads\/2022\/12\/bantam-logo.png","contentUrl":"https:\/\/shop.bantam.ch\/wp-content\/uploads\/2022\/12\/bantam-logo.png","width":320,"height":71,"caption":"Bantam Wankm\u00fcller SA"},"image":{"@id":"https:\/\/shop.bantam.ch\/fr\/#\/schema\/logo\/image\/"}}]}},"_links":{"self":[{"href":"https:\/\/shop.bantam.ch\/fr\/wp-json\/wp\/v2\/product\/223463","targetHints":{"allow":["GET"]}}],"collection":[{"href":"https:\/\/shop.bantam.ch\/fr\/wp-json\/wp\/v2\/product"}],"about":[{"href":"https:\/\/shop.bantam.ch\/fr\/wp-json\/wp\/v2\/types\/product"}],"wp:featuredmedia":[{"embeddable":true,"href":"https:\/\/shop.bantam.ch\/fr\/wp-json\/wp\/v2\/media\/223461"}],"wp:attachment":[{"href":"https:\/\/shop.bantam.ch\/fr\/wp-json\/wp\/v2\/media?parent=223463"}],"wp:term":[{"taxonomy":"product_featured_cat","embeddable":true,"href":"https:\/\/shop.bantam.ch\/fr\/wp-json\/wp\/v2\/product_featured_cat?post=223463"},{"taxonomy":"product_brand","embeddable":true,"href":"https:\/\/shop.bantam.ch\/fr\/wp-json\/wp\/v2\/product_brand?post=223463"},{"taxonomy":"product_cat","embeddable":true,"href":"https:\/\/shop.bantam.ch\/fr\/wp-json\/wp\/v2\/product_cat?post=223463"},{"taxonomy":"product_tag","embeddable":true,"href":"https:\/\/shop.bantam.ch\/fr\/wp-json\/wp\/v2\/product_tag?post=223463"}],"curies":[{"name":"wp","href":"https:\/\/api.w.org\/{rel}","templated":true}]}}