{"id":223427,"date":"2025-12-17T13:46:41","date_gmt":"2025-12-17T12:46:41","guid":{"rendered":"https:\/\/shop.bantam.ch\/produit\/porte-velos-agito-top-escamotable-sans-kit-electrique-ni-elements-de-fixation\/"},"modified":"2026-04-18T02:09:28","modified_gmt":"2026-04-18T00:09:28","slug":"porte-velos-agito-top-escamotable-sans-kit-electrique-ni-elements-de-fixation","status":"publish","type":"product","link":"https:\/\/shop.bantam.ch\/fr\/produit\/porte-velos-agito-top-escamotable-sans-kit-electrique-ni-elements-de-fixation\/","title":{"rendered":"Porte-v\u00e9los Agito Top escamotable sans kit \u00e9lectrique ni \u00e9l\u00e9ments de fixation"},"content":{"rendered":"<p>AGITO Top &#8211; le syst\u00e8me pour hayon rabattable et pivotant pour votre fourgonnette<br \/>Pivote ais\u00e9ment<br \/>Les syst\u00e8mes de support pour fourgonnettes pivotent compl\u00e8tement et sans effort sur le c\u00f4t\u00e9 afin d\u2019ouvrir enti\u00e8rement les portes ou le hayon arri\u00e8re, et ce m\u00eame s\u2019ils sont charg\u00e9s. Pour cela, il suffit de desserrer la fermeture excentrique (r\u00e9glable) et de mettre la roue d\u2019appui (de s\u00e9rie) en place. Id\u00e9al lorsque vous devez d\u00e9charger des chaises ou proc\u00e9der \u00e0 la vidange des toilettes. Le nouveau mod\u00e8le, AGITO-TOP, peut \u00eatre relev\u00e9 pour un gain de place lorsqu\u2019on ne l\u2019utilise pas. L\u2019AGITO est compatible avec presque toutes les fourgonnettes.<br \/>Stable et poids optimis\u00e9<br \/>Sa structure stable, dont le poids a \u00e9t\u00e9 optimis\u00e9, r\u00e9pond \u00e0 vos exigences. Charge max.\u00a0: 80 kg. Comme tout autre porte-v\u00e9lo SAWIKO, l\u2019AGITO-Top est compl\u00e8tement amovible. Seuls les \u00e9l\u00e9ments de r\u00e9ception restent sur le v\u00e9hicule.<\/p>\n<p>\u00a0<\/p>\n<ul>\n<li>Pivote sans efforts, m\u00eame s\u2019il est charg\u00e9.<\/li>\n<li>Le porte-v\u00e9lo peut \u00eatre relev\u00e9 pour un gain de place<\/li>\n<li>Structure stable, au poids optimis\u00e9<\/li>\n<li>Ouverture compl\u00e8te des portes arri\u00e8re possible<\/li>\n<li>Compl\u00e8te libert\u00e9 de d\u00e9placement sur le v\u00e9hicule<\/li>\n<\/ul>\n<p>\u00a0<\/p>\n","protected":false},"excerpt":{"rendered":"<p>AGITO Top &#8211; le syst\u00e8me pour hayon rabattable et pivotant pour votre fourgonnettePivote ais\u00e9mentLes syst\u00e8mes de support pour fourgonnettes pivotent compl\u00e8tement et sans effort sur le c\u00f4t\u00e9 afin d\u2019ouvrir enti\u00e8rement les portes ou le hayon arri\u00e8re, et ce m\u00eame s\u2019ils sont charg\u00e9s. Pour cela, il suffit de desserrer la fermeture excentrique (r\u00e9glable) et de mettre [&hellip;]<\/p>\n","protected":false},"featured_media":223423,"template":"","meta":{"_acf_changed":false},"product_featured_cat":[],"product_brand":[],"product_cat":[5137],"product_tag":[],"class_list":{"0":"post-223427","1":"product","2":"type-product","3":"status-publish","4":"has-post-thumbnail","6":"product_cat-porte-velos-arriere","8":"first","9":"instock","10":"taxable","11":"shipping-taxable","12":"purchasable","13":"product-type-variable"},"acf":[],"yoast_head":"<!-- This site is optimized with the Yoast SEO plugin v27.4 - https:\/\/yoast.com\/product\/yoast-seo-wordpress\/ -->\n<title>Porte-v\u00e9los Agito Top escamotable sans kit \u00e9lectrique ni \u00e9l\u00e9ments de fixation - Bantam Wankm\u00fcller SA<\/title>\n<meta name=\"robots\" content=\"index, follow, max-snippet:-1, max-image-preview:large, max-video-preview:-1\" \/>\n<link rel=\"canonical\" href=\"https:\/\/shop.bantam.ch\/fr\/produit\/porte-velos-agito-top-escamotable-sans-kit-electrique-ni-elements-de-fixation\/\" \/>\n<meta property=\"og:locale\" content=\"fr_FR\" \/>\n<meta property=\"og:type\" content=\"article\" \/>\n<meta property=\"og:title\" content=\"Porte-v\u00e9los Agito Top escamotable sans kit \u00e9lectrique ni \u00e9l\u00e9ments de fixation - Bantam Wankm\u00fcller SA\" \/>\n<meta property=\"og:description\" content=\"AGITO Top &#8211; le syst\u00e8me pour hayon rabattable et pivotant pour votre fourgonnettePivote ais\u00e9mentLes syst\u00e8mes de support pour fourgonnettes pivotent compl\u00e8tement et sans effort sur le c\u00f4t\u00e9 afin d\u2019ouvrir enti\u00e8rement les portes ou le hayon arri\u00e8re, et ce m\u00eame s\u2019ils sont charg\u00e9s. Pour cela, il suffit de desserrer la fermeture excentrique (r\u00e9glable) et de mettre [&hellip;]\" \/>\n<meta property=\"og:url\" content=\"https:\/\/shop.bantam.ch\/fr\/produit\/porte-velos-agito-top-escamotable-sans-kit-electrique-ni-elements-de-fixation\/\" \/>\n<meta property=\"og:site_name\" content=\"Bantam Wankm\u00fcller SA\" \/>\n<meta property=\"article:modified_time\" content=\"2026-04-18T00:09:28+00:00\" \/>\n<meta name=\"twitter:card\" content=\"summary_large_image\" \/>\n<meta name=\"twitter:label1\" content=\"Dur\u00e9e de lecture estim\u00e9e\" \/>\n\t<meta name=\"twitter:data1\" content=\"1 minute\" \/>\n<script type=\"application\/ld+json\" class=\"yoast-schema-graph\">{\"@context\":\"https:\\\/\\\/schema.org\",\"@graph\":[{\"@type\":\"WebPage\",\"@id\":\"https:\\\/\\\/shop.bantam.ch\\\/fr\\\/produit\\\/porte-velos-agito-top-escamotable-sans-kit-electrique-ni-elements-de-fixation\\\/\",\"url\":\"https:\\\/\\\/shop.bantam.ch\\\/fr\\\/produit\\\/porte-velos-agito-top-escamotable-sans-kit-electrique-ni-elements-de-fixation\\\/\",\"name\":\"Porte-v\u00e9los Agito Top escamotable sans kit \u00e9lectrique ni \u00e9l\u00e9ments de fixation - Bantam Wankm\u00fcller SA\",\"isPartOf\":{\"@id\":\"https:\\\/\\\/shop.bantam.ch\\\/fr\\\/#website\"},\"primaryImageOfPage\":{\"@id\":\"https:\\\/\\\/shop.bantam.ch\\\/fr\\\/produit\\\/porte-velos-agito-top-escamotable-sans-kit-electrique-ni-elements-de-fixation\\\/#primaryimage\"},\"image\":{\"@id\":\"https:\\\/\\\/shop.bantam.ch\\\/fr\\\/produit\\\/porte-velos-agito-top-escamotable-sans-kit-electrique-ni-elements-de-fixation\\\/#primaryimage\"},\"thumbnailUrl\":\"https:\\\/\\\/shop.bantam.ch\\\/wp-content\\\/uploads\\\/2025\\\/12\\\/Movera-L-0002448100.jpg\",\"datePublished\":\"2025-12-17T12:46:41+00:00\",\"dateModified\":\"2026-04-18T00:09:28+00:00\",\"breadcrumb\":{\"@id\":\"https:\\\/\\\/shop.bantam.ch\\\/fr\\\/produit\\\/porte-velos-agito-top-escamotable-sans-kit-electrique-ni-elements-de-fixation\\\/#breadcrumb\"},\"inLanguage\":\"fr-FR\",\"potentialAction\":[{\"@type\":\"ReadAction\",\"target\":[\"https:\\\/\\\/shop.bantam.ch\\\/fr\\\/produit\\\/porte-velos-agito-top-escamotable-sans-kit-electrique-ni-elements-de-fixation\\\/\"]}]},{\"@type\":\"ImageObject\",\"inLanguage\":\"fr-FR\",\"@id\":\"https:\\\/\\\/shop.bantam.ch\\\/fr\\\/produit\\\/porte-velos-agito-top-escamotable-sans-kit-electrique-ni-elements-de-fixation\\\/#primaryimage\",\"url\":\"https:\\\/\\\/shop.bantam.ch\\\/wp-content\\\/uploads\\\/2025\\\/12\\\/Movera-L-0002448100.jpg\",\"contentUrl\":\"https:\\\/\\\/shop.bantam.ch\\\/wp-content\\\/uploads\\\/2025\\\/12\\\/Movera-L-0002448100.jpg\",\"width\":640,\"height\":534},{\"@type\":\"BreadcrumbList\",\"@id\":\"https:\\\/\\\/shop.bantam.ch\\\/fr\\\/produit\\\/porte-velos-agito-top-escamotable-sans-kit-electrique-ni-elements-de-fixation\\\/#breadcrumb\",\"itemListElement\":[{\"@type\":\"ListItem\",\"position\":1,\"name\":\"Accueil\",\"item\":\"https:\\\/\\\/shop.bantam.ch\\\/fr\\\/\"},{\"@type\":\"ListItem\",\"position\":2,\"name\":\"Boutique\",\"item\":\"https:\\\/\\\/shop.bantam.ch\\\/fr\\\/boutique\\\/\"},{\"@type\":\"ListItem\",\"position\":3,\"name\":\"Porte-v\u00e9los Agito Top escamotable sans kit \u00e9lectrique ni \u00e9l\u00e9ments de fixation\"}]},{\"@type\":\"WebSite\",\"@id\":\"https:\\\/\\\/shop.bantam.ch\\\/fr\\\/#website\",\"url\":\"https:\\\/\\\/shop.bantam.ch\\\/fr\\\/\",\"name\":\"Bantam Wankm\u00fcller SA\",\"description\":\"\",\"publisher\":{\"@id\":\"https:\\\/\\\/shop.bantam.ch\\\/fr\\\/#organization\"},\"inLanguage\":\"fr-FR\"},{\"@type\":\"Organization\",\"@id\":\"https:\\\/\\\/shop.bantam.ch\\\/fr\\\/#organization\",\"name\":\"Bantam Wankm\u00fcller SA\",\"url\":\"https:\\\/\\\/shop.bantam.ch\\\/fr\\\/\",\"logo\":{\"@type\":\"ImageObject\",\"inLanguage\":\"fr-FR\",\"@id\":\"https:\\\/\\\/shop.bantam.ch\\\/fr\\\/#\\\/schema\\\/logo\\\/image\\\/\",\"url\":\"https:\\\/\\\/shop.bantam.ch\\\/wp-content\\\/uploads\\\/2022\\\/12\\\/bantam-logo.png\",\"contentUrl\":\"https:\\\/\\\/shop.bantam.ch\\\/wp-content\\\/uploads\\\/2022\\\/12\\\/bantam-logo.png\",\"width\":320,\"height\":71,\"caption\":\"Bantam Wankm\u00fcller SA\"},\"image\":{\"@id\":\"https:\\\/\\\/shop.bantam.ch\\\/fr\\\/#\\\/schema\\\/logo\\\/image\\\/\"}}]}<\/script>\n<!-- \/ Yoast SEO plugin. -->","yoast_head_json":{"title":"Porte-v\u00e9los Agito Top escamotable sans kit \u00e9lectrique ni \u00e9l\u00e9ments de fixation - Bantam Wankm\u00fcller SA","robots":{"index":"index","follow":"follow","max-snippet":"max-snippet:-1","max-image-preview":"max-image-preview:large","max-video-preview":"max-video-preview:-1"},"canonical":"https:\/\/shop.bantam.ch\/fr\/produit\/porte-velos-agito-top-escamotable-sans-kit-electrique-ni-elements-de-fixation\/","og_locale":"fr_FR","og_type":"article","og_title":"Porte-v\u00e9los Agito Top escamotable sans kit \u00e9lectrique ni \u00e9l\u00e9ments de fixation - Bantam Wankm\u00fcller SA","og_description":"AGITO Top &#8211; le syst\u00e8me pour hayon rabattable et pivotant pour votre fourgonnettePivote ais\u00e9mentLes syst\u00e8mes de support pour fourgonnettes pivotent compl\u00e8tement et sans effort sur le c\u00f4t\u00e9 afin d\u2019ouvrir enti\u00e8rement les portes ou le hayon arri\u00e8re, et ce m\u00eame s\u2019ils sont charg\u00e9s. Pour cela, il suffit de desserrer la fermeture excentrique (r\u00e9glable) et de mettre [&hellip;]","og_url":"https:\/\/shop.bantam.ch\/fr\/produit\/porte-velos-agito-top-escamotable-sans-kit-electrique-ni-elements-de-fixation\/","og_site_name":"Bantam Wankm\u00fcller SA","article_modified_time":"2026-04-18T00:09:28+00:00","twitter_card":"summary_large_image","twitter_misc":{"Dur\u00e9e de lecture estim\u00e9e":"1 minute"},"schema":{"@context":"https:\/\/schema.org","@graph":[{"@type":"WebPage","@id":"https:\/\/shop.bantam.ch\/fr\/produit\/porte-velos-agito-top-escamotable-sans-kit-electrique-ni-elements-de-fixation\/","url":"https:\/\/shop.bantam.ch\/fr\/produit\/porte-velos-agito-top-escamotable-sans-kit-electrique-ni-elements-de-fixation\/","name":"Porte-v\u00e9los Agito Top escamotable sans kit \u00e9lectrique ni \u00e9l\u00e9ments de fixation - Bantam Wankm\u00fcller SA","isPartOf":{"@id":"https:\/\/shop.bantam.ch\/fr\/#website"},"primaryImageOfPage":{"@id":"https:\/\/shop.bantam.ch\/fr\/produit\/porte-velos-agito-top-escamotable-sans-kit-electrique-ni-elements-de-fixation\/#primaryimage"},"image":{"@id":"https:\/\/shop.bantam.ch\/fr\/produit\/porte-velos-agito-top-escamotable-sans-kit-electrique-ni-elements-de-fixation\/#primaryimage"},"thumbnailUrl":"https:\/\/shop.bantam.ch\/wp-content\/uploads\/2025\/12\/Movera-L-0002448100.jpg","datePublished":"2025-12-17T12:46:41+00:00","dateModified":"2026-04-18T00:09:28+00:00","breadcrumb":{"@id":"https:\/\/shop.bantam.ch\/fr\/produit\/porte-velos-agito-top-escamotable-sans-kit-electrique-ni-elements-de-fixation\/#breadcrumb"},"inLanguage":"fr-FR","potentialAction":[{"@type":"ReadAction","target":["https:\/\/shop.bantam.ch\/fr\/produit\/porte-velos-agito-top-escamotable-sans-kit-electrique-ni-elements-de-fixation\/"]}]},{"@type":"ImageObject","inLanguage":"fr-FR","@id":"https:\/\/shop.bantam.ch\/fr\/produit\/porte-velos-agito-top-escamotable-sans-kit-electrique-ni-elements-de-fixation\/#primaryimage","url":"https:\/\/shop.bantam.ch\/wp-content\/uploads\/2025\/12\/Movera-L-0002448100.jpg","contentUrl":"https:\/\/shop.bantam.ch\/wp-content\/uploads\/2025\/12\/Movera-L-0002448100.jpg","width":640,"height":534},{"@type":"BreadcrumbList","@id":"https:\/\/shop.bantam.ch\/fr\/produit\/porte-velos-agito-top-escamotable-sans-kit-electrique-ni-elements-de-fixation\/#breadcrumb","itemListElement":[{"@type":"ListItem","position":1,"name":"Accueil","item":"https:\/\/shop.bantam.ch\/fr\/"},{"@type":"ListItem","position":2,"name":"Boutique","item":"https:\/\/shop.bantam.ch\/fr\/boutique\/"},{"@type":"ListItem","position":3,"name":"Porte-v\u00e9los Agito Top escamotable sans kit \u00e9lectrique ni \u00e9l\u00e9ments de fixation"}]},{"@type":"WebSite","@id":"https:\/\/shop.bantam.ch\/fr\/#website","url":"https:\/\/shop.bantam.ch\/fr\/","name":"Bantam Wankm\u00fcller SA","description":"","publisher":{"@id":"https:\/\/shop.bantam.ch\/fr\/#organization"},"inLanguage":"fr-FR"},{"@type":"Organization","@id":"https:\/\/shop.bantam.ch\/fr\/#organization","name":"Bantam Wankm\u00fcller SA","url":"https:\/\/shop.bantam.ch\/fr\/","logo":{"@type":"ImageObject","inLanguage":"fr-FR","@id":"https:\/\/shop.bantam.ch\/fr\/#\/schema\/logo\/image\/","url":"https:\/\/shop.bantam.ch\/wp-content\/uploads\/2022\/12\/bantam-logo.png","contentUrl":"https:\/\/shop.bantam.ch\/wp-content\/uploads\/2022\/12\/bantam-logo.png","width":320,"height":71,"caption":"Bantam Wankm\u00fcller SA"},"image":{"@id":"https:\/\/shop.bantam.ch\/fr\/#\/schema\/logo\/image\/"}}]}},"_links":{"self":[{"href":"https:\/\/shop.bantam.ch\/fr\/wp-json\/wp\/v2\/product\/223427","targetHints":{"allow":["GET"]}}],"collection":[{"href":"https:\/\/shop.bantam.ch\/fr\/wp-json\/wp\/v2\/product"}],"about":[{"href":"https:\/\/shop.bantam.ch\/fr\/wp-json\/wp\/v2\/types\/product"}],"wp:featuredmedia":[{"embeddable":true,"href":"https:\/\/shop.bantam.ch\/fr\/wp-json\/wp\/v2\/media\/223423"}],"wp:attachment":[{"href":"https:\/\/shop.bantam.ch\/fr\/wp-json\/wp\/v2\/media?parent=223427"}],"wp:term":[{"taxonomy":"product_featured_cat","embeddable":true,"href":"https:\/\/shop.bantam.ch\/fr\/wp-json\/wp\/v2\/product_featured_cat?post=223427"},{"taxonomy":"product_brand","embeddable":true,"href":"https:\/\/shop.bantam.ch\/fr\/wp-json\/wp\/v2\/product_brand?post=223427"},{"taxonomy":"product_cat","embeddable":true,"href":"https:\/\/shop.bantam.ch\/fr\/wp-json\/wp\/v2\/product_cat?post=223427"},{"taxonomy":"product_tag","embeddable":true,"href":"https:\/\/shop.bantam.ch\/fr\/wp-json\/wp\/v2\/product_tag?post=223427"}],"curies":[{"name":"wp","href":"https:\/\/api.w.org\/{rel}","templated":true}]}}