{"id":223417,"date":"2025-12-17T13:46:24","date_gmt":"2025-12-17T12:46:24","guid":{"rendered":"https:\/\/shop.bantam.ch\/produit\/tete-dattelage-sans-prolongement-de-cadre-avec-barre-dattelage-fixe-et-angle-globulaire-sm-1290\/"},"modified":"2026-04-17T23:34:00","modified_gmt":"2026-04-17T21:34:00","slug":"tete-dattelage-sans-prolongement-de-cadre-avec-barre-dattelage-fixe-et-angle-globulaire-sm-1290","status":"publish","type":"product","link":"https:\/\/shop.bantam.ch\/fr\/produit\/tete-dattelage-sans-prolongement-de-cadre-avec-barre-dattelage-fixe-et-angle-globulaire-sm-1290\/","title":{"rendered":"T\u00eate d&rsquo;attelage sans prolongement de cadre avec barre d&rsquo;attelage fixe et angle globulaire SM 1290"},"content":{"rendered":"<p>Attelage de remorque type LAB 400<br \/>\n(barre \u00e0 boule fixe)<br \/>\nSM 1290<\/p>\n<p>Donn\u00e9es techniques :<br \/>\nClasse : A50-X<br \/>\nValeur D : 12,5 kN<br \/>\nCharge d&rsquo;appui : 100 kg<br \/>\ncharge remorqu\u00e9e max. 2.000 kg&nbsp;<br \/>\npour un P.T.A.C. de 3.500 kg<\/p>\n","protected":false},"excerpt":{"rendered":"<p>Attelage de remorque type LAB 400 (barre \u00e0 boule fixe) SM 1290 Donn\u00e9es techniques : Classe : A50-X Valeur D : 12,5 kN Charge d&rsquo;appui : 100 kg charge remorqu\u00e9e max. 2.000 kg&nbsp; pour un P.T.A.C. de 3.500 kg<\/p>\n","protected":false},"featured_media":223415,"template":"","meta":{"_acf_changed":false},"product_featured_cat":[],"product_brand":[],"product_cat":[4795],"product_tag":[],"class_list":{"0":"post-223417","1":"product","2":"type-product","3":"status-publish","4":"has-post-thumbnail","6":"product_cat-attelages-de-remorque","8":"first","9":"instock","10":"taxable","11":"shipping-taxable","12":"purchasable","13":"product-type-simple"},"acf":[],"yoast_head":"<!-- This site is optimized with the Yoast SEO plugin v27.4 - https:\/\/yoast.com\/product\/yoast-seo-wordpress\/ -->\n<title>T\u00eate d&#039;attelage sans prolongement de cadre avec barre d&#039;attelage fixe et angle globulaire SM 1290 - Bantam Wankm\u00fcller SA<\/title>\n<meta name=\"robots\" content=\"index, follow, max-snippet:-1, max-image-preview:large, max-video-preview:-1\" \/>\n<link rel=\"canonical\" href=\"https:\/\/shop.bantam.ch\/fr\/produit\/tete-dattelage-sans-prolongement-de-cadre-avec-barre-dattelage-fixe-et-angle-globulaire-sm-1290\/\" \/>\n<meta property=\"og:locale\" content=\"fr_FR\" \/>\n<meta property=\"og:type\" content=\"article\" \/>\n<meta property=\"og:title\" content=\"T\u00eate d&#039;attelage sans prolongement de cadre avec barre d&#039;attelage fixe et angle globulaire SM 1290 - Bantam Wankm\u00fcller SA\" \/>\n<meta property=\"og:description\" content=\"Attelage de remorque type LAB 400 (barre \u00e0 boule fixe) SM 1290 Donn\u00e9es techniques : Classe : A50-X Valeur D : 12,5 kN Charge d&rsquo;appui : 100 kg charge remorqu\u00e9e max. 2.000 kg&nbsp; pour un P.T.A.C. de 3.500 kg\" \/>\n<meta property=\"og:url\" content=\"https:\/\/shop.bantam.ch\/fr\/produit\/tete-dattelage-sans-prolongement-de-cadre-avec-barre-dattelage-fixe-et-angle-globulaire-sm-1290\/\" \/>\n<meta property=\"og:site_name\" content=\"Bantam Wankm\u00fcller SA\" \/>\n<meta property=\"article:modified_time\" content=\"2026-04-17T21:34:00+00:00\" \/>\n<meta name=\"twitter:card\" content=\"summary_large_image\" \/>\n<script type=\"application\/ld+json\" class=\"yoast-schema-graph\">{\"@context\":\"https:\\\/\\\/schema.org\",\"@graph\":[{\"@type\":\"WebPage\",\"@id\":\"https:\\\/\\\/shop.bantam.ch\\\/fr\\\/produit\\\/tete-dattelage-sans-prolongement-de-cadre-avec-barre-dattelage-fixe-et-angle-globulaire-sm-1290\\\/\",\"url\":\"https:\\\/\\\/shop.bantam.ch\\\/fr\\\/produit\\\/tete-dattelage-sans-prolongement-de-cadre-avec-barre-dattelage-fixe-et-angle-globulaire-sm-1290\\\/\",\"name\":\"T\u00eate d'attelage sans prolongement de cadre avec barre d'attelage fixe et angle globulaire SM 1290 - Bantam Wankm\u00fcller SA\",\"isPartOf\":{\"@id\":\"https:\\\/\\\/shop.bantam.ch\\\/fr\\\/#website\"},\"primaryImageOfPage\":{\"@id\":\"https:\\\/\\\/shop.bantam.ch\\\/fr\\\/produit\\\/tete-dattelage-sans-prolongement-de-cadre-avec-barre-dattelage-fixe-et-angle-globulaire-sm-1290\\\/#primaryimage\"},\"image\":{\"@id\":\"https:\\\/\\\/shop.bantam.ch\\\/fr\\\/produit\\\/tete-dattelage-sans-prolongement-de-cadre-avec-barre-dattelage-fixe-et-angle-globulaire-sm-1290\\\/#primaryimage\"},\"thumbnailUrl\":\"https:\\\/\\\/shop.bantam.ch\\\/wp-content\\\/uploads\\\/2025\\\/12\\\/Movera-L-9909186100.jpg\",\"datePublished\":\"2025-12-17T12:46:24+00:00\",\"dateModified\":\"2026-04-17T21:34:00+00:00\",\"breadcrumb\":{\"@id\":\"https:\\\/\\\/shop.bantam.ch\\\/fr\\\/produit\\\/tete-dattelage-sans-prolongement-de-cadre-avec-barre-dattelage-fixe-et-angle-globulaire-sm-1290\\\/#breadcrumb\"},\"inLanguage\":\"fr-FR\",\"potentialAction\":[{\"@type\":\"ReadAction\",\"target\":[\"https:\\\/\\\/shop.bantam.ch\\\/fr\\\/produit\\\/tete-dattelage-sans-prolongement-de-cadre-avec-barre-dattelage-fixe-et-angle-globulaire-sm-1290\\\/\"]}]},{\"@type\":\"ImageObject\",\"inLanguage\":\"fr-FR\",\"@id\":\"https:\\\/\\\/shop.bantam.ch\\\/fr\\\/produit\\\/tete-dattelage-sans-prolongement-de-cadre-avec-barre-dattelage-fixe-et-angle-globulaire-sm-1290\\\/#primaryimage\",\"url\":\"https:\\\/\\\/shop.bantam.ch\\\/wp-content\\\/uploads\\\/2025\\\/12\\\/Movera-L-9909186100.jpg\",\"contentUrl\":\"https:\\\/\\\/shop.bantam.ch\\\/wp-content\\\/uploads\\\/2025\\\/12\\\/Movera-L-9909186100.jpg\",\"width\":493,\"height\":300},{\"@type\":\"BreadcrumbList\",\"@id\":\"https:\\\/\\\/shop.bantam.ch\\\/fr\\\/produit\\\/tete-dattelage-sans-prolongement-de-cadre-avec-barre-dattelage-fixe-et-angle-globulaire-sm-1290\\\/#breadcrumb\",\"itemListElement\":[{\"@type\":\"ListItem\",\"position\":1,\"name\":\"Accueil\",\"item\":\"https:\\\/\\\/shop.bantam.ch\\\/fr\\\/\"},{\"@type\":\"ListItem\",\"position\":2,\"name\":\"Boutique\",\"item\":\"https:\\\/\\\/shop.bantam.ch\\\/fr\\\/boutique\\\/\"},{\"@type\":\"ListItem\",\"position\":3,\"name\":\"T\u00eate d&rsquo;attelage sans prolongement de cadre avec barre d&rsquo;attelage fixe et angle globulaire SM 1290\"}]},{\"@type\":\"WebSite\",\"@id\":\"https:\\\/\\\/shop.bantam.ch\\\/fr\\\/#website\",\"url\":\"https:\\\/\\\/shop.bantam.ch\\\/fr\\\/\",\"name\":\"Bantam Wankm\u00fcller SA\",\"description\":\"\",\"publisher\":{\"@id\":\"https:\\\/\\\/shop.bantam.ch\\\/fr\\\/#organization\"},\"inLanguage\":\"fr-FR\"},{\"@type\":\"Organization\",\"@id\":\"https:\\\/\\\/shop.bantam.ch\\\/fr\\\/#organization\",\"name\":\"Bantam Wankm\u00fcller SA\",\"url\":\"https:\\\/\\\/shop.bantam.ch\\\/fr\\\/\",\"logo\":{\"@type\":\"ImageObject\",\"inLanguage\":\"fr-FR\",\"@id\":\"https:\\\/\\\/shop.bantam.ch\\\/fr\\\/#\\\/schema\\\/logo\\\/image\\\/\",\"url\":\"https:\\\/\\\/shop.bantam.ch\\\/wp-content\\\/uploads\\\/2022\\\/12\\\/bantam-logo.png\",\"contentUrl\":\"https:\\\/\\\/shop.bantam.ch\\\/wp-content\\\/uploads\\\/2022\\\/12\\\/bantam-logo.png\",\"width\":320,\"height\":71,\"caption\":\"Bantam Wankm\u00fcller SA\"},\"image\":{\"@id\":\"https:\\\/\\\/shop.bantam.ch\\\/fr\\\/#\\\/schema\\\/logo\\\/image\\\/\"}}]}<\/script>\n<!-- \/ Yoast SEO plugin. -->","yoast_head_json":{"title":"T\u00eate d'attelage sans prolongement de cadre avec barre d'attelage fixe et angle globulaire SM 1290 - Bantam Wankm\u00fcller SA","robots":{"index":"index","follow":"follow","max-snippet":"max-snippet:-1","max-image-preview":"max-image-preview:large","max-video-preview":"max-video-preview:-1"},"canonical":"https:\/\/shop.bantam.ch\/fr\/produit\/tete-dattelage-sans-prolongement-de-cadre-avec-barre-dattelage-fixe-et-angle-globulaire-sm-1290\/","og_locale":"fr_FR","og_type":"article","og_title":"T\u00eate d'attelage sans prolongement de cadre avec barre d'attelage fixe et angle globulaire SM 1290 - Bantam Wankm\u00fcller SA","og_description":"Attelage de remorque type LAB 400 (barre \u00e0 boule fixe) SM 1290 Donn\u00e9es techniques : Classe : A50-X Valeur D : 12,5 kN Charge d&rsquo;appui : 100 kg charge remorqu\u00e9e max. 2.000 kg&nbsp; pour un P.T.A.C. de 3.500 kg","og_url":"https:\/\/shop.bantam.ch\/fr\/produit\/tete-dattelage-sans-prolongement-de-cadre-avec-barre-dattelage-fixe-et-angle-globulaire-sm-1290\/","og_site_name":"Bantam Wankm\u00fcller SA","article_modified_time":"2026-04-17T21:34:00+00:00","twitter_card":"summary_large_image","schema":{"@context":"https:\/\/schema.org","@graph":[{"@type":"WebPage","@id":"https:\/\/shop.bantam.ch\/fr\/produit\/tete-dattelage-sans-prolongement-de-cadre-avec-barre-dattelage-fixe-et-angle-globulaire-sm-1290\/","url":"https:\/\/shop.bantam.ch\/fr\/produit\/tete-dattelage-sans-prolongement-de-cadre-avec-barre-dattelage-fixe-et-angle-globulaire-sm-1290\/","name":"T\u00eate d'attelage sans prolongement de cadre avec barre d'attelage fixe et angle globulaire SM 1290 - Bantam Wankm\u00fcller SA","isPartOf":{"@id":"https:\/\/shop.bantam.ch\/fr\/#website"},"primaryImageOfPage":{"@id":"https:\/\/shop.bantam.ch\/fr\/produit\/tete-dattelage-sans-prolongement-de-cadre-avec-barre-dattelage-fixe-et-angle-globulaire-sm-1290\/#primaryimage"},"image":{"@id":"https:\/\/shop.bantam.ch\/fr\/produit\/tete-dattelage-sans-prolongement-de-cadre-avec-barre-dattelage-fixe-et-angle-globulaire-sm-1290\/#primaryimage"},"thumbnailUrl":"https:\/\/shop.bantam.ch\/wp-content\/uploads\/2025\/12\/Movera-L-9909186100.jpg","datePublished":"2025-12-17T12:46:24+00:00","dateModified":"2026-04-17T21:34:00+00:00","breadcrumb":{"@id":"https:\/\/shop.bantam.ch\/fr\/produit\/tete-dattelage-sans-prolongement-de-cadre-avec-barre-dattelage-fixe-et-angle-globulaire-sm-1290\/#breadcrumb"},"inLanguage":"fr-FR","potentialAction":[{"@type":"ReadAction","target":["https:\/\/shop.bantam.ch\/fr\/produit\/tete-dattelage-sans-prolongement-de-cadre-avec-barre-dattelage-fixe-et-angle-globulaire-sm-1290\/"]}]},{"@type":"ImageObject","inLanguage":"fr-FR","@id":"https:\/\/shop.bantam.ch\/fr\/produit\/tete-dattelage-sans-prolongement-de-cadre-avec-barre-dattelage-fixe-et-angle-globulaire-sm-1290\/#primaryimage","url":"https:\/\/shop.bantam.ch\/wp-content\/uploads\/2025\/12\/Movera-L-9909186100.jpg","contentUrl":"https:\/\/shop.bantam.ch\/wp-content\/uploads\/2025\/12\/Movera-L-9909186100.jpg","width":493,"height":300},{"@type":"BreadcrumbList","@id":"https:\/\/shop.bantam.ch\/fr\/produit\/tete-dattelage-sans-prolongement-de-cadre-avec-barre-dattelage-fixe-et-angle-globulaire-sm-1290\/#breadcrumb","itemListElement":[{"@type":"ListItem","position":1,"name":"Accueil","item":"https:\/\/shop.bantam.ch\/fr\/"},{"@type":"ListItem","position":2,"name":"Boutique","item":"https:\/\/shop.bantam.ch\/fr\/boutique\/"},{"@type":"ListItem","position":3,"name":"T\u00eate d&rsquo;attelage sans prolongement de cadre avec barre d&rsquo;attelage fixe et angle globulaire SM 1290"}]},{"@type":"WebSite","@id":"https:\/\/shop.bantam.ch\/fr\/#website","url":"https:\/\/shop.bantam.ch\/fr\/","name":"Bantam Wankm\u00fcller SA","description":"","publisher":{"@id":"https:\/\/shop.bantam.ch\/fr\/#organization"},"inLanguage":"fr-FR"},{"@type":"Organization","@id":"https:\/\/shop.bantam.ch\/fr\/#organization","name":"Bantam Wankm\u00fcller SA","url":"https:\/\/shop.bantam.ch\/fr\/","logo":{"@type":"ImageObject","inLanguage":"fr-FR","@id":"https:\/\/shop.bantam.ch\/fr\/#\/schema\/logo\/image\/","url":"https:\/\/shop.bantam.ch\/wp-content\/uploads\/2022\/12\/bantam-logo.png","contentUrl":"https:\/\/shop.bantam.ch\/wp-content\/uploads\/2022\/12\/bantam-logo.png","width":320,"height":71,"caption":"Bantam Wankm\u00fcller SA"},"image":{"@id":"https:\/\/shop.bantam.ch\/fr\/#\/schema\/logo\/image\/"}}]}},"_links":{"self":[{"href":"https:\/\/shop.bantam.ch\/fr\/wp-json\/wp\/v2\/product\/223417","targetHints":{"allow":["GET"]}}],"collection":[{"href":"https:\/\/shop.bantam.ch\/fr\/wp-json\/wp\/v2\/product"}],"about":[{"href":"https:\/\/shop.bantam.ch\/fr\/wp-json\/wp\/v2\/types\/product"}],"wp:featuredmedia":[{"embeddable":true,"href":"https:\/\/shop.bantam.ch\/fr\/wp-json\/wp\/v2\/media\/223415"}],"wp:attachment":[{"href":"https:\/\/shop.bantam.ch\/fr\/wp-json\/wp\/v2\/media?parent=223417"}],"wp:term":[{"taxonomy":"product_featured_cat","embeddable":true,"href":"https:\/\/shop.bantam.ch\/fr\/wp-json\/wp\/v2\/product_featured_cat?post=223417"},{"taxonomy":"product_brand","embeddable":true,"href":"https:\/\/shop.bantam.ch\/fr\/wp-json\/wp\/v2\/product_brand?post=223417"},{"taxonomy":"product_cat","embeddable":true,"href":"https:\/\/shop.bantam.ch\/fr\/wp-json\/wp\/v2\/product_cat?post=223417"},{"taxonomy":"product_tag","embeddable":true,"href":"https:\/\/shop.bantam.ch\/fr\/wp-json\/wp\/v2\/product_tag?post=223417"}],"curies":[{"name":"wp","href":"https:\/\/api.w.org\/{rel}","templated":true}]}}