{"id":223405,"date":"2025-12-17T13:45:57","date_gmt":"2025-12-17T12:45:57","guid":{"rendered":"https:\/\/shop.bantam.ch\/produit\/griffe-de-roue-milenco-12-a-16-pouces-pour-caravane-et-camping-car-sentrouvrant\/"},"modified":"2026-04-18T23:37:17","modified_gmt":"2026-04-18T21:37:17","slug":"griffe-de-roue-milenco-12-a-16-pouces-pour-caravane-et-camping-car-sentrouvrant","status":"publish","type":"product","link":"https:\/\/shop.bantam.ch\/fr\/produit\/griffe-de-roue-milenco-12-a-16-pouces-pour-caravane-et-camping-car-sentrouvrant\/","title":{"rendered":"Griffe de roue Milenco 12 \u00e0 16 pouces pour caravane et camping-car s&rsquo;entrouvrant"},"content":{"rendered":"<p>Le serre-roue compact est facile \u00e0 installer et est approuv\u00e9 par l&rsquo;assurance. Il s&rsquo;adapte \u00e0 toutes les roues de caravane et de camping-car de 12 pouce \u00e0 16&nbsp;pouce et aux pneus de taille 145 \u00e0 225. Convient aux jantes en acier et en alliage<\/p>\n","protected":false},"excerpt":{"rendered":"<p>Le serre-roue compact est facile \u00e0 installer et est approuv\u00e9 par l&rsquo;assurance. Il s&rsquo;adapte \u00e0 toutes les roues de caravane et de camping-car de 12 pouce \u00e0 16&nbsp;pouce et aux pneus de taille 145 \u00e0 225. Convient aux jantes en acier et en alliage<\/p>\n","protected":false},"featured_media":223399,"template":"","meta":{"_acf_changed":false},"product_featured_cat":[],"product_brand":[],"product_cat":[4671],"product_tag":[],"class_list":{"0":"post-223405","1":"product","2":"type-product","3":"status-publish","4":"has-post-thumbnail","6":"product_cat-dispositifs-anti-demarrage","8":"first","9":"instock","10":"taxable","11":"shipping-taxable","12":"purchasable","13":"product-type-simple"},"acf":[],"yoast_head":"<!-- This site is optimized with the Yoast SEO plugin v27.4 - https:\/\/yoast.com\/product\/yoast-seo-wordpress\/ -->\n<title>Griffe de roue Milenco 12 \u00e0 16 pouces pour caravane et camping-car s&#039;entrouvrant - Bantam Wankm\u00fcller SA<\/title>\n<meta name=\"robots\" content=\"index, follow, max-snippet:-1, max-image-preview:large, max-video-preview:-1\" \/>\n<link rel=\"canonical\" href=\"https:\/\/shop.bantam.ch\/fr\/produit\/griffe-de-roue-milenco-12-a-16-pouces-pour-caravane-et-camping-car-sentrouvrant\/\" \/>\n<meta property=\"og:locale\" content=\"fr_FR\" \/>\n<meta property=\"og:type\" content=\"article\" \/>\n<meta property=\"og:title\" content=\"Griffe de roue Milenco 12 \u00e0 16 pouces pour caravane et camping-car s&#039;entrouvrant - Bantam Wankm\u00fcller SA\" \/>\n<meta property=\"og:description\" content=\"Le serre-roue compact est facile \u00e0 installer et est approuv\u00e9 par l&rsquo;assurance. Il s&rsquo;adapte \u00e0 toutes les roues de caravane et de camping-car de 12 pouce \u00e0 16&nbsp;pouce et aux pneus de taille 145 \u00e0 225. Convient aux jantes en acier et en alliage\" \/>\n<meta property=\"og:url\" content=\"https:\/\/shop.bantam.ch\/fr\/produit\/griffe-de-roue-milenco-12-a-16-pouces-pour-caravane-et-camping-car-sentrouvrant\/\" \/>\n<meta property=\"og:site_name\" content=\"Bantam Wankm\u00fcller SA\" \/>\n<meta property=\"article:modified_time\" content=\"2026-04-18T21:37:17+00:00\" \/>\n<meta name=\"twitter:card\" content=\"summary_large_image\" \/>\n<script type=\"application\/ld+json\" class=\"yoast-schema-graph\">{\"@context\":\"https:\\\/\\\/schema.org\",\"@graph\":[{\"@type\":\"WebPage\",\"@id\":\"https:\\\/\\\/shop.bantam.ch\\\/fr\\\/produit\\\/griffe-de-roue-milenco-12-a-16-pouces-pour-caravane-et-camping-car-sentrouvrant\\\/\",\"url\":\"https:\\\/\\\/shop.bantam.ch\\\/fr\\\/produit\\\/griffe-de-roue-milenco-12-a-16-pouces-pour-caravane-et-camping-car-sentrouvrant\\\/\",\"name\":\"Griffe de roue Milenco 12 \u00e0 16 pouces pour caravane et camping-car s'entrouvrant - Bantam Wankm\u00fcller SA\",\"isPartOf\":{\"@id\":\"https:\\\/\\\/shop.bantam.ch\\\/fr\\\/#website\"},\"primaryImageOfPage\":{\"@id\":\"https:\\\/\\\/shop.bantam.ch\\\/fr\\\/produit\\\/griffe-de-roue-milenco-12-a-16-pouces-pour-caravane-et-camping-car-sentrouvrant\\\/#primaryimage\"},\"image\":{\"@id\":\"https:\\\/\\\/shop.bantam.ch\\\/fr\\\/produit\\\/griffe-de-roue-milenco-12-a-16-pouces-pour-caravane-et-camping-car-sentrouvrant\\\/#primaryimage\"},\"thumbnailUrl\":\"https:\\\/\\\/shop.bantam.ch\\\/wp-content\\\/uploads\\\/2025\\\/12\\\/Movera-L-9906318100.jpg\",\"datePublished\":\"2025-12-17T12:45:57+00:00\",\"dateModified\":\"2026-04-18T21:37:17+00:00\",\"breadcrumb\":{\"@id\":\"https:\\\/\\\/shop.bantam.ch\\\/fr\\\/produit\\\/griffe-de-roue-milenco-12-a-16-pouces-pour-caravane-et-camping-car-sentrouvrant\\\/#breadcrumb\"},\"inLanguage\":\"fr-FR\",\"potentialAction\":[{\"@type\":\"ReadAction\",\"target\":[\"https:\\\/\\\/shop.bantam.ch\\\/fr\\\/produit\\\/griffe-de-roue-milenco-12-a-16-pouces-pour-caravane-et-camping-car-sentrouvrant\\\/\"]}]},{\"@type\":\"ImageObject\",\"inLanguage\":\"fr-FR\",\"@id\":\"https:\\\/\\\/shop.bantam.ch\\\/fr\\\/produit\\\/griffe-de-roue-milenco-12-a-16-pouces-pour-caravane-et-camping-car-sentrouvrant\\\/#primaryimage\",\"url\":\"https:\\\/\\\/shop.bantam.ch\\\/wp-content\\\/uploads\\\/2025\\\/12\\\/Movera-L-9906318100.jpg\",\"contentUrl\":\"https:\\\/\\\/shop.bantam.ch\\\/wp-content\\\/uploads\\\/2025\\\/12\\\/Movera-L-9906318100.jpg\",\"width\":640,\"height\":427},{\"@type\":\"BreadcrumbList\",\"@id\":\"https:\\\/\\\/shop.bantam.ch\\\/fr\\\/produit\\\/griffe-de-roue-milenco-12-a-16-pouces-pour-caravane-et-camping-car-sentrouvrant\\\/#breadcrumb\",\"itemListElement\":[{\"@type\":\"ListItem\",\"position\":1,\"name\":\"Accueil\",\"item\":\"https:\\\/\\\/shop.bantam.ch\\\/fr\\\/\"},{\"@type\":\"ListItem\",\"position\":2,\"name\":\"Boutique\",\"item\":\"https:\\\/\\\/shop.bantam.ch\\\/fr\\\/boutique\\\/\"},{\"@type\":\"ListItem\",\"position\":3,\"name\":\"Griffe de roue Milenco 12 \u00e0 16 pouces pour caravane et camping-car s&rsquo;entrouvrant\"}]},{\"@type\":\"WebSite\",\"@id\":\"https:\\\/\\\/shop.bantam.ch\\\/fr\\\/#website\",\"url\":\"https:\\\/\\\/shop.bantam.ch\\\/fr\\\/\",\"name\":\"Bantam Wankm\u00fcller SA\",\"description\":\"\",\"publisher\":{\"@id\":\"https:\\\/\\\/shop.bantam.ch\\\/fr\\\/#organization\"},\"inLanguage\":\"fr-FR\"},{\"@type\":\"Organization\",\"@id\":\"https:\\\/\\\/shop.bantam.ch\\\/fr\\\/#organization\",\"name\":\"Bantam Wankm\u00fcller SA\",\"url\":\"https:\\\/\\\/shop.bantam.ch\\\/fr\\\/\",\"logo\":{\"@type\":\"ImageObject\",\"inLanguage\":\"fr-FR\",\"@id\":\"https:\\\/\\\/shop.bantam.ch\\\/fr\\\/#\\\/schema\\\/logo\\\/image\\\/\",\"url\":\"https:\\\/\\\/shop.bantam.ch\\\/wp-content\\\/uploads\\\/2022\\\/12\\\/bantam-logo.png\",\"contentUrl\":\"https:\\\/\\\/shop.bantam.ch\\\/wp-content\\\/uploads\\\/2022\\\/12\\\/bantam-logo.png\",\"width\":320,\"height\":71,\"caption\":\"Bantam Wankm\u00fcller SA\"},\"image\":{\"@id\":\"https:\\\/\\\/shop.bantam.ch\\\/fr\\\/#\\\/schema\\\/logo\\\/image\\\/\"}}]}<\/script>\n<!-- \/ Yoast SEO plugin. -->","yoast_head_json":{"title":"Griffe de roue Milenco 12 \u00e0 16 pouces pour caravane et camping-car s'entrouvrant - Bantam Wankm\u00fcller SA","robots":{"index":"index","follow":"follow","max-snippet":"max-snippet:-1","max-image-preview":"max-image-preview:large","max-video-preview":"max-video-preview:-1"},"canonical":"https:\/\/shop.bantam.ch\/fr\/produit\/griffe-de-roue-milenco-12-a-16-pouces-pour-caravane-et-camping-car-sentrouvrant\/","og_locale":"fr_FR","og_type":"article","og_title":"Griffe de roue Milenco 12 \u00e0 16 pouces pour caravane et camping-car s'entrouvrant - Bantam Wankm\u00fcller SA","og_description":"Le serre-roue compact est facile \u00e0 installer et est approuv\u00e9 par l&rsquo;assurance. Il s&rsquo;adapte \u00e0 toutes les roues de caravane et de camping-car de 12 pouce \u00e0 16&nbsp;pouce et aux pneus de taille 145 \u00e0 225. Convient aux jantes en acier et en alliage","og_url":"https:\/\/shop.bantam.ch\/fr\/produit\/griffe-de-roue-milenco-12-a-16-pouces-pour-caravane-et-camping-car-sentrouvrant\/","og_site_name":"Bantam Wankm\u00fcller SA","article_modified_time":"2026-04-18T21:37:17+00:00","twitter_card":"summary_large_image","schema":{"@context":"https:\/\/schema.org","@graph":[{"@type":"WebPage","@id":"https:\/\/shop.bantam.ch\/fr\/produit\/griffe-de-roue-milenco-12-a-16-pouces-pour-caravane-et-camping-car-sentrouvrant\/","url":"https:\/\/shop.bantam.ch\/fr\/produit\/griffe-de-roue-milenco-12-a-16-pouces-pour-caravane-et-camping-car-sentrouvrant\/","name":"Griffe de roue Milenco 12 \u00e0 16 pouces pour caravane et camping-car s'entrouvrant - Bantam Wankm\u00fcller SA","isPartOf":{"@id":"https:\/\/shop.bantam.ch\/fr\/#website"},"primaryImageOfPage":{"@id":"https:\/\/shop.bantam.ch\/fr\/produit\/griffe-de-roue-milenco-12-a-16-pouces-pour-caravane-et-camping-car-sentrouvrant\/#primaryimage"},"image":{"@id":"https:\/\/shop.bantam.ch\/fr\/produit\/griffe-de-roue-milenco-12-a-16-pouces-pour-caravane-et-camping-car-sentrouvrant\/#primaryimage"},"thumbnailUrl":"https:\/\/shop.bantam.ch\/wp-content\/uploads\/2025\/12\/Movera-L-9906318100.jpg","datePublished":"2025-12-17T12:45:57+00:00","dateModified":"2026-04-18T21:37:17+00:00","breadcrumb":{"@id":"https:\/\/shop.bantam.ch\/fr\/produit\/griffe-de-roue-milenco-12-a-16-pouces-pour-caravane-et-camping-car-sentrouvrant\/#breadcrumb"},"inLanguage":"fr-FR","potentialAction":[{"@type":"ReadAction","target":["https:\/\/shop.bantam.ch\/fr\/produit\/griffe-de-roue-milenco-12-a-16-pouces-pour-caravane-et-camping-car-sentrouvrant\/"]}]},{"@type":"ImageObject","inLanguage":"fr-FR","@id":"https:\/\/shop.bantam.ch\/fr\/produit\/griffe-de-roue-milenco-12-a-16-pouces-pour-caravane-et-camping-car-sentrouvrant\/#primaryimage","url":"https:\/\/shop.bantam.ch\/wp-content\/uploads\/2025\/12\/Movera-L-9906318100.jpg","contentUrl":"https:\/\/shop.bantam.ch\/wp-content\/uploads\/2025\/12\/Movera-L-9906318100.jpg","width":640,"height":427},{"@type":"BreadcrumbList","@id":"https:\/\/shop.bantam.ch\/fr\/produit\/griffe-de-roue-milenco-12-a-16-pouces-pour-caravane-et-camping-car-sentrouvrant\/#breadcrumb","itemListElement":[{"@type":"ListItem","position":1,"name":"Accueil","item":"https:\/\/shop.bantam.ch\/fr\/"},{"@type":"ListItem","position":2,"name":"Boutique","item":"https:\/\/shop.bantam.ch\/fr\/boutique\/"},{"@type":"ListItem","position":3,"name":"Griffe de roue Milenco 12 \u00e0 16 pouces pour caravane et camping-car s&rsquo;entrouvrant"}]},{"@type":"WebSite","@id":"https:\/\/shop.bantam.ch\/fr\/#website","url":"https:\/\/shop.bantam.ch\/fr\/","name":"Bantam Wankm\u00fcller SA","description":"","publisher":{"@id":"https:\/\/shop.bantam.ch\/fr\/#organization"},"inLanguage":"fr-FR"},{"@type":"Organization","@id":"https:\/\/shop.bantam.ch\/fr\/#organization","name":"Bantam Wankm\u00fcller SA","url":"https:\/\/shop.bantam.ch\/fr\/","logo":{"@type":"ImageObject","inLanguage":"fr-FR","@id":"https:\/\/shop.bantam.ch\/fr\/#\/schema\/logo\/image\/","url":"https:\/\/shop.bantam.ch\/wp-content\/uploads\/2022\/12\/bantam-logo.png","contentUrl":"https:\/\/shop.bantam.ch\/wp-content\/uploads\/2022\/12\/bantam-logo.png","width":320,"height":71,"caption":"Bantam Wankm\u00fcller SA"},"image":{"@id":"https:\/\/shop.bantam.ch\/fr\/#\/schema\/logo\/image\/"}}]}},"_links":{"self":[{"href":"https:\/\/shop.bantam.ch\/fr\/wp-json\/wp\/v2\/product\/223405","targetHints":{"allow":["GET"]}}],"collection":[{"href":"https:\/\/shop.bantam.ch\/fr\/wp-json\/wp\/v2\/product"}],"about":[{"href":"https:\/\/shop.bantam.ch\/fr\/wp-json\/wp\/v2\/types\/product"}],"wp:featuredmedia":[{"embeddable":true,"href":"https:\/\/shop.bantam.ch\/fr\/wp-json\/wp\/v2\/media\/223399"}],"wp:attachment":[{"href":"https:\/\/shop.bantam.ch\/fr\/wp-json\/wp\/v2\/media?parent=223405"}],"wp:term":[{"taxonomy":"product_featured_cat","embeddable":true,"href":"https:\/\/shop.bantam.ch\/fr\/wp-json\/wp\/v2\/product_featured_cat?post=223405"},{"taxonomy":"product_brand","embeddable":true,"href":"https:\/\/shop.bantam.ch\/fr\/wp-json\/wp\/v2\/product_brand?post=223405"},{"taxonomy":"product_cat","embeddable":true,"href":"https:\/\/shop.bantam.ch\/fr\/wp-json\/wp\/v2\/product_cat?post=223405"},{"taxonomy":"product_tag","embeddable":true,"href":"https:\/\/shop.bantam.ch\/fr\/wp-json\/wp\/v2\/product_tag?post=223405"}],"curies":[{"name":"wp","href":"https:\/\/api.w.org\/{rel}","templated":true}]}}