{"id":223295,"date":"2025-12-09T13:49:21","date_gmt":"2025-12-09T12:49:21","guid":{"rendered":"https:\/\/shop.bantam.ch\/produit\/power-station-power-e-500\/"},"modified":"2026-04-20T23:34:40","modified_gmt":"2026-04-20T21:34:40","slug":"power-station-power-e-500","status":"publish","type":"product","link":"https:\/\/shop.bantam.ch\/fr\/produit\/power-station-power-e-500\/","title":{"rendered":"Power Station Power-E 500"},"content":{"rendered":"<p>Power station Power-E : L\u2019indispensable pour vos voyages en toute autonomie<br \/>\nPour les explorateurs modernes, la gamme de Power stations Power-E d\u2019EZA est l\u2019accessoire indispensable pour tous les d\u00e9placements en van, camping-car, caravane, fourgon ou m\u00eame \u00e0 la maison. Avec des mod\u00e8les disponibles en 500W, 1200W, et 2200W, ces stations d\u2019\u00e9nergie portable s\u2019adaptent \u00e0 tous vos besoins en \u00e9lectricit\u00e9, vous permettant de rester connect\u00e9, o\u00f9 que vous soyez.<\/p>\n<p>Diff\u00e9rentes puissances pour r\u00e9pondre \u00e0 vos besoins, m\u00eame \u00e0 la maison<br \/>\nLa s\u00e9rie Power-E vous offre la libert\u00e9 de choisir la puissance qui correspond \u00e0 vos besoins. Que vous optiez pour le mod\u00e8le 500W pour vos petits appareils \u00e9lectroniques, le 1200W pour une utilisation plus polyvalente, ou le 2200W pour des besoins \u00e9nerg\u00e9tiques plus importants, vous trouverez la station qui s\u2019adapte parfaitement \u00e0 vos exigences. De plus, le mod\u00e8le 2200W est extensible gr\u00e2ce \u00e0 l\u2019extension de batterie Power-E +, vous permettant de b\u00e9n\u00e9ficier de 2200W suppl\u00e9mentaires.<\/p>\n<p>Une autonomie prolong\u00e9e et une durabilit\u00e9 exceptionnelle<br \/>\nQuelle que soit la capacit\u00e9 choisie, les Power stations Power-E sont con\u00e7ues pour durer. Avec une dur\u00e9e de vie estim\u00e9e \u00e0 4000 cycles, elles sont vos partenaires de longue date pour tous vos voyages. L\u2019\u00e9cran LCD int\u00e9gr\u00e9 vous permet de surveiller en temps r\u00e9el la consommation \u00e9nerg\u00e9tique et le niveau de batterie, vous assurant ainsi une gestion optimale de votre \u00e9nergie.<\/p>\n<p>Rechargeable partout, utilisable en toute simplicit\u00e9<br \/>\nGr\u00e2ce \u00e0 l\u2019application d\u00e9di\u00e9e Power Zero, g\u00e9rez facilement votre Power-E depuis votre smartphone. Vous pouvez non seulement contr\u00f4ler la consommation \u00e9nerg\u00e9tique, mais \u00e9galement ajuster les param\u00e8tres \u00e0 distance. De plus, le r\u00e9gulateur solaire MPPT int\u00e9gr\u00e9 optimise en permanence la production d\u2019\u00e9lectricit\u00e9 de votre panneau solaire, garantissant une recharge efficace et rapide.<\/p>\n<p>Une solution pour tous vos besoins, m\u00eame \u00e0 la maison<br \/>\nLes Power stations Power-E ne sont pas seulement con\u00e7ues pour les voyages. Elles sont \u00e9galement id\u00e9ales pour un usage domestique, gr\u00e2ce \u00e0 leur fonction UPS qui prend automatiquement le relais en cas de coupure de courant, vous assurant une continuit\u00e9 \u00e9lectrique pour vos appareils essentiels.<\/p>\n","protected":false},"excerpt":{"rendered":"<p>Power station Power-E : L\u2019indispensable pour vos voyages en toute autonomie Pour les explorateurs modernes, la gamme de Power stations Power-E d\u2019EZA est l\u2019accessoire indispensable pour tous les d\u00e9placements en van, camping-car, caravane, fourgon ou m\u00eame \u00e0 la maison. Avec des mod\u00e8les disponibles en 500W, 1200W, et 2200W, ces stations d\u2019\u00e9nergie portable s\u2019adaptent \u00e0 tous [&hellip;]<\/p>\n","protected":false},"featured_media":223291,"template":"","meta":{"_acf_changed":false},"product_featured_cat":[],"product_brand":[3676],"product_cat":[5129],"product_tag":[],"class_list":{"0":"post-223295","1":"product","2":"type-product","3":"status-publish","4":"has-post-thumbnail","6":"product_brand-eza","7":"product_cat-batteries-portables","9":"first","10":"instock","11":"taxable","12":"shipping-taxable","13":"purchasable","14":"product-type-simple"},"acf":[],"yoast_head":"<!-- This site is optimized with the Yoast SEO plugin v27.4 - https:\/\/yoast.com\/product\/yoast-seo-wordpress\/ -->\n<title>Power Station Power-E 500 - Bantam Wankm\u00fcller SA<\/title>\n<meta name=\"robots\" content=\"index, follow, max-snippet:-1, max-image-preview:large, max-video-preview:-1\" \/>\n<link rel=\"canonical\" href=\"https:\/\/shop.bantam.ch\/fr\/produit\/power-station-power-e-500\/\" \/>\n<meta property=\"og:locale\" content=\"fr_FR\" \/>\n<meta property=\"og:type\" content=\"article\" \/>\n<meta property=\"og:title\" content=\"Power Station Power-E 500 - Bantam Wankm\u00fcller SA\" \/>\n<meta property=\"og:description\" content=\"Power station Power-E : L\u2019indispensable pour vos voyages en toute autonomie Pour les explorateurs modernes, la gamme de Power stations Power-E d\u2019EZA est l\u2019accessoire indispensable pour tous les d\u00e9placements en van, camping-car, caravane, fourgon ou m\u00eame \u00e0 la maison. Avec des mod\u00e8les disponibles en 500W, 1200W, et 2200W, ces stations d\u2019\u00e9nergie portable s\u2019adaptent \u00e0 tous [&hellip;]\" \/>\n<meta property=\"og:url\" content=\"https:\/\/shop.bantam.ch\/fr\/produit\/power-station-power-e-500\/\" \/>\n<meta property=\"og:site_name\" content=\"Bantam Wankm\u00fcller SA\" \/>\n<meta property=\"article:modified_time\" content=\"2026-04-20T21:34:40+00:00\" \/>\n<meta property=\"og:image\" content=\"https:\/\/shop.bantam.ch\/wp-content\/uploads\/2025\/12\/496387-PA-300x235-1.jpg\" \/>\n\t<meta property=\"og:image:width\" content=\"300\" \/>\n\t<meta property=\"og:image:height\" content=\"235\" \/>\n\t<meta property=\"og:image:type\" content=\"image\/jpeg\" \/>\n<meta name=\"twitter:card\" content=\"summary_large_image\" \/>\n<meta name=\"twitter:label1\" content=\"Dur\u00e9e de lecture estim\u00e9e\" \/>\n\t<meta name=\"twitter:data1\" content=\"2 minutes\" \/>\n<script type=\"application\/ld+json\" class=\"yoast-schema-graph\">{\"@context\":\"https:\\\/\\\/schema.org\",\"@graph\":[{\"@type\":\"WebPage\",\"@id\":\"https:\\\/\\\/shop.bantam.ch\\\/fr\\\/produit\\\/power-station-power-e-500\\\/\",\"url\":\"https:\\\/\\\/shop.bantam.ch\\\/fr\\\/produit\\\/power-station-power-e-500\\\/\",\"name\":\"Power Station Power-E 500 - Bantam Wankm\u00fcller SA\",\"isPartOf\":{\"@id\":\"https:\\\/\\\/shop.bantam.ch\\\/fr\\\/#website\"},\"primaryImageOfPage\":{\"@id\":\"https:\\\/\\\/shop.bantam.ch\\\/fr\\\/produit\\\/power-station-power-e-500\\\/#primaryimage\"},\"image\":{\"@id\":\"https:\\\/\\\/shop.bantam.ch\\\/fr\\\/produit\\\/power-station-power-e-500\\\/#primaryimage\"},\"thumbnailUrl\":\"https:\\\/\\\/shop.bantam.ch\\\/wp-content\\\/uploads\\\/2025\\\/12\\\/496387-PA-300x235-1.jpg\",\"datePublished\":\"2025-12-09T12:49:21+00:00\",\"dateModified\":\"2026-04-20T21:34:40+00:00\",\"breadcrumb\":{\"@id\":\"https:\\\/\\\/shop.bantam.ch\\\/fr\\\/produit\\\/power-station-power-e-500\\\/#breadcrumb\"},\"inLanguage\":\"fr-FR\",\"potentialAction\":[{\"@type\":\"ReadAction\",\"target\":[\"https:\\\/\\\/shop.bantam.ch\\\/fr\\\/produit\\\/power-station-power-e-500\\\/\"]}]},{\"@type\":\"ImageObject\",\"inLanguage\":\"fr-FR\",\"@id\":\"https:\\\/\\\/shop.bantam.ch\\\/fr\\\/produit\\\/power-station-power-e-500\\\/#primaryimage\",\"url\":\"https:\\\/\\\/shop.bantam.ch\\\/wp-content\\\/uploads\\\/2025\\\/12\\\/496387-PA-300x235-1.jpg\",\"contentUrl\":\"https:\\\/\\\/shop.bantam.ch\\\/wp-content\\\/uploads\\\/2025\\\/12\\\/496387-PA-300x235-1.jpg\",\"width\":300,\"height\":235},{\"@type\":\"BreadcrumbList\",\"@id\":\"https:\\\/\\\/shop.bantam.ch\\\/fr\\\/produit\\\/power-station-power-e-500\\\/#breadcrumb\",\"itemListElement\":[{\"@type\":\"ListItem\",\"position\":1,\"name\":\"Accueil\",\"item\":\"https:\\\/\\\/shop.bantam.ch\\\/fr\\\/\"},{\"@type\":\"ListItem\",\"position\":2,\"name\":\"Boutique\",\"item\":\"https:\\\/\\\/shop.bantam.ch\\\/fr\\\/boutique\\\/\"},{\"@type\":\"ListItem\",\"position\":3,\"name\":\"Power Station Power-E 500\"}]},{\"@type\":\"WebSite\",\"@id\":\"https:\\\/\\\/shop.bantam.ch\\\/fr\\\/#website\",\"url\":\"https:\\\/\\\/shop.bantam.ch\\\/fr\\\/\",\"name\":\"Bantam Wankm\u00fcller SA\",\"description\":\"\",\"publisher\":{\"@id\":\"https:\\\/\\\/shop.bantam.ch\\\/fr\\\/#organization\"},\"inLanguage\":\"fr-FR\"},{\"@type\":\"Organization\",\"@id\":\"https:\\\/\\\/shop.bantam.ch\\\/fr\\\/#organization\",\"name\":\"Bantam Wankm\u00fcller SA\",\"url\":\"https:\\\/\\\/shop.bantam.ch\\\/fr\\\/\",\"logo\":{\"@type\":\"ImageObject\",\"inLanguage\":\"fr-FR\",\"@id\":\"https:\\\/\\\/shop.bantam.ch\\\/fr\\\/#\\\/schema\\\/logo\\\/image\\\/\",\"url\":\"https:\\\/\\\/shop.bantam.ch\\\/wp-content\\\/uploads\\\/2022\\\/12\\\/bantam-logo.png\",\"contentUrl\":\"https:\\\/\\\/shop.bantam.ch\\\/wp-content\\\/uploads\\\/2022\\\/12\\\/bantam-logo.png\",\"width\":320,\"height\":71,\"caption\":\"Bantam Wankm\u00fcller SA\"},\"image\":{\"@id\":\"https:\\\/\\\/shop.bantam.ch\\\/fr\\\/#\\\/schema\\\/logo\\\/image\\\/\"}}]}<\/script>\n<!-- \/ Yoast SEO plugin. -->","yoast_head_json":{"title":"Power Station Power-E 500 - Bantam Wankm\u00fcller SA","robots":{"index":"index","follow":"follow","max-snippet":"max-snippet:-1","max-image-preview":"max-image-preview:large","max-video-preview":"max-video-preview:-1"},"canonical":"https:\/\/shop.bantam.ch\/fr\/produit\/power-station-power-e-500\/","og_locale":"fr_FR","og_type":"article","og_title":"Power Station Power-E 500 - Bantam Wankm\u00fcller SA","og_description":"Power station Power-E : L\u2019indispensable pour vos voyages en toute autonomie Pour les explorateurs modernes, la gamme de Power stations Power-E d\u2019EZA est l\u2019accessoire indispensable pour tous les d\u00e9placements en van, camping-car, caravane, fourgon ou m\u00eame \u00e0 la maison. Avec des mod\u00e8les disponibles en 500W, 1200W, et 2200W, ces stations d\u2019\u00e9nergie portable s\u2019adaptent \u00e0 tous [&hellip;]","og_url":"https:\/\/shop.bantam.ch\/fr\/produit\/power-station-power-e-500\/","og_site_name":"Bantam Wankm\u00fcller SA","article_modified_time":"2026-04-20T21:34:40+00:00","og_image":[{"width":300,"height":235,"url":"https:\/\/shop.bantam.ch\/wp-content\/uploads\/2025\/12\/496387-PA-300x235-1.jpg","type":"image\/jpeg"}],"twitter_card":"summary_large_image","twitter_misc":{"Dur\u00e9e de lecture estim\u00e9e":"2 minutes"},"schema":{"@context":"https:\/\/schema.org","@graph":[{"@type":"WebPage","@id":"https:\/\/shop.bantam.ch\/fr\/produit\/power-station-power-e-500\/","url":"https:\/\/shop.bantam.ch\/fr\/produit\/power-station-power-e-500\/","name":"Power Station Power-E 500 - Bantam Wankm\u00fcller SA","isPartOf":{"@id":"https:\/\/shop.bantam.ch\/fr\/#website"},"primaryImageOfPage":{"@id":"https:\/\/shop.bantam.ch\/fr\/produit\/power-station-power-e-500\/#primaryimage"},"image":{"@id":"https:\/\/shop.bantam.ch\/fr\/produit\/power-station-power-e-500\/#primaryimage"},"thumbnailUrl":"https:\/\/shop.bantam.ch\/wp-content\/uploads\/2025\/12\/496387-PA-300x235-1.jpg","datePublished":"2025-12-09T12:49:21+00:00","dateModified":"2026-04-20T21:34:40+00:00","breadcrumb":{"@id":"https:\/\/shop.bantam.ch\/fr\/produit\/power-station-power-e-500\/#breadcrumb"},"inLanguage":"fr-FR","potentialAction":[{"@type":"ReadAction","target":["https:\/\/shop.bantam.ch\/fr\/produit\/power-station-power-e-500\/"]}]},{"@type":"ImageObject","inLanguage":"fr-FR","@id":"https:\/\/shop.bantam.ch\/fr\/produit\/power-station-power-e-500\/#primaryimage","url":"https:\/\/shop.bantam.ch\/wp-content\/uploads\/2025\/12\/496387-PA-300x235-1.jpg","contentUrl":"https:\/\/shop.bantam.ch\/wp-content\/uploads\/2025\/12\/496387-PA-300x235-1.jpg","width":300,"height":235},{"@type":"BreadcrumbList","@id":"https:\/\/shop.bantam.ch\/fr\/produit\/power-station-power-e-500\/#breadcrumb","itemListElement":[{"@type":"ListItem","position":1,"name":"Accueil","item":"https:\/\/shop.bantam.ch\/fr\/"},{"@type":"ListItem","position":2,"name":"Boutique","item":"https:\/\/shop.bantam.ch\/fr\/boutique\/"},{"@type":"ListItem","position":3,"name":"Power Station Power-E 500"}]},{"@type":"WebSite","@id":"https:\/\/shop.bantam.ch\/fr\/#website","url":"https:\/\/shop.bantam.ch\/fr\/","name":"Bantam Wankm\u00fcller SA","description":"","publisher":{"@id":"https:\/\/shop.bantam.ch\/fr\/#organization"},"inLanguage":"fr-FR"},{"@type":"Organization","@id":"https:\/\/shop.bantam.ch\/fr\/#organization","name":"Bantam Wankm\u00fcller SA","url":"https:\/\/shop.bantam.ch\/fr\/","logo":{"@type":"ImageObject","inLanguage":"fr-FR","@id":"https:\/\/shop.bantam.ch\/fr\/#\/schema\/logo\/image\/","url":"https:\/\/shop.bantam.ch\/wp-content\/uploads\/2022\/12\/bantam-logo.png","contentUrl":"https:\/\/shop.bantam.ch\/wp-content\/uploads\/2022\/12\/bantam-logo.png","width":320,"height":71,"caption":"Bantam Wankm\u00fcller SA"},"image":{"@id":"https:\/\/shop.bantam.ch\/fr\/#\/schema\/logo\/image\/"}}]}},"_links":{"self":[{"href":"https:\/\/shop.bantam.ch\/fr\/wp-json\/wp\/v2\/product\/223295","targetHints":{"allow":["GET"]}}],"collection":[{"href":"https:\/\/shop.bantam.ch\/fr\/wp-json\/wp\/v2\/product"}],"about":[{"href":"https:\/\/shop.bantam.ch\/fr\/wp-json\/wp\/v2\/types\/product"}],"wp:featuredmedia":[{"embeddable":true,"href":"https:\/\/shop.bantam.ch\/fr\/wp-json\/wp\/v2\/media\/223291"}],"wp:attachment":[{"href":"https:\/\/shop.bantam.ch\/fr\/wp-json\/wp\/v2\/media?parent=223295"}],"wp:term":[{"taxonomy":"product_featured_cat","embeddable":true,"href":"https:\/\/shop.bantam.ch\/fr\/wp-json\/wp\/v2\/product_featured_cat?post=223295"},{"taxonomy":"product_brand","embeddable":true,"href":"https:\/\/shop.bantam.ch\/fr\/wp-json\/wp\/v2\/product_brand?post=223295"},{"taxonomy":"product_cat","embeddable":true,"href":"https:\/\/shop.bantam.ch\/fr\/wp-json\/wp\/v2\/product_cat?post=223295"},{"taxonomy":"product_tag","embeddable":true,"href":"https:\/\/shop.bantam.ch\/fr\/wp-json\/wp\/v2\/product_tag?post=223295"}],"curies":[{"name":"wp","href":"https:\/\/api.w.org\/{rel}","templated":true}]}}