{"id":222137,"date":"2025-09-04T15:38:01","date_gmt":"2025-09-04T13:38:01","guid":{"rendered":"https:\/\/shop.bantam.ch\/produit\/ruban-led-10-mm-exterieur-5-m\/"},"modified":"2026-04-19T00:07:14","modified_gmt":"2026-04-18T22:07:14","slug":"ruban-led-10-mm-exterieur-5-m","status":"publish","type":"product","link":"https:\/\/shop.bantam.ch\/fr\/produit\/ruban-led-10-mm-exterieur-5-m\/","title":{"rendered":"Ruban LED 10 mm Ext\u00e9rieur 5 m"},"content":{"rendered":"<p>Luminosit\u00e9 maximale dans les camping-cars, les caravanes, les zones de loisirs et \u00e0 la maison avec une consommation d&rsquo;\u00e9nergie extr\u00eamement faible et un encombrement minimum. Notre nouveau syst\u00e8me de composants permet d&rsquo;installer facilement et rapidement un grand nombre de sources lumineuses. Le ruban est \u00e9quip\u00e9 d&rsquo;une bande autocollante de 3M, s\u00e9cable tous les 10 cm et peut \u00eatre utilis\u00e9 \u00e0 l\u2019ext\u00e9rieur car il est r\u00e9sistant \u00e0 l&rsquo;eau. Les raccordements du ruban et les connections du bloc d&rsquo;alimentation peuvent \u00eatre install\u00e9s sans soudure et facilement gr\u00e2ce \u00e0 la connexion par pince. Des profil\u00e9s en alu pour montage et des solutions d&rsquo;angle avec cache diffuseur permettent d&rsquo;utiliser le ruban \u00e0 LED comme bande \u00e9clairante dans les meubles et habitacles de v\u00e9hicules. Diff\u00e9rentes largeurs de ruban et de puissances lumineuses des rubans LED associ\u00e9es avec un variateur de lumi\u00e8re t\u00e9l\u00e9commandable permettent de r\u00e9aliser de nombreux effets de lumi\u00e8re.<\/p>\n","protected":false},"excerpt":{"rendered":"<p>Luminosit\u00e9 maximale dans les camping-cars, les caravanes, les zones de loisirs et \u00e0 la maison avec une consommation d&rsquo;\u00e9nergie extr\u00eamement faible et un encombrement minimum. Notre nouveau syst\u00e8me de composants permet d&rsquo;installer facilement et rapidement un grand nombre de sources lumineuses. Le ruban est \u00e9quip\u00e9 d&rsquo;une bande autocollante de 3M, s\u00e9cable tous les 10 cm [&hellip;]<\/p>\n","protected":false},"featured_media":222133,"template":"","meta":{"_acf_changed":false},"product_featured_cat":[],"product_brand":[3700],"product_cat":[4893],"product_tag":[],"class_list":{"0":"post-222137","1":"product","2":"type-product","3":"status-publish","4":"has-post-thumbnail","6":"product_brand-jamara-led","7":"product_cat-barres-lumineuses","9":"first","10":"instock","11":"taxable","12":"shipping-taxable","13":"purchasable","14":"product-type-variable"},"acf":[],"yoast_head":"<!-- This site is optimized with the Yoast SEO plugin v27.4 - https:\/\/yoast.com\/product\/yoast-seo-wordpress\/ -->\n<title>Ruban LED 10 mm Ext\u00e9rieur 5 m - Bantam Wankm\u00fcller SA<\/title>\n<meta name=\"robots\" content=\"index, follow, max-snippet:-1, max-image-preview:large, max-video-preview:-1\" \/>\n<link rel=\"canonical\" href=\"https:\/\/shop.bantam.ch\/fr\/produit\/ruban-led-10-mm-exterieur-5-m\/\" \/>\n<meta property=\"og:locale\" content=\"fr_FR\" \/>\n<meta property=\"og:type\" content=\"article\" \/>\n<meta property=\"og:title\" content=\"Ruban LED 10 mm Ext\u00e9rieur 5 m - Bantam Wankm\u00fcller SA\" \/>\n<meta property=\"og:description\" content=\"Luminosit\u00e9 maximale dans les camping-cars, les caravanes, les zones de loisirs et \u00e0 la maison avec une consommation d&rsquo;\u00e9nergie extr\u00eamement faible et un encombrement minimum. Notre nouveau syst\u00e8me de composants permet d&rsquo;installer facilement et rapidement un grand nombre de sources lumineuses. Le ruban est \u00e9quip\u00e9 d&rsquo;une bande autocollante de 3M, s\u00e9cable tous les 10 cm [&hellip;]\" \/>\n<meta property=\"og:url\" content=\"https:\/\/shop.bantam.ch\/fr\/produit\/ruban-led-10-mm-exterieur-5-m\/\" \/>\n<meta property=\"og:site_name\" content=\"Bantam Wankm\u00fcller SA\" \/>\n<meta property=\"article:modified_time\" content=\"2026-04-18T22:07:14+00:00\" \/>\n<meta property=\"og:image\" content=\"https:\/\/shop.bantam.ch\/wp-content\/uploads\/2025\/09\/9934205-LED_Strip_5_mtr_5050_30LED_outdoor_w_w-Standard-02-1.jpg\" \/>\n\t<meta property=\"og:image:width\" content=\"800\" \/>\n\t<meta property=\"og:image:height\" content=\"533\" \/>\n\t<meta property=\"og:image:type\" content=\"image\/jpeg\" \/>\n<meta name=\"twitter:card\" content=\"summary_large_image\" \/>\n<meta name=\"twitter:label1\" content=\"Dur\u00e9e de lecture estim\u00e9e\" \/>\n\t<meta name=\"twitter:data1\" content=\"1 minute\" \/>\n<script type=\"application\/ld+json\" class=\"yoast-schema-graph\">{\"@context\":\"https:\\\/\\\/schema.org\",\"@graph\":[{\"@type\":\"WebPage\",\"@id\":\"https:\\\/\\\/shop.bantam.ch\\\/fr\\\/produit\\\/ruban-led-10-mm-exterieur-5-m\\\/\",\"url\":\"https:\\\/\\\/shop.bantam.ch\\\/fr\\\/produit\\\/ruban-led-10-mm-exterieur-5-m\\\/\",\"name\":\"Ruban LED 10 mm Ext\u00e9rieur 5 m - Bantam Wankm\u00fcller SA\",\"isPartOf\":{\"@id\":\"https:\\\/\\\/shop.bantam.ch\\\/fr\\\/#website\"},\"primaryImageOfPage\":{\"@id\":\"https:\\\/\\\/shop.bantam.ch\\\/fr\\\/produit\\\/ruban-led-10-mm-exterieur-5-m\\\/#primaryimage\"},\"image\":{\"@id\":\"https:\\\/\\\/shop.bantam.ch\\\/fr\\\/produit\\\/ruban-led-10-mm-exterieur-5-m\\\/#primaryimage\"},\"thumbnailUrl\":\"https:\\\/\\\/shop.bantam.ch\\\/wp-content\\\/uploads\\\/2025\\\/09\\\/9934205-LED_Strip_5_mtr_5050_30LED_outdoor_w_w-Standard-02-1.jpg\",\"datePublished\":\"2025-09-04T13:38:01+00:00\",\"dateModified\":\"2026-04-18T22:07:14+00:00\",\"breadcrumb\":{\"@id\":\"https:\\\/\\\/shop.bantam.ch\\\/fr\\\/produit\\\/ruban-led-10-mm-exterieur-5-m\\\/#breadcrumb\"},\"inLanguage\":\"fr-FR\",\"potentialAction\":[{\"@type\":\"ReadAction\",\"target\":[\"https:\\\/\\\/shop.bantam.ch\\\/fr\\\/produit\\\/ruban-led-10-mm-exterieur-5-m\\\/\"]}]},{\"@type\":\"ImageObject\",\"inLanguage\":\"fr-FR\",\"@id\":\"https:\\\/\\\/shop.bantam.ch\\\/fr\\\/produit\\\/ruban-led-10-mm-exterieur-5-m\\\/#primaryimage\",\"url\":\"https:\\\/\\\/shop.bantam.ch\\\/wp-content\\\/uploads\\\/2025\\\/09\\\/9934205-LED_Strip_5_mtr_5050_30LED_outdoor_w_w-Standard-02-1.jpg\",\"contentUrl\":\"https:\\\/\\\/shop.bantam.ch\\\/wp-content\\\/uploads\\\/2025\\\/09\\\/9934205-LED_Strip_5_mtr_5050_30LED_outdoor_w_w-Standard-02-1.jpg\",\"width\":800,\"height\":533},{\"@type\":\"BreadcrumbList\",\"@id\":\"https:\\\/\\\/shop.bantam.ch\\\/fr\\\/produit\\\/ruban-led-10-mm-exterieur-5-m\\\/#breadcrumb\",\"itemListElement\":[{\"@type\":\"ListItem\",\"position\":1,\"name\":\"Accueil\",\"item\":\"https:\\\/\\\/shop.bantam.ch\\\/fr\\\/\"},{\"@type\":\"ListItem\",\"position\":2,\"name\":\"Boutique\",\"item\":\"https:\\\/\\\/shop.bantam.ch\\\/fr\\\/boutique\\\/\"},{\"@type\":\"ListItem\",\"position\":3,\"name\":\"Ruban LED 10 mm Ext\u00e9rieur 5 m\"}]},{\"@type\":\"WebSite\",\"@id\":\"https:\\\/\\\/shop.bantam.ch\\\/fr\\\/#website\",\"url\":\"https:\\\/\\\/shop.bantam.ch\\\/fr\\\/\",\"name\":\"Bantam Wankm\u00fcller SA\",\"description\":\"\",\"publisher\":{\"@id\":\"https:\\\/\\\/shop.bantam.ch\\\/fr\\\/#organization\"},\"inLanguage\":\"fr-FR\"},{\"@type\":\"Organization\",\"@id\":\"https:\\\/\\\/shop.bantam.ch\\\/fr\\\/#organization\",\"name\":\"Bantam Wankm\u00fcller SA\",\"url\":\"https:\\\/\\\/shop.bantam.ch\\\/fr\\\/\",\"logo\":{\"@type\":\"ImageObject\",\"inLanguage\":\"fr-FR\",\"@id\":\"https:\\\/\\\/shop.bantam.ch\\\/fr\\\/#\\\/schema\\\/logo\\\/image\\\/\",\"url\":\"https:\\\/\\\/shop.bantam.ch\\\/wp-content\\\/uploads\\\/2022\\\/12\\\/bantam-logo.png\",\"contentUrl\":\"https:\\\/\\\/shop.bantam.ch\\\/wp-content\\\/uploads\\\/2022\\\/12\\\/bantam-logo.png\",\"width\":320,\"height\":71,\"caption\":\"Bantam Wankm\u00fcller SA\"},\"image\":{\"@id\":\"https:\\\/\\\/shop.bantam.ch\\\/fr\\\/#\\\/schema\\\/logo\\\/image\\\/\"}}]}<\/script>\n<!-- \/ Yoast SEO plugin. -->","yoast_head_json":{"title":"Ruban LED 10 mm Ext\u00e9rieur 5 m - Bantam Wankm\u00fcller SA","robots":{"index":"index","follow":"follow","max-snippet":"max-snippet:-1","max-image-preview":"max-image-preview:large","max-video-preview":"max-video-preview:-1"},"canonical":"https:\/\/shop.bantam.ch\/fr\/produit\/ruban-led-10-mm-exterieur-5-m\/","og_locale":"fr_FR","og_type":"article","og_title":"Ruban LED 10 mm Ext\u00e9rieur 5 m - Bantam Wankm\u00fcller SA","og_description":"Luminosit\u00e9 maximale dans les camping-cars, les caravanes, les zones de loisirs et \u00e0 la maison avec une consommation d&rsquo;\u00e9nergie extr\u00eamement faible et un encombrement minimum. Notre nouveau syst\u00e8me de composants permet d&rsquo;installer facilement et rapidement un grand nombre de sources lumineuses. Le ruban est \u00e9quip\u00e9 d&rsquo;une bande autocollante de 3M, s\u00e9cable tous les 10 cm [&hellip;]","og_url":"https:\/\/shop.bantam.ch\/fr\/produit\/ruban-led-10-mm-exterieur-5-m\/","og_site_name":"Bantam Wankm\u00fcller SA","article_modified_time":"2026-04-18T22:07:14+00:00","og_image":[{"width":800,"height":533,"url":"https:\/\/shop.bantam.ch\/wp-content\/uploads\/2025\/09\/9934205-LED_Strip_5_mtr_5050_30LED_outdoor_w_w-Standard-02-1.jpg","type":"image\/jpeg"}],"twitter_card":"summary_large_image","twitter_misc":{"Dur\u00e9e de lecture estim\u00e9e":"1 minute"},"schema":{"@context":"https:\/\/schema.org","@graph":[{"@type":"WebPage","@id":"https:\/\/shop.bantam.ch\/fr\/produit\/ruban-led-10-mm-exterieur-5-m\/","url":"https:\/\/shop.bantam.ch\/fr\/produit\/ruban-led-10-mm-exterieur-5-m\/","name":"Ruban LED 10 mm Ext\u00e9rieur 5 m - Bantam Wankm\u00fcller SA","isPartOf":{"@id":"https:\/\/shop.bantam.ch\/fr\/#website"},"primaryImageOfPage":{"@id":"https:\/\/shop.bantam.ch\/fr\/produit\/ruban-led-10-mm-exterieur-5-m\/#primaryimage"},"image":{"@id":"https:\/\/shop.bantam.ch\/fr\/produit\/ruban-led-10-mm-exterieur-5-m\/#primaryimage"},"thumbnailUrl":"https:\/\/shop.bantam.ch\/wp-content\/uploads\/2025\/09\/9934205-LED_Strip_5_mtr_5050_30LED_outdoor_w_w-Standard-02-1.jpg","datePublished":"2025-09-04T13:38:01+00:00","dateModified":"2026-04-18T22:07:14+00:00","breadcrumb":{"@id":"https:\/\/shop.bantam.ch\/fr\/produit\/ruban-led-10-mm-exterieur-5-m\/#breadcrumb"},"inLanguage":"fr-FR","potentialAction":[{"@type":"ReadAction","target":["https:\/\/shop.bantam.ch\/fr\/produit\/ruban-led-10-mm-exterieur-5-m\/"]}]},{"@type":"ImageObject","inLanguage":"fr-FR","@id":"https:\/\/shop.bantam.ch\/fr\/produit\/ruban-led-10-mm-exterieur-5-m\/#primaryimage","url":"https:\/\/shop.bantam.ch\/wp-content\/uploads\/2025\/09\/9934205-LED_Strip_5_mtr_5050_30LED_outdoor_w_w-Standard-02-1.jpg","contentUrl":"https:\/\/shop.bantam.ch\/wp-content\/uploads\/2025\/09\/9934205-LED_Strip_5_mtr_5050_30LED_outdoor_w_w-Standard-02-1.jpg","width":800,"height":533},{"@type":"BreadcrumbList","@id":"https:\/\/shop.bantam.ch\/fr\/produit\/ruban-led-10-mm-exterieur-5-m\/#breadcrumb","itemListElement":[{"@type":"ListItem","position":1,"name":"Accueil","item":"https:\/\/shop.bantam.ch\/fr\/"},{"@type":"ListItem","position":2,"name":"Boutique","item":"https:\/\/shop.bantam.ch\/fr\/boutique\/"},{"@type":"ListItem","position":3,"name":"Ruban LED 10 mm Ext\u00e9rieur 5 m"}]},{"@type":"WebSite","@id":"https:\/\/shop.bantam.ch\/fr\/#website","url":"https:\/\/shop.bantam.ch\/fr\/","name":"Bantam Wankm\u00fcller SA","description":"","publisher":{"@id":"https:\/\/shop.bantam.ch\/fr\/#organization"},"inLanguage":"fr-FR"},{"@type":"Organization","@id":"https:\/\/shop.bantam.ch\/fr\/#organization","name":"Bantam Wankm\u00fcller SA","url":"https:\/\/shop.bantam.ch\/fr\/","logo":{"@type":"ImageObject","inLanguage":"fr-FR","@id":"https:\/\/shop.bantam.ch\/fr\/#\/schema\/logo\/image\/","url":"https:\/\/shop.bantam.ch\/wp-content\/uploads\/2022\/12\/bantam-logo.png","contentUrl":"https:\/\/shop.bantam.ch\/wp-content\/uploads\/2022\/12\/bantam-logo.png","width":320,"height":71,"caption":"Bantam Wankm\u00fcller SA"},"image":{"@id":"https:\/\/shop.bantam.ch\/fr\/#\/schema\/logo\/image\/"}}]}},"_links":{"self":[{"href":"https:\/\/shop.bantam.ch\/fr\/wp-json\/wp\/v2\/product\/222137","targetHints":{"allow":["GET"]}}],"collection":[{"href":"https:\/\/shop.bantam.ch\/fr\/wp-json\/wp\/v2\/product"}],"about":[{"href":"https:\/\/shop.bantam.ch\/fr\/wp-json\/wp\/v2\/types\/product"}],"wp:featuredmedia":[{"embeddable":true,"href":"https:\/\/shop.bantam.ch\/fr\/wp-json\/wp\/v2\/media\/222133"}],"wp:attachment":[{"href":"https:\/\/shop.bantam.ch\/fr\/wp-json\/wp\/v2\/media?parent=222137"}],"wp:term":[{"taxonomy":"product_featured_cat","embeddable":true,"href":"https:\/\/shop.bantam.ch\/fr\/wp-json\/wp\/v2\/product_featured_cat?post=222137"},{"taxonomy":"product_brand","embeddable":true,"href":"https:\/\/shop.bantam.ch\/fr\/wp-json\/wp\/v2\/product_brand?post=222137"},{"taxonomy":"product_cat","embeddable":true,"href":"https:\/\/shop.bantam.ch\/fr\/wp-json\/wp\/v2\/product_cat?post=222137"},{"taxonomy":"product_tag","embeddable":true,"href":"https:\/\/shop.bantam.ch\/fr\/wp-json\/wp\/v2\/product_tag?post=222137"}],"curies":[{"name":"wp","href":"https:\/\/api.w.org\/{rel}","templated":true}]}}