{"id":222123,"date":"2025-09-04T15:34:41","date_gmt":"2025-09-04T13:34:41","guid":{"rendered":"https:\/\/shop.bantam.ch\/produit\/gummimatte-mercedes-sprinter-ab-05-2006\/"},"modified":"2026-04-19T00:43:53","modified_gmt":"2026-04-18T22:43:53","slug":"gummimatte-mercedes-sprinter-ab-05-2006","status":"publish","type":"product","link":"https:\/\/shop.bantam.ch\/fr\/produit\/gummimatte-mercedes-sprinter-ab-05-2006\/","title":{"rendered":"Gummimatte Mercedes Sprinter ab 05\/2006"},"content":{"rendered":"<p>Les tapis de sol pour cabine emp\u00eachent les salissures et l\u2019usure des rev\u00eatements d\u2019origine en PVC ou des pr\u00e9cieux tapis en velours.\u00a0Ils sont faciles \u00e0 retirer, peuvent \u00eatre secou\u00e9s, aspir\u00e9s et m\u00eame nettoy\u00e9s au nettoyeur haute pression.\u00a0Pour les tapis de sol textiles, un rev\u00eatement dorsal antid\u00e9rapant et imperm\u00e9able emp\u00eache l\u2019humidit\u00e9 et la salet\u00e9 d\u2019atteindre le rev\u00eatement d\u2019origine.<\/p>\n","protected":false},"excerpt":{"rendered":"<p>Les tapis de sol pour cabine emp\u00eachent les salissures et l\u2019usure des rev\u00eatements d\u2019origine en PVC ou des pr\u00e9cieux tapis en velours.\u00a0Ils sont faciles \u00e0 retirer, peuvent \u00eatre secou\u00e9s, aspir\u00e9s et m\u00eame nettoy\u00e9s au nettoyeur haute pression.\u00a0Pour les tapis de sol textiles, un rev\u00eatement dorsal antid\u00e9rapant et imperm\u00e9able emp\u00eache l\u2019humidit\u00e9 et la salet\u00e9 d\u2019atteindre le [&hellip;]<\/p>\n","protected":false},"featured_media":0,"template":"","meta":{"_acf_changed":false},"product_featured_cat":[],"product_brand":[3316],"product_cat":[4685],"product_tag":[],"class_list":{"0":"post-222123","1":"product","2":"type-product","3":"status-publish","5":"product_brand-art","6":"product_cat-tapis-de-cabine","8":"first","9":"instock","10":"taxable","11":"shipping-taxable","12":"purchasable","13":"product-type-variable"},"acf":[],"yoast_head":"<!-- This site is optimized with the Yoast SEO plugin v27.4 - https:\/\/yoast.com\/product\/yoast-seo-wordpress\/ -->\n<title>Gummimatte Mercedes Sprinter ab 05\/2006 - Bantam Wankm\u00fcller SA<\/title>\n<meta name=\"robots\" content=\"index, follow, max-snippet:-1, max-image-preview:large, max-video-preview:-1\" \/>\n<link rel=\"canonical\" href=\"https:\/\/shop.bantam.ch\/fr\/produit\/gummimatte-mercedes-sprinter-ab-05-2006\/\" \/>\n<meta property=\"og:locale\" content=\"fr_FR\" \/>\n<meta property=\"og:type\" content=\"article\" \/>\n<meta property=\"og:title\" content=\"Gummimatte Mercedes Sprinter ab 05\/2006 - Bantam Wankm\u00fcller SA\" \/>\n<meta property=\"og:description\" content=\"Les tapis de sol pour cabine emp\u00eachent les salissures et l\u2019usure des rev\u00eatements d\u2019origine en PVC ou des pr\u00e9cieux tapis en velours.\u00a0Ils sont faciles \u00e0 retirer, peuvent \u00eatre secou\u00e9s, aspir\u00e9s et m\u00eame nettoy\u00e9s au nettoyeur haute pression.\u00a0Pour les tapis de sol textiles, un rev\u00eatement dorsal antid\u00e9rapant et imperm\u00e9able emp\u00eache l\u2019humidit\u00e9 et la salet\u00e9 d\u2019atteindre le [&hellip;]\" \/>\n<meta property=\"og:url\" content=\"https:\/\/shop.bantam.ch\/fr\/produit\/gummimatte-mercedes-sprinter-ab-05-2006\/\" \/>\n<meta property=\"og:site_name\" content=\"Bantam Wankm\u00fcller SA\" \/>\n<meta property=\"article:modified_time\" content=\"2026-04-18T22:43:53+00:00\" \/>\n<meta name=\"twitter:card\" content=\"summary_large_image\" \/>\n<script type=\"application\/ld+json\" class=\"yoast-schema-graph\">{\"@context\":\"https:\\\/\\\/schema.org\",\"@graph\":[{\"@type\":\"WebPage\",\"@id\":\"https:\\\/\\\/shop.bantam.ch\\\/fr\\\/produit\\\/gummimatte-mercedes-sprinter-ab-05-2006\\\/\",\"url\":\"https:\\\/\\\/shop.bantam.ch\\\/fr\\\/produit\\\/gummimatte-mercedes-sprinter-ab-05-2006\\\/\",\"name\":\"Gummimatte Mercedes Sprinter ab 05\\\/2006 - Bantam Wankm\u00fcller SA\",\"isPartOf\":{\"@id\":\"https:\\\/\\\/shop.bantam.ch\\\/fr\\\/#website\"},\"datePublished\":\"2025-09-04T13:34:41+00:00\",\"dateModified\":\"2026-04-18T22:43:53+00:00\",\"breadcrumb\":{\"@id\":\"https:\\\/\\\/shop.bantam.ch\\\/fr\\\/produit\\\/gummimatte-mercedes-sprinter-ab-05-2006\\\/#breadcrumb\"},\"inLanguage\":\"fr-FR\",\"potentialAction\":[{\"@type\":\"ReadAction\",\"target\":[\"https:\\\/\\\/shop.bantam.ch\\\/fr\\\/produit\\\/gummimatte-mercedes-sprinter-ab-05-2006\\\/\"]}]},{\"@type\":\"BreadcrumbList\",\"@id\":\"https:\\\/\\\/shop.bantam.ch\\\/fr\\\/produit\\\/gummimatte-mercedes-sprinter-ab-05-2006\\\/#breadcrumb\",\"itemListElement\":[{\"@type\":\"ListItem\",\"position\":1,\"name\":\"Accueil\",\"item\":\"https:\\\/\\\/shop.bantam.ch\\\/fr\\\/\"},{\"@type\":\"ListItem\",\"position\":2,\"name\":\"Boutique\",\"item\":\"https:\\\/\\\/shop.bantam.ch\\\/fr\\\/boutique\\\/\"},{\"@type\":\"ListItem\",\"position\":3,\"name\":\"Gummimatte Mercedes Sprinter ab 05\\\/2006\"}]},{\"@type\":\"WebSite\",\"@id\":\"https:\\\/\\\/shop.bantam.ch\\\/fr\\\/#website\",\"url\":\"https:\\\/\\\/shop.bantam.ch\\\/fr\\\/\",\"name\":\"Bantam Wankm\u00fcller SA\",\"description\":\"\",\"publisher\":{\"@id\":\"https:\\\/\\\/shop.bantam.ch\\\/fr\\\/#organization\"},\"inLanguage\":\"fr-FR\"},{\"@type\":\"Organization\",\"@id\":\"https:\\\/\\\/shop.bantam.ch\\\/fr\\\/#organization\",\"name\":\"Bantam Wankm\u00fcller SA\",\"url\":\"https:\\\/\\\/shop.bantam.ch\\\/fr\\\/\",\"logo\":{\"@type\":\"ImageObject\",\"inLanguage\":\"fr-FR\",\"@id\":\"https:\\\/\\\/shop.bantam.ch\\\/fr\\\/#\\\/schema\\\/logo\\\/image\\\/\",\"url\":\"https:\\\/\\\/shop.bantam.ch\\\/wp-content\\\/uploads\\\/2022\\\/12\\\/bantam-logo.png\",\"contentUrl\":\"https:\\\/\\\/shop.bantam.ch\\\/wp-content\\\/uploads\\\/2022\\\/12\\\/bantam-logo.png\",\"width\":320,\"height\":71,\"caption\":\"Bantam Wankm\u00fcller SA\"},\"image\":{\"@id\":\"https:\\\/\\\/shop.bantam.ch\\\/fr\\\/#\\\/schema\\\/logo\\\/image\\\/\"}}]}<\/script>\n<!-- \/ Yoast SEO plugin. -->","yoast_head_json":{"title":"Gummimatte Mercedes Sprinter ab 05\/2006 - Bantam Wankm\u00fcller SA","robots":{"index":"index","follow":"follow","max-snippet":"max-snippet:-1","max-image-preview":"max-image-preview:large","max-video-preview":"max-video-preview:-1"},"canonical":"https:\/\/shop.bantam.ch\/fr\/produit\/gummimatte-mercedes-sprinter-ab-05-2006\/","og_locale":"fr_FR","og_type":"article","og_title":"Gummimatte Mercedes Sprinter ab 05\/2006 - Bantam Wankm\u00fcller SA","og_description":"Les tapis de sol pour cabine emp\u00eachent les salissures et l\u2019usure des rev\u00eatements d\u2019origine en PVC ou des pr\u00e9cieux tapis en velours.\u00a0Ils sont faciles \u00e0 retirer, peuvent \u00eatre secou\u00e9s, aspir\u00e9s et m\u00eame nettoy\u00e9s au nettoyeur haute pression.\u00a0Pour les tapis de sol textiles, un rev\u00eatement dorsal antid\u00e9rapant et imperm\u00e9able emp\u00eache l\u2019humidit\u00e9 et la salet\u00e9 d\u2019atteindre le [&hellip;]","og_url":"https:\/\/shop.bantam.ch\/fr\/produit\/gummimatte-mercedes-sprinter-ab-05-2006\/","og_site_name":"Bantam Wankm\u00fcller SA","article_modified_time":"2026-04-18T22:43:53+00:00","twitter_card":"summary_large_image","schema":{"@context":"https:\/\/schema.org","@graph":[{"@type":"WebPage","@id":"https:\/\/shop.bantam.ch\/fr\/produit\/gummimatte-mercedes-sprinter-ab-05-2006\/","url":"https:\/\/shop.bantam.ch\/fr\/produit\/gummimatte-mercedes-sprinter-ab-05-2006\/","name":"Gummimatte Mercedes Sprinter ab 05\/2006 - Bantam Wankm\u00fcller SA","isPartOf":{"@id":"https:\/\/shop.bantam.ch\/fr\/#website"},"datePublished":"2025-09-04T13:34:41+00:00","dateModified":"2026-04-18T22:43:53+00:00","breadcrumb":{"@id":"https:\/\/shop.bantam.ch\/fr\/produit\/gummimatte-mercedes-sprinter-ab-05-2006\/#breadcrumb"},"inLanguage":"fr-FR","potentialAction":[{"@type":"ReadAction","target":["https:\/\/shop.bantam.ch\/fr\/produit\/gummimatte-mercedes-sprinter-ab-05-2006\/"]}]},{"@type":"BreadcrumbList","@id":"https:\/\/shop.bantam.ch\/fr\/produit\/gummimatte-mercedes-sprinter-ab-05-2006\/#breadcrumb","itemListElement":[{"@type":"ListItem","position":1,"name":"Accueil","item":"https:\/\/shop.bantam.ch\/fr\/"},{"@type":"ListItem","position":2,"name":"Boutique","item":"https:\/\/shop.bantam.ch\/fr\/boutique\/"},{"@type":"ListItem","position":3,"name":"Gummimatte Mercedes Sprinter ab 05\/2006"}]},{"@type":"WebSite","@id":"https:\/\/shop.bantam.ch\/fr\/#website","url":"https:\/\/shop.bantam.ch\/fr\/","name":"Bantam Wankm\u00fcller SA","description":"","publisher":{"@id":"https:\/\/shop.bantam.ch\/fr\/#organization"},"inLanguage":"fr-FR"},{"@type":"Organization","@id":"https:\/\/shop.bantam.ch\/fr\/#organization","name":"Bantam Wankm\u00fcller SA","url":"https:\/\/shop.bantam.ch\/fr\/","logo":{"@type":"ImageObject","inLanguage":"fr-FR","@id":"https:\/\/shop.bantam.ch\/fr\/#\/schema\/logo\/image\/","url":"https:\/\/shop.bantam.ch\/wp-content\/uploads\/2022\/12\/bantam-logo.png","contentUrl":"https:\/\/shop.bantam.ch\/wp-content\/uploads\/2022\/12\/bantam-logo.png","width":320,"height":71,"caption":"Bantam Wankm\u00fcller SA"},"image":{"@id":"https:\/\/shop.bantam.ch\/fr\/#\/schema\/logo\/image\/"}}]}},"_links":{"self":[{"href":"https:\/\/shop.bantam.ch\/fr\/wp-json\/wp\/v2\/product\/222123","targetHints":{"allow":["GET"]}}],"collection":[{"href":"https:\/\/shop.bantam.ch\/fr\/wp-json\/wp\/v2\/product"}],"about":[{"href":"https:\/\/shop.bantam.ch\/fr\/wp-json\/wp\/v2\/types\/product"}],"wp:attachment":[{"href":"https:\/\/shop.bantam.ch\/fr\/wp-json\/wp\/v2\/media?parent=222123"}],"wp:term":[{"taxonomy":"product_featured_cat","embeddable":true,"href":"https:\/\/shop.bantam.ch\/fr\/wp-json\/wp\/v2\/product_featured_cat?post=222123"},{"taxonomy":"product_brand","embeddable":true,"href":"https:\/\/shop.bantam.ch\/fr\/wp-json\/wp\/v2\/product_brand?post=222123"},{"taxonomy":"product_cat","embeddable":true,"href":"https:\/\/shop.bantam.ch\/fr\/wp-json\/wp\/v2\/product_cat?post=222123"},{"taxonomy":"product_tag","embeddable":true,"href":"https:\/\/shop.bantam.ch\/fr\/wp-json\/wp\/v2\/product_tag?post=222123"}],"curies":[{"name":"wp","href":"https:\/\/api.w.org\/{rel}","templated":true}]}}