{"id":222099,"date":"2025-09-04T14:26:19","date_gmt":"2025-09-04T12:26:19","guid":{"rendered":"https:\/\/shop.bantam.ch\/produit\/module-sat-tv-avec-as2-80-platinium-hd-a-i-o-systeme-tout-en-un\/"},"modified":"2026-04-18T22:29:40","modified_gmt":"2026-04-18T20:29:40","slug":"module-sat-tv-avec-as2-80-platinium-hd-a-i-o-systeme-tout-en-un","status":"publish","type":"product","link":"https:\/\/shop.bantam.ch\/fr\/produit\/module-sat-tv-avec-as2-80-platinium-hd-a-i-o-systeme-tout-en-un\/","title":{"rendered":"Module SAT-TV avec AS2 80 Platinium HD \/ A.I.O. Syst\u00e8me \u00ab\u00a0Tout-en-un\u00a0\u00bb"},"content":{"rendered":"<p>Antenne satellite \u00e0 pointage automatique haut de gamme AS2 HD Mod\u00e8le Platinium SKEW <br \/>Alden pr\u00e9sente avec sa gamme AS HD des syst\u00e8mes de satellites enti\u00e8rement automatis\u00e9s avec une garantie \u00e0 vie sur les unit\u00e9s rotatives. La gamme d&rsquo;antennes AS r\u00e9pond aux exigences les plus pouss\u00e9es et les plus critiques. Ce dispositif unit la qualit\u00e9 \u00e0 une fonctionnalit\u00e9 tr\u00e8s simple \u00e0 utiliser. L\u2019AS4 est probablement l\u2019antenne la plus rapide, la plus silencieuse et la plus \u00e9conome en \u00e9nergie du march\u00e9. En substance, les deux types d&rsquo;AS (AS2 et AS4) ne diff\u00e8rent que par leur vitesse de rotation. Le design moderne est mis en valeur par l\u2019utilisation de paraboles Platinium \u00e0 l\u2019architecture discr\u00e8te. <\/p>\n<p>A.I.O. EVO HD \u00ab\u00a0All-In-One\u00a0\u00bb<br \/>Cinqui\u00e8me g\u00e9n\u00e9ration du syst\u00e8me A.I.O. unique dans le secteur des camping-cars. Le syst\u00e8me \u00ab All-In-One \u00bb EVO HD combine un t\u00e9l\u00e9viseur LED ALDEN ULTRAWIDE avec un r\u00e9cepteur et un module de commande amovible dans un seul bo\u00eetier. Une seule t\u00e9l\u00e9commande suffit pour un seul menu de commande. L&rsquo;appareil peu encombrant a un design ultra-plat et est \u00e9quip\u00e9 d&rsquo;un triple tuner int\u00e9gr\u00e9, d&rsquo;un lecteur DVD et d&rsquo;un lecteur USB.<\/p>\n","protected":false},"excerpt":{"rendered":"<p>Antenne satellite \u00e0 pointage automatique haut de gamme AS2 HD Mod\u00e8le Platinium SKEW Alden pr\u00e9sente avec sa gamme AS HD des syst\u00e8mes de satellites enti\u00e8rement automatis\u00e9s avec une garantie \u00e0 vie sur les unit\u00e9s rotatives. La gamme d&rsquo;antennes AS r\u00e9pond aux exigences les plus pouss\u00e9es et les plus critiques. Ce dispositif unit la qualit\u00e9 \u00e0 [&hellip;]<\/p>\n","protected":false},"featured_media":222097,"template":"","meta":{"_acf_changed":false},"product_featured_cat":[],"product_brand":[3076],"product_cat":[4529],"product_tag":[],"class_list":{"0":"post-222099","1":"product","2":"type-product","3":"status-publish","4":"has-post-thumbnail","6":"product_brand-alden","7":"product_cat-systemes-complets-de-satellites-et-televiseurs","9":"first","10":"instock","11":"taxable","12":"shipping-taxable","13":"purchasable","14":"product-type-variable"},"acf":[],"yoast_head":"<!-- This site is optimized with the Yoast SEO plugin v27.4 - https:\/\/yoast.com\/product\/yoast-seo-wordpress\/ -->\n<title>Module SAT-TV avec AS2 80 Platinium HD \/ A.I.O. Syst\u00e8me \u00ab\u00a0Tout-en-un\u00a0\u00bb - Bantam Wankm\u00fcller SA<\/title>\n<meta name=\"robots\" content=\"index, follow, max-snippet:-1, max-image-preview:large, max-video-preview:-1\" \/>\n<link rel=\"canonical\" href=\"https:\/\/shop.bantam.ch\/fr\/produit\/module-sat-tv-avec-as2-80-platinium-hd-a-i-o-systeme-tout-en-un\/\" \/>\n<meta property=\"og:locale\" content=\"fr_FR\" \/>\n<meta property=\"og:type\" content=\"article\" \/>\n<meta property=\"og:title\" content=\"Module SAT-TV avec AS2 80 Platinium HD \/ A.I.O. Syst\u00e8me \u00ab\u00a0Tout-en-un\u00a0\u00bb - Bantam Wankm\u00fcller SA\" \/>\n<meta property=\"og:description\" content=\"Antenne satellite \u00e0 pointage automatique haut de gamme AS2 HD Mod\u00e8le Platinium SKEW Alden pr\u00e9sente avec sa gamme AS HD des syst\u00e8mes de satellites enti\u00e8rement automatis\u00e9s avec une garantie \u00e0 vie sur les unit\u00e9s rotatives. La gamme d&rsquo;antennes AS r\u00e9pond aux exigences les plus pouss\u00e9es et les plus critiques. Ce dispositif unit la qualit\u00e9 \u00e0 [&hellip;]\" \/>\n<meta property=\"og:url\" content=\"https:\/\/shop.bantam.ch\/fr\/produit\/module-sat-tv-avec-as2-80-platinium-hd-a-i-o-systeme-tout-en-un\/\" \/>\n<meta property=\"og:site_name\" content=\"Bantam Wankm\u00fcller SA\" \/>\n<meta property=\"article:modified_time\" content=\"2026-04-18T20:29:40+00:00\" \/>\n<meta property=\"og:image\" content=\"https:\/\/shop.bantam.ch\/wp-content\/uploads\/2025\/09\/CS200159_Alden_AS2_80_HD_Platinium.jpg\" \/>\n\t<meta property=\"og:image:width\" content=\"600\" \/>\n\t<meta property=\"og:image:height\" content=\"601\" \/>\n\t<meta property=\"og:image:type\" content=\"image\/jpeg\" \/>\n<meta name=\"twitter:card\" content=\"summary_large_image\" \/>\n<meta name=\"twitter:label1\" content=\"Dur\u00e9e de lecture estim\u00e9e\" \/>\n\t<meta name=\"twitter:data1\" content=\"1 minute\" \/>\n<script type=\"application\/ld+json\" class=\"yoast-schema-graph\">{\"@context\":\"https:\\\/\\\/schema.org\",\"@graph\":[{\"@type\":\"WebPage\",\"@id\":\"https:\\\/\\\/shop.bantam.ch\\\/fr\\\/produit\\\/module-sat-tv-avec-as2-80-platinium-hd-a-i-o-systeme-tout-en-un\\\/\",\"url\":\"https:\\\/\\\/shop.bantam.ch\\\/fr\\\/produit\\\/module-sat-tv-avec-as2-80-platinium-hd-a-i-o-systeme-tout-en-un\\\/\",\"name\":\"Module SAT-TV avec AS2 80 Platinium HD \\\/ A.I.O. Syst\u00e8me \u00ab\u00a0Tout-en-un\u00a0\u00bb - Bantam Wankm\u00fcller SA\",\"isPartOf\":{\"@id\":\"https:\\\/\\\/shop.bantam.ch\\\/fr\\\/#website\"},\"primaryImageOfPage\":{\"@id\":\"https:\\\/\\\/shop.bantam.ch\\\/fr\\\/produit\\\/module-sat-tv-avec-as2-80-platinium-hd-a-i-o-systeme-tout-en-un\\\/#primaryimage\"},\"image\":{\"@id\":\"https:\\\/\\\/shop.bantam.ch\\\/fr\\\/produit\\\/module-sat-tv-avec-as2-80-platinium-hd-a-i-o-systeme-tout-en-un\\\/#primaryimage\"},\"thumbnailUrl\":\"https:\\\/\\\/shop.bantam.ch\\\/wp-content\\\/uploads\\\/2025\\\/09\\\/CS200159_Alden_AS2_80_HD_Platinium.jpg\",\"datePublished\":\"2025-09-04T12:26:19+00:00\",\"dateModified\":\"2026-04-18T20:29:40+00:00\",\"breadcrumb\":{\"@id\":\"https:\\\/\\\/shop.bantam.ch\\\/fr\\\/produit\\\/module-sat-tv-avec-as2-80-platinium-hd-a-i-o-systeme-tout-en-un\\\/#breadcrumb\"},\"inLanguage\":\"fr-FR\",\"potentialAction\":[{\"@type\":\"ReadAction\",\"target\":[\"https:\\\/\\\/shop.bantam.ch\\\/fr\\\/produit\\\/module-sat-tv-avec-as2-80-platinium-hd-a-i-o-systeme-tout-en-un\\\/\"]}]},{\"@type\":\"ImageObject\",\"inLanguage\":\"fr-FR\",\"@id\":\"https:\\\/\\\/shop.bantam.ch\\\/fr\\\/produit\\\/module-sat-tv-avec-as2-80-platinium-hd-a-i-o-systeme-tout-en-un\\\/#primaryimage\",\"url\":\"https:\\\/\\\/shop.bantam.ch\\\/wp-content\\\/uploads\\\/2025\\\/09\\\/CS200159_Alden_AS2_80_HD_Platinium.jpg\",\"contentUrl\":\"https:\\\/\\\/shop.bantam.ch\\\/wp-content\\\/uploads\\\/2025\\\/09\\\/CS200159_Alden_AS2_80_HD_Platinium.jpg\",\"width\":600,\"height\":601},{\"@type\":\"BreadcrumbList\",\"@id\":\"https:\\\/\\\/shop.bantam.ch\\\/fr\\\/produit\\\/module-sat-tv-avec-as2-80-platinium-hd-a-i-o-systeme-tout-en-un\\\/#breadcrumb\",\"itemListElement\":[{\"@type\":\"ListItem\",\"position\":1,\"name\":\"Accueil\",\"item\":\"https:\\\/\\\/shop.bantam.ch\\\/fr\\\/\"},{\"@type\":\"ListItem\",\"position\":2,\"name\":\"Boutique\",\"item\":\"https:\\\/\\\/shop.bantam.ch\\\/fr\\\/boutique\\\/\"},{\"@type\":\"ListItem\",\"position\":3,\"name\":\"Module SAT-TV avec AS2 80 Platinium HD \\\/ A.I.O. Syst\u00e8me \u00ab\u00a0Tout-en-un\u00a0\u00bb\"}]},{\"@type\":\"WebSite\",\"@id\":\"https:\\\/\\\/shop.bantam.ch\\\/fr\\\/#website\",\"url\":\"https:\\\/\\\/shop.bantam.ch\\\/fr\\\/\",\"name\":\"Bantam Wankm\u00fcller SA\",\"description\":\"\",\"publisher\":{\"@id\":\"https:\\\/\\\/shop.bantam.ch\\\/fr\\\/#organization\"},\"inLanguage\":\"fr-FR\"},{\"@type\":\"Organization\",\"@id\":\"https:\\\/\\\/shop.bantam.ch\\\/fr\\\/#organization\",\"name\":\"Bantam Wankm\u00fcller SA\",\"url\":\"https:\\\/\\\/shop.bantam.ch\\\/fr\\\/\",\"logo\":{\"@type\":\"ImageObject\",\"inLanguage\":\"fr-FR\",\"@id\":\"https:\\\/\\\/shop.bantam.ch\\\/fr\\\/#\\\/schema\\\/logo\\\/image\\\/\",\"url\":\"https:\\\/\\\/shop.bantam.ch\\\/wp-content\\\/uploads\\\/2022\\\/12\\\/bantam-logo.png\",\"contentUrl\":\"https:\\\/\\\/shop.bantam.ch\\\/wp-content\\\/uploads\\\/2022\\\/12\\\/bantam-logo.png\",\"width\":320,\"height\":71,\"caption\":\"Bantam Wankm\u00fcller SA\"},\"image\":{\"@id\":\"https:\\\/\\\/shop.bantam.ch\\\/fr\\\/#\\\/schema\\\/logo\\\/image\\\/\"}}]}<\/script>\n<!-- \/ Yoast SEO plugin. -->","yoast_head_json":{"title":"Module SAT-TV avec AS2 80 Platinium HD \/ A.I.O. Syst\u00e8me \u00ab\u00a0Tout-en-un\u00a0\u00bb - Bantam Wankm\u00fcller SA","robots":{"index":"index","follow":"follow","max-snippet":"max-snippet:-1","max-image-preview":"max-image-preview:large","max-video-preview":"max-video-preview:-1"},"canonical":"https:\/\/shop.bantam.ch\/fr\/produit\/module-sat-tv-avec-as2-80-platinium-hd-a-i-o-systeme-tout-en-un\/","og_locale":"fr_FR","og_type":"article","og_title":"Module SAT-TV avec AS2 80 Platinium HD \/ A.I.O. Syst\u00e8me \u00ab\u00a0Tout-en-un\u00a0\u00bb - Bantam Wankm\u00fcller SA","og_description":"Antenne satellite \u00e0 pointage automatique haut de gamme AS2 HD Mod\u00e8le Platinium SKEW Alden pr\u00e9sente avec sa gamme AS HD des syst\u00e8mes de satellites enti\u00e8rement automatis\u00e9s avec une garantie \u00e0 vie sur les unit\u00e9s rotatives. La gamme d&rsquo;antennes AS r\u00e9pond aux exigences les plus pouss\u00e9es et les plus critiques. Ce dispositif unit la qualit\u00e9 \u00e0 [&hellip;]","og_url":"https:\/\/shop.bantam.ch\/fr\/produit\/module-sat-tv-avec-as2-80-platinium-hd-a-i-o-systeme-tout-en-un\/","og_site_name":"Bantam Wankm\u00fcller SA","article_modified_time":"2026-04-18T20:29:40+00:00","og_image":[{"width":600,"height":601,"url":"https:\/\/shop.bantam.ch\/wp-content\/uploads\/2025\/09\/CS200159_Alden_AS2_80_HD_Platinium.jpg","type":"image\/jpeg"}],"twitter_card":"summary_large_image","twitter_misc":{"Dur\u00e9e de lecture estim\u00e9e":"1 minute"},"schema":{"@context":"https:\/\/schema.org","@graph":[{"@type":"WebPage","@id":"https:\/\/shop.bantam.ch\/fr\/produit\/module-sat-tv-avec-as2-80-platinium-hd-a-i-o-systeme-tout-en-un\/","url":"https:\/\/shop.bantam.ch\/fr\/produit\/module-sat-tv-avec-as2-80-platinium-hd-a-i-o-systeme-tout-en-un\/","name":"Module SAT-TV avec AS2 80 Platinium HD \/ A.I.O. Syst\u00e8me \u00ab\u00a0Tout-en-un\u00a0\u00bb - Bantam Wankm\u00fcller SA","isPartOf":{"@id":"https:\/\/shop.bantam.ch\/fr\/#website"},"primaryImageOfPage":{"@id":"https:\/\/shop.bantam.ch\/fr\/produit\/module-sat-tv-avec-as2-80-platinium-hd-a-i-o-systeme-tout-en-un\/#primaryimage"},"image":{"@id":"https:\/\/shop.bantam.ch\/fr\/produit\/module-sat-tv-avec-as2-80-platinium-hd-a-i-o-systeme-tout-en-un\/#primaryimage"},"thumbnailUrl":"https:\/\/shop.bantam.ch\/wp-content\/uploads\/2025\/09\/CS200159_Alden_AS2_80_HD_Platinium.jpg","datePublished":"2025-09-04T12:26:19+00:00","dateModified":"2026-04-18T20:29:40+00:00","breadcrumb":{"@id":"https:\/\/shop.bantam.ch\/fr\/produit\/module-sat-tv-avec-as2-80-platinium-hd-a-i-o-systeme-tout-en-un\/#breadcrumb"},"inLanguage":"fr-FR","potentialAction":[{"@type":"ReadAction","target":["https:\/\/shop.bantam.ch\/fr\/produit\/module-sat-tv-avec-as2-80-platinium-hd-a-i-o-systeme-tout-en-un\/"]}]},{"@type":"ImageObject","inLanguage":"fr-FR","@id":"https:\/\/shop.bantam.ch\/fr\/produit\/module-sat-tv-avec-as2-80-platinium-hd-a-i-o-systeme-tout-en-un\/#primaryimage","url":"https:\/\/shop.bantam.ch\/wp-content\/uploads\/2025\/09\/CS200159_Alden_AS2_80_HD_Platinium.jpg","contentUrl":"https:\/\/shop.bantam.ch\/wp-content\/uploads\/2025\/09\/CS200159_Alden_AS2_80_HD_Platinium.jpg","width":600,"height":601},{"@type":"BreadcrumbList","@id":"https:\/\/shop.bantam.ch\/fr\/produit\/module-sat-tv-avec-as2-80-platinium-hd-a-i-o-systeme-tout-en-un\/#breadcrumb","itemListElement":[{"@type":"ListItem","position":1,"name":"Accueil","item":"https:\/\/shop.bantam.ch\/fr\/"},{"@type":"ListItem","position":2,"name":"Boutique","item":"https:\/\/shop.bantam.ch\/fr\/boutique\/"},{"@type":"ListItem","position":3,"name":"Module SAT-TV avec AS2 80 Platinium HD \/ A.I.O. Syst\u00e8me \u00ab\u00a0Tout-en-un\u00a0\u00bb"}]},{"@type":"WebSite","@id":"https:\/\/shop.bantam.ch\/fr\/#website","url":"https:\/\/shop.bantam.ch\/fr\/","name":"Bantam Wankm\u00fcller SA","description":"","publisher":{"@id":"https:\/\/shop.bantam.ch\/fr\/#organization"},"inLanguage":"fr-FR"},{"@type":"Organization","@id":"https:\/\/shop.bantam.ch\/fr\/#organization","name":"Bantam Wankm\u00fcller SA","url":"https:\/\/shop.bantam.ch\/fr\/","logo":{"@type":"ImageObject","inLanguage":"fr-FR","@id":"https:\/\/shop.bantam.ch\/fr\/#\/schema\/logo\/image\/","url":"https:\/\/shop.bantam.ch\/wp-content\/uploads\/2022\/12\/bantam-logo.png","contentUrl":"https:\/\/shop.bantam.ch\/wp-content\/uploads\/2022\/12\/bantam-logo.png","width":320,"height":71,"caption":"Bantam Wankm\u00fcller SA"},"image":{"@id":"https:\/\/shop.bantam.ch\/fr\/#\/schema\/logo\/image\/"}}]}},"_links":{"self":[{"href":"https:\/\/shop.bantam.ch\/fr\/wp-json\/wp\/v2\/product\/222099","targetHints":{"allow":["GET"]}}],"collection":[{"href":"https:\/\/shop.bantam.ch\/fr\/wp-json\/wp\/v2\/product"}],"about":[{"href":"https:\/\/shop.bantam.ch\/fr\/wp-json\/wp\/v2\/types\/product"}],"wp:featuredmedia":[{"embeddable":true,"href":"https:\/\/shop.bantam.ch\/fr\/wp-json\/wp\/v2\/media\/222097"}],"wp:attachment":[{"href":"https:\/\/shop.bantam.ch\/fr\/wp-json\/wp\/v2\/media?parent=222099"}],"wp:term":[{"taxonomy":"product_featured_cat","embeddable":true,"href":"https:\/\/shop.bantam.ch\/fr\/wp-json\/wp\/v2\/product_featured_cat?post=222099"},{"taxonomy":"product_brand","embeddable":true,"href":"https:\/\/shop.bantam.ch\/fr\/wp-json\/wp\/v2\/product_brand?post=222099"},{"taxonomy":"product_cat","embeddable":true,"href":"https:\/\/shop.bantam.ch\/fr\/wp-json\/wp\/v2\/product_cat?post=222099"},{"taxonomy":"product_tag","embeddable":true,"href":"https:\/\/shop.bantam.ch\/fr\/wp-json\/wp\/v2\/product_tag?post=222099"}],"curies":[{"name":"wp","href":"https:\/\/api.w.org\/{rel}","templated":true}]}}