{"id":221328,"date":"2025-08-15T11:05:17","date_gmt":"2025-08-15T09:05:17","guid":{"rendered":"https:\/\/shop.bantam.ch\/produit\/panneau-solaire-full-black-200w-mppt-20a\/"},"modified":"2026-04-19T23:40:31","modified_gmt":"2026-04-19T21:40:31","slug":"panneau-solaire-full-black-200w-mppt-20a","status":"publish","type":"product","link":"https:\/\/shop.bantam.ch\/fr\/produit\/panneau-solaire-full-black-200w-mppt-20a\/","title":{"rendered":"Panneau solaire Full Black 200W + MPPT 20A"},"content":{"rendered":"<p>D\u00e9couvrez la r\u00e9volution \u00e9nerg\u00e9tique avec la gamme de panneaux solaires EZA qui int\u00e8grent la technologie IBC pour un rendement maximal, une r\u00e9elle avanc\u00e9e technologique qui red\u00e9finit les normes de performance et d\u2019efficacit\u00e9 dans le domaine de l\u2019\u00e9nergie solaire. La technologie IBC (Interdigitated Back Contact) optimise la collecte de l\u2019\u00e9nergie solaire en faisant passer tous les contacts m\u00e9talliques \u00e0 l\u2019arri\u00e8re des cellules solaires, ce qui permet une meilleure conversion de la lumi\u00e8re solaire en \u00e9lectricit\u00e9. Ainsi, le panneau solaire minimise ses pertes, et am\u00e9liore l\u2019efficacit\u00e9 de ses cellules solaires. Cette technologie de pointe fait de nos panneaux solaires, une solution \u00e9nerg\u00e9tique propre et aux performances exceptionnelles. Gr\u00e2ce \u00e0 leur conception innovante, ces panneaux surpassent les mod\u00e8les conventionnels en fournissant des rendements \u00e9lev\u00e9s, m\u00eame dans des conditions d\u2019\u00e9clairement variables. Gr\u00e2ce \u00e0 leur structure robuste ainsi que leur cadre en aluminium de qualit\u00e9 sup\u00e9rieure, ces panneaux solaires sont con\u00e7us pour assurer une durabilit\u00e9 remarquable et \u00e9galement pour r\u00e9sister \u00e0 des conditions environnementales difficiles, le tout pour garantir une performance fiable sur le long terme. Avec l\u2019ensemble des contacts m\u00e9talliques situ\u00e9s \u00e0 l\u2019arri\u00e8re des cellules solaires, la face avant du panneau solaire profite d\u2019un noir int\u00e9gral ce qui le rend plus esth\u00e9tique et qui se mariera parfaitement \u00e0 votre v\u00e9hicule de loisirs que vous ch\u00e9rissez tant ! + r\u00e9gulateur MPPT 20A.<\/p>\n","protected":false},"excerpt":{"rendered":"<p>D\u00e9couvrez la r\u00e9volution \u00e9nerg\u00e9tique avec la gamme de panneaux solaires EZA qui int\u00e8grent la technologie IBC pour un rendement maximal, une r\u00e9elle avanc\u00e9e technologique qui red\u00e9finit les normes de performance et d\u2019efficacit\u00e9 dans le domaine de l\u2019\u00e9nergie solaire. La technologie IBC (Interdigitated Back Contact) optimise la collecte de l\u2019\u00e9nergie solaire en faisant passer tous les [&hellip;]<\/p>\n","protected":false},"featured_media":221860,"template":"","meta":{"_acf_changed":false},"product_featured_cat":[],"product_brand":[3676],"product_cat":[4879],"product_tag":[],"class_list":{"0":"post-221328","1":"product","2":"type-product","3":"status-publish","4":"has-post-thumbnail","6":"product_brand-eza","7":"product_cat-kits-solaires","9":"first","10":"instock","11":"taxable","12":"shipping-taxable","13":"purchasable","14":"product-type-simple"},"acf":[],"yoast_head":"<!-- This site is optimized with the Yoast SEO plugin v27.4 - https:\/\/yoast.com\/product\/yoast-seo-wordpress\/ -->\n<title>Panneau solaire Full Black 200W + MPPT 20A - Bantam Wankm\u00fcller SA<\/title>\n<meta name=\"robots\" content=\"index, follow, max-snippet:-1, max-image-preview:large, max-video-preview:-1\" \/>\n<link rel=\"canonical\" href=\"https:\/\/shop.bantam.ch\/fr\/produit\/panneau-solaire-full-black-200w-mppt-20a\/\" \/>\n<meta property=\"og:locale\" content=\"fr_FR\" \/>\n<meta property=\"og:type\" content=\"article\" \/>\n<meta property=\"og:title\" content=\"Panneau solaire Full Black 200W + MPPT 20A - Bantam Wankm\u00fcller SA\" \/>\n<meta property=\"og:description\" content=\"D\u00e9couvrez la r\u00e9volution \u00e9nerg\u00e9tique avec la gamme de panneaux solaires EZA qui int\u00e8grent la technologie IBC pour un rendement maximal, une r\u00e9elle avanc\u00e9e technologique qui red\u00e9finit les normes de performance et d\u2019efficacit\u00e9 dans le domaine de l\u2019\u00e9nergie solaire. La technologie IBC (Interdigitated Back Contact) optimise la collecte de l\u2019\u00e9nergie solaire en faisant passer tous les [&hellip;]\" \/>\n<meta property=\"og:url\" content=\"https:\/\/shop.bantam.ch\/fr\/produit\/panneau-solaire-full-black-200w-mppt-20a\/\" \/>\n<meta property=\"og:site_name\" content=\"Bantam Wankm\u00fcller SA\" \/>\n<meta property=\"article:modified_time\" content=\"2026-04-19T21:40:31+00:00\" \/>\n<meta property=\"og:image\" content=\"https:\/\/shop.bantam.ch\/wp-content\/uploads\/2025\/08\/OIP3.jpg\" \/>\n\t<meta property=\"og:image:width\" content=\"474\" \/>\n\t<meta property=\"og:image:height\" content=\"474\" \/>\n\t<meta property=\"og:image:type\" content=\"image\/jpeg\" \/>\n<meta name=\"twitter:card\" content=\"summary_large_image\" \/>\n<meta name=\"twitter:label1\" content=\"Dur\u00e9e de lecture estim\u00e9e\" \/>\n\t<meta name=\"twitter:data1\" content=\"1 minute\" \/>\n<script type=\"application\/ld+json\" class=\"yoast-schema-graph\">{\"@context\":\"https:\\\/\\\/schema.org\",\"@graph\":[{\"@type\":\"WebPage\",\"@id\":\"https:\\\/\\\/shop.bantam.ch\\\/fr\\\/produit\\\/panneau-solaire-full-black-200w-mppt-20a\\\/\",\"url\":\"https:\\\/\\\/shop.bantam.ch\\\/fr\\\/produit\\\/panneau-solaire-full-black-200w-mppt-20a\\\/\",\"name\":\"Panneau solaire Full Black 200W + MPPT 20A - Bantam Wankm\u00fcller SA\",\"isPartOf\":{\"@id\":\"https:\\\/\\\/shop.bantam.ch\\\/fr\\\/#website\"},\"primaryImageOfPage\":{\"@id\":\"https:\\\/\\\/shop.bantam.ch\\\/fr\\\/produit\\\/panneau-solaire-full-black-200w-mppt-20a\\\/#primaryimage\"},\"image\":{\"@id\":\"https:\\\/\\\/shop.bantam.ch\\\/fr\\\/produit\\\/panneau-solaire-full-black-200w-mppt-20a\\\/#primaryimage\"},\"thumbnailUrl\":\"https:\\\/\\\/shop.bantam.ch\\\/wp-content\\\/uploads\\\/2025\\\/08\\\/OIP3.jpg\",\"datePublished\":\"2025-08-15T09:05:17+00:00\",\"dateModified\":\"2026-04-19T21:40:31+00:00\",\"breadcrumb\":{\"@id\":\"https:\\\/\\\/shop.bantam.ch\\\/fr\\\/produit\\\/panneau-solaire-full-black-200w-mppt-20a\\\/#breadcrumb\"},\"inLanguage\":\"fr-FR\",\"potentialAction\":[{\"@type\":\"ReadAction\",\"target\":[\"https:\\\/\\\/shop.bantam.ch\\\/fr\\\/produit\\\/panneau-solaire-full-black-200w-mppt-20a\\\/\"]}]},{\"@type\":\"ImageObject\",\"inLanguage\":\"fr-FR\",\"@id\":\"https:\\\/\\\/shop.bantam.ch\\\/fr\\\/produit\\\/panneau-solaire-full-black-200w-mppt-20a\\\/#primaryimage\",\"url\":\"https:\\\/\\\/shop.bantam.ch\\\/wp-content\\\/uploads\\\/2025\\\/08\\\/OIP3.jpg\",\"contentUrl\":\"https:\\\/\\\/shop.bantam.ch\\\/wp-content\\\/uploads\\\/2025\\\/08\\\/OIP3.jpg\",\"width\":474,\"height\":474},{\"@type\":\"BreadcrumbList\",\"@id\":\"https:\\\/\\\/shop.bantam.ch\\\/fr\\\/produit\\\/panneau-solaire-full-black-200w-mppt-20a\\\/#breadcrumb\",\"itemListElement\":[{\"@type\":\"ListItem\",\"position\":1,\"name\":\"Accueil\",\"item\":\"https:\\\/\\\/shop.bantam.ch\\\/fr\\\/\"},{\"@type\":\"ListItem\",\"position\":2,\"name\":\"Boutique\",\"item\":\"https:\\\/\\\/shop.bantam.ch\\\/fr\\\/boutique\\\/\"},{\"@type\":\"ListItem\",\"position\":3,\"name\":\"Panneau solaire Full Black 200W + MPPT 20A\"}]},{\"@type\":\"WebSite\",\"@id\":\"https:\\\/\\\/shop.bantam.ch\\\/fr\\\/#website\",\"url\":\"https:\\\/\\\/shop.bantam.ch\\\/fr\\\/\",\"name\":\"Bantam Wankm\u00fcller SA\",\"description\":\"\",\"publisher\":{\"@id\":\"https:\\\/\\\/shop.bantam.ch\\\/fr\\\/#organization\"},\"inLanguage\":\"fr-FR\"},{\"@type\":\"Organization\",\"@id\":\"https:\\\/\\\/shop.bantam.ch\\\/fr\\\/#organization\",\"name\":\"Bantam Wankm\u00fcller SA\",\"url\":\"https:\\\/\\\/shop.bantam.ch\\\/fr\\\/\",\"logo\":{\"@type\":\"ImageObject\",\"inLanguage\":\"fr-FR\",\"@id\":\"https:\\\/\\\/shop.bantam.ch\\\/fr\\\/#\\\/schema\\\/logo\\\/image\\\/\",\"url\":\"https:\\\/\\\/shop.bantam.ch\\\/wp-content\\\/uploads\\\/2022\\\/12\\\/bantam-logo.png\",\"contentUrl\":\"https:\\\/\\\/shop.bantam.ch\\\/wp-content\\\/uploads\\\/2022\\\/12\\\/bantam-logo.png\",\"width\":320,\"height\":71,\"caption\":\"Bantam Wankm\u00fcller SA\"},\"image\":{\"@id\":\"https:\\\/\\\/shop.bantam.ch\\\/fr\\\/#\\\/schema\\\/logo\\\/image\\\/\"}}]}<\/script>\n<!-- \/ Yoast SEO plugin. -->","yoast_head_json":{"title":"Panneau solaire Full Black 200W + MPPT 20A - Bantam Wankm\u00fcller SA","robots":{"index":"index","follow":"follow","max-snippet":"max-snippet:-1","max-image-preview":"max-image-preview:large","max-video-preview":"max-video-preview:-1"},"canonical":"https:\/\/shop.bantam.ch\/fr\/produit\/panneau-solaire-full-black-200w-mppt-20a\/","og_locale":"fr_FR","og_type":"article","og_title":"Panneau solaire Full Black 200W + MPPT 20A - Bantam Wankm\u00fcller SA","og_description":"D\u00e9couvrez la r\u00e9volution \u00e9nerg\u00e9tique avec la gamme de panneaux solaires EZA qui int\u00e8grent la technologie IBC pour un rendement maximal, une r\u00e9elle avanc\u00e9e technologique qui red\u00e9finit les normes de performance et d\u2019efficacit\u00e9 dans le domaine de l\u2019\u00e9nergie solaire. La technologie IBC (Interdigitated Back Contact) optimise la collecte de l\u2019\u00e9nergie solaire en faisant passer tous les [&hellip;]","og_url":"https:\/\/shop.bantam.ch\/fr\/produit\/panneau-solaire-full-black-200w-mppt-20a\/","og_site_name":"Bantam Wankm\u00fcller SA","article_modified_time":"2026-04-19T21:40:31+00:00","og_image":[{"width":474,"height":474,"url":"https:\/\/shop.bantam.ch\/wp-content\/uploads\/2025\/08\/OIP3.jpg","type":"image\/jpeg"}],"twitter_card":"summary_large_image","twitter_misc":{"Dur\u00e9e de lecture estim\u00e9e":"1 minute"},"schema":{"@context":"https:\/\/schema.org","@graph":[{"@type":"WebPage","@id":"https:\/\/shop.bantam.ch\/fr\/produit\/panneau-solaire-full-black-200w-mppt-20a\/","url":"https:\/\/shop.bantam.ch\/fr\/produit\/panneau-solaire-full-black-200w-mppt-20a\/","name":"Panneau solaire Full Black 200W + MPPT 20A - Bantam Wankm\u00fcller SA","isPartOf":{"@id":"https:\/\/shop.bantam.ch\/fr\/#website"},"primaryImageOfPage":{"@id":"https:\/\/shop.bantam.ch\/fr\/produit\/panneau-solaire-full-black-200w-mppt-20a\/#primaryimage"},"image":{"@id":"https:\/\/shop.bantam.ch\/fr\/produit\/panneau-solaire-full-black-200w-mppt-20a\/#primaryimage"},"thumbnailUrl":"https:\/\/shop.bantam.ch\/wp-content\/uploads\/2025\/08\/OIP3.jpg","datePublished":"2025-08-15T09:05:17+00:00","dateModified":"2026-04-19T21:40:31+00:00","breadcrumb":{"@id":"https:\/\/shop.bantam.ch\/fr\/produit\/panneau-solaire-full-black-200w-mppt-20a\/#breadcrumb"},"inLanguage":"fr-FR","potentialAction":[{"@type":"ReadAction","target":["https:\/\/shop.bantam.ch\/fr\/produit\/panneau-solaire-full-black-200w-mppt-20a\/"]}]},{"@type":"ImageObject","inLanguage":"fr-FR","@id":"https:\/\/shop.bantam.ch\/fr\/produit\/panneau-solaire-full-black-200w-mppt-20a\/#primaryimage","url":"https:\/\/shop.bantam.ch\/wp-content\/uploads\/2025\/08\/OIP3.jpg","contentUrl":"https:\/\/shop.bantam.ch\/wp-content\/uploads\/2025\/08\/OIP3.jpg","width":474,"height":474},{"@type":"BreadcrumbList","@id":"https:\/\/shop.bantam.ch\/fr\/produit\/panneau-solaire-full-black-200w-mppt-20a\/#breadcrumb","itemListElement":[{"@type":"ListItem","position":1,"name":"Accueil","item":"https:\/\/shop.bantam.ch\/fr\/"},{"@type":"ListItem","position":2,"name":"Boutique","item":"https:\/\/shop.bantam.ch\/fr\/boutique\/"},{"@type":"ListItem","position":3,"name":"Panneau solaire Full Black 200W + MPPT 20A"}]},{"@type":"WebSite","@id":"https:\/\/shop.bantam.ch\/fr\/#website","url":"https:\/\/shop.bantam.ch\/fr\/","name":"Bantam Wankm\u00fcller SA","description":"","publisher":{"@id":"https:\/\/shop.bantam.ch\/fr\/#organization"},"inLanguage":"fr-FR"},{"@type":"Organization","@id":"https:\/\/shop.bantam.ch\/fr\/#organization","name":"Bantam Wankm\u00fcller SA","url":"https:\/\/shop.bantam.ch\/fr\/","logo":{"@type":"ImageObject","inLanguage":"fr-FR","@id":"https:\/\/shop.bantam.ch\/fr\/#\/schema\/logo\/image\/","url":"https:\/\/shop.bantam.ch\/wp-content\/uploads\/2022\/12\/bantam-logo.png","contentUrl":"https:\/\/shop.bantam.ch\/wp-content\/uploads\/2022\/12\/bantam-logo.png","width":320,"height":71,"caption":"Bantam Wankm\u00fcller SA"},"image":{"@id":"https:\/\/shop.bantam.ch\/fr\/#\/schema\/logo\/image\/"}}]}},"_links":{"self":[{"href":"https:\/\/shop.bantam.ch\/fr\/wp-json\/wp\/v2\/product\/221328","targetHints":{"allow":["GET"]}}],"collection":[{"href":"https:\/\/shop.bantam.ch\/fr\/wp-json\/wp\/v2\/product"}],"about":[{"href":"https:\/\/shop.bantam.ch\/fr\/wp-json\/wp\/v2\/types\/product"}],"wp:featuredmedia":[{"embeddable":true,"href":"https:\/\/shop.bantam.ch\/fr\/wp-json\/wp\/v2\/media\/221860"}],"wp:attachment":[{"href":"https:\/\/shop.bantam.ch\/fr\/wp-json\/wp\/v2\/media?parent=221328"}],"wp:term":[{"taxonomy":"product_featured_cat","embeddable":true,"href":"https:\/\/shop.bantam.ch\/fr\/wp-json\/wp\/v2\/product_featured_cat?post=221328"},{"taxonomy":"product_brand","embeddable":true,"href":"https:\/\/shop.bantam.ch\/fr\/wp-json\/wp\/v2\/product_brand?post=221328"},{"taxonomy":"product_cat","embeddable":true,"href":"https:\/\/shop.bantam.ch\/fr\/wp-json\/wp\/v2\/product_cat?post=221328"},{"taxonomy":"product_tag","embeddable":true,"href":"https:\/\/shop.bantam.ch\/fr\/wp-json\/wp\/v2\/product_tag?post=221328"}],"curies":[{"name":"wp","href":"https:\/\/api.w.org\/{rel}","templated":true}]}}