{"id":221265,"date":"2025-08-14T10:52:12","date_gmt":"2025-08-14T08:52:12","guid":{"rendered":"https:\/\/shop.bantam.ch\/produit\/glaciere-a-compression-blizz-e-dual\/"},"modified":"2026-04-20T02:20:28","modified_gmt":"2026-04-20T00:20:28","slug":"glaciere-a-compression-blizz-e-dual","status":"publish","type":"product","link":"https:\/\/shop.bantam.ch\/fr\/produit\/glaciere-a-compression-blizz-e-dual\/","title":{"rendered":"Glaci\u00e8re \u00e0 compression Blizz-E Dual"},"content":{"rendered":"<p>La glaci\u00e8re multi-compartiments ultime. La glaci\u00e8re BLIZZ-E DUAL est sp\u00e9cialement con\u00e7ue pour les utilisateurs exigeants qui ont besoin de r\u00e9frig\u00e9rer et congeler en m\u00eame temps. Gr\u00e2ce \u00e0 ses deux zones ind\u00e9pendantes, chacune avec sa propre porte, vous pouvez g\u00e9rer la temp\u00e9rature de chaque compartiment s\u00e9par\u00e9ment, offrant une grande flexibilit\u00e9 pour stocker divers types d\u2019aliments. Vous b\u00e9n\u00e9ficiez ainsi d\u2019un contr\u00f4le optimal sur vos provisions, m\u00eame en plein air. Contr\u00f4le \u00e0 distance et facilit\u00e9 d\u2019utilisation. La glaci\u00e8re BLIZZ-E DUAL est \u00e9quip\u00e9e d\u2019une connectivit\u00e9 Bluetooth, ce qui vous permet de la contr\u00f4ler \u00e0 distance via l\u2019application \u00ab Car fridge freezer \u00bb. Cette application intuitive vous permet de surveiller en temps r\u00e9el la temp\u00e9rature de chaque compartiment, de r\u00e9gler ces derni\u00e8res, d\u2019activer le mode \u00c9co ou encore de verrouiller les param\u00e8tres pour \u00e9viter toute mauvaise manipulation. En plus de cela, un port USB est int\u00e9gr\u00e9 pour recharger de petits appareils, comme votre smartphone. Pr\u00eate pour toutes vos aventures. Avec ses tailles g\u00e9n\u00e9reuses (31,3 et 39 litres), la BLIZZ-E DUAL offre un espace de stockage important tout en restant facile \u00e0 transporter. Elle est dot\u00e9e d\u2019un bouchon de vidange pour un nettoyage rapide, et propose de nombreux accessoires en option, tels que des paniers de rangement ou des bacs \u00e0 gla\u00e7ons, pour r\u00e9pondre \u00e0 toutes vos exigences.<\/p>\n","protected":false},"excerpt":{"rendered":"<p>La glaci\u00e8re multi-compartiments ultime. La glaci\u00e8re BLIZZ-E DUAL est sp\u00e9cialement con\u00e7ue pour les utilisateurs exigeants qui ont besoin de r\u00e9frig\u00e9rer et congeler en m\u00eame temps. Gr\u00e2ce \u00e0 ses deux zones ind\u00e9pendantes, chacune avec sa propre porte, vous pouvez g\u00e9rer la temp\u00e9rature de chaque compartiment s\u00e9par\u00e9ment, offrant une grande flexibilit\u00e9 pour stocker divers types d\u2019aliments. Vous [&hellip;]<\/p>\n","protected":false},"featured_media":221290,"template":"","meta":{"_acf_changed":false},"product_featured_cat":[],"product_brand":[3676],"product_cat":[4545],"product_tag":[],"class_list":{"0":"post-221265","1":"product","2":"type-product","3":"status-publish","4":"has-post-thumbnail","6":"product_brand-eza","7":"product_cat-glacieres-a-compression","9":"first","10":"instock","11":"taxable","12":"shipping-taxable","13":"purchasable","14":"product-type-variable"},"acf":[],"yoast_head":"<!-- This site is optimized with the Yoast SEO plugin v27.4 - https:\/\/yoast.com\/product\/yoast-seo-wordpress\/ -->\n<title>Glaci\u00e8re \u00e0 compression Blizz-E Dual - Bantam Wankm\u00fcller SA<\/title>\n<meta name=\"robots\" content=\"index, follow, max-snippet:-1, max-image-preview:large, max-video-preview:-1\" \/>\n<link rel=\"canonical\" href=\"https:\/\/shop.bantam.ch\/fr\/produit\/glaciere-a-compression-blizz-e-dual\/\" \/>\n<meta property=\"og:locale\" content=\"fr_FR\" \/>\n<meta property=\"og:type\" content=\"article\" \/>\n<meta property=\"og:title\" content=\"Glaci\u00e8re \u00e0 compression Blizz-E Dual - Bantam Wankm\u00fcller SA\" \/>\n<meta property=\"og:description\" content=\"La glaci\u00e8re multi-compartiments ultime. La glaci\u00e8re BLIZZ-E DUAL est sp\u00e9cialement con\u00e7ue pour les utilisateurs exigeants qui ont besoin de r\u00e9frig\u00e9rer et congeler en m\u00eame temps. Gr\u00e2ce \u00e0 ses deux zones ind\u00e9pendantes, chacune avec sa propre porte, vous pouvez g\u00e9rer la temp\u00e9rature de chaque compartiment s\u00e9par\u00e9ment, offrant une grande flexibilit\u00e9 pour stocker divers types d\u2019aliments. Vous [&hellip;]\" \/>\n<meta property=\"og:url\" content=\"https:\/\/shop.bantam.ch\/fr\/produit\/glaciere-a-compression-blizz-e-dual\/\" \/>\n<meta property=\"og:site_name\" content=\"Bantam Wankm\u00fcller SA\" \/>\n<meta property=\"article:modified_time\" content=\"2026-04-20T00:20:28+00:00\" \/>\n<meta property=\"og:image\" content=\"https:\/\/shop.bantam.ch\/wp-content\/uploads\/2025\/08\/P974414-S3-300x267-1.jpg\" \/>\n\t<meta property=\"og:image:width\" content=\"300\" \/>\n\t<meta property=\"og:image:height\" content=\"267\" \/>\n\t<meta property=\"og:image:type\" content=\"image\/jpeg\" \/>\n<meta name=\"twitter:card\" content=\"summary_large_image\" \/>\n<meta name=\"twitter:label1\" content=\"Dur\u00e9e de lecture estim\u00e9e\" \/>\n\t<meta name=\"twitter:data1\" content=\"1 minute\" \/>\n<script type=\"application\/ld+json\" class=\"yoast-schema-graph\">{\"@context\":\"https:\\\/\\\/schema.org\",\"@graph\":[{\"@type\":\"WebPage\",\"@id\":\"https:\\\/\\\/shop.bantam.ch\\\/fr\\\/produit\\\/glaciere-a-compression-blizz-e-dual\\\/\",\"url\":\"https:\\\/\\\/shop.bantam.ch\\\/fr\\\/produit\\\/glaciere-a-compression-blizz-e-dual\\\/\",\"name\":\"Glaci\u00e8re \u00e0 compression Blizz-E Dual - Bantam Wankm\u00fcller SA\",\"isPartOf\":{\"@id\":\"https:\\\/\\\/shop.bantam.ch\\\/fr\\\/#website\"},\"primaryImageOfPage\":{\"@id\":\"https:\\\/\\\/shop.bantam.ch\\\/fr\\\/produit\\\/glaciere-a-compression-blizz-e-dual\\\/#primaryimage\"},\"image\":{\"@id\":\"https:\\\/\\\/shop.bantam.ch\\\/fr\\\/produit\\\/glaciere-a-compression-blizz-e-dual\\\/#primaryimage\"},\"thumbnailUrl\":\"https:\\\/\\\/shop.bantam.ch\\\/wp-content\\\/uploads\\\/2025\\\/08\\\/P974414-S3-300x267-1.jpg\",\"datePublished\":\"2025-08-14T08:52:12+00:00\",\"dateModified\":\"2026-04-20T00:20:28+00:00\",\"breadcrumb\":{\"@id\":\"https:\\\/\\\/shop.bantam.ch\\\/fr\\\/produit\\\/glaciere-a-compression-blizz-e-dual\\\/#breadcrumb\"},\"inLanguage\":\"fr-FR\",\"potentialAction\":[{\"@type\":\"ReadAction\",\"target\":[\"https:\\\/\\\/shop.bantam.ch\\\/fr\\\/produit\\\/glaciere-a-compression-blizz-e-dual\\\/\"]}]},{\"@type\":\"ImageObject\",\"inLanguage\":\"fr-FR\",\"@id\":\"https:\\\/\\\/shop.bantam.ch\\\/fr\\\/produit\\\/glaciere-a-compression-blizz-e-dual\\\/#primaryimage\",\"url\":\"https:\\\/\\\/shop.bantam.ch\\\/wp-content\\\/uploads\\\/2025\\\/08\\\/P974414-S3-300x267-1.jpg\",\"contentUrl\":\"https:\\\/\\\/shop.bantam.ch\\\/wp-content\\\/uploads\\\/2025\\\/08\\\/P974414-S3-300x267-1.jpg\",\"width\":300,\"height\":267},{\"@type\":\"BreadcrumbList\",\"@id\":\"https:\\\/\\\/shop.bantam.ch\\\/fr\\\/produit\\\/glaciere-a-compression-blizz-e-dual\\\/#breadcrumb\",\"itemListElement\":[{\"@type\":\"ListItem\",\"position\":1,\"name\":\"Accueil\",\"item\":\"https:\\\/\\\/shop.bantam.ch\\\/fr\\\/\"},{\"@type\":\"ListItem\",\"position\":2,\"name\":\"Boutique\",\"item\":\"https:\\\/\\\/shop.bantam.ch\\\/fr\\\/boutique\\\/\"},{\"@type\":\"ListItem\",\"position\":3,\"name\":\"Glaci\u00e8re \u00e0 compression Blizz-E Dual\"}]},{\"@type\":\"WebSite\",\"@id\":\"https:\\\/\\\/shop.bantam.ch\\\/fr\\\/#website\",\"url\":\"https:\\\/\\\/shop.bantam.ch\\\/fr\\\/\",\"name\":\"Bantam Wankm\u00fcller SA\",\"description\":\"\",\"publisher\":{\"@id\":\"https:\\\/\\\/shop.bantam.ch\\\/fr\\\/#organization\"},\"inLanguage\":\"fr-FR\"},{\"@type\":\"Organization\",\"@id\":\"https:\\\/\\\/shop.bantam.ch\\\/fr\\\/#organization\",\"name\":\"Bantam Wankm\u00fcller SA\",\"url\":\"https:\\\/\\\/shop.bantam.ch\\\/fr\\\/\",\"logo\":{\"@type\":\"ImageObject\",\"inLanguage\":\"fr-FR\",\"@id\":\"https:\\\/\\\/shop.bantam.ch\\\/fr\\\/#\\\/schema\\\/logo\\\/image\\\/\",\"url\":\"https:\\\/\\\/shop.bantam.ch\\\/wp-content\\\/uploads\\\/2022\\\/12\\\/bantam-logo.png\",\"contentUrl\":\"https:\\\/\\\/shop.bantam.ch\\\/wp-content\\\/uploads\\\/2022\\\/12\\\/bantam-logo.png\",\"width\":320,\"height\":71,\"caption\":\"Bantam Wankm\u00fcller SA\"},\"image\":{\"@id\":\"https:\\\/\\\/shop.bantam.ch\\\/fr\\\/#\\\/schema\\\/logo\\\/image\\\/\"}}]}<\/script>\n<!-- \/ Yoast SEO plugin. -->","yoast_head_json":{"title":"Glaci\u00e8re \u00e0 compression Blizz-E Dual - Bantam Wankm\u00fcller SA","robots":{"index":"index","follow":"follow","max-snippet":"max-snippet:-1","max-image-preview":"max-image-preview:large","max-video-preview":"max-video-preview:-1"},"canonical":"https:\/\/shop.bantam.ch\/fr\/produit\/glaciere-a-compression-blizz-e-dual\/","og_locale":"fr_FR","og_type":"article","og_title":"Glaci\u00e8re \u00e0 compression Blizz-E Dual - Bantam Wankm\u00fcller SA","og_description":"La glaci\u00e8re multi-compartiments ultime. La glaci\u00e8re BLIZZ-E DUAL est sp\u00e9cialement con\u00e7ue pour les utilisateurs exigeants qui ont besoin de r\u00e9frig\u00e9rer et congeler en m\u00eame temps. Gr\u00e2ce \u00e0 ses deux zones ind\u00e9pendantes, chacune avec sa propre porte, vous pouvez g\u00e9rer la temp\u00e9rature de chaque compartiment s\u00e9par\u00e9ment, offrant une grande flexibilit\u00e9 pour stocker divers types d\u2019aliments. Vous [&hellip;]","og_url":"https:\/\/shop.bantam.ch\/fr\/produit\/glaciere-a-compression-blizz-e-dual\/","og_site_name":"Bantam Wankm\u00fcller SA","article_modified_time":"2026-04-20T00:20:28+00:00","og_image":[{"width":300,"height":267,"url":"https:\/\/shop.bantam.ch\/wp-content\/uploads\/2025\/08\/P974414-S3-300x267-1.jpg","type":"image\/jpeg"}],"twitter_card":"summary_large_image","twitter_misc":{"Dur\u00e9e de lecture estim\u00e9e":"1 minute"},"schema":{"@context":"https:\/\/schema.org","@graph":[{"@type":"WebPage","@id":"https:\/\/shop.bantam.ch\/fr\/produit\/glaciere-a-compression-blizz-e-dual\/","url":"https:\/\/shop.bantam.ch\/fr\/produit\/glaciere-a-compression-blizz-e-dual\/","name":"Glaci\u00e8re \u00e0 compression Blizz-E Dual - Bantam Wankm\u00fcller SA","isPartOf":{"@id":"https:\/\/shop.bantam.ch\/fr\/#website"},"primaryImageOfPage":{"@id":"https:\/\/shop.bantam.ch\/fr\/produit\/glaciere-a-compression-blizz-e-dual\/#primaryimage"},"image":{"@id":"https:\/\/shop.bantam.ch\/fr\/produit\/glaciere-a-compression-blizz-e-dual\/#primaryimage"},"thumbnailUrl":"https:\/\/shop.bantam.ch\/wp-content\/uploads\/2025\/08\/P974414-S3-300x267-1.jpg","datePublished":"2025-08-14T08:52:12+00:00","dateModified":"2026-04-20T00:20:28+00:00","breadcrumb":{"@id":"https:\/\/shop.bantam.ch\/fr\/produit\/glaciere-a-compression-blizz-e-dual\/#breadcrumb"},"inLanguage":"fr-FR","potentialAction":[{"@type":"ReadAction","target":["https:\/\/shop.bantam.ch\/fr\/produit\/glaciere-a-compression-blizz-e-dual\/"]}]},{"@type":"ImageObject","inLanguage":"fr-FR","@id":"https:\/\/shop.bantam.ch\/fr\/produit\/glaciere-a-compression-blizz-e-dual\/#primaryimage","url":"https:\/\/shop.bantam.ch\/wp-content\/uploads\/2025\/08\/P974414-S3-300x267-1.jpg","contentUrl":"https:\/\/shop.bantam.ch\/wp-content\/uploads\/2025\/08\/P974414-S3-300x267-1.jpg","width":300,"height":267},{"@type":"BreadcrumbList","@id":"https:\/\/shop.bantam.ch\/fr\/produit\/glaciere-a-compression-blizz-e-dual\/#breadcrumb","itemListElement":[{"@type":"ListItem","position":1,"name":"Accueil","item":"https:\/\/shop.bantam.ch\/fr\/"},{"@type":"ListItem","position":2,"name":"Boutique","item":"https:\/\/shop.bantam.ch\/fr\/boutique\/"},{"@type":"ListItem","position":3,"name":"Glaci\u00e8re \u00e0 compression Blizz-E Dual"}]},{"@type":"WebSite","@id":"https:\/\/shop.bantam.ch\/fr\/#website","url":"https:\/\/shop.bantam.ch\/fr\/","name":"Bantam Wankm\u00fcller SA","description":"","publisher":{"@id":"https:\/\/shop.bantam.ch\/fr\/#organization"},"inLanguage":"fr-FR"},{"@type":"Organization","@id":"https:\/\/shop.bantam.ch\/fr\/#organization","name":"Bantam Wankm\u00fcller SA","url":"https:\/\/shop.bantam.ch\/fr\/","logo":{"@type":"ImageObject","inLanguage":"fr-FR","@id":"https:\/\/shop.bantam.ch\/fr\/#\/schema\/logo\/image\/","url":"https:\/\/shop.bantam.ch\/wp-content\/uploads\/2022\/12\/bantam-logo.png","contentUrl":"https:\/\/shop.bantam.ch\/wp-content\/uploads\/2022\/12\/bantam-logo.png","width":320,"height":71,"caption":"Bantam Wankm\u00fcller SA"},"image":{"@id":"https:\/\/shop.bantam.ch\/fr\/#\/schema\/logo\/image\/"}}]}},"_links":{"self":[{"href":"https:\/\/shop.bantam.ch\/fr\/wp-json\/wp\/v2\/product\/221265","targetHints":{"allow":["GET"]}}],"collection":[{"href":"https:\/\/shop.bantam.ch\/fr\/wp-json\/wp\/v2\/product"}],"about":[{"href":"https:\/\/shop.bantam.ch\/fr\/wp-json\/wp\/v2\/types\/product"}],"wp:featuredmedia":[{"embeddable":true,"href":"https:\/\/shop.bantam.ch\/fr\/wp-json\/wp\/v2\/media\/221290"}],"wp:attachment":[{"href":"https:\/\/shop.bantam.ch\/fr\/wp-json\/wp\/v2\/media?parent=221265"}],"wp:term":[{"taxonomy":"product_featured_cat","embeddable":true,"href":"https:\/\/shop.bantam.ch\/fr\/wp-json\/wp\/v2\/product_featured_cat?post=221265"},{"taxonomy":"product_brand","embeddable":true,"href":"https:\/\/shop.bantam.ch\/fr\/wp-json\/wp\/v2\/product_brand?post=221265"},{"taxonomy":"product_cat","embeddable":true,"href":"https:\/\/shop.bantam.ch\/fr\/wp-json\/wp\/v2\/product_cat?post=221265"},{"taxonomy":"product_tag","embeddable":true,"href":"https:\/\/shop.bantam.ch\/fr\/wp-json\/wp\/v2\/product_tag?post=221265"}],"curies":[{"name":"wp","href":"https:\/\/api.w.org\/{rel}","templated":true}]}}