{"id":221255,"date":"2025-08-14T10:45:34","date_gmt":"2025-08-14T08:45:34","guid":{"rendered":"https:\/\/shop.bantam.ch\/produit\/glaciere-a-compression-blizz-e-one\/"},"modified":"2026-04-20T02:20:20","modified_gmt":"2026-04-20T00:20:20","slug":"glaciere-a-compression-blizz-e-one","status":"publish","type":"product","link":"https:\/\/shop.bantam.ch\/fr\/produit\/glaciere-a-compression-blizz-e-one\/","title":{"rendered":"Glaci\u00e8re \u00e0 compression Blizz-E One"},"content":{"rendered":"<p>Un compagnon indispensable pour vos voyages. La glaci\u00e8re BLIZZ-E ONE est con\u00e7ue pour les voyageurs en qu\u00eate de simplicit\u00e9 et d\u2019efficacit\u00e9. Cette glaci\u00e8re \u00e0 compression, \u00e9quip\u00e9e de la technologie la plus moderne, assure une temp\u00e9rature stable, ind\u00e9pendamment de l\u2019ext\u00e9rieur. Son fonctionnement en 12V ou 220V (en option) permet une utilisation dans tous vos v\u00e9hicules de loisirs, sous une tente, \u00e0 la plage ou m\u00eame dans votre jardin. Avec une plage de temp\u00e9rature ajustable de -20\u00b0C \u00e0 +20\u00b0C, elle permet non seulement de r\u00e9frig\u00e9rer, mais aussi de congeler vos aliments, garantissant leur fra\u00eecheur tout au long de vos d\u00e9placements. Plusieurs tailles pour r\u00e9pondre \u00e0 vos besoins. Disponible en 9, 11, 26,8 et 35,3 litres, la glaci\u00e8re BLIZZ-E ONE s\u2019adapte \u00e0 toutes vos sorties, des week-ends en camping aux longues aventures sur la route. Les plus grands mod\u00e8les (26,8 et 35,3 litres) sont \u00e9quip\u00e9s d\u2019un bouchon de vidange int\u00e9gr\u00e9 pour faciliter le nettoyage, ainsi que d\u2019un \u00e9clairage int\u00e9rieur pour un acc\u00e8s simplifi\u00e9, m\u00eame de nuit. Un s\u00e9parateur en m\u00e9tal inclus dans ces mod\u00e8les plus volumineux permet de mieux organiser vos provisions. Performance et praticit\u00e9 r\u00e9unies. Gr\u00e2ce \u00e0 ses deux modes de fonctionnement, \u00ab  \u00bbFast mode \u00bb \u00bb et \u00ab  \u00bb\u00c9co mode \u00bb \u00bb, la BLIZZ-E ONE vous permet de choisir entre une performance maximale pour refroidir rapidement vos aliments ou une \u00e9conomie d\u2019\u00e9nergie pour prolonger son utilisation. Son \u00e9cran LED intuitif facilite la gestion de la temp\u00e9rature, vous assurant un contr\u00f4le pr\u00e9cis et sans effort.<\/p>\n","protected":false},"excerpt":{"rendered":"<p>Un compagnon indispensable pour vos voyages. La glaci\u00e8re BLIZZ-E ONE est con\u00e7ue pour les voyageurs en qu\u00eate de simplicit\u00e9 et d\u2019efficacit\u00e9. Cette glaci\u00e8re \u00e0 compression, \u00e9quip\u00e9e de la technologie la plus moderne, assure une temp\u00e9rature stable, ind\u00e9pendamment de l\u2019ext\u00e9rieur. Son fonctionnement en 12V ou 220V (en option) permet une utilisation dans tous vos v\u00e9hicules de [&hellip;]<\/p>\n","protected":false},"featured_media":221282,"template":"","meta":{"_acf_changed":false},"product_featured_cat":[],"product_brand":[3676],"product_cat":[4545],"product_tag":[],"class_list":{"0":"post-221255","1":"product","2":"type-product","3":"status-publish","4":"has-post-thumbnail","6":"product_brand-eza","7":"product_cat-glacieres-a-compression","9":"first","10":"instock","11":"taxable","12":"shipping-taxable","13":"purchasable","14":"product-type-variable"},"acf":[],"yoast_head":"<!-- This site is optimized with the Yoast SEO plugin v27.4 - https:\/\/yoast.com\/product\/yoast-seo-wordpress\/ -->\n<title>Glaci\u00e8re \u00e0 compression Blizz-E One - Bantam Wankm\u00fcller SA<\/title>\n<meta name=\"robots\" content=\"index, follow, max-snippet:-1, max-image-preview:large, max-video-preview:-1\" \/>\n<link rel=\"canonical\" href=\"https:\/\/shop.bantam.ch\/fr\/produit\/glaciere-a-compression-blizz-e-one\/\" \/>\n<meta property=\"og:locale\" content=\"fr_FR\" \/>\n<meta property=\"og:type\" content=\"article\" \/>\n<meta property=\"og:title\" content=\"Glaci\u00e8re \u00e0 compression Blizz-E One - Bantam Wankm\u00fcller SA\" \/>\n<meta property=\"og:description\" content=\"Un compagnon indispensable pour vos voyages. La glaci\u00e8re BLIZZ-E ONE est con\u00e7ue pour les voyageurs en qu\u00eate de simplicit\u00e9 et d\u2019efficacit\u00e9. Cette glaci\u00e8re \u00e0 compression, \u00e9quip\u00e9e de la technologie la plus moderne, assure une temp\u00e9rature stable, ind\u00e9pendamment de l\u2019ext\u00e9rieur. Son fonctionnement en 12V ou 220V (en option) permet une utilisation dans tous vos v\u00e9hicules de [&hellip;]\" \/>\n<meta property=\"og:url\" content=\"https:\/\/shop.bantam.ch\/fr\/produit\/glaciere-a-compression-blizz-e-one\/\" \/>\n<meta property=\"og:site_name\" content=\"Bantam Wankm\u00fcller SA\" \/>\n<meta property=\"article:modified_time\" content=\"2026-04-20T00:20:20+00:00\" \/>\n<meta property=\"og:image\" content=\"https:\/\/shop.bantam.ch\/wp-content\/uploads\/2025\/08\/522500-PA-300x239-1.jpg\" \/>\n\t<meta property=\"og:image:width\" content=\"300\" \/>\n\t<meta property=\"og:image:height\" content=\"239\" \/>\n\t<meta property=\"og:image:type\" content=\"image\/jpeg\" \/>\n<meta name=\"twitter:card\" content=\"summary_large_image\" \/>\n<meta name=\"twitter:label1\" content=\"Dur\u00e9e de lecture estim\u00e9e\" \/>\n\t<meta name=\"twitter:data1\" content=\"1 minute\" \/>\n<script type=\"application\/ld+json\" class=\"yoast-schema-graph\">{\"@context\":\"https:\\\/\\\/schema.org\",\"@graph\":[{\"@type\":\"WebPage\",\"@id\":\"https:\\\/\\\/shop.bantam.ch\\\/fr\\\/produit\\\/glaciere-a-compression-blizz-e-one\\\/\",\"url\":\"https:\\\/\\\/shop.bantam.ch\\\/fr\\\/produit\\\/glaciere-a-compression-blizz-e-one\\\/\",\"name\":\"Glaci\u00e8re \u00e0 compression Blizz-E One - Bantam Wankm\u00fcller SA\",\"isPartOf\":{\"@id\":\"https:\\\/\\\/shop.bantam.ch\\\/fr\\\/#website\"},\"primaryImageOfPage\":{\"@id\":\"https:\\\/\\\/shop.bantam.ch\\\/fr\\\/produit\\\/glaciere-a-compression-blizz-e-one\\\/#primaryimage\"},\"image\":{\"@id\":\"https:\\\/\\\/shop.bantam.ch\\\/fr\\\/produit\\\/glaciere-a-compression-blizz-e-one\\\/#primaryimage\"},\"thumbnailUrl\":\"https:\\\/\\\/shop.bantam.ch\\\/wp-content\\\/uploads\\\/2025\\\/08\\\/522500-PA-300x239-1.jpg\",\"datePublished\":\"2025-08-14T08:45:34+00:00\",\"dateModified\":\"2026-04-20T00:20:20+00:00\",\"breadcrumb\":{\"@id\":\"https:\\\/\\\/shop.bantam.ch\\\/fr\\\/produit\\\/glaciere-a-compression-blizz-e-one\\\/#breadcrumb\"},\"inLanguage\":\"fr-FR\",\"potentialAction\":[{\"@type\":\"ReadAction\",\"target\":[\"https:\\\/\\\/shop.bantam.ch\\\/fr\\\/produit\\\/glaciere-a-compression-blizz-e-one\\\/\"]}]},{\"@type\":\"ImageObject\",\"inLanguage\":\"fr-FR\",\"@id\":\"https:\\\/\\\/shop.bantam.ch\\\/fr\\\/produit\\\/glaciere-a-compression-blizz-e-one\\\/#primaryimage\",\"url\":\"https:\\\/\\\/shop.bantam.ch\\\/wp-content\\\/uploads\\\/2025\\\/08\\\/522500-PA-300x239-1.jpg\",\"contentUrl\":\"https:\\\/\\\/shop.bantam.ch\\\/wp-content\\\/uploads\\\/2025\\\/08\\\/522500-PA-300x239-1.jpg\",\"width\":300,\"height\":239},{\"@type\":\"BreadcrumbList\",\"@id\":\"https:\\\/\\\/shop.bantam.ch\\\/fr\\\/produit\\\/glaciere-a-compression-blizz-e-one\\\/#breadcrumb\",\"itemListElement\":[{\"@type\":\"ListItem\",\"position\":1,\"name\":\"Accueil\",\"item\":\"https:\\\/\\\/shop.bantam.ch\\\/fr\\\/\"},{\"@type\":\"ListItem\",\"position\":2,\"name\":\"Boutique\",\"item\":\"https:\\\/\\\/shop.bantam.ch\\\/fr\\\/boutique\\\/\"},{\"@type\":\"ListItem\",\"position\":3,\"name\":\"Glaci\u00e8re \u00e0 compression Blizz-E One\"}]},{\"@type\":\"WebSite\",\"@id\":\"https:\\\/\\\/shop.bantam.ch\\\/fr\\\/#website\",\"url\":\"https:\\\/\\\/shop.bantam.ch\\\/fr\\\/\",\"name\":\"Bantam Wankm\u00fcller SA\",\"description\":\"\",\"publisher\":{\"@id\":\"https:\\\/\\\/shop.bantam.ch\\\/fr\\\/#organization\"},\"inLanguage\":\"fr-FR\"},{\"@type\":\"Organization\",\"@id\":\"https:\\\/\\\/shop.bantam.ch\\\/fr\\\/#organization\",\"name\":\"Bantam Wankm\u00fcller SA\",\"url\":\"https:\\\/\\\/shop.bantam.ch\\\/fr\\\/\",\"logo\":{\"@type\":\"ImageObject\",\"inLanguage\":\"fr-FR\",\"@id\":\"https:\\\/\\\/shop.bantam.ch\\\/fr\\\/#\\\/schema\\\/logo\\\/image\\\/\",\"url\":\"https:\\\/\\\/shop.bantam.ch\\\/wp-content\\\/uploads\\\/2022\\\/12\\\/bantam-logo.png\",\"contentUrl\":\"https:\\\/\\\/shop.bantam.ch\\\/wp-content\\\/uploads\\\/2022\\\/12\\\/bantam-logo.png\",\"width\":320,\"height\":71,\"caption\":\"Bantam Wankm\u00fcller SA\"},\"image\":{\"@id\":\"https:\\\/\\\/shop.bantam.ch\\\/fr\\\/#\\\/schema\\\/logo\\\/image\\\/\"}}]}<\/script>\n<!-- \/ Yoast SEO plugin. -->","yoast_head_json":{"title":"Glaci\u00e8re \u00e0 compression Blizz-E One - Bantam Wankm\u00fcller SA","robots":{"index":"index","follow":"follow","max-snippet":"max-snippet:-1","max-image-preview":"max-image-preview:large","max-video-preview":"max-video-preview:-1"},"canonical":"https:\/\/shop.bantam.ch\/fr\/produit\/glaciere-a-compression-blizz-e-one\/","og_locale":"fr_FR","og_type":"article","og_title":"Glaci\u00e8re \u00e0 compression Blizz-E One - Bantam Wankm\u00fcller SA","og_description":"Un compagnon indispensable pour vos voyages. La glaci\u00e8re BLIZZ-E ONE est con\u00e7ue pour les voyageurs en qu\u00eate de simplicit\u00e9 et d\u2019efficacit\u00e9. Cette glaci\u00e8re \u00e0 compression, \u00e9quip\u00e9e de la technologie la plus moderne, assure une temp\u00e9rature stable, ind\u00e9pendamment de l\u2019ext\u00e9rieur. Son fonctionnement en 12V ou 220V (en option) permet une utilisation dans tous vos v\u00e9hicules de [&hellip;]","og_url":"https:\/\/shop.bantam.ch\/fr\/produit\/glaciere-a-compression-blizz-e-one\/","og_site_name":"Bantam Wankm\u00fcller SA","article_modified_time":"2026-04-20T00:20:20+00:00","og_image":[{"width":300,"height":239,"url":"https:\/\/shop.bantam.ch\/wp-content\/uploads\/2025\/08\/522500-PA-300x239-1.jpg","type":"image\/jpeg"}],"twitter_card":"summary_large_image","twitter_misc":{"Dur\u00e9e de lecture estim\u00e9e":"1 minute"},"schema":{"@context":"https:\/\/schema.org","@graph":[{"@type":"WebPage","@id":"https:\/\/shop.bantam.ch\/fr\/produit\/glaciere-a-compression-blizz-e-one\/","url":"https:\/\/shop.bantam.ch\/fr\/produit\/glaciere-a-compression-blizz-e-one\/","name":"Glaci\u00e8re \u00e0 compression Blizz-E One - Bantam Wankm\u00fcller SA","isPartOf":{"@id":"https:\/\/shop.bantam.ch\/fr\/#website"},"primaryImageOfPage":{"@id":"https:\/\/shop.bantam.ch\/fr\/produit\/glaciere-a-compression-blizz-e-one\/#primaryimage"},"image":{"@id":"https:\/\/shop.bantam.ch\/fr\/produit\/glaciere-a-compression-blizz-e-one\/#primaryimage"},"thumbnailUrl":"https:\/\/shop.bantam.ch\/wp-content\/uploads\/2025\/08\/522500-PA-300x239-1.jpg","datePublished":"2025-08-14T08:45:34+00:00","dateModified":"2026-04-20T00:20:20+00:00","breadcrumb":{"@id":"https:\/\/shop.bantam.ch\/fr\/produit\/glaciere-a-compression-blizz-e-one\/#breadcrumb"},"inLanguage":"fr-FR","potentialAction":[{"@type":"ReadAction","target":["https:\/\/shop.bantam.ch\/fr\/produit\/glaciere-a-compression-blizz-e-one\/"]}]},{"@type":"ImageObject","inLanguage":"fr-FR","@id":"https:\/\/shop.bantam.ch\/fr\/produit\/glaciere-a-compression-blizz-e-one\/#primaryimage","url":"https:\/\/shop.bantam.ch\/wp-content\/uploads\/2025\/08\/522500-PA-300x239-1.jpg","contentUrl":"https:\/\/shop.bantam.ch\/wp-content\/uploads\/2025\/08\/522500-PA-300x239-1.jpg","width":300,"height":239},{"@type":"BreadcrumbList","@id":"https:\/\/shop.bantam.ch\/fr\/produit\/glaciere-a-compression-blizz-e-one\/#breadcrumb","itemListElement":[{"@type":"ListItem","position":1,"name":"Accueil","item":"https:\/\/shop.bantam.ch\/fr\/"},{"@type":"ListItem","position":2,"name":"Boutique","item":"https:\/\/shop.bantam.ch\/fr\/boutique\/"},{"@type":"ListItem","position":3,"name":"Glaci\u00e8re \u00e0 compression Blizz-E One"}]},{"@type":"WebSite","@id":"https:\/\/shop.bantam.ch\/fr\/#website","url":"https:\/\/shop.bantam.ch\/fr\/","name":"Bantam Wankm\u00fcller SA","description":"","publisher":{"@id":"https:\/\/shop.bantam.ch\/fr\/#organization"},"inLanguage":"fr-FR"},{"@type":"Organization","@id":"https:\/\/shop.bantam.ch\/fr\/#organization","name":"Bantam Wankm\u00fcller SA","url":"https:\/\/shop.bantam.ch\/fr\/","logo":{"@type":"ImageObject","inLanguage":"fr-FR","@id":"https:\/\/shop.bantam.ch\/fr\/#\/schema\/logo\/image\/","url":"https:\/\/shop.bantam.ch\/wp-content\/uploads\/2022\/12\/bantam-logo.png","contentUrl":"https:\/\/shop.bantam.ch\/wp-content\/uploads\/2022\/12\/bantam-logo.png","width":320,"height":71,"caption":"Bantam Wankm\u00fcller SA"},"image":{"@id":"https:\/\/shop.bantam.ch\/fr\/#\/schema\/logo\/image\/"}}]}},"_links":{"self":[{"href":"https:\/\/shop.bantam.ch\/fr\/wp-json\/wp\/v2\/product\/221255","targetHints":{"allow":["GET"]}}],"collection":[{"href":"https:\/\/shop.bantam.ch\/fr\/wp-json\/wp\/v2\/product"}],"about":[{"href":"https:\/\/shop.bantam.ch\/fr\/wp-json\/wp\/v2\/types\/product"}],"wp:featuredmedia":[{"embeddable":true,"href":"https:\/\/shop.bantam.ch\/fr\/wp-json\/wp\/v2\/media\/221282"}],"wp:attachment":[{"href":"https:\/\/shop.bantam.ch\/fr\/wp-json\/wp\/v2\/media?parent=221255"}],"wp:term":[{"taxonomy":"product_featured_cat","embeddable":true,"href":"https:\/\/shop.bantam.ch\/fr\/wp-json\/wp\/v2\/product_featured_cat?post=221255"},{"taxonomy":"product_brand","embeddable":true,"href":"https:\/\/shop.bantam.ch\/fr\/wp-json\/wp\/v2\/product_brand?post=221255"},{"taxonomy":"product_cat","embeddable":true,"href":"https:\/\/shop.bantam.ch\/fr\/wp-json\/wp\/v2\/product_cat?post=221255"},{"taxonomy":"product_tag","embeddable":true,"href":"https:\/\/shop.bantam.ch\/fr\/wp-json\/wp\/v2\/product_tag?post=221255"}],"curies":[{"name":"wp","href":"https:\/\/api.w.org\/{rel}","templated":true}]}}