{"id":221225,"date":"2025-08-14T09:01:42","date_gmt":"2025-08-14T07:01:42","guid":{"rendered":"https:\/\/shop.bantam.ch\/produit\/guide-croatie-petit-fute-2\/"},"modified":"2026-04-18T23:36:54","modified_gmt":"2026-04-18T21:36:54","slug":"guide-croatie-petit-fute-2","status":"publish","type":"product","link":"https:\/\/shop.bantam.ch\/fr\/produit\/guide-croatie-petit-fute-2\/","title":{"rendered":"Guide Croatie Petit Fut\u00e9"},"content":{"rendered":"<p>Forte d&rsquo;une histoire tortur\u00e9e, le pays sait choyer les touristes, s\u00e9duits par ses longues rues pav\u00e9es, ses superbes palais baroques recouverts de chaudes couleurs ocres, jaunes et rouges. Paradis des amoureux de la nature, le pays met en valeur les ressources naturelles au profit des touristes qui n&rsquo;auront que l&#8217;embarras du choix pour aller visiter parcs naturels, nationaux ou r\u00e9serves. Enfin il y a ces criques magnifiques, o\u00f9 l&rsquo;eau turquoise et transparente est chauff\u00e9e par le soleil. Il fait bon se poser \u00e0 l&rsquo;ombre d&rsquo;une terrasse de caf\u00e9 un verre de rakija \u00e0 la main. Quand le temps d\u00e9cide de s&rsquo;arr\u00eater et choisit un endroit aussi beau et tranquille, c&rsquo;est un d\u00e9lice.<\/p>\n","protected":false},"excerpt":{"rendered":"<p>Forte d&rsquo;une histoire tortur\u00e9e, le pays sait choyer les touristes, s\u00e9duits par ses longues rues pav\u00e9es, ses superbes palais baroques recouverts de chaudes couleurs ocres, jaunes et rouges. Paradis des amoureux de la nature, le pays met en valeur les ressources naturelles au profit des touristes qui n&rsquo;auront que l&#8217;embarras du choix pour aller visiter [&hellip;]<\/p>\n","protected":false},"featured_media":221238,"template":"","meta":{"_acf_changed":false},"product_featured_cat":[],"product_brand":[3740],"product_cat":[4351],"product_tag":[],"class_list":{"0":"post-221225","1":"product","2":"type-product","3":"status-publish","4":"has-post-thumbnail","6":"product_brand-bantam","7":"product_cat-guides-de-voyage","9":"first","10":"instock","11":"taxable","12":"shipping-taxable","13":"purchasable","14":"product-type-simple"},"acf":[],"yoast_head":"<!-- This site is optimized with the Yoast SEO plugin v27.4 - https:\/\/yoast.com\/product\/yoast-seo-wordpress\/ -->\n<title>Guide Croatie Petit Fut\u00e9 - Bantam Wankm\u00fcller SA<\/title>\n<meta name=\"robots\" content=\"index, follow, max-snippet:-1, max-image-preview:large, max-video-preview:-1\" \/>\n<link rel=\"canonical\" href=\"https:\/\/shop.bantam.ch\/fr\/produit\/guide-croatie-petit-fute-2\/\" \/>\n<meta property=\"og:locale\" content=\"fr_FR\" \/>\n<meta property=\"og:type\" content=\"article\" \/>\n<meta property=\"og:title\" content=\"Guide Croatie Petit Fut\u00e9 - Bantam Wankm\u00fcller SA\" \/>\n<meta property=\"og:description\" content=\"Forte d&rsquo;une histoire tortur\u00e9e, le pays sait choyer les touristes, s\u00e9duits par ses longues rues pav\u00e9es, ses superbes palais baroques recouverts de chaudes couleurs ocres, jaunes et rouges. Paradis des amoureux de la nature, le pays met en valeur les ressources naturelles au profit des touristes qui n&rsquo;auront que l&#8217;embarras du choix pour aller visiter [&hellip;]\" \/>\n<meta property=\"og:url\" content=\"https:\/\/shop.bantam.ch\/fr\/produit\/guide-croatie-petit-fute-2\/\" \/>\n<meta property=\"og:site_name\" content=\"Bantam Wankm\u00fcller SA\" \/>\n<meta property=\"article:modified_time\" content=\"2026-04-18T21:36:54+00:00\" \/>\n<meta property=\"og:image\" content=\"https:\/\/shop.bantam.ch\/wp-content\/uploads\/2025\/08\/CROATIE_2025.jpg\" \/>\n\t<meta property=\"og:image:width\" content=\"468\" \/>\n\t<meta property=\"og:image:height\" content=\"800\" \/>\n\t<meta property=\"og:image:type\" content=\"image\/jpeg\" \/>\n<meta name=\"twitter:card\" content=\"summary_large_image\" \/>\n<meta name=\"twitter:label1\" content=\"Dur\u00e9e de lecture estim\u00e9e\" \/>\n\t<meta name=\"twitter:data1\" content=\"1 minute\" \/>\n<script type=\"application\/ld+json\" class=\"yoast-schema-graph\">{\"@context\":\"https:\\\/\\\/schema.org\",\"@graph\":[{\"@type\":\"WebPage\",\"@id\":\"https:\\\/\\\/shop.bantam.ch\\\/fr\\\/produit\\\/guide-croatie-petit-fute-2\\\/\",\"url\":\"https:\\\/\\\/shop.bantam.ch\\\/fr\\\/produit\\\/guide-croatie-petit-fute-2\\\/\",\"name\":\"Guide Croatie Petit Fut\u00e9 - Bantam Wankm\u00fcller SA\",\"isPartOf\":{\"@id\":\"https:\\\/\\\/shop.bantam.ch\\\/fr\\\/#website\"},\"primaryImageOfPage\":{\"@id\":\"https:\\\/\\\/shop.bantam.ch\\\/fr\\\/produit\\\/guide-croatie-petit-fute-2\\\/#primaryimage\"},\"image\":{\"@id\":\"https:\\\/\\\/shop.bantam.ch\\\/fr\\\/produit\\\/guide-croatie-petit-fute-2\\\/#primaryimage\"},\"thumbnailUrl\":\"https:\\\/\\\/shop.bantam.ch\\\/wp-content\\\/uploads\\\/2025\\\/08\\\/CROATIE_2025.jpg\",\"datePublished\":\"2025-08-14T07:01:42+00:00\",\"dateModified\":\"2026-04-18T21:36:54+00:00\",\"breadcrumb\":{\"@id\":\"https:\\\/\\\/shop.bantam.ch\\\/fr\\\/produit\\\/guide-croatie-petit-fute-2\\\/#breadcrumb\"},\"inLanguage\":\"fr-FR\",\"potentialAction\":[{\"@type\":\"ReadAction\",\"target\":[\"https:\\\/\\\/shop.bantam.ch\\\/fr\\\/produit\\\/guide-croatie-petit-fute-2\\\/\"]}]},{\"@type\":\"ImageObject\",\"inLanguage\":\"fr-FR\",\"@id\":\"https:\\\/\\\/shop.bantam.ch\\\/fr\\\/produit\\\/guide-croatie-petit-fute-2\\\/#primaryimage\",\"url\":\"https:\\\/\\\/shop.bantam.ch\\\/wp-content\\\/uploads\\\/2025\\\/08\\\/CROATIE_2025.jpg\",\"contentUrl\":\"https:\\\/\\\/shop.bantam.ch\\\/wp-content\\\/uploads\\\/2025\\\/08\\\/CROATIE_2025.jpg\",\"width\":468,\"height\":800},{\"@type\":\"BreadcrumbList\",\"@id\":\"https:\\\/\\\/shop.bantam.ch\\\/fr\\\/produit\\\/guide-croatie-petit-fute-2\\\/#breadcrumb\",\"itemListElement\":[{\"@type\":\"ListItem\",\"position\":1,\"name\":\"Accueil\",\"item\":\"https:\\\/\\\/shop.bantam.ch\\\/fr\\\/\"},{\"@type\":\"ListItem\",\"position\":2,\"name\":\"Boutique\",\"item\":\"https:\\\/\\\/shop.bantam.ch\\\/fr\\\/boutique\\\/\"},{\"@type\":\"ListItem\",\"position\":3,\"name\":\"Guide Croatie Petit Fut\u00e9\"}]},{\"@type\":\"WebSite\",\"@id\":\"https:\\\/\\\/shop.bantam.ch\\\/fr\\\/#website\",\"url\":\"https:\\\/\\\/shop.bantam.ch\\\/fr\\\/\",\"name\":\"Bantam Wankm\u00fcller SA\",\"description\":\"\",\"publisher\":{\"@id\":\"https:\\\/\\\/shop.bantam.ch\\\/fr\\\/#organization\"},\"inLanguage\":\"fr-FR\"},{\"@type\":\"Organization\",\"@id\":\"https:\\\/\\\/shop.bantam.ch\\\/fr\\\/#organization\",\"name\":\"Bantam Wankm\u00fcller SA\",\"url\":\"https:\\\/\\\/shop.bantam.ch\\\/fr\\\/\",\"logo\":{\"@type\":\"ImageObject\",\"inLanguage\":\"fr-FR\",\"@id\":\"https:\\\/\\\/shop.bantam.ch\\\/fr\\\/#\\\/schema\\\/logo\\\/image\\\/\",\"url\":\"https:\\\/\\\/shop.bantam.ch\\\/wp-content\\\/uploads\\\/2022\\\/12\\\/bantam-logo.png\",\"contentUrl\":\"https:\\\/\\\/shop.bantam.ch\\\/wp-content\\\/uploads\\\/2022\\\/12\\\/bantam-logo.png\",\"width\":320,\"height\":71,\"caption\":\"Bantam Wankm\u00fcller SA\"},\"image\":{\"@id\":\"https:\\\/\\\/shop.bantam.ch\\\/fr\\\/#\\\/schema\\\/logo\\\/image\\\/\"}}]}<\/script>\n<!-- \/ Yoast SEO plugin. -->","yoast_head_json":{"title":"Guide Croatie Petit Fut\u00e9 - Bantam Wankm\u00fcller SA","robots":{"index":"index","follow":"follow","max-snippet":"max-snippet:-1","max-image-preview":"max-image-preview:large","max-video-preview":"max-video-preview:-1"},"canonical":"https:\/\/shop.bantam.ch\/fr\/produit\/guide-croatie-petit-fute-2\/","og_locale":"fr_FR","og_type":"article","og_title":"Guide Croatie Petit Fut\u00e9 - Bantam Wankm\u00fcller SA","og_description":"Forte d&rsquo;une histoire tortur\u00e9e, le pays sait choyer les touristes, s\u00e9duits par ses longues rues pav\u00e9es, ses superbes palais baroques recouverts de chaudes couleurs ocres, jaunes et rouges. Paradis des amoureux de la nature, le pays met en valeur les ressources naturelles au profit des touristes qui n&rsquo;auront que l&#8217;embarras du choix pour aller visiter [&hellip;]","og_url":"https:\/\/shop.bantam.ch\/fr\/produit\/guide-croatie-petit-fute-2\/","og_site_name":"Bantam Wankm\u00fcller SA","article_modified_time":"2026-04-18T21:36:54+00:00","og_image":[{"width":468,"height":800,"url":"https:\/\/shop.bantam.ch\/wp-content\/uploads\/2025\/08\/CROATIE_2025.jpg","type":"image\/jpeg"}],"twitter_card":"summary_large_image","twitter_misc":{"Dur\u00e9e de lecture estim\u00e9e":"1 minute"},"schema":{"@context":"https:\/\/schema.org","@graph":[{"@type":"WebPage","@id":"https:\/\/shop.bantam.ch\/fr\/produit\/guide-croatie-petit-fute-2\/","url":"https:\/\/shop.bantam.ch\/fr\/produit\/guide-croatie-petit-fute-2\/","name":"Guide Croatie Petit Fut\u00e9 - Bantam Wankm\u00fcller SA","isPartOf":{"@id":"https:\/\/shop.bantam.ch\/fr\/#website"},"primaryImageOfPage":{"@id":"https:\/\/shop.bantam.ch\/fr\/produit\/guide-croatie-petit-fute-2\/#primaryimage"},"image":{"@id":"https:\/\/shop.bantam.ch\/fr\/produit\/guide-croatie-petit-fute-2\/#primaryimage"},"thumbnailUrl":"https:\/\/shop.bantam.ch\/wp-content\/uploads\/2025\/08\/CROATIE_2025.jpg","datePublished":"2025-08-14T07:01:42+00:00","dateModified":"2026-04-18T21:36:54+00:00","breadcrumb":{"@id":"https:\/\/shop.bantam.ch\/fr\/produit\/guide-croatie-petit-fute-2\/#breadcrumb"},"inLanguage":"fr-FR","potentialAction":[{"@type":"ReadAction","target":["https:\/\/shop.bantam.ch\/fr\/produit\/guide-croatie-petit-fute-2\/"]}]},{"@type":"ImageObject","inLanguage":"fr-FR","@id":"https:\/\/shop.bantam.ch\/fr\/produit\/guide-croatie-petit-fute-2\/#primaryimage","url":"https:\/\/shop.bantam.ch\/wp-content\/uploads\/2025\/08\/CROATIE_2025.jpg","contentUrl":"https:\/\/shop.bantam.ch\/wp-content\/uploads\/2025\/08\/CROATIE_2025.jpg","width":468,"height":800},{"@type":"BreadcrumbList","@id":"https:\/\/shop.bantam.ch\/fr\/produit\/guide-croatie-petit-fute-2\/#breadcrumb","itemListElement":[{"@type":"ListItem","position":1,"name":"Accueil","item":"https:\/\/shop.bantam.ch\/fr\/"},{"@type":"ListItem","position":2,"name":"Boutique","item":"https:\/\/shop.bantam.ch\/fr\/boutique\/"},{"@type":"ListItem","position":3,"name":"Guide Croatie Petit Fut\u00e9"}]},{"@type":"WebSite","@id":"https:\/\/shop.bantam.ch\/fr\/#website","url":"https:\/\/shop.bantam.ch\/fr\/","name":"Bantam Wankm\u00fcller SA","description":"","publisher":{"@id":"https:\/\/shop.bantam.ch\/fr\/#organization"},"inLanguage":"fr-FR"},{"@type":"Organization","@id":"https:\/\/shop.bantam.ch\/fr\/#organization","name":"Bantam Wankm\u00fcller SA","url":"https:\/\/shop.bantam.ch\/fr\/","logo":{"@type":"ImageObject","inLanguage":"fr-FR","@id":"https:\/\/shop.bantam.ch\/fr\/#\/schema\/logo\/image\/","url":"https:\/\/shop.bantam.ch\/wp-content\/uploads\/2022\/12\/bantam-logo.png","contentUrl":"https:\/\/shop.bantam.ch\/wp-content\/uploads\/2022\/12\/bantam-logo.png","width":320,"height":71,"caption":"Bantam Wankm\u00fcller SA"},"image":{"@id":"https:\/\/shop.bantam.ch\/fr\/#\/schema\/logo\/image\/"}}]}},"_links":{"self":[{"href":"https:\/\/shop.bantam.ch\/fr\/wp-json\/wp\/v2\/product\/221225","targetHints":{"allow":["GET"]}}],"collection":[{"href":"https:\/\/shop.bantam.ch\/fr\/wp-json\/wp\/v2\/product"}],"about":[{"href":"https:\/\/shop.bantam.ch\/fr\/wp-json\/wp\/v2\/types\/product"}],"wp:featuredmedia":[{"embeddable":true,"href":"https:\/\/shop.bantam.ch\/fr\/wp-json\/wp\/v2\/media\/221238"}],"wp:attachment":[{"href":"https:\/\/shop.bantam.ch\/fr\/wp-json\/wp\/v2\/media?parent=221225"}],"wp:term":[{"taxonomy":"product_featured_cat","embeddable":true,"href":"https:\/\/shop.bantam.ch\/fr\/wp-json\/wp\/v2\/product_featured_cat?post=221225"},{"taxonomy":"product_brand","embeddable":true,"href":"https:\/\/shop.bantam.ch\/fr\/wp-json\/wp\/v2\/product_brand?post=221225"},{"taxonomy":"product_cat","embeddable":true,"href":"https:\/\/shop.bantam.ch\/fr\/wp-json\/wp\/v2\/product_cat?post=221225"},{"taxonomy":"product_tag","embeddable":true,"href":"https:\/\/shop.bantam.ch\/fr\/wp-json\/wp\/v2\/product_tag?post=221225"}],"curies":[{"name":"wp","href":"https:\/\/api.w.org\/{rel}","templated":true}]}}