{"id":220948,"date":"2025-08-04T13:17:49","date_gmt":"2025-08-04T11:17:49","guid":{"rendered":"https:\/\/shop.bantam.ch\/produit\/batterie-lithium-epsilon-90a\/"},"modified":"2026-05-01T23:29:57","modified_gmt":"2026-05-01T21:29:57","slug":"batterie-lithium-epsilon-90a","status":"publish","type":"product","link":"https:\/\/shop.bantam.ch\/fr\/produit\/batterie-lithium-epsilon-90a\/","title":{"rendered":"Batterie lithium Epsilon 90a"},"content":{"rendered":"<p>Cette batterie Epsilon 12 V 90 Ah a \u00e9t\u00e9 pens\u00e9e et d\u00e9velopp\u00e9e sp\u00e9cialement pour les camping-cars, caravanes, fourgons et vans<br \/>Derni\u00e8re g\u00e9n\u00e9ration de batteries d&rsquo;\u00e9nergie au Lithium-Fer-Phosphate (LiFePO4)\u00a0s\u00fbres et s\u00e9curis\u00e9es.\u00a0Son\u00a0poids est consid\u00e9rablement r\u00e9duit, ses r\u00e9serves en \u00e9nergie sont \u00e9normes (100% \u00e9nergie utilisable) et sa\u00a0tension reste tr\u00e8s stable, m\u00eame \u00e0 des charges extr\u00eames !<br \/>M\u00eame taille qu&rsquo;une batterie standard 100 Ah pour 2 X plus d&rsquo;autonomie !\u00a0Cette batterie est \u00e9quip\u00e9 d&rsquo;un syst\u00e8me de gestion des\u00a0batteries BMS\u00a0(Battery Monitoring System), outil essentiel pour sa pr\u00e9servation.\u00a0Le syst\u00e8me BMS actif brevet\u00e9 de la batterie Super B coordonne et \u00e9quilibre en permanence la puissance utilis\u00e9e. Il contr\u00f4le et prot\u00e8ge la batterie via le relais fourni.\u00a0L&rsquo;Interface\u00a0CANOpen\u00a0permet d&rsquo;extraire et d&rsquo;analyser les donn\u00e9es de la batterie. Sauvegarde historique des 1500 derniers \u00e9v\u00e9nements de la batterie. (cycles, pic de charge, pic de d\u00e9charge).\u00a0Elle est \u00e9galement \u00e9quip\u00e9e d&rsquo;un\u00a0syst\u00e8me Bluetooth\u00a0: vous pourrez ainsi visualiser les informations relatives \u00e0 votre batterie depuis votre tablette ou smartphone (charge et d\u00e9charge en temps r\u00e9el, autonomie restante, etc.).\u00a0Cette batterie permet d&rsquo;utiliser vos appareils m\u00e9nagers \u00e0 l&rsquo;aide d&rsquo;un convertisseur 220V (non fourni). Les Avantages : Recharge rapide. Gain de poids. Faible encombrement. Longue dur\u00e9e de vie.\u00a0Faible autod\u00e9charge.\u00a0Tr\u00e8s grand autonomie.\u00a0Perfomance exceptionnelle &#8211; 100? l&rsquo;\u00e9nergie utilisable.\u00a0Dur\u00e9e de vie importante : \u00a0jusqu&rsquo;\u00e0 5 000 cycles.\u00a0Ne n\u00e9cessite pas d&rsquo;entretien particulier.\u00a0En cas de d\u00e9charge totale, la batterie ne sera pas endommag\u00e9e.\u00a0Taux d&rsquo;auto-d\u00e9charge tr\u00e8s faible. Caract\u00e9ristiques techniques cl\u00e9s :\u00a0Tension nominale\u00a0: 12,8 V.\u00a0Technologie : lithium-fer-phosphate (LiFePO4).\u00a0Capacit\u00e9 : 90Ah.\u00a0Courant de d\u00e9charge max en continu : 200 A.\u00a0Dur\u00e9e de vie : jusqu&rsquo;\u00e0 5000 cycles (100% DoD).\u00a0Poids : 12,5 kg.\u00a0Dimensions : 353 x 175 x 190 mm.\u00a0Garantie : 3 ans.\u00a0Autres donn\u00e9es :\u00a0Indice de protection : IP51.\u00a0M\u00e9thode de charge Courant et tension constants (CCCV).\u00a0Tension de charge : 14,3 &#8211; 14,6 V.\u00a0Temp\u00e9rature d&rsquo;utilisation (charge) : -10\u00b0C \u00e0 45\u00b0C.\u00a0Temp\u00e9rature d&rsquo;utilisation (d\u00e9charge) : -20\u00b0C \u00e0 60\u00b0C.\u00a0Temp\u00e9rature de stockage : -10\u00b0C \u00e0 35\u00b0C.\u00a0Tension en fin de d\u00e9charge\u00a0: 8 V.<\/p>\n","protected":false},"excerpt":{"rendered":"<p>Cette batterie Epsilon 12 V 90 Ah a \u00e9t\u00e9 pens\u00e9e et d\u00e9velopp\u00e9e sp\u00e9cialement pour les camping-cars, caravanes, fourgons et vansDerni\u00e8re g\u00e9n\u00e9ration de batteries d&rsquo;\u00e9nergie au Lithium-Fer-Phosphate (LiFePO4)\u00a0s\u00fbres et s\u00e9curis\u00e9es.\u00a0Son\u00a0poids est consid\u00e9rablement r\u00e9duit, ses r\u00e9serves en \u00e9nergie sont \u00e9normes (100% \u00e9nergie utilisable) et sa\u00a0tension reste tr\u00e8s stable, m\u00eame \u00e0 des charges extr\u00eames !M\u00eame taille qu&rsquo;une batterie [&hellip;]<\/p>\n","protected":false},"featured_media":220958,"template":"","meta":{"_acf_changed":false},"product_featured_cat":[5323,5317],"product_brand":[3792],"product_cat":[5113],"product_tag":[],"class_list":{"0":"post-220948","1":"product","2":"type-product","3":"status-publish","4":"has-post-thumbnail","6":"product_featured_cat-batteries-hindelbank-ch","7":"product_featured_cat-offres-speciales-batteries-lithium","8":"product_brand-epsilon","9":"product_cat-batteries-lithium","11":"first","12":"instock","13":"sale","14":"taxable","15":"shipping-taxable","16":"purchasable","17":"product-type-simple"},"acf":[],"yoast_head":"<!-- This site is optimized with the Yoast SEO plugin v27.5 - https:\/\/yoast.com\/product\/yoast-seo-wordpress\/ -->\n<title>Batterie lithium Epsilon 90a - Bantam<\/title>\n<meta name=\"robots\" content=\"index, follow, max-snippet:-1, max-image-preview:large, max-video-preview:-1\" \/>\n<link rel=\"canonical\" href=\"https:\/\/shop.bantam.ch\/fr\/produit\/batterie-lithium-epsilon-90a\/\" \/>\n<meta property=\"og:locale\" content=\"fr_FR\" \/>\n<meta property=\"og:type\" content=\"article\" \/>\n<meta property=\"og:title\" content=\"Batterie lithium Epsilon 90a - Bantam\" \/>\n<meta property=\"og:description\" content=\"Cette batterie Epsilon 12 V 90 Ah a \u00e9t\u00e9 pens\u00e9e et d\u00e9velopp\u00e9e sp\u00e9cialement pour les camping-cars, caravanes, fourgons et vansDerni\u00e8re g\u00e9n\u00e9ration de batteries d&rsquo;\u00e9nergie au Lithium-Fer-Phosphate (LiFePO4)\u00a0s\u00fbres et s\u00e9curis\u00e9es.\u00a0Son\u00a0poids est consid\u00e9rablement r\u00e9duit, ses r\u00e9serves en \u00e9nergie sont \u00e9normes (100% \u00e9nergie utilisable) et sa\u00a0tension reste tr\u00e8s stable, m\u00eame \u00e0 des charges extr\u00eames !M\u00eame taille qu&rsquo;une batterie [&hellip;]\" \/>\n<meta property=\"og:url\" content=\"https:\/\/shop.bantam.ch\/fr\/produit\/batterie-lithium-epsilon-90a\/\" \/>\n<meta property=\"og:site_name\" content=\"Bantam\" \/>\n<meta property=\"article:modified_time\" content=\"2026-05-01T21:29:57+00:00\" \/>\n<meta property=\"og:image\" content=\"https:\/\/shop.bantam.ch\/wp-content\/uploads\/2025\/08\/batterie-lithium-90-ah-super-b-epsilon.jpg\" \/>\n\t<meta property=\"og:image:width\" content=\"800\" \/>\n\t<meta property=\"og:image:height\" content=\"800\" \/>\n\t<meta property=\"og:image:type\" content=\"image\/jpeg\" \/>\n<meta name=\"twitter:card\" content=\"summary_large_image\" \/>\n<meta name=\"twitter:label1\" content=\"Dur\u00e9e de lecture estim\u00e9e\" \/>\n\t<meta name=\"twitter:data1\" content=\"2 minutes\" \/>\n<script type=\"application\/ld+json\" class=\"yoast-schema-graph\">{\"@context\":\"https:\\\/\\\/schema.org\",\"@graph\":[{\"@type\":\"WebPage\",\"@id\":\"https:\\\/\\\/shop.bantam.ch\\\/fr\\\/produit\\\/batterie-lithium-epsilon-90a\\\/\",\"url\":\"https:\\\/\\\/shop.bantam.ch\\\/fr\\\/produit\\\/batterie-lithium-epsilon-90a\\\/\",\"name\":\"Batterie lithium Epsilon 90a - Bantam\",\"isPartOf\":{\"@id\":\"https:\\\/\\\/shop.bantam.ch\\\/fr\\\/#website\"},\"primaryImageOfPage\":{\"@id\":\"https:\\\/\\\/shop.bantam.ch\\\/fr\\\/produit\\\/batterie-lithium-epsilon-90a\\\/#primaryimage\"},\"image\":{\"@id\":\"https:\\\/\\\/shop.bantam.ch\\\/fr\\\/produit\\\/batterie-lithium-epsilon-90a\\\/#primaryimage\"},\"thumbnailUrl\":\"https:\\\/\\\/shop.bantam.ch\\\/wp-content\\\/uploads\\\/2025\\\/08\\\/batterie-lithium-90-ah-super-b-epsilon.jpg\",\"datePublished\":\"2025-08-04T11:17:49+00:00\",\"dateModified\":\"2026-05-01T21:29:57+00:00\",\"breadcrumb\":{\"@id\":\"https:\\\/\\\/shop.bantam.ch\\\/fr\\\/produit\\\/batterie-lithium-epsilon-90a\\\/#breadcrumb\"},\"inLanguage\":\"fr-FR\",\"potentialAction\":[{\"@type\":\"ReadAction\",\"target\":[\"https:\\\/\\\/shop.bantam.ch\\\/fr\\\/produit\\\/batterie-lithium-epsilon-90a\\\/\"]}]},{\"@type\":\"ImageObject\",\"inLanguage\":\"fr-FR\",\"@id\":\"https:\\\/\\\/shop.bantam.ch\\\/fr\\\/produit\\\/batterie-lithium-epsilon-90a\\\/#primaryimage\",\"url\":\"https:\\\/\\\/shop.bantam.ch\\\/wp-content\\\/uploads\\\/2025\\\/08\\\/batterie-lithium-90-ah-super-b-epsilon.jpg\",\"contentUrl\":\"https:\\\/\\\/shop.bantam.ch\\\/wp-content\\\/uploads\\\/2025\\\/08\\\/batterie-lithium-90-ah-super-b-epsilon.jpg\",\"width\":800,\"height\":800},{\"@type\":\"BreadcrumbList\",\"@id\":\"https:\\\/\\\/shop.bantam.ch\\\/fr\\\/produit\\\/batterie-lithium-epsilon-90a\\\/#breadcrumb\",\"itemListElement\":[{\"@type\":\"ListItem\",\"position\":1,\"name\":\"Accueil\",\"item\":\"https:\\\/\\\/shop.bantam.ch\\\/fr\\\/\"},{\"@type\":\"ListItem\",\"position\":2,\"name\":\"Boutique\",\"item\":\"https:\\\/\\\/shop.bantam.ch\\\/fr\\\/boutique\\\/\"},{\"@type\":\"ListItem\",\"position\":3,\"name\":\"Batterie lithium Epsilon 90a\"}]},{\"@type\":\"WebSite\",\"@id\":\"https:\\\/\\\/shop.bantam.ch\\\/fr\\\/#website\",\"url\":\"https:\\\/\\\/shop.bantam.ch\\\/fr\\\/\",\"name\":\"Bantam\",\"description\":\"\",\"publisher\":{\"@id\":\"https:\\\/\\\/shop.bantam.ch\\\/fr\\\/#organization\"},\"inLanguage\":\"fr-FR\"},{\"@type\":\"Organization\",\"@id\":\"https:\\\/\\\/shop.bantam.ch\\\/fr\\\/#organization\",\"name\":\"Bantam\",\"url\":\"https:\\\/\\\/shop.bantam.ch\\\/fr\\\/\",\"logo\":{\"@type\":\"ImageObject\",\"inLanguage\":\"fr-FR\",\"@id\":\"https:\\\/\\\/shop.bantam.ch\\\/fr\\\/#\\\/schema\\\/logo\\\/image\\\/\",\"url\":\"https:\\\/\\\/shop.bantam.ch\\\/wp-content\\\/uploads\\\/2022\\\/12\\\/bantam-logo.png\",\"contentUrl\":\"https:\\\/\\\/shop.bantam.ch\\\/wp-content\\\/uploads\\\/2022\\\/12\\\/bantam-logo.png\",\"width\":320,\"height\":71,\"caption\":\"Bantam\"},\"image\":{\"@id\":\"https:\\\/\\\/shop.bantam.ch\\\/fr\\\/#\\\/schema\\\/logo\\\/image\\\/\"}}]}<\/script>\n<!-- \/ Yoast SEO plugin. -->","yoast_head_json":{"title":"Batterie lithium Epsilon 90a - Bantam","robots":{"index":"index","follow":"follow","max-snippet":"max-snippet:-1","max-image-preview":"max-image-preview:large","max-video-preview":"max-video-preview:-1"},"canonical":"https:\/\/shop.bantam.ch\/fr\/produit\/batterie-lithium-epsilon-90a\/","og_locale":"fr_FR","og_type":"article","og_title":"Batterie lithium Epsilon 90a - Bantam","og_description":"Cette batterie Epsilon 12 V 90 Ah a \u00e9t\u00e9 pens\u00e9e et d\u00e9velopp\u00e9e sp\u00e9cialement pour les camping-cars, caravanes, fourgons et vansDerni\u00e8re g\u00e9n\u00e9ration de batteries d&rsquo;\u00e9nergie au Lithium-Fer-Phosphate (LiFePO4)\u00a0s\u00fbres et s\u00e9curis\u00e9es.\u00a0Son\u00a0poids est consid\u00e9rablement r\u00e9duit, ses r\u00e9serves en \u00e9nergie sont \u00e9normes (100% \u00e9nergie utilisable) et sa\u00a0tension reste tr\u00e8s stable, m\u00eame \u00e0 des charges extr\u00eames !M\u00eame taille qu&rsquo;une batterie [&hellip;]","og_url":"https:\/\/shop.bantam.ch\/fr\/produit\/batterie-lithium-epsilon-90a\/","og_site_name":"Bantam","article_modified_time":"2026-05-01T21:29:57+00:00","og_image":[{"width":800,"height":800,"url":"https:\/\/shop.bantam.ch\/wp-content\/uploads\/2025\/08\/batterie-lithium-90-ah-super-b-epsilon.jpg","type":"image\/jpeg"}],"twitter_card":"summary_large_image","twitter_misc":{"Dur\u00e9e de lecture estim\u00e9e":"2 minutes"},"schema":{"@context":"https:\/\/schema.org","@graph":[{"@type":"WebPage","@id":"https:\/\/shop.bantam.ch\/fr\/produit\/batterie-lithium-epsilon-90a\/","url":"https:\/\/shop.bantam.ch\/fr\/produit\/batterie-lithium-epsilon-90a\/","name":"Batterie lithium Epsilon 90a - Bantam","isPartOf":{"@id":"https:\/\/shop.bantam.ch\/fr\/#website"},"primaryImageOfPage":{"@id":"https:\/\/shop.bantam.ch\/fr\/produit\/batterie-lithium-epsilon-90a\/#primaryimage"},"image":{"@id":"https:\/\/shop.bantam.ch\/fr\/produit\/batterie-lithium-epsilon-90a\/#primaryimage"},"thumbnailUrl":"https:\/\/shop.bantam.ch\/wp-content\/uploads\/2025\/08\/batterie-lithium-90-ah-super-b-epsilon.jpg","datePublished":"2025-08-04T11:17:49+00:00","dateModified":"2026-05-01T21:29:57+00:00","breadcrumb":{"@id":"https:\/\/shop.bantam.ch\/fr\/produit\/batterie-lithium-epsilon-90a\/#breadcrumb"},"inLanguage":"fr-FR","potentialAction":[{"@type":"ReadAction","target":["https:\/\/shop.bantam.ch\/fr\/produit\/batterie-lithium-epsilon-90a\/"]}]},{"@type":"ImageObject","inLanguage":"fr-FR","@id":"https:\/\/shop.bantam.ch\/fr\/produit\/batterie-lithium-epsilon-90a\/#primaryimage","url":"https:\/\/shop.bantam.ch\/wp-content\/uploads\/2025\/08\/batterie-lithium-90-ah-super-b-epsilon.jpg","contentUrl":"https:\/\/shop.bantam.ch\/wp-content\/uploads\/2025\/08\/batterie-lithium-90-ah-super-b-epsilon.jpg","width":800,"height":800},{"@type":"BreadcrumbList","@id":"https:\/\/shop.bantam.ch\/fr\/produit\/batterie-lithium-epsilon-90a\/#breadcrumb","itemListElement":[{"@type":"ListItem","position":1,"name":"Accueil","item":"https:\/\/shop.bantam.ch\/fr\/"},{"@type":"ListItem","position":2,"name":"Boutique","item":"https:\/\/shop.bantam.ch\/fr\/boutique\/"},{"@type":"ListItem","position":3,"name":"Batterie lithium Epsilon 90a"}]},{"@type":"WebSite","@id":"https:\/\/shop.bantam.ch\/fr\/#website","url":"https:\/\/shop.bantam.ch\/fr\/","name":"Bantam","description":"","publisher":{"@id":"https:\/\/shop.bantam.ch\/fr\/#organization"},"inLanguage":"fr-FR"},{"@type":"Organization","@id":"https:\/\/shop.bantam.ch\/fr\/#organization","name":"Bantam","url":"https:\/\/shop.bantam.ch\/fr\/","logo":{"@type":"ImageObject","inLanguage":"fr-FR","@id":"https:\/\/shop.bantam.ch\/fr\/#\/schema\/logo\/image\/","url":"https:\/\/shop.bantam.ch\/wp-content\/uploads\/2022\/12\/bantam-logo.png","contentUrl":"https:\/\/shop.bantam.ch\/wp-content\/uploads\/2022\/12\/bantam-logo.png","width":320,"height":71,"caption":"Bantam"},"image":{"@id":"https:\/\/shop.bantam.ch\/fr\/#\/schema\/logo\/image\/"}}]}},"_links":{"self":[{"href":"https:\/\/shop.bantam.ch\/fr\/wp-json\/wp\/v2\/product\/220948","targetHints":{"allow":["GET"]}}],"collection":[{"href":"https:\/\/shop.bantam.ch\/fr\/wp-json\/wp\/v2\/product"}],"about":[{"href":"https:\/\/shop.bantam.ch\/fr\/wp-json\/wp\/v2\/types\/product"}],"wp:featuredmedia":[{"embeddable":true,"href":"https:\/\/shop.bantam.ch\/fr\/wp-json\/wp\/v2\/media\/220958"}],"wp:attachment":[{"href":"https:\/\/shop.bantam.ch\/fr\/wp-json\/wp\/v2\/media?parent=220948"}],"wp:term":[{"taxonomy":"product_featured_cat","embeddable":true,"href":"https:\/\/shop.bantam.ch\/fr\/wp-json\/wp\/v2\/product_featured_cat?post=220948"},{"taxonomy":"product_brand","embeddable":true,"href":"https:\/\/shop.bantam.ch\/fr\/wp-json\/wp\/v2\/product_brand?post=220948"},{"taxonomy":"product_cat","embeddable":true,"href":"https:\/\/shop.bantam.ch\/fr\/wp-json\/wp\/v2\/product_cat?post=220948"},{"taxonomy":"product_tag","embeddable":true,"href":"https:\/\/shop.bantam.ch\/fr\/wp-json\/wp\/v2\/product_tag?post=220948"}],"curies":[{"name":"wp","href":"https:\/\/api.w.org\/{rel}","templated":true}]}}